{"id":706489,"date":"2023-12-13T19:36:08","date_gmt":"2023-12-13T19:36:08","guid":{"rendered":"https:\/\/ukreine.com\/single-russian-and-ukrainian-women-to-date\/"},"modified":"2025-09-22T07:49:21","modified_gmt":"2025-09-22T07:49:21","slug":"single-russian-and-ukrainian-women-to-date","status":"publish","type":"page","link":"https:\/\/ukreine.com\/sv\/single-russian-and-ukrainian-women-to-date\/","title":{"rendered":"Singelkvinnor fr\u00e5n ukrainska dejter \u2013 Verifierade profiler"},"content":{"rendered":"    \n    <section class='block--text block-69e17758a80c7 ' ><style>\n@media (min-width: 0px) {\n    .block-69e17758a80c7 {\n        margin-top: 50px;\n        margin-bottom: 50px;\n    }\n}\n<\/style>    <div class=\"container\">\n                        <div class=\"titles-69e17758a88f7 block-titles\">\n                            <h2 class=\"block-title\">\n                    Singelkvinnor fr\u00e5n ukrainska dejter \u2013 Verifierade profiler                <\/h2>\n                                            <\/div>\n            <div class=\"text\">\n            <p>V\u00e4lkommen till en v\u00e4rld av m\u00f6jligheter d\u00e4r dina dr\u00f6mmar om att hitta en k\u00e4rleksfull och h\u00e4ngiven partner blir verklighet. P\u00e5 Ukreine.com erbjuder vi ett brett urval av profiler f\u00f6r ryska och ukrainska kvinnor med intelligenta, charmiga och familjeorienterade kvinnor. Oavsett om du letar efter en singel rysk kvinna f\u00f6r \u00e4ktenskap eller utforskar ukrainska brudprofiler, \u00e4r det h\u00e4r meningsfulla kontakter b\u00f6rjar.<\/p>\n        <\/div>\n    <\/div>\n\n    <\/section>\n\n    \n    <section class='block--faqs block-69e17758a8e13 ' ><style>\n@media (min-width: 0px) {\n    .block-69e17758a8e13 {\n        margin-bottom: 50px;\n    }\n}\n<\/style>    <div class=\"container\">\n                                    <div class=\"tabs not-prose\">\n                                                        <div class=\"tab \">\n                        <h3 class=\"tab-title\">\n                            K\u00e4nnetecken f\u00f6r ryska och ukrainska kvinnor                        <\/h3>\n\n                        <div class=\"tab-content\">\n                            <p>Ryska och ukrainska kvinnor \u00e4r k\u00e4nda f\u00f6r sin sk\u00f6nhet, v\u00e4rme och sitt engagemang f\u00f6r familjev\u00e4rderingar. \u00c4ven om de delar vissa likheter med slaviska kvinnor, har varje grupp unika egenskaper som skiljer dem fr\u00e5n m\u00e4ngden.<\/p>\n<ul>\n<li><strong>Ryska kvinnor f\u00f6r \u00e4ktenskap<\/strong>: Lojala och omt\u00e4nksamma ryska kvinnor f\u00f6rkroppsligar traditionella v\u00e4rderingar. De str\u00e4var efter att uppr\u00e4tth\u00e5lla ett harmoniskt familjeliv och \u00e4r mycket h\u00e4ngivna sina m\u00e4n.<\/li>\n<li><strong>Ukrainska fruar<\/strong>: Ukrainska kvinnor beundras f\u00f6r sin sj\u00e4lvst\u00e4ndighet och livliga personligheter. De kombinerar sj\u00e4lvf\u00f6rtroende, k\u00e4rlek till frihet och tro p\u00e5 j\u00e4mlikhet i relationer, vilket g\u00f6r dem till unika livspartners.<\/li>\n<\/ul>\n<p>Dessa kvinnor har en kombination av sk\u00f6nhet, intelligens och engagemang, vilket skapar en solid grund f\u00f6r l\u00e5ngsiktig lycka.<\/p>\n                        <\/div>\n                    <\/div>\n                                                        <div class=\"tab \">\n                        <h3 class=\"tab-title\">\n                            Att v\u00e4lja att gifta sig med en ukrainsk kvinna \u00e4r ett utm\u00e4rkt val                        <\/h3>\n\n                        <div class=\"tab-content\">\n                            <p>Att best\u00e4mma sig f\u00f6r att gifta sig med en ukrainsk kvinna inneb\u00e4r att omfamna ett liv fyllt av k\u00e4rlek, respekt och partnerskap.<\/p>\n<h4>Varf\u00f6r \u00e4r ukrainska brudar s\u00e5 unika?<\/h4>\n<p>Ukrainska kvinnor utm\u00e4rker sig f\u00f6r sin of\u00f6rgl\u00f6mliga kombination av tradition och en modern syn. Uppvuxna i en familjecentrerad kultur l\u00e4gger de stor vikt vid relationer samtidigt som de str\u00e4var efter personlig utveckling.<br \/>Deras anm\u00e4rkningsv\u00e4rda egenskaper inkluderar:<\/p>\n<ul>\n<li><strong>Familjev\u00e4rderingar<\/strong>: Ett av de utm\u00e4rkande dragen hos ukrainska brudar \u00e4r deras engagemang f\u00f6r att bygga en varm familjemilj\u00f6.<\/li>\n<li><strong>Naturlig sk\u00f6nhet: Singelukvinnor fr\u00e5n ukrainska tider \u00e4r k\u00e4nda f\u00f6r sitt sl\u00e5ende utseende, med uttrycksfulla \u00f6gon och str\u00e5lande leenden.<\/li>\n<li><strong>Anpassningsf\u00f6rm\u00e5ga<\/strong>: De balanserar l\u00e4tt hush\u00e5llsansvar med sina professionella ambitioner och skapar ett dynamiskt partnerskap.<\/li>\n<\/ul>\n<h4>Varf\u00f6r \u00e4r ryska brudar s\u00e5 unika?<\/h4>\n<p>Ryska brudar f\u00f6rkroppsligar elegans och h\u00e4ngivenhet. De v\u00e4rdes\u00e4tter stabilitet och harmoni i familjelivet.<br \/>Bland deras anm\u00e4rkningsv\u00e4rda egenskaper:<\/p>\n<ul>\n<li><strong>Lojalitet och t\u00e5lamod: <strong>Ryska kvinnor<\/strong> \u00e4r st\u00e4ndiga partners som st\u00f6ttar sina n\u00e4ra och k\u00e4ra i b\u00e5de goda och d\u00e5liga tider.<\/li>\n<li><strong>Elegans och stil<\/strong>: <strong>Ryska kvinnor f\u00f6r \u00e4ktenskap<\/strong> \u00e4r noga med att alltid vara eleganta och presentabla.<\/li>\n<li><strong>Omsorgsfull natur<\/strong>: De utm\u00e4rker sig i att skapa en varm och v\u00e4lkomnande atmosf\u00e4r d\u00e4r k\u00e4rleken frodas.<\/li>\n<\/ul>\n                        <\/div>\n                    <\/div>\n                                                        <div class=\"tab \">\n                        <h3 class=\"tab-title\">\n                            Kulturella perspektiv p\u00e5 dejting med slaviska kvinnor                        <\/h3>\n\n                        <div class=\"tab-content\">\n                            <p>Att f\u00f6rst\u00e5 de kulturella nyanserna hos **ryska** och **ukrainska** kvinnor kan f\u00f6rb\u00e4ttra din dejtingupplevelse.<\/p>\n<ul>\n<li><strong>Familjen f\u00f6rst: B\u00e5da grupperna l\u00e4gger stor vikt vid familjen, som de anser vara grunden f\u00f6r lycka.<\/li>\n<li><strong>Respekt och ridderlighet: Ett respektfullt och omt\u00e4nksamt f\u00f6rh\u00e5llningss\u00e4tt g\u00f6r ett gott intryck p\u00e5 dessa kvinnor. Enkla gester som att h\u00e5lla upp en d\u00f6rr eller komma ih\u00e5g viktiga datum betyder mycket.<\/li>\n<li><strong>\u00d6ppen kommunikation: B\u00e5de ryska och ukrainska brudar v\u00e4rdes\u00e4tter \u00e4rlighet. Uttryck dina k\u00e4nslor och avsikter f\u00f6r att vinna deras f\u00f6rtroende.<\/li>\n<\/ul>\n                        <\/div>\n                    <\/div>\n                                                        <div class=\"tab \">\n                        <h3 class=\"tab-title\">\n                            Hur man kommunicerar med vackra brudar p\u00e5 Ukreine.com                        <\/h3>\n\n                        <div class=\"tab-content\">\n                            <p>Kommunikation \u00e4r avg\u00f6rande f\u00f6r att bygga varaktiga relationer. Ukreine.com g\u00f6r det enkelt och roligt att f\u00e5 kontakt med kvinnor som s\u00f6ker m\u00e4n genom v\u00e5r intuitiva plattform.<\/p>\n<ul>\n<li>Anv\u00e4nd brev och videochattar f\u00f6r att uttrycka ditt uppriktiga intresse.<\/li>\n<li>Skicka virtuella eller riktiga presenter f\u00f6r att visa dina romantiska avsikter.<\/li>\n<li>Ta dig tid att l\u00e4ra dig mer om deras kultur och preferenser f\u00f6r att f\u00f6rdjupa er kontakt.<\/li>\n<\/ul>\n                        <\/div>\n                    <\/div>\n                                                        <div class=\"tab \">\n                        <h3 class=\"tab-title\">\n                            Utforska v\u00e5ra ut\u00f6kade profiler                        <\/h3>\n\n                        <div class=\"tab-content\">\n                            <p>Uppt\u00e4ck profiler av ryska singelkvinnor f\u00f6r \u00e4ktenskap och ukrainska kvinnor online, som alla erbjuder insikter i deras unika personligheter och dr\u00f6mmar. Fr\u00e5n ukrainska brudar till ryska kvinnor hittar du en m\u00e4ngd kvinnor som s\u00f6ker meningsfulla relationer. Anv\u00e4nd v\u00e5ra avancerade filter f\u00f6r att hitta din ideala matchning baserat p\u00e5 \u00e5lder, intressen och livsstil.<\/p>\n                        <\/div>\n                    <\/div>\n                                                        <div class=\"tab \">\n                        <h3 class=\"tab-title\">\n                            Hur man f\u00e5r kontakt med sin blivande fru                        <\/h3>\n\n                        <div class=\"tab-content\">\n                            <p>P\u00e5 Ukreine.com guidar vi dig varje steg p\u00e5 v\u00e4gen f\u00f6r att hitta din ideala partner.<\/p>\n<ol>\n<li><strong>Registrera dig p\u00e5 v\u00e5r legitima plattform<\/strong>: Skapa din profil och f\u00e5 tillg\u00e5ng till v\u00e5r s\u00e4kra databas.<\/li>\n<li><strong>S\u00f6k och matcha<\/strong>: Anv\u00e4nd v\u00e5ra personliga filter f\u00f6r att hitta ukrainska eller ryska brudar som uppfyller dina preferenser.<\/li>\n<li><strong>Starta konversationen<\/strong>: Skicka ett meddelande eller schemal\u00e4gg en videochatt f\u00f6r att l\u00e4ra k\u00e4nna henne b\u00e4ttre.<\/li>\n<li><strong>Boka ett personligt m\u00f6te<\/strong>: N\u00e4r ni har kontaktat varandra, boka en romantisk dejt f\u00f6r att bef\u00e4sta er relation.<\/li>\n<\/ol>\n                        <\/div>\n                    <\/div>\n                                                        <div class=\"tab \">\n                        <h3 class=\"tab-title\">\n                            Vanliga fr\u00e5gor om dejting med ryska och ukrainska brudar                        <\/h3>\n\n                        <div class=\"tab-content\">\n                            <h4>Hur kan jag hitta en fru f\u00f6r dejting?<\/h4>\n<p>Registrera dig p\u00e5 Ukreine.com och f\u00e5 tillg\u00e5ng till en stor samling av ukrainska brudprofiler och ryska kvinnoprofiler. Anv\u00e4nd v\u00e5ra effektiva s\u00f6kningar f\u00f6r att hitta kvinnor enligt dina preferenser.<\/p>\n<h4>Vad b\u00f6r jag veta om onlinedejting med ukrainska brudar?<\/h4>\n<p>Var respektfull, t\u00e5lmodig och genuin. Ukrainska kvinnor uppskattar uppriktighet och v\u00e4rdes\u00e4tter de som f\u00f6rst\u00e5r deras kultur och v\u00e4rderingar.<\/p>\n<h4>Kan jag gifta mig med en ukrainsk eller rysk postorderbrud?<\/h4>\n<p>Ja, du kan gifta dig med en kvinna fr\u00e5n Ukraina eller Ryssland med \u00f6msesidigt samtycke och engagemang. V\u00e5r dejtingsajt ger alla verktyg du beh\u00f6ver f\u00f6r att bygga en stark kontakt.<\/p>\n<h4>Vilka \u00e4r f\u00f6rdelarna med att anv\u00e4nda en brudbyr\u00e5 f\u00f6r att hitta en ukrainsk brud?<\/h4>\n<p>Du drar nytta av verifierade profiler, s\u00e4kra kommunikationskanaler och professionellt st\u00f6d f\u00f6r att hitta din ideala partner med en ansedd byr\u00e5 som Ukreine.com.<\/p>\n                        <\/div>\n                    <\/div>\n                            <\/div>\n            <\/div>\n\n    <\/section>","protected":false},"excerpt":{"rendered":"","protected":false},"author":32311,"featured_media":1035489,"parent":0,"menu_order":0,"comment_status":"closed","ping_status":"closed","template":"LadiesProfilesTemplate.php","meta":{"_acf_changed":false,"footnotes":""},"class_list":["post-706489","page","type-page","status-publish","has-post-thumbnail","hentry"],"acf":[],"yoast_head":"<!-- This site is optimized with the Yoast SEO Premium plugin v25.5 (Yoast SEO v27.2) - https:\/\/yoast.com\/product\/yoast-seo-premium-wordpress\/ -->\n<title>Singelkvinnor fr\u00e5n ukrainska dejter \u2013 Verifierade profiler - Ukreine<\/title>\n<meta name=\"description\" content=\"Uppt\u00e4ck verkliga profiler av ryska och ukrainska singelkvinnor som s\u00f6ker en seri\u00f6s relation. M\u00f6t \u00e4rliga, familjeinriktade kvinnor som \u00e4r redo f\u00f6r \u00e4kta k\u00e4rlek.\" \/>\n<meta name=\"robots\" content=\"index, follow, max-snippet:-1, max-image-preview:large, max-video-preview:-1\" \/>\n<link rel=\"canonical\" href=\"https:\/\/ukreine.com\/sv\/single-russian-and-ukrainian-women-to-date\/\" \/>\n<meta property=\"og:locale\" content=\"sv_SE\" \/>\n<meta property=\"og:type\" content=\"article\" \/>\n<meta property=\"og:title\" content=\"Singelkvinnor fr\u00e5n ukrainska dejter \u2013 Verifierade profiler\" \/>\n<meta property=\"og:description\" content=\"Uppt\u00e4ck verkliga profiler av ryska och ukrainska singelkvinnor som s\u00f6ker en seri\u00f6s relation. M\u00f6t \u00e4rliga, familjeinriktade kvinnor som \u00e4r redo f\u00f6r \u00e4kta k\u00e4rlek.\" \/>\n<meta property=\"og:url\" content=\"https:\/\/ukreine.com\/sv\/single-russian-and-ukrainian-women-to-date\/\" \/>\n<meta property=\"og:site_name\" content=\"Ukreine\" \/>\n<meta property=\"article:publisher\" content=\"https:\/\/www.facebook.com\/datingrussianbrides\/\" \/>\n<meta property=\"article:modified_time\" content=\"2025-09-22T07:49:21+00:00\" \/>\n<meta name=\"twitter:card\" content=\"summary_large_image\" \/>\n<meta name=\"twitter:site\" content=\"@t4388388833\" \/>\n<script type=\"application\/ld+json\" class=\"yoast-schema-graph\">{\"@context\":\"https:\/\/schema.org\",\"@graph\":[{\"@type\":\"WebPage\",\"@id\":\"https:\/\/ukreine.com\/sv\/single-russian-and-ukrainian-women-to-date\/\",\"url\":\"https:\/\/ukreine.com\/sv\/single-russian-and-ukrainian-women-to-date\/\",\"name\":\"Singelkvinnor fr\u00e5n ukrainska dejter \u2013 Verifierade profiler - Ukreine\",\"isPartOf\":{\"@id\":\"https:\/\/ukreine.com\/sv\/#website\"},\"primaryImageOfPage\":{\"@id\":\"https:\/\/ukreine.com\/sv\/single-russian-and-ukrainian-women-to-date\/#primaryimage\"},\"image\":{\"@id\":\"https:\/\/ukreine.com\/sv\/single-russian-and-ukrainian-women-to-date\/#primaryimage\"},\"thumbnailUrl\":\"https:\/\/ukreine.com\/wp-content\/uploads\/2025\/11\/marina.jpg\",\"datePublished\":\"2023-12-13T19:36:08+00:00\",\"dateModified\":\"2025-09-22T07:49:21+00:00\",\"description\":\"Uppt\u00e4ck verkliga profiler av ryska och ukrainska singelkvinnor som s\u00f6ker en seri\u00f6s relation. M\u00f6t \u00e4rliga, familjeinriktade kvinnor som \u00e4r redo f\u00f6r \u00e4kta k\u00e4rlek.\",\"breadcrumb\":{\"@id\":\"https:\/\/ukreine.com\/sv\/single-russian-and-ukrainian-women-to-date\/#breadcrumb\"},\"inLanguage\":\"sv-SE\",\"potentialAction\":[{\"@type\":\"ReadAction\",\"target\":[\"https:\/\/ukreine.com\/sv\/single-russian-and-ukrainian-women-to-date\/\"]}]},{\"@type\":\"ImageObject\",\"inLanguage\":\"sv-SE\",\"@id\":\"https:\/\/ukreine.com\/sv\/single-russian-and-ukrainian-women-to-date\/#primaryimage\",\"url\":\"https:\/\/ukreine.com\/wp-content\/uploads\/2025\/11\/marina.jpg\",\"contentUrl\":\"https:\/\/ukreine.com\/wp-content\/uploads\/2025\/11\/marina.jpg\",\"width\":738,\"height\":958},{\"@type\":\"BreadcrumbList\",\"@id\":\"https:\/\/ukreine.com\/sv\/single-russian-and-ukrainian-women-to-date\/#breadcrumb\",\"itemListElement\":[{\"@type\":\"ListItem\",\"position\":1,\"name\":\"Home\",\"item\":\"https:\/\/ukreine.com\/sv\/\"},{\"@type\":\"ListItem\",\"position\":2,\"name\":\"Singelkvinnor fr\u00e5n ukrainska dejter \u2013 Verifierade profiler\"}]},{\"@type\":\"WebSite\",\"@id\":\"https:\/\/ukreine.com\/sv\/#website\",\"url\":\"https:\/\/ukreine.com\/sv\/\",\"name\":\"Ukreine\",\"description\":\"\",\"publisher\":{\"@id\":\"https:\/\/ukreine.com\/sv\/#organization\"},\"potentialAction\":[{\"@type\":\"SearchAction\",\"target\":{\"@type\":\"EntryPoint\",\"urlTemplate\":\"https:\/\/ukreine.com\/sv\/?s={search_term_string}\"},\"query-input\":{\"@type\":\"PropertyValueSpecification\",\"valueRequired\":true,\"valueName\":\"search_term_string\"}}],\"inLanguage\":\"sv-SE\"},{\"@type\":\"Organization\",\"@id\":\"https:\/\/ukreine.com\/sv\/#organization\",\"name\":\"Ukreine\",\"url\":\"https:\/\/ukreine.com\/sv\/\",\"logo\":{\"@type\":\"ImageObject\",\"inLanguage\":\"sv-SE\",\"@id\":\"https:\/\/ukreine.com\/sv\/#\/schema\/logo\/image\/\",\"url\":\"https:\/\/ukreine.com\/wp-content\/uploads\/2018\/05\/logo.png\",\"contentUrl\":\"https:\/\/ukreine.com\/wp-content\/uploads\/2018\/05\/logo.png\",\"width\":325,\"height\":69,\"caption\":\"Ukreine\"},\"image\":{\"@id\":\"https:\/\/ukreine.com\/sv\/#\/schema\/logo\/image\/\"},\"sameAs\":[\"https:\/\/www.facebook.com\/datingrussianbrides\/\",\"https:\/\/x.com\/t4388388833\",\"https:\/\/www.instagram.com\/agenceukreine\/\",\"https:\/\/www.pinterest.com\/dbereznyakov\/\",\"https:\/\/www.youtube.com\/channel\/UC5lMwPhy20E8Bti0mQL43UA\"]}]}<\/script>\n<!-- \/ Yoast SEO Premium plugin. -->","yoast_head_json":{"title":"Singelkvinnor fr\u00e5n ukrainska dejter \u2013 Verifierade profiler - Ukreine","description":"Uppt\u00e4ck verkliga profiler av ryska och ukrainska singelkvinnor som s\u00f6ker en seri\u00f6s relation. M\u00f6t \u00e4rliga, familjeinriktade kvinnor som \u00e4r redo f\u00f6r \u00e4kta k\u00e4rlek.","robots":{"index":"index","follow":"follow","max-snippet":"max-snippet:-1","max-image-preview":"max-image-preview:large","max-video-preview":"max-video-preview:-1"},"canonical":"https:\/\/ukreine.com\/sv\/single-russian-and-ukrainian-women-to-date\/","og_locale":"sv_SE","og_type":"article","og_title":"Singelkvinnor fr\u00e5n ukrainska dejter \u2013 Verifierade profiler","og_description":"Uppt\u00e4ck verkliga profiler av ryska och ukrainska singelkvinnor som s\u00f6ker en seri\u00f6s relation. M\u00f6t \u00e4rliga, familjeinriktade kvinnor som \u00e4r redo f\u00f6r \u00e4kta k\u00e4rlek.","og_url":"https:\/\/ukreine.com\/sv\/single-russian-and-ukrainian-women-to-date\/","og_site_name":"Ukreine","article_publisher":"https:\/\/www.facebook.com\/datingrussianbrides\/","article_modified_time":"2025-09-22T07:49:21+00:00","twitter_card":"summary_large_image","twitter_site":"@t4388388833","schema":{"@context":"https:\/\/schema.org","@graph":[{"@type":"WebPage","@id":"https:\/\/ukreine.com\/sv\/single-russian-and-ukrainian-women-to-date\/","url":"https:\/\/ukreine.com\/sv\/single-russian-and-ukrainian-women-to-date\/","name":"Singelkvinnor fr\u00e5n ukrainska dejter \u2013 Verifierade profiler - Ukreine","isPartOf":{"@id":"https:\/\/ukreine.com\/sv\/#website"},"primaryImageOfPage":{"@id":"https:\/\/ukreine.com\/sv\/single-russian-and-ukrainian-women-to-date\/#primaryimage"},"image":{"@id":"https:\/\/ukreine.com\/sv\/single-russian-and-ukrainian-women-to-date\/#primaryimage"},"thumbnailUrl":"https:\/\/ukreine.com\/wp-content\/uploads\/2025\/11\/marina.jpg","datePublished":"2023-12-13T19:36:08+00:00","dateModified":"2025-09-22T07:49:21+00:00","description":"Uppt\u00e4ck verkliga profiler av ryska och ukrainska singelkvinnor som s\u00f6ker en seri\u00f6s relation. M\u00f6t \u00e4rliga, familjeinriktade kvinnor som \u00e4r redo f\u00f6r \u00e4kta k\u00e4rlek.","breadcrumb":{"@id":"https:\/\/ukreine.com\/sv\/single-russian-and-ukrainian-women-to-date\/#breadcrumb"},"inLanguage":"sv-SE","potentialAction":[{"@type":"ReadAction","target":["https:\/\/ukreine.com\/sv\/single-russian-and-ukrainian-women-to-date\/"]}]},{"@type":"ImageObject","inLanguage":"sv-SE","@id":"https:\/\/ukreine.com\/sv\/single-russian-and-ukrainian-women-to-date\/#primaryimage","url":"https:\/\/ukreine.com\/wp-content\/uploads\/2025\/11\/marina.jpg","contentUrl":"https:\/\/ukreine.com\/wp-content\/uploads\/2025\/11\/marina.jpg","width":738,"height":958},{"@type":"BreadcrumbList","@id":"https:\/\/ukreine.com\/sv\/single-russian-and-ukrainian-women-to-date\/#breadcrumb","itemListElement":[{"@type":"ListItem","position":1,"name":"Home","item":"https:\/\/ukreine.com\/sv\/"},{"@type":"ListItem","position":2,"name":"Singelkvinnor fr\u00e5n ukrainska dejter \u2013 Verifierade profiler"}]},{"@type":"WebSite","@id":"https:\/\/ukreine.com\/sv\/#website","url":"https:\/\/ukreine.com\/sv\/","name":"Ukreine","description":"","publisher":{"@id":"https:\/\/ukreine.com\/sv\/#organization"},"potentialAction":[{"@type":"SearchAction","target":{"@type":"EntryPoint","urlTemplate":"https:\/\/ukreine.com\/sv\/?s={search_term_string}"},"query-input":{"@type":"PropertyValueSpecification","valueRequired":true,"valueName":"search_term_string"}}],"inLanguage":"sv-SE"},{"@type":"Organization","@id":"https:\/\/ukreine.com\/sv\/#organization","name":"Ukreine","url":"https:\/\/ukreine.com\/sv\/","logo":{"@type":"ImageObject","inLanguage":"sv-SE","@id":"https:\/\/ukreine.com\/sv\/#\/schema\/logo\/image\/","url":"https:\/\/ukreine.com\/wp-content\/uploads\/2018\/05\/logo.png","contentUrl":"https:\/\/ukreine.com\/wp-content\/uploads\/2018\/05\/logo.png","width":325,"height":69,"caption":"Ukreine"},"image":{"@id":"https:\/\/ukreine.com\/sv\/#\/schema\/logo\/image\/"},"sameAs":["https:\/\/www.facebook.com\/datingrussianbrides\/","https:\/\/x.com\/t4388388833","https:\/\/www.instagram.com\/agenceukreine\/","https:\/\/www.pinterest.com\/dbereznyakov\/","https:\/\/www.youtube.com\/channel\/UC5lMwPhy20E8Bti0mQL43UA"]}]}},"_links":{"self":[{"href":"https:\/\/ukreine.com\/sv\/wp-json\/wp\/v2\/pages\/706489","targetHints":{"allow":["GET"]}}],"collection":[{"href":"https:\/\/ukreine.com\/sv\/wp-json\/wp\/v2\/pages"}],"about":[{"href":"https:\/\/ukreine.com\/sv\/wp-json\/wp\/v2\/types\/page"}],"author":[{"embeddable":true,"href":"https:\/\/ukreine.com\/sv\/wp-json\/wp\/v2\/users\/32311"}],"replies":[{"embeddable":true,"href":"https:\/\/ukreine.com\/sv\/wp-json\/wp\/v2\/comments?post=706489"}],"version-history":[{"count":4,"href":"https:\/\/ukreine.com\/sv\/wp-json\/wp\/v2\/pages\/706489\/revisions"}],"predecessor-version":[{"id":1023102,"href":"https:\/\/ukreine.com\/sv\/wp-json\/wp\/v2\/pages\/706489\/revisions\/1023102"}],"wp:featuredmedia":[{"embeddable":true,"href":"https:\/\/ukreine.com\/sv\/wp-json\/wp\/v2\/media\/1035489"}],"wp:attachment":[{"href":"https:\/\/ukreine.com\/sv\/wp-json\/wp\/v2\/media?parent=706489"}],"curies":[{"name":"wp","href":"https:\/\/api.w.org\/{rel}","templated":true}]}}