{"id":978893,"date":"2025-03-21T16:16:45","date_gmt":"2025-03-21T16:16:45","guid":{"rendered":"https:\/\/ukreine.com\/?page_id=978893"},"modified":"2026-03-18T16:41:59","modified_gmt":"2026-03-18T16:41:59","slug":"home-page","status":"publish","type":"page","link":"https:\/\/ukreine.com\/no\/","title":{"rendered":"Home Page"},"content":{"rendered":"","protected":false},"excerpt":{"rendered":"","protected":false},"author":32311,"featured_media":0,"parent":0,"menu_order":0,"comment_status":"closed","ping_status":"closed","template":"","meta":{"_acf_changed":false,"footnotes":""},"class_list":["post-978893","page","type-page","status-publish","hentry"],"acf":[],"yoast_head":"<!-- This site is optimized with the Yoast SEO Premium plugin v25.5 (Yoast SEO v27.2) - https:\/\/yoast.com\/product\/yoast-seo-premium-wordpress\/ -->\n<title>M\u00f8ter med ukrainske kvinner \u2013 Seri\u00f8se forhold | Ukreine.com<\/title>\n<meta name=\"description\" content=\"Ukrainsk ekteskaps- og datingbyr\u00e5 for varige forhold, grunnlagt i 1998. Seri\u00f8se ukrainske kvinner p\u00e5 jakt etter et internasjonalt ekteskap, ukrainske kvinner bosatt i Frankrike.\" \/>\n<meta name=\"robots\" content=\"index, follow, max-snippet:-1, max-image-preview:large, max-video-preview:-1\" \/>\n<link rel=\"canonical\" href=\"https:\/\/ukreine.com\/no\/\" \/>\n<meta property=\"og:locale\" content=\"nb_NO\" \/>\n<meta property=\"og:type\" content=\"article\" \/>\n<meta property=\"og:title\" content=\"Home Page\" \/>\n<meta property=\"og:description\" content=\"Ukrainsk ekteskaps- og datingbyr\u00e5 for varige forhold, grunnlagt i 1998. Seri\u00f8se ukrainske kvinner p\u00e5 jakt etter et internasjonalt ekteskap, ukrainske kvinner bosatt i Frankrike.\" \/>\n<meta property=\"og:url\" content=\"https:\/\/ukreine.com\/no\/\" \/>\n<meta property=\"og:site_name\" content=\"Ukreine\" \/>\n<meta property=\"article:publisher\" content=\"https:\/\/www.facebook.com\/datingrussianbrides\/\" \/>\n<meta property=\"article:modified_time\" content=\"2026-03-18T16:41:59+00:00\" \/>\n<meta property=\"og:image\" content=\"https:\/\/ukreine.com\/wp-content\/uploads\/2025\/10\/bg_hero.jpg\" \/>\n\t<meta property=\"og:image:width\" content=\"1920\" \/>\n\t<meta property=\"og:image:height\" content=\"930\" \/>\n\t<meta property=\"og:image:type\" content=\"image\/jpeg\" \/>\n<meta name=\"twitter:card\" content=\"summary_large_image\" \/>\n<meta name=\"twitter:site\" content=\"@t4388388833\" \/>\n<script type=\"application\/ld+json\" class=\"yoast-schema-graph\">{\"@context\":\"https:\/\/schema.org\",\"@graph\":[{\"@type\":\"WebPage\",\"@id\":\"https:\/\/ukreine.com\/no\/\",\"url\":\"https:\/\/ukreine.com\/no\/\",\"name\":\"M\u00f8ter med ukrainske kvinner \u2013 Seri\u00f8se forhold | Ukreine.com\",\"isPartOf\":{\"@id\":\"https:\/\/ukreine.com\/no\/#website\"},\"datePublished\":\"2025-03-21T16:16:45+00:00\",\"dateModified\":\"2026-03-18T16:41:59+00:00\",\"description\":\"Ukrainsk ekteskaps- og datingbyr\u00e5 for varige forhold, grunnlagt i 1998. Seri\u00f8se ukrainske kvinner p\u00e5 jakt etter et internasjonalt ekteskap, ukrainske kvinner bosatt i Frankrike.\",\"breadcrumb\":{\"@id\":\"https:\/\/ukreine.com\/no\/#breadcrumb\"},\"inLanguage\":\"nb-NO\",\"potentialAction\":[{\"@type\":\"ReadAction\",\"target\":[\"https:\/\/ukreine.com\/no\/\"]}]},{\"@type\":\"BreadcrumbList\",\"@id\":\"https:\/\/ukreine.com\/no\/#breadcrumb\",\"itemListElement\":[{\"@type\":\"ListItem\",\"position\":1,\"name\":\"Home\",\"item\":\"https:\/\/ukreine.com\/no\/\"},{\"@type\":\"ListItem\",\"position\":2,\"name\":\"Home Page\"}]},{\"@type\":\"WebSite\",\"@id\":\"https:\/\/ukreine.com\/no\/#website\",\"url\":\"https:\/\/ukreine.com\/no\/\",\"name\":\"Ukreine\",\"description\":\"\",\"publisher\":{\"@id\":\"https:\/\/ukreine.com\/no\/#organization\"},\"potentialAction\":[{\"@type\":\"SearchAction\",\"target\":{\"@type\":\"EntryPoint\",\"urlTemplate\":\"https:\/\/ukreine.com\/no\/?s={search_term_string}\"},\"query-input\":{\"@type\":\"PropertyValueSpecification\",\"valueRequired\":true,\"valueName\":\"search_term_string\"}}],\"inLanguage\":\"nb-NO\"},{\"@type\":\"Organization\",\"@id\":\"https:\/\/ukreine.com\/no\/#organization\",\"name\":\"Ukreine\",\"url\":\"https:\/\/ukreine.com\/no\/\",\"logo\":{\"@type\":\"ImageObject\",\"inLanguage\":\"nb-NO\",\"@id\":\"https:\/\/ukreine.com\/no\/#\/schema\/logo\/image\/\",\"url\":\"https:\/\/ukreine.com\/wp-content\/uploads\/2018\/05\/logo.png\",\"contentUrl\":\"https:\/\/ukreine.com\/wp-content\/uploads\/2018\/05\/logo.png\",\"width\":325,\"height\":69,\"caption\":\"Ukreine\"},\"image\":{\"@id\":\"https:\/\/ukreine.com\/no\/#\/schema\/logo\/image\/\"},\"sameAs\":[\"https:\/\/www.facebook.com\/datingrussianbrides\/\",\"https:\/\/x.com\/t4388388833\",\"https:\/\/www.instagram.com\/agenceukreine\/\",\"https:\/\/www.pinterest.com\/dbereznyakov\/\",\"https:\/\/www.youtube.com\/channel\/UC5lMwPhy20E8Bti0mQL43UA\"]}]}<\/script>\n<!-- \/ Yoast SEO Premium plugin. -->","yoast_head_json":{"title":"M\u00f8ter med ukrainske kvinner \u2013 Seri\u00f8se forhold | Ukreine.com","description":"Ukrainsk ekteskaps- og datingbyr\u00e5 for varige forhold, grunnlagt i 1998. Seri\u00f8se ukrainske kvinner p\u00e5 jakt etter et internasjonalt ekteskap, ukrainske kvinner bosatt i Frankrike.","robots":{"index":"index","follow":"follow","max-snippet":"max-snippet:-1","max-image-preview":"max-image-preview:large","max-video-preview":"max-video-preview:-1"},"canonical":"https:\/\/ukreine.com\/no\/","og_locale":"nb_NO","og_type":"article","og_title":"Home Page","og_description":"Ukrainsk ekteskaps- og datingbyr\u00e5 for varige forhold, grunnlagt i 1998. Seri\u00f8se ukrainske kvinner p\u00e5 jakt etter et internasjonalt ekteskap, ukrainske kvinner bosatt i Frankrike.","og_url":"https:\/\/ukreine.com\/no\/","og_site_name":"Ukreine","article_publisher":"https:\/\/www.facebook.com\/datingrussianbrides\/","article_modified_time":"2026-03-18T16:41:59+00:00","og_image":[{"width":1920,"height":930,"url":"https:\/\/ukreine.com\/wp-content\/uploads\/2025\/10\/bg_hero.jpg","type":"image\/jpeg"}],"twitter_card":"summary_large_image","twitter_site":"@t4388388833","schema":{"@context":"https:\/\/schema.org","@graph":[{"@type":"WebPage","@id":"https:\/\/ukreine.com\/no\/","url":"https:\/\/ukreine.com\/no\/","name":"M\u00f8ter med ukrainske kvinner \u2013 Seri\u00f8se forhold | Ukreine.com","isPartOf":{"@id":"https:\/\/ukreine.com\/no\/#website"},"datePublished":"2025-03-21T16:16:45+00:00","dateModified":"2026-03-18T16:41:59+00:00","description":"Ukrainsk ekteskaps- og datingbyr\u00e5 for varige forhold, grunnlagt i 1998. Seri\u00f8se ukrainske kvinner p\u00e5 jakt etter et internasjonalt ekteskap, ukrainske kvinner bosatt i Frankrike.","breadcrumb":{"@id":"https:\/\/ukreine.com\/no\/#breadcrumb"},"inLanguage":"nb-NO","potentialAction":[{"@type":"ReadAction","target":["https:\/\/ukreine.com\/no\/"]}]},{"@type":"BreadcrumbList","@id":"https:\/\/ukreine.com\/no\/#breadcrumb","itemListElement":[{"@type":"ListItem","position":1,"name":"Home","item":"https:\/\/ukreine.com\/no\/"},{"@type":"ListItem","position":2,"name":"Home Page"}]},{"@type":"WebSite","@id":"https:\/\/ukreine.com\/no\/#website","url":"https:\/\/ukreine.com\/no\/","name":"Ukreine","description":"","publisher":{"@id":"https:\/\/ukreine.com\/no\/#organization"},"potentialAction":[{"@type":"SearchAction","target":{"@type":"EntryPoint","urlTemplate":"https:\/\/ukreine.com\/no\/?s={search_term_string}"},"query-input":{"@type":"PropertyValueSpecification","valueRequired":true,"valueName":"search_term_string"}}],"inLanguage":"nb-NO"},{"@type":"Organization","@id":"https:\/\/ukreine.com\/no\/#organization","name":"Ukreine","url":"https:\/\/ukreine.com\/no\/","logo":{"@type":"ImageObject","inLanguage":"nb-NO","@id":"https:\/\/ukreine.com\/no\/#\/schema\/logo\/image\/","url":"https:\/\/ukreine.com\/wp-content\/uploads\/2018\/05\/logo.png","contentUrl":"https:\/\/ukreine.com\/wp-content\/uploads\/2018\/05\/logo.png","width":325,"height":69,"caption":"Ukreine"},"image":{"@id":"https:\/\/ukreine.com\/no\/#\/schema\/logo\/image\/"},"sameAs":["https:\/\/www.facebook.com\/datingrussianbrides\/","https:\/\/x.com\/t4388388833","https:\/\/www.instagram.com\/agenceukreine\/","https:\/\/www.pinterest.com\/dbereznyakov\/","https:\/\/www.youtube.com\/channel\/UC5lMwPhy20E8Bti0mQL43UA"]}]}},"_links":{"self":[{"href":"https:\/\/ukreine.com\/no\/wp-json\/wp\/v2\/pages\/978893","targetHints":{"allow":["GET"]}}],"collection":[{"href":"https:\/\/ukreine.com\/no\/wp-json\/wp\/v2\/pages"}],"about":[{"href":"https:\/\/ukreine.com\/no\/wp-json\/wp\/v2\/types\/page"}],"author":[{"embeddable":true,"href":"https:\/\/ukreine.com\/no\/wp-json\/wp\/v2\/users\/32311"}],"replies":[{"embeddable":true,"href":"https:\/\/ukreine.com\/no\/wp-json\/wp\/v2\/comments?post=978893"}],"version-history":[{"count":1,"href":"https:\/\/ukreine.com\/no\/wp-json\/wp\/v2\/pages\/978893\/revisions"}],"predecessor-version":[{"id":978907,"href":"https:\/\/ukreine.com\/no\/wp-json\/wp\/v2\/pages\/978893\/revisions\/978907"}],"wp:attachment":[{"href":"https:\/\/ukreine.com\/no\/wp-json\/wp\/v2\/media?parent=978893"}],"curies":[{"name":"wp","href":"https:\/\/api.w.org\/{rel}","templated":true}]}}