{"id":958480,"date":"2024-12-17T18:17:37","date_gmt":"2024-12-17T18:17:37","guid":{"rendered":"https:\/\/ukreine.com\/?page_id=958480"},"modified":"2025-09-22T07:54:32","modified_gmt":"2025-09-22T07:54:32","slug":"single-russiske-og-ukrainske-kvinner-til-dato","status":"publish","type":"page","link":"https:\/\/ukreine.com\/no\/single-russiske-og-ukrainske-kvinner-til-dato\/","title":{"rendered":"Single ukrainske kvinner \u00e5 date \u2013 Verifiserte profiler"},"content":{"rendered":"    \n    <section class='block--text block-69d0e90fa4364 ' ><style>\n@media (min-width: 0px) {\n    .block-69d0e90fa4364 {\n        margin-top: 50px;\n        margin-bottom: 50px;\n    }\n}\n<\/style>    <div class=\"container\">\n                        <div class=\"titles-69d0e90fa4b7e block-titles\">\n                            <h2 class=\"block-title\">\n                    Single ukrainske kvinner \u00e5 date \u2013 Verifiserte profiler                <\/h2>\n                                            <\/div>\n            <div class=\"text\">\n            <p>Velkommen til en verden av muligheter der dr\u00f8mmene dine om en kj\u00e6rlig og lojal partner g\u00e5r i oppfyllelse. P\u00e5 Ukreine.com presenterer vi deg et omfattende utvalg av profiler av russiske og ukrainske kvinner med intelligente, sjarmerende og familievennlige kvinner. Enten du leter etter en singel russisk kvinne for ekteskap eller utforsker profiler av ukrainske kvinner, begynner meningsfulle forhold her.<\/p>\n        <\/div>\n    <\/div>\n\n    <\/section>\n\n    \n    <section class='block--faqs block-69d0e90fa50aa ' ><style>\n@media (min-width: 0px) {\n    .block-69d0e90fa50aa {\n        margin-bottom: 50px;\n    }\n}\n<\/style>    <div class=\"container\">\n                                    <div class=\"tabs\">\n                                                        <div class=\"tab \">\n                        <h3 class=\"tab-title\">\n                            Kjennetegn ved russiske og ukrainske kvinner                        <\/h3>\n\n                        <div class=\"tab-content\">\n                            <p>Russiske og ukrainske kvinner er kjent for sin skj\u00f8nnhet, varme og forpliktelse til familieverdier. Selv om de deler noen likheter med slaviske kvinner, kjennetegnes hver gruppe av unike egenskaper.<\/p>\n<ul>\n<li><strong>Russiske kvinner for ekteskap:<\/strong> Lojale og omsorgsfulle, russiske kvinner for ekteskap legemliggj\u00f8r tradisjonelle verdier. De streber etter et sunt familieliv og er sv\u00e6rt hengivne til sine ektemenn.<\/li>\n<li><strong>Ukrainske bruder:<\/strong> Samtidig verdsettes ukrainske bruder for sin uavhengighet og livlige personligheter. Kvinner fra Ukraina er single, selvsikre, elsker frihet og tror p\u00e5 likestilling i forhold, noe som gj\u00f8r dem til eksepsjonelle livspartnere.<\/li>\n<\/ul>\n<p>B\u00e5de russiske og ukrainske kvinner kombinerer skj\u00f8nnhet, intelligens og hengivenhet, som bygger et solid grunnlag for livslang lykke.<\/p>\n                        <\/div>\n                    <\/div>\n                                                        <div class=\"tab \">\n                        <h3 class=\"tab-title\">\n                            \u00c5 bestemme seg for \u00e5 gifte seg med en ukrainsk kvinne er et utmerket valg.                        <\/h3>\n\n                        <div class=\"tab-content\">\n                            <p>\u00c5 bestemme seg for \u00e5 gifte seg med en ukrainsk brud betyr \u00e5 starte et liv fylt med kj\u00e6rlighet, respekt og partnerskap.<\/p>\n<h4>Hvorfor er ukrainske bruder s\u00e5 unike?<\/h4>\n<p>Ukrainske bruder besitter den uforglemmelige magien av en tiltalende kombinasjon av tradisjoner og moderne perspektiver. Fordi ukrainske kvinner vokser opp i en familieorientert kultur, verdsetter de familie, men fors\u00f8mmer ikke personlig utvikling.<\/p>\n<p>Deres fremragende egenskaper er:<\/p>\n<ul>\n<li><strong>Familiesentrerte verdier<\/strong>: Et kjennetegn ved ukrainske bruder er deres forpliktelse til en sterk familieatmosf\u00e6re.<\/li>\n<li><strong>Naturlig skj\u00f8nnhet<\/strong>: Ukrainske kvinner er kjent for sitt sl\u00e5ende utseende, ofte med uttrykksfulle \u00f8yne og et str\u00e5lende smil.<\/li>\n<li><strong>Tilpasningsevne<\/strong>: Disse kvinnene balanserer s\u00f8ml\u00f8st huslige ansvar og profesjonelle ambisjoner, og skaper et dynamisk og givende partnerskap.<\/li>\n<\/ul>\n<h4>Hvorfor er russiske bruder s\u00e5 unike?<\/h4>\n<p>Russiske bruder er selve symbolet p\u00e5 ynde og hengivenhet. De opprettholder langvarige tradisjoner og verdsetter stabilitet og harmoni i familielivet.<\/p>\n<p>Bemerkelsesverdige kjennetegn ved russiske kvinner inkluderer:<\/p>\n<ul>\n<li><strong>Lojalitet og t\u00e5lmodighet<\/strong>: Russiske kvinner er lojale partnere som st\u00e5r ved sine kj\u00e6re i tykt og tynt.<\/li>\n<li><strong>Eleganse og stil<\/strong>: Russiske bruder verdsetter \u00e5 alltid se velstelte og presentable ut.<\/li>\n<li><strong>Omsorgsfulle vesener<\/strong>: De skaper en varm og innbydende atmosf\u00e6re hjemme der kj\u00e6rligheten blomstrer.<\/li>\n<\/ul>\n                        <\/div>\n                    <\/div>\n                                                        <div class=\"tab \">\n                        <h3 class=\"tab-title\">\n                            Kulturell innsikt for dating av slaviske kvinner                        <\/h3>\n\n                        <div class=\"tab-content\">\n                            <p>\u00c5 forst\u00e5 de kulturelle nyansene til russiske og ukrainske kvinner kan forbedre datingopplevelsen din.<\/p>\n<ul>\n<li><strong>Familien kommer f\u00f8rst:<\/strong> Begge gruppene verdsetter familien h\u00f8yt og ser den som hj\u00f8rnesteinen i lykke.<\/li>\n<li><strong>Respekt og h\u00f8flighet er viktig:<\/strong> En vennlig og respektfull tiln\u00e6rming til disse kvinnene er sv\u00e6rt viktig. Sm\u00e5 gester som \u00e5 holde en d\u00f8r eller minne dem p\u00e5 viktige avtaler kan gj\u00f8re et stort inntrykk.<\/li>\n<li><strong>\u00c5pen kommunikasjon:<\/strong> Bruder i Russland og Ukraina verdsetter \u00e6rlighet og \u00e5penhet. Uttrykk dine f\u00f8lelser og intensjoner \u00e5pent, s\u00e5 vil du vinne deres tillit.<\/li>\n<\/ul>\n                        <\/div>\n                    <\/div>\n                                                        <div class=\"tab \">\n                        <h3 class=\"tab-title\">\n                            Hvordan kommunisere med vakre bruder p\u00e5 Ukreine.com                        <\/h3>\n\n                        <div class=\"tab-content\">\n                            <p>Kommunikasjon er n\u00f8kkelen til varige forhold. Ukreine.com gj\u00f8r det enkelt og hyggelig for deg \u00e5 komme i kontakt med kvinner som leter etter en ektemann gjennom v\u00e5r intuitive plattform.<\/p>\n<ul>\n<li>Bruk <strong>brev og videochatter<\/strong> for \u00e5 uttrykke din ekte interesse og bygge et forhold.<\/li>\n<li>Send virtuelle eller ekte gaver for \u00e5 vise dine romantiske intensjoner.<\/li>\n<li>Ta deg tid til \u00e5 l\u00e6re om deres kultur og preferanser for \u00e5 styrke forbindelsen.<\/li>\n<\/ul>\n                        <\/div>\n                    <\/div>\n                                                        <div class=\"tab \">\n                        <h3 class=\"tab-title\">\n                            Bla gjennom v\u00e5re omfattende profiler                        <\/h3>\n\n                        <div class=\"tab-content\">\n                            <p>Utforsk nettprofilene til single russiske kvinner og ukrainske damer. Hver av dem gir innsikt i deres unike personlighet og dr\u00f8mmer. Fra ukrainske bruder til russiske bruder, finner du et utvalg av kvinner som s\u00f8ker et meningsfullt forhold. Bruk v\u00e5re avanserte filtre for \u00e5 finne din perfekte match basert p\u00e5 alder, interesser og livsstil.<\/p>\n                        <\/div>\n                    <\/div>\n                                                        <div class=\"tab \">\n                        <h3 class=\"tab-title\">\n                            Hvordan f\u00e5 kontakt med din kommende brud                        <\/h3>\n\n                        <div class=\"tab-content\">\n                            <p>P\u00e5 Ukreine.com veileder vi deg steg for steg p\u00e5 reisen mot \u00e5 finne dr\u00f8mmepartneren din.<\/p>\n<ol>\n<li><strong>Registrer deg p\u00e5 v\u00e5r anerkjente plattform<\/strong>: Opprett din profil og f\u00e5 tilgang til v\u00e5r sikre database med vakre bruder.<\/li>\n<li><strong>S\u00f8k og match<\/strong>: Bruk v\u00e5re tilpassede filtre for \u00e5 finne ukrainske eller russiske bruder som samsvarer med dine preferanser.<\/li>\n<li><strong>Start en samtale<\/strong>: Send en melding eller planlegg en videochat for \u00e5 bli bedre kjent med dem.<\/li>\n<li><strong>Planlegg et personlig m\u00f8te<\/strong>: N\u00e5r du har etablert en forbindelse, organiser et romantisk m\u00f8te for \u00e5 sementere forholdet deres.<\/li>\n<\/ol>\n                        <\/div>\n                    <\/div>\n                                                        <div class=\"tab \">\n                        <h3 class=\"tab-title\">\n                            Ofte stilte sp\u00f8rsm\u00e5l om dating med russiske og ukrainske bruder                        <\/h3>\n\n                        <div class=\"tab-content\">\n                            <h4>Hvordan finner jeg en brud for dating?<\/h4>\n<p>Registrer deg p\u00e5 Ukreine.com og f\u00e5 ubegrenset tilgang til den store samlingen av ukrainske og russiske brudeprofiler. Bruk v\u00e5rt effektive s\u00f8k og finn kvinner du \u00f8nsker.<\/p>\n<h4>Hva b\u00f8r jeg vite om nettdating med ukrainske bruder?<\/h4>\n<p>V\u00e6r respektfull, t\u00e5lmodig og oppriktig. Ukrainske kvinner liker \u00e5penhet, og de drar nytte av det n\u00e5r du f\u00e5r dem til \u00e5 f\u00f8le seg verdsatt p\u00e5 alle m\u00e5ter ved \u00e5 forst\u00e5 deres kultur og verdier.<\/p>\n<h4>Kan jeg gifte meg med en ukrainsk eller russisk postordrebrud?<\/h4>\n<p>Ja, du kan gifte deg med en brud fra Ukraina eller Russland ved gjensidig samtykke og forpliktelse. Datingnettstedet v\u00e5rt tilbyr alle n\u00f8dvendige funksjoner for \u00e5 finne en passende partner.<\/p>\n<h4>Hva er fordelene med \u00e5 bruke et ekteskapsbyr\u00e5 n\u00e5r du leter etter en ukrainsk brud?<\/h4>\n<p>Du er garantert verifiserte profiler, sikre kommunikasjonskanaler og profesjonell r\u00e5dgivning for \u00e5 hjelpe deg med \u00e5 finne din perfekte partner med et anerkjent byr\u00e5 som Ukreine.com.<\/p>\n                        <\/div>\n                    <\/div>\n                            <\/div>\n            <\/div>\n\n    <\/section>","protected":false},"excerpt":{"rendered":"","protected":false},"author":32311,"featured_media":1035487,"parent":0,"menu_order":0,"comment_status":"closed","ping_status":"closed","template":"LadiesProfilesTemplate.php","meta":{"_acf_changed":false,"footnotes":""},"class_list":["post-958480","page","type-page","status-publish","has-post-thumbnail","hentry"],"acf":[],"yoast_head":"<!-- This site is optimized with the Yoast SEO Premium plugin v25.5 (Yoast SEO v27.2) - https:\/\/yoast.com\/product\/yoast-seo-premium-wordpress\/ -->\n<title>Single ukrainske kvinner \u00e5 date \u2013 Verifiserte profiler - Ukreine<\/title>\n<meta name=\"description\" content=\"Utforsk ekte profiler av russiske og ukrainske single kvinner som s\u00f8ker et seri\u00f8st forhold. M\u00f8t \u00e6rlige og familieorienterte kvinner klare for ekte kj\u00e6rlighet.\" \/>\n<meta name=\"robots\" content=\"index, follow, max-snippet:-1, max-image-preview:large, max-video-preview:-1\" \/>\n<link rel=\"canonical\" href=\"https:\/\/ukreine.com\/no\/single-russiske-og-ukrainske-kvinner-til-dato\/\" \/>\n<meta property=\"og:locale\" content=\"nb_NO\" \/>\n<meta property=\"og:type\" content=\"article\" \/>\n<meta property=\"og:title\" content=\"Single ukrainske kvinner \u00e5 date \u2013 Verifiserte profiler\" \/>\n<meta property=\"og:description\" content=\"Utforsk ekte profiler av russiske og ukrainske single kvinner som s\u00f8ker et seri\u00f8st forhold. M\u00f8t \u00e6rlige og familieorienterte kvinner klare for ekte kj\u00e6rlighet.\" \/>\n<meta property=\"og:url\" content=\"https:\/\/ukreine.com\/no\/single-russiske-og-ukrainske-kvinner-til-dato\/\" \/>\n<meta property=\"og:site_name\" content=\"Ukreine\" \/>\n<meta property=\"article:publisher\" content=\"https:\/\/www.facebook.com\/datingrussianbrides\/\" \/>\n<meta property=\"article:modified_time\" content=\"2025-09-22T07:54:32+00:00\" \/>\n<meta name=\"twitter:card\" content=\"summary_large_image\" \/>\n<meta name=\"twitter:site\" content=\"@t4388388833\" \/>\n<script type=\"application\/ld+json\" class=\"yoast-schema-graph\">{\"@context\":\"https:\/\/schema.org\",\"@graph\":[{\"@type\":\"WebPage\",\"@id\":\"https:\/\/ukreine.com\/no\/single-russiske-og-ukrainske-kvinner-til-dato\/\",\"url\":\"https:\/\/ukreine.com\/no\/single-russiske-og-ukrainske-kvinner-til-dato\/\",\"name\":\"Single ukrainske kvinner \u00e5 date \u2013 Verifiserte profiler - Ukreine\",\"isPartOf\":{\"@id\":\"https:\/\/ukreine.com\/no\/#website\"},\"primaryImageOfPage\":{\"@id\":\"https:\/\/ukreine.com\/no\/single-russiske-og-ukrainske-kvinner-til-dato\/#primaryimage\"},\"image\":{\"@id\":\"https:\/\/ukreine.com\/no\/single-russiske-og-ukrainske-kvinner-til-dato\/#primaryimage\"},\"thumbnailUrl\":\"https:\/\/ukreine.com\/wp-content\/uploads\/2025\/11\/marina.jpg\",\"datePublished\":\"2024-12-17T18:17:37+00:00\",\"dateModified\":\"2025-09-22T07:54:32+00:00\",\"description\":\"Utforsk ekte profiler av russiske og ukrainske single kvinner som s\u00f8ker et seri\u00f8st forhold. M\u00f8t \u00e6rlige og familieorienterte kvinner klare for ekte kj\u00e6rlighet.\",\"breadcrumb\":{\"@id\":\"https:\/\/ukreine.com\/no\/single-russiske-og-ukrainske-kvinner-til-dato\/#breadcrumb\"},\"inLanguage\":\"nb-NO\",\"potentialAction\":[{\"@type\":\"ReadAction\",\"target\":[\"https:\/\/ukreine.com\/no\/single-russiske-og-ukrainske-kvinner-til-dato\/\"]}]},{\"@type\":\"ImageObject\",\"inLanguage\":\"nb-NO\",\"@id\":\"https:\/\/ukreine.com\/no\/single-russiske-og-ukrainske-kvinner-til-dato\/#primaryimage\",\"url\":\"https:\/\/ukreine.com\/wp-content\/uploads\/2025\/11\/marina.jpg\",\"contentUrl\":\"https:\/\/ukreine.com\/wp-content\/uploads\/2025\/11\/marina.jpg\",\"width\":738,\"height\":958},{\"@type\":\"BreadcrumbList\",\"@id\":\"https:\/\/ukreine.com\/no\/single-russiske-og-ukrainske-kvinner-til-dato\/#breadcrumb\",\"itemListElement\":[{\"@type\":\"ListItem\",\"position\":1,\"name\":\"Home\",\"item\":\"https:\/\/ukreine.com\/no\/\"},{\"@type\":\"ListItem\",\"position\":2,\"name\":\"Single ukrainske kvinner \u00e5 date \u2013 Verifiserte profiler\"}]},{\"@type\":\"WebSite\",\"@id\":\"https:\/\/ukreine.com\/no\/#website\",\"url\":\"https:\/\/ukreine.com\/no\/\",\"name\":\"Ukreine\",\"description\":\"\",\"publisher\":{\"@id\":\"https:\/\/ukreine.com\/no\/#organization\"},\"potentialAction\":[{\"@type\":\"SearchAction\",\"target\":{\"@type\":\"EntryPoint\",\"urlTemplate\":\"https:\/\/ukreine.com\/no\/?s={search_term_string}\"},\"query-input\":{\"@type\":\"PropertyValueSpecification\",\"valueRequired\":true,\"valueName\":\"search_term_string\"}}],\"inLanguage\":\"nb-NO\"},{\"@type\":\"Organization\",\"@id\":\"https:\/\/ukreine.com\/no\/#organization\",\"name\":\"Ukreine\",\"url\":\"https:\/\/ukreine.com\/no\/\",\"logo\":{\"@type\":\"ImageObject\",\"inLanguage\":\"nb-NO\",\"@id\":\"https:\/\/ukreine.com\/no\/#\/schema\/logo\/image\/\",\"url\":\"https:\/\/ukreine.com\/wp-content\/uploads\/2018\/05\/logo.png\",\"contentUrl\":\"https:\/\/ukreine.com\/wp-content\/uploads\/2018\/05\/logo.png\",\"width\":325,\"height\":69,\"caption\":\"Ukreine\"},\"image\":{\"@id\":\"https:\/\/ukreine.com\/no\/#\/schema\/logo\/image\/\"},\"sameAs\":[\"https:\/\/www.facebook.com\/datingrussianbrides\/\",\"https:\/\/x.com\/t4388388833\",\"https:\/\/www.instagram.com\/agenceukreine\/\",\"https:\/\/www.pinterest.com\/dbereznyakov\/\",\"https:\/\/www.youtube.com\/channel\/UC5lMwPhy20E8Bti0mQL43UA\"]}]}<\/script>\n<!-- \/ Yoast SEO Premium plugin. -->","yoast_head_json":{"title":"Single ukrainske kvinner \u00e5 date \u2013 Verifiserte profiler - Ukreine","description":"Utforsk ekte profiler av russiske og ukrainske single kvinner som s\u00f8ker et seri\u00f8st forhold. M\u00f8t \u00e6rlige og familieorienterte kvinner klare for ekte kj\u00e6rlighet.","robots":{"index":"index","follow":"follow","max-snippet":"max-snippet:-1","max-image-preview":"max-image-preview:large","max-video-preview":"max-video-preview:-1"},"canonical":"https:\/\/ukreine.com\/no\/single-russiske-og-ukrainske-kvinner-til-dato\/","og_locale":"nb_NO","og_type":"article","og_title":"Single ukrainske kvinner \u00e5 date \u2013 Verifiserte profiler","og_description":"Utforsk ekte profiler av russiske og ukrainske single kvinner som s\u00f8ker et seri\u00f8st forhold. M\u00f8t \u00e6rlige og familieorienterte kvinner klare for ekte kj\u00e6rlighet.","og_url":"https:\/\/ukreine.com\/no\/single-russiske-og-ukrainske-kvinner-til-dato\/","og_site_name":"Ukreine","article_publisher":"https:\/\/www.facebook.com\/datingrussianbrides\/","article_modified_time":"2025-09-22T07:54:32+00:00","twitter_card":"summary_large_image","twitter_site":"@t4388388833","schema":{"@context":"https:\/\/schema.org","@graph":[{"@type":"WebPage","@id":"https:\/\/ukreine.com\/no\/single-russiske-og-ukrainske-kvinner-til-dato\/","url":"https:\/\/ukreine.com\/no\/single-russiske-og-ukrainske-kvinner-til-dato\/","name":"Single ukrainske kvinner \u00e5 date \u2013 Verifiserte profiler - Ukreine","isPartOf":{"@id":"https:\/\/ukreine.com\/no\/#website"},"primaryImageOfPage":{"@id":"https:\/\/ukreine.com\/no\/single-russiske-og-ukrainske-kvinner-til-dato\/#primaryimage"},"image":{"@id":"https:\/\/ukreine.com\/no\/single-russiske-og-ukrainske-kvinner-til-dato\/#primaryimage"},"thumbnailUrl":"https:\/\/ukreine.com\/wp-content\/uploads\/2025\/11\/marina.jpg","datePublished":"2024-12-17T18:17:37+00:00","dateModified":"2025-09-22T07:54:32+00:00","description":"Utforsk ekte profiler av russiske og ukrainske single kvinner som s\u00f8ker et seri\u00f8st forhold. M\u00f8t \u00e6rlige og familieorienterte kvinner klare for ekte kj\u00e6rlighet.","breadcrumb":{"@id":"https:\/\/ukreine.com\/no\/single-russiske-og-ukrainske-kvinner-til-dato\/#breadcrumb"},"inLanguage":"nb-NO","potentialAction":[{"@type":"ReadAction","target":["https:\/\/ukreine.com\/no\/single-russiske-og-ukrainske-kvinner-til-dato\/"]}]},{"@type":"ImageObject","inLanguage":"nb-NO","@id":"https:\/\/ukreine.com\/no\/single-russiske-og-ukrainske-kvinner-til-dato\/#primaryimage","url":"https:\/\/ukreine.com\/wp-content\/uploads\/2025\/11\/marina.jpg","contentUrl":"https:\/\/ukreine.com\/wp-content\/uploads\/2025\/11\/marina.jpg","width":738,"height":958},{"@type":"BreadcrumbList","@id":"https:\/\/ukreine.com\/no\/single-russiske-og-ukrainske-kvinner-til-dato\/#breadcrumb","itemListElement":[{"@type":"ListItem","position":1,"name":"Home","item":"https:\/\/ukreine.com\/no\/"},{"@type":"ListItem","position":2,"name":"Single ukrainske kvinner \u00e5 date \u2013 Verifiserte profiler"}]},{"@type":"WebSite","@id":"https:\/\/ukreine.com\/no\/#website","url":"https:\/\/ukreine.com\/no\/","name":"Ukreine","description":"","publisher":{"@id":"https:\/\/ukreine.com\/no\/#organization"},"potentialAction":[{"@type":"SearchAction","target":{"@type":"EntryPoint","urlTemplate":"https:\/\/ukreine.com\/no\/?s={search_term_string}"},"query-input":{"@type":"PropertyValueSpecification","valueRequired":true,"valueName":"search_term_string"}}],"inLanguage":"nb-NO"},{"@type":"Organization","@id":"https:\/\/ukreine.com\/no\/#organization","name":"Ukreine","url":"https:\/\/ukreine.com\/no\/","logo":{"@type":"ImageObject","inLanguage":"nb-NO","@id":"https:\/\/ukreine.com\/no\/#\/schema\/logo\/image\/","url":"https:\/\/ukreine.com\/wp-content\/uploads\/2018\/05\/logo.png","contentUrl":"https:\/\/ukreine.com\/wp-content\/uploads\/2018\/05\/logo.png","width":325,"height":69,"caption":"Ukreine"},"image":{"@id":"https:\/\/ukreine.com\/no\/#\/schema\/logo\/image\/"},"sameAs":["https:\/\/www.facebook.com\/datingrussianbrides\/","https:\/\/x.com\/t4388388833","https:\/\/www.instagram.com\/agenceukreine\/","https:\/\/www.pinterest.com\/dbereznyakov\/","https:\/\/www.youtube.com\/channel\/UC5lMwPhy20E8Bti0mQL43UA"]}]}},"_links":{"self":[{"href":"https:\/\/ukreine.com\/no\/wp-json\/wp\/v2\/pages\/958480","targetHints":{"allow":["GET"]}}],"collection":[{"href":"https:\/\/ukreine.com\/no\/wp-json\/wp\/v2\/pages"}],"about":[{"href":"https:\/\/ukreine.com\/no\/wp-json\/wp\/v2\/types\/page"}],"author":[{"embeddable":true,"href":"https:\/\/ukreine.com\/no\/wp-json\/wp\/v2\/users\/32311"}],"replies":[{"embeddable":true,"href":"https:\/\/ukreine.com\/no\/wp-json\/wp\/v2\/comments?post=958480"}],"version-history":[{"count":5,"href":"https:\/\/ukreine.com\/no\/wp-json\/wp\/v2\/pages\/958480\/revisions"}],"predecessor-version":[{"id":1023103,"href":"https:\/\/ukreine.com\/no\/wp-json\/wp\/v2\/pages\/958480\/revisions\/1023103"}],"wp:featuredmedia":[{"embeddable":true,"href":"https:\/\/ukreine.com\/no\/wp-json\/wp\/v2\/media\/1035487"}],"wp:attachment":[{"href":"https:\/\/ukreine.com\/no\/wp-json\/wp\/v2\/media?parent=958480"}],"curies":[{"name":"wp","href":"https:\/\/api.w.org\/{rel}","templated":true}]}}