{"id":293193,"date":"2016-01-12T15:02:19","date_gmt":"2016-01-12T15:02:19","guid":{"rendered":"https:\/\/ukreine.com\/annonces-des-femmes-celibataires-russes-et-ukrainiennes"},"modified":"2025-09-22T07:39:40","modified_gmt":"2025-09-22T07:39:40","slug":"russische-en-oekraiense-bruidenprofielen","status":"publish","type":"page","link":"https:\/\/ukreine.com\/nl\/russische-en-oekraiense-bruidenprofielen\/","title":{"rendered":"Russische en Oekra\u00efense bruidenprofielen"},"content":{"rendered":"    \n    <section class='block--text block-69d6e463ea041 ' ><style>\n@media (min-width: 0px) {\n    .block-69d6e463ea041 {\n        margin-top: 50px;\n        margin-bottom: 50px;\n    }\n}\n<\/style>    <div class=\"container\">\n                        <div class=\"titles-69d6e463ea8d4 block-titles\">\n                            <h2 class=\"block-title\">\n                    Profile russischer und ukrainischer Br\u00e4ute                <\/h2>\n                                            <\/div>\n            <div class=\"text\">\n            <p>Willkommen in einer Welt voller M\u00f6glichkeiten, in der Ihre Tr\u00e4ume von einer liebevollen, treuen Partnerin wahr werden. Wir von Ukreine.com pr\u00e4sentieren Ihnen eine umfangreiche Auswahl an Profilen russischer und ukrainischer Frauen mit intelligenten, charmanten und familienorientierten Frauen. Ob Sie eine alleinstehende russische Frau zum Heiraten suchen oder Profile ukrainischer Frauen erkunden \u2013 hier beginnen bedeutungsvolle Beziehungen.<\/p>\n        <\/div>\n    <\/div>\n\n    <\/section>\n\n    \n    <section class='block--faqs block-69d6e463eae1c ' ><style>\n@media (min-width: 0px) {\n    .block-69d6e463eae1c {\n        margin-bottom: 50px;\n    }\n}\n<\/style>    <div class=\"container\">\n                                    <div class=\"tabs\">\n                                                        <div class=\"tab \">\n                        <h3 class=\"tab-title\">\n                            Eigenschaften russischer und ukrainischer Frauen                        <\/h3>\n\n                        <div class=\"tab-content\">\n                            <p>Russische und ukrainische Frauen sind f\u00fcr ihre Sch\u00f6nheit, W\u00e4rme und ihr Engagement f\u00fcr Familienwerte bekannt. Obwohl sie einige Gemeinsamkeiten mit slawischen Frauen haben, zeichnet sich jede Gruppe durch einzigartige Eigenschaften aus.<\/p>\n<ul>\n<li><strong>Russische Frauen zum Heiraten:<\/strong> Loyal und f\u00fcrsorglich verk\u00f6rpern russische Frauen zum Heiraten traditionelle Werte. Sie streben nach einem gesunden Familienleben und sind ihren Ehem\u00e4nnern sehr ergeben.<\/li>\n<li><strong>Ukrainische Br\u00e4ute:<\/strong> Gleichzeitig werden ukrainische Br\u00e4ute f\u00fcr ihre Unabh\u00e4ngigkeit und ihre temperamentvolle Pers\u00f6nlichkeit gesch\u00e4tzt. Frauen aus der Ukraine sind alleinstehend, selbstbewusst, lieben die Freiheit und glauben an die Gleichberechtigung in Beziehungen, was sie zu au\u00dfergew\u00f6hnlichen Lebenspartnerinnen macht.<\/li>\n<\/ul>\n<p>Sowohl russische als auch ukrainische Frauen vereinen Sch\u00f6nheit, Intelligenz und Hingabe, die eine solide Grundlage f\u00fcr lebenslanges Gl\u00fcck bilden.<\/p>\n                        <\/div>\n                    <\/div>\n                                                        <div class=\"tab \">\n                        <h3 class=\"tab-title\">\n                            Die Entscheidung, eine ukrainische Frau zu heiraten, ist eine ausgezeichnete Wahl                        <\/h3>\n\n                        <div class=\"tab-content\">\n                            <p>Die Entscheidung, eine ukrainische Braut zu heiraten, bedeutet, ein Leben voller Liebe, Respekt und Partnerschaft zu beginnen.<\/p>\n<h4>Warum sind ukrainische Br\u00e4ute so einzigartig?<\/h4>\n<p>Ukrainische Br\u00e4ute besitzen die unvergessliche Magie einer ansprechenden Kombination aus Traditionen und modernen Ansichten. Da ukrainische Frauen in einer familienorientierten Kultur aufwachsen, legen sie Wert auf die Familie, vernachl\u00e4ssigen aber nicht die pers\u00f6nliche Entwicklung.<\/p>\n<p>Ihre herausragenden Eigenschaften sind:<\/p>\n<ul>\n<li><strong>Familienzentrierte Werte<\/strong>: Ein Markenzeichen ukrainischer Br\u00e4ute ist ihr Engagement f\u00fcr eine starke famili\u00e4re Atmosph\u00e4re.<\/li>\n<li><strong>Nat\u00fcrliche Sch\u00f6nheit<\/strong>: Ukrainische Frauen sind f\u00fcr ihr markantes Aussehen bekannt, oft mit ausdrucksstarken Augen und einem strahlenden L\u00e4cheln.<\/li>\n<li><strong>Anpassungsf\u00e4higkeit<\/strong>: Diese Frauen bringen Haushaltspflichten und berufliche Ambitionen nahtlos in Einklang und schaffen so eine dynamische und erf\u00fcllende Partnerschaft.<\/li>\n<\/ul>\n<h4>Warum sind russische Br\u00e4ute so einzigartig?<\/h4>\n<p>Russische Br\u00e4ute sind der Inbegriff von Anmut und Hingabe. Sie pflegen langj\u00e4hrige Traditionen und legen Wert auf Stabilit\u00e4t und Harmonie im Familienleben.<\/p>\n<p>Bemerkenswerte Eigenschaften russischer Frauen sind:<\/p>\n<ul>\n<li><strong>Treue und Geduld<\/strong>: Russische Frauen sind treue Partnerinnen, die ihren Liebsten durch dick und d\u00fcnn zur Seite stehen.<\/li>\n<li><strong>Eleganz und Stil<\/strong>: Russische Br\u00e4ute legen Wert darauf, stets gepflegt und pr\u00e4sentabel auszusehen.<\/li>\n<li><strong>F\u00fcrsorgliches Wesen<\/strong>: Sie schaffen eine warme, einladende Atmosph\u00e4re zu Hause, in der die Liebe gedeiht.<\/li>\n<\/ul>\n                        <\/div>\n                    <\/div>\n                                                        <div class=\"tab \">\n                        <h3 class=\"tab-title\">\n                            Kulturelle Einblicke f\u00fcr die Verabredung mit slawischen Frauen                        <\/h3>\n\n                        <div class=\"tab-content\">\n                            <p>Das Verst\u00e4ndnis der kulturellen Nuancen russischer und ukrainischer Frauen kann Ihr Dating-Erlebnis verbessern.<\/p>\n<ul>\n<li><strong>Familie steht an erster Stelle:<\/strong> Beide Gruppen sch\u00e4tzen die Familie sehr und sehen sie als Grundstein des Gl\u00fccks.<\/li>\n<li><strong>Respekt und H\u00f6flichkeit sind wichtig:<\/strong> Ein freundlicher, respektvoller Umgang mit diesen Frauen ist sehr wichtig. Kleine Gesten wie das Aufhalten einer T\u00fcr oder das Erinnern an wichtige Termine k\u00f6nnen einen gro\u00dfen Eindruck hinterlassen.<\/li>\n<li><strong>Offene Kommunikation:<\/strong> Die Br\u00e4ute in Russland und der Ukraine sch\u00e4tzen Ehrlichkeit und Offenheit. Zeigen Sie offen Ihre Gef\u00fchle und Absichten, und so gewinnen Sie ihr Vertrauen.<\/li>\n<\/ul>\n                        <\/div>\n                    <\/div>\n                                                        <div class=\"tab \">\n                        <h3 class=\"tab-title\">\n                            So kommunizieren Sie mit sch\u00f6nen Br\u00e4uten auf Ukreine.com                        <\/h3>\n\n                        <div class=\"tab-content\">\n                            <p>Kommunikation ist der Schl\u00fcssel zu dauerhaften Beziehungen. Ukreine.com macht es Ihnen einfach und angenehm, \u00fcber unsere intuitive Plattform mit Frauen auf der Suche nach einem Ehemann in Kontakt zu treten.<\/p>\n<ul>\n<li>Nutzen Sie <strong>Briefe und Videochats<\/strong>, um Ihr echtes Interesse auszudr\u00fccken und eine Beziehung aufzubauen.<\/li>\n<li>Senden Sie virtuelle oder reale Geschenke, um Ihre romantischen Absichten zu zeigen.<\/li>\n<li>Nehmen Sie sich Zeit, ihre Kultur und Vorlieben kennenzulernen, um Ihre Verbindung zu vertiefen.<\/li>\n<\/ul>\n                        <\/div>\n                    <\/div>\n                                                        <div class=\"tab \">\n                        <h3 class=\"tab-title\">\n                            Durchsuchen Sie unsere umfangreichen Profile                        <\/h3>\n\n                        <div class=\"tab-content\">\n                            <p>Entdecken Sie online die Profile alleinstehender russischer Frauen und ukrainischer Damen. Jede von ihnen bietet einen Einblick in ihre einzigartige Pers\u00f6nlichkeit und ihre Tr\u00e4ume. Von ukrainischen Br\u00e4uten bis hin zu russischen Br\u00e4uten finden Sie hier eine Vielzahl von Frauen, die eine bedeutungsvolle Beziehung suchen. Nutzen Sie unsere erweiterten Filter, um Ihre perfekte Partnerin basierend auf Alter, Interessen und Lebensstil zu finden.<\/p>\n                        <\/div>\n                    <\/div>\n                                                        <div class=\"tab \">\n                        <h3 class=\"tab-title\">\n                            So verbinden Sie sich mit Ihrer zuk\u00fcnftigen Braut                        <\/h3>\n\n                        <div class=\"tab-content\">\n                            <p>Auf Ukreine.com begleiten wir Sie Schritt f\u00fcr Schritt auf dem Weg zu Ihrem Traumpartner.<\/p>\n<ol>\n<li><strong>Registrieren Sie sich auf unserer seri\u00f6sen Plattform<\/strong>: Erstellen Sie Ihr Profil und greifen Sie auf unsere sichere Datenbank mit wundersch\u00f6nen Br\u00e4uten zu.<\/li>\n<li><strong>Suchen und Matchen<\/strong>: Nutzen Sie unsere ma\u00dfgeschneiderten Filter, um ukrainische oder russische Br\u00e4ute zu finden, die Ihren W\u00fcnschen entsprechen.<\/li>\n<li><strong>Gespr\u00e4ch beginnen<\/strong>: Senden Sie eine Nachricht oder vereinbaren Sie einen Videochat, um sie besser kennenzulernen.<\/li>\n<li><strong>Pers\u00f6nliches Treffen planen<\/strong>: Sobald Sie eine Verbindung aufgebaut haben, organisieren Sie ein romantisches Treffen, um Ihre Beziehung zu festigen.<\/li>\n<\/ol>\n                        <\/div>\n                    <\/div>\n                                                        <div class=\"tab \">\n                        <h3 class=\"tab-title\">\n                            H\u00e4ufig gestellte Fragen zum Dating mit russischen und ukrainischen Br\u00e4uten                        <\/h3>\n\n                        <div class=\"tab-content\">\n                            <h4>Wie finde ich eine Braut zum Dating?<\/h4>\n<p>Registrieren Sie sich auf Ukreine.com und erhalten Sie unbegrenzten Zugriff auf die gro\u00dfe Sammlung ukrainischer und russischer Brautprofile. Nutzen Sie unsere effektive Suche und finden Sie Frauen nach Ihren W\u00fcnschen.<\/p>\n<h4>Was sollte ich \u00fcber das Online-Dating mit ukrainischen Br\u00e4uten wissen?<\/h4>\n<p>Seien Sie respektvoll, geduldig und aufrichtig. Ukrainische Frauen m\u00f6gen Offenheit, und es kommt ihnen zugute, wenn man ihnen das Gef\u00fchl gibt, in jeder Hinsicht wertgesch\u00e4tzt zu werden, indem man ihre Kultur und Werte versteht.<\/p>\n<h4>Kann ich eine ukrainische oder russische Versandhandelsbraut heiraten?<\/h4>\n<p>Ja, Sie k\u00f6nnen eine Braut aus der Ukraine oder Russland im gegenseitigen Einvernehmen und mit gegenseitiger Verpflichtung heiraten. Unsere Dating-Website bietet alle notwendigen Funktionen, um einen passenden Partner zu finden.<\/p>\n<h4>Welche Vorteile bietet die Nutzung einer Heiratsvermittlung bei der Suche nach einer ukrainischen Braut?<\/h4>\n<p>Sie erhalten garantiert verifizierte Profile, sichere Kommunikationswege und professionelle Beratung, die Ihnen dabei helfen, mit einer seri\u00f6sen Agentur wie Ukreine.com Ihren perfekten Partner zu finden.<\/p>\n                        <\/div>\n                    <\/div>\n                            <\/div>\n            <\/div>\n\n    <\/section>","protected":false},"excerpt":{"rendered":"","protected":false},"author":1,"featured_media":1035483,"parent":0,"menu_order":0,"comment_status":"closed","ping_status":"closed","template":"LadiesProfilesTemplate.php","meta":{"_acf_changed":false,"footnotes":""},"class_list":["post-293193","page","type-page","status-publish","has-post-thumbnail","hentry"],"acf":[],"yoast_head":"<!-- This site is optimized with the Yoast SEO Premium plugin v25.5 (Yoast SEO v27.2) - https:\/\/yoast.com\/product\/yoast-seo-premium-wordpress\/ -->\n<title>Alleenstaande Oekra\u00efense vrouwen om te daten - Geverifieerde profielen - Ukreine<\/title>\n<meta name=\"description\" content=\"Bekijk echte profielen van Russische en Oekra\u00efense vrouwen die op zoek zijn naar een serieuze relatie. Ontmoet eerlijke, familiegerichte vrouwen die klaar zijn voor een liefdevolle toekomst.\" \/>\n<meta name=\"robots\" content=\"index, follow, max-snippet:-1, max-image-preview:large, max-video-preview:-1\" \/>\n<link rel=\"canonical\" href=\"https:\/\/ukreine.com\/nl\/russische-en-oekraiense-bruidenprofielen\/\" \/>\n<meta property=\"og:locale\" content=\"nl_NL\" \/>\n<meta property=\"og:type\" content=\"article\" \/>\n<meta property=\"og:title\" content=\"Russische en Oekra\u00efense bruidenprofielen\" \/>\n<meta property=\"og:description\" content=\"Bekijk echte profielen van Russische en Oekra\u00efense vrouwen die op zoek zijn naar een serieuze relatie. Ontmoet eerlijke, familiegerichte vrouwen die klaar zijn voor een liefdevolle toekomst.\" \/>\n<meta property=\"og:url\" content=\"https:\/\/ukreine.com\/nl\/russische-en-oekraiense-bruidenprofielen\/\" \/>\n<meta property=\"og:site_name\" content=\"Ukreine\" \/>\n<meta property=\"article:publisher\" content=\"https:\/\/www.facebook.com\/datingrussianbrides\/\" \/>\n<meta property=\"article:modified_time\" content=\"2025-09-22T07:39:40+00:00\" \/>\n<meta name=\"twitter:card\" content=\"summary_large_image\" \/>\n<meta name=\"twitter:site\" content=\"@t4388388833\" \/>\n<script type=\"application\/ld+json\" class=\"yoast-schema-graph\">{\"@context\":\"https:\/\/schema.org\",\"@graph\":[{\"@type\":\"WebPage\",\"@id\":\"https:\/\/ukreine.com\/nl\/russische-en-oekraiense-bruidenprofielen\/\",\"url\":\"https:\/\/ukreine.com\/nl\/russische-en-oekraiense-bruidenprofielen\/\",\"name\":\"Alleenstaande Oekra\u00efense vrouwen om te daten - Geverifieerde profielen - Ukreine\",\"isPartOf\":{\"@id\":\"https:\/\/ukreine.com\/nl\/#website\"},\"primaryImageOfPage\":{\"@id\":\"https:\/\/ukreine.com\/nl\/russische-en-oekraiense-bruidenprofielen\/#primaryimage\"},\"image\":{\"@id\":\"https:\/\/ukreine.com\/nl\/russische-en-oekraiense-bruidenprofielen\/#primaryimage\"},\"thumbnailUrl\":\"https:\/\/ukreine.com\/wp-content\/uploads\/2025\/11\/marina.jpg\",\"datePublished\":\"2016-01-12T15:02:19+00:00\",\"dateModified\":\"2025-09-22T07:39:40+00:00\",\"description\":\"Bekijk echte profielen van Russische en Oekra\u00efense vrouwen die op zoek zijn naar een serieuze relatie. Ontmoet eerlijke, familiegerichte vrouwen die klaar zijn voor een liefdevolle toekomst.\",\"breadcrumb\":{\"@id\":\"https:\/\/ukreine.com\/nl\/russische-en-oekraiense-bruidenprofielen\/#breadcrumb\"},\"inLanguage\":\"nl-NL\",\"potentialAction\":[{\"@type\":\"ReadAction\",\"target\":[\"https:\/\/ukreine.com\/nl\/russische-en-oekraiense-bruidenprofielen\/\"]}]},{\"@type\":\"ImageObject\",\"inLanguage\":\"nl-NL\",\"@id\":\"https:\/\/ukreine.com\/nl\/russische-en-oekraiense-bruidenprofielen\/#primaryimage\",\"url\":\"https:\/\/ukreine.com\/wp-content\/uploads\/2025\/11\/marina.jpg\",\"contentUrl\":\"https:\/\/ukreine.com\/wp-content\/uploads\/2025\/11\/marina.jpg\",\"width\":738,\"height\":958},{\"@type\":\"BreadcrumbList\",\"@id\":\"https:\/\/ukreine.com\/nl\/russische-en-oekraiense-bruidenprofielen\/#breadcrumb\",\"itemListElement\":[{\"@type\":\"ListItem\",\"position\":1,\"name\":\"Home\",\"item\":\"https:\/\/ukreine.com\/nl\/\"},{\"@type\":\"ListItem\",\"position\":2,\"name\":\"Russische en Oekra\u00efense bruidenprofielen\"}]},{\"@type\":\"WebSite\",\"@id\":\"https:\/\/ukreine.com\/nl\/#website\",\"url\":\"https:\/\/ukreine.com\/nl\/\",\"name\":\"Ukreine\",\"description\":\"\",\"publisher\":{\"@id\":\"https:\/\/ukreine.com\/nl\/#organization\"},\"potentialAction\":[{\"@type\":\"SearchAction\",\"target\":{\"@type\":\"EntryPoint\",\"urlTemplate\":\"https:\/\/ukreine.com\/nl\/?s={search_term_string}\"},\"query-input\":{\"@type\":\"PropertyValueSpecification\",\"valueRequired\":true,\"valueName\":\"search_term_string\"}}],\"inLanguage\":\"nl-NL\"},{\"@type\":\"Organization\",\"@id\":\"https:\/\/ukreine.com\/nl\/#organization\",\"name\":\"Ukreine\",\"url\":\"https:\/\/ukreine.com\/nl\/\",\"logo\":{\"@type\":\"ImageObject\",\"inLanguage\":\"nl-NL\",\"@id\":\"https:\/\/ukreine.com\/nl\/#\/schema\/logo\/image\/\",\"url\":\"https:\/\/ukreine.com\/wp-content\/uploads\/2018\/05\/logo.png\",\"contentUrl\":\"https:\/\/ukreine.com\/wp-content\/uploads\/2018\/05\/logo.png\",\"width\":325,\"height\":69,\"caption\":\"Ukreine\"},\"image\":{\"@id\":\"https:\/\/ukreine.com\/nl\/#\/schema\/logo\/image\/\"},\"sameAs\":[\"https:\/\/www.facebook.com\/datingrussianbrides\/\",\"https:\/\/x.com\/t4388388833\",\"https:\/\/www.instagram.com\/agenceukreine\/\",\"https:\/\/www.pinterest.com\/dbereznyakov\/\",\"https:\/\/www.youtube.com\/channel\/UC5lMwPhy20E8Bti0mQL43UA\"]}]}<\/script>\n<!-- \/ Yoast SEO Premium plugin. -->","yoast_head_json":{"title":"Alleenstaande Oekra\u00efense vrouwen om te daten - Geverifieerde profielen - Ukreine","description":"Bekijk echte profielen van Russische en Oekra\u00efense vrouwen die op zoek zijn naar een serieuze relatie. Ontmoet eerlijke, familiegerichte vrouwen die klaar zijn voor een liefdevolle toekomst.","robots":{"index":"index","follow":"follow","max-snippet":"max-snippet:-1","max-image-preview":"max-image-preview:large","max-video-preview":"max-video-preview:-1"},"canonical":"https:\/\/ukreine.com\/nl\/russische-en-oekraiense-bruidenprofielen\/","og_locale":"nl_NL","og_type":"article","og_title":"Russische en Oekra\u00efense bruidenprofielen","og_description":"Bekijk echte profielen van Russische en Oekra\u00efense vrouwen die op zoek zijn naar een serieuze relatie. Ontmoet eerlijke, familiegerichte vrouwen die klaar zijn voor een liefdevolle toekomst.","og_url":"https:\/\/ukreine.com\/nl\/russische-en-oekraiense-bruidenprofielen\/","og_site_name":"Ukreine","article_publisher":"https:\/\/www.facebook.com\/datingrussianbrides\/","article_modified_time":"2025-09-22T07:39:40+00:00","twitter_card":"summary_large_image","twitter_site":"@t4388388833","schema":{"@context":"https:\/\/schema.org","@graph":[{"@type":"WebPage","@id":"https:\/\/ukreine.com\/nl\/russische-en-oekraiense-bruidenprofielen\/","url":"https:\/\/ukreine.com\/nl\/russische-en-oekraiense-bruidenprofielen\/","name":"Alleenstaande Oekra\u00efense vrouwen om te daten - Geverifieerde profielen - Ukreine","isPartOf":{"@id":"https:\/\/ukreine.com\/nl\/#website"},"primaryImageOfPage":{"@id":"https:\/\/ukreine.com\/nl\/russische-en-oekraiense-bruidenprofielen\/#primaryimage"},"image":{"@id":"https:\/\/ukreine.com\/nl\/russische-en-oekraiense-bruidenprofielen\/#primaryimage"},"thumbnailUrl":"https:\/\/ukreine.com\/wp-content\/uploads\/2025\/11\/marina.jpg","datePublished":"2016-01-12T15:02:19+00:00","dateModified":"2025-09-22T07:39:40+00:00","description":"Bekijk echte profielen van Russische en Oekra\u00efense vrouwen die op zoek zijn naar een serieuze relatie. Ontmoet eerlijke, familiegerichte vrouwen die klaar zijn voor een liefdevolle toekomst.","breadcrumb":{"@id":"https:\/\/ukreine.com\/nl\/russische-en-oekraiense-bruidenprofielen\/#breadcrumb"},"inLanguage":"nl-NL","potentialAction":[{"@type":"ReadAction","target":["https:\/\/ukreine.com\/nl\/russische-en-oekraiense-bruidenprofielen\/"]}]},{"@type":"ImageObject","inLanguage":"nl-NL","@id":"https:\/\/ukreine.com\/nl\/russische-en-oekraiense-bruidenprofielen\/#primaryimage","url":"https:\/\/ukreine.com\/wp-content\/uploads\/2025\/11\/marina.jpg","contentUrl":"https:\/\/ukreine.com\/wp-content\/uploads\/2025\/11\/marina.jpg","width":738,"height":958},{"@type":"BreadcrumbList","@id":"https:\/\/ukreine.com\/nl\/russische-en-oekraiense-bruidenprofielen\/#breadcrumb","itemListElement":[{"@type":"ListItem","position":1,"name":"Home","item":"https:\/\/ukreine.com\/nl\/"},{"@type":"ListItem","position":2,"name":"Russische en Oekra\u00efense bruidenprofielen"}]},{"@type":"WebSite","@id":"https:\/\/ukreine.com\/nl\/#website","url":"https:\/\/ukreine.com\/nl\/","name":"Ukreine","description":"","publisher":{"@id":"https:\/\/ukreine.com\/nl\/#organization"},"potentialAction":[{"@type":"SearchAction","target":{"@type":"EntryPoint","urlTemplate":"https:\/\/ukreine.com\/nl\/?s={search_term_string}"},"query-input":{"@type":"PropertyValueSpecification","valueRequired":true,"valueName":"search_term_string"}}],"inLanguage":"nl-NL"},{"@type":"Organization","@id":"https:\/\/ukreine.com\/nl\/#organization","name":"Ukreine","url":"https:\/\/ukreine.com\/nl\/","logo":{"@type":"ImageObject","inLanguage":"nl-NL","@id":"https:\/\/ukreine.com\/nl\/#\/schema\/logo\/image\/","url":"https:\/\/ukreine.com\/wp-content\/uploads\/2018\/05\/logo.png","contentUrl":"https:\/\/ukreine.com\/wp-content\/uploads\/2018\/05\/logo.png","width":325,"height":69,"caption":"Ukreine"},"image":{"@id":"https:\/\/ukreine.com\/nl\/#\/schema\/logo\/image\/"},"sameAs":["https:\/\/www.facebook.com\/datingrussianbrides\/","https:\/\/x.com\/t4388388833","https:\/\/www.instagram.com\/agenceukreine\/","https:\/\/www.pinterest.com\/dbereznyakov\/","https:\/\/www.youtube.com\/channel\/UC5lMwPhy20E8Bti0mQL43UA"]}]}},"_links":{"self":[{"href":"https:\/\/ukreine.com\/nl\/wp-json\/wp\/v2\/pages\/293193","targetHints":{"allow":["GET"]}}],"collection":[{"href":"https:\/\/ukreine.com\/nl\/wp-json\/wp\/v2\/pages"}],"about":[{"href":"https:\/\/ukreine.com\/nl\/wp-json\/wp\/v2\/types\/page"}],"author":[{"embeddable":true,"href":"https:\/\/ukreine.com\/nl\/wp-json\/wp\/v2\/users\/1"}],"replies":[{"embeddable":true,"href":"https:\/\/ukreine.com\/nl\/wp-json\/wp\/v2\/comments?post=293193"}],"version-history":[{"count":1,"href":"https:\/\/ukreine.com\/nl\/wp-json\/wp\/v2\/pages\/293193\/revisions"}],"predecessor-version":[{"id":1022900,"href":"https:\/\/ukreine.com\/nl\/wp-json\/wp\/v2\/pages\/293193\/revisions\/1022900"}],"wp:featuredmedia":[{"embeddable":true,"href":"https:\/\/ukreine.com\/nl\/wp-json\/wp\/v2\/media\/1035483"}],"wp:attachment":[{"href":"https:\/\/ukreine.com\/nl\/wp-json\/wp\/v2\/media?parent=293193"}],"curies":[{"name":"wp","href":"https:\/\/api.w.org\/{rel}","templated":true}]}}