{"id":126205,"date":"2019-10-08T10:04:32","date_gmt":"2019-10-08T10:04:32","guid":{"rendered":"https:\/\/ukreine.com\/?page_id=126205"},"modified":"2026-03-18T16:41:21","modified_gmt":"2026-03-18T16:41:21","slug":"home-page","status":"publish","type":"page","link":"https:\/\/ukreine.com\/nl\/","title":{"rendered":"Home Page"},"content":{"rendered":"","protected":false},"excerpt":{"rendered":"","protected":false},"author":1,"featured_media":0,"parent":0,"menu_order":0,"comment_status":"closed","ping_status":"closed","template":"","meta":{"_acf_changed":false,"footnotes":""},"class_list":["post-126205","page","type-page","status-publish","hentry"],"acf":[],"yoast_head":"<!-- This site is optimized with the Yoast SEO Premium plugin v25.5 (Yoast SEO v27.2) - https:\/\/yoast.com\/product\/yoast-seo-premium-wordpress\/ -->\n<title>Ontmoetingen met Oekra\u00efense vrouwen \u2013 Serieuze relaties | Ukreine.com<\/title>\n<meta name=\"description\" content=\"Oekra\u00efens huwelijks- en datingbureau voor duurzame relaties, opgericht in 1998. Serieuze Oekra\u00efense vrouwen op zoek naar een internationaal huwelijk, Oekra\u00efense vrouwen die in Frankrijk wonen.\" \/>\n<meta name=\"robots\" content=\"index, follow, max-snippet:-1, max-image-preview:large, max-video-preview:-1\" \/>\n<link rel=\"canonical\" href=\"https:\/\/ukreine.com\/nl\/\" \/>\n<meta property=\"og:locale\" content=\"nl_NL\" \/>\n<meta property=\"og:type\" content=\"article\" \/>\n<meta property=\"og:title\" content=\"Home Page\" \/>\n<meta property=\"og:description\" content=\"Oekra\u00efens huwelijks- en datingbureau voor duurzame relaties, opgericht in 1998. Serieuze Oekra\u00efense vrouwen op zoek naar een internationaal huwelijk, Oekra\u00efense vrouwen die in Frankrijk wonen.\" \/>\n<meta property=\"og:url\" content=\"https:\/\/ukreine.com\/nl\/\" \/>\n<meta property=\"og:site_name\" content=\"Ukreine\" \/>\n<meta property=\"article:publisher\" content=\"https:\/\/www.facebook.com\/datingrussianbrides\/\" \/>\n<meta property=\"article:modified_time\" content=\"2026-03-18T16:41:21+00:00\" \/>\n<meta property=\"og:image\" content=\"https:\/\/ukreine.com\/wp-content\/uploads\/2025\/10\/bg_hero.jpg\" \/>\n\t<meta property=\"og:image:width\" content=\"1920\" \/>\n\t<meta property=\"og:image:height\" content=\"930\" \/>\n\t<meta property=\"og:image:type\" content=\"image\/jpeg\" \/>\n<meta name=\"twitter:card\" content=\"summary_large_image\" \/>\n<meta name=\"twitter:site\" content=\"@t4388388833\" \/>\n<script type=\"application\/ld+json\" class=\"yoast-schema-graph\">{\"@context\":\"https:\/\/schema.org\",\"@graph\":[{\"@type\":\"WebPage\",\"@id\":\"https:\/\/ukreine.com\/nl\/\",\"url\":\"https:\/\/ukreine.com\/nl\/\",\"name\":\"Ontmoetingen met Oekra\u00efense vrouwen \u2013 Serieuze relaties | Ukreine.com\",\"isPartOf\":{\"@id\":\"https:\/\/ukreine.com\/nl\/#website\"},\"datePublished\":\"2019-10-08T10:04:32+00:00\",\"dateModified\":\"2026-03-18T16:41:21+00:00\",\"description\":\"Oekra\u00efens huwelijks- en datingbureau voor duurzame relaties, opgericht in 1998. Serieuze Oekra\u00efense vrouwen op zoek naar een internationaal huwelijk, Oekra\u00efense vrouwen die in Frankrijk wonen.\",\"breadcrumb\":{\"@id\":\"https:\/\/ukreine.com\/nl\/#breadcrumb\"},\"inLanguage\":\"nl-NL\",\"potentialAction\":[{\"@type\":\"ReadAction\",\"target\":[\"https:\/\/ukreine.com\/nl\/\"]}]},{\"@type\":\"BreadcrumbList\",\"@id\":\"https:\/\/ukreine.com\/nl\/#breadcrumb\",\"itemListElement\":[{\"@type\":\"ListItem\",\"position\":1,\"name\":\"Home\",\"item\":\"https:\/\/ukreine.com\/nl\/\"},{\"@type\":\"ListItem\",\"position\":2,\"name\":\"Home Page\"}]},{\"@type\":\"WebSite\",\"@id\":\"https:\/\/ukreine.com\/nl\/#website\",\"url\":\"https:\/\/ukreine.com\/nl\/\",\"name\":\"Ukreine\",\"description\":\"\",\"publisher\":{\"@id\":\"https:\/\/ukreine.com\/nl\/#organization\"},\"potentialAction\":[{\"@type\":\"SearchAction\",\"target\":{\"@type\":\"EntryPoint\",\"urlTemplate\":\"https:\/\/ukreine.com\/nl\/?s={search_term_string}\"},\"query-input\":{\"@type\":\"PropertyValueSpecification\",\"valueRequired\":true,\"valueName\":\"search_term_string\"}}],\"inLanguage\":\"nl-NL\"},{\"@type\":\"Organization\",\"@id\":\"https:\/\/ukreine.com\/nl\/#organization\",\"name\":\"Ukreine\",\"url\":\"https:\/\/ukreine.com\/nl\/\",\"logo\":{\"@type\":\"ImageObject\",\"inLanguage\":\"nl-NL\",\"@id\":\"https:\/\/ukreine.com\/nl\/#\/schema\/logo\/image\/\",\"url\":\"https:\/\/ukreine.com\/wp-content\/uploads\/2018\/05\/logo.png\",\"contentUrl\":\"https:\/\/ukreine.com\/wp-content\/uploads\/2018\/05\/logo.png\",\"width\":325,\"height\":69,\"caption\":\"Ukreine\"},\"image\":{\"@id\":\"https:\/\/ukreine.com\/nl\/#\/schema\/logo\/image\/\"},\"sameAs\":[\"https:\/\/www.facebook.com\/datingrussianbrides\/\",\"https:\/\/x.com\/t4388388833\",\"https:\/\/www.instagram.com\/agenceukreine\/\",\"https:\/\/www.pinterest.com\/dbereznyakov\/\",\"https:\/\/www.youtube.com\/channel\/UC5lMwPhy20E8Bti0mQL43UA\"]}]}<\/script>\n<!-- \/ Yoast SEO Premium plugin. -->","yoast_head_json":{"title":"Ontmoetingen met Oekra\u00efense vrouwen \u2013 Serieuze relaties | Ukreine.com","description":"Oekra\u00efens huwelijks- en datingbureau voor duurzame relaties, opgericht in 1998. Serieuze Oekra\u00efense vrouwen op zoek naar een internationaal huwelijk, Oekra\u00efense vrouwen die in Frankrijk wonen.","robots":{"index":"index","follow":"follow","max-snippet":"max-snippet:-1","max-image-preview":"max-image-preview:large","max-video-preview":"max-video-preview:-1"},"canonical":"https:\/\/ukreine.com\/nl\/","og_locale":"nl_NL","og_type":"article","og_title":"Home Page","og_description":"Oekra\u00efens huwelijks- en datingbureau voor duurzame relaties, opgericht in 1998. Serieuze Oekra\u00efense vrouwen op zoek naar een internationaal huwelijk, Oekra\u00efense vrouwen die in Frankrijk wonen.","og_url":"https:\/\/ukreine.com\/nl\/","og_site_name":"Ukreine","article_publisher":"https:\/\/www.facebook.com\/datingrussianbrides\/","article_modified_time":"2026-03-18T16:41:21+00:00","og_image":[{"width":1920,"height":930,"url":"https:\/\/ukreine.com\/wp-content\/uploads\/2025\/10\/bg_hero.jpg","type":"image\/jpeg"}],"twitter_card":"summary_large_image","twitter_site":"@t4388388833","schema":{"@context":"https:\/\/schema.org","@graph":[{"@type":"WebPage","@id":"https:\/\/ukreine.com\/nl\/","url":"https:\/\/ukreine.com\/nl\/","name":"Ontmoetingen met Oekra\u00efense vrouwen \u2013 Serieuze relaties | Ukreine.com","isPartOf":{"@id":"https:\/\/ukreine.com\/nl\/#website"},"datePublished":"2019-10-08T10:04:32+00:00","dateModified":"2026-03-18T16:41:21+00:00","description":"Oekra\u00efens huwelijks- en datingbureau voor duurzame relaties, opgericht in 1998. Serieuze Oekra\u00efense vrouwen op zoek naar een internationaal huwelijk, Oekra\u00efense vrouwen die in Frankrijk wonen.","breadcrumb":{"@id":"https:\/\/ukreine.com\/nl\/#breadcrumb"},"inLanguage":"nl-NL","potentialAction":[{"@type":"ReadAction","target":["https:\/\/ukreine.com\/nl\/"]}]},{"@type":"BreadcrumbList","@id":"https:\/\/ukreine.com\/nl\/#breadcrumb","itemListElement":[{"@type":"ListItem","position":1,"name":"Home","item":"https:\/\/ukreine.com\/nl\/"},{"@type":"ListItem","position":2,"name":"Home Page"}]},{"@type":"WebSite","@id":"https:\/\/ukreine.com\/nl\/#website","url":"https:\/\/ukreine.com\/nl\/","name":"Ukreine","description":"","publisher":{"@id":"https:\/\/ukreine.com\/nl\/#organization"},"potentialAction":[{"@type":"SearchAction","target":{"@type":"EntryPoint","urlTemplate":"https:\/\/ukreine.com\/nl\/?s={search_term_string}"},"query-input":{"@type":"PropertyValueSpecification","valueRequired":true,"valueName":"search_term_string"}}],"inLanguage":"nl-NL"},{"@type":"Organization","@id":"https:\/\/ukreine.com\/nl\/#organization","name":"Ukreine","url":"https:\/\/ukreine.com\/nl\/","logo":{"@type":"ImageObject","inLanguage":"nl-NL","@id":"https:\/\/ukreine.com\/nl\/#\/schema\/logo\/image\/","url":"https:\/\/ukreine.com\/wp-content\/uploads\/2018\/05\/logo.png","contentUrl":"https:\/\/ukreine.com\/wp-content\/uploads\/2018\/05\/logo.png","width":325,"height":69,"caption":"Ukreine"},"image":{"@id":"https:\/\/ukreine.com\/nl\/#\/schema\/logo\/image\/"},"sameAs":["https:\/\/www.facebook.com\/datingrussianbrides\/","https:\/\/x.com\/t4388388833","https:\/\/www.instagram.com\/agenceukreine\/","https:\/\/www.pinterest.com\/dbereznyakov\/","https:\/\/www.youtube.com\/channel\/UC5lMwPhy20E8Bti0mQL43UA"]}]}},"_links":{"self":[{"href":"https:\/\/ukreine.com\/nl\/wp-json\/wp\/v2\/pages\/126205","targetHints":{"allow":["GET"]}}],"collection":[{"href":"https:\/\/ukreine.com\/nl\/wp-json\/wp\/v2\/pages"}],"about":[{"href":"https:\/\/ukreine.com\/nl\/wp-json\/wp\/v2\/types\/page"}],"author":[{"embeddable":true,"href":"https:\/\/ukreine.com\/nl\/wp-json\/wp\/v2\/users\/1"}],"replies":[{"embeddable":true,"href":"https:\/\/ukreine.com\/nl\/wp-json\/wp\/v2\/comments?post=126205"}],"version-history":[{"count":1,"href":"https:\/\/ukreine.com\/nl\/wp-json\/wp\/v2\/pages\/126205\/revisions"}],"predecessor-version":[{"id":978892,"href":"https:\/\/ukreine.com\/nl\/wp-json\/wp\/v2\/pages\/126205\/revisions\/978892"}],"wp:attachment":[{"href":"https:\/\/ukreine.com\/nl\/wp-json\/wp\/v2\/media?parent=126205"}],"curies":[{"name":"wp","href":"https:\/\/api.w.org\/{rel}","templated":true}]}}