{"id":265048,"date":"2020-03-28T00:12:44","date_gmt":"2020-03-28T00:12:44","guid":{"rendered":"https:\/\/ukreine.com\/?page_id=265048"},"modified":"2022-12-07T12:12:37","modified_gmt":"2022-12-07T12:12:37","slug":"riguardo-la-nostra-agenzia-matrimoniale-e-di-incontri","status":"publish","type":"page","link":"https:\/\/ukreine.com\/it\/riguardo-la-nostra-agenzia-matrimoniale-e-di-incontri\/","title":{"rendered":"Riguardo la nostra agenzia matrimoniale e di incontri"},"content":{"rendered":"<h2><strong>Agenzia matrimoniale di incontri<\/strong><\/h2>\n<p>Abbiamo 3 uffici:<\/p>\n<p>La sede principale della nostra agenzia di incontri si trova a Montreal e si occupa degli Stati Uniti e del Canada.<\/p>\n<p>La nostra sede francese si trova nella regione di Parigi e offre copertura per tutta l&#8217;Europa occidentale.<\/p>\n<p>L&#8217;ufficio ucraino si trova a Kharkiv (seconda citt\u00e0 ucraina dopo Kiev, quasi 2 milioni di abitanti, terzo centro universitario dell&#8217;ex URSS), quindi tutte le spose si recano di persona nel nostro ufficio. Non collaboriamo con nessuna agenzia di incontri locale!!!<\/p>\n<p>&nbsp;<\/p>\n<p>&nbsp;<\/p>\n<h3><strong>Quando \u00e8 stata creata la vostra agenzia?<\/strong><\/h3>\n<p>Il nostro primo ufficio ha aperto nel 1998, a quel tempo eravamo la prima e unica agenzia matrimoniale specializzata in incontri tra gli uomini francofoni residenti in Francia, Svizzera, Belgio e Quebec e le belle donne ucraine per il matrimonio.<\/p>\n<p>Abbiamo iniziato a lavorare con clienti anglofoni pochi anni dopo e molti uomini che cercavano su Google &#8220;sito matrimonio e incontri donne russe&#8221;, &#8220;donne russe da sposare&#8221;, &#8220;ragazze ucraine single&#8221; hanno trovato il sito web della nostra agenzia di <a href=\"https:\/\/ukreine.com\/it\/profili-spose-russe-e-ucraine\/\">incontri<\/a>.<\/p>\n<h2>Historica<\/h2>\n<p>In 20 anni sono cambiate tantissime cose. Siamo diventati una delle agenzie con maggior esperienza e con un eccezionale tasso di successo. Che tuttavia oggi vediamo accanto a noi numerosi siti di incontri e agenzie matrimoniali negli Stati Uniti. E come in Canada, in Europa, in Ucraina e in Russia che truffano le persone, vediamo migliaia di falsi profili di donne russe. La donna ormai hanno saturato tutti i siti di incontri gratuiti. E a pagamento dove la registrazione avviene via internet e senza alcuna moderazione. Gli uomini hanno sempre meno fiducia in questi siti di incontri. E l&#8217;aspetto della credibilit\u00e0 diventa molto importante anche per un&#8217;agenzia cos\u00ec rinomata come la nostra.<\/p>\n<p>&nbsp;<\/p>\n<h3><strong>Posso vedere il vostro staff?<\/strong><\/h3>\n<p>Siamo un team di oltre 30 persone, ne incontrerai alcune nei nostri uffici. Ogni cliente pu\u00f2 avvalersi di un assistente personale per soddisfare le proprie esigenze e per garantire il raggiungimento del risultato desiderato.<\/p>\n<p><img decoding=\"async\" class=\"alignnone wp-image-265051 size-full\" src=\"https:\/\/ukreine.com\/wp-content\/uploads\/2020\/03\/IMG_5615-1-2.jpg\" alt=\"\" width=\"591\" height=\"394\" srcset=\"https:\/\/ukreine.com\/wp-content\/uploads\/2020\/03\/IMG_5615-1-2.jpg 591w, https:\/\/ukreine.com\/wp-content\/uploads\/2020\/03\/IMG_5615-1-2-200x133.jpg 200w\" sizes=\"(max-width: 591px) 100vw, 591px\" \/><\/p>\n<p><em>Una piccola parte del nostro team: Oleg (programmatore), Anna (traduttore), Natalie (direttore dell&#8217;ufficio ucraino), Dimitri (fondatore), Katia (direttore), Lubov (interprete), Val\u00e9riy (programmatore)<\/em><\/p>\n<h3><strong>Com&#8217;\u00e8 possibile che il 95% degli incontri internazionali sia una truffa, ma il 100% dei siti e delle agenzie russe e ucraine afferma di essere onesto?<\/strong><\/h3>\n<p>Un&#8217;agenzia truffaldina non ti dir\u00e0 mai che in realt\u00e0 \u00e8 una truffatrice. Ti parler\u00e0 solamente del suo tasso di successo e dei suoi clienti felici.<\/p>\n<p>Una ragazza che ti vuole truffare non comincer\u00e0 mai a parlarti di denaro. Esprimer\u00e0 i suoi sentimenti verso i tuoi confront e di agenzia matrimoniale di incontrii.<\/p>\n<h3>Un mondo perfetto !<\/h3>\n<p>Quindi da un lato abbiamo un mondo perfetto per gli incontri e dall&#8217;altro il 95% degli uomini viene truffato.<\/p>\n<p>Siamo i fondatori di uno dei pi\u00f9 grandi siti di truffe nel mondo degli incontri: antiarnaques.org\/it , quindi conosciamo perfettamente il lato sporco di questa attivit\u00e0.<\/p>\n<p>Guarda come funzionano le truffe sui siti di incontri pay-per-letter:<\/p>\n<p><iframe title=\"How Russian romance scam works: a &quot;Russian bride&quot; confession\" width=\"660\" height=\"371\" src=\"https:\/\/www.youtube.com\/embed\/_tGGgAHDX38?feature=oembed\" frameborder=\"0\" allow=\"accelerometer; autoplay; clipboard-write; encrypted-media; gyroscope; picture-in-picture; web-share\" referrerpolicy=\"strict-origin-when-cross-origin\" allowfullscreen><\/iframe><\/p>\n<h3><strong>Perch\u00e8 la vostra agenzia di matrimoni e incontri si chiama UkReine?<\/strong><\/h3>\n<p>Perch\u00e9 il nome si pronuncia come il paese &#8220;Ucraina&#8221;. Ma contiene anche la parola &#8220;Reine&#8221; che in francese significa &#8220;Regina&#8221;. E un srcitto ed viene associata alle <strong>bellissime donne russe e ucraine<\/strong> da sposare.<\/p>\n<h2><strong>Qual \u00e8 la differenza tra UkReine Ltd e gli altri siti di incontri e agenzie matrimoniali russe?<\/strong><\/h2>\n<p>La differenza pi\u00f9 grande \u00e8 che noi NON abbiamo niente a che fare con le agenzie di incontri locali in Russia o in Ucraina. Agencia che diffondono profili falsi in diversi siti di incontri occidentali ed <strong>agenzia matrimoniale di incontri<\/strong>.<\/p>\n<p>Siamo registrati in Canada e non in luoghi off shore o in altre localit\u00e0 che sono fuori dalla portata della giustizia internazionale.<\/p>\n<p>Siamo i fondatori di uno dei pi\u00f9 grandi siti di truffe di incontri: antiarnaques.org\/it<\/p>\n<p>Le nostre tariffe sono molto pi\u00f9 convenienti rispetto ai prezzi proposti dalle agenzie di incontri russe negli Stati Uniti e in Canada<\/p>\n<p>Puoi vedere il nostro CEO e fondatore che si sottopone al test della macchina della verit\u00e0<\/p>\n<p><iframe title=\"SHOCKING TRUTH about Russian dating sites with a LIE DETECTOR TEST\" width=\"660\" height=\"371\" src=\"https:\/\/www.youtube.com\/embed\/TOzsdzS0L2Q?list=PLtGdpKKcfcc2f6FvKwbADg9mx69d0lmry\" frameborder=\"0\" allow=\"accelerometer; autoplay; clipboard-write; encrypted-media; gyroscope; picture-in-picture; web-share\" referrerpolicy=\"strict-origin-when-cross-origin\" allowfullscreen><\/iframe><\/p>\n<p>Possiamo GARANTIRE il risultato per gli uomini pre-approvati (se riteniamo che i criteri di ricerca sono realistici).<\/p>\n<p>&nbsp;<\/p>\n<h3><strong>Potete aiutare gli uomini che provengono dall&#8217;Italia?<\/strong><\/h3>\n<p>Certamente, possiamo aiutare ogni uomo italiano dalla A alla Z:<\/p>\n<p>Cominciamo fornendo assistenza nella scelta delle ragazze. Organizziamo il tuo viaggio in Ucraina o il viaggio della ragazza in Italia. Concludiamo assistendoti con le procedure di matrimonio internazionale.<\/p>\n","protected":false},"excerpt":{"rendered":"<p>Agenzia matrimoniale di incontri Abbiamo 3 uffici: La sede principale della nostra agenzia di incontri si trova a Montreal e si occupa degli Stati Uniti e del Canada. La nostra sede francese si trova nella regione di Parigi e offre copertura per tutta l&#8217;Europa occidentale. L&#8217;ufficio ucraino si trova a Kharkiv (seconda citt\u00e0 ucraina dopo [&hellip;]<\/p>\n","protected":false},"author":54,"featured_media":0,"parent":0,"menu_order":0,"comment_status":"closed","ping_status":"closed","template":"","meta":{"_acf_changed":false,"footnotes":""},"class_list":["post-265048","page","type-page","status-publish","hentry"],"acf":[],"yoast_head":"<!-- This site is optimized with the Yoast SEO Premium plugin v25.5 (Yoast SEO v27.2) - https:\/\/yoast.com\/product\/yoast-seo-premium-wordpress\/ -->\n<title>Agenzia matrimoniale di incontri perfetto per l&#039;amore Ucraina - Ukreine !<\/title>\n<meta name=\"description\" content=\"Perch\u00e9 la nostra agenzia che offre profili reali di spose russe e ucraine \u00e8 diversa da altri siti di incontri ed agenzie matrimoniali\" \/>\n<meta name=\"robots\" content=\"index, follow, max-snippet:-1, max-image-preview:large, max-video-preview:-1\" \/>\n<link rel=\"canonical\" href=\"https:\/\/ukreine.com\/it\/riguardo-la-nostra-agenzia-matrimoniale-e-di-incontri\/\" \/>\n<meta property=\"og:locale\" content=\"it_IT\" \/>\n<meta property=\"og:type\" content=\"article\" \/>\n<meta property=\"og:title\" content=\"Riguardo la nostra agenzia matrimoniale e di incontri\" \/>\n<meta property=\"og:description\" content=\"Perch\u00e9 la nostra agenzia che offre profili reali di spose russe e ucraine \u00e8 diversa da altri siti di incontri ed agenzie matrimoniali\" \/>\n<meta property=\"og:url\" content=\"https:\/\/ukreine.com\/it\/riguardo-la-nostra-agenzia-matrimoniale-e-di-incontri\/\" \/>\n<meta property=\"og:site_name\" content=\"Ukreine\" \/>\n<meta property=\"article:publisher\" content=\"https:\/\/www.facebook.com\/datingrussianbrides\/\" \/>\n<meta property=\"article:modified_time\" content=\"2022-12-07T12:12:37+00:00\" \/>\n<meta property=\"og:image\" content=\"https:\/\/ukreine.com\/wp-content\/uploads\/2020\/03\/IMG_5615-1-2.jpg\" \/>\n<meta name=\"twitter:card\" content=\"summary_large_image\" \/>\n<meta name=\"twitter:site\" content=\"@t4388388833\" \/>\n<meta name=\"twitter:label1\" content=\"Tempo di lettura stimato\" \/>\n\t<meta name=\"twitter:data1\" content=\"4 minuti\" \/>\n<script type=\"application\/ld+json\" class=\"yoast-schema-graph\">{\"@context\":\"https:\/\/schema.org\",\"@graph\":[{\"@type\":\"WebPage\",\"@id\":\"https:\/\/ukreine.com\/it\/riguardo-la-nostra-agenzia-matrimoniale-e-di-incontri\/\",\"url\":\"https:\/\/ukreine.com\/it\/riguardo-la-nostra-agenzia-matrimoniale-e-di-incontri\/\",\"name\":\"Agenzia matrimoniale di incontri perfetto per l'amore Ucraina - Ukreine !\",\"isPartOf\":{\"@id\":\"https:\/\/ukreine.com\/it\/#website\"},\"primaryImageOfPage\":{\"@id\":\"https:\/\/ukreine.com\/it\/riguardo-la-nostra-agenzia-matrimoniale-e-di-incontri\/#primaryimage\"},\"image\":{\"@id\":\"https:\/\/ukreine.com\/it\/riguardo-la-nostra-agenzia-matrimoniale-e-di-incontri\/#primaryimage\"},\"thumbnailUrl\":\"https:\/\/ukreine.com\/wp-content\/uploads\/2020\/03\/IMG_5615-1-2.jpg\",\"datePublished\":\"2020-03-28T00:12:44+00:00\",\"dateModified\":\"2022-12-07T12:12:37+00:00\",\"description\":\"Perch\u00e9 la nostra agenzia che offre profili reali di spose russe e ucraine \u00e8 diversa da altri siti di incontri ed agenzie matrimoniali\",\"breadcrumb\":{\"@id\":\"https:\/\/ukreine.com\/it\/riguardo-la-nostra-agenzia-matrimoniale-e-di-incontri\/#breadcrumb\"},\"inLanguage\":\"it-IT\",\"potentialAction\":[{\"@type\":\"ReadAction\",\"target\":[\"https:\/\/ukreine.com\/it\/riguardo-la-nostra-agenzia-matrimoniale-e-di-incontri\/\"]}]},{\"@type\":\"ImageObject\",\"inLanguage\":\"it-IT\",\"@id\":\"https:\/\/ukreine.com\/it\/riguardo-la-nostra-agenzia-matrimoniale-e-di-incontri\/#primaryimage\",\"url\":\"https:\/\/ukreine.com\/wp-content\/uploads\/2020\/03\/IMG_5615-1-2.jpg\",\"contentUrl\":\"https:\/\/ukreine.com\/wp-content\/uploads\/2020\/03\/IMG_5615-1-2.jpg\"},{\"@type\":\"BreadcrumbList\",\"@id\":\"https:\/\/ukreine.com\/it\/riguardo-la-nostra-agenzia-matrimoniale-e-di-incontri\/#breadcrumb\",\"itemListElement\":[{\"@type\":\"ListItem\",\"position\":1,\"name\":\"Home\",\"item\":\"https:\/\/ukreine.com\/it\/\"},{\"@type\":\"ListItem\",\"position\":2,\"name\":\"Riguardo la nostra agenzia matrimoniale e di incontri\"}]},{\"@type\":\"WebSite\",\"@id\":\"https:\/\/ukreine.com\/it\/#website\",\"url\":\"https:\/\/ukreine.com\/it\/\",\"name\":\"Ukreine\",\"description\":\"\",\"publisher\":{\"@id\":\"https:\/\/ukreine.com\/it\/#organization\"},\"potentialAction\":[{\"@type\":\"SearchAction\",\"target\":{\"@type\":\"EntryPoint\",\"urlTemplate\":\"https:\/\/ukreine.com\/it\/?s={search_term_string}\"},\"query-input\":{\"@type\":\"PropertyValueSpecification\",\"valueRequired\":true,\"valueName\":\"search_term_string\"}}],\"inLanguage\":\"it-IT\"},{\"@type\":\"Organization\",\"@id\":\"https:\/\/ukreine.com\/it\/#organization\",\"name\":\"Ukreine\",\"url\":\"https:\/\/ukreine.com\/it\/\",\"logo\":{\"@type\":\"ImageObject\",\"inLanguage\":\"it-IT\",\"@id\":\"https:\/\/ukreine.com\/it\/#\/schema\/logo\/image\/\",\"url\":\"https:\/\/ukreine.com\/wp-content\/uploads\/2018\/05\/logo.png\",\"contentUrl\":\"https:\/\/ukreine.com\/wp-content\/uploads\/2018\/05\/logo.png\",\"width\":325,\"height\":69,\"caption\":\"Ukreine\"},\"image\":{\"@id\":\"https:\/\/ukreine.com\/it\/#\/schema\/logo\/image\/\"},\"sameAs\":[\"https:\/\/www.facebook.com\/datingrussianbrides\/\",\"https:\/\/x.com\/t4388388833\",\"https:\/\/www.instagram.com\/agenceukreine\/\",\"https:\/\/www.pinterest.com\/dbereznyakov\/\",\"https:\/\/www.youtube.com\/channel\/UC5lMwPhy20E8Bti0mQL43UA\"]}]}<\/script>\n<!-- \/ Yoast SEO Premium plugin. -->","yoast_head_json":{"title":"Agenzia matrimoniale di incontri perfetto per l'amore Ucraina - Ukreine !","description":"Perch\u00e9 la nostra agenzia che offre profili reali di spose russe e ucraine \u00e8 diversa da altri siti di incontri ed agenzie matrimoniali","robots":{"index":"index","follow":"follow","max-snippet":"max-snippet:-1","max-image-preview":"max-image-preview:large","max-video-preview":"max-video-preview:-1"},"canonical":"https:\/\/ukreine.com\/it\/riguardo-la-nostra-agenzia-matrimoniale-e-di-incontri\/","og_locale":"it_IT","og_type":"article","og_title":"Riguardo la nostra agenzia matrimoniale e di incontri","og_description":"Perch\u00e9 la nostra agenzia che offre profili reali di spose russe e ucraine \u00e8 diversa da altri siti di incontri ed agenzie matrimoniali","og_url":"https:\/\/ukreine.com\/it\/riguardo-la-nostra-agenzia-matrimoniale-e-di-incontri\/","og_site_name":"Ukreine","article_publisher":"https:\/\/www.facebook.com\/datingrussianbrides\/","article_modified_time":"2022-12-07T12:12:37+00:00","og_image":[{"url":"https:\/\/ukreine.com\/wp-content\/uploads\/2020\/03\/IMG_5615-1-2.jpg","type":"","width":"","height":""}],"twitter_card":"summary_large_image","twitter_site":"@t4388388833","twitter_misc":{"Tempo di lettura stimato":"4 minuti"},"schema":{"@context":"https:\/\/schema.org","@graph":[{"@type":"WebPage","@id":"https:\/\/ukreine.com\/it\/riguardo-la-nostra-agenzia-matrimoniale-e-di-incontri\/","url":"https:\/\/ukreine.com\/it\/riguardo-la-nostra-agenzia-matrimoniale-e-di-incontri\/","name":"Agenzia matrimoniale di incontri perfetto per l'amore Ucraina - Ukreine !","isPartOf":{"@id":"https:\/\/ukreine.com\/it\/#website"},"primaryImageOfPage":{"@id":"https:\/\/ukreine.com\/it\/riguardo-la-nostra-agenzia-matrimoniale-e-di-incontri\/#primaryimage"},"image":{"@id":"https:\/\/ukreine.com\/it\/riguardo-la-nostra-agenzia-matrimoniale-e-di-incontri\/#primaryimage"},"thumbnailUrl":"https:\/\/ukreine.com\/wp-content\/uploads\/2020\/03\/IMG_5615-1-2.jpg","datePublished":"2020-03-28T00:12:44+00:00","dateModified":"2022-12-07T12:12:37+00:00","description":"Perch\u00e9 la nostra agenzia che offre profili reali di spose russe e ucraine \u00e8 diversa da altri siti di incontri ed agenzie matrimoniali","breadcrumb":{"@id":"https:\/\/ukreine.com\/it\/riguardo-la-nostra-agenzia-matrimoniale-e-di-incontri\/#breadcrumb"},"inLanguage":"it-IT","potentialAction":[{"@type":"ReadAction","target":["https:\/\/ukreine.com\/it\/riguardo-la-nostra-agenzia-matrimoniale-e-di-incontri\/"]}]},{"@type":"ImageObject","inLanguage":"it-IT","@id":"https:\/\/ukreine.com\/it\/riguardo-la-nostra-agenzia-matrimoniale-e-di-incontri\/#primaryimage","url":"https:\/\/ukreine.com\/wp-content\/uploads\/2020\/03\/IMG_5615-1-2.jpg","contentUrl":"https:\/\/ukreine.com\/wp-content\/uploads\/2020\/03\/IMG_5615-1-2.jpg"},{"@type":"BreadcrumbList","@id":"https:\/\/ukreine.com\/it\/riguardo-la-nostra-agenzia-matrimoniale-e-di-incontri\/#breadcrumb","itemListElement":[{"@type":"ListItem","position":1,"name":"Home","item":"https:\/\/ukreine.com\/it\/"},{"@type":"ListItem","position":2,"name":"Riguardo la nostra agenzia matrimoniale e di incontri"}]},{"@type":"WebSite","@id":"https:\/\/ukreine.com\/it\/#website","url":"https:\/\/ukreine.com\/it\/","name":"Ukreine","description":"","publisher":{"@id":"https:\/\/ukreine.com\/it\/#organization"},"potentialAction":[{"@type":"SearchAction","target":{"@type":"EntryPoint","urlTemplate":"https:\/\/ukreine.com\/it\/?s={search_term_string}"},"query-input":{"@type":"PropertyValueSpecification","valueRequired":true,"valueName":"search_term_string"}}],"inLanguage":"it-IT"},{"@type":"Organization","@id":"https:\/\/ukreine.com\/it\/#organization","name":"Ukreine","url":"https:\/\/ukreine.com\/it\/","logo":{"@type":"ImageObject","inLanguage":"it-IT","@id":"https:\/\/ukreine.com\/it\/#\/schema\/logo\/image\/","url":"https:\/\/ukreine.com\/wp-content\/uploads\/2018\/05\/logo.png","contentUrl":"https:\/\/ukreine.com\/wp-content\/uploads\/2018\/05\/logo.png","width":325,"height":69,"caption":"Ukreine"},"image":{"@id":"https:\/\/ukreine.com\/it\/#\/schema\/logo\/image\/"},"sameAs":["https:\/\/www.facebook.com\/datingrussianbrides\/","https:\/\/x.com\/t4388388833","https:\/\/www.instagram.com\/agenceukreine\/","https:\/\/www.pinterest.com\/dbereznyakov\/","https:\/\/www.youtube.com\/channel\/UC5lMwPhy20E8Bti0mQL43UA"]}]}},"_links":{"self":[{"href":"https:\/\/ukreine.com\/it\/wp-json\/wp\/v2\/pages\/265048","targetHints":{"allow":["GET"]}}],"collection":[{"href":"https:\/\/ukreine.com\/it\/wp-json\/wp\/v2\/pages"}],"about":[{"href":"https:\/\/ukreine.com\/it\/wp-json\/wp\/v2\/types\/page"}],"author":[{"embeddable":true,"href":"https:\/\/ukreine.com\/it\/wp-json\/wp\/v2\/users\/54"}],"replies":[{"embeddable":true,"href":"https:\/\/ukreine.com\/it\/wp-json\/wp\/v2\/comments?post=265048"}],"version-history":[{"count":0,"href":"https:\/\/ukreine.com\/it\/wp-json\/wp\/v2\/pages\/265048\/revisions"}],"wp:attachment":[{"href":"https:\/\/ukreine.com\/it\/wp-json\/wp\/v2\/media?parent=265048"}],"curies":[{"name":"wp","href":"https:\/\/api.w.org\/{rel}","templated":true}]}}