{"id":1041347,"date":"2025-12-13T23:41:16","date_gmt":"2025-12-13T23:41:16","guid":{"rendered":"https:\/\/ukreine.com\/?page_id=1041347"},"modified":"2025-12-13T23:41:20","modified_gmt":"2025-12-13T23:41:20","slug":"come-creare-il-mio-profilo-sul-sito-ukreine-com","status":"publish","type":"page","link":"https:\/\/ukreine.com\/it\/come-creare-il-mio-profilo-sul-sito-ukreine-com\/","title":{"rendered":"Come creare il mio profilo sul sito UkReine.com"},"content":{"rendered":"<p>Ecco la <strong>traduction en italien<\/strong> :<\/p>\n<hr \/>\n<p>Avete creato con successo il vostro account e ora dovete completarlo. Perch\u00e9 \u00e8 importante? Per poter mostrare il vostro profilo alle donne, abbiamo bisogno di alcune informazioni. Come gli uomini, anche le donne vogliono sapere il vostro paese, la vostra citt\u00e0, la vostra professione, la vostra et\u00e0, il numero di figli e la loro et\u00e0, i vostri hobby, ci\u00f2 che vi piace e ci\u00f2 che state cercando.<\/p>\n<p>Queste informazioni saranno mostrate solo alle donne di vostra scelta se inviate una richiesta \u201cSe le piaccio\u201d, se inviate dei messaggi o se desiderate sapere se lei vuole incontrarvi nella vita reale.<\/p>\n<p>Per quanto riguarda i vostri dati di contatto (email, telefono), ne abbiamo bisogno per potervi contattare e offrirvi il miglior servizio possibile. Secondo il nostro regolamento, non forniamo contatti diretti alle\/delle donne. Si tratta di una questione di sicurezza: nessuno desidera condividere i propri dati con chiunque. Inoltre, \u00e8 pi\u00f9 pratico usufruire dei servizi di traduzione del nostro sito durante la messaggistica. Per questo motivo possiamo stabilire contatti diretti solo con il consenso della donna e solo quando avete gi\u00e0 deciso di recarvi in Ucraina e avete gi\u00e0 versato il deposito. Grazie per la vostra comprensione.<\/p>\n<p><strong data-start=\"52\" data-end=\"88\">Ecco la pagina \u201cIl mio profilo\u201d:<\/strong><br data-start=\"88\" data-end=\"91\" \/><a class=\"decorated-link\" href=\"https:\/\/ukreine.com\/it\/account\/profile\/\" target=\"_new\" rel=\"noopener\" data-start=\"91\" data-end=\"130\">https:\/\/ukreine.com\/it\/account\/profile\/<\/a><\/p>\n<p><img decoding=\"async\" class=\"aligncenter size-large wp-image-1041665\" src=\"https:\/\/ukreine.com\/wp-content\/uploads\/2025\/12\/perfile-it-1024x794.png\" alt=\"\" width=\"660\" height=\"512\" srcset=\"https:\/\/ukreine.com\/wp-content\/uploads\/2025\/12\/perfile-it-1024x794.png 1024w, https:\/\/ukreine.com\/wp-content\/uploads\/2025\/12\/perfile-it-200x155.png 200w, https:\/\/ukreine.com\/wp-content\/uploads\/2025\/12\/perfile-it-768x595.png 768w, https:\/\/ukreine.com\/wp-content\/uploads\/2025\/12\/perfile-it-1536x1190.png 1536w, https:\/\/ukreine.com\/wp-content\/uploads\/2025\/12\/perfile-it.png 1867w\" sizes=\"(max-width: 660px) 100vw, 660px\" \/><\/p>\n<p>Vi informiamo inoltre che non potrete contattare le donne prima di aver completato le vostre informazioni.<\/p>\n<p>Quindi! Dopo aver creato il vostro profilo, vedrete questa pagina.<\/p>\n<p>La prima cosa da fare \u00e8 caricare il vostro avatar e le vostre foto.<\/p>\n<p>La dimensione massima deve essere inferiore a 4 MB e il formato pu\u00f2 essere jpg, jpeg o png.<\/p>\n<p>Scegliete foto recenti. \u00c8 preferibile caricare un ritratto come avatar.<\/p>\n<p>Le foto non devono essere scure, troppo vecchie e non possono assolutamente essere erotiche o contenere le vostre informazioni di contatto.<\/p>\n<p>Preferite inoltre le foto in cui siete da soli.<\/p>\n<p>Successivamente, dovete inserire le vostre informazioni.<\/p>\n<p>Vi preghiamo di fornire dati reali, \u00e8 nel vostro stesso interesse.<\/p>\n<p>Compilate il vostro profilo con attenzione e non dimenticate di salvare le modifiche.<\/p>\n<p>Una volta completato il profilo, riceverete 7 crediti gratuiti aggiuntivi che potrete utilizzare per sapere se una donna \u00e8 interessata a voi e per inviare messaggi.<\/p>\n<p>Se avete bisogno di aiuto per iniziare una conversazione, non esitate a consultare il nostro prossimo articolo nella sezione Domande frequenti (FAQ).<\/p>\n","protected":false},"excerpt":{"rendered":"<p>Ecco la traduction en italien : Avete creato con successo il vostro account e ora dovete completarlo. Perch\u00e9 \u00e8 importante? Per poter mostrare il vostro profilo alle donne, abbiamo bisogno di alcune informazioni. Come gli uomini, anche le donne vogliono sapere il vostro paese, la vostra citt\u00e0, la vostra professione, la vostra et\u00e0, il numero [&hellip;]<\/p>\n","protected":false},"author":32311,"featured_media":0,"parent":0,"menu_order":0,"comment_status":"closed","ping_status":"closed","template":"","meta":{"_acf_changed":false,"footnotes":""},"class_list":["post-1041347","page","type-page","status-publish","hentry"],"acf":[],"yoast_head":"<!-- This site is optimized with the Yoast SEO Premium plugin v25.5 (Yoast SEO v27.2) - https:\/\/yoast.com\/product\/yoast-seo-premium-wordpress\/ -->\n<title>Come creare il mio profilo sul sito UkReine.com<\/title>\n<meta name=\"description\" content=\"Come creare il mio profilo sul sito UkReine.com\" \/>\n<meta name=\"robots\" content=\"index, follow, max-snippet:-1, max-image-preview:large, max-video-preview:-1\" \/>\n<link rel=\"canonical\" href=\"https:\/\/ukreine.com\/it\/come-creare-il-mio-profilo-sul-sito-ukreine-com\/\" \/>\n<meta property=\"og:locale\" content=\"it_IT\" \/>\n<meta property=\"og:type\" content=\"article\" \/>\n<meta property=\"og:title\" content=\"Come creare il mio profilo sul sito UkReine.com\" \/>\n<meta property=\"og:description\" content=\"Come creare il mio profilo sul sito UkReine.com\" \/>\n<meta property=\"og:url\" content=\"https:\/\/ukreine.com\/it\/come-creare-il-mio-profilo-sul-sito-ukreine-com\/\" \/>\n<meta property=\"og:site_name\" content=\"Ukreine\" \/>\n<meta property=\"article:publisher\" content=\"https:\/\/www.facebook.com\/datingrussianbrides\/\" \/>\n<meta property=\"article:modified_time\" content=\"2025-12-13T23:41:20+00:00\" \/>\n<meta property=\"og:image\" content=\"https:\/\/ukreine.com\/wp-content\/uploads\/2025\/12\/perfile-it.png\" \/>\n\t<meta property=\"og:image:width\" content=\"1867\" \/>\n\t<meta property=\"og:image:height\" content=\"1447\" \/>\n\t<meta property=\"og:image:type\" content=\"image\/png\" \/>\n<meta name=\"twitter:card\" content=\"summary_large_image\" \/>\n<meta name=\"twitter:site\" content=\"@t4388388833\" \/>\n<meta name=\"twitter:label1\" content=\"Tempo di lettura stimato\" \/>\n\t<meta name=\"twitter:data1\" content=\"3 minuti\" \/>\n<script type=\"application\/ld+json\" class=\"yoast-schema-graph\">{\"@context\":\"https:\/\/schema.org\",\"@graph\":[{\"@type\":\"WebPage\",\"@id\":\"https:\/\/ukreine.com\/it\/come-creare-il-mio-profilo-sul-sito-ukreine-com\/\",\"url\":\"https:\/\/ukreine.com\/it\/come-creare-il-mio-profilo-sul-sito-ukreine-com\/\",\"name\":\"Come creare il mio profilo sul sito UkReine.com\",\"isPartOf\":{\"@id\":\"https:\/\/ukreine.com\/it\/#website\"},\"primaryImageOfPage\":{\"@id\":\"https:\/\/ukreine.com\/it\/come-creare-il-mio-profilo-sul-sito-ukreine-com\/#primaryimage\"},\"image\":{\"@id\":\"https:\/\/ukreine.com\/it\/come-creare-il-mio-profilo-sul-sito-ukreine-com\/#primaryimage\"},\"thumbnailUrl\":\"https:\/\/ukreine.com\/wp-content\/uploads\/2025\/12\/perfile-it-1024x794.png\",\"datePublished\":\"2025-12-13T23:41:16+00:00\",\"dateModified\":\"2025-12-13T23:41:20+00:00\",\"description\":\"Come creare il mio profilo sul sito UkReine.com\",\"breadcrumb\":{\"@id\":\"https:\/\/ukreine.com\/it\/come-creare-il-mio-profilo-sul-sito-ukreine-com\/#breadcrumb\"},\"inLanguage\":\"it-IT\",\"potentialAction\":[{\"@type\":\"ReadAction\",\"target\":[\"https:\/\/ukreine.com\/it\/come-creare-il-mio-profilo-sul-sito-ukreine-com\/\"]}]},{\"@type\":\"ImageObject\",\"inLanguage\":\"it-IT\",\"@id\":\"https:\/\/ukreine.com\/it\/come-creare-il-mio-profilo-sul-sito-ukreine-com\/#primaryimage\",\"url\":\"https:\/\/ukreine.com\/wp-content\/uploads\/2025\/12\/perfile-it-1024x794.png\",\"contentUrl\":\"https:\/\/ukreine.com\/wp-content\/uploads\/2025\/12\/perfile-it-1024x794.png\"},{\"@type\":\"BreadcrumbList\",\"@id\":\"https:\/\/ukreine.com\/it\/come-creare-il-mio-profilo-sul-sito-ukreine-com\/#breadcrumb\",\"itemListElement\":[{\"@type\":\"ListItem\",\"position\":1,\"name\":\"Home\",\"item\":\"https:\/\/ukreine.com\/it\/\"},{\"@type\":\"ListItem\",\"position\":2,\"name\":\"Come creare il mio profilo sul sito UkReine.com\"}]},{\"@type\":\"WebSite\",\"@id\":\"https:\/\/ukreine.com\/it\/#website\",\"url\":\"https:\/\/ukreine.com\/it\/\",\"name\":\"Ukreine\",\"description\":\"\",\"publisher\":{\"@id\":\"https:\/\/ukreine.com\/it\/#organization\"},\"potentialAction\":[{\"@type\":\"SearchAction\",\"target\":{\"@type\":\"EntryPoint\",\"urlTemplate\":\"https:\/\/ukreine.com\/it\/?s={search_term_string}\"},\"query-input\":{\"@type\":\"PropertyValueSpecification\",\"valueRequired\":true,\"valueName\":\"search_term_string\"}}],\"inLanguage\":\"it-IT\"},{\"@type\":\"Organization\",\"@id\":\"https:\/\/ukreine.com\/it\/#organization\",\"name\":\"Ukreine\",\"url\":\"https:\/\/ukreine.com\/it\/\",\"logo\":{\"@type\":\"ImageObject\",\"inLanguage\":\"it-IT\",\"@id\":\"https:\/\/ukreine.com\/it\/#\/schema\/logo\/image\/\",\"url\":\"https:\/\/ukreine.com\/wp-content\/uploads\/2018\/05\/logo.png\",\"contentUrl\":\"https:\/\/ukreine.com\/wp-content\/uploads\/2018\/05\/logo.png\",\"width\":325,\"height\":69,\"caption\":\"Ukreine\"},\"image\":{\"@id\":\"https:\/\/ukreine.com\/it\/#\/schema\/logo\/image\/\"},\"sameAs\":[\"https:\/\/www.facebook.com\/datingrussianbrides\/\",\"https:\/\/x.com\/t4388388833\",\"https:\/\/www.instagram.com\/agenceukreine\/\",\"https:\/\/www.pinterest.com\/dbereznyakov\/\",\"https:\/\/www.youtube.com\/channel\/UC5lMwPhy20E8Bti0mQL43UA\"]}]}<\/script>\n<!-- \/ Yoast SEO Premium plugin. -->","yoast_head_json":{"title":"Come creare il mio profilo sul sito UkReine.com","description":"Come creare il mio profilo sul sito UkReine.com","robots":{"index":"index","follow":"follow","max-snippet":"max-snippet:-1","max-image-preview":"max-image-preview:large","max-video-preview":"max-video-preview:-1"},"canonical":"https:\/\/ukreine.com\/it\/come-creare-il-mio-profilo-sul-sito-ukreine-com\/","og_locale":"it_IT","og_type":"article","og_title":"Come creare il mio profilo sul sito UkReine.com","og_description":"Come creare il mio profilo sul sito UkReine.com","og_url":"https:\/\/ukreine.com\/it\/come-creare-il-mio-profilo-sul-sito-ukreine-com\/","og_site_name":"Ukreine","article_publisher":"https:\/\/www.facebook.com\/datingrussianbrides\/","article_modified_time":"2025-12-13T23:41:20+00:00","og_image":[{"width":1867,"height":1447,"url":"https:\/\/ukreine.com\/wp-content\/uploads\/2025\/12\/perfile-it.png","type":"image\/png"}],"twitter_card":"summary_large_image","twitter_site":"@t4388388833","twitter_misc":{"Tempo di lettura stimato":"3 minuti"},"schema":{"@context":"https:\/\/schema.org","@graph":[{"@type":"WebPage","@id":"https:\/\/ukreine.com\/it\/come-creare-il-mio-profilo-sul-sito-ukreine-com\/","url":"https:\/\/ukreine.com\/it\/come-creare-il-mio-profilo-sul-sito-ukreine-com\/","name":"Come creare il mio profilo sul sito UkReine.com","isPartOf":{"@id":"https:\/\/ukreine.com\/it\/#website"},"primaryImageOfPage":{"@id":"https:\/\/ukreine.com\/it\/come-creare-il-mio-profilo-sul-sito-ukreine-com\/#primaryimage"},"image":{"@id":"https:\/\/ukreine.com\/it\/come-creare-il-mio-profilo-sul-sito-ukreine-com\/#primaryimage"},"thumbnailUrl":"https:\/\/ukreine.com\/wp-content\/uploads\/2025\/12\/perfile-it-1024x794.png","datePublished":"2025-12-13T23:41:16+00:00","dateModified":"2025-12-13T23:41:20+00:00","description":"Come creare il mio profilo sul sito UkReine.com","breadcrumb":{"@id":"https:\/\/ukreine.com\/it\/come-creare-il-mio-profilo-sul-sito-ukreine-com\/#breadcrumb"},"inLanguage":"it-IT","potentialAction":[{"@type":"ReadAction","target":["https:\/\/ukreine.com\/it\/come-creare-il-mio-profilo-sul-sito-ukreine-com\/"]}]},{"@type":"ImageObject","inLanguage":"it-IT","@id":"https:\/\/ukreine.com\/it\/come-creare-il-mio-profilo-sul-sito-ukreine-com\/#primaryimage","url":"https:\/\/ukreine.com\/wp-content\/uploads\/2025\/12\/perfile-it-1024x794.png","contentUrl":"https:\/\/ukreine.com\/wp-content\/uploads\/2025\/12\/perfile-it-1024x794.png"},{"@type":"BreadcrumbList","@id":"https:\/\/ukreine.com\/it\/come-creare-il-mio-profilo-sul-sito-ukreine-com\/#breadcrumb","itemListElement":[{"@type":"ListItem","position":1,"name":"Home","item":"https:\/\/ukreine.com\/it\/"},{"@type":"ListItem","position":2,"name":"Come creare il mio profilo sul sito UkReine.com"}]},{"@type":"WebSite","@id":"https:\/\/ukreine.com\/it\/#website","url":"https:\/\/ukreine.com\/it\/","name":"Ukreine","description":"","publisher":{"@id":"https:\/\/ukreine.com\/it\/#organization"},"potentialAction":[{"@type":"SearchAction","target":{"@type":"EntryPoint","urlTemplate":"https:\/\/ukreine.com\/it\/?s={search_term_string}"},"query-input":{"@type":"PropertyValueSpecification","valueRequired":true,"valueName":"search_term_string"}}],"inLanguage":"it-IT"},{"@type":"Organization","@id":"https:\/\/ukreine.com\/it\/#organization","name":"Ukreine","url":"https:\/\/ukreine.com\/it\/","logo":{"@type":"ImageObject","inLanguage":"it-IT","@id":"https:\/\/ukreine.com\/it\/#\/schema\/logo\/image\/","url":"https:\/\/ukreine.com\/wp-content\/uploads\/2018\/05\/logo.png","contentUrl":"https:\/\/ukreine.com\/wp-content\/uploads\/2018\/05\/logo.png","width":325,"height":69,"caption":"Ukreine"},"image":{"@id":"https:\/\/ukreine.com\/it\/#\/schema\/logo\/image\/"},"sameAs":["https:\/\/www.facebook.com\/datingrussianbrides\/","https:\/\/x.com\/t4388388833","https:\/\/www.instagram.com\/agenceukreine\/","https:\/\/www.pinterest.com\/dbereznyakov\/","https:\/\/www.youtube.com\/channel\/UC5lMwPhy20E8Bti0mQL43UA"]}]}},"_links":{"self":[{"href":"https:\/\/ukreine.com\/it\/wp-json\/wp\/v2\/pages\/1041347","targetHints":{"allow":["GET"]}}],"collection":[{"href":"https:\/\/ukreine.com\/it\/wp-json\/wp\/v2\/pages"}],"about":[{"href":"https:\/\/ukreine.com\/it\/wp-json\/wp\/v2\/types\/page"}],"author":[{"embeddable":true,"href":"https:\/\/ukreine.com\/it\/wp-json\/wp\/v2\/users\/32311"}],"replies":[{"embeddable":true,"href":"https:\/\/ukreine.com\/it\/wp-json\/wp\/v2\/comments?post=1041347"}],"version-history":[{"count":2,"href":"https:\/\/ukreine.com\/it\/wp-json\/wp\/v2\/pages\/1041347\/revisions"}],"predecessor-version":[{"id":1041674,"href":"https:\/\/ukreine.com\/it\/wp-json\/wp\/v2\/pages\/1041347\/revisions\/1041674"}],"wp:attachment":[{"href":"https:\/\/ukreine.com\/it\/wp-json\/wp\/v2\/media?parent=1041347"}],"curies":[{"name":"wp","href":"https:\/\/api.w.org\/{rel}","templated":true}]}}