{"id":1041130,"date":"2025-12-09T16:56:11","date_gmt":"2025-12-09T16:56:11","guid":{"rendered":"https:\/\/ukreine.com\/?page_id=1041130"},"modified":"2025-12-09T16:56:15","modified_gmt":"2025-12-09T16:56:15","slug":"quali-sono-le-probabilita-di-incontrare-una-donna-ucraina-che-vive-gia-in-italia","status":"publish","type":"page","link":"https:\/\/ukreine.com\/it\/quali-sono-le-probabilita-di-incontrare-una-donna-ucraina-che-vive-gia-in-italia\/","title":{"rendered":"Quali sono le probabilit\u00e0 di incontrare una donna ucraina che vive gi\u00e0 in Italia?"},"content":{"rendered":"<p data-start=\"126\" data-end=\"308\">Certo, il numero di donne russe single che vivono in Italia non \u00e8 paragonabile al numero di donne ucraine che si trovano ancora in Ucraina.<\/p>\n<p data-start=\"310\" data-end=\"560\">Per ogni bella donna ucraina che \u00e8 gi\u00e0 in Italia ci sono circa 3 uomini interessati. Al contrario, se la donna si trova ancora in Ucraina, il rapporto \u00e8 di 3 donne per 1 uomo, quindi la differenza \u00e8 enorme.<\/p>\n<p data-start=\"562\" data-end=\"995\">Dunque, se una donna ucraina \u00e8 in Italia, \u00e8 lei che sceglie: l\u2019uomo non deve essere pi\u00f9 vecchio di lei (massimo 3\u20135 anni di differenza), deve vivere in una grande citt\u00e0, essere bello, sportivo, avere un reddito superiore alla media, possedere una casa\u2026 insomma, tutte le esigenze della vita occidentale che spesso fanno perdere alle donne ucraine gi\u00e0 stabilite in un Paese occidentale i loro valori familiari tradizionali.<\/p>\n<p data-start=\"997\" data-end=\"1139\">Al contrario, una donna che vive ancora in Ucraina accetter\u00e0 una differenza d\u2019et\u00e0 fino a 15 anni ed \u00e8 pi\u00f9 interessata alla vostra personalit\u00e0.<\/p>\n<p data-start=\"1141\" data-end=\"1272\">Inoltre, anche con un reddito piuttosto modesto in Italia, superate di gran lunga il reddito medio di un uomo ucraino.<\/p>\n<p data-start=\"1274\" data-end=\"1330\"><strong data-start=\"1274\" data-end=\"1330\">Vantaggi se la donna ucraina \u00e8 gi\u00e0 nel Italia:<\/strong><\/p>\n<ul data-start=\"1332\" data-end=\"1380\">\n<li data-start=\"1332\" data-end=\"1354\">\n<p data-start=\"1334\" data-end=\"1354\">Parla gi\u00e0 francese<\/p>\n<\/li>\n<li data-start=\"1355\" data-end=\"1380\">\n<p data-start=\"1357\" data-end=\"1380\">Pu\u00f2 gi\u00e0 avere un lavoro<\/p>\n<\/li>\n<\/ul>\n<p data-start=\"1382\" data-end=\"1439\"><strong data-start=\"1382\" data-end=\"1439\">Svantaggi se la donna ucraina \u00e8 gi\u00e0 nel Italia:<\/strong><\/p>\n<ul data-start=\"1441\" data-end=\"1518\">\n<li data-start=\"1441\" data-end=\"1465\">\n<p data-start=\"1443\" data-end=\"1465\">Maggiore concorrenza<\/p>\n<\/li>\n<li data-start=\"1466\" data-end=\"1518\">\n<p data-start=\"1468\" data-end=\"1518\">La donna pu\u00f2 essere gi\u00e0 radicata in un\u2019altra citt\u00e0<\/p>\n<\/li>\n<\/ul>\n<p data-start=\"1520\" data-end=\"1573\"><strong data-start=\"1520\" data-end=\"1573\">Vantaggi se la donna ucraina \u00e8 ancora in Ucraina:<\/strong><\/p>\n<ul data-start=\"1575\" data-end=\"1763\">\n<li data-start=\"1575\" data-end=\"1697\">\n<p data-start=\"1577\" data-end=\"1697\">Pi\u00f9 scelta e meno concorrenza, quindi pi\u00f9 donne che corrispondono ai vostri criteri e un tasso di successo pi\u00f9 elevato<\/p>\n<\/li>\n<li data-start=\"1698\" data-end=\"1763\">\n<p data-start=\"1700\" data-end=\"1763\">Pi\u00f9 probabilit\u00e0 di incontrare una donna con valori tradizionali<\/p>\n<\/li>\n<\/ul>\n<p data-start=\"1765\" data-end=\"1819\"><strong data-start=\"1765\" data-end=\"1819\">Svantaggi se la donna ucraina \u00e8 ancora in Ucraina:<\/strong><\/p>\n<ul data-start=\"1821\" data-end=\"1974\">\n<li data-start=\"1821\" data-end=\"1889\">\n<p data-start=\"1823\" data-end=\"1889\">Problemi di comunicazione orale nella prima fase della relazione<\/p>\n<\/li>\n<li data-start=\"1890\" data-end=\"1974\">\n<p data-start=\"1892\" data-end=\"1974\">Procedure amministrative per permettere alla donna di trasferirsi nel <strong data-start=\"1274\" data-end=\"1330\">Italia<\/strong><\/p>\n<\/li>\n<\/ul>\n<p data-start=\"1976\" data-end=\"1992\"><strong data-start=\"1976\" data-end=\"1992\">Conclusione:<\/strong><\/p>\n<p data-start=\"1994\" data-end=\"2249\">Consigliamo sempre ai nostri clienti di concentrarsi sui criteri fondamentali: et\u00e0, aspetto, carattere, professione, ecc., e di prestare meno attenzione ai criteri facilmente modificabili: luogo attuale, livello di lingua attuale, colore dei capelli, ecc.<\/p>\n","protected":false},"excerpt":{"rendered":"<p>Certo, il numero di donne russe single che vivono in Italia non \u00e8 paragonabile al numero di donne ucraine che si trovano ancora in Ucraina. Per ogni bella donna ucraina che \u00e8 gi\u00e0 in Italia ci sono circa 3 uomini interessati. Al contrario, se la donna si trova ancora in Ucraina, il rapporto \u00e8 di [&hellip;]<\/p>\n","protected":false},"author":54,"featured_media":0,"parent":0,"menu_order":0,"comment_status":"closed","ping_status":"closed","template":"","meta":{"_acf_changed":false,"footnotes":""},"class_list":["post-1041130","page","type-page","status-publish","hentry"],"acf":[],"yoast_head":"<!-- This site is optimized with the Yoast SEO Premium plugin v25.5 (Yoast SEO v27.2) - https:\/\/yoast.com\/product\/yoast-seo-premium-wordpress\/ -->\n<title>incontrare una donna ucraina che vive gi\u00e0 in Italia<\/title>\n<meta name=\"description\" content=\"Quali sono le probabilit\u00e0 di incontrare una donna ucraina che vive gi\u00e0 in Italia?\" \/>\n<meta name=\"robots\" content=\"index, follow, max-snippet:-1, max-image-preview:large, max-video-preview:-1\" \/>\n<link rel=\"canonical\" href=\"https:\/\/ukreine.com\/it\/quali-sono-le-probabilita-di-incontrare-una-donna-ucraina-che-vive-gia-in-italia\/\" \/>\n<meta property=\"og:locale\" content=\"it_IT\" \/>\n<meta property=\"og:type\" content=\"article\" \/>\n<meta property=\"og:title\" content=\"Quali sono le probabilit\u00e0 di incontrare una donna ucraina che vive gi\u00e0 in Italia?\" \/>\n<meta property=\"og:description\" content=\"Quali sono le probabilit\u00e0 di incontrare una donna ucraina che vive gi\u00e0 in Italia?\" \/>\n<meta property=\"og:url\" content=\"https:\/\/ukreine.com\/it\/quali-sono-le-probabilita-di-incontrare-una-donna-ucraina-che-vive-gia-in-italia\/\" \/>\n<meta property=\"og:site_name\" content=\"Ukreine\" \/>\n<meta property=\"article:publisher\" content=\"https:\/\/www.facebook.com\/datingrussianbrides\/\" \/>\n<meta property=\"article:modified_time\" content=\"2025-12-09T16:56:15+00:00\" \/>\n<meta name=\"twitter:card\" content=\"summary_large_image\" \/>\n<meta name=\"twitter:site\" content=\"@t4388388833\" \/>\n<meta name=\"twitter:label1\" content=\"Tempo di lettura stimato\" \/>\n\t<meta name=\"twitter:data1\" content=\"2 minuti\" \/>\n<script type=\"application\/ld+json\" class=\"yoast-schema-graph\">{\"@context\":\"https:\/\/schema.org\",\"@graph\":[{\"@type\":\"WebPage\",\"@id\":\"https:\/\/ukreine.com\/it\/quali-sono-le-probabilita-di-incontrare-una-donna-ucraina-che-vive-gia-in-italia\/\",\"url\":\"https:\/\/ukreine.com\/it\/quali-sono-le-probabilita-di-incontrare-una-donna-ucraina-che-vive-gia-in-italia\/\",\"name\":\"incontrare una donna ucraina che vive gi\u00e0 in Italia\",\"isPartOf\":{\"@id\":\"https:\/\/ukreine.com\/it\/#website\"},\"datePublished\":\"2025-12-09T16:56:11+00:00\",\"dateModified\":\"2025-12-09T16:56:15+00:00\",\"description\":\"Quali sono le probabilit\u00e0 di incontrare una donna ucraina che vive gi\u00e0 in Italia?\",\"breadcrumb\":{\"@id\":\"https:\/\/ukreine.com\/it\/quali-sono-le-probabilita-di-incontrare-una-donna-ucraina-che-vive-gia-in-italia\/#breadcrumb\"},\"inLanguage\":\"it-IT\",\"potentialAction\":[{\"@type\":\"ReadAction\",\"target\":[\"https:\/\/ukreine.com\/it\/quali-sono-le-probabilita-di-incontrare-una-donna-ucraina-che-vive-gia-in-italia\/\"]}]},{\"@type\":\"BreadcrumbList\",\"@id\":\"https:\/\/ukreine.com\/it\/quali-sono-le-probabilita-di-incontrare-una-donna-ucraina-che-vive-gia-in-italia\/#breadcrumb\",\"itemListElement\":[{\"@type\":\"ListItem\",\"position\":1,\"name\":\"Home\",\"item\":\"https:\/\/ukreine.com\/it\/\"},{\"@type\":\"ListItem\",\"position\":2,\"name\":\"Quali sono le probabilit\u00e0 di incontrare una donna ucraina che vive gi\u00e0 in Italia?\"}]},{\"@type\":\"WebSite\",\"@id\":\"https:\/\/ukreine.com\/it\/#website\",\"url\":\"https:\/\/ukreine.com\/it\/\",\"name\":\"Ukreine\",\"description\":\"\",\"publisher\":{\"@id\":\"https:\/\/ukreine.com\/it\/#organization\"},\"potentialAction\":[{\"@type\":\"SearchAction\",\"target\":{\"@type\":\"EntryPoint\",\"urlTemplate\":\"https:\/\/ukreine.com\/it\/?s={search_term_string}\"},\"query-input\":{\"@type\":\"PropertyValueSpecification\",\"valueRequired\":true,\"valueName\":\"search_term_string\"}}],\"inLanguage\":\"it-IT\"},{\"@type\":\"Organization\",\"@id\":\"https:\/\/ukreine.com\/it\/#organization\",\"name\":\"Ukreine\",\"url\":\"https:\/\/ukreine.com\/it\/\",\"logo\":{\"@type\":\"ImageObject\",\"inLanguage\":\"it-IT\",\"@id\":\"https:\/\/ukreine.com\/it\/#\/schema\/logo\/image\/\",\"url\":\"https:\/\/ukreine.com\/wp-content\/uploads\/2018\/05\/logo.png\",\"contentUrl\":\"https:\/\/ukreine.com\/wp-content\/uploads\/2018\/05\/logo.png\",\"width\":325,\"height\":69,\"caption\":\"Ukreine\"},\"image\":{\"@id\":\"https:\/\/ukreine.com\/it\/#\/schema\/logo\/image\/\"},\"sameAs\":[\"https:\/\/www.facebook.com\/datingrussianbrides\/\",\"https:\/\/x.com\/t4388388833\",\"https:\/\/www.instagram.com\/agenceukreine\/\",\"https:\/\/www.pinterest.com\/dbereznyakov\/\",\"https:\/\/www.youtube.com\/channel\/UC5lMwPhy20E8Bti0mQL43UA\"]}]}<\/script>\n<!-- \/ Yoast SEO Premium plugin. -->","yoast_head_json":{"title":"incontrare una donna ucraina che vive gi\u00e0 in Italia","description":"Quali sono le probabilit\u00e0 di incontrare una donna ucraina che vive gi\u00e0 in Italia?","robots":{"index":"index","follow":"follow","max-snippet":"max-snippet:-1","max-image-preview":"max-image-preview:large","max-video-preview":"max-video-preview:-1"},"canonical":"https:\/\/ukreine.com\/it\/quali-sono-le-probabilita-di-incontrare-una-donna-ucraina-che-vive-gia-in-italia\/","og_locale":"it_IT","og_type":"article","og_title":"Quali sono le probabilit\u00e0 di incontrare una donna ucraina che vive gi\u00e0 in Italia?","og_description":"Quali sono le probabilit\u00e0 di incontrare una donna ucraina che vive gi\u00e0 in Italia?","og_url":"https:\/\/ukreine.com\/it\/quali-sono-le-probabilita-di-incontrare-una-donna-ucraina-che-vive-gia-in-italia\/","og_site_name":"Ukreine","article_publisher":"https:\/\/www.facebook.com\/datingrussianbrides\/","article_modified_time":"2025-12-09T16:56:15+00:00","twitter_card":"summary_large_image","twitter_site":"@t4388388833","twitter_misc":{"Tempo di lettura stimato":"2 minuti"},"schema":{"@context":"https:\/\/schema.org","@graph":[{"@type":"WebPage","@id":"https:\/\/ukreine.com\/it\/quali-sono-le-probabilita-di-incontrare-una-donna-ucraina-che-vive-gia-in-italia\/","url":"https:\/\/ukreine.com\/it\/quali-sono-le-probabilita-di-incontrare-una-donna-ucraina-che-vive-gia-in-italia\/","name":"incontrare una donna ucraina che vive gi\u00e0 in Italia","isPartOf":{"@id":"https:\/\/ukreine.com\/it\/#website"},"datePublished":"2025-12-09T16:56:11+00:00","dateModified":"2025-12-09T16:56:15+00:00","description":"Quali sono le probabilit\u00e0 di incontrare una donna ucraina che vive gi\u00e0 in Italia?","breadcrumb":{"@id":"https:\/\/ukreine.com\/it\/quali-sono-le-probabilita-di-incontrare-una-donna-ucraina-che-vive-gia-in-italia\/#breadcrumb"},"inLanguage":"it-IT","potentialAction":[{"@type":"ReadAction","target":["https:\/\/ukreine.com\/it\/quali-sono-le-probabilita-di-incontrare-una-donna-ucraina-che-vive-gia-in-italia\/"]}]},{"@type":"BreadcrumbList","@id":"https:\/\/ukreine.com\/it\/quali-sono-le-probabilita-di-incontrare-una-donna-ucraina-che-vive-gia-in-italia\/#breadcrumb","itemListElement":[{"@type":"ListItem","position":1,"name":"Home","item":"https:\/\/ukreine.com\/it\/"},{"@type":"ListItem","position":2,"name":"Quali sono le probabilit\u00e0 di incontrare una donna ucraina che vive gi\u00e0 in Italia?"}]},{"@type":"WebSite","@id":"https:\/\/ukreine.com\/it\/#website","url":"https:\/\/ukreine.com\/it\/","name":"Ukreine","description":"","publisher":{"@id":"https:\/\/ukreine.com\/it\/#organization"},"potentialAction":[{"@type":"SearchAction","target":{"@type":"EntryPoint","urlTemplate":"https:\/\/ukreine.com\/it\/?s={search_term_string}"},"query-input":{"@type":"PropertyValueSpecification","valueRequired":true,"valueName":"search_term_string"}}],"inLanguage":"it-IT"},{"@type":"Organization","@id":"https:\/\/ukreine.com\/it\/#organization","name":"Ukreine","url":"https:\/\/ukreine.com\/it\/","logo":{"@type":"ImageObject","inLanguage":"it-IT","@id":"https:\/\/ukreine.com\/it\/#\/schema\/logo\/image\/","url":"https:\/\/ukreine.com\/wp-content\/uploads\/2018\/05\/logo.png","contentUrl":"https:\/\/ukreine.com\/wp-content\/uploads\/2018\/05\/logo.png","width":325,"height":69,"caption":"Ukreine"},"image":{"@id":"https:\/\/ukreine.com\/it\/#\/schema\/logo\/image\/"},"sameAs":["https:\/\/www.facebook.com\/datingrussianbrides\/","https:\/\/x.com\/t4388388833","https:\/\/www.instagram.com\/agenceukreine\/","https:\/\/www.pinterest.com\/dbereznyakov\/","https:\/\/www.youtube.com\/channel\/UC5lMwPhy20E8Bti0mQL43UA"]}]}},"_links":{"self":[{"href":"https:\/\/ukreine.com\/it\/wp-json\/wp\/v2\/pages\/1041130","targetHints":{"allow":["GET"]}}],"collection":[{"href":"https:\/\/ukreine.com\/it\/wp-json\/wp\/v2\/pages"}],"about":[{"href":"https:\/\/ukreine.com\/it\/wp-json\/wp\/v2\/types\/page"}],"author":[{"embeddable":true,"href":"https:\/\/ukreine.com\/it\/wp-json\/wp\/v2\/users\/54"}],"replies":[{"embeddable":true,"href":"https:\/\/ukreine.com\/it\/wp-json\/wp\/v2\/comments?post=1041130"}],"version-history":[{"count":1,"href":"https:\/\/ukreine.com\/it\/wp-json\/wp\/v2\/pages\/1041130\/revisions"}],"predecessor-version":[{"id":1041131,"href":"https:\/\/ukreine.com\/it\/wp-json\/wp\/v2\/pages\/1041130\/revisions\/1041131"}],"wp:attachment":[{"href":"https:\/\/ukreine.com\/it\/wp-json\/wp\/v2\/media?parent=1041130"}],"curies":[{"name":"wp","href":"https:\/\/api.w.org\/{rel}","templated":true}]}}