{"id":1040841,"date":"2025-12-09T03:43:36","date_gmt":"2025-12-09T03:43:36","guid":{"rendered":"https:\/\/ukreine.com\/?page_id=1040841"},"modified":"2025-12-09T03:43:39","modified_gmt":"2025-12-09T03:43:39","slug":"posso-contattare-direttamente-una-donna-russa-o-ucraina","status":"publish","type":"page","link":"https:\/\/ukreine.com\/it\/posso-contattare-direttamente-una-donna-russa-o-ucraina\/","title":{"rendered":"Posso contattare direttamente una donna russa o ucraina?"},"content":{"rendered":"<p data-start=\"93\" data-end=\"241\"><strong>L\u2019obiettivo della nostra agenzia coincide al 100% con le esigenze dei nostri clienti:<\/strong><\/p>\n<ul data-start=\"243\" data-end=\"465\">\n<li data-start=\"243\" data-end=\"311\">\n<p data-start=\"245\" data-end=\"311\">Incoraggiamo uno scambio rapido di contatti diretti con le donne<\/p>\n<\/li>\n<li data-start=\"312\" data-end=\"373\">\n<p data-start=\"314\" data-end=\"373\">Non limitiamo gli uomini nel numero di contatti scambiati<\/p>\n<\/li>\n<li data-start=\"374\" data-end=\"465\">\n<p data-start=\"376\" data-end=\"465\">Offriamo i nostri pacchetti per una durata sufficiente a ottenere un risultato positivo<\/p>\n<\/li>\n<\/ul>\n<p data-start=\"467\" data-end=\"566\"><strong data-start=\"467\" data-end=\"566\">Allora perch\u00e9 non \u00e8 permesso scambiare i contatti diretti nei messaggi inviati tramite il sito?<\/strong><\/p>\n<p data-start=\"568\" data-end=\"747\">Lo scopo di questa fase \u00e8 semplice: i messaggi servono a un unico obiettivo \u2014 permettere agli uomini di sapere se le donne che li interessano sono a loro volta interessate a loro.<\/p>\n<p data-start=\"749\" data-end=\"1229\">Esistono gi\u00e0 abbastanza servizi di incontri gratuiti saturi di profili femminili falsi e di profili di uomini non seri in cerca soltanto di relazioni occasionali.<br data-start=\"911\" data-end=\"914\" \/>Da parte nostra investiamo molto per cercare, verificare e intervistare donne ucraine single, selezionando solo le pi\u00f9 attraenti, serie e motivate. Manteniamo i loro profili esclusivamente per uomini seri alla ricerca di una relazione a lungo termine, cos\u00ec da garantire loro il pi\u00f9 alto tasso di successo possibile.<\/p>\n<p data-start=\"1231\" data-end=\"1294\"><strong data-start=\"1231\" data-end=\"1294\">Come procedere per scambiare contatti diretti con le donne?<\/strong><\/p>\n<p data-start=\"1296\" data-end=\"1591\">Una volta identificata la donna o le donne che vi interessano e che sono interessate a voi, scegliete uno dei <a href=\"https:\/\/ukreine.com\/it\/incontrare-donna-russa-ucraina\/\">nostri pacchetti<\/a> e contattate la vostra assistente personale, che vi fornir\u00e0 i contatti delle donne, effettuer\u00e0 i follow-up e promuover\u00e0 il vostro profilo quando una donna vi interessa.<\/p>\n<p data-start=\"1593\" data-end=\"1635\"><strong data-start=\"1593\" data-end=\"1635\">Quali sono le probabilit\u00e0 di successo?<\/strong><\/p>\n<p data-start=\"1637\" data-end=\"1852\">Innanzitutto, quasi 30 anni di esperienza ci hanno permesso di sviluppare pacchetti la cui durata, il rapporto uomini-donne e il numero di scambi di contatti possibili offrono un tasso di successo superiore all\u201980%.<\/p>\n<p data-start=\"1854\" data-end=\"2078\">Questo tasso elevato si spiega anche dal fatto che il nostro ruolo \u00e8 promuovere ciascuno dei nostri clienti, poich\u00e9 siamo in contatto permanente con le donne e la nostra opinione conta molto nelle prime fasi della relazione.<\/p>\n","protected":false},"excerpt":{"rendered":"<p>L\u2019obiettivo della nostra agenzia coincide al 100% con le esigenze dei nostri clienti: Incoraggiamo uno scambio rapido di contatti diretti con le donne Non limitiamo gli uomini nel numero di contatti scambiati Offriamo i nostri pacchetti per una durata sufficiente a ottenere un risultato positivo Allora perch\u00e9 non \u00e8 permesso scambiare i contatti diretti nei [&hellip;]<\/p>\n","protected":false},"author":54,"featured_media":0,"parent":0,"menu_order":0,"comment_status":"closed","ping_status":"closed","template":"","meta":{"_acf_changed":false,"footnotes":""},"class_list":["post-1040841","page","type-page","status-publish","hentry"],"acf":[],"yoast_head":"<!-- This site is optimized with the Yoast SEO Premium plugin v25.5 (Yoast SEO v27.2) - https:\/\/yoast.com\/product\/yoast-seo-premium-wordpress\/ -->\n<title>Como contattare direttamente una donna russa o ucraina?<\/title>\n<meta name=\"description\" content=\"Posso contattare direttamente una donna russa o ucraina? Incoraggiamo uno scambio rapido di contatti diretti con le donne\" \/>\n<meta name=\"robots\" content=\"index, follow, max-snippet:-1, max-image-preview:large, max-video-preview:-1\" \/>\n<link rel=\"canonical\" href=\"https:\/\/ukreine.com\/it\/posso-contattare-direttamente-una-donna-russa-o-ucraina\/\" \/>\n<meta property=\"og:locale\" content=\"it_IT\" \/>\n<meta property=\"og:type\" content=\"article\" \/>\n<meta property=\"og:title\" content=\"Posso contattare direttamente una donna russa o ucraina?\" \/>\n<meta property=\"og:description\" content=\"Posso contattare direttamente una donna russa o ucraina? Incoraggiamo uno scambio rapido di contatti diretti con le donne\" \/>\n<meta property=\"og:url\" content=\"https:\/\/ukreine.com\/it\/posso-contattare-direttamente-una-donna-russa-o-ucraina\/\" \/>\n<meta property=\"og:site_name\" content=\"Ukreine\" \/>\n<meta property=\"article:publisher\" content=\"https:\/\/www.facebook.com\/datingrussianbrides\/\" \/>\n<meta property=\"article:modified_time\" content=\"2025-12-09T03:43:39+00:00\" \/>\n<meta name=\"twitter:card\" content=\"summary_large_image\" \/>\n<meta name=\"twitter:site\" content=\"@t4388388833\" \/>\n<meta name=\"twitter:label1\" content=\"Tempo di lettura stimato\" \/>\n\t<meta name=\"twitter:data1\" content=\"2 minuti\" \/>\n<script type=\"application\/ld+json\" class=\"yoast-schema-graph\">{\"@context\":\"https:\/\/schema.org\",\"@graph\":[{\"@type\":\"WebPage\",\"@id\":\"https:\/\/ukreine.com\/it\/posso-contattare-direttamente-una-donna-russa-o-ucraina\/\",\"url\":\"https:\/\/ukreine.com\/it\/posso-contattare-direttamente-una-donna-russa-o-ucraina\/\",\"name\":\"Como contattare direttamente una donna russa o ucraina?\",\"isPartOf\":{\"@id\":\"https:\/\/ukreine.com\/it\/#website\"},\"datePublished\":\"2025-12-09T03:43:36+00:00\",\"dateModified\":\"2025-12-09T03:43:39+00:00\",\"description\":\"Posso contattare direttamente una donna russa o ucraina? Incoraggiamo uno scambio rapido di contatti diretti con le donne\",\"breadcrumb\":{\"@id\":\"https:\/\/ukreine.com\/it\/posso-contattare-direttamente-una-donna-russa-o-ucraina\/#breadcrumb\"},\"inLanguage\":\"it-IT\",\"potentialAction\":[{\"@type\":\"ReadAction\",\"target\":[\"https:\/\/ukreine.com\/it\/posso-contattare-direttamente-una-donna-russa-o-ucraina\/\"]}]},{\"@type\":\"BreadcrumbList\",\"@id\":\"https:\/\/ukreine.com\/it\/posso-contattare-direttamente-una-donna-russa-o-ucraina\/#breadcrumb\",\"itemListElement\":[{\"@type\":\"ListItem\",\"position\":1,\"name\":\"Home\",\"item\":\"https:\/\/ukreine.com\/it\/\"},{\"@type\":\"ListItem\",\"position\":2,\"name\":\"Posso contattare direttamente una donna russa o ucraina?\"}]},{\"@type\":\"WebSite\",\"@id\":\"https:\/\/ukreine.com\/it\/#website\",\"url\":\"https:\/\/ukreine.com\/it\/\",\"name\":\"Ukreine\",\"description\":\"\",\"publisher\":{\"@id\":\"https:\/\/ukreine.com\/it\/#organization\"},\"potentialAction\":[{\"@type\":\"SearchAction\",\"target\":{\"@type\":\"EntryPoint\",\"urlTemplate\":\"https:\/\/ukreine.com\/it\/?s={search_term_string}\"},\"query-input\":{\"@type\":\"PropertyValueSpecification\",\"valueRequired\":true,\"valueName\":\"search_term_string\"}}],\"inLanguage\":\"it-IT\"},{\"@type\":\"Organization\",\"@id\":\"https:\/\/ukreine.com\/it\/#organization\",\"name\":\"Ukreine\",\"url\":\"https:\/\/ukreine.com\/it\/\",\"logo\":{\"@type\":\"ImageObject\",\"inLanguage\":\"it-IT\",\"@id\":\"https:\/\/ukreine.com\/it\/#\/schema\/logo\/image\/\",\"url\":\"https:\/\/ukreine.com\/wp-content\/uploads\/2018\/05\/logo.png\",\"contentUrl\":\"https:\/\/ukreine.com\/wp-content\/uploads\/2018\/05\/logo.png\",\"width\":325,\"height\":69,\"caption\":\"Ukreine\"},\"image\":{\"@id\":\"https:\/\/ukreine.com\/it\/#\/schema\/logo\/image\/\"},\"sameAs\":[\"https:\/\/www.facebook.com\/datingrussianbrides\/\",\"https:\/\/x.com\/t4388388833\",\"https:\/\/www.instagram.com\/agenceukreine\/\",\"https:\/\/www.pinterest.com\/dbereznyakov\/\",\"https:\/\/www.youtube.com\/channel\/UC5lMwPhy20E8Bti0mQL43UA\"]}]}<\/script>\n<!-- \/ Yoast SEO Premium plugin. -->","yoast_head_json":{"title":"Como contattare direttamente una donna russa o ucraina?","description":"Posso contattare direttamente una donna russa o ucraina? Incoraggiamo uno scambio rapido di contatti diretti con le donne","robots":{"index":"index","follow":"follow","max-snippet":"max-snippet:-1","max-image-preview":"max-image-preview:large","max-video-preview":"max-video-preview:-1"},"canonical":"https:\/\/ukreine.com\/it\/posso-contattare-direttamente-una-donna-russa-o-ucraina\/","og_locale":"it_IT","og_type":"article","og_title":"Posso contattare direttamente una donna russa o ucraina?","og_description":"Posso contattare direttamente una donna russa o ucraina? Incoraggiamo uno scambio rapido di contatti diretti con le donne","og_url":"https:\/\/ukreine.com\/it\/posso-contattare-direttamente-una-donna-russa-o-ucraina\/","og_site_name":"Ukreine","article_publisher":"https:\/\/www.facebook.com\/datingrussianbrides\/","article_modified_time":"2025-12-09T03:43:39+00:00","twitter_card":"summary_large_image","twitter_site":"@t4388388833","twitter_misc":{"Tempo di lettura stimato":"2 minuti"},"schema":{"@context":"https:\/\/schema.org","@graph":[{"@type":"WebPage","@id":"https:\/\/ukreine.com\/it\/posso-contattare-direttamente-una-donna-russa-o-ucraina\/","url":"https:\/\/ukreine.com\/it\/posso-contattare-direttamente-una-donna-russa-o-ucraina\/","name":"Como contattare direttamente una donna russa o ucraina?","isPartOf":{"@id":"https:\/\/ukreine.com\/it\/#website"},"datePublished":"2025-12-09T03:43:36+00:00","dateModified":"2025-12-09T03:43:39+00:00","description":"Posso contattare direttamente una donna russa o ucraina? Incoraggiamo uno scambio rapido di contatti diretti con le donne","breadcrumb":{"@id":"https:\/\/ukreine.com\/it\/posso-contattare-direttamente-una-donna-russa-o-ucraina\/#breadcrumb"},"inLanguage":"it-IT","potentialAction":[{"@type":"ReadAction","target":["https:\/\/ukreine.com\/it\/posso-contattare-direttamente-una-donna-russa-o-ucraina\/"]}]},{"@type":"BreadcrumbList","@id":"https:\/\/ukreine.com\/it\/posso-contattare-direttamente-una-donna-russa-o-ucraina\/#breadcrumb","itemListElement":[{"@type":"ListItem","position":1,"name":"Home","item":"https:\/\/ukreine.com\/it\/"},{"@type":"ListItem","position":2,"name":"Posso contattare direttamente una donna russa o ucraina?"}]},{"@type":"WebSite","@id":"https:\/\/ukreine.com\/it\/#website","url":"https:\/\/ukreine.com\/it\/","name":"Ukreine","description":"","publisher":{"@id":"https:\/\/ukreine.com\/it\/#organization"},"potentialAction":[{"@type":"SearchAction","target":{"@type":"EntryPoint","urlTemplate":"https:\/\/ukreine.com\/it\/?s={search_term_string}"},"query-input":{"@type":"PropertyValueSpecification","valueRequired":true,"valueName":"search_term_string"}}],"inLanguage":"it-IT"},{"@type":"Organization","@id":"https:\/\/ukreine.com\/it\/#organization","name":"Ukreine","url":"https:\/\/ukreine.com\/it\/","logo":{"@type":"ImageObject","inLanguage":"it-IT","@id":"https:\/\/ukreine.com\/it\/#\/schema\/logo\/image\/","url":"https:\/\/ukreine.com\/wp-content\/uploads\/2018\/05\/logo.png","contentUrl":"https:\/\/ukreine.com\/wp-content\/uploads\/2018\/05\/logo.png","width":325,"height":69,"caption":"Ukreine"},"image":{"@id":"https:\/\/ukreine.com\/it\/#\/schema\/logo\/image\/"},"sameAs":["https:\/\/www.facebook.com\/datingrussianbrides\/","https:\/\/x.com\/t4388388833","https:\/\/www.instagram.com\/agenceukreine\/","https:\/\/www.pinterest.com\/dbereznyakov\/","https:\/\/www.youtube.com\/channel\/UC5lMwPhy20E8Bti0mQL43UA"]}]}},"_links":{"self":[{"href":"https:\/\/ukreine.com\/it\/wp-json\/wp\/v2\/pages\/1040841","targetHints":{"allow":["GET"]}}],"collection":[{"href":"https:\/\/ukreine.com\/it\/wp-json\/wp\/v2\/pages"}],"about":[{"href":"https:\/\/ukreine.com\/it\/wp-json\/wp\/v2\/types\/page"}],"author":[{"embeddable":true,"href":"https:\/\/ukreine.com\/it\/wp-json\/wp\/v2\/users\/54"}],"replies":[{"embeddable":true,"href":"https:\/\/ukreine.com\/it\/wp-json\/wp\/v2\/comments?post=1040841"}],"version-history":[{"count":1,"href":"https:\/\/ukreine.com\/it\/wp-json\/wp\/v2\/pages\/1040841\/revisions"}],"predecessor-version":[{"id":1040842,"href":"https:\/\/ukreine.com\/it\/wp-json\/wp\/v2\/pages\/1040841\/revisions\/1040842"}],"wp:attachment":[{"href":"https:\/\/ukreine.com\/it\/wp-json\/wp\/v2\/media?parent=1040841"}],"curies":[{"name":"wp","href":"https:\/\/api.w.org\/{rel}","templated":true}]}}