{"id":1035357,"date":"2025-11-12T03:46:30","date_gmt":"2025-11-12T03:46:30","guid":{"rendered":"https:\/\/ukreine.com\/?page_id=1035357"},"modified":"2025-11-12T03:46:34","modified_gmt":"2025-11-12T03:46:34","slug":"qual-e-il-budget-totale-per-sposare-una-donna-ucraina","status":"publish","type":"page","link":"https:\/\/ukreine.com\/it\/qual-e-il-budget-totale-per-sposare-una-donna-ucraina\/","title":{"rendered":"Qual \u00e8 il budget totale per sposare una donna ucraina?"},"content":{"rendered":"<p data-start=\"3660\" data-end=\"3816\">Alcuni uomini pensano che sia necessario essere <strong data-start=\"3708\" data-end=\"3722\">benestanti<\/strong> per sposare una bella donna russa o ucraina, poich\u00e9 sono donne <strong data-start=\"3786\" data-end=\"3813\">belle, istruite e leali<\/strong>.<\/p>\n<p data-start=\"3818\" data-end=\"4038\">Altri credono che una donna ucraina rappresenti per loro <strong data-start=\"3875\" data-end=\"3899\">l\u2019ultima possibilit\u00e0<\/strong>, pensando che, a causa della guerra, siano cos\u00ec disperate da accettare qualsiasi uomo, anche chi non ha mai avuto successo con le donne.<\/p>\n<p data-start=\"4040\" data-end=\"4234\">Una terza categoria di uomini ritiene di <strong data-start=\"4081\" data-end=\"4119\">non dover investire economicamente<\/strong> nella ricerca di una donna, n\u00e9 negli sforzi per corteggiarla o conquistarla, perch\u00e9 \u201c<strong data-start=\"4205\" data-end=\"4230\">l\u2019amore non si compra<\/strong>.\u201d<\/p>\n<p data-start=\"4236\" data-end=\"4420\">La realt\u00e0 \u00e8 un po\u2019 diversa: si pu\u00f2 benissimo sposare una bella donna ucraina <strong data-start=\"4313\" data-end=\"4343\">senza spendere una fortuna<\/strong>, ma d\u2019altra parte \u00e8 <strong data-start=\"4364\" data-end=\"4417\">impossibile riuscire senza un minimo investimento<\/strong>.<\/p>\n<p data-start=\"4422\" data-end=\"4454\">Ecco il nostro punto di vista.<\/p>\n<hr data-start=\"4456\" data-end=\"4459\" \/>\n<h3 data-start=\"4461\" data-end=\"4487\">\ud83d\udcb0 Il denaro \u00e8 energia<\/h3>\n<p data-start=\"4489\" data-end=\"4676\">Il <strong data-start=\"4492\" data-end=\"4502\">denaro<\/strong> \u00e8 una <strong data-start=\"4509\" data-end=\"4530\">valuta universale<\/strong> che serve a misurare l\u2019energia dell\u2019attivit\u00e0 umana.<br data-start=\"4582\" data-end=\"4585\" \/>Quando lavori, spendi la tua energia (fisica e intellettuale) per trasformarla in denaro.<\/p>\n<p data-start=\"4678\" data-end=\"5033\">Il denaro, a sua volta, ti permette di <strong data-start=\"4717\" data-end=\"4753\">usare l\u2019energia di altre persone<\/strong>:<br data-start=\"4754\" data-end=\"4757\" \/>il lavoro del nostro team per aiutarti a trovare la donna della tua vita,<br data-start=\"4830\" data-end=\"4833\" \/>il lavoro del fiorista da cui compri i fiori,<br data-start=\"4878\" data-end=\"4881\" \/>quello della compagnia aerea che render\u00e0 possibile il vostro primo incontro,<br data-start=\"4957\" data-end=\"4960\" \/>e quello del <strong data-start=\"4973\" data-end=\"4988\">gioielliere<\/strong> che ti vender\u00e0 gli anelli di fidanzamento.<\/p>\n<hr data-start=\"5035\" data-end=\"5038\" \/>\n<h3 data-start=\"5040\" data-end=\"5108\">\ud83d\udcb6 Qual \u00e8 il vero budget per incontrare la donna della tua vita?<\/h3>\n<p data-start=\"5110\" data-end=\"5270\">Offriamo <a href=\"https:\/\/ukreine.com\/it\/incontrare-donna-russa-ucraina\/\"><strong data-start=\"5119\" data-end=\"5156\">pacchetti da 75 \u20ac, 990 \u20ac e 2700 \u20ac<\/strong><\/a>, che ti danno rispettivamente <strong data-start=\"5187\" data-end=\"5214\">il 10%, l\u201985% e il 100%<\/strong> di possibilit\u00e0 di incontrare la donna della tua vita.<\/p>\n<p data-start=\"5272\" data-end=\"5363\">Il <strong data-start=\"5275\" data-end=\"5299\">pacchetto pi\u00f9 scelto<\/strong> \u00e8 quello da <strong data-start=\"5312\" data-end=\"5321\">990 \u20ac<\/strong>, che offre <strong data-start=\"5333\" data-end=\"5360\">oltre l\u201985% di successo<\/strong>.<\/p>\n<p data-start=\"5365\" data-end=\"5608\">Successivamente, dovrai incontrare la donna ucraina, che pu\u00f2 vivere in <strong data-start=\"5436\" data-end=\"5447\">Francia<\/strong>, <strong data-start=\"5449\" data-end=\"5460\">Polonia<\/strong> o <strong data-start=\"5463\" data-end=\"5474\">Ucraina<\/strong>, quindi il <strong data-start=\"5486\" data-end=\"5507\">costo del viaggio<\/strong> varia leggermente.<br data-start=\"5526\" data-end=\"5529\" \/>Spesso, gli uomini incontrano <strong data-start=\"5559\" data-end=\"5574\">2 o 3 donne<\/strong> prima di trovare quella giusta.<\/p>\n<p data-start=\"5610\" data-end=\"5657\">In media, questa fase costa circa <strong data-start=\"5644\" data-end=\"5654\">1000 \u20ac<\/strong>.<\/p>\n<hr data-start=\"5659\" data-end=\"5662\" \/>\n<p data-start=\"5664\" data-end=\"5882\">Poi la donna verr\u00e0 a trovarti per <strong data-start=\"5698\" data-end=\"5715\">una settimana<\/strong> per conoscervi meglio.<br data-start=\"5738\" data-end=\"5741\" \/>A questo punto \u00e8 difficile fare calcoli precisi, perch\u00e9 dipende se allogger\u00e0 da te o in hotel e da cosa avete pianificato per la settimana.<\/p>\n<p data-start=\"5884\" data-end=\"5947\">Inoltre, spenderai <strong data-start=\"5903\" data-end=\"5926\">denaro per entrambi<\/strong>, non solo per lei.<\/p>\n<hr data-start=\"5949\" data-end=\"5952\" \/>\n<p data-start=\"5954\" data-end=\"6069\">Se tutto va bene, la fase successiva riguarda i <strong data-start=\"6002\" data-end=\"6015\">documenti<\/strong> che le permetteranno di <strong data-start=\"6040\" data-end=\"6066\">rimanere nel tuo paese<\/strong>.<\/p>\n<p data-start=\"6071\" data-end=\"6290\">Se vivi in un <strong data-start=\"6085\" data-end=\"6102\">paese dell\u2019UE<\/strong>, le ucraine <strong data-start=\"6115\" data-end=\"6160\">non hanno bisogno di documenti aggiuntivi<\/strong> (a novembre 2025) per vivere e lavorare l\u00ec.<br data-start=\"6204\" data-end=\"6207\" \/>Ricevono anche <strong data-start=\"6222\" data-end=\"6239\">assicurazione<\/strong> e <strong data-start=\"6242\" data-end=\"6258\">un\u2019indennit\u00e0<\/strong> durante la ricerca di lavoro.<\/p>\n<p data-start=\"6292\" data-end=\"6389\">Per altri paesi, la situazione pu\u00f2 essere diversa \u2014 puoi <strong data-start=\"6349\" data-end=\"6386\">contattarci per maggiori dettagli<\/strong>.<\/p>\n<hr data-start=\"6391\" data-end=\"6394\" \/>\n<h3 data-start=\"6396\" data-end=\"6414\">\ud83d\udcac Conclusione<\/h3>\n<p data-start=\"6416\" data-end=\"6535\">\u00c8 vero che <strong data-start=\"6427\" data-end=\"6454\">\u201cl\u2019amore non si compra\u201d<\/strong>,<br data-start=\"6455\" data-end=\"6458\" \/>ma \u00e8 anche vero che dovrai <strong data-start=\"6485\" data-end=\"6508\">spendere del denaro<\/strong> durante il tuo percorso.<\/p>\n<p data-start=\"6537\" data-end=\"6691\">Bisogna quindi prevedere un <strong data-start=\"6565\" data-end=\"6598\">budget minimo di circa 2000 \u20ac<\/strong> per arrivare alla fase in cui hai incontrato una donna ucraina e lei viene poi a trovarti.<\/p>\n<p data-start=\"6693\" data-end=\"6902\">Naturalmente, il <strong data-start=\"6710\" data-end=\"6738\">costo totale pu\u00f2 variare<\/strong> se ti rivolgi altrove,<br data-start=\"6761\" data-end=\"6764\" \/>poich\u00e9 il settore delle <strong data-start=\"6788\" data-end=\"6827\">agenzie matrimoniali internazionali<\/strong> \u00e8 molto opaco \u2014 <strong data-start=\"6844\" data-end=\"6899\">oltre il 90% di ci\u00f2 che si vede online \u00e8 una truffa<\/strong>.<\/p>\n<p data-start=\"6904\" data-end=\"7042\">Come <strong data-start=\"6909\" data-end=\"6999\">fondatori del portale <a class=\"decorated-link\" href=\"https:\/\/AllAboutDatingScams.com\/it\" target=\"_new\" rel=\"noopener\" data-start=\"6933\" data-end=\"6997\">AllAboutDatingScams.com<\/a><\/strong>,<br data-start=\"7000\" data-end=\"7003\" \/>lo sappiamo <strong data-start=\"7015\" data-end=\"7041\">per esperienza diretta<\/strong>.<\/p>\n","protected":false},"excerpt":{"rendered":"<p>Alcuni uomini pensano che sia necessario essere benestanti per sposare una bella donna russa o ucraina, poich\u00e9 sono donne belle, istruite e leali. Altri credono che una donna ucraina rappresenti per loro l\u2019ultima possibilit\u00e0, pensando che, a causa della guerra, siano cos\u00ec disperate da accettare qualsiasi uomo, anche chi non ha mai avuto successo con [&hellip;]<\/p>\n","protected":false},"author":54,"featured_media":0,"parent":0,"menu_order":0,"comment_status":"closed","ping_status":"closed","template":"","meta":{"_acf_changed":false,"footnotes":""},"class_list":["post-1035357","page","type-page","status-publish","hentry"],"acf":[],"yoast_head":"<!-- This site is optimized with the Yoast SEO Premium plugin v25.5 (Yoast SEO v27.2) - https:\/\/yoast.com\/product\/yoast-seo-premium-wordpress\/ -->\n<title>Budget totale per sposare una donna ucraina?<\/title>\n<meta name=\"description\" content=\"Qual \u00e8 il budget totale per sposare una donna ucraina?\" \/>\n<meta name=\"robots\" content=\"index, follow, max-snippet:-1, max-image-preview:large, max-video-preview:-1\" \/>\n<link rel=\"canonical\" href=\"https:\/\/ukreine.com\/it\/qual-e-il-budget-totale-per-sposare-una-donna-ucraina\/\" \/>\n<meta property=\"og:locale\" content=\"it_IT\" \/>\n<meta property=\"og:type\" content=\"article\" \/>\n<meta property=\"og:title\" content=\"Qual \u00e8 il budget totale per sposare una donna ucraina?\" \/>\n<meta property=\"og:description\" content=\"Qual \u00e8 il budget totale per sposare una donna ucraina?\" \/>\n<meta property=\"og:url\" content=\"https:\/\/ukreine.com\/it\/qual-e-il-budget-totale-per-sposare-una-donna-ucraina\/\" \/>\n<meta property=\"og:site_name\" content=\"Ukreine\" \/>\n<meta property=\"article:publisher\" content=\"https:\/\/www.facebook.com\/datingrussianbrides\/\" \/>\n<meta property=\"article:modified_time\" content=\"2025-11-12T03:46:34+00:00\" \/>\n<meta name=\"twitter:card\" content=\"summary_large_image\" \/>\n<meta name=\"twitter:site\" content=\"@t4388388833\" \/>\n<meta name=\"twitter:label1\" content=\"Tempo di lettura stimato\" \/>\n\t<meta name=\"twitter:data1\" content=\"3 minuti\" \/>\n<script type=\"application\/ld+json\" class=\"yoast-schema-graph\">{\"@context\":\"https:\/\/schema.org\",\"@graph\":[{\"@type\":\"WebPage\",\"@id\":\"https:\/\/ukreine.com\/it\/qual-e-il-budget-totale-per-sposare-una-donna-ucraina\/\",\"url\":\"https:\/\/ukreine.com\/it\/qual-e-il-budget-totale-per-sposare-una-donna-ucraina\/\",\"name\":\"Budget totale per sposare una donna ucraina?\",\"isPartOf\":{\"@id\":\"https:\/\/ukreine.com\/it\/#website\"},\"datePublished\":\"2025-11-12T03:46:30+00:00\",\"dateModified\":\"2025-11-12T03:46:34+00:00\",\"description\":\"Qual \u00e8 il budget totale per sposare una donna ucraina?\",\"breadcrumb\":{\"@id\":\"https:\/\/ukreine.com\/it\/qual-e-il-budget-totale-per-sposare-una-donna-ucraina\/#breadcrumb\"},\"inLanguage\":\"it-IT\",\"potentialAction\":[{\"@type\":\"ReadAction\",\"target\":[\"https:\/\/ukreine.com\/it\/qual-e-il-budget-totale-per-sposare-una-donna-ucraina\/\"]}]},{\"@type\":\"BreadcrumbList\",\"@id\":\"https:\/\/ukreine.com\/it\/qual-e-il-budget-totale-per-sposare-una-donna-ucraina\/#breadcrumb\",\"itemListElement\":[{\"@type\":\"ListItem\",\"position\":1,\"name\":\"Home\",\"item\":\"https:\/\/ukreine.com\/it\/\"},{\"@type\":\"ListItem\",\"position\":2,\"name\":\"Qual \u00e8 il budget totale per sposare una donna ucraina?\"}]},{\"@type\":\"WebSite\",\"@id\":\"https:\/\/ukreine.com\/it\/#website\",\"url\":\"https:\/\/ukreine.com\/it\/\",\"name\":\"Ukreine\",\"description\":\"\",\"publisher\":{\"@id\":\"https:\/\/ukreine.com\/it\/#organization\"},\"potentialAction\":[{\"@type\":\"SearchAction\",\"target\":{\"@type\":\"EntryPoint\",\"urlTemplate\":\"https:\/\/ukreine.com\/it\/?s={search_term_string}\"},\"query-input\":{\"@type\":\"PropertyValueSpecification\",\"valueRequired\":true,\"valueName\":\"search_term_string\"}}],\"inLanguage\":\"it-IT\"},{\"@type\":\"Organization\",\"@id\":\"https:\/\/ukreine.com\/it\/#organization\",\"name\":\"Ukreine\",\"url\":\"https:\/\/ukreine.com\/it\/\",\"logo\":{\"@type\":\"ImageObject\",\"inLanguage\":\"it-IT\",\"@id\":\"https:\/\/ukreine.com\/it\/#\/schema\/logo\/image\/\",\"url\":\"https:\/\/ukreine.com\/wp-content\/uploads\/2018\/05\/logo.png\",\"contentUrl\":\"https:\/\/ukreine.com\/wp-content\/uploads\/2018\/05\/logo.png\",\"width\":325,\"height\":69,\"caption\":\"Ukreine\"},\"image\":{\"@id\":\"https:\/\/ukreine.com\/it\/#\/schema\/logo\/image\/\"},\"sameAs\":[\"https:\/\/www.facebook.com\/datingrussianbrides\/\",\"https:\/\/x.com\/t4388388833\",\"https:\/\/www.instagram.com\/agenceukreine\/\",\"https:\/\/www.pinterest.com\/dbereznyakov\/\",\"https:\/\/www.youtube.com\/channel\/UC5lMwPhy20E8Bti0mQL43UA\"]}]}<\/script>\n<!-- \/ Yoast SEO Premium plugin. -->","yoast_head_json":{"title":"Budget totale per sposare una donna ucraina?","description":"Qual \u00e8 il budget totale per sposare una donna ucraina?","robots":{"index":"index","follow":"follow","max-snippet":"max-snippet:-1","max-image-preview":"max-image-preview:large","max-video-preview":"max-video-preview:-1"},"canonical":"https:\/\/ukreine.com\/it\/qual-e-il-budget-totale-per-sposare-una-donna-ucraina\/","og_locale":"it_IT","og_type":"article","og_title":"Qual \u00e8 il budget totale per sposare una donna ucraina?","og_description":"Qual \u00e8 il budget totale per sposare una donna ucraina?","og_url":"https:\/\/ukreine.com\/it\/qual-e-il-budget-totale-per-sposare-una-donna-ucraina\/","og_site_name":"Ukreine","article_publisher":"https:\/\/www.facebook.com\/datingrussianbrides\/","article_modified_time":"2025-11-12T03:46:34+00:00","twitter_card":"summary_large_image","twitter_site":"@t4388388833","twitter_misc":{"Tempo di lettura stimato":"3 minuti"},"schema":{"@context":"https:\/\/schema.org","@graph":[{"@type":"WebPage","@id":"https:\/\/ukreine.com\/it\/qual-e-il-budget-totale-per-sposare-una-donna-ucraina\/","url":"https:\/\/ukreine.com\/it\/qual-e-il-budget-totale-per-sposare-una-donna-ucraina\/","name":"Budget totale per sposare una donna ucraina?","isPartOf":{"@id":"https:\/\/ukreine.com\/it\/#website"},"datePublished":"2025-11-12T03:46:30+00:00","dateModified":"2025-11-12T03:46:34+00:00","description":"Qual \u00e8 il budget totale per sposare una donna ucraina?","breadcrumb":{"@id":"https:\/\/ukreine.com\/it\/qual-e-il-budget-totale-per-sposare-una-donna-ucraina\/#breadcrumb"},"inLanguage":"it-IT","potentialAction":[{"@type":"ReadAction","target":["https:\/\/ukreine.com\/it\/qual-e-il-budget-totale-per-sposare-una-donna-ucraina\/"]}]},{"@type":"BreadcrumbList","@id":"https:\/\/ukreine.com\/it\/qual-e-il-budget-totale-per-sposare-una-donna-ucraina\/#breadcrumb","itemListElement":[{"@type":"ListItem","position":1,"name":"Home","item":"https:\/\/ukreine.com\/it\/"},{"@type":"ListItem","position":2,"name":"Qual \u00e8 il budget totale per sposare una donna ucraina?"}]},{"@type":"WebSite","@id":"https:\/\/ukreine.com\/it\/#website","url":"https:\/\/ukreine.com\/it\/","name":"Ukreine","description":"","publisher":{"@id":"https:\/\/ukreine.com\/it\/#organization"},"potentialAction":[{"@type":"SearchAction","target":{"@type":"EntryPoint","urlTemplate":"https:\/\/ukreine.com\/it\/?s={search_term_string}"},"query-input":{"@type":"PropertyValueSpecification","valueRequired":true,"valueName":"search_term_string"}}],"inLanguage":"it-IT"},{"@type":"Organization","@id":"https:\/\/ukreine.com\/it\/#organization","name":"Ukreine","url":"https:\/\/ukreine.com\/it\/","logo":{"@type":"ImageObject","inLanguage":"it-IT","@id":"https:\/\/ukreine.com\/it\/#\/schema\/logo\/image\/","url":"https:\/\/ukreine.com\/wp-content\/uploads\/2018\/05\/logo.png","contentUrl":"https:\/\/ukreine.com\/wp-content\/uploads\/2018\/05\/logo.png","width":325,"height":69,"caption":"Ukreine"},"image":{"@id":"https:\/\/ukreine.com\/it\/#\/schema\/logo\/image\/"},"sameAs":["https:\/\/www.facebook.com\/datingrussianbrides\/","https:\/\/x.com\/t4388388833","https:\/\/www.instagram.com\/agenceukreine\/","https:\/\/www.pinterest.com\/dbereznyakov\/","https:\/\/www.youtube.com\/channel\/UC5lMwPhy20E8Bti0mQL43UA"]}]}},"_links":{"self":[{"href":"https:\/\/ukreine.com\/it\/wp-json\/wp\/v2\/pages\/1035357","targetHints":{"allow":["GET"]}}],"collection":[{"href":"https:\/\/ukreine.com\/it\/wp-json\/wp\/v2\/pages"}],"about":[{"href":"https:\/\/ukreine.com\/it\/wp-json\/wp\/v2\/types\/page"}],"author":[{"embeddable":true,"href":"https:\/\/ukreine.com\/it\/wp-json\/wp\/v2\/users\/54"}],"replies":[{"embeddable":true,"href":"https:\/\/ukreine.com\/it\/wp-json\/wp\/v2\/comments?post=1035357"}],"version-history":[{"count":1,"href":"https:\/\/ukreine.com\/it\/wp-json\/wp\/v2\/pages\/1035357\/revisions"}],"predecessor-version":[{"id":1035358,"href":"https:\/\/ukreine.com\/it\/wp-json\/wp\/v2\/pages\/1035357\/revisions\/1035358"}],"wp:attachment":[{"href":"https:\/\/ukreine.com\/it\/wp-json\/wp\/v2\/media?parent=1035357"}],"curies":[{"name":"wp","href":"https:\/\/api.w.org\/{rel}","templated":true}]}}