{"id":1030576,"date":"2025-10-28T01:41:53","date_gmt":"2025-10-28T01:41:53","guid":{"rendered":"https:\/\/ukreine.com\/?page_id=1030576"},"modified":"2025-10-28T01:41:57","modified_gmt":"2025-10-28T01:41:57","slug":"sono-protetto-dalle-truffe-sul-vostro-sito-di-incontri","status":"publish","type":"page","link":"https:\/\/ukreine.com\/it\/sono-protetto-dalle-truffe-sul-vostro-sito-di-incontri\/","title":{"rendered":"Sono protetto dalle truffe sul vostro sito di incontri?"},"content":{"rendered":"<h3 data-start=\"113\" data-end=\"167\">Sei protetto al 100% contro le truffe sentimentali<\/h3>\n<p data-start=\"169\" data-end=\"666\">Dal 2010, la nostra agenzia ti protegge completamente dalle truffe amorose grazie al nostro portale specializzato<strong data-start=\"283\" data-end=\"326\">\u00a0allaboutdatingscams.com\/it<\/strong>.<br data-start=\"327\" data-end=\"330\" \/>Questo sito, che abbiamo creato e sviluppato pi\u00f9 di dieci anni fa, \u00e8 oggi riconosciuto come uno dei pi\u00f9 grandi portali europei dedicati alla <strong data-start=\"471\" data-end=\"510\">protezione degli uomini occidentali<\/strong> contro le truffe sentimentali, con una <strong data-start=\"550\" data-end=\"589\">lista nera di donne russe e ucraine<\/strong> e la possibilit\u00e0 di <strong data-start=\"610\" data-end=\"663\">verificare l\u2019identit\u00e0 delle donne russe e ucraine<\/strong>.<\/p>\n<p data-start=\"668\" data-end=\"964\"><em><strong data-start=\"668\" data-end=\"683\">UkReine.com<\/strong> \u00e8 quindi orgogliosa di garantire che ogni iscritta sulla nostra piattaforma sia stata sottoposta a una <strong data-start=\"787\" data-end=\"834\">verifica completa di identit\u00e0 e motivazioni<\/strong> prima di qualsiasi contatto con un membro.<\/em><br data-start=\"877\" data-end=\"880\" \/><em>La nostra missione \u00e8 offrirti incontri autentici, trasparenti e totalmente sicuri.<\/em><\/p>\n<hr data-start=\"966\" data-end=\"969\" \/>\n<h3 data-start=\"971\" data-end=\"1023\">Verifica l\u2019identit\u00e0 di una donna russa o ucraina<\/h3>\n<p data-start=\"1025\" data-end=\"1286\">Il nostro servizio non si limita a mettere in contatto le persone.<br data-start=\"1091\" data-end=\"1094\" \/>Ti offriamo anche la possibilit\u00e0 di <strong data-start=\"1130\" data-end=\"1169\">verificare gratuitamente l\u2019identit\u00e0<\/strong> di qualsiasi donna russa o ucraina che hai incontrato su un altro sito di incontri o da cui hai ricevuto messaggi.<\/p>\n<p data-start=\"1288\" data-end=\"1531\">Questa verifica ti permette di evitare di cadere nella trappola di profili falsi o di persone malintenzionate.<br data-start=\"1398\" data-end=\"1401\" \/>Ti basta visitare <strong data-start=\"1419\" data-end=\"1449\">allaboutdatingscams.com\/it<\/strong>\u00a0e compilare un breve modulo per ottenere gratuitamente informazioni affidabili.<\/p>\n<hr data-start=\"1533\" data-end=\"1536\" \/>\n<h3 data-start=\"1538\" data-end=\"1579\">Perch\u00e9 sei arrivato su questa pagina?<\/h3>\n<p data-start=\"1581\" data-end=\"1799\">Se hai trovato questo sito cercando su Google parole come<br data-start=\"1638\" data-end=\"1641\" \/><strong data-start=\"1641\" data-end=\"1658\">\u201canti-truffe\u201d<\/strong>, <strong data-start=\"1660\" data-end=\"1688\">\u201clista nera donne russe\u201d<\/strong> o <strong data-start=\"1691\" data-end=\"1725\">\u201cverificare una donna ucraina\u201d<\/strong>,<br data-start=\"1726\" data-end=\"1729\" \/>\u00e8 molto probabile che ti trovi in una delle due situazioni seguenti:<\/p>\n<ul data-start=\"1801\" data-end=\"2015\">\n<li data-start=\"1801\" data-end=\"1900\">\n<p data-start=\"1803\" data-end=\"1900\">Stai corrispondendo con una donna russa o ucraina e <strong data-start=\"1855\" data-end=\"1897\">sospetti una truffa o un falso profilo<\/strong>.<\/p>\n<\/li>\n<li data-start=\"1901\" data-end=\"2015\">\n<p data-start=\"1903\" data-end=\"2015\">Sei gi\u00e0 stato <strong data-start=\"1917\" data-end=\"1955\">vittima di una truffa sentimentale<\/strong> e vuoi segnalarla per impedire che danneggi altri uomini.<\/p>\n<\/li>\n<\/ul>\n<p data-start=\"2017\" data-end=\"2092\">In entrambi i casi, <strong data-start=\"2037\" data-end=\"2089\">ti aiuteremo gratuitamente e senza alcun impegno<\/strong>.<\/p>\n<p data-start=\"2094\" data-end=\"2479\">Perch\u00e9 lo facciamo?<br data-start=\"2113\" data-end=\"2116\" \/>Perch\u00e9 sappiamo che ogni truffa distrugge la fiducia. Dopo una brutta esperienza, molti uomini non riescono pi\u00f9 a credere alla sincerit\u00e0 di una donna, anche se \u00e8 onesta e reale.<br data-start=\"2293\" data-end=\"2296\" \/>Questa sfiducia ingiustificata finisce per rovinare l\u2019immagine della maggior parte delle donne russe e ucraine sincere, fedeli e gentili, che cercano una relazione seria e duratura.<\/p>\n<hr data-start=\"2481\" data-end=\"2484\" \/>\n<h3 data-start=\"2486\" data-end=\"2540\">Verifica dell\u2019identit\u00e0 delle donne russe e ucraine<\/h3>\n<p data-start=\"2542\" data-end=\"2824\">Grazie ai nostri strumenti di indagine, possiamo <strong data-start=\"2591\" data-end=\"2645\">verificare l\u2019identit\u00e0 di una donna russa o ucraina<\/strong> su tutto il territorio ucraino (100%) e su circa l\u201980% del territorio russo.<br data-start=\"2722\" data-end=\"2725\" \/>Collaboriamo con database pubblici e riservati accessibili al <strong data-start=\"2787\" data-end=\"2821\">Ministero degli Affari Interni<\/strong>.<\/p>\n<p data-start=\"2826\" data-end=\"2860\">Le nostre verifiche comprendono:<\/p>\n<ul data-start=\"2861\" data-end=\"3122\">\n<li data-start=\"2861\" data-end=\"2899\">\n<p data-start=\"2863\" data-end=\"2899\">L\u2019esattezza dell\u2019indirizzo postale<\/p>\n<\/li>\n<li data-start=\"2900\" data-end=\"2962\">\n<p data-start=\"2902\" data-end=\"2962\">Il nome e il cognome, confrontati con la nostra lista nera<\/p>\n<\/li>\n<li data-start=\"2963\" data-end=\"2985\">\n<p data-start=\"2965\" data-end=\"2985\">La data di nascita<\/p>\n<\/li>\n<li data-start=\"2986\" data-end=\"3036\">\n<p data-start=\"2988\" data-end=\"3036\">Il numero e la validit\u00e0 della carta d\u2019identit\u00e0<\/p>\n<\/li>\n<li data-start=\"3037\" data-end=\"3122\">\n<p data-start=\"3039\" data-end=\"3122\">L\u2019autenticit\u00e0 delle foto, confrontate con il nostro archivio di truffe conosciute<\/p>\n<\/li>\n<\/ul>\n<p data-start=\"3124\" data-end=\"3291\">\ud83d\udce9 Per usufruire di questo servizio, descrivi semplicemente la tua situazione e invia un messaggio a <strong data-start=\"3225\" data-end=\"3245\">info@allaboutdatingscams.com<\/strong>\u00a0con oggetto:<br data-start=\"3258\" data-end=\"3261\" \/><strong data-start=\"3261\" data-end=\"3288\">\u201cTruffa di donna russa\u201d<\/strong>.<\/p>\n<hr data-start=\"3293\" data-end=\"3296\" \/>\n<h3 data-start=\"3298\" data-end=\"3348\">\u00c8 possibile essere rimborsati dopo una truffa?<\/h3>\n<p data-start=\"3350\" data-end=\"3653\">La verit\u00e0 \u00e8 che \u00e8 <strong data-start=\"3368\" data-end=\"3414\">molto difficile recuperare il denaro perso<\/strong> in una truffa sentimentale, poich\u00e9 di solito l\u2019importo \u00e8 stato inviato volontariamente.<br data-start=\"3502\" data-end=\"3505\" \/>Tuttavia, in alcuni casi particolari, \u00e8 possibile ottenere <strong data-start=\"3564\" data-end=\"3588\">un rimborso parziale<\/strong> o esercitare una certa <strong data-start=\"3612\" data-end=\"3650\">pressione sull\u2019autore della truffa<\/strong>.<\/p>\n<p data-start=\"3655\" data-end=\"4050\"><strong data-start=\"3655\" data-end=\"3668\">Esempio 1<\/strong><br data-start=\"3668\" data-end=\"3671\" \/>Un uomo belga aveva inviato <strong data-start=\"3699\" data-end=\"3710\">3.000 \u20ac<\/strong> a una donna russa tramite Western Union per finanziare il suo viaggio.<br data-start=\"3781\" data-end=\"3784\" \/>Grazie alle informazioni raccolte (nome completo, indirizzo, universit\u00e0), un\u2019agenzia investigativa ha preparato un dossier consegnato al rettore dell\u2019universit\u00e0 di Mosca.<br data-start=\"3954\" data-end=\"3957\" \/>Temendo sanzioni o l\u2019espulsione, la donna ha preferito <strong data-start=\"4012\" data-end=\"4034\">restituire 1.700 \u20ac<\/strong> alla vittima.<\/p>\n<p data-start=\"4052\" data-end=\"4414\"><strong data-start=\"4052\" data-end=\"4065\">Esempio 2<\/strong><br data-start=\"4065\" data-end=\"4068\" \/>Un altro uomo, gi\u00e0 vittima di una truffa, ha ripreso contatto con la stessa donna usando una falsa identit\u00e0 e fingendo di essere un uomo ricco.<br data-start=\"4211\" data-end=\"4214\" \/>Attratta dalla promessa di regali costosi, la donna ha anticipato il proprio denaro per prenotare un hotel e un\u2019auto.<br data-start=\"4331\" data-end=\"4334\" \/>Risultato: ha <strong data-start=\"4348\" data-end=\"4378\">perso lei stessa dei soldi<\/strong>, capendo troppo tardi la lezione.<\/p>\n<hr data-start=\"4416\" data-end=\"4419\" \/>\n<h3 data-start=\"4421\" data-end=\"4435\">Contattaci<\/h3>\n<p data-start=\"4437\" data-end=\"4586\">Per qualsiasi <strong data-start=\"4451\" data-end=\"4498\">verifica d\u2019identit\u00e0, segnalazione o domanda<\/strong> riguardante una donna russa o ucraina,<br data-start=\"4537\" data-end=\"4540\" \/>scrivici a <strong data-start=\"4551\" data-end=\"4583\"><a class=\"decorated-link cursor-pointer\" rel=\"noopener\" data-start=\"4553\" data-end=\"4581\">info@allaboutdatingscams.com<\/a><\/strong>.<\/p>\n<p data-start=\"4588\" data-end=\"4785\">Il nostro team di esperti ti risponder\u00e0 in modo <strong data-start=\"4636\" data-end=\"4676\">dettagliato e riservato entro 24 ore<\/strong>.<br data-start=\"4677\" data-end=\"4680\" \/>Siamo qui per <strong data-start=\"4694\" data-end=\"4752\">proteggerti, informarti e aiutarti a ritrovare fiducia<\/strong> negli incontri internazionali.<\/p>\n","protected":false},"excerpt":{"rendered":"<p>Sei protetto al 100% contro le truffe sentimentali Dal 2010, la nostra agenzia ti protegge completamente dalle truffe amorose grazie al nostro portale specializzato\u00a0allaboutdatingscams.com\/it.Questo sito, che abbiamo creato e sviluppato pi\u00f9 di dieci anni fa, \u00e8 oggi riconosciuto come uno dei pi\u00f9 grandi portali europei dedicati alla protezione degli uomini occidentali contro le truffe sentimentali, [&hellip;]<\/p>\n","protected":false},"author":54,"featured_media":0,"parent":0,"menu_order":0,"comment_status":"closed","ping_status":"closed","template":"","meta":{"_acf_changed":false,"footnotes":""},"class_list":["post-1030576","page","type-page","status-publish","hentry"],"acf":[],"yoast_head":"<!-- This site is optimized with the Yoast SEO Premium plugin v25.5 (Yoast SEO v27.2) - https:\/\/yoast.com\/product\/yoast-seo-premium-wordpress\/ -->\n<title>Verifica l\u2019identit\u00e0 di una donna russa o ucraina<\/title>\n<meta name=\"description\" content=\"possibilit\u00e0 di verificare gratuitamente l\u2019identit\u00e0 di qualsiasi donna russa o ucraina che hai incontrato su un altro sito di incontri\" \/>\n<meta name=\"robots\" content=\"index, follow, max-snippet:-1, max-image-preview:large, max-video-preview:-1\" \/>\n<link rel=\"canonical\" href=\"https:\/\/ukreine.com\/it\/sono-protetto-dalle-truffe-sul-vostro-sito-di-incontri\/\" \/>\n<meta property=\"og:locale\" content=\"it_IT\" \/>\n<meta property=\"og:type\" content=\"article\" \/>\n<meta property=\"og:title\" content=\"Sono protetto dalle truffe sul vostro sito di incontri?\" \/>\n<meta property=\"og:description\" content=\"possibilit\u00e0 di verificare gratuitamente l\u2019identit\u00e0 di qualsiasi donna russa o ucraina che hai incontrato su un altro sito di incontri\" \/>\n<meta property=\"og:url\" content=\"https:\/\/ukreine.com\/it\/sono-protetto-dalle-truffe-sul-vostro-sito-di-incontri\/\" \/>\n<meta property=\"og:site_name\" content=\"Ukreine\" \/>\n<meta property=\"article:publisher\" content=\"https:\/\/www.facebook.com\/datingrussianbrides\/\" \/>\n<meta property=\"article:modified_time\" content=\"2025-10-28T01:41:57+00:00\" \/>\n<meta name=\"twitter:card\" content=\"summary_large_image\" \/>\n<meta name=\"twitter:site\" content=\"@t4388388833\" \/>\n<meta name=\"twitter:label1\" content=\"Tempo di lettura stimato\" \/>\n\t<meta name=\"twitter:data1\" content=\"4 minuti\" \/>\n<script type=\"application\/ld+json\" class=\"yoast-schema-graph\">{\"@context\":\"https:\/\/schema.org\",\"@graph\":[{\"@type\":\"WebPage\",\"@id\":\"https:\/\/ukreine.com\/it\/sono-protetto-dalle-truffe-sul-vostro-sito-di-incontri\/\",\"url\":\"https:\/\/ukreine.com\/it\/sono-protetto-dalle-truffe-sul-vostro-sito-di-incontri\/\",\"name\":\"Verifica l\u2019identit\u00e0 di una donna russa o ucraina\",\"isPartOf\":{\"@id\":\"https:\/\/ukreine.com\/it\/#website\"},\"datePublished\":\"2025-10-28T01:41:53+00:00\",\"dateModified\":\"2025-10-28T01:41:57+00:00\",\"description\":\"possibilit\u00e0 di verificare gratuitamente l\u2019identit\u00e0 di qualsiasi donna russa o ucraina che hai incontrato su un altro sito di incontri\",\"breadcrumb\":{\"@id\":\"https:\/\/ukreine.com\/it\/sono-protetto-dalle-truffe-sul-vostro-sito-di-incontri\/#breadcrumb\"},\"inLanguage\":\"it-IT\",\"potentialAction\":[{\"@type\":\"ReadAction\",\"target\":[\"https:\/\/ukreine.com\/it\/sono-protetto-dalle-truffe-sul-vostro-sito-di-incontri\/\"]}]},{\"@type\":\"BreadcrumbList\",\"@id\":\"https:\/\/ukreine.com\/it\/sono-protetto-dalle-truffe-sul-vostro-sito-di-incontri\/#breadcrumb\",\"itemListElement\":[{\"@type\":\"ListItem\",\"position\":1,\"name\":\"Home\",\"item\":\"https:\/\/ukreine.com\/it\/\"},{\"@type\":\"ListItem\",\"position\":2,\"name\":\"Sono protetto dalle truffe sul vostro sito di incontri?\"}]},{\"@type\":\"WebSite\",\"@id\":\"https:\/\/ukreine.com\/it\/#website\",\"url\":\"https:\/\/ukreine.com\/it\/\",\"name\":\"Ukreine\",\"description\":\"\",\"publisher\":{\"@id\":\"https:\/\/ukreine.com\/it\/#organization\"},\"potentialAction\":[{\"@type\":\"SearchAction\",\"target\":{\"@type\":\"EntryPoint\",\"urlTemplate\":\"https:\/\/ukreine.com\/it\/?s={search_term_string}\"},\"query-input\":{\"@type\":\"PropertyValueSpecification\",\"valueRequired\":true,\"valueName\":\"search_term_string\"}}],\"inLanguage\":\"it-IT\"},{\"@type\":\"Organization\",\"@id\":\"https:\/\/ukreine.com\/it\/#organization\",\"name\":\"Ukreine\",\"url\":\"https:\/\/ukreine.com\/it\/\",\"logo\":{\"@type\":\"ImageObject\",\"inLanguage\":\"it-IT\",\"@id\":\"https:\/\/ukreine.com\/it\/#\/schema\/logo\/image\/\",\"url\":\"https:\/\/ukreine.com\/wp-content\/uploads\/2018\/05\/logo.png\",\"contentUrl\":\"https:\/\/ukreine.com\/wp-content\/uploads\/2018\/05\/logo.png\",\"width\":325,\"height\":69,\"caption\":\"Ukreine\"},\"image\":{\"@id\":\"https:\/\/ukreine.com\/it\/#\/schema\/logo\/image\/\"},\"sameAs\":[\"https:\/\/www.facebook.com\/datingrussianbrides\/\",\"https:\/\/x.com\/t4388388833\",\"https:\/\/www.instagram.com\/agenceukreine\/\",\"https:\/\/www.pinterest.com\/dbereznyakov\/\",\"https:\/\/www.youtube.com\/channel\/UC5lMwPhy20E8Bti0mQL43UA\"]}]}<\/script>\n<!-- \/ Yoast SEO Premium plugin. -->","yoast_head_json":{"title":"Verifica l\u2019identit\u00e0 di una donna russa o ucraina","description":"possibilit\u00e0 di verificare gratuitamente l\u2019identit\u00e0 di qualsiasi donna russa o ucraina che hai incontrato su un altro sito di incontri","robots":{"index":"index","follow":"follow","max-snippet":"max-snippet:-1","max-image-preview":"max-image-preview:large","max-video-preview":"max-video-preview:-1"},"canonical":"https:\/\/ukreine.com\/it\/sono-protetto-dalle-truffe-sul-vostro-sito-di-incontri\/","og_locale":"it_IT","og_type":"article","og_title":"Sono protetto dalle truffe sul vostro sito di incontri?","og_description":"possibilit\u00e0 di verificare gratuitamente l\u2019identit\u00e0 di qualsiasi donna russa o ucraina che hai incontrato su un altro sito di incontri","og_url":"https:\/\/ukreine.com\/it\/sono-protetto-dalle-truffe-sul-vostro-sito-di-incontri\/","og_site_name":"Ukreine","article_publisher":"https:\/\/www.facebook.com\/datingrussianbrides\/","article_modified_time":"2025-10-28T01:41:57+00:00","twitter_card":"summary_large_image","twitter_site":"@t4388388833","twitter_misc":{"Tempo di lettura stimato":"4 minuti"},"schema":{"@context":"https:\/\/schema.org","@graph":[{"@type":"WebPage","@id":"https:\/\/ukreine.com\/it\/sono-protetto-dalle-truffe-sul-vostro-sito-di-incontri\/","url":"https:\/\/ukreine.com\/it\/sono-protetto-dalle-truffe-sul-vostro-sito-di-incontri\/","name":"Verifica l\u2019identit\u00e0 di una donna russa o ucraina","isPartOf":{"@id":"https:\/\/ukreine.com\/it\/#website"},"datePublished":"2025-10-28T01:41:53+00:00","dateModified":"2025-10-28T01:41:57+00:00","description":"possibilit\u00e0 di verificare gratuitamente l\u2019identit\u00e0 di qualsiasi donna russa o ucraina che hai incontrato su un altro sito di incontri","breadcrumb":{"@id":"https:\/\/ukreine.com\/it\/sono-protetto-dalle-truffe-sul-vostro-sito-di-incontri\/#breadcrumb"},"inLanguage":"it-IT","potentialAction":[{"@type":"ReadAction","target":["https:\/\/ukreine.com\/it\/sono-protetto-dalle-truffe-sul-vostro-sito-di-incontri\/"]}]},{"@type":"BreadcrumbList","@id":"https:\/\/ukreine.com\/it\/sono-protetto-dalle-truffe-sul-vostro-sito-di-incontri\/#breadcrumb","itemListElement":[{"@type":"ListItem","position":1,"name":"Home","item":"https:\/\/ukreine.com\/it\/"},{"@type":"ListItem","position":2,"name":"Sono protetto dalle truffe sul vostro sito di incontri?"}]},{"@type":"WebSite","@id":"https:\/\/ukreine.com\/it\/#website","url":"https:\/\/ukreine.com\/it\/","name":"Ukreine","description":"","publisher":{"@id":"https:\/\/ukreine.com\/it\/#organization"},"potentialAction":[{"@type":"SearchAction","target":{"@type":"EntryPoint","urlTemplate":"https:\/\/ukreine.com\/it\/?s={search_term_string}"},"query-input":{"@type":"PropertyValueSpecification","valueRequired":true,"valueName":"search_term_string"}}],"inLanguage":"it-IT"},{"@type":"Organization","@id":"https:\/\/ukreine.com\/it\/#organization","name":"Ukreine","url":"https:\/\/ukreine.com\/it\/","logo":{"@type":"ImageObject","inLanguage":"it-IT","@id":"https:\/\/ukreine.com\/it\/#\/schema\/logo\/image\/","url":"https:\/\/ukreine.com\/wp-content\/uploads\/2018\/05\/logo.png","contentUrl":"https:\/\/ukreine.com\/wp-content\/uploads\/2018\/05\/logo.png","width":325,"height":69,"caption":"Ukreine"},"image":{"@id":"https:\/\/ukreine.com\/it\/#\/schema\/logo\/image\/"},"sameAs":["https:\/\/www.facebook.com\/datingrussianbrides\/","https:\/\/x.com\/t4388388833","https:\/\/www.instagram.com\/agenceukreine\/","https:\/\/www.pinterest.com\/dbereznyakov\/","https:\/\/www.youtube.com\/channel\/UC5lMwPhy20E8Bti0mQL43UA"]}]}},"_links":{"self":[{"href":"https:\/\/ukreine.com\/it\/wp-json\/wp\/v2\/pages\/1030576","targetHints":{"allow":["GET"]}}],"collection":[{"href":"https:\/\/ukreine.com\/it\/wp-json\/wp\/v2\/pages"}],"about":[{"href":"https:\/\/ukreine.com\/it\/wp-json\/wp\/v2\/types\/page"}],"author":[{"embeddable":true,"href":"https:\/\/ukreine.com\/it\/wp-json\/wp\/v2\/users\/54"}],"replies":[{"embeddable":true,"href":"https:\/\/ukreine.com\/it\/wp-json\/wp\/v2\/comments?post=1030576"}],"version-history":[{"count":1,"href":"https:\/\/ukreine.com\/it\/wp-json\/wp\/v2\/pages\/1030576\/revisions"}],"predecessor-version":[{"id":1030578,"href":"https:\/\/ukreine.com\/it\/wp-json\/wp\/v2\/pages\/1030576\/revisions\/1030578"}],"wp:attachment":[{"href":"https:\/\/ukreine.com\/it\/wp-json\/wp\/v2\/media?parent=1030576"}],"curies":[{"name":"wp","href":"https:\/\/api.w.org\/{rel}","templated":true}]}}