{"id":1030566,"date":"2025-10-28T01:34:09","date_gmt":"2025-10-28T01:34:09","guid":{"rendered":"https:\/\/ukreine.com\/?page_id=1030566"},"modified":"2025-10-28T01:34:20","modified_gmt":"2025-10-28T01:34:20","slug":"donne-russe-e-ucraine-che-parlano-italiano-e-un-criterio-obbligatorio","status":"publish","type":"page","link":"https:\/\/ukreine.com\/it\/donne-russe-e-ucraine-che-parlano-italiano-e-un-criterio-obbligatorio\/","title":{"rendered":"Donne russe e ucraine che parlano italiano. \u00c8 un criterio obbligatorio?"},"content":{"rendered":"<p data-start=\"21\" data-end=\"263\"><strong>\u00c8 naturale che preferiate comunicare con donne ucraine o russe che parlano bene il italiano<\/strong>. Ma che dire delle donne ucraine o russe che indicano nel loro profilo un livello elementare di lingua straniera o che non parlano affatto italiano?<\/p>\n<p data-start=\"265\" data-end=\"401\">In realt\u00e0, la lingua ucraina contiene gi\u00e0 molti elementi grammaticali e lessicali delle lingue romanze: francese, italiano e spagnolo.<\/p>\n<p data-start=\"403\" data-end=\"631\"><strong>Circa il 20% del lessico \u00e8 identico<\/strong>. La grammatica della lingua ucraina \u00e8 piuttosto complessa e, quindi, imparare la grammatica de l\u2019italiano non rappresenta una grande sfida.<\/p>\n<p data-start=\"633\" data-end=\"869\">Lo si pu\u00f2 vedere chiaramente oggi, con centinaia di migliaia di ucraini arrivati in Europa occidentale tra il 2022 e il 2023, dopo l\u2019inizio dell\u2019invasione russa, <strong>che gi\u00e0 parlano italiano molto bene<\/strong>.<\/p>\n<p data-start=\"871\" data-end=\"1106\">L\u2019apprendimento \u00e8 ancora pi\u00f9 rapido grazie alle moderne applicazioni per l\u2019apprendimento delle lingue, e quando una donna \u00e8 immersa in un ambiente italiano, il progresso \u00e8 ancora pi\u00f9 veloce.<\/p>\n<p data-start=\"1108\" data-end=\"1467\">Un altro punto molto importante: se una donna parla gi\u00e0 correntemente italiano avr\u00e0 sicuramente pi\u00f9 contatti con altri uomini, riducendo cos\u00ec il tasso di successo per ciascuno. Al contrario, se vi troviamo una donna ucraina con un livello limitato di italiano, ci\u00f2 riduce anche il numero di potenziali concorrenti.<\/p>\n<p data-start=\"1469\" data-end=\"1709\">Pertanto, sotto ogni punto di vista, <strong>consigliamo agli uomini di basare la loro ricerca su criteri come et\u00e0, aspetto, carattere, professione, figli, ecc., piuttosto che sul livello di francese, italiano o spagnolo o sul colore dei capelli.<\/strong><\/p>\n<p data-start=\"0\" data-end=\"218\">La nostra agenzia di incontri collabora con insegnanti di italiano e vi <strong data-start=\"113\" data-end=\"127\">GARANTISCE<\/strong> che, in 6 mesi di lezioni private, la donna che avete conosciuto parler\u00e0 bene la lingua.<\/p>\n<p data-start=\"220\" data-end=\"426\" data-is-last-node=\"\" data-is-only-node=\"\">\n","protected":false},"excerpt":{"rendered":"<p>\u00c8 naturale che preferiate comunicare con donne ucraine o russe che parlano bene il italiano. Ma che dire delle donne ucraine o russe che indicano nel loro profilo un livello elementare di lingua straniera o che non parlano affatto italiano? In realt\u00e0, la lingua ucraina contiene gi\u00e0 molti elementi grammaticali e lessicali delle lingue romanze: [&hellip;]<\/p>\n","protected":false},"author":54,"featured_media":581900,"parent":0,"menu_order":0,"comment_status":"closed","ping_status":"closed","template":"","meta":{"_acf_changed":false,"footnotes":""},"class_list":["post-1030566","page","type-page","status-publish","has-post-thumbnail","hentry"],"acf":[],"yoast_head":"<!-- This site is optimized with the Yoast SEO Premium plugin v25.5 (Yoast SEO v27.2) - https:\/\/yoast.com\/product\/yoast-seo-premium-wordpress\/ -->\n<title>Donne russe e ucraine che parlano italiano<\/title>\n<meta name=\"description\" content=\"che dire delle donne ucraine o russe che indicano nel loro profilo un livello elementare di lingua straniera o che non parlano affatto italiano?\" \/>\n<meta name=\"robots\" content=\"index, follow, max-snippet:-1, max-image-preview:large, max-video-preview:-1\" \/>\n<link rel=\"canonical\" href=\"https:\/\/ukreine.com\/it\/donne-russe-e-ucraine-che-parlano-italiano-e-un-criterio-obbligatorio\/\" \/>\n<meta property=\"og:locale\" content=\"it_IT\" \/>\n<meta property=\"og:type\" content=\"article\" \/>\n<meta property=\"og:title\" content=\"Donne russe e ucraine che parlano italiano. \u00c8 un criterio obbligatorio?\" \/>\n<meta property=\"og:description\" content=\"che dire delle donne ucraine o russe che indicano nel loro profilo un livello elementare di lingua straniera o che non parlano affatto italiano?\" \/>\n<meta property=\"og:url\" content=\"https:\/\/ukreine.com\/it\/donne-russe-e-ucraine-che-parlano-italiano-e-un-criterio-obbligatorio\/\" \/>\n<meta property=\"og:site_name\" content=\"Ukreine\" \/>\n<meta property=\"article:publisher\" content=\"https:\/\/www.facebook.com\/datingrussianbrides\/\" \/>\n<meta property=\"article:modified_time\" content=\"2025-10-28T01:34:20+00:00\" \/>\n<meta property=\"og:image\" content=\"https:\/\/ukreine.com\/wp-content\/uploads\/2022\/08\/123.jpg\" \/>\n\t<meta property=\"og:image:width\" content=\"712\" \/>\n\t<meta property=\"og:image:height\" content=\"1017\" \/>\n\t<meta property=\"og:image:type\" content=\"image\/jpeg\" \/>\n<meta name=\"twitter:card\" content=\"summary_large_image\" \/>\n<meta name=\"twitter:site\" content=\"@t4388388833\" \/>\n<meta name=\"twitter:label1\" content=\"Tempo di lettura stimato\" \/>\n\t<meta name=\"twitter:data1\" content=\"2 minuti\" \/>\n<script type=\"application\/ld+json\" class=\"yoast-schema-graph\">{\"@context\":\"https:\/\/schema.org\",\"@graph\":[{\"@type\":\"WebPage\",\"@id\":\"https:\/\/ukreine.com\/it\/donne-russe-e-ucraine-che-parlano-italiano-e-un-criterio-obbligatorio\/\",\"url\":\"https:\/\/ukreine.com\/it\/donne-russe-e-ucraine-che-parlano-italiano-e-un-criterio-obbligatorio\/\",\"name\":\"Donne russe e ucraine che parlano italiano\",\"isPartOf\":{\"@id\":\"https:\/\/ukreine.com\/it\/#website\"},\"primaryImageOfPage\":{\"@id\":\"https:\/\/ukreine.com\/it\/donne-russe-e-ucraine-che-parlano-italiano-e-un-criterio-obbligatorio\/#primaryimage\"},\"image\":{\"@id\":\"https:\/\/ukreine.com\/it\/donne-russe-e-ucraine-che-parlano-italiano-e-un-criterio-obbligatorio\/#primaryimage\"},\"thumbnailUrl\":\"https:\/\/ukreine.com\/wp-content\/uploads\/2022\/08\/123.jpg\",\"datePublished\":\"2025-10-28T01:34:09+00:00\",\"dateModified\":\"2025-10-28T01:34:20+00:00\",\"description\":\"che dire delle donne ucraine o russe che indicano nel loro profilo un livello elementare di lingua straniera o che non parlano affatto italiano?\",\"breadcrumb\":{\"@id\":\"https:\/\/ukreine.com\/it\/donne-russe-e-ucraine-che-parlano-italiano-e-un-criterio-obbligatorio\/#breadcrumb\"},\"inLanguage\":\"it-IT\",\"potentialAction\":[{\"@type\":\"ReadAction\",\"target\":[\"https:\/\/ukreine.com\/it\/donne-russe-e-ucraine-che-parlano-italiano-e-un-criterio-obbligatorio\/\"]}]},{\"@type\":\"ImageObject\",\"inLanguage\":\"it-IT\",\"@id\":\"https:\/\/ukreine.com\/it\/donne-russe-e-ucraine-che-parlano-italiano-e-un-criterio-obbligatorio\/#primaryimage\",\"url\":\"https:\/\/ukreine.com\/wp-content\/uploads\/2022\/08\/123.jpg\",\"contentUrl\":\"https:\/\/ukreine.com\/wp-content\/uploads\/2022\/08\/123.jpg\",\"width\":712,\"height\":1017,\"caption\":\"femme parle fran\u00e7ais\"},{\"@type\":\"BreadcrumbList\",\"@id\":\"https:\/\/ukreine.com\/it\/donne-russe-e-ucraine-che-parlano-italiano-e-un-criterio-obbligatorio\/#breadcrumb\",\"itemListElement\":[{\"@type\":\"ListItem\",\"position\":1,\"name\":\"Home\",\"item\":\"https:\/\/ukreine.com\/it\/\"},{\"@type\":\"ListItem\",\"position\":2,\"name\":\"Donne russe e ucraine che parlano italiano. \u00c8 un criterio obbligatorio?\"}]},{\"@type\":\"WebSite\",\"@id\":\"https:\/\/ukreine.com\/it\/#website\",\"url\":\"https:\/\/ukreine.com\/it\/\",\"name\":\"Ukreine\",\"description\":\"\",\"publisher\":{\"@id\":\"https:\/\/ukreine.com\/it\/#organization\"},\"potentialAction\":[{\"@type\":\"SearchAction\",\"target\":{\"@type\":\"EntryPoint\",\"urlTemplate\":\"https:\/\/ukreine.com\/it\/?s={search_term_string}\"},\"query-input\":{\"@type\":\"PropertyValueSpecification\",\"valueRequired\":true,\"valueName\":\"search_term_string\"}}],\"inLanguage\":\"it-IT\"},{\"@type\":\"Organization\",\"@id\":\"https:\/\/ukreine.com\/it\/#organization\",\"name\":\"Ukreine\",\"url\":\"https:\/\/ukreine.com\/it\/\",\"logo\":{\"@type\":\"ImageObject\",\"inLanguage\":\"it-IT\",\"@id\":\"https:\/\/ukreine.com\/it\/#\/schema\/logo\/image\/\",\"url\":\"https:\/\/ukreine.com\/wp-content\/uploads\/2018\/05\/logo.png\",\"contentUrl\":\"https:\/\/ukreine.com\/wp-content\/uploads\/2018\/05\/logo.png\",\"width\":325,\"height\":69,\"caption\":\"Ukreine\"},\"image\":{\"@id\":\"https:\/\/ukreine.com\/it\/#\/schema\/logo\/image\/\"},\"sameAs\":[\"https:\/\/www.facebook.com\/datingrussianbrides\/\",\"https:\/\/x.com\/t4388388833\",\"https:\/\/www.instagram.com\/agenceukreine\/\",\"https:\/\/www.pinterest.com\/dbereznyakov\/\",\"https:\/\/www.youtube.com\/channel\/UC5lMwPhy20E8Bti0mQL43UA\"]}]}<\/script>\n<!-- \/ Yoast SEO Premium plugin. -->","yoast_head_json":{"title":"Donne russe e ucraine che parlano italiano","description":"che dire delle donne ucraine o russe che indicano nel loro profilo un livello elementare di lingua straniera o che non parlano affatto italiano?","robots":{"index":"index","follow":"follow","max-snippet":"max-snippet:-1","max-image-preview":"max-image-preview:large","max-video-preview":"max-video-preview:-1"},"canonical":"https:\/\/ukreine.com\/it\/donne-russe-e-ucraine-che-parlano-italiano-e-un-criterio-obbligatorio\/","og_locale":"it_IT","og_type":"article","og_title":"Donne russe e ucraine che parlano italiano. \u00c8 un criterio obbligatorio?","og_description":"che dire delle donne ucraine o russe che indicano nel loro profilo un livello elementare di lingua straniera o che non parlano affatto italiano?","og_url":"https:\/\/ukreine.com\/it\/donne-russe-e-ucraine-che-parlano-italiano-e-un-criterio-obbligatorio\/","og_site_name":"Ukreine","article_publisher":"https:\/\/www.facebook.com\/datingrussianbrides\/","article_modified_time":"2025-10-28T01:34:20+00:00","og_image":[{"width":712,"height":1017,"url":"https:\/\/ukreine.com\/wp-content\/uploads\/2022\/08\/123.jpg","type":"image\/jpeg"}],"twitter_card":"summary_large_image","twitter_site":"@t4388388833","twitter_misc":{"Tempo di lettura stimato":"2 minuti"},"schema":{"@context":"https:\/\/schema.org","@graph":[{"@type":"WebPage","@id":"https:\/\/ukreine.com\/it\/donne-russe-e-ucraine-che-parlano-italiano-e-un-criterio-obbligatorio\/","url":"https:\/\/ukreine.com\/it\/donne-russe-e-ucraine-che-parlano-italiano-e-un-criterio-obbligatorio\/","name":"Donne russe e ucraine che parlano italiano","isPartOf":{"@id":"https:\/\/ukreine.com\/it\/#website"},"primaryImageOfPage":{"@id":"https:\/\/ukreine.com\/it\/donne-russe-e-ucraine-che-parlano-italiano-e-un-criterio-obbligatorio\/#primaryimage"},"image":{"@id":"https:\/\/ukreine.com\/it\/donne-russe-e-ucraine-che-parlano-italiano-e-un-criterio-obbligatorio\/#primaryimage"},"thumbnailUrl":"https:\/\/ukreine.com\/wp-content\/uploads\/2022\/08\/123.jpg","datePublished":"2025-10-28T01:34:09+00:00","dateModified":"2025-10-28T01:34:20+00:00","description":"che dire delle donne ucraine o russe che indicano nel loro profilo un livello elementare di lingua straniera o che non parlano affatto italiano?","breadcrumb":{"@id":"https:\/\/ukreine.com\/it\/donne-russe-e-ucraine-che-parlano-italiano-e-un-criterio-obbligatorio\/#breadcrumb"},"inLanguage":"it-IT","potentialAction":[{"@type":"ReadAction","target":["https:\/\/ukreine.com\/it\/donne-russe-e-ucraine-che-parlano-italiano-e-un-criterio-obbligatorio\/"]}]},{"@type":"ImageObject","inLanguage":"it-IT","@id":"https:\/\/ukreine.com\/it\/donne-russe-e-ucraine-che-parlano-italiano-e-un-criterio-obbligatorio\/#primaryimage","url":"https:\/\/ukreine.com\/wp-content\/uploads\/2022\/08\/123.jpg","contentUrl":"https:\/\/ukreine.com\/wp-content\/uploads\/2022\/08\/123.jpg","width":712,"height":1017,"caption":"femme parle fran\u00e7ais"},{"@type":"BreadcrumbList","@id":"https:\/\/ukreine.com\/it\/donne-russe-e-ucraine-che-parlano-italiano-e-un-criterio-obbligatorio\/#breadcrumb","itemListElement":[{"@type":"ListItem","position":1,"name":"Home","item":"https:\/\/ukreine.com\/it\/"},{"@type":"ListItem","position":2,"name":"Donne russe e ucraine che parlano italiano. \u00c8 un criterio obbligatorio?"}]},{"@type":"WebSite","@id":"https:\/\/ukreine.com\/it\/#website","url":"https:\/\/ukreine.com\/it\/","name":"Ukreine","description":"","publisher":{"@id":"https:\/\/ukreine.com\/it\/#organization"},"potentialAction":[{"@type":"SearchAction","target":{"@type":"EntryPoint","urlTemplate":"https:\/\/ukreine.com\/it\/?s={search_term_string}"},"query-input":{"@type":"PropertyValueSpecification","valueRequired":true,"valueName":"search_term_string"}}],"inLanguage":"it-IT"},{"@type":"Organization","@id":"https:\/\/ukreine.com\/it\/#organization","name":"Ukreine","url":"https:\/\/ukreine.com\/it\/","logo":{"@type":"ImageObject","inLanguage":"it-IT","@id":"https:\/\/ukreine.com\/it\/#\/schema\/logo\/image\/","url":"https:\/\/ukreine.com\/wp-content\/uploads\/2018\/05\/logo.png","contentUrl":"https:\/\/ukreine.com\/wp-content\/uploads\/2018\/05\/logo.png","width":325,"height":69,"caption":"Ukreine"},"image":{"@id":"https:\/\/ukreine.com\/it\/#\/schema\/logo\/image\/"},"sameAs":["https:\/\/www.facebook.com\/datingrussianbrides\/","https:\/\/x.com\/t4388388833","https:\/\/www.instagram.com\/agenceukreine\/","https:\/\/www.pinterest.com\/dbereznyakov\/","https:\/\/www.youtube.com\/channel\/UC5lMwPhy20E8Bti0mQL43UA"]}]}},"_links":{"self":[{"href":"https:\/\/ukreine.com\/it\/wp-json\/wp\/v2\/pages\/1030566","targetHints":{"allow":["GET"]}}],"collection":[{"href":"https:\/\/ukreine.com\/it\/wp-json\/wp\/v2\/pages"}],"about":[{"href":"https:\/\/ukreine.com\/it\/wp-json\/wp\/v2\/types\/page"}],"author":[{"embeddable":true,"href":"https:\/\/ukreine.com\/it\/wp-json\/wp\/v2\/users\/54"}],"replies":[{"embeddable":true,"href":"https:\/\/ukreine.com\/it\/wp-json\/wp\/v2\/comments?post=1030566"}],"version-history":[{"count":1,"href":"https:\/\/ukreine.com\/it\/wp-json\/wp\/v2\/pages\/1030566\/revisions"}],"predecessor-version":[{"id":1030575,"href":"https:\/\/ukreine.com\/it\/wp-json\/wp\/v2\/pages\/1030566\/revisions\/1030575"}],"wp:featuredmedia":[{"embeddable":true,"href":"https:\/\/ukreine.com\/it\/wp-json\/wp\/v2\/media\/581900"}],"wp:attachment":[{"href":"https:\/\/ukreine.com\/it\/wp-json\/wp\/v2\/media?parent=1030566"}],"curies":[{"name":"wp","href":"https:\/\/api.w.org\/{rel}","templated":true}]}}