{"id":1030316,"date":"2025-10-27T02:46:15","date_gmt":"2025-10-27T02:46:15","guid":{"rendered":"https:\/\/ukreine.com\/?page_id=1030316"},"modified":"2025-10-27T02:46:18","modified_gmt":"2025-10-27T02:46:18","slug":"perche-dovrei-essere-felice-con-una-bella-donna-russa-o-ucraina","status":"publish","type":"page","link":"https:\/\/ukreine.com\/it\/perche-dovrei-essere-felice-con-una-bella-donna-russa-o-ucraina\/","title":{"rendered":"Perch\u00e9 dovrei essere felice con una bella donna russa o ucraina?"},"content":{"rendered":"<p data-start=\"172\" data-end=\"212\"><strong data-start=\"172\" data-end=\"212\">Bella donna ucraina tanto desiderata<\/strong><\/p>\n<p data-start=\"214\" data-end=\"522\">Se non sei arrivato sul nostro sito per caso, sicuramente sai gi\u00e0 perch\u00e9 cos\u00ec tanti uomini di tutto il mondo cercano donne russe o ucraine.<br data-start=\"353\" data-end=\"356\" \/>Quando parliamo di donne ucraine, ci riferiamo in generale alle donne dell\u2019Europa dell\u2019Est: russe e ucraine, ma anche polacche, lituane, lettoni, estoni e bielorusse.<\/p>\n<p data-start=\"524\" data-end=\"706\">Per capire cosa cercano gli uomini in queste belle donne, abbiamo condotto un sondaggio tra circa 900 clienti (numero approssimativo, da verificare), e questi sono stati i risultati:<\/p>\n<ul data-start=\"708\" data-end=\"906\">\n<li data-start=\"708\" data-end=\"742\">\n<p data-start=\"710\" data-end=\"742\"><strong data-start=\"710\" data-end=\"731\">La loro bellezza:<\/strong> 854 voti<\/p>\n<\/li>\n<li data-start=\"743\" data-end=\"799\">\n<p data-start=\"745\" data-end=\"799\"><strong data-start=\"745\" data-end=\"788\">I loro valori tradizionali e familiari:<\/strong> 765 voti<\/p>\n<\/li>\n<li data-start=\"800\" data-end=\"836\">\n<p data-start=\"802\" data-end=\"836\"><strong data-start=\"802\" data-end=\"825\">La loro istruzione:<\/strong> 345 voti<\/p>\n<\/li>\n<li data-start=\"837\" data-end=\"870\">\n<p data-start=\"839\" data-end=\"870\"><strong data-start=\"839\" data-end=\"859\">La loro fedelt\u00e0:<\/strong> 340 voti<\/p>\n<\/li>\n<li data-start=\"871\" data-end=\"906\">\n<p data-start=\"873\" data-end=\"906\"><strong data-start=\"873\" data-end=\"895\">La loro mentalit\u00e0:<\/strong> 190 voti<\/p>\n<\/li>\n<\/ul>\n<p data-start=\"908\" data-end=\"943\">Vediamo questi punti pi\u00f9 da vicino:<\/p>\n<p data-start=\"945\" data-end=\"1191\"><strong data-start=\"945\" data-end=\"965\">Bellezza fisica:<\/strong> le donne ucraine sono spesso considerate molto belle, con tratti delicati, occhi espressivi e una grande attenzione all\u2019aspetto fisico. Questa estetica corrisponde spesso agli ideali di bellezza sia individuali che culturali.<\/p>\n<p data-start=\"1193\" data-end=\"1459\">\n    <div class=\"video_container center\">\n        <div class=\"embed-container\">\n            <iframe src=\"https:\/\/www.youtube.com\/embed\/\" frameborder=\"0\" allowfullscreen class=\"youtube-video\"><\/iframe>\n        <\/div>\n    <\/div>\n\n    <\/p>\n<p data-start=\"1461\" data-end=\"1911\"><strong data-start=\"1461\" data-end=\"1482\">Valori familiari:<\/strong> molti uomini occidentali sono attratti dalla cultura ucraina, che, secondo la percezione comune, d\u00e0 grande importanza alla famiglia, alla lealt\u00e0 e alla stabilit\u00e0 nelle relazioni.<br data-start=\"1661\" data-end=\"1664\" \/>Una famiglia ucraina tradizionale di oggi somiglia molto a una famiglia francese di 40\u201350 anni fa.<br data-start=\"1762\" data-end=\"1765\" \/>Naturalmente, la globalizzazione sta gradualmente cancellando questi valori, ma esistono ancora molte donne ucraine che li condividono pienamente.<\/p>\n<p data-start=\"1913\" data-end=\"2191\"><strong data-start=\"1913\" data-end=\"1943\">Istruzione e intelligenza:<\/strong> le donne ucraine sono spesso molto istruite, e molti uomini apprezzano partner con un alto livello culturale. L\u2019intelligenza e la capacit\u00e0 di conversare in modo profondo sono qualit\u00e0 molto ricercate e facilitano anche l\u2019apprendimento delle lingue.<\/p>\n<p data-start=\"2193\" data-end=\"2442\"><strong data-start=\"2193\" data-end=\"2221\">Visione delle relazioni:<\/strong> alcune donne ucraine hanno una prospettiva diversa sulle relazioni, mettendo l\u2019accento sull\u2019impegno e sulla costruzione di una famiglia stabile \u2014 un contrasto rispetto a quanto molti uomini sperimentano in altre culture.<\/p>\n<p data-start=\"2444\" data-end=\"2634\"><strong data-start=\"2444\" data-end=\"2482\">Reputazione di lealt\u00e0 e dedizione:<\/strong> le donne ucraine sono note per la loro fedelt\u00e0 e per la dedizione alla famiglia \u2014 qualit\u00e0 molto apprezzate da chi cerca una relazione seria e duratura.<\/p>\n<p data-start=\"2636\" data-end=\"2836\"><strong data-start=\"2636\" data-end=\"2660\">Diversit\u00e0 culturale:<\/strong> molti uomini sono attratti anche dalla possibilit\u00e0 di condividere esperienze culturali diverse. Una relazione interculturale pu\u00f2 essere un\u2019esperienza stimolante e arricchente.<\/p>\n<p data-start=\"2838\" data-end=\"3184\"><strong data-start=\"2838\" data-end=\"2889\">Influenza dei media e delle piattaforme online:<\/strong> la visibilit\u00e0 delle donne ucraine sui social media e sui siti di incontri internazionali ha sicuramente contribuito alla loro fama.<br data-start=\"3021\" data-end=\"3024\" \/>Purtroppo, la maggior parte dei profili online di \u201cbelle donne ucraine\u201d sono falsi, e i veri profili vengono spesso usati come esca da siti e agenzie disoneste.<\/p>\n","protected":false},"excerpt":{"rendered":"<p>Bella donna ucraina tanto desiderata Se non sei arrivato sul nostro sito per caso, sicuramente sai gi\u00e0 perch\u00e9 cos\u00ec tanti uomini di tutto il mondo cercano donne russe o ucraine.Quando parliamo di donne ucraine, ci riferiamo in generale alle donne dell\u2019Europa dell\u2019Est: russe e ucraine, ma anche polacche, lituane, lettoni, estoni e bielorusse. Per capire [&hellip;]<\/p>\n","protected":false},"author":54,"featured_media":0,"parent":0,"menu_order":0,"comment_status":"closed","ping_status":"closed","template":"","meta":{"_acf_changed":false,"footnotes":""},"class_list":["post-1030316","page","type-page","status-publish","hentry"],"acf":[],"yoast_head":"<!-- This site is optimized with the Yoast SEO Premium plugin v25.5 (Yoast SEO v27.2) - https:\/\/yoast.com\/product\/yoast-seo-premium-wordpress\/ -->\n<title>Essere felice con una bella donna russa o ucraina<\/title>\n<meta name=\"description\" content=\"Quando parliamo di donne ucraine, ci riferiamo in generale alle donne dell\u2019Europa dell\u2019Est: russe e ucraine.\" \/>\n<meta name=\"robots\" content=\"index, follow, max-snippet:-1, max-image-preview:large, max-video-preview:-1\" \/>\n<link rel=\"canonical\" href=\"https:\/\/ukreine.com\/it\/perche-dovrei-essere-felice-con-una-bella-donna-russa-o-ucraina\/\" \/>\n<meta property=\"og:locale\" content=\"it_IT\" \/>\n<meta property=\"og:type\" content=\"article\" \/>\n<meta property=\"og:title\" content=\"Perch\u00e9 dovrei essere felice con una bella donna russa o ucraina?\" \/>\n<meta property=\"og:description\" content=\"Quando parliamo di donne ucraine, ci riferiamo in generale alle donne dell\u2019Europa dell\u2019Est: russe e ucraine.\" \/>\n<meta property=\"og:url\" content=\"https:\/\/ukreine.com\/it\/perche-dovrei-essere-felice-con-una-bella-donna-russa-o-ucraina\/\" \/>\n<meta property=\"og:site_name\" content=\"Ukreine\" \/>\n<meta property=\"article:publisher\" content=\"https:\/\/www.facebook.com\/datingrussianbrides\/\" \/>\n<meta property=\"article:modified_time\" content=\"2025-10-27T02:46:18+00:00\" \/>\n<meta name=\"twitter:card\" content=\"summary_large_image\" \/>\n<meta name=\"twitter:site\" content=\"@t4388388833\" \/>\n<meta name=\"twitter:label1\" content=\"Tempo di lettura stimato\" \/>\n\t<meta name=\"twitter:data1\" content=\"3 minuti\" \/>\n<script type=\"application\/ld+json\" class=\"yoast-schema-graph\">{\"@context\":\"https:\/\/schema.org\",\"@graph\":[{\"@type\":\"WebPage\",\"@id\":\"https:\/\/ukreine.com\/it\/perche-dovrei-essere-felice-con-una-bella-donna-russa-o-ucraina\/\",\"url\":\"https:\/\/ukreine.com\/it\/perche-dovrei-essere-felice-con-una-bella-donna-russa-o-ucraina\/\",\"name\":\"Essere felice con una bella donna russa o ucraina\",\"isPartOf\":{\"@id\":\"https:\/\/ukreine.com\/it\/#website\"},\"datePublished\":\"2025-10-27T02:46:15+00:00\",\"dateModified\":\"2025-10-27T02:46:18+00:00\",\"description\":\"Quando parliamo di donne ucraine, ci riferiamo in generale alle donne dell\u2019Europa dell\u2019Est: russe e ucraine.\",\"breadcrumb\":{\"@id\":\"https:\/\/ukreine.com\/it\/perche-dovrei-essere-felice-con-una-bella-donna-russa-o-ucraina\/#breadcrumb\"},\"inLanguage\":\"it-IT\",\"potentialAction\":[{\"@type\":\"ReadAction\",\"target\":[\"https:\/\/ukreine.com\/it\/perche-dovrei-essere-felice-con-una-bella-donna-russa-o-ucraina\/\"]}]},{\"@type\":\"BreadcrumbList\",\"@id\":\"https:\/\/ukreine.com\/it\/perche-dovrei-essere-felice-con-una-bella-donna-russa-o-ucraina\/#breadcrumb\",\"itemListElement\":[{\"@type\":\"ListItem\",\"position\":1,\"name\":\"Home\",\"item\":\"https:\/\/ukreine.com\/it\/\"},{\"@type\":\"ListItem\",\"position\":2,\"name\":\"Perch\u00e9 dovrei essere felice con una bella donna russa o ucraina?\"}]},{\"@type\":\"WebSite\",\"@id\":\"https:\/\/ukreine.com\/it\/#website\",\"url\":\"https:\/\/ukreine.com\/it\/\",\"name\":\"Ukreine\",\"description\":\"\",\"publisher\":{\"@id\":\"https:\/\/ukreine.com\/it\/#organization\"},\"potentialAction\":[{\"@type\":\"SearchAction\",\"target\":{\"@type\":\"EntryPoint\",\"urlTemplate\":\"https:\/\/ukreine.com\/it\/?s={search_term_string}\"},\"query-input\":{\"@type\":\"PropertyValueSpecification\",\"valueRequired\":true,\"valueName\":\"search_term_string\"}}],\"inLanguage\":\"it-IT\"},{\"@type\":\"Organization\",\"@id\":\"https:\/\/ukreine.com\/it\/#organization\",\"name\":\"Ukreine\",\"url\":\"https:\/\/ukreine.com\/it\/\",\"logo\":{\"@type\":\"ImageObject\",\"inLanguage\":\"it-IT\",\"@id\":\"https:\/\/ukreine.com\/it\/#\/schema\/logo\/image\/\",\"url\":\"https:\/\/ukreine.com\/wp-content\/uploads\/2018\/05\/logo.png\",\"contentUrl\":\"https:\/\/ukreine.com\/wp-content\/uploads\/2018\/05\/logo.png\",\"width\":325,\"height\":69,\"caption\":\"Ukreine\"},\"image\":{\"@id\":\"https:\/\/ukreine.com\/it\/#\/schema\/logo\/image\/\"},\"sameAs\":[\"https:\/\/www.facebook.com\/datingrussianbrides\/\",\"https:\/\/x.com\/t4388388833\",\"https:\/\/www.instagram.com\/agenceukreine\/\",\"https:\/\/www.pinterest.com\/dbereznyakov\/\",\"https:\/\/www.youtube.com\/channel\/UC5lMwPhy20E8Bti0mQL43UA\"]}]}<\/script>\n<!-- \/ Yoast SEO Premium plugin. -->","yoast_head_json":{"title":"Essere felice con una bella donna russa o ucraina","description":"Quando parliamo di donne ucraine, ci riferiamo in generale alle donne dell\u2019Europa dell\u2019Est: russe e ucraine.","robots":{"index":"index","follow":"follow","max-snippet":"max-snippet:-1","max-image-preview":"max-image-preview:large","max-video-preview":"max-video-preview:-1"},"canonical":"https:\/\/ukreine.com\/it\/perche-dovrei-essere-felice-con-una-bella-donna-russa-o-ucraina\/","og_locale":"it_IT","og_type":"article","og_title":"Perch\u00e9 dovrei essere felice con una bella donna russa o ucraina?","og_description":"Quando parliamo di donne ucraine, ci riferiamo in generale alle donne dell\u2019Europa dell\u2019Est: russe e ucraine.","og_url":"https:\/\/ukreine.com\/it\/perche-dovrei-essere-felice-con-una-bella-donna-russa-o-ucraina\/","og_site_name":"Ukreine","article_publisher":"https:\/\/www.facebook.com\/datingrussianbrides\/","article_modified_time":"2025-10-27T02:46:18+00:00","twitter_card":"summary_large_image","twitter_site":"@t4388388833","twitter_misc":{"Tempo di lettura stimato":"3 minuti"},"schema":{"@context":"https:\/\/schema.org","@graph":[{"@type":"WebPage","@id":"https:\/\/ukreine.com\/it\/perche-dovrei-essere-felice-con-una-bella-donna-russa-o-ucraina\/","url":"https:\/\/ukreine.com\/it\/perche-dovrei-essere-felice-con-una-bella-donna-russa-o-ucraina\/","name":"Essere felice con una bella donna russa o ucraina","isPartOf":{"@id":"https:\/\/ukreine.com\/it\/#website"},"datePublished":"2025-10-27T02:46:15+00:00","dateModified":"2025-10-27T02:46:18+00:00","description":"Quando parliamo di donne ucraine, ci riferiamo in generale alle donne dell\u2019Europa dell\u2019Est: russe e ucraine.","breadcrumb":{"@id":"https:\/\/ukreine.com\/it\/perche-dovrei-essere-felice-con-una-bella-donna-russa-o-ucraina\/#breadcrumb"},"inLanguage":"it-IT","potentialAction":[{"@type":"ReadAction","target":["https:\/\/ukreine.com\/it\/perche-dovrei-essere-felice-con-una-bella-donna-russa-o-ucraina\/"]}]},{"@type":"BreadcrumbList","@id":"https:\/\/ukreine.com\/it\/perche-dovrei-essere-felice-con-una-bella-donna-russa-o-ucraina\/#breadcrumb","itemListElement":[{"@type":"ListItem","position":1,"name":"Home","item":"https:\/\/ukreine.com\/it\/"},{"@type":"ListItem","position":2,"name":"Perch\u00e9 dovrei essere felice con una bella donna russa o ucraina?"}]},{"@type":"WebSite","@id":"https:\/\/ukreine.com\/it\/#website","url":"https:\/\/ukreine.com\/it\/","name":"Ukreine","description":"","publisher":{"@id":"https:\/\/ukreine.com\/it\/#organization"},"potentialAction":[{"@type":"SearchAction","target":{"@type":"EntryPoint","urlTemplate":"https:\/\/ukreine.com\/it\/?s={search_term_string}"},"query-input":{"@type":"PropertyValueSpecification","valueRequired":true,"valueName":"search_term_string"}}],"inLanguage":"it-IT"},{"@type":"Organization","@id":"https:\/\/ukreine.com\/it\/#organization","name":"Ukreine","url":"https:\/\/ukreine.com\/it\/","logo":{"@type":"ImageObject","inLanguage":"it-IT","@id":"https:\/\/ukreine.com\/it\/#\/schema\/logo\/image\/","url":"https:\/\/ukreine.com\/wp-content\/uploads\/2018\/05\/logo.png","contentUrl":"https:\/\/ukreine.com\/wp-content\/uploads\/2018\/05\/logo.png","width":325,"height":69,"caption":"Ukreine"},"image":{"@id":"https:\/\/ukreine.com\/it\/#\/schema\/logo\/image\/"},"sameAs":["https:\/\/www.facebook.com\/datingrussianbrides\/","https:\/\/x.com\/t4388388833","https:\/\/www.instagram.com\/agenceukreine\/","https:\/\/www.pinterest.com\/dbereznyakov\/","https:\/\/www.youtube.com\/channel\/UC5lMwPhy20E8Bti0mQL43UA"]}]}},"_links":{"self":[{"href":"https:\/\/ukreine.com\/it\/wp-json\/wp\/v2\/pages\/1030316","targetHints":{"allow":["GET"]}}],"collection":[{"href":"https:\/\/ukreine.com\/it\/wp-json\/wp\/v2\/pages"}],"about":[{"href":"https:\/\/ukreine.com\/it\/wp-json\/wp\/v2\/types\/page"}],"author":[{"embeddable":true,"href":"https:\/\/ukreine.com\/it\/wp-json\/wp\/v2\/users\/54"}],"replies":[{"embeddable":true,"href":"https:\/\/ukreine.com\/it\/wp-json\/wp\/v2\/comments?post=1030316"}],"version-history":[{"count":1,"href":"https:\/\/ukreine.com\/it\/wp-json\/wp\/v2\/pages\/1030316\/revisions"}],"predecessor-version":[{"id":1030320,"href":"https:\/\/ukreine.com\/it\/wp-json\/wp\/v2\/pages\/1030316\/revisions\/1030320"}],"wp:attachment":[{"href":"https:\/\/ukreine.com\/it\/wp-json\/wp\/v2\/media?parent=1030316"}],"curies":[{"name":"wp","href":"https:\/\/api.w.org\/{rel}","templated":true}]}}