{"id":1030307,"date":"2025-10-26T19:55:11","date_gmt":"2025-10-26T19:55:11","guid":{"rendered":"https:\/\/ukreine.com\/?page_id=1030307"},"modified":"2025-10-26T19:55:16","modified_gmt":"2025-10-26T19:55:16","slug":"l-proprietario-di-unagenzia-di-incontri-ucraina-e-obbligato-a-sottoporsi-a-un-test-del-poligrafo","status":"publish","type":"page","link":"https:\/\/ukreine.com\/it\/l-proprietario-di-unagenzia-di-incontri-ucraina-e-obbligato-a-sottoporsi-a-un-test-del-poligrafo\/","title":{"rendered":"l proprietario di un\u2019agenzia di incontri ucraina \u00e8 obbligato a sottoporsi a un test del poligrafo."},"content":{"rendered":"<p data-start=\"124\" data-end=\"462\"><strong data-start=\"124\" data-end=\"169\">Alcuni di voi mi conoscono da molto tempo<\/strong> \u2014 nel campo degli incontri con donne russe e ucraine.<br data-start=\"223\" data-end=\"226\" \/>Altri, invece, non riescono sempre a distinguere la differenza tra un\u2019agenzia matrimoniale seria e onesta e i numerosi siti creati unicamente per truffare uomini single.<br data-start=\"395\" data-end=\"398\" \/>Eppure, questi siti rappresentano <strong data-start=\"432\" data-end=\"448\">quasi il 95%<\/strong> del totale.<\/p>\n<p data-start=\"464\" data-end=\"736\">Non c\u2019\u00e8 da stupirsi: un truffatore non ammetter\u00e0 mai di esserlo.<br data-start=\"528\" data-end=\"531\" \/>Si presenter\u00e0 come il pi\u00f9 onesto, pubblicher\u00e0 (forse\u2026) qualche articolo banale su \u201ccome evitare le truffe\u201d e vi assicurer\u00e0 che tutte le bellissime ragazze sul suo sito <em data-start=\"699\" data-end=\"734\">\u201cnon vedono l\u2019ora di conoscervi.\u201d<\/em><\/p>\n<p data-start=\"738\" data-end=\"961\">Un uomo alle prime armi con gli incontri internazionali probabilmente non vedr\u00e0 la differenza all\u2019inizio.<br data-start=\"843\" data-end=\"846\" \/>Ma la capir\u00e0 presto \u2014 <strong data-start=\"868\" data-end=\"959\">quando il suo portafoglio sar\u00e0 stato alleggerito di qualche migliaio di euro o dollari.<\/strong><\/p>\n<p data-start=\"963\" data-end=\"1304\">In questo contesto, come convincere gli uomini che sono gi\u00e0 stati truffati \u2014 o quelli che sono semplicemente diffidenti e scettici per natura \u2014 e che pensano che <em data-start=\"1125\" data-end=\"1171\">\u201ctutte le agenzie di incontri siano uguali\u201d?<\/em><br data-start=\"1171\" data-end=\"1174\" \/>Non crederanno n\u00e9 alle storie di matrimoni, n\u00e9 alle testimonianze dei clienti, n\u00e9 alle buone parole dei dipendenti dell\u2019agenzia.<\/p>\n<p data-start=\"1306\" data-end=\"1595\">Col passare del tempo, ho notato che mi si chiede sempre meno di fornire <em data-start=\"1379\" data-end=\"1386\">prove<\/em> della mia onest\u00e0.<br data-start=\"1404\" data-end=\"1407\" \/>Probabilmente grazie ai numerosi reportage televisivi su di me e sui miei progetti \u2014 <strong data-start=\"1492\" data-end=\"1507\">ukreine.com\/it<\/strong>\u00a0e <strong data-start=\"1510\" data-end=\"1534\">allaboutdatingscams.com\/it<\/strong>\u00a0\u2014 trasmessi in Francia, Svizzera, Belgio e in altri paesi.<\/p>\n<p data-start=\"1597\" data-end=\"1729\">Tuttavia, ho deciso di fare qualcosa che nessuno aveva mai osato fare prima:<br data-start=\"1673\" data-end=\"1676\" \/><strong data-start=\"1676\" data-end=\"1727\">ho fatto un test con il rilevatore di menzogne.<\/strong><\/p>\n<p data-start=\"1731\" data-end=\"1816\">\n    <div class=\"video_container center\">\n        <div class=\"embed-container\">\n            <iframe src=\"https:\/\/www.youtube.com\/embed\/TOzsdzS0L2Q\" frameborder=\"0\" allowfullscreen class=\"youtube-video\"><\/iframe>\n        <\/div>\n    <\/div>\n\n    <\/p>\n<p data-start=\"1818\" data-end=\"2180\">L\u2019obiettivo principale non era parlare di me o di ukreine.com, ma piuttosto mostrare il <strong data-start=\"1906\" data-end=\"1938\">numero incredibile di truffe<\/strong> che avvengono nel mondo degli incontri internazionali.<br data-start=\"1993\" data-end=\"1996\" \/>E soprattutto dimostrarvi che <strong data-start=\"2026\" data-end=\"2101\">la grande maggioranza delle agenzie matrimoniali e dei siti di incontri<\/strong> sono, in realt\u00e0, gestiti da truffatori \u2014 nonostante tutto ci\u00f2 che affermano.<\/p>\n<p data-start=\"2182\" data-end=\"2228\"><strong data-start=\"2182\" data-end=\"2202\">Cordiali saluti,<\/strong><br data-start=\"2202\" data-end=\"2205\" \/><em data-start=\"2205\" data-end=\"2226\">Dimitri Berezniakov<\/em><\/p>\n","protected":false},"excerpt":{"rendered":"<p>Alcuni di voi mi conoscono da molto tempo \u2014 nel campo degli incontri con donne russe e ucraine.Altri, invece, non riescono sempre a distinguere la differenza tra un\u2019agenzia matrimoniale seria e onesta e i numerosi siti creati unicamente per truffare uomini single.Eppure, questi siti rappresentano quasi il 95% del totale. Non c\u2019\u00e8 da stupirsi: un [&hellip;]<\/p>\n","protected":false},"author":54,"featured_media":774075,"parent":0,"menu_order":0,"comment_status":"closed","ping_status":"closed","template":"","meta":{"_acf_changed":false,"footnotes":""},"class_list":["post-1030307","page","type-page","status-publish","has-post-thumbnail","hentry"],"acf":[],"yoast_head":"<!-- This site is optimized with the Yoast SEO Premium plugin v25.5 (Yoast SEO v27.2) - https:\/\/yoast.com\/product\/yoast-seo-premium-wordpress\/ -->\n<title>l proprietario di un\u2019agenzia di incontri ucraina i un test del poligrafo.<\/title>\n<meta name=\"description\" content=\"l proprietario di un\u2019agenzia di incontri ucraina \u00e8 obbligato a sottoporsi a un test del poligrafo.\" \/>\n<meta name=\"robots\" content=\"index, follow, max-snippet:-1, max-image-preview:large, max-video-preview:-1\" \/>\n<link rel=\"canonical\" href=\"https:\/\/ukreine.com\/it\/l-proprietario-di-unagenzia-di-incontri-ucraina-e-obbligato-a-sottoporsi-a-un-test-del-poligrafo\/\" \/>\n<meta property=\"og:locale\" content=\"it_IT\" \/>\n<meta property=\"og:type\" content=\"article\" \/>\n<meta property=\"og:title\" content=\"l proprietario di un\u2019agenzia di incontri ucraina \u00e8 obbligato a sottoporsi a un test del poligrafo.\" \/>\n<meta property=\"og:description\" content=\"l proprietario di un\u2019agenzia di incontri ucraina \u00e8 obbligato a sottoporsi a un test del poligrafo.\" \/>\n<meta property=\"og:url\" content=\"https:\/\/ukreine.com\/it\/l-proprietario-di-unagenzia-di-incontri-ucraina-e-obbligato-a-sottoporsi-a-un-test-del-poligrafo\/\" \/>\n<meta property=\"og:site_name\" content=\"Ukreine\" \/>\n<meta property=\"article:publisher\" content=\"https:\/\/www.facebook.com\/datingrussianbrides\/\" \/>\n<meta property=\"article:modified_time\" content=\"2025-10-26T19:55:16+00:00\" \/>\n<meta property=\"og:image\" content=\"https:\/\/ukreine.com\/wp-content\/uploads\/2018\/08\/liedetector-1.jpg\" \/>\n\t<meta property=\"og:image:width\" content=\"2156\" \/>\n\t<meta property=\"og:image:height\" content=\"1617\" \/>\n\t<meta property=\"og:image:type\" content=\"image\/jpeg\" \/>\n<meta name=\"twitter:card\" content=\"summary_large_image\" \/>\n<meta name=\"twitter:site\" content=\"@t4388388833\" \/>\n<meta name=\"twitter:label1\" content=\"Tempo di lettura stimato\" \/>\n\t<meta name=\"twitter:data1\" content=\"2 minuti\" \/>\n<script type=\"application\/ld+json\" class=\"yoast-schema-graph\">{\"@context\":\"https:\/\/schema.org\",\"@graph\":[{\"@type\":\"WebPage\",\"@id\":\"https:\/\/ukreine.com\/it\/l-proprietario-di-unagenzia-di-incontri-ucraina-e-obbligato-a-sottoporsi-a-un-test-del-poligrafo\/\",\"url\":\"https:\/\/ukreine.com\/it\/l-proprietario-di-unagenzia-di-incontri-ucraina-e-obbligato-a-sottoporsi-a-un-test-del-poligrafo\/\",\"name\":\"l proprietario di un\u2019agenzia di incontri ucraina i un test del poligrafo.\",\"isPartOf\":{\"@id\":\"https:\/\/ukreine.com\/it\/#website\"},\"primaryImageOfPage\":{\"@id\":\"https:\/\/ukreine.com\/it\/l-proprietario-di-unagenzia-di-incontri-ucraina-e-obbligato-a-sottoporsi-a-un-test-del-poligrafo\/#primaryimage\"},\"image\":{\"@id\":\"https:\/\/ukreine.com\/it\/l-proprietario-di-unagenzia-di-incontri-ucraina-e-obbligato-a-sottoporsi-a-un-test-del-poligrafo\/#primaryimage\"},\"thumbnailUrl\":\"https:\/\/ukreine.com\/wp-content\/uploads\/2018\/08\/liedetector-1.jpg\",\"datePublished\":\"2025-10-26T19:55:11+00:00\",\"dateModified\":\"2025-10-26T19:55:16+00:00\",\"description\":\"l proprietario di un\u2019agenzia di incontri ucraina \u00e8 obbligato a sottoporsi a un test del poligrafo.\",\"breadcrumb\":{\"@id\":\"https:\/\/ukreine.com\/it\/l-proprietario-di-unagenzia-di-incontri-ucraina-e-obbligato-a-sottoporsi-a-un-test-del-poligrafo\/#breadcrumb\"},\"inLanguage\":\"it-IT\",\"potentialAction\":[{\"@type\":\"ReadAction\",\"target\":[\"https:\/\/ukreine.com\/it\/l-proprietario-di-unagenzia-di-incontri-ucraina-e-obbligato-a-sottoporsi-a-un-test-del-poligrafo\/\"]}]},{\"@type\":\"ImageObject\",\"inLanguage\":\"it-IT\",\"@id\":\"https:\/\/ukreine.com\/it\/l-proprietario-di-unagenzia-di-incontri-ucraina-e-obbligato-a-sottoporsi-a-un-test-del-poligrafo\/#primaryimage\",\"url\":\"https:\/\/ukreine.com\/wp-content\/uploads\/2018\/08\/liedetector-1.jpg\",\"contentUrl\":\"https:\/\/ukreine.com\/wp-content\/uploads\/2018\/08\/liedetector-1.jpg\",\"width\":2156,\"height\":1617,\"caption\":\"lie detector test\"},{\"@type\":\"BreadcrumbList\",\"@id\":\"https:\/\/ukreine.com\/it\/l-proprietario-di-unagenzia-di-incontri-ucraina-e-obbligato-a-sottoporsi-a-un-test-del-poligrafo\/#breadcrumb\",\"itemListElement\":[{\"@type\":\"ListItem\",\"position\":1,\"name\":\"Home\",\"item\":\"https:\/\/ukreine.com\/it\/\"},{\"@type\":\"ListItem\",\"position\":2,\"name\":\"l proprietario di un\u2019agenzia di incontri ucraina \u00e8 obbligato a sottoporsi a un test del poligrafo.\"}]},{\"@type\":\"WebSite\",\"@id\":\"https:\/\/ukreine.com\/it\/#website\",\"url\":\"https:\/\/ukreine.com\/it\/\",\"name\":\"Ukreine\",\"description\":\"\",\"publisher\":{\"@id\":\"https:\/\/ukreine.com\/it\/#organization\"},\"potentialAction\":[{\"@type\":\"SearchAction\",\"target\":{\"@type\":\"EntryPoint\",\"urlTemplate\":\"https:\/\/ukreine.com\/it\/?s={search_term_string}\"},\"query-input\":{\"@type\":\"PropertyValueSpecification\",\"valueRequired\":true,\"valueName\":\"search_term_string\"}}],\"inLanguage\":\"it-IT\"},{\"@type\":\"Organization\",\"@id\":\"https:\/\/ukreine.com\/it\/#organization\",\"name\":\"Ukreine\",\"url\":\"https:\/\/ukreine.com\/it\/\",\"logo\":{\"@type\":\"ImageObject\",\"inLanguage\":\"it-IT\",\"@id\":\"https:\/\/ukreine.com\/it\/#\/schema\/logo\/image\/\",\"url\":\"https:\/\/ukreine.com\/wp-content\/uploads\/2018\/05\/logo.png\",\"contentUrl\":\"https:\/\/ukreine.com\/wp-content\/uploads\/2018\/05\/logo.png\",\"width\":325,\"height\":69,\"caption\":\"Ukreine\"},\"image\":{\"@id\":\"https:\/\/ukreine.com\/it\/#\/schema\/logo\/image\/\"},\"sameAs\":[\"https:\/\/www.facebook.com\/datingrussianbrides\/\",\"https:\/\/x.com\/t4388388833\",\"https:\/\/www.instagram.com\/agenceukreine\/\",\"https:\/\/www.pinterest.com\/dbereznyakov\/\",\"https:\/\/www.youtube.com\/channel\/UC5lMwPhy20E8Bti0mQL43UA\"]}]}<\/script>\n<!-- \/ Yoast SEO Premium plugin. -->","yoast_head_json":{"title":"l proprietario di un\u2019agenzia di incontri ucraina i un test del poligrafo.","description":"l proprietario di un\u2019agenzia di incontri ucraina \u00e8 obbligato a sottoporsi a un test del poligrafo.","robots":{"index":"index","follow":"follow","max-snippet":"max-snippet:-1","max-image-preview":"max-image-preview:large","max-video-preview":"max-video-preview:-1"},"canonical":"https:\/\/ukreine.com\/it\/l-proprietario-di-unagenzia-di-incontri-ucraina-e-obbligato-a-sottoporsi-a-un-test-del-poligrafo\/","og_locale":"it_IT","og_type":"article","og_title":"l proprietario di un\u2019agenzia di incontri ucraina \u00e8 obbligato a sottoporsi a un test del poligrafo.","og_description":"l proprietario di un\u2019agenzia di incontri ucraina \u00e8 obbligato a sottoporsi a un test del poligrafo.","og_url":"https:\/\/ukreine.com\/it\/l-proprietario-di-unagenzia-di-incontri-ucraina-e-obbligato-a-sottoporsi-a-un-test-del-poligrafo\/","og_site_name":"Ukreine","article_publisher":"https:\/\/www.facebook.com\/datingrussianbrides\/","article_modified_time":"2025-10-26T19:55:16+00:00","og_image":[{"width":2156,"height":1617,"url":"https:\/\/ukreine.com\/wp-content\/uploads\/2018\/08\/liedetector-1.jpg","type":"image\/jpeg"}],"twitter_card":"summary_large_image","twitter_site":"@t4388388833","twitter_misc":{"Tempo di lettura stimato":"2 minuti"},"schema":{"@context":"https:\/\/schema.org","@graph":[{"@type":"WebPage","@id":"https:\/\/ukreine.com\/it\/l-proprietario-di-unagenzia-di-incontri-ucraina-e-obbligato-a-sottoporsi-a-un-test-del-poligrafo\/","url":"https:\/\/ukreine.com\/it\/l-proprietario-di-unagenzia-di-incontri-ucraina-e-obbligato-a-sottoporsi-a-un-test-del-poligrafo\/","name":"l proprietario di un\u2019agenzia di incontri ucraina i un test del poligrafo.","isPartOf":{"@id":"https:\/\/ukreine.com\/it\/#website"},"primaryImageOfPage":{"@id":"https:\/\/ukreine.com\/it\/l-proprietario-di-unagenzia-di-incontri-ucraina-e-obbligato-a-sottoporsi-a-un-test-del-poligrafo\/#primaryimage"},"image":{"@id":"https:\/\/ukreine.com\/it\/l-proprietario-di-unagenzia-di-incontri-ucraina-e-obbligato-a-sottoporsi-a-un-test-del-poligrafo\/#primaryimage"},"thumbnailUrl":"https:\/\/ukreine.com\/wp-content\/uploads\/2018\/08\/liedetector-1.jpg","datePublished":"2025-10-26T19:55:11+00:00","dateModified":"2025-10-26T19:55:16+00:00","description":"l proprietario di un\u2019agenzia di incontri ucraina \u00e8 obbligato a sottoporsi a un test del poligrafo.","breadcrumb":{"@id":"https:\/\/ukreine.com\/it\/l-proprietario-di-unagenzia-di-incontri-ucraina-e-obbligato-a-sottoporsi-a-un-test-del-poligrafo\/#breadcrumb"},"inLanguage":"it-IT","potentialAction":[{"@type":"ReadAction","target":["https:\/\/ukreine.com\/it\/l-proprietario-di-unagenzia-di-incontri-ucraina-e-obbligato-a-sottoporsi-a-un-test-del-poligrafo\/"]}]},{"@type":"ImageObject","inLanguage":"it-IT","@id":"https:\/\/ukreine.com\/it\/l-proprietario-di-unagenzia-di-incontri-ucraina-e-obbligato-a-sottoporsi-a-un-test-del-poligrafo\/#primaryimage","url":"https:\/\/ukreine.com\/wp-content\/uploads\/2018\/08\/liedetector-1.jpg","contentUrl":"https:\/\/ukreine.com\/wp-content\/uploads\/2018\/08\/liedetector-1.jpg","width":2156,"height":1617,"caption":"lie detector test"},{"@type":"BreadcrumbList","@id":"https:\/\/ukreine.com\/it\/l-proprietario-di-unagenzia-di-incontri-ucraina-e-obbligato-a-sottoporsi-a-un-test-del-poligrafo\/#breadcrumb","itemListElement":[{"@type":"ListItem","position":1,"name":"Home","item":"https:\/\/ukreine.com\/it\/"},{"@type":"ListItem","position":2,"name":"l proprietario di un\u2019agenzia di incontri ucraina \u00e8 obbligato a sottoporsi a un test del poligrafo."}]},{"@type":"WebSite","@id":"https:\/\/ukreine.com\/it\/#website","url":"https:\/\/ukreine.com\/it\/","name":"Ukreine","description":"","publisher":{"@id":"https:\/\/ukreine.com\/it\/#organization"},"potentialAction":[{"@type":"SearchAction","target":{"@type":"EntryPoint","urlTemplate":"https:\/\/ukreine.com\/it\/?s={search_term_string}"},"query-input":{"@type":"PropertyValueSpecification","valueRequired":true,"valueName":"search_term_string"}}],"inLanguage":"it-IT"},{"@type":"Organization","@id":"https:\/\/ukreine.com\/it\/#organization","name":"Ukreine","url":"https:\/\/ukreine.com\/it\/","logo":{"@type":"ImageObject","inLanguage":"it-IT","@id":"https:\/\/ukreine.com\/it\/#\/schema\/logo\/image\/","url":"https:\/\/ukreine.com\/wp-content\/uploads\/2018\/05\/logo.png","contentUrl":"https:\/\/ukreine.com\/wp-content\/uploads\/2018\/05\/logo.png","width":325,"height":69,"caption":"Ukreine"},"image":{"@id":"https:\/\/ukreine.com\/it\/#\/schema\/logo\/image\/"},"sameAs":["https:\/\/www.facebook.com\/datingrussianbrides\/","https:\/\/x.com\/t4388388833","https:\/\/www.instagram.com\/agenceukreine\/","https:\/\/www.pinterest.com\/dbereznyakov\/","https:\/\/www.youtube.com\/channel\/UC5lMwPhy20E8Bti0mQL43UA"]}]}},"_links":{"self":[{"href":"https:\/\/ukreine.com\/it\/wp-json\/wp\/v2\/pages\/1030307","targetHints":{"allow":["GET"]}}],"collection":[{"href":"https:\/\/ukreine.com\/it\/wp-json\/wp\/v2\/pages"}],"about":[{"href":"https:\/\/ukreine.com\/it\/wp-json\/wp\/v2\/types\/page"}],"author":[{"embeddable":true,"href":"https:\/\/ukreine.com\/it\/wp-json\/wp\/v2\/users\/54"}],"replies":[{"embeddable":true,"href":"https:\/\/ukreine.com\/it\/wp-json\/wp\/v2\/comments?post=1030307"}],"version-history":[{"count":1,"href":"https:\/\/ukreine.com\/it\/wp-json\/wp\/v2\/pages\/1030307\/revisions"}],"predecessor-version":[{"id":1030308,"href":"https:\/\/ukreine.com\/it\/wp-json\/wp\/v2\/pages\/1030307\/revisions\/1030308"}],"wp:featuredmedia":[{"embeddable":true,"href":"https:\/\/ukreine.com\/it\/wp-json\/wp\/v2\/media\/774075"}],"wp:attachment":[{"href":"https:\/\/ukreine.com\/it\/wp-json\/wp\/v2\/media?parent=1030307"}],"curies":[{"name":"wp","href":"https:\/\/api.w.org\/{rel}","templated":true}]}}