{"id":1030092,"date":"2025-10-24T22:38:45","date_gmt":"2025-10-24T22:38:45","guid":{"rendered":"https:\/\/ukreine.com\/?page_id=1030092"},"modified":"2025-10-24T22:38:48","modified_gmt":"2025-10-24T22:38:48","slug":"incontra-una-donna-ucraina-che-si-trova-en-italia","status":"publish","type":"page","link":"https:\/\/ukreine.com\/it\/incontra-una-donna-ucraina-che-si-trova-en-italia\/","title":{"rendered":"Incontra una donna ucraina che si trova en Italia"},"content":{"rendered":"<p>Sapevi che solo il 10\u201315% delle donne ucraine \u00e8 aperto agli incontri internazionali?<\/p>\n<p>Ecco perch\u00e9, invece di investire grandi somme in pubblicit\u00e0, le agenzie di incontri locali preferiscono pagare donne attraenti per usare i loro profili come esca, attirando gli uomini e facendogli credere che la donna sia interessata\u2026 solo per far spendere soldi agli uomini su un sito o un\u2019agenzia di incontri occidentale.<\/p>\n<p><strong>UkReine<\/strong> appartiene all\u2019<strong>1% delle agenzie che non si affidano ad agenzie locali<\/strong> in Ucraina o in altri paesi. Gestiamo personalmente le nostre campagne pubblicitarie, la selezione e verifica delle candidate e i colloqui con la nostra psicologa.<\/p>\n<p>Per questo motivo, <strong>il 98% delle donne registrate su UkReine \u00e8 presente solo sul nostro sito<\/strong>, garantendo ai nostri clienti un tasso di successo eccezionalmente alto.<\/p>\n<p>Ma possiamo andare ben oltre i profili delle donne ucraine gi\u00e0 presenti sul nostro sito.<\/p>\n<p>Possiamo <strong>trovarti una donna ucraina che vive nella tua citt\u00e0<\/strong>, oppure <strong>una donna ucraina che vive in campagna nella tua regione<\/strong>.<\/p>\n<p><strong>Dove possiamo trovare donne ucraine interessate a te?<\/strong><\/p>\n<p>Realizziamo <strong>campagne pubblicitarie a pagamento<\/strong> con i tuoi annunci sui social media (principalmente <strong>Instagram<\/strong>) basandoci sui tuoi criteri di ricerca:<\/p>\n<ul>\n<li>Fascia di et\u00e0 della donna russa o ucraina (es. 35\u201345 anni)<\/li>\n<li>Posizione della donna russa o ucraina (es. Milano e 200 km intorno de Milano)<\/li>\n<\/ul>\n<p>In questo modo, targetizziamo sia l\u2019et\u00e0 che la posizione della donna.<\/p>\n<p>Inoltre, abbiamo <strong>oltre 10.000 donne ucraine<\/strong> iscritte alle nostre reti sociali, ma solo il <strong>10%<\/strong> \u00e8 registrato sul nostro sito web.<\/p>\n<p>La ragione \u00e8 semplice: su <strong>UkReine.com<\/strong>, i profili delle donne (a differenza di quelli degli uomini) sono pubblici, e molte donne ucraine preferiscono mantenere privata la loro ricerca.<\/p>\n<p>Quindi, se condividiamo il tuo annuncio personalizzato sulla nostra rete, le donne interessate possono rispondere <strong>senza bisogno di registrarsi<\/strong> sul sito.<\/p>\n<p><strong>Ecco cosa ottieni:<\/strong><\/p>\n<ul>\n<li>Creiamo insieme a te un annuncio originale e accattivante.<\/li>\n<li>Se vuoi mantenere la privacy, creiamo un annuncio generico senza la tua foto e mostriamo il tuo profilo solo dopo che la donna ci contatta.<\/li>\n<li>Pubblicheremo l\u2019annuncio sui social network per <strong>2\u20134 settimane<\/strong>.<\/li>\n<li>Gestiamo tutte le risposte: la nostra psicologa parla con le donne interessate, verifichiamo la loro identit\u00e0 e motivazione e creiamo un profilo psicologico.<\/li>\n<li>Ti inviamo i <strong>dati di contatto diretto<\/strong> delle donne realmente interessate a te.<\/li>\n<\/ul>\n<p><strong>Quanto costa?<\/strong><\/p>\n<p>Il prezzo \u00e8 di <strong>300 euro<\/strong>, ma riceverai uno <strong>sconto di 150 euro<\/strong> con il pacchetto di 6 mesi e uno <strong>sconto di 200 euro<\/strong> con il pacchetto <strong>Garanzia a Vita<\/strong> (vedi i nostri piani tariffari).<\/p>\n<p>Puoi anche combinare questo servizio con una ricerca di <strong>donne ucraine che vivono nella tua citt\u00e0<\/strong>.<\/p>\n<p><strong>Come procedere?<\/strong><\/p>\n<p>Inviaci un messaggio a <strong><a href=\"mailto:info@ukreine.com\">info@ukreine.com<\/a><\/strong>, e ti contatteremo per definire i tuoi criteri di ricerca, preparare un annuncio accattivante e concordare la data di lancio della tua campagna.<\/p>\n","protected":false},"excerpt":{"rendered":"<p>Sapevi che solo il 10\u201315% delle donne ucraine \u00e8 aperto agli incontri internazionali? Ecco perch\u00e9, invece di investire grandi somme in pubblicit\u00e0, le agenzie di incontri locali preferiscono pagare donne attraenti per usare i loro profili come esca, attirando gli uomini e facendogli credere che la donna sia interessata\u2026 solo per far spendere soldi agli [&hellip;]<\/p>\n","protected":false},"author":54,"featured_media":0,"parent":0,"menu_order":0,"comment_status":"closed","ping_status":"closed","template":"","meta":{"_acf_changed":false,"footnotes":""},"class_list":["post-1030092","page","type-page","status-publish","hentry"],"acf":[],"yoast_head":"<!-- This site is optimized with the Yoast SEO Premium plugin v25.5 (Yoast SEO v27.2) - https:\/\/yoast.com\/product\/yoast-seo-premium-wordpress\/ -->\n<title>Incontra una donna ucraina che si trova in Italia<\/title>\n<meta name=\"description\" content=\"Incontra una donna ucraina che si trova in Italia\" \/>\n<meta name=\"robots\" content=\"index, follow, max-snippet:-1, max-image-preview:large, max-video-preview:-1\" \/>\n<link rel=\"canonical\" href=\"https:\/\/ukreine.com\/it\/incontra-una-donna-ucraina-che-si-trova-en-italia\/\" \/>\n<meta property=\"og:locale\" content=\"it_IT\" \/>\n<meta property=\"og:type\" content=\"article\" \/>\n<meta property=\"og:title\" content=\"Incontra una donna ucraina che si trova en Italia\" \/>\n<meta property=\"og:description\" content=\"Incontra una donna ucraina che si trova in Italia\" \/>\n<meta property=\"og:url\" content=\"https:\/\/ukreine.com\/it\/incontra-una-donna-ucraina-che-si-trova-en-italia\/\" \/>\n<meta property=\"og:site_name\" content=\"Ukreine\" \/>\n<meta property=\"article:publisher\" content=\"https:\/\/www.facebook.com\/datingrussianbrides\/\" \/>\n<meta property=\"article:modified_time\" content=\"2025-10-24T22:38:48+00:00\" \/>\n<meta name=\"twitter:card\" content=\"summary_large_image\" \/>\n<meta name=\"twitter:site\" content=\"@t4388388833\" \/>\n<meta name=\"twitter:label1\" content=\"Tempo di lettura stimato\" \/>\n\t<meta name=\"twitter:data1\" content=\"3 minuti\" \/>\n<script type=\"application\/ld+json\" class=\"yoast-schema-graph\">{\"@context\":\"https:\/\/schema.org\",\"@graph\":[{\"@type\":\"WebPage\",\"@id\":\"https:\/\/ukreine.com\/it\/incontra-una-donna-ucraina-che-si-trova-en-italia\/\",\"url\":\"https:\/\/ukreine.com\/it\/incontra-una-donna-ucraina-che-si-trova-en-italia\/\",\"name\":\"Incontra una donna ucraina che si trova in Italia\",\"isPartOf\":{\"@id\":\"https:\/\/ukreine.com\/it\/#website\"},\"datePublished\":\"2025-10-24T22:38:45+00:00\",\"dateModified\":\"2025-10-24T22:38:48+00:00\",\"description\":\"Incontra una donna ucraina che si trova in Italia\",\"breadcrumb\":{\"@id\":\"https:\/\/ukreine.com\/it\/incontra-una-donna-ucraina-che-si-trova-en-italia\/#breadcrumb\"},\"inLanguage\":\"it-IT\",\"potentialAction\":[{\"@type\":\"ReadAction\",\"target\":[\"https:\/\/ukreine.com\/it\/incontra-una-donna-ucraina-che-si-trova-en-italia\/\"]}]},{\"@type\":\"BreadcrumbList\",\"@id\":\"https:\/\/ukreine.com\/it\/incontra-una-donna-ucraina-che-si-trova-en-italia\/#breadcrumb\",\"itemListElement\":[{\"@type\":\"ListItem\",\"position\":1,\"name\":\"Home\",\"item\":\"https:\/\/ukreine.com\/it\/\"},{\"@type\":\"ListItem\",\"position\":2,\"name\":\"Incontra una donna ucraina che si trova en Italia\"}]},{\"@type\":\"WebSite\",\"@id\":\"https:\/\/ukreine.com\/it\/#website\",\"url\":\"https:\/\/ukreine.com\/it\/\",\"name\":\"Ukreine\",\"description\":\"\",\"publisher\":{\"@id\":\"https:\/\/ukreine.com\/it\/#organization\"},\"potentialAction\":[{\"@type\":\"SearchAction\",\"target\":{\"@type\":\"EntryPoint\",\"urlTemplate\":\"https:\/\/ukreine.com\/it\/?s={search_term_string}\"},\"query-input\":{\"@type\":\"PropertyValueSpecification\",\"valueRequired\":true,\"valueName\":\"search_term_string\"}}],\"inLanguage\":\"it-IT\"},{\"@type\":\"Organization\",\"@id\":\"https:\/\/ukreine.com\/it\/#organization\",\"name\":\"Ukreine\",\"url\":\"https:\/\/ukreine.com\/it\/\",\"logo\":{\"@type\":\"ImageObject\",\"inLanguage\":\"it-IT\",\"@id\":\"https:\/\/ukreine.com\/it\/#\/schema\/logo\/image\/\",\"url\":\"https:\/\/ukreine.com\/wp-content\/uploads\/2018\/05\/logo.png\",\"contentUrl\":\"https:\/\/ukreine.com\/wp-content\/uploads\/2018\/05\/logo.png\",\"width\":325,\"height\":69,\"caption\":\"Ukreine\"},\"image\":{\"@id\":\"https:\/\/ukreine.com\/it\/#\/schema\/logo\/image\/\"},\"sameAs\":[\"https:\/\/www.facebook.com\/datingrussianbrides\/\",\"https:\/\/x.com\/t4388388833\",\"https:\/\/www.instagram.com\/agenceukreine\/\",\"https:\/\/www.pinterest.com\/dbereznyakov\/\",\"https:\/\/www.youtube.com\/channel\/UC5lMwPhy20E8Bti0mQL43UA\"]}]}<\/script>\n<!-- \/ Yoast SEO Premium plugin. -->","yoast_head_json":{"title":"Incontra una donna ucraina che si trova in Italia","description":"Incontra una donna ucraina che si trova in Italia","robots":{"index":"index","follow":"follow","max-snippet":"max-snippet:-1","max-image-preview":"max-image-preview:large","max-video-preview":"max-video-preview:-1"},"canonical":"https:\/\/ukreine.com\/it\/incontra-una-donna-ucraina-che-si-trova-en-italia\/","og_locale":"it_IT","og_type":"article","og_title":"Incontra una donna ucraina che si trova en Italia","og_description":"Incontra una donna ucraina che si trova in Italia","og_url":"https:\/\/ukreine.com\/it\/incontra-una-donna-ucraina-che-si-trova-en-italia\/","og_site_name":"Ukreine","article_publisher":"https:\/\/www.facebook.com\/datingrussianbrides\/","article_modified_time":"2025-10-24T22:38:48+00:00","twitter_card":"summary_large_image","twitter_site":"@t4388388833","twitter_misc":{"Tempo di lettura stimato":"3 minuti"},"schema":{"@context":"https:\/\/schema.org","@graph":[{"@type":"WebPage","@id":"https:\/\/ukreine.com\/it\/incontra-una-donna-ucraina-che-si-trova-en-italia\/","url":"https:\/\/ukreine.com\/it\/incontra-una-donna-ucraina-che-si-trova-en-italia\/","name":"Incontra una donna ucraina che si trova in Italia","isPartOf":{"@id":"https:\/\/ukreine.com\/it\/#website"},"datePublished":"2025-10-24T22:38:45+00:00","dateModified":"2025-10-24T22:38:48+00:00","description":"Incontra una donna ucraina che si trova in Italia","breadcrumb":{"@id":"https:\/\/ukreine.com\/it\/incontra-una-donna-ucraina-che-si-trova-en-italia\/#breadcrumb"},"inLanguage":"it-IT","potentialAction":[{"@type":"ReadAction","target":["https:\/\/ukreine.com\/it\/incontra-una-donna-ucraina-che-si-trova-en-italia\/"]}]},{"@type":"BreadcrumbList","@id":"https:\/\/ukreine.com\/it\/incontra-una-donna-ucraina-che-si-trova-en-italia\/#breadcrumb","itemListElement":[{"@type":"ListItem","position":1,"name":"Home","item":"https:\/\/ukreine.com\/it\/"},{"@type":"ListItem","position":2,"name":"Incontra una donna ucraina che si trova en Italia"}]},{"@type":"WebSite","@id":"https:\/\/ukreine.com\/it\/#website","url":"https:\/\/ukreine.com\/it\/","name":"Ukreine","description":"","publisher":{"@id":"https:\/\/ukreine.com\/it\/#organization"},"potentialAction":[{"@type":"SearchAction","target":{"@type":"EntryPoint","urlTemplate":"https:\/\/ukreine.com\/it\/?s={search_term_string}"},"query-input":{"@type":"PropertyValueSpecification","valueRequired":true,"valueName":"search_term_string"}}],"inLanguage":"it-IT"},{"@type":"Organization","@id":"https:\/\/ukreine.com\/it\/#organization","name":"Ukreine","url":"https:\/\/ukreine.com\/it\/","logo":{"@type":"ImageObject","inLanguage":"it-IT","@id":"https:\/\/ukreine.com\/it\/#\/schema\/logo\/image\/","url":"https:\/\/ukreine.com\/wp-content\/uploads\/2018\/05\/logo.png","contentUrl":"https:\/\/ukreine.com\/wp-content\/uploads\/2018\/05\/logo.png","width":325,"height":69,"caption":"Ukreine"},"image":{"@id":"https:\/\/ukreine.com\/it\/#\/schema\/logo\/image\/"},"sameAs":["https:\/\/www.facebook.com\/datingrussianbrides\/","https:\/\/x.com\/t4388388833","https:\/\/www.instagram.com\/agenceukreine\/","https:\/\/www.pinterest.com\/dbereznyakov\/","https:\/\/www.youtube.com\/channel\/UC5lMwPhy20E8Bti0mQL43UA"]}]}},"_links":{"self":[{"href":"https:\/\/ukreine.com\/it\/wp-json\/wp\/v2\/pages\/1030092","targetHints":{"allow":["GET"]}}],"collection":[{"href":"https:\/\/ukreine.com\/it\/wp-json\/wp\/v2\/pages"}],"about":[{"href":"https:\/\/ukreine.com\/it\/wp-json\/wp\/v2\/types\/page"}],"author":[{"embeddable":true,"href":"https:\/\/ukreine.com\/it\/wp-json\/wp\/v2\/users\/54"}],"replies":[{"embeddable":true,"href":"https:\/\/ukreine.com\/it\/wp-json\/wp\/v2\/comments?post=1030092"}],"version-history":[{"count":1,"href":"https:\/\/ukreine.com\/it\/wp-json\/wp\/v2\/pages\/1030092\/revisions"}],"predecessor-version":[{"id":1030093,"href":"https:\/\/ukreine.com\/it\/wp-json\/wp\/v2\/pages\/1030092\/revisions\/1030093"}],"wp:attachment":[{"href":"https:\/\/ukreine.com\/it\/wp-json\/wp\/v2\/media?parent=1030092"}],"curies":[{"name":"wp","href":"https:\/\/api.w.org\/{rel}","templated":true}]}}