{"id":1029729,"date":"2025-10-23T18:49:48","date_gmt":"2025-10-23T18:49:48","guid":{"rendered":"https:\/\/ukreine.com\/?page_id=1029729"},"modified":"2025-10-23T18:49:52","modified_gmt":"2025-10-23T18:49:52","slug":"la-guerra-in-ucraina-cosa-sta-succedendo-con-nostra-agenzia-e-con-le-donne-ucraine","status":"publish","type":"page","link":"https:\/\/ukreine.com\/it\/la-guerra-in-ucraina-cosa-sta-succedendo-con-nostra-agenzia-e-con-le-donne-ucraine\/","title":{"rendered":"La guerra in Ucraina: cosa sta succedendo con nostra agenzia e con le donne ucraine?"},"content":{"rendered":"<p data-start=\"0\" data-end=\"91\"><br data-start=\"73\" data-end=\"76\" \/>Cari clienti,<\/p>\n<p data-start=\"93\" data-end=\"336\">Il fatto che siamo l\u2019unica agenzia di incontri francofona che <strong data-start=\"155\" data-end=\"185\">non funge da intermediario<\/strong> tra le donne ucraine e gli uomini francofoni ci ha sempre distinto e ci ha permesso di mantenere un tasso di successo eccezionale per quasi 25 anni.<\/p>\n<p data-start=\"338\" data-end=\"546\">Avere un nostro ufficio in Ucraina ci permetteva di <strong data-start=\"390\" data-end=\"437\">incontrare personalmente tutte le candidate<\/strong>, verificare la sincerit\u00e0 delle loro motivazioni e, allo stesso tempo, restare <strong data-start=\"516\" data-end=\"543\">l\u2019agenzia pi\u00f9 economica<\/strong>.<\/p>\n<p data-start=\"548\" data-end=\"894\">Un contatto cos\u00ec personalizzato con le nostre iscritte \u00e8 diventato ancora pi\u00f9 stretto dopo l\u2019inizio della guerra. Siamo in contatto permanente con quasi il 100% delle donne ucraine i cui profili sono pubblicati sul nostro sito e, fin dall\u2019inizio del conflitto, abbiamo previsto un fondo per aiutare economicamente quelle che ne avevano bisogno.<\/p>\n<p data-start=\"896\" data-end=\"1168\">Per quanto riguarda il nostro team, composto da pi\u00f9 di dieci persone, abbiamo dovuto <strong data-start=\"981\" data-end=\"1022\">modificare il nostro modo di lavorare<\/strong>, poich\u00e9 alcuni collaboratori si sono trasferiti in altre citt\u00e0 o paesi, ma oggi siamo gi\u00e0 tornati al 100% del nostro volume di lavoro abituale.<\/p>\n<hr data-start=\"1170\" data-end=\"1173\" \/>\n<h3 data-start=\"1175\" data-end=\"1229\">Come \u00e8 cambiato il nostro lavoro dopo la guerra?<\/h3>\n<p data-start=\"1231\" data-end=\"1394\">Il cambiamento pi\u00f9 grande \u00e8 che <strong data-start=\"1263\" data-end=\"1392\">oltre il 50% delle donne ucraine iscritte al nostro sito si trova ormai in Europa occidentale, negli Stati Uniti o in Canada.<\/strong><\/p>\n<p data-start=\"1396\" data-end=\"1813\">Potrebbe sembrare che le cose siano diventate molto pi\u00f9 semplici per gli uomini.<br data-start=\"1476\" data-end=\"1479\" \/>Da un lato, \u00e8 vero: molte ucraine ora hanno uno status che consente loro di <strong data-start=\"1555\" data-end=\"1602\">rimanere stabilmente in un paese straniero.<\/strong><br data-start=\"1602\" data-end=\"1605\" \/>Dall\u2019altro lato, mentre alcune donne single soffrivano per la mancanza di uomini in Ucraina, quelle che si sono trasferite in Occidente <strong data-start=\"1741\" data-end=\"1777\">hanno oggi molte pi\u00f9 opportunit\u00e0<\/strong> di trovare la felicit\u00e0 familiare.<\/p>\n<p data-start=\"1815\" data-end=\"2017\">Tutti questi cambiamenti hanno portato a un aumento dei <strong data-start=\"1871\" data-end=\"1899\">matrimoni internazionali<\/strong> tra donne ucraine e uomini occidentali, anche se una parte di questi non ha richiesto il nostro intervento diretto.<\/p>\n<hr data-start=\"2019\" data-end=\"2022\" \/>\n<h3 data-start=\"2024\" data-end=\"2067\">Come incontrare queste donne ucraine?<\/h3>\n<p data-start=\"2069\" data-end=\"2500\">La grande maggioranza delle nostre iscritte viveva nell\u2019est dell\u2019Ucraina, in citt\u00e0 come <strong data-start=\"2157\" data-end=\"2211\">Kharkiv, Sumy, Dnipro, Mariupol, Kherson, Nikolaev<\/strong> \u2014 le zone pi\u00f9 colpite dalla guerra.<br data-start=\"2247\" data-end=\"2250\" \/>Per questo motivo, la maggior parte delle donne ucraine registrate sul nostro sito <strong data-start=\"2333\" data-end=\"2374\">si trova ora nell\u2019Ucraina occidentale<\/strong>, vicino al confine, oppure <strong data-start=\"2402\" data-end=\"2435\">ha trovato rifugio temporaneo<\/strong> in Polonia, Bulgaria, Francia, Belgio, Germania e altri paesi.<\/p>\n<p data-start=\"2502\" data-end=\"2631\">Inoltre, i paesi dell\u2019Unione Europea offrono <strong data-start=\"2547\" data-end=\"2574\">assicurazione sanitaria<\/strong> e rilasciano <strong data-start=\"2588\" data-end=\"2629\">immediatamente un permesso di lavoro.<\/strong><\/p>\n<p data-start=\"2633\" data-end=\"3114\">Dopo lo scambio dei contatti con la donna ucraina, vi assisteremo per assicurarci che possa lasciare l\u2019Ucraina, nel caso in cui si trovi ancora l\u00ec.<br data-start=\"2780\" data-end=\"2783\" \/>Se invece si trova gi\u00e0 in un paese dell\u2019Europa centrale o occidentale, potrete <strong data-start=\"2862\" data-end=\"2913\">incontrarvi senza la nostra assistenza diretta.<\/strong><br data-start=\"2913\" data-end=\"2916\" \/>Vi daremo <strong data-start=\"2926\" data-end=\"2968\">accesso illimitato ai contatti diretti<\/strong> delle donne che vi interessano e che, a loro volta, sono interessate a voi, fino al momento in cui incontrerete <strong data-start=\"3081\" data-end=\"3112\">la donna della vostra vita.<\/strong><\/p>\n<hr data-start=\"3116\" data-end=\"3119\" \/>\n<p data-start=\"3121\" data-end=\"3224\">Per un\u2019assistenza prioritaria, non esitate a contattarci:<br data-start=\"3178\" data-end=\"3181\" \/>\ud83d\udcde +33 1 84 88 33 88<br data-start=\"3201\" data-end=\"3204\" \/>\ud83d\udcde +1 514 703 3725<\/p>\n<p data-start=\"3226\" data-end=\"3245\" data-is-last-node=\"\" data-is-only-node=\"\">\ud83d\udce7 <a class=\"decorated-link cursor-pointer\" rel=\"noopener\" data-start=\"3229\" data-end=\"3245\" data-is-last-node=\"\">info@ukreine.com<\/a><\/p>\n","protected":false},"excerpt":{"rendered":"<p>Cari clienti, Il fatto che siamo l\u2019unica agenzia di incontri francofona che non funge da intermediario tra le donne ucraine e gli uomini francofoni ci ha sempre distinto e ci ha permesso di mantenere un tasso di successo eccezionale per quasi 25 anni. Avere un nostro ufficio in Ucraina ci permetteva di incontrare personalmente tutte [&hellip;]<\/p>\n","protected":false},"author":54,"featured_media":0,"parent":0,"menu_order":0,"comment_status":"closed","ping_status":"closed","template":"","meta":{"_acf_changed":false,"footnotes":""},"class_list":["post-1029729","page","type-page","status-publish","hentry"],"acf":[],"yoast_head":"<!-- This site is optimized with the Yoast SEO Premium plugin v25.5 (Yoast SEO v27.2) - https:\/\/yoast.com\/product\/yoast-seo-premium-wordpress\/ -->\n<title>Cosa sta succedendo con nostra agenzia e con le donne ucraine<\/title>\n<meta name=\"description\" content=\"La guerra in Ucraina: cosa sta succedendo con nostra agenzia de incontri e con le donne ucraine?\" \/>\n<meta name=\"robots\" content=\"index, follow, max-snippet:-1, max-image-preview:large, max-video-preview:-1\" \/>\n<link rel=\"canonical\" href=\"https:\/\/ukreine.com\/it\/la-guerra-in-ucraina-cosa-sta-succedendo-con-nostra-agenzia-e-con-le-donne-ucraine\/\" \/>\n<meta property=\"og:locale\" content=\"it_IT\" \/>\n<meta property=\"og:type\" content=\"article\" \/>\n<meta property=\"og:title\" content=\"La guerra in Ucraina: cosa sta succedendo con nostra agenzia e con le donne ucraine?\" \/>\n<meta property=\"og:description\" content=\"La guerra in Ucraina: cosa sta succedendo con nostra agenzia de incontri e con le donne ucraine?\" \/>\n<meta property=\"og:url\" content=\"https:\/\/ukreine.com\/it\/la-guerra-in-ucraina-cosa-sta-succedendo-con-nostra-agenzia-e-con-le-donne-ucraine\/\" \/>\n<meta property=\"og:site_name\" content=\"Ukreine\" \/>\n<meta property=\"article:publisher\" content=\"https:\/\/www.facebook.com\/datingrussianbrides\/\" \/>\n<meta property=\"article:modified_time\" content=\"2025-10-23T18:49:52+00:00\" \/>\n<meta name=\"twitter:card\" content=\"summary_large_image\" \/>\n<meta name=\"twitter:site\" content=\"@t4388388833\" \/>\n<meta name=\"twitter:label1\" content=\"Tempo di lettura stimato\" \/>\n\t<meta name=\"twitter:data1\" content=\"3 minuti\" \/>\n<script type=\"application\/ld+json\" class=\"yoast-schema-graph\">{\"@context\":\"https:\/\/schema.org\",\"@graph\":[{\"@type\":\"WebPage\",\"@id\":\"https:\/\/ukreine.com\/it\/la-guerra-in-ucraina-cosa-sta-succedendo-con-nostra-agenzia-e-con-le-donne-ucraine\/\",\"url\":\"https:\/\/ukreine.com\/it\/la-guerra-in-ucraina-cosa-sta-succedendo-con-nostra-agenzia-e-con-le-donne-ucraine\/\",\"name\":\"Cosa sta succedendo con nostra agenzia e con le donne ucraine\",\"isPartOf\":{\"@id\":\"https:\/\/ukreine.com\/it\/#website\"},\"datePublished\":\"2025-10-23T18:49:48+00:00\",\"dateModified\":\"2025-10-23T18:49:52+00:00\",\"description\":\"La guerra in Ucraina: cosa sta succedendo con nostra agenzia de incontri e con le donne ucraine?\",\"breadcrumb\":{\"@id\":\"https:\/\/ukreine.com\/it\/la-guerra-in-ucraina-cosa-sta-succedendo-con-nostra-agenzia-e-con-le-donne-ucraine\/#breadcrumb\"},\"inLanguage\":\"it-IT\",\"potentialAction\":[{\"@type\":\"ReadAction\",\"target\":[\"https:\/\/ukreine.com\/it\/la-guerra-in-ucraina-cosa-sta-succedendo-con-nostra-agenzia-e-con-le-donne-ucraine\/\"]}]},{\"@type\":\"BreadcrumbList\",\"@id\":\"https:\/\/ukreine.com\/it\/la-guerra-in-ucraina-cosa-sta-succedendo-con-nostra-agenzia-e-con-le-donne-ucraine\/#breadcrumb\",\"itemListElement\":[{\"@type\":\"ListItem\",\"position\":1,\"name\":\"Home\",\"item\":\"https:\/\/ukreine.com\/it\/\"},{\"@type\":\"ListItem\",\"position\":2,\"name\":\"La guerra in Ucraina: cosa sta succedendo con nostra agenzia e con le donne ucraine?\"}]},{\"@type\":\"WebSite\",\"@id\":\"https:\/\/ukreine.com\/it\/#website\",\"url\":\"https:\/\/ukreine.com\/it\/\",\"name\":\"Ukreine\",\"description\":\"\",\"publisher\":{\"@id\":\"https:\/\/ukreine.com\/it\/#organization\"},\"potentialAction\":[{\"@type\":\"SearchAction\",\"target\":{\"@type\":\"EntryPoint\",\"urlTemplate\":\"https:\/\/ukreine.com\/it\/?s={search_term_string}\"},\"query-input\":{\"@type\":\"PropertyValueSpecification\",\"valueRequired\":true,\"valueName\":\"search_term_string\"}}],\"inLanguage\":\"it-IT\"},{\"@type\":\"Organization\",\"@id\":\"https:\/\/ukreine.com\/it\/#organization\",\"name\":\"Ukreine\",\"url\":\"https:\/\/ukreine.com\/it\/\",\"logo\":{\"@type\":\"ImageObject\",\"inLanguage\":\"it-IT\",\"@id\":\"https:\/\/ukreine.com\/it\/#\/schema\/logo\/image\/\",\"url\":\"https:\/\/ukreine.com\/wp-content\/uploads\/2018\/05\/logo.png\",\"contentUrl\":\"https:\/\/ukreine.com\/wp-content\/uploads\/2018\/05\/logo.png\",\"width\":325,\"height\":69,\"caption\":\"Ukreine\"},\"image\":{\"@id\":\"https:\/\/ukreine.com\/it\/#\/schema\/logo\/image\/\"},\"sameAs\":[\"https:\/\/www.facebook.com\/datingrussianbrides\/\",\"https:\/\/x.com\/t4388388833\",\"https:\/\/www.instagram.com\/agenceukreine\/\",\"https:\/\/www.pinterest.com\/dbereznyakov\/\",\"https:\/\/www.youtube.com\/channel\/UC5lMwPhy20E8Bti0mQL43UA\"]}]}<\/script>\n<!-- \/ Yoast SEO Premium plugin. -->","yoast_head_json":{"title":"Cosa sta succedendo con nostra agenzia e con le donne ucraine","description":"La guerra in Ucraina: cosa sta succedendo con nostra agenzia de incontri e con le donne ucraine?","robots":{"index":"index","follow":"follow","max-snippet":"max-snippet:-1","max-image-preview":"max-image-preview:large","max-video-preview":"max-video-preview:-1"},"canonical":"https:\/\/ukreine.com\/it\/la-guerra-in-ucraina-cosa-sta-succedendo-con-nostra-agenzia-e-con-le-donne-ucraine\/","og_locale":"it_IT","og_type":"article","og_title":"La guerra in Ucraina: cosa sta succedendo con nostra agenzia e con le donne ucraine?","og_description":"La guerra in Ucraina: cosa sta succedendo con nostra agenzia de incontri e con le donne ucraine?","og_url":"https:\/\/ukreine.com\/it\/la-guerra-in-ucraina-cosa-sta-succedendo-con-nostra-agenzia-e-con-le-donne-ucraine\/","og_site_name":"Ukreine","article_publisher":"https:\/\/www.facebook.com\/datingrussianbrides\/","article_modified_time":"2025-10-23T18:49:52+00:00","twitter_card":"summary_large_image","twitter_site":"@t4388388833","twitter_misc":{"Tempo di lettura stimato":"3 minuti"},"schema":{"@context":"https:\/\/schema.org","@graph":[{"@type":"WebPage","@id":"https:\/\/ukreine.com\/it\/la-guerra-in-ucraina-cosa-sta-succedendo-con-nostra-agenzia-e-con-le-donne-ucraine\/","url":"https:\/\/ukreine.com\/it\/la-guerra-in-ucraina-cosa-sta-succedendo-con-nostra-agenzia-e-con-le-donne-ucraine\/","name":"Cosa sta succedendo con nostra agenzia e con le donne ucraine","isPartOf":{"@id":"https:\/\/ukreine.com\/it\/#website"},"datePublished":"2025-10-23T18:49:48+00:00","dateModified":"2025-10-23T18:49:52+00:00","description":"La guerra in Ucraina: cosa sta succedendo con nostra agenzia de incontri e con le donne ucraine?","breadcrumb":{"@id":"https:\/\/ukreine.com\/it\/la-guerra-in-ucraina-cosa-sta-succedendo-con-nostra-agenzia-e-con-le-donne-ucraine\/#breadcrumb"},"inLanguage":"it-IT","potentialAction":[{"@type":"ReadAction","target":["https:\/\/ukreine.com\/it\/la-guerra-in-ucraina-cosa-sta-succedendo-con-nostra-agenzia-e-con-le-donne-ucraine\/"]}]},{"@type":"BreadcrumbList","@id":"https:\/\/ukreine.com\/it\/la-guerra-in-ucraina-cosa-sta-succedendo-con-nostra-agenzia-e-con-le-donne-ucraine\/#breadcrumb","itemListElement":[{"@type":"ListItem","position":1,"name":"Home","item":"https:\/\/ukreine.com\/it\/"},{"@type":"ListItem","position":2,"name":"La guerra in Ucraina: cosa sta succedendo con nostra agenzia e con le donne ucraine?"}]},{"@type":"WebSite","@id":"https:\/\/ukreine.com\/it\/#website","url":"https:\/\/ukreine.com\/it\/","name":"Ukreine","description":"","publisher":{"@id":"https:\/\/ukreine.com\/it\/#organization"},"potentialAction":[{"@type":"SearchAction","target":{"@type":"EntryPoint","urlTemplate":"https:\/\/ukreine.com\/it\/?s={search_term_string}"},"query-input":{"@type":"PropertyValueSpecification","valueRequired":true,"valueName":"search_term_string"}}],"inLanguage":"it-IT"},{"@type":"Organization","@id":"https:\/\/ukreine.com\/it\/#organization","name":"Ukreine","url":"https:\/\/ukreine.com\/it\/","logo":{"@type":"ImageObject","inLanguage":"it-IT","@id":"https:\/\/ukreine.com\/it\/#\/schema\/logo\/image\/","url":"https:\/\/ukreine.com\/wp-content\/uploads\/2018\/05\/logo.png","contentUrl":"https:\/\/ukreine.com\/wp-content\/uploads\/2018\/05\/logo.png","width":325,"height":69,"caption":"Ukreine"},"image":{"@id":"https:\/\/ukreine.com\/it\/#\/schema\/logo\/image\/"},"sameAs":["https:\/\/www.facebook.com\/datingrussianbrides\/","https:\/\/x.com\/t4388388833","https:\/\/www.instagram.com\/agenceukreine\/","https:\/\/www.pinterest.com\/dbereznyakov\/","https:\/\/www.youtube.com\/channel\/UC5lMwPhy20E8Bti0mQL43UA"]}]}},"_links":{"self":[{"href":"https:\/\/ukreine.com\/it\/wp-json\/wp\/v2\/pages\/1029729","targetHints":{"allow":["GET"]}}],"collection":[{"href":"https:\/\/ukreine.com\/it\/wp-json\/wp\/v2\/pages"}],"about":[{"href":"https:\/\/ukreine.com\/it\/wp-json\/wp\/v2\/types\/page"}],"author":[{"embeddable":true,"href":"https:\/\/ukreine.com\/it\/wp-json\/wp\/v2\/users\/54"}],"replies":[{"embeddable":true,"href":"https:\/\/ukreine.com\/it\/wp-json\/wp\/v2\/comments?post=1029729"}],"version-history":[{"count":1,"href":"https:\/\/ukreine.com\/it\/wp-json\/wp\/v2\/pages\/1029729\/revisions"}],"predecessor-version":[{"id":1029730,"href":"https:\/\/ukreine.com\/it\/wp-json\/wp\/v2\/pages\/1029729\/revisions\/1029730"}],"wp:attachment":[{"href":"https:\/\/ukreine.com\/it\/wp-json\/wp\/v2\/media?parent=1029729"}],"curies":[{"name":"wp","href":"https:\/\/api.w.org\/{rel}","templated":true}]}}