{"id":1026371,"date":"2025-10-09T13:08:25","date_gmt":"2025-10-09T13:08:25","guid":{"rendered":"https:\/\/ukreine.com\/?page_id=1026371"},"modified":"2025-10-09T13:08:47","modified_gmt":"2025-10-09T13:08:47","slug":"videoconferenze-con-le-donne","status":"publish","type":"page","link":"https:\/\/ukreine.com\/it\/videoconferenze-con-le-donne\/","title":{"rendered":"Videoconferenze con le donne de Ucraina"},"content":{"rendered":"<p data-start=\"0\" data-end=\"133\">Quasi due anni di pandemia e pi\u00f9 di tre anni di guerra in Ucraina ci hanno insegnato molto bene l\u2019importanza delle videoconferenze.<\/p>\n<p data-start=\"135\" data-end=\"269\">Il numero di truffe su Internet ci obbliga a essere davvero trasparenti, perch\u00e9 bisogna <strong data-start=\"223\" data-end=\"237\">dimostrare<\/strong> l\u2019onest\u00e0 e non solo parlarne.<\/p>\n<p data-start=\"271\" data-end=\"349\">Ecco perch\u00e9 il nostro servizio di videoconferenze \u00e8 diventato cos\u00ec popolare.<\/p>\n<p data-start=\"351\" data-end=\"532\" data-is-last-node=\"\" data-is-only-node=\"\">Non devi preoccuparti della barriera linguistica: la nostra interprete sar\u00e0 con te durante la videochiamata. Ogni videoconferenza dura 30 minuti e potrai parlare di tanti argomenti!<\/p>\n<p data-start=\"0\" data-end=\"34\"><a href=\"https:\/\/www.paypal.com\/cgi-bin\/webscr?&amp;cmd=_xclick&amp;business=agenceukreine@gmail.com&amp;item_name=Skype-1%29&amp;item_number=1&amp;amount=50.00&amp;no_note=1&amp;currency_code=EUR\"><strong data-start=\"0\" data-end=\"31\">1 videoconferenza \u2013 50 euro<\/strong>*<\/a><\/p>\n<p data-start=\"36\" data-end=\"191\">Per ordinare una videoconferenza, effettua il pagamento (clicca sul link qui sopra), scrivici a <strong data-start=\"132\" data-end=\"152\"><a class=\"decorated-link cursor-pointer\" rel=\"noopener\" data-start=\"134\" data-end=\"150\">info@ukreine.com<\/a><\/strong> e fornisci le seguenti informazioni:<\/p>\n<ul data-start=\"193\" data-end=\"338\">\n<li data-start=\"193\" data-end=\"227\">\n<p data-start=\"195\" data-end=\"227\">le tue preferenze per l\u2019orario<\/p>\n<\/li>\n<li data-start=\"228\" data-end=\"276\">\n<p data-start=\"230\" data-end=\"276\">il tuo numero di telefono e indirizzo e-mail<\/p>\n<\/li>\n<li data-start=\"277\" data-end=\"338\">\n<p data-start=\"279\" data-end=\"338\">l\u2019ID della donna con cui desideri fare la videoconferenza<\/p>\n<\/li>\n<\/ul>\n<p data-start=\"340\" data-end=\"445\">Dopo aver ricevuto la conferma del pagamento, ti contatteremo per organizzare la prima videoconferenza.<\/p>\n<hr data-start=\"447\" data-end=\"450\" \/>\n<p data-start=\"452\" data-end=\"484\">*<strong data-start=\"453\" data-end=\"482\">Restrizioni e condizioni:<\/strong><\/p>\n<p data-start=\"486\" data-end=\"616\">Linguaggio osceno, molestie e intimidazioni, esposizione di parti intime del corpo e scambio di contatti personali sono vietati.<\/p>\n<p data-start=\"618\" data-end=\"749\">Tutti i nostri clienti che hanno acquistato uno dei nostri pacchetti hanno diritto a scambiare i contatti personali con le donne.<\/p>\n<p data-start=\"751\" data-end=\"821\" data-is-last-node=\"\" data-is-only-node=\"\">Se la videoconferenza viene annullata, riceverai un rimborso del 100%.<\/p>\n","protected":false},"excerpt":{"rendered":"<p>Quasi due anni di pandemia e pi\u00f9 di tre anni di guerra in Ucraina ci hanno insegnato molto bene l\u2019importanza delle videoconferenze. Il numero di truffe su Internet ci obbliga a essere davvero trasparenti, perch\u00e9 bisogna dimostrare l\u2019onest\u00e0 e non solo parlarne. Ecco perch\u00e9 il nostro servizio di videoconferenze \u00e8 diventato cos\u00ec popolare. Non devi [&hellip;]<\/p>\n","protected":false},"author":54,"featured_media":0,"parent":0,"menu_order":0,"comment_status":"closed","ping_status":"closed","template":"","meta":{"_acf_changed":false,"footnotes":""},"class_list":["post-1026371","page","type-page","status-publish","hentry"],"acf":[],"yoast_head":"<!-- This site is optimized with the Yoast SEO Premium plugin v25.5 (Yoast SEO v27.2) - https:\/\/yoast.com\/product\/yoast-seo-premium-wordpress\/ -->\n<title>Videoconferenze con le donne de Ucraina<\/title>\n<meta name=\"description\" content=\"Parla con le donne ucraine in videoconferenza per conoscere tutto di loro prima di incontrarle di persona.\" \/>\n<meta name=\"robots\" content=\"index, follow, max-snippet:-1, max-image-preview:large, max-video-preview:-1\" \/>\n<link rel=\"canonical\" href=\"https:\/\/ukreine.com\/it\/videoconferenze-con-le-donne\/\" \/>\n<meta property=\"og:locale\" content=\"it_IT\" \/>\n<meta property=\"og:type\" content=\"article\" \/>\n<meta property=\"og:title\" content=\"Videoconferenze con le donne de Ucraina\" \/>\n<meta property=\"og:description\" content=\"Parla con le donne ucraine in videoconferenza per conoscere tutto di loro prima di incontrarle di persona.\" \/>\n<meta property=\"og:url\" content=\"https:\/\/ukreine.com\/it\/videoconferenze-con-le-donne\/\" \/>\n<meta property=\"og:site_name\" content=\"Ukreine\" \/>\n<meta property=\"article:publisher\" content=\"https:\/\/www.facebook.com\/datingrussianbrides\/\" \/>\n<meta property=\"article:modified_time\" content=\"2025-10-09T13:08:47+00:00\" \/>\n<meta name=\"twitter:card\" content=\"summary_large_image\" \/>\n<meta name=\"twitter:site\" content=\"@t4388388833\" \/>\n<meta name=\"twitter:label1\" content=\"Tempo di lettura stimato\" \/>\n\t<meta name=\"twitter:data1\" content=\"1 minuto\" \/>\n<script type=\"application\/ld+json\" class=\"yoast-schema-graph\">{\"@context\":\"https:\/\/schema.org\",\"@graph\":[{\"@type\":\"WebPage\",\"@id\":\"https:\/\/ukreine.com\/it\/videoconferenze-con-le-donne\/\",\"url\":\"https:\/\/ukreine.com\/it\/videoconferenze-con-le-donne\/\",\"name\":\"Videoconferenze con le donne de Ucraina\",\"isPartOf\":{\"@id\":\"https:\/\/ukreine.com\/it\/#website\"},\"datePublished\":\"2025-10-09T13:08:25+00:00\",\"dateModified\":\"2025-10-09T13:08:47+00:00\",\"description\":\"Parla con le donne ucraine in videoconferenza per conoscere tutto di loro prima di incontrarle di persona.\",\"breadcrumb\":{\"@id\":\"https:\/\/ukreine.com\/it\/videoconferenze-con-le-donne\/#breadcrumb\"},\"inLanguage\":\"it-IT\",\"potentialAction\":[{\"@type\":\"ReadAction\",\"target\":[\"https:\/\/ukreine.com\/it\/videoconferenze-con-le-donne\/\"]}]},{\"@type\":\"BreadcrumbList\",\"@id\":\"https:\/\/ukreine.com\/it\/videoconferenze-con-le-donne\/#breadcrumb\",\"itemListElement\":[{\"@type\":\"ListItem\",\"position\":1,\"name\":\"Home\",\"item\":\"https:\/\/ukreine.com\/it\/\"},{\"@type\":\"ListItem\",\"position\":2,\"name\":\"Videoconferenze con le donne de Ucraina\"}]},{\"@type\":\"WebSite\",\"@id\":\"https:\/\/ukreine.com\/it\/#website\",\"url\":\"https:\/\/ukreine.com\/it\/\",\"name\":\"Ukreine\",\"description\":\"\",\"publisher\":{\"@id\":\"https:\/\/ukreine.com\/it\/#organization\"},\"potentialAction\":[{\"@type\":\"SearchAction\",\"target\":{\"@type\":\"EntryPoint\",\"urlTemplate\":\"https:\/\/ukreine.com\/it\/?s={search_term_string}\"},\"query-input\":{\"@type\":\"PropertyValueSpecification\",\"valueRequired\":true,\"valueName\":\"search_term_string\"}}],\"inLanguage\":\"it-IT\"},{\"@type\":\"Organization\",\"@id\":\"https:\/\/ukreine.com\/it\/#organization\",\"name\":\"Ukreine\",\"url\":\"https:\/\/ukreine.com\/it\/\",\"logo\":{\"@type\":\"ImageObject\",\"inLanguage\":\"it-IT\",\"@id\":\"https:\/\/ukreine.com\/it\/#\/schema\/logo\/image\/\",\"url\":\"https:\/\/ukreine.com\/wp-content\/uploads\/2018\/05\/logo.png\",\"contentUrl\":\"https:\/\/ukreine.com\/wp-content\/uploads\/2018\/05\/logo.png\",\"width\":325,\"height\":69,\"caption\":\"Ukreine\"},\"image\":{\"@id\":\"https:\/\/ukreine.com\/it\/#\/schema\/logo\/image\/\"},\"sameAs\":[\"https:\/\/www.facebook.com\/datingrussianbrides\/\",\"https:\/\/x.com\/t4388388833\",\"https:\/\/www.instagram.com\/agenceukreine\/\",\"https:\/\/www.pinterest.com\/dbereznyakov\/\",\"https:\/\/www.youtube.com\/channel\/UC5lMwPhy20E8Bti0mQL43UA\"]}]}<\/script>\n<!-- \/ Yoast SEO Premium plugin. -->","yoast_head_json":{"title":"Videoconferenze con le donne de Ucraina","description":"Parla con le donne ucraine in videoconferenza per conoscere tutto di loro prima di incontrarle di persona.","robots":{"index":"index","follow":"follow","max-snippet":"max-snippet:-1","max-image-preview":"max-image-preview:large","max-video-preview":"max-video-preview:-1"},"canonical":"https:\/\/ukreine.com\/it\/videoconferenze-con-le-donne\/","og_locale":"it_IT","og_type":"article","og_title":"Videoconferenze con le donne de Ucraina","og_description":"Parla con le donne ucraine in videoconferenza per conoscere tutto di loro prima di incontrarle di persona.","og_url":"https:\/\/ukreine.com\/it\/videoconferenze-con-le-donne\/","og_site_name":"Ukreine","article_publisher":"https:\/\/www.facebook.com\/datingrussianbrides\/","article_modified_time":"2025-10-09T13:08:47+00:00","twitter_card":"summary_large_image","twitter_site":"@t4388388833","twitter_misc":{"Tempo di lettura stimato":"1 minuto"},"schema":{"@context":"https:\/\/schema.org","@graph":[{"@type":"WebPage","@id":"https:\/\/ukreine.com\/it\/videoconferenze-con-le-donne\/","url":"https:\/\/ukreine.com\/it\/videoconferenze-con-le-donne\/","name":"Videoconferenze con le donne de Ucraina","isPartOf":{"@id":"https:\/\/ukreine.com\/it\/#website"},"datePublished":"2025-10-09T13:08:25+00:00","dateModified":"2025-10-09T13:08:47+00:00","description":"Parla con le donne ucraine in videoconferenza per conoscere tutto di loro prima di incontrarle di persona.","breadcrumb":{"@id":"https:\/\/ukreine.com\/it\/videoconferenze-con-le-donne\/#breadcrumb"},"inLanguage":"it-IT","potentialAction":[{"@type":"ReadAction","target":["https:\/\/ukreine.com\/it\/videoconferenze-con-le-donne\/"]}]},{"@type":"BreadcrumbList","@id":"https:\/\/ukreine.com\/it\/videoconferenze-con-le-donne\/#breadcrumb","itemListElement":[{"@type":"ListItem","position":1,"name":"Home","item":"https:\/\/ukreine.com\/it\/"},{"@type":"ListItem","position":2,"name":"Videoconferenze con le donne de Ucraina"}]},{"@type":"WebSite","@id":"https:\/\/ukreine.com\/it\/#website","url":"https:\/\/ukreine.com\/it\/","name":"Ukreine","description":"","publisher":{"@id":"https:\/\/ukreine.com\/it\/#organization"},"potentialAction":[{"@type":"SearchAction","target":{"@type":"EntryPoint","urlTemplate":"https:\/\/ukreine.com\/it\/?s={search_term_string}"},"query-input":{"@type":"PropertyValueSpecification","valueRequired":true,"valueName":"search_term_string"}}],"inLanguage":"it-IT"},{"@type":"Organization","@id":"https:\/\/ukreine.com\/it\/#organization","name":"Ukreine","url":"https:\/\/ukreine.com\/it\/","logo":{"@type":"ImageObject","inLanguage":"it-IT","@id":"https:\/\/ukreine.com\/it\/#\/schema\/logo\/image\/","url":"https:\/\/ukreine.com\/wp-content\/uploads\/2018\/05\/logo.png","contentUrl":"https:\/\/ukreine.com\/wp-content\/uploads\/2018\/05\/logo.png","width":325,"height":69,"caption":"Ukreine"},"image":{"@id":"https:\/\/ukreine.com\/it\/#\/schema\/logo\/image\/"},"sameAs":["https:\/\/www.facebook.com\/datingrussianbrides\/","https:\/\/x.com\/t4388388833","https:\/\/www.instagram.com\/agenceukreine\/","https:\/\/www.pinterest.com\/dbereznyakov\/","https:\/\/www.youtube.com\/channel\/UC5lMwPhy20E8Bti0mQL43UA"]}]}},"_links":{"self":[{"href":"https:\/\/ukreine.com\/it\/wp-json\/wp\/v2\/pages\/1026371","targetHints":{"allow":["GET"]}}],"collection":[{"href":"https:\/\/ukreine.com\/it\/wp-json\/wp\/v2\/pages"}],"about":[{"href":"https:\/\/ukreine.com\/it\/wp-json\/wp\/v2\/types\/page"}],"author":[{"embeddable":true,"href":"https:\/\/ukreine.com\/it\/wp-json\/wp\/v2\/users\/54"}],"replies":[{"embeddable":true,"href":"https:\/\/ukreine.com\/it\/wp-json\/wp\/v2\/comments?post=1026371"}],"version-history":[{"count":2,"href":"https:\/\/ukreine.com\/it\/wp-json\/wp\/v2\/pages\/1026371\/revisions"}],"predecessor-version":[{"id":1026401,"href":"https:\/\/ukreine.com\/it\/wp-json\/wp\/v2\/pages\/1026371\/revisions\/1026401"}],"wp:attachment":[{"href":"https:\/\/ukreine.com\/it\/wp-json\/wp\/v2\/media?parent=1026371"}],"curies":[{"name":"wp","href":"https:\/\/api.w.org\/{rel}","templated":true}]}}