{"id":1013596,"date":"2017-02-10T22:50:41","date_gmt":"2017-02-10T22:50:41","guid":{"rendered":"https:\/\/ukreine.com\/forfait-rencontres-illimitees\/"},"modified":"2025-10-03T01:17:12","modified_gmt":"2025-10-03T01:17:12","slug":"pacchetto-incontri-illimitati","status":"publish","type":"page","link":"https:\/\/ukreine.com\/it\/pacchetto-incontri-illimitati\/","title":{"rendered":"Pacchetto incontri illimitati"},"content":{"rendered":"<p style=\"text-align: center;\" data-start=\"54\" data-end=\"99\">Il prezzo del pacchetto \u00e8 di<br data-start=\"86\" data-end=\"89\" \/>990 euro<\/p>\n<p style=\"text-align: center;\" data-start=\"101\" data-end=\"147\">+ 4% di commissioni per il cambio valuta<\/p>\n<p style=\"text-align: center;\" data-start=\"149\" data-end=\"187\">Il pacchetto \u00e8 valido per 6 mesi<\/p>\n<div class=\"text-center\"><div id=\"simpay-stripe_checkout-form-wrap-1014651\" data-id=\"simpay-form-1014651-wrap\" class=\"simpay-form-wrap simpay-stripe_checkout-form-wrap\"><form action=\"\" method=\"post\" class=\"simpay-checkout-form simpay-form-1014651 simpay-styled\" id=\"simpay-form-1014651\" data-simpay-form-id=\"1014651\" ><div class=\"simpay-form-control\"><button id=\"2\" class=\"simpay-btn simpay-payment-btn stripe-button-el\"><span>Paga ora<\/span><\/button><\/div><div class=\"simpay-generic-error simpay-errors\" id=\"simpay-form-1014651-error\" aria-live=\"assertive\" aria-relevant=\"additions text\" aria-atomic=\"true\"><\/div><input type=\"hidden\" name=\"simpay_form_id\" value=\"1014651\" \/><input type=\"hidden\" name=\"simpay_amount\" value=\"\" class=\"simpay-amount\" \/><input type=\"hidden\" id=\"_wpnonce\" name=\"_wpnonce\" value=\"52a674c303\" \/><input type=\"hidden\" name=\"_wp_http_referer\" value=\"\/it\/wp-json\/wp\/v2\/pages\/1013596\" \/><\/form><\/div><\/div>\n<p style=\"text-align: center;\">o<\/p>\n<p><script src=\"https:\/\/www.paypal.com\/sdk\/js?client-id=BAACafNNLaE-7nURb96giN7zzTPKeoV9l_MVTacORtSUv_diAgsJntLRk6g9VT4b4IrXrwV3IvFtFjG2k0&#038;components=hosted-buttons&#038;disable-funding=venmo&#038;currency=EUR\"><\/script><\/p>\n<div class=\"text-center\">\n<div id=\"paypal-container-UZ9PRAMAHXFNG\" style=\"display: inline-block;\">\u00a0<\/div>\n<p><script><br \/>\n  paypal.HostedButtons({<br \/>\n    hostedButtonId: \"UZ9PRAMAHXFNG\",<br \/>\n  }).render(\"#paypal-container-UZ9PRAMAHXFNG\")<br \/>\n<\/script><\/p>\n<style>.css-1b6cd97{container-type: inherit !important;}<\/style><\/div>\n<p data-start=\"79\" data-end=\"94\"><strong data-start=\"79\" data-end=\"94\">Inclusioni:<\/strong><\/p>\n<ul>\n<li data-start=\"35\" data-end=\"277\">\n<p data-start=\"37\" data-end=\"277\">Un\u2019assistente personale dedicata, di lingua italiana, che conosce la maggior parte delle donne, ti aiuta nella selezione, ti d\u00e0 consigli sulle strategie di appuntamento e sulla scelta migliore della tua anima gemella tra diverse candidate.<\/p>\n<\/li>\n<li data-start=\"279\" data-end=\"381\">\n<p data-start=\"281\" data-end=\"381\">Scambio di informazioni di contatto diretto con le donne del nostro sito:<br data-start=\"354\" data-end=\"357\" \/><a href=\"https:\/\/ukreine.com\/it\/profili-spose-russe-e-ucraine\/\"><strong data-start=\"359\" data-end=\"379\">Lista principale<\/strong><\/a><\/p>\n<\/li>\n<li data-start=\"383\" data-end=\"561\">\n<p data-start=\"385\" data-end=\"561\">Scambio di informazioni di contatto diretto con le donne delle liste supplementari:<br data-start=\"468\" data-end=\"471\" \/><a href=\"https:\/\/ukreine.com\/it\/soiree-non-stop\/\"><strong data-start=\"473\" data-end=\"484\">Lista 1<\/strong><\/a> (senza costi aggiuntivi)<br data-start=\"509\" data-end=\"512\" \/><a href=\"https:\/\/belles-femmes-russes.info\/en\/\"><strong data-start=\"514\" data-end=\"525\">Lista 2<\/strong><\/a> (con costo aggiuntivo di 75 euro)<\/p>\n<\/li>\n<li data-start=\"563\" data-end=\"770\">\n<p data-start=\"565\" data-end=\"770\">Una sessione con la nostra psicologa delle relazioni, che conosce tutte le donne e che ti assister\u00e0 se hai esitazioni o dubbi, oppure se desideri verificare la compatibilit\u00e0 con una donna in particolare.<\/p>\n<\/li>\n<li data-start=\"772\" data-end=\"936\" data-is-last-node=\"\">\n<p data-start=\"774\" data-end=\"936\" data-is-last-node=\"\">Il pacchetto ti offre inoltre uno sconto del 35% su tutte le nostre feste sociali di incontri che organizzeremo dopo la sconfitta delle truppe russe in Ucraina.<\/p>\n<\/li>\n<\/ul>\n<hr \/>\n<p><strong>Perch\u00e9 questo pacchetto \u00e8 unico:<\/strong><\/p>\n<ul>\n<li>\n<p>Prezzo imbattibile: i pacchetti con assistenza personalizzata delle agenzie partono da 1500-2000 euro.<\/p>\n<\/li>\n<li>\n<p>Oltre il 90% delle aderenti si trovano esclusivamente sul nostro sito: non siamo intermediari, \u00e8 il nostro team che ricerca donne sinceramente interessate agli incontri.<\/p>\n<\/li>\n<li>\n<p>Assistenza personalizzata: avrete un\u2019assistente personale dedicata che vi segue in tutte le fasi.<\/p>\n<\/li>\n<li>\n<p>Rapporto 6 donne per 1 uomo: il fatto che le donne siano solo sul nostro sito vi garantisce un tasso di successo eccezionalmente alto.<\/p>\n<\/li>\n<li>\n<p>Tasso di successo superiore all\u201980%.<\/p>\n<\/li>\n<li>\n<p>25 anni di esperienza (fondati nel 1998) ci hanno permesso di creare un prodotto con un eccellente rapporto qualit\u00e0\/prezzo.<\/p>\n<\/li>\n<li>\n<p>12 anni di lotta contro le truffe sentimentali con il nostro portale antiarnaques.org vi proteggono da ogni tipo di truffa.<\/p>\n<\/li>\n<\/ul>\n<hr \/>\n<p><strong>Perch\u00e9 scegliere questo pacchetto:<\/strong><\/p>\n<p>Alcuni uomini pensano che basti avere i contatti diretti di una donna perch\u00e9 funzioni. In realt\u00e0, tutte le agenzie si concentrano pi\u00f9 sulla vendita dei contatti che sul tasso di successo. Infatti, vendere un contatto all\u2019uomo a 150 euro sembra molto ragionevole. Non si rendono conto che l\u2019agenzia ha gi\u00e0 venduto lo stesso contatto a 15-20 altri signori. Come risultato, ogni profilo di una bella donna frutta all\u2019agenzia pi\u00f9 di 2000 euro senza alcun impegno sul risultato. L\u2019uomo ha l\u2019impressione di aver risparmiato, ma non si accorge che il suo tasso di successo non supera il 5%.<\/p>\n<p>Il nostro modello di pacchetti non genera gli stessi guadagni, ma garantisce all\u2019uomo un tasso di successo eccezionale!!!<\/p>\n<hr \/>\n<p>Veux-tu que je te fasse aussi une version plus courte ou plus persuasive ?<\/p>\n<p style=\"text-align: center;\"><img decoding=\"async\" class=\"aligncenter\" src=\"https:\/\/avatanplus.com\/files\/resources\/original\/57774d7c624f6155aa06adf3.png\" alt=\"\" width=\"147\" height=\"101\" \/>I pacchetti non sono rimborsabili dopo il primo incontro o il primo scambio di contatti con la donna.<\/p>\n\n\n<p>&nbsp;<\/p>\n\n\n<p style=\"text-align: center;\">Per favore scriveteci a <a class=\"cursor-pointer\" rel=\"noopener\" data-start=\"73\" data-end=\"89\">info@ukreine.com<\/a> per attivare la formula o il pacchetto Ucraina oppure per qualsiasi domanda. Potete anche compilare questo modulo.<\/p>\n<\/p>\n<p style=\"text-align: center;\">\n<div class=\"wpcf7 no-js\" id=\"wpcf7-f5243-o1\" lang=\"de-DE\" dir=\"ltr\" data-wpcf7-id=\"5243\">\n<div class=\"screen-reader-response\"><p role=\"status\" aria-live=\"polite\" aria-atomic=\"true\"><\/p> <ul><\/ul><\/div>\n<form action=\"\/it\/wp-json\/wp\/v2\/pages\/1013596\" method=\"post\" class=\"wpcf7-form init\" aria-label=\"Kontaktformular\" novalidate=\"novalidate\" data-status=\"init\">\n<fieldset class=\"hidden-fields-container\"><input type=\"hidden\" name=\"_wpcf7\" value=\"5243\" \/><input type=\"hidden\" name=\"_wpcf7_version\" value=\"6.1.5\" \/><input type=\"hidden\" name=\"_wpcf7_locale\" value=\"de_DE\" \/><input type=\"hidden\" name=\"_wpcf7_unit_tag\" value=\"wpcf7-f5243-o1\" \/><input type=\"hidden\" name=\"_wpcf7_container_post\" value=\"0\" \/><input type=\"hidden\" name=\"_wpcf7_posted_data_hash\" value=\"\" \/><input type=\"hidden\" name=\"_wpcf7dtx_version\" value=\"5.0.5\" \/>\n<\/fieldset>\n<p><label> Nom : <span class=\"wpcf7-form-control-wrap\" data-name=\"your-name\"><input size=\"40\" maxlength=\"400\" class=\"wpcf7-form-control wpcf7-text wpcf7-validates-as-required\" aria-required=\"true\" aria-invalid=\"false\" value=\"\" type=\"text\" name=\"your-name\" \/><\/span> <\/label>\n<\/p>\n<p><label> Email : <span class=\"wpcf7-form-control-wrap\" data-name=\"your-email\"><input size=\"40\" maxlength=\"400\" class=\"wpcf7-form-control wpcf7-email wpcf7-text wpcf7-validates-as-email\" aria-invalid=\"false\" value=\"\" type=\"email\" name=\"your-email\" \/><\/span> <\/label>\n<\/p>\n<p><label> Commentaires : <span class=\"wpcf7-form-control-wrap\" data-name=\"your-message\"><textarea cols=\"40\" rows=\"10\" maxlength=\"2000\" class=\"wpcf7-form-control wpcf7-textarea\" aria-invalid=\"false\" name=\"your-message\"><\/textarea><\/span> <\/label>\n<\/p>\n<p><span id=\"wpcf7-69d9455d12318-wrapper\" class=\"wpcf7-form-control-wrap honeypot-560-wrap\" style=\"display:none !important; visibility:hidden !important;\"><label for=\"wpcf7-69d9455d12318-field\" class=\"hp-message\">Bitte lasse dieses Feld leer.<\/label><input id=\"wpcf7-69d9455d12318-field\"  class=\"wpcf7-form-control wpcf7-text\" type=\"text\" name=\"honeypot-560\" value=\"\" size=\"40\" tabindex=\"-1\" autocomplete=\"new-password\" \/><\/span>\n<\/p>\n<p><input class=\"wpcf7-form-control wpcf7-submit has-spinner\" type=\"submit\" value=\"Envoyer\" \/>\n<\/p><div class=\"wpcf7-response-output\" aria-hidden=\"true\"><\/div>\n<\/form>\n<\/div>\n<\/p>","protected":false},"excerpt":{"rendered":"<p>Il prezzo del pacchetto \u00e8 di990 euro + 4% di commissioni per il cambio valuta Il pacchetto \u00e8 valido per 6 mesi o \u00a0 Inclusioni: Un\u2019assistente personale dedicata, di lingua italiana, che conosce la maggior parte delle donne, ti aiuta nella selezione, ti d\u00e0 consigli sulle strategie di appuntamento e sulla scelta migliore della tua [&hellip;]<\/p>\n","protected":false},"author":1,"featured_media":283326,"parent":0,"menu_order":0,"comment_status":"closed","ping_status":"closed","template":"","meta":{"_acf_changed":false,"footnotes":""},"class_list":["post-1013596","page","type-page","status-publish","has-post-thumbnail","hentry"],"acf":[],"yoast_head":"<!-- This site is optimized with the Yoast SEO Premium plugin v25.5 (Yoast SEO v27.2) - https:\/\/yoast.com\/product\/yoast-seo-premium-wordpress\/ -->\n<title>Tutti i nostri pacchetti per raggiungere la felicit\u00e0 suprema con una donna ucraina!<\/title>\n<meta name=\"description\" content=\"Accedete alla nostra gamma di pacchetti per usufruire dei nostri servizi di assistenza e accompagnamento alla ricerca della donna dei vostri sogni in Ucraina!\" \/>\n<meta name=\"robots\" content=\"index, follow, max-snippet:-1, max-image-preview:large, max-video-preview:-1\" \/>\n<link rel=\"canonical\" href=\"https:\/\/ukreine.com\/it\/pacchetto-incontri-illimitati\/\" \/>\n<meta property=\"og:locale\" content=\"it_IT\" \/>\n<meta property=\"og:type\" content=\"article\" \/>\n<meta property=\"og:title\" content=\"Pacchetto incontri illimitati\" \/>\n<meta property=\"og:description\" content=\"Accedete alla nostra gamma di pacchetti per usufruire dei nostri servizi di assistenza e accompagnamento alla ricerca della donna dei vostri sogni in Ucraina!\" \/>\n<meta property=\"og:url\" content=\"https:\/\/ukreine.com\/it\/pacchetto-incontri-illimitati\/\" \/>\n<meta property=\"og:site_name\" content=\"Ukreine\" \/>\n<meta property=\"article:publisher\" content=\"https:\/\/www.facebook.com\/datingrussianbrides\/\" \/>\n<meta property=\"article:modified_time\" content=\"2025-10-03T01:17:12+00:00\" \/>\n<meta property=\"og:image\" content=\"https:\/\/ukreine.com\/wp-content\/uploads\/2020\/04\/\u0411\u0435\u0437\u044b\u043c\u044f\u043d\u043d\u044b\u0439.png\" \/>\n\t<meta property=\"og:image:width\" content=\"1000\" \/>\n\t<meta property=\"og:image:height\" content=\"625\" \/>\n\t<meta property=\"og:image:type\" content=\"image\/png\" \/>\n<meta name=\"twitter:card\" content=\"summary_large_image\" \/>\n<meta name=\"twitter:site\" content=\"@t4388388833\" \/>\n<meta name=\"twitter:label1\" content=\"Tempo di lettura stimato\" \/>\n\t<meta name=\"twitter:data1\" content=\"3 minuti\" \/>\n<script type=\"application\/ld+json\" class=\"yoast-schema-graph\">{\"@context\":\"https:\/\/schema.org\",\"@graph\":[{\"@type\":\"WebPage\",\"@id\":\"https:\/\/ukreine.com\/it\/pacchetto-incontri-illimitati\/\",\"url\":\"https:\/\/ukreine.com\/it\/pacchetto-incontri-illimitati\/\",\"name\":\"Tutti i nostri pacchetti per raggiungere la felicit\u00e0 suprema con una donna ucraina!\",\"isPartOf\":{\"@id\":\"https:\/\/ukreine.com\/it\/#website\"},\"primaryImageOfPage\":{\"@id\":\"https:\/\/ukreine.com\/it\/pacchetto-incontri-illimitati\/#primaryimage\"},\"image\":{\"@id\":\"https:\/\/ukreine.com\/it\/pacchetto-incontri-illimitati\/#primaryimage\"},\"thumbnailUrl\":\"https:\/\/ukreine.com\/wp-content\/uploads\/2020\/04\/\u0411\u0435\u0437\u044b\u043c\u044f\u043d\u043d\u044b\u0439.png\",\"datePublished\":\"2017-02-10T22:50:41+00:00\",\"dateModified\":\"2025-10-03T01:17:12+00:00\",\"description\":\"Accedete alla nostra gamma di pacchetti per usufruire dei nostri servizi di assistenza e accompagnamento alla ricerca della donna dei vostri sogni in Ucraina!\",\"breadcrumb\":{\"@id\":\"https:\/\/ukreine.com\/it\/pacchetto-incontri-illimitati\/#breadcrumb\"},\"inLanguage\":\"it-IT\",\"potentialAction\":[{\"@type\":\"ReadAction\",\"target\":[\"https:\/\/ukreine.com\/it\/pacchetto-incontri-illimitati\/\"]}]},{\"@type\":\"ImageObject\",\"inLanguage\":\"it-IT\",\"@id\":\"https:\/\/ukreine.com\/it\/pacchetto-incontri-illimitati\/#primaryimage\",\"url\":\"https:\/\/ukreine.com\/wp-content\/uploads\/2020\/04\/\u0411\u0435\u0437\u044b\u043c\u044f\u043d\u043d\u044b\u0439.png\",\"contentUrl\":\"https:\/\/ukreine.com\/wp-content\/uploads\/2020\/04\/\u0411\u0435\u0437\u044b\u043c\u044f\u043d\u043d\u044b\u0439.png\",\"width\":1000,\"height\":625},{\"@type\":\"BreadcrumbList\",\"@id\":\"https:\/\/ukreine.com\/it\/pacchetto-incontri-illimitati\/#breadcrumb\",\"itemListElement\":[{\"@type\":\"ListItem\",\"position\":1,\"name\":\"Home\",\"item\":\"https:\/\/ukreine.com\/it\/\"},{\"@type\":\"ListItem\",\"position\":2,\"name\":\"Pacchetto incontri illimitati\"}]},{\"@type\":\"WebSite\",\"@id\":\"https:\/\/ukreine.com\/it\/#website\",\"url\":\"https:\/\/ukreine.com\/it\/\",\"name\":\"Ukreine\",\"description\":\"\",\"publisher\":{\"@id\":\"https:\/\/ukreine.com\/it\/#organization\"},\"potentialAction\":[{\"@type\":\"SearchAction\",\"target\":{\"@type\":\"EntryPoint\",\"urlTemplate\":\"https:\/\/ukreine.com\/it\/?s={search_term_string}\"},\"query-input\":{\"@type\":\"PropertyValueSpecification\",\"valueRequired\":true,\"valueName\":\"search_term_string\"}}],\"inLanguage\":\"it-IT\"},{\"@type\":\"Organization\",\"@id\":\"https:\/\/ukreine.com\/it\/#organization\",\"name\":\"Ukreine\",\"url\":\"https:\/\/ukreine.com\/it\/\",\"logo\":{\"@type\":\"ImageObject\",\"inLanguage\":\"it-IT\",\"@id\":\"https:\/\/ukreine.com\/it\/#\/schema\/logo\/image\/\",\"url\":\"https:\/\/ukreine.com\/wp-content\/uploads\/2018\/05\/logo.png\",\"contentUrl\":\"https:\/\/ukreine.com\/wp-content\/uploads\/2018\/05\/logo.png\",\"width\":325,\"height\":69,\"caption\":\"Ukreine\"},\"image\":{\"@id\":\"https:\/\/ukreine.com\/it\/#\/schema\/logo\/image\/\"},\"sameAs\":[\"https:\/\/www.facebook.com\/datingrussianbrides\/\",\"https:\/\/x.com\/t4388388833\",\"https:\/\/www.instagram.com\/agenceukreine\/\",\"https:\/\/www.pinterest.com\/dbereznyakov\/\",\"https:\/\/www.youtube.com\/channel\/UC5lMwPhy20E8Bti0mQL43UA\"]}]}<\/script>\n<!-- \/ Yoast SEO Premium plugin. -->","yoast_head_json":{"title":"Tutti i nostri pacchetti per raggiungere la felicit\u00e0 suprema con una donna ucraina!","description":"Accedete alla nostra gamma di pacchetti per usufruire dei nostri servizi di assistenza e accompagnamento alla ricerca della donna dei vostri sogni in Ucraina!","robots":{"index":"index","follow":"follow","max-snippet":"max-snippet:-1","max-image-preview":"max-image-preview:large","max-video-preview":"max-video-preview:-1"},"canonical":"https:\/\/ukreine.com\/it\/pacchetto-incontri-illimitati\/","og_locale":"it_IT","og_type":"article","og_title":"Pacchetto incontri illimitati","og_description":"Accedete alla nostra gamma di pacchetti per usufruire dei nostri servizi di assistenza e accompagnamento alla ricerca della donna dei vostri sogni in Ucraina!","og_url":"https:\/\/ukreine.com\/it\/pacchetto-incontri-illimitati\/","og_site_name":"Ukreine","article_publisher":"https:\/\/www.facebook.com\/datingrussianbrides\/","article_modified_time":"2025-10-03T01:17:12+00:00","og_image":[{"width":1000,"height":625,"url":"https:\/\/ukreine.com\/wp-content\/uploads\/2020\/04\/\u0411\u0435\u0437\u044b\u043c\u044f\u043d\u043d\u044b\u0439.png","type":"image\/png"}],"twitter_card":"summary_large_image","twitter_site":"@t4388388833","twitter_misc":{"Tempo di lettura stimato":"3 minuti"},"schema":{"@context":"https:\/\/schema.org","@graph":[{"@type":"WebPage","@id":"https:\/\/ukreine.com\/it\/pacchetto-incontri-illimitati\/","url":"https:\/\/ukreine.com\/it\/pacchetto-incontri-illimitati\/","name":"Tutti i nostri pacchetti per raggiungere la felicit\u00e0 suprema con una donna ucraina!","isPartOf":{"@id":"https:\/\/ukreine.com\/it\/#website"},"primaryImageOfPage":{"@id":"https:\/\/ukreine.com\/it\/pacchetto-incontri-illimitati\/#primaryimage"},"image":{"@id":"https:\/\/ukreine.com\/it\/pacchetto-incontri-illimitati\/#primaryimage"},"thumbnailUrl":"https:\/\/ukreine.com\/wp-content\/uploads\/2020\/04\/\u0411\u0435\u0437\u044b\u043c\u044f\u043d\u043d\u044b\u0439.png","datePublished":"2017-02-10T22:50:41+00:00","dateModified":"2025-10-03T01:17:12+00:00","description":"Accedete alla nostra gamma di pacchetti per usufruire dei nostri servizi di assistenza e accompagnamento alla ricerca della donna dei vostri sogni in Ucraina!","breadcrumb":{"@id":"https:\/\/ukreine.com\/it\/pacchetto-incontri-illimitati\/#breadcrumb"},"inLanguage":"it-IT","potentialAction":[{"@type":"ReadAction","target":["https:\/\/ukreine.com\/it\/pacchetto-incontri-illimitati\/"]}]},{"@type":"ImageObject","inLanguage":"it-IT","@id":"https:\/\/ukreine.com\/it\/pacchetto-incontri-illimitati\/#primaryimage","url":"https:\/\/ukreine.com\/wp-content\/uploads\/2020\/04\/\u0411\u0435\u0437\u044b\u043c\u044f\u043d\u043d\u044b\u0439.png","contentUrl":"https:\/\/ukreine.com\/wp-content\/uploads\/2020\/04\/\u0411\u0435\u0437\u044b\u043c\u044f\u043d\u043d\u044b\u0439.png","width":1000,"height":625},{"@type":"BreadcrumbList","@id":"https:\/\/ukreine.com\/it\/pacchetto-incontri-illimitati\/#breadcrumb","itemListElement":[{"@type":"ListItem","position":1,"name":"Home","item":"https:\/\/ukreine.com\/it\/"},{"@type":"ListItem","position":2,"name":"Pacchetto incontri illimitati"}]},{"@type":"WebSite","@id":"https:\/\/ukreine.com\/it\/#website","url":"https:\/\/ukreine.com\/it\/","name":"Ukreine","description":"","publisher":{"@id":"https:\/\/ukreine.com\/it\/#organization"},"potentialAction":[{"@type":"SearchAction","target":{"@type":"EntryPoint","urlTemplate":"https:\/\/ukreine.com\/it\/?s={search_term_string}"},"query-input":{"@type":"PropertyValueSpecification","valueRequired":true,"valueName":"search_term_string"}}],"inLanguage":"it-IT"},{"@type":"Organization","@id":"https:\/\/ukreine.com\/it\/#organization","name":"Ukreine","url":"https:\/\/ukreine.com\/it\/","logo":{"@type":"ImageObject","inLanguage":"it-IT","@id":"https:\/\/ukreine.com\/it\/#\/schema\/logo\/image\/","url":"https:\/\/ukreine.com\/wp-content\/uploads\/2018\/05\/logo.png","contentUrl":"https:\/\/ukreine.com\/wp-content\/uploads\/2018\/05\/logo.png","width":325,"height":69,"caption":"Ukreine"},"image":{"@id":"https:\/\/ukreine.com\/it\/#\/schema\/logo\/image\/"},"sameAs":["https:\/\/www.facebook.com\/datingrussianbrides\/","https:\/\/x.com\/t4388388833","https:\/\/www.instagram.com\/agenceukreine\/","https:\/\/www.pinterest.com\/dbereznyakov\/","https:\/\/www.youtube.com\/channel\/UC5lMwPhy20E8Bti0mQL43UA"]}]}},"_links":{"self":[{"href":"https:\/\/ukreine.com\/it\/wp-json\/wp\/v2\/pages\/1013596","targetHints":{"allow":["GET"]}}],"collection":[{"href":"https:\/\/ukreine.com\/it\/wp-json\/wp\/v2\/pages"}],"about":[{"href":"https:\/\/ukreine.com\/it\/wp-json\/wp\/v2\/types\/page"}],"author":[{"embeddable":true,"href":"https:\/\/ukreine.com\/it\/wp-json\/wp\/v2\/users\/1"}],"replies":[{"embeddable":true,"href":"https:\/\/ukreine.com\/it\/wp-json\/wp\/v2\/comments?post=1013596"}],"version-history":[{"count":5,"href":"https:\/\/ukreine.com\/it\/wp-json\/wp\/v2\/pages\/1013596\/revisions"}],"predecessor-version":[{"id":1024642,"href":"https:\/\/ukreine.com\/it\/wp-json\/wp\/v2\/pages\/1013596\/revisions\/1024642"}],"wp:featuredmedia":[{"embeddable":true,"href":"https:\/\/ukreine.com\/it\/wp-json\/wp\/v2\/media\/283326"}],"wp:attachment":[{"href":"https:\/\/ukreine.com\/it\/wp-json\/wp\/v2\/media?parent=1013596"}],"curies":[{"name":"wp","href":"https:\/\/api.w.org\/{rel}","templated":true}]}}