{"id":1013499,"date":"2017-02-10T17:37:56","date_gmt":"2017-02-10T17:37:56","guid":{"rendered":"https:\/\/ukreine.com\/rencontrer-femme-russe-ukraine\/"},"modified":"2026-01-14T21:23:32","modified_gmt":"2026-01-14T21:23:32","slug":"incontrare-donna-russa-ucraina","status":"publish","type":"page","link":"https:\/\/ukreine.com\/it\/incontrare-donna-russa-ucraina\/","title":{"rendered":"Rencontrez les femmes et recevez leurs contacts directs"},"content":{"rendered":"<p>.date_me_packet_custom_title .date-form-wrapper h2, .date_me_packet_custom_title .date-form-wrapper h3 { height: auto; margin-top: 0px!important; margin-bottom: 0px!important; font-size: 22px;} .date-form-wrapper { margin-bottom: 25px!important;}<\/p>\n<div class=\"service-block-data date_me_packet_custom_title\">\n<div class=\"date-form-wrapper\">\n<h2 class=\"date-form-title\">&#8220;Contacts illimit\u00e9s pendant 7 mois&#8221;: la recette d&#8217;un taux de r\u00e9ussite maximal<\/h2>\n<div class=\"date-form-description\">\u00c9change des contacts illimit\u00e9s avec nos adh\u00e9rentes durant 7 mois. La dur\u00e9e du forfait, le ratio hommes\/femmes et l&#8217;approche tr\u00e8s personnalis\u00e9e vous garantit un taux de r\u00e9ussite de 80%.<\/div>\n<div class=\"service-action\"><a href=\"https:\/\/ukreine.com\/it\/pacchetto-incontri-illimitati\/\">Voir les details<\/a><\/div>\n<\/div>\n<div class=\"date-form-wrapper\">\n<h2 class=\"date-form-title\">\u201cRencontres illimit\u00e9es garanties \u00e0 vie&#8221;: r\u00e9ussite dans les relations sentimentales pour les hommes les plus exigeants<\/h2>\n<div class=\"date-form-description\">&#8220;Rencontres illimit\u00e9es garanties \u00e0 vie&#8221;:\u00a0 garantie de r\u00e9ussite peu importe le temps que \u00e7a nous prend.<br \/>\nVous avez des crit\u00e8res de recherche particuliers et si vous ne voulez pas des compromis? Vous voulez choisir parmi plus de 10000 profils de belles femmes ukrainiennes et pouvoir rencontrer un nombre illimit\u00e9 de femmes jusqu&#8217;au moment o\u00f9 vous rencontrez la femme de votre vie? Ce forfait est pour vous.<\/div>\n<div class=\"service-action \"><a href=\"https:\/\/ukreine.com\/it\/incontri-illimitati-garantiti-per-sempre\/\">Voir les details<\/a><\/div>\n<\/div>\n<div class=\"date-form-wrapper\">\n<h2 class=\"date-form-title\">&#8220;Soir\u00e9e en ligne&#8221;: \u00e9change de contacts directs pour 50 euros<\/h2>\n<\/div>\n<div class=\"date-form-wrapper\">\n<div class=\"date-form-description\">Forfait \u00e0 un petit prix pour les hommes avec un budget limit\u00e9. \u00c9change de contacts directs avec les femmes qui ont moins d&#8217;int\u00e9r\u00eat de la part de nos adh\u00e9rents<\/div>\n<div class=\"service-action \"><a href=\"https:\/\/ukreine.com\/soiree-de-rencontres-en-ligne\/\">Voir les details<\/a><\/div>\n<\/div>\n<div class=\"date-form-wrapper\">\n<h2 class=\"date-form-title\">&#8220;Tout compris&#8221;: recevez les contacts des femmes et pr\u00e9parez votre voyage en Ukraine (non disponible)<\/h2>\n<div class=\"date-form-description\">le forfait est con\u00e7u pour maximiser vos chances de r\u00e9ussite surtout si c\u2019est votre premier voyage car il pr\u00e9voit un nombre de rencontres illimit\u00e9, suivi des rencontres, traductions et accompagnement illimit\u00e9s et aussi l\u2019accueil \u00e0 l\u2019a\u00e9roport, l\u2019h\u00e9bergement, excursions guid\u00e9s et planning d\u00e9taill\u00e9 de votre s\u00e9jour.<\/div>\n<div class=\"service-action \"><a href=\"https:\/\/ukreine.com\/tout-compris\/\">Voir les details<\/a><\/div>\n<\/div>\n<\/div>\n","protected":false},"excerpt":{"rendered":"<p>.date_me_packet_custom_title .date-form-wrapper h2, .date_me_packet_custom_title .date-form-wrapper h3 { height: auto; margin-top: 0px!important; margin-bottom: 0px!important; font-size: 22px;} .date-form-wrapper { margin-bottom: 25px!important;} &#8220;Contacts illimit\u00e9s pendant 7 mois&#8221;: la recette d&#8217;un taux de r\u00e9ussite maximal \u00c9change des contacts illimit\u00e9s avec nos adh\u00e9rentes durant 7 mois. La dur\u00e9e du forfait, le ratio hommes\/femmes et l&#8217;approche tr\u00e8s personnalis\u00e9e vous garantit un [&hellip;]<\/p>\n","protected":false},"author":1,"featured_media":0,"parent":0,"menu_order":0,"comment_status":"closed","ping_status":"closed","template":"page-date-me-packet.php","meta":{"_acf_changed":false,"footnotes":""},"class_list":["post-1013499","page","type-page","status-publish","hentry"],"acf":[],"yoast_head":"<!-- This site is optimized with the Yoast SEO Premium plugin v25.5 (Yoast SEO v27.2) - https:\/\/yoast.com\/product\/yoast-seo-premium-wordpress\/ -->\n<title>Come entrare in contatto con donne russe e ucraine?<\/title>\n<meta name=\"description\" content=\"Come ottenere i contatti diretti di donne russe e ucraine verificate\" \/>\n<meta name=\"robots\" content=\"index, follow, max-snippet:-1, max-image-preview:large, max-video-preview:-1\" \/>\n<link rel=\"canonical\" href=\"https:\/\/ukreine.com\/it\/incontrare-donna-russa-ucraina\/\" \/>\n<meta property=\"og:locale\" content=\"it_IT\" \/>\n<meta property=\"og:type\" content=\"article\" \/>\n<meta property=\"og:title\" content=\"Rencontrez les femmes et recevez leurs contacts directs\" \/>\n<meta property=\"og:description\" content=\"Come ottenere i contatti diretti di donne russe e ucraine verificate\" \/>\n<meta property=\"og:url\" content=\"https:\/\/ukreine.com\/it\/incontrare-donna-russa-ucraina\/\" \/>\n<meta property=\"og:site_name\" content=\"Ukreine\" \/>\n<meta property=\"article:publisher\" content=\"https:\/\/www.facebook.com\/datingrussianbrides\/\" \/>\n<meta property=\"article:modified_time\" content=\"2026-01-14T21:23:32+00:00\" \/>\n<meta name=\"twitter:card\" content=\"summary_large_image\" \/>\n<meta name=\"twitter:site\" content=\"@t4388388833\" \/>\n<meta name=\"twitter:label1\" content=\"Tempo di lettura stimato\" \/>\n\t<meta name=\"twitter:data1\" content=\"2 minuti\" \/>\n<script type=\"application\/ld+json\" class=\"yoast-schema-graph\">{\"@context\":\"https:\/\/schema.org\",\"@graph\":[{\"@type\":\"WebPage\",\"@id\":\"https:\/\/ukreine.com\/it\/incontrare-donna-russa-ucraina\/\",\"url\":\"https:\/\/ukreine.com\/it\/incontrare-donna-russa-ucraina\/\",\"name\":\"Come entrare in contatto con donne russe e ucraine?\",\"isPartOf\":{\"@id\":\"https:\/\/ukreine.com\/it\/#website\"},\"datePublished\":\"2017-02-10T17:37:56+00:00\",\"dateModified\":\"2026-01-14T21:23:32+00:00\",\"description\":\"Come ottenere i contatti diretti di donne russe e ucraine verificate\",\"breadcrumb\":{\"@id\":\"https:\/\/ukreine.com\/it\/incontrare-donna-russa-ucraina\/#breadcrumb\"},\"inLanguage\":\"it-IT\",\"potentialAction\":[{\"@type\":\"ReadAction\",\"target\":[\"https:\/\/ukreine.com\/it\/incontrare-donna-russa-ucraina\/\"]}]},{\"@type\":\"BreadcrumbList\",\"@id\":\"https:\/\/ukreine.com\/it\/incontrare-donna-russa-ucraina\/#breadcrumb\",\"itemListElement\":[{\"@type\":\"ListItem\",\"position\":1,\"name\":\"Home\",\"item\":\"https:\/\/ukreine.com\/it\/\"},{\"@type\":\"ListItem\",\"position\":2,\"name\":\"Rencontrez les femmes et recevez leurs contacts directs\"}]},{\"@type\":\"WebSite\",\"@id\":\"https:\/\/ukreine.com\/it\/#website\",\"url\":\"https:\/\/ukreine.com\/it\/\",\"name\":\"Ukreine\",\"description\":\"\",\"publisher\":{\"@id\":\"https:\/\/ukreine.com\/it\/#organization\"},\"potentialAction\":[{\"@type\":\"SearchAction\",\"target\":{\"@type\":\"EntryPoint\",\"urlTemplate\":\"https:\/\/ukreine.com\/it\/?s={search_term_string}\"},\"query-input\":{\"@type\":\"PropertyValueSpecification\",\"valueRequired\":true,\"valueName\":\"search_term_string\"}}],\"inLanguage\":\"it-IT\"},{\"@type\":\"Organization\",\"@id\":\"https:\/\/ukreine.com\/it\/#organization\",\"name\":\"Ukreine\",\"url\":\"https:\/\/ukreine.com\/it\/\",\"logo\":{\"@type\":\"ImageObject\",\"inLanguage\":\"it-IT\",\"@id\":\"https:\/\/ukreine.com\/it\/#\/schema\/logo\/image\/\",\"url\":\"https:\/\/ukreine.com\/wp-content\/uploads\/2018\/05\/logo.png\",\"contentUrl\":\"https:\/\/ukreine.com\/wp-content\/uploads\/2018\/05\/logo.png\",\"width\":325,\"height\":69,\"caption\":\"Ukreine\"},\"image\":{\"@id\":\"https:\/\/ukreine.com\/it\/#\/schema\/logo\/image\/\"},\"sameAs\":[\"https:\/\/www.facebook.com\/datingrussianbrides\/\",\"https:\/\/x.com\/t4388388833\",\"https:\/\/www.instagram.com\/agenceukreine\/\",\"https:\/\/www.pinterest.com\/dbereznyakov\/\",\"https:\/\/www.youtube.com\/channel\/UC5lMwPhy20E8Bti0mQL43UA\"]}]}<\/script>\n<!-- \/ Yoast SEO Premium plugin. -->","yoast_head_json":{"title":"Come entrare in contatto con donne russe e ucraine?","description":"Come ottenere i contatti diretti di donne russe e ucraine verificate","robots":{"index":"index","follow":"follow","max-snippet":"max-snippet:-1","max-image-preview":"max-image-preview:large","max-video-preview":"max-video-preview:-1"},"canonical":"https:\/\/ukreine.com\/it\/incontrare-donna-russa-ucraina\/","og_locale":"it_IT","og_type":"article","og_title":"Rencontrez les femmes et recevez leurs contacts directs","og_description":"Come ottenere i contatti diretti di donne russe e ucraine verificate","og_url":"https:\/\/ukreine.com\/it\/incontrare-donna-russa-ucraina\/","og_site_name":"Ukreine","article_publisher":"https:\/\/www.facebook.com\/datingrussianbrides\/","article_modified_time":"2026-01-14T21:23:32+00:00","twitter_card":"summary_large_image","twitter_site":"@t4388388833","twitter_misc":{"Tempo di lettura stimato":"2 minuti"},"schema":{"@context":"https:\/\/schema.org","@graph":[{"@type":"WebPage","@id":"https:\/\/ukreine.com\/it\/incontrare-donna-russa-ucraina\/","url":"https:\/\/ukreine.com\/it\/incontrare-donna-russa-ucraina\/","name":"Come entrare in contatto con donne russe e ucraine?","isPartOf":{"@id":"https:\/\/ukreine.com\/it\/#website"},"datePublished":"2017-02-10T17:37:56+00:00","dateModified":"2026-01-14T21:23:32+00:00","description":"Come ottenere i contatti diretti di donne russe e ucraine verificate","breadcrumb":{"@id":"https:\/\/ukreine.com\/it\/incontrare-donna-russa-ucraina\/#breadcrumb"},"inLanguage":"it-IT","potentialAction":[{"@type":"ReadAction","target":["https:\/\/ukreine.com\/it\/incontrare-donna-russa-ucraina\/"]}]},{"@type":"BreadcrumbList","@id":"https:\/\/ukreine.com\/it\/incontrare-donna-russa-ucraina\/#breadcrumb","itemListElement":[{"@type":"ListItem","position":1,"name":"Home","item":"https:\/\/ukreine.com\/it\/"},{"@type":"ListItem","position":2,"name":"Rencontrez les femmes et recevez leurs contacts directs"}]},{"@type":"WebSite","@id":"https:\/\/ukreine.com\/it\/#website","url":"https:\/\/ukreine.com\/it\/","name":"Ukreine","description":"","publisher":{"@id":"https:\/\/ukreine.com\/it\/#organization"},"potentialAction":[{"@type":"SearchAction","target":{"@type":"EntryPoint","urlTemplate":"https:\/\/ukreine.com\/it\/?s={search_term_string}"},"query-input":{"@type":"PropertyValueSpecification","valueRequired":true,"valueName":"search_term_string"}}],"inLanguage":"it-IT"},{"@type":"Organization","@id":"https:\/\/ukreine.com\/it\/#organization","name":"Ukreine","url":"https:\/\/ukreine.com\/it\/","logo":{"@type":"ImageObject","inLanguage":"it-IT","@id":"https:\/\/ukreine.com\/it\/#\/schema\/logo\/image\/","url":"https:\/\/ukreine.com\/wp-content\/uploads\/2018\/05\/logo.png","contentUrl":"https:\/\/ukreine.com\/wp-content\/uploads\/2018\/05\/logo.png","width":325,"height":69,"caption":"Ukreine"},"image":{"@id":"https:\/\/ukreine.com\/it\/#\/schema\/logo\/image\/"},"sameAs":["https:\/\/www.facebook.com\/datingrussianbrides\/","https:\/\/x.com\/t4388388833","https:\/\/www.instagram.com\/agenceukreine\/","https:\/\/www.pinterest.com\/dbereznyakov\/","https:\/\/www.youtube.com\/channel\/UC5lMwPhy20E8Bti0mQL43UA"]}]}},"_links":{"self":[{"href":"https:\/\/ukreine.com\/it\/wp-json\/wp\/v2\/pages\/1013499","targetHints":{"allow":["GET"]}}],"collection":[{"href":"https:\/\/ukreine.com\/it\/wp-json\/wp\/v2\/pages"}],"about":[{"href":"https:\/\/ukreine.com\/it\/wp-json\/wp\/v2\/types\/page"}],"author":[{"embeddable":true,"href":"https:\/\/ukreine.com\/it\/wp-json\/wp\/v2\/users\/1"}],"replies":[{"embeddable":true,"href":"https:\/\/ukreine.com\/it\/wp-json\/wp\/v2\/comments?post=1013499"}],"version-history":[{"count":5,"href":"https:\/\/ukreine.com\/it\/wp-json\/wp\/v2\/pages\/1013499\/revisions"}],"predecessor-version":[{"id":1051090,"href":"https:\/\/ukreine.com\/it\/wp-json\/wp\/v2\/pages\/1013499\/revisions\/1051090"}],"wp:attachment":[{"href":"https:\/\/ukreine.com\/it\/wp-json\/wp\/v2\/media?parent=1013499"}],"curies":[{"name":"wp","href":"https:\/\/api.w.org\/{rel}","templated":true}]}}