{"id":1013496,"date":"2025-08-12T03:51:03","date_gmt":"2025-08-12T03:51:03","guid":{"rendered":"https:\/\/ukreine.com\/?page_id=1013496"},"modified":"2025-10-29T22:54:56","modified_gmt":"2025-10-29T22:54:56","slug":"prezzi-della-nostra-agenzia-matrimoniale-internazionale","status":"publish","type":"page","link":"https:\/\/ukreine.com\/it\/prezzi-della-nostra-agenzia-matrimoniale-internazionale\/","title":{"rendered":"I nostri prezzi"},"content":{"rendered":"<p data-start=\"56\" data-end=\"157\">S\u00ec, siamo di gran lunga l\u2019agenzia di incontri con donne ucraine meno costosa.<\/p>\n<p data-start=\"159\" data-end=\"422\">Ma la cosa pi\u00f9 importante non \u00e8 questa. La cosa fondamentale \u00e8 che siamo GLI UNICI a non essere intermediari tra agenzie locali (che forniscono profili di belle donne usate come esca) e gli uomini, e per questo abbiamo un tasso di successo eccezionale dell\u201980%.<\/p>\n<p data-start=\"424\" data-end=\"501\">Ecco quindi come funziona il nostro sito e quanto costano i nostri servizi:<\/p>\n<h3 data-start=\"503\" data-end=\"595\">Fase gratuita:<\/h3>\n<p data-start=\"503\" data-end=\"595\"><br data-start=\"521\" data-end=\"524\" \/>Per cominciare, l\u2019iscrizione al nostro sito \u00e8 completamente gratuita.<\/p>\n<p data-start=\"597\" data-end=\"861\">Al momento dell\u2019iscrizione riceverete 18 crediti per poter scambiare gratuitamente i vostri primi messaggi con le donne. Riceverete altri 7 crediti se completate tutti i campi del vostro profilo, il che aumenta anche la probabilit\u00e0 di ottenere risposte positive.<\/p>\n<p data-start=\"863\" data-end=\"1114\">L\u2019accesso ai profili delle donne \u00e8 gratuito. Una volta completato il vostro profilo, potrete scegliere le donne ucraine che vi piacciono e inviare loro una richiesta per sapere se il vostro profilo le interessa, oppure inviare messaggi direttamente.<\/p>\n<p data-start=\"1116\" data-end=\"1291\">Tutti i messaggi in arrivo nella vostra casella sono gratuiti, sia che si tratti di risposte ai vostri, sia che siano il primo messaggio inviato da una nuova corrispondente.<\/p>\n<p data-start=\"1293\" data-end=\"1527\">La traduzione di ogni messaggio andata e ritorno costa 6 crediti, addebitati all\u2019invio di ogni messaggio. Potete quindi inviare tutti i vostri messaggi in francese, che saranno tradotti da traduttrici laureate in russo o in ucraino.<\/p>\n<p data-start=\"1529\" data-end=\"1649\">Potete anche inviare richieste se il vostro profilo interessa alla donna che vi piace. Ogni richiesta costa 1 credito.<\/p>\n<p data-start=\"1651\" data-end=\"2139\">Ogni cliente registrato usufruisce dei servizi di un\u2019assistente personale francofona che lo contatta via email, WhatsApp o telefono. Oltre a poterle fare tutte le vostre domande, potete anche fornirle gli ID delle nostre iscritte che vi interessano e lei presenter\u00e0 loro il vostro profilo, inviandovi poi gli ID di quelle che sono a loro volta interessate a voi. Potete contattare direttamente la vostra assistente scrivendo a <strong data-start=\"2078\" data-end=\"2098\"><a class=\"cursor-pointer\" rel=\"noopener\" data-start=\"2080\" data-end=\"2096\">info@ukreine.com<\/a><\/strong>; questo servizio \u00e8 anch\u2019esso gratuito.<\/p>\n<h3 data-start=\"2141\" data-end=\"2564\">Fase facoltativa \u2013 traduzione dei messaggi:<\/h3>\n<p data-start=\"2141\" data-end=\"2564\"><br data-start=\"2188\" data-end=\"2191\" \/>Quando non avrete pi\u00f9 crediti gratuiti per la traduzione dei messaggi o per le conferenze Skype, potrete acquistarne altri sul nostro sito a tariffe modiche: a partire da 0,9 euro per credito, cio\u00e8 5,4 euro per un messaggio andata e ritorno. Il volume massimo di ogni messaggio \u00e8 di 2500 caratteri (pi\u00f9 di una pagina!!!). I messaggi sono tradotti da traduttrici laureate.<\/p>\n<h3 data-start=\"2566\" data-end=\"2804\">Fase di scambio di contatti diretti illimitati e incontri:<\/h3>\n<p data-start=\"2566\" data-end=\"2804\"><br data-start=\"2628\" data-end=\"2631\" \/>Potete incontrare donne o ottenere subito i loro contatti diretti (con il loro previo consenso) con una delle nostre due formule, illustrate in dettaglio in <a href=\"https:\/\/ukreine.com\/it\/incontrare-donna-russa-ucraina\/\">questa pagina<\/a>.<\/p>\n<p data-start=\"2806\" data-end=\"3106\">Come potete vedere, non si tratta di un semplice servizio di messa in contatto senza alcun supporto o garanzia di risultato: offriamo formule che vi garantiscono assistenza e supporto personalizzati durante tutto il vostro percorso, compreso l\u2019aiuto nelle pratiche per un matrimonio internazionale.<\/p>\n<p data-start=\"3108\" data-end=\"3221\"><strong>Lo scambio di contatti diretti e gli incontri sono possibili solo nell\u2019ambito delle due formule che proponiamo.<\/strong><\/p>\n<p data-start=\"3223\" data-end=\"3446\">I nostri prezzi sono MOLTO pi\u00f9 bassi rispetto alle tariffe dei nostri concorrenti, ma la qualit\u00e0 dei nostri profili \u00e8 all\u2019altezza delle vostre aspettative per garantire il successo della vostra ricerca dell\u2019anima gemella.<\/p>\n<p data-start=\"3448\" data-end=\"3642\">A differenza di altri siti o agenzie, su UkReine.com non troverete mai falsi profili n\u00e9 profili di donne reali ma non interessate a incontri internazionali, perch\u00e9 pagate solo per incontrarvi.<\/p>\n<p data-start=\"3644\" data-end=\"3886\">Tutti questi elementi oggettivi hanno contribuito, fin dalla creazione dell\u2019agenzia nel 1998, a far s\u00ec che, per ragioni evidenti, il sito di incontri \u00abUkReine.com\u00bb sia considerato uno dei migliori siti di incontri con donne russe e ucraine.<\/p>\n<h3 data-start=\"40\" data-end=\"154\">Servizio a basso costo. Vuoi semplicemente ottenere il contatto diretto di una donna? \u00c8 possibile per 75 \u20ac.<\/h3>\n<p data-start=\"669\" data-end=\"774\">Questo servizio \u00e8 offerto agli uomini con un reddito pi\u00f9 basso e con criteri di ricerca molto semplici.<\/p>\n<p data-start=\"776\" data-end=\"913\">Abbiamo un certo numero di donne che non ricevono abbastanza attenzione dagli uomini e le inseriamo in un <a href=\"https:\/\/ukreine.com\/it\/soiree-non-stop\/\">database speciale di profili<\/a>.<\/p>\n<p data-start=\"915\" data-end=\"1063\">Gli uomini che non possono permettersi i nostri pacchetti regolari hanno comunque la possibilit\u00e0 di contattare queste donne a un prezzo simbolico.<\/p>\n<p><a href=\"https:\/\/ukreine.com\/it\/acquista-le-informazioni-di-contatto-di-una-donna\/\">Clicca per vedere i dettagli<\/a><\/p>\n","protected":false},"excerpt":{"rendered":"<p>S\u00ec, siamo di gran lunga l\u2019agenzia di incontri con donne ucraine meno costosa. Ma la cosa pi\u00f9 importante non \u00e8 questa. La cosa fondamentale \u00e8 che siamo GLI UNICI a non essere intermediari tra agenzie locali (che forniscono profili di belle donne usate come esca) e gli uomini, e per questo abbiamo un tasso di [&hellip;]<\/p>\n","protected":false},"author":54,"featured_media":0,"parent":0,"menu_order":0,"comment_status":"closed","ping_status":"closed","template":"","meta":{"_acf_changed":false,"footnotes":""},"class_list":["post-1013496","page","type-page","status-publish","hentry"],"acf":[],"yoast_head":"<!-- This site is optimized with the Yoast SEO Premium plugin v25.5 (Yoast SEO v27.2) - https:\/\/yoast.com\/product\/yoast-seo-premium-wordpress\/ -->\n<title>Prezzi della nostra agenzia matrimoniale internazionale<\/title>\n<meta name=\"description\" content=\"Controlla i prezzi della nostra agenzia di incontri per conoscere una donna ucraina.\" \/>\n<meta name=\"robots\" content=\"index, follow, max-snippet:-1, max-image-preview:large, max-video-preview:-1\" \/>\n<link rel=\"canonical\" href=\"https:\/\/ukreine.com\/it\/prezzi-della-nostra-agenzia-matrimoniale-internazionale\/\" \/>\n<meta property=\"og:locale\" content=\"it_IT\" \/>\n<meta property=\"og:type\" content=\"article\" \/>\n<meta property=\"og:title\" content=\"I nostri prezzi\" \/>\n<meta property=\"og:description\" content=\"Controlla i prezzi della nostra agenzia di incontri per conoscere una donna ucraina.\" \/>\n<meta property=\"og:url\" content=\"https:\/\/ukreine.com\/it\/prezzi-della-nostra-agenzia-matrimoniale-internazionale\/\" \/>\n<meta property=\"og:site_name\" content=\"Ukreine\" \/>\n<meta property=\"article:publisher\" content=\"https:\/\/www.facebook.com\/datingrussianbrides\/\" \/>\n<meta property=\"article:modified_time\" content=\"2025-10-29T22:54:56+00:00\" \/>\n<meta name=\"twitter:card\" content=\"summary_large_image\" \/>\n<meta name=\"twitter:site\" content=\"@t4388388833\" \/>\n<meta name=\"twitter:label1\" content=\"Tempo di lettura stimato\" \/>\n\t<meta name=\"twitter:data1\" content=\"4 minuti\" \/>\n<script type=\"application\/ld+json\" class=\"yoast-schema-graph\">{\"@context\":\"https:\/\/schema.org\",\"@graph\":[{\"@type\":\"WebPage\",\"@id\":\"https:\/\/ukreine.com\/it\/prezzi-della-nostra-agenzia-matrimoniale-internazionale\/\",\"url\":\"https:\/\/ukreine.com\/it\/prezzi-della-nostra-agenzia-matrimoniale-internazionale\/\",\"name\":\"Prezzi della nostra agenzia matrimoniale internazionale\",\"isPartOf\":{\"@id\":\"https:\/\/ukreine.com\/it\/#website\"},\"datePublished\":\"2025-08-12T03:51:03+00:00\",\"dateModified\":\"2025-10-29T22:54:56+00:00\",\"description\":\"Controlla i prezzi della nostra agenzia di incontri per conoscere una donna ucraina.\",\"breadcrumb\":{\"@id\":\"https:\/\/ukreine.com\/it\/prezzi-della-nostra-agenzia-matrimoniale-internazionale\/#breadcrumb\"},\"inLanguage\":\"it-IT\",\"potentialAction\":[{\"@type\":\"ReadAction\",\"target\":[\"https:\/\/ukreine.com\/it\/prezzi-della-nostra-agenzia-matrimoniale-internazionale\/\"]}]},{\"@type\":\"BreadcrumbList\",\"@id\":\"https:\/\/ukreine.com\/it\/prezzi-della-nostra-agenzia-matrimoniale-internazionale\/#breadcrumb\",\"itemListElement\":[{\"@type\":\"ListItem\",\"position\":1,\"name\":\"Home\",\"item\":\"https:\/\/ukreine.com\/it\/\"},{\"@type\":\"ListItem\",\"position\":2,\"name\":\"I nostri prezzi\"}]},{\"@type\":\"WebSite\",\"@id\":\"https:\/\/ukreine.com\/it\/#website\",\"url\":\"https:\/\/ukreine.com\/it\/\",\"name\":\"Ukreine\",\"description\":\"\",\"publisher\":{\"@id\":\"https:\/\/ukreine.com\/it\/#organization\"},\"potentialAction\":[{\"@type\":\"SearchAction\",\"target\":{\"@type\":\"EntryPoint\",\"urlTemplate\":\"https:\/\/ukreine.com\/it\/?s={search_term_string}\"},\"query-input\":{\"@type\":\"PropertyValueSpecification\",\"valueRequired\":true,\"valueName\":\"search_term_string\"}}],\"inLanguage\":\"it-IT\"},{\"@type\":\"Organization\",\"@id\":\"https:\/\/ukreine.com\/it\/#organization\",\"name\":\"Ukreine\",\"url\":\"https:\/\/ukreine.com\/it\/\",\"logo\":{\"@type\":\"ImageObject\",\"inLanguage\":\"it-IT\",\"@id\":\"https:\/\/ukreine.com\/it\/#\/schema\/logo\/image\/\",\"url\":\"https:\/\/ukreine.com\/wp-content\/uploads\/2018\/05\/logo.png\",\"contentUrl\":\"https:\/\/ukreine.com\/wp-content\/uploads\/2018\/05\/logo.png\",\"width\":325,\"height\":69,\"caption\":\"Ukreine\"},\"image\":{\"@id\":\"https:\/\/ukreine.com\/it\/#\/schema\/logo\/image\/\"},\"sameAs\":[\"https:\/\/www.facebook.com\/datingrussianbrides\/\",\"https:\/\/x.com\/t4388388833\",\"https:\/\/www.instagram.com\/agenceukreine\/\",\"https:\/\/www.pinterest.com\/dbereznyakov\/\",\"https:\/\/www.youtube.com\/channel\/UC5lMwPhy20E8Bti0mQL43UA\"]}]}<\/script>\n<!-- \/ Yoast SEO Premium plugin. -->","yoast_head_json":{"title":"Prezzi della nostra agenzia matrimoniale internazionale","description":"Controlla i prezzi della nostra agenzia di incontri per conoscere una donna ucraina.","robots":{"index":"index","follow":"follow","max-snippet":"max-snippet:-1","max-image-preview":"max-image-preview:large","max-video-preview":"max-video-preview:-1"},"canonical":"https:\/\/ukreine.com\/it\/prezzi-della-nostra-agenzia-matrimoniale-internazionale\/","og_locale":"it_IT","og_type":"article","og_title":"I nostri prezzi","og_description":"Controlla i prezzi della nostra agenzia di incontri per conoscere una donna ucraina.","og_url":"https:\/\/ukreine.com\/it\/prezzi-della-nostra-agenzia-matrimoniale-internazionale\/","og_site_name":"Ukreine","article_publisher":"https:\/\/www.facebook.com\/datingrussianbrides\/","article_modified_time":"2025-10-29T22:54:56+00:00","twitter_card":"summary_large_image","twitter_site":"@t4388388833","twitter_misc":{"Tempo di lettura stimato":"4 minuti"},"schema":{"@context":"https:\/\/schema.org","@graph":[{"@type":"WebPage","@id":"https:\/\/ukreine.com\/it\/prezzi-della-nostra-agenzia-matrimoniale-internazionale\/","url":"https:\/\/ukreine.com\/it\/prezzi-della-nostra-agenzia-matrimoniale-internazionale\/","name":"Prezzi della nostra agenzia matrimoniale internazionale","isPartOf":{"@id":"https:\/\/ukreine.com\/it\/#website"},"datePublished":"2025-08-12T03:51:03+00:00","dateModified":"2025-10-29T22:54:56+00:00","description":"Controlla i prezzi della nostra agenzia di incontri per conoscere una donna ucraina.","breadcrumb":{"@id":"https:\/\/ukreine.com\/it\/prezzi-della-nostra-agenzia-matrimoniale-internazionale\/#breadcrumb"},"inLanguage":"it-IT","potentialAction":[{"@type":"ReadAction","target":["https:\/\/ukreine.com\/it\/prezzi-della-nostra-agenzia-matrimoniale-internazionale\/"]}]},{"@type":"BreadcrumbList","@id":"https:\/\/ukreine.com\/it\/prezzi-della-nostra-agenzia-matrimoniale-internazionale\/#breadcrumb","itemListElement":[{"@type":"ListItem","position":1,"name":"Home","item":"https:\/\/ukreine.com\/it\/"},{"@type":"ListItem","position":2,"name":"I nostri prezzi"}]},{"@type":"WebSite","@id":"https:\/\/ukreine.com\/it\/#website","url":"https:\/\/ukreine.com\/it\/","name":"Ukreine","description":"","publisher":{"@id":"https:\/\/ukreine.com\/it\/#organization"},"potentialAction":[{"@type":"SearchAction","target":{"@type":"EntryPoint","urlTemplate":"https:\/\/ukreine.com\/it\/?s={search_term_string}"},"query-input":{"@type":"PropertyValueSpecification","valueRequired":true,"valueName":"search_term_string"}}],"inLanguage":"it-IT"},{"@type":"Organization","@id":"https:\/\/ukreine.com\/it\/#organization","name":"Ukreine","url":"https:\/\/ukreine.com\/it\/","logo":{"@type":"ImageObject","inLanguage":"it-IT","@id":"https:\/\/ukreine.com\/it\/#\/schema\/logo\/image\/","url":"https:\/\/ukreine.com\/wp-content\/uploads\/2018\/05\/logo.png","contentUrl":"https:\/\/ukreine.com\/wp-content\/uploads\/2018\/05\/logo.png","width":325,"height":69,"caption":"Ukreine"},"image":{"@id":"https:\/\/ukreine.com\/it\/#\/schema\/logo\/image\/"},"sameAs":["https:\/\/www.facebook.com\/datingrussianbrides\/","https:\/\/x.com\/t4388388833","https:\/\/www.instagram.com\/agenceukreine\/","https:\/\/www.pinterest.com\/dbereznyakov\/","https:\/\/www.youtube.com\/channel\/UC5lMwPhy20E8Bti0mQL43UA"]}]}},"_links":{"self":[{"href":"https:\/\/ukreine.com\/it\/wp-json\/wp\/v2\/pages\/1013496","targetHints":{"allow":["GET"]}}],"collection":[{"href":"https:\/\/ukreine.com\/it\/wp-json\/wp\/v2\/pages"}],"about":[{"href":"https:\/\/ukreine.com\/it\/wp-json\/wp\/v2\/types\/page"}],"author":[{"embeddable":true,"href":"https:\/\/ukreine.com\/it\/wp-json\/wp\/v2\/users\/54"}],"replies":[{"embeddable":true,"href":"https:\/\/ukreine.com\/it\/wp-json\/wp\/v2\/comments?post=1013496"}],"version-history":[{"count":4,"href":"https:\/\/ukreine.com\/it\/wp-json\/wp\/v2\/pages\/1013496\/revisions"}],"predecessor-version":[{"id":1031032,"href":"https:\/\/ukreine.com\/it\/wp-json\/wp\/v2\/pages\/1013496\/revisions\/1031032"}],"wp:attachment":[{"href":"https:\/\/ukreine.com\/it\/wp-json\/wp\/v2\/media?parent=1013496"}],"curies":[{"name":"wp","href":"https:\/\/api.w.org\/{rel}","templated":true}]}}