{"id":265169,"date":"2020-03-28T02:57:25","date_gmt":"2020-03-28T02:57:25","guid":{"rendered":"https:\/\/ukreine.com\/?page_id=265169"},"modified":"2025-02-25T17:51:16","modified_gmt":"2025-02-25T17:51:16","slug":"acerca-de-nuestra-agencia-de-citas-y-matrimoni","status":"publish","type":"page","link":"https:\/\/ukreine.com\/es\/acerca-de-nuestra-agencia-de-citas-y-matrimoni\/","title":{"rendered":"Acerca de nuestra agencia de citas y matrimonio"},"content":{"rendered":"<h4>\u00bfD\u00f3nde est\u00e1 ubicada su agencia de citas y matrimonio?<\/h4>\n<p>Tenemos 3 oficinas:<\/p>\n<p>La oficina principal de nuestra agencia de citas se encuentra en Montreal y cubre Estados Unidos Y Canad\u00e1.<\/p>\n<p>Nuestra oficina francesa se encuentra en la regi\u00f3n de Par\u00eds y cubre a toda Europa occidental.<\/p>\n<p>La oficina ucraniana est\u00e1 ubicada en Kharkiv (la segunda ciudad ucraniana despu\u00e9s de Kiev, con casi 2 millones de habitantes, es el tercer centro universitario de la antigua URSS), por lo que todas las novias se presentan en persona a nuestra oficina. \u00a1No tratamos con ninguna agencia de citas local!<\/p>\n<h4>\u00bfCu\u00e1ndo fue creada su agencia?<\/h4>\n<p>Nuestra primera oficina abri\u00f3 en 1998, \u00e9ramos en ese momento la primera y \u00fanica agencia de citas y matrimonio que se especializaba en reunir hombres de habla francesa de Francia, Suiza, B\u00e9lgica y Quebec con hermosas mujeres ucranianas para el matrimonio.<\/p>\n<p>Empezamos a trabajar con clientes de habla inglesa luego de unos a\u00f1os y muchos hombres que usaban Google para buscar sitios web de mujeres rusas para citas y matrimonio, novias rusas para casarse, chicas solteras ucranianas, encontraron nuestro sitio web de agencia de citas.<\/p>\n<p>En 20 a\u00f1os, mucho ha cambiado&#8230; nos hemos convertido en una de las agencias m\u00e1s experimentadas con un \u00edndice excepcional de \u00e9xito&#8230; pero ahora vemos a parte de nosotros, numerosos sitios de citas y agencias de matrimonio en Estados Unidos, Canad\u00e1, Europa, Ucrania y Rusia que est\u00e1n estafando, vemos miles de perfiles de mujeres rusas falsos que han saturado todos los sitios de citas gratuitos y de pago donde el registro se realiza a trav\u00e9s de Internet y sin moderaci\u00f3n. Los hombres conf\u00edan cada vez menos en estos sitios web de citas y el tema de la credibilidad se ha vuelto muy importante incluso para una agencia tan reconocida como la nuestra.<\/p>\n<p><strong>\u00bfPuedo ver a su personal?<\/strong><\/p>\n<p>Somos un equipo de m\u00e1s de 30 personas, conocer\u00e1 a algunos de ellos en nuestras oficinas. Cada cliente obtiene un asistente personal para satisfacer sus necesidades y garantizarle el resultado.<\/p>\n<p><img decoding=\"async\" class=\"alignnone wp-image-265058 size-full\" src=\"https:\/\/ukreine.com\/wp-content\/uploads\/2020\/03\/IMG_5615-1-2.jpg\" alt=\"\" width=\"591\" height=\"394\" srcset=\"https:\/\/ukreine.com\/wp-content\/uploads\/2020\/03\/IMG_5615-1-2.jpg 591w, https:\/\/ukreine.com\/wp-content\/uploads\/2020\/03\/IMG_5615-1-2-200x133.jpg 200w\" sizes=\"(max-width: 591px) 100vw, 591px\" \/><\/p>\n<p style=\"text-align: left;\"><img decoding=\"async\" class=\"alignleft wp-image-277885\" src=\"https:\/\/ukreine.com\/wp-content\/uploads\/2020\/04\/31823193_10215243932144050_5420693402696024064_o.jpg\" alt=\"Dimitri Berezniakov\" width=\"276\" height=\"276\" srcset=\"https:\/\/ukreine.com\/wp-content\/uploads\/2020\/04\/31823193_10215243932144050_5420693402696024064_o.jpg 960w, https:\/\/ukreine.com\/wp-content\/uploads\/2020\/04\/31823193_10215243932144050_5420693402696024064_o-60x60.jpg 60w, https:\/\/ukreine.com\/wp-content\/uploads\/2020\/04\/31823193_10215243932144050_5420693402696024064_o-200x200.jpg 200w, https:\/\/ukreine.com\/wp-content\/uploads\/2020\/04\/31823193_10215243932144050_5420693402696024064_o-768x768.jpg 768w\" sizes=\"(max-width: 276px) 100vw, 276px\" \/><\/p>\n<p>DIMITRI BEREZNIAKOV \u2013 FOUNDER<\/p>\n<p>Nacido en Kharkiv (Ucrania, 1976). Vive en Canad\u00e1 desde 2009<\/p>\n<p>Educaci\u00f3n:<\/p>\n<p>V.N. Universidad Nacional de Karazin Kharkiv &#8211; M\u00e1ster en Traducci\u00f3n, interpretaci\u00f3n de franc\u00e9s e ingl\u00e9s (Universidad de Ingenier\u00eda Civil y Psicolog\u00eda de la Arquitectura, de Kharkiv) &#8211; 3er ciclo; 2 a\u00f1os en la Universidad de Hagen (Alemania), Gesti\u00f3n de recursos humanos; 2 a\u00f1os Universidad de Cambridge, 1 mes de curso CELTA.\u00a0 \u00a0 \u00a0Experiencia profesional:<\/p>\n<p>Jefe del departamento de relaciones internacionales UkReine.com &#8211; fundador<\/p>\n<p>&nbsp;<\/p>\n<p><strong>Centres d\u2019int\u00e9r\u00eat:<\/strong><br \/>\nactivit\u00e9s familiales, voyages, lecture<br \/>\n<strong>Sports pratiqu\u00e9s:<\/strong><br \/>\ntennis, ski alpin, football<\/p>\n<p>&nbsp;<\/p>\n<p>Katya<\/p>\n<p style=\"text-align: left;\"><img decoding=\"async\" class=\"alignleft wp-image-277894\" src=\"https:\/\/ukreine.com\/wp-content\/uploads\/2020\/04\/photo_2020-04-14_12-18-11-768x1024.jpg\" alt=\"Katya\" width=\"212\" height=\"283\" srcset=\"https:\/\/ukreine.com\/wp-content\/uploads\/2020\/04\/photo_2020-04-14_12-18-11-768x1024.jpg 768w, https:\/\/ukreine.com\/wp-content\/uploads\/2020\/04\/photo_2020-04-14_12-18-11-150x200.jpg 150w, https:\/\/ukreine.com\/wp-content\/uploads\/2020\/04\/photo_2020-04-14_12-18-11.jpg 960w\" sizes=\"(max-width: 212px) 100vw, 212px\" \/><\/p>\n<p>Katya ha sido empleada de la agencia (gerente) desde abril de 2018.<\/p>\n<p>Obtuvo el graduado en marketing en la Universidad T\u00e9cnica Nacional de Donetsk, y se especializ\u00f3 en franc\u00e9s. Katya tiene el certificado DELF B1.<\/p>\n<p>Katya ha participado en proyectos de voluntariado internacional en Francia, en organizaciones como \u201cAmiti\u00e9 sans fronti\u00e8res\u201d y \u201cLions club\u201d de Francia. Tambi\u00e9n trabaj\u00f3 con la UEFA durante los campeonatos de f\u00fatbol en Ucrania.<\/p>\n<p>Aparte del trabajo, le gusta el dibujo y el tenis. Es sociable y abierta, siempre dispuesta a ayudar y asesorar en un caso tan especial como es la elecci\u00f3n de su compa\u00f1ero de vida.<\/p>\n<p>&nbsp;<\/p>\n<p>&nbsp;<\/p>\n<h4>\u00bfC\u00f3mo es posible que el 95% de las citas internacionales son una estafa, pero el 100% de los sitios web de agencias rusas y ucranianas afirman ser honestos?<\/h4>\n<p>Una agencia estafadora nunca le dir\u00e1 que son estafadores. Le informar\u00e1n sobre su \u00edndice de \u00e9xito y clientes satisfechos.<\/p>\n<p>Una chica que quiere estafarlo nunca empezar\u00e1 hablando de dinero. Ella le hablar\u00e1 sobre sus sentimientos hacia usted.<\/p>\n<p>As\u00ed que tenemos un mundo de citas perfecto al principio y el 95% de los hombres son estafados al final.<\/p>\n<p>Somos fundadores de uno de los sitios web de estafa de citas m\u00e1s grandes, <a href=\"https:\/\/allaboutdatingscams.com\/es\/\">allaboutdatingscams.com<\/a>, por lo que conocemos perfectamente el lado sucio de este negocio.<\/p>\n<p>Vea c\u00f3mo funcionan las estafas de sitios de citas de \u201cpago por carta\u201d:<\/p>\n<p><iframe title=\"How Russian romance scam works: a &quot;Russian bride&quot; confession\" width=\"660\" height=\"371\" src=\"https:\/\/www.youtube.com\/embed\/_tGGgAHDX38?feature=oembed\" frameborder=\"0\" allow=\"accelerometer; autoplay; clipboard-write; encrypted-media; gyroscope; picture-in-picture; web-share\" referrerpolicy=\"strict-origin-when-cross-origin\" allowfullscreen><\/iframe><\/p>\n<h4><\/h4>\n<h4>\u00bfPor qu\u00e9 su agencia de citas y matrimonio se llama UkReine?<\/h4>\n<p>Porque su pronunciaci\u00f3n se asemeja al pa\u00eds Ucrania, pero tambi\u00e9n contiene la palabra \u00abReine\u00bb que significa \u00abReina\u00bb en franc\u00e9s y se asocia a las hermosas mujeres rusas y ucranianas con las que pueden casarse.<\/p>\n<h4><\/h4>\n<h4>\u00bfEn qu\u00e9 se diferencia UkReine Ltd a otros sitios web de citas rusos y agencias de matrimonio?<\/h4>\n<p>&nbsp;<\/p>\n<p>La diferencia principal es que nosotros NO tratamos con agencias de citas locales en Rusia o Ucrania desde donde se difunden perfiles falsos en diferentes sitios web de citas occidentales y agencias de matrimonio.<\/p>\n<p>Nos encontramos registrados en Canad\u00e1, no estamos en pa\u00edses que se encuentren fuera del alcance de la justicia internacional.<\/p>\n<p>Somos fundadores de uno de los sitios web de estafas de citas m\u00e1s grandes: <a href=\"https:\/\/allaboutdatingscams.com\/es\/\">allaboutdatingscams.com<\/a><\/p>\n<p>Nuestras tarifas son mucho m\u00e1s econ\u00f3micas que los precios de las agencias de citas rusas en Estado Unidos Y Canad\u00e1<\/p>\n<p>Usted puede ver a nuestro CEO y fundador tomando una prueba en el detector de mentiras<\/p>\n<p><iframe title=\"SHOCKING TRUTH about Russian dating sites with a LIE DETECTOR TEST\" width=\"660\" height=\"371\" src=\"https:\/\/www.youtube.com\/embed\/TOzsdzS0L2Q?list=PLtGdpKKcfcc2f6FvKwbADg9mx69d0lmry\" frameborder=\"0\" allow=\"accelerometer; autoplay; clipboard-write; encrypted-media; gyroscope; picture-in-picture; web-share\" referrerpolicy=\"strict-origin-when-cross-origin\" allowfullscreen><\/iframe><\/p>\n<p>Podemos GARANTIZAR el resultado para los hombres que han sido pre-aprobados (si consideramos que sus criterios de b\u00fasqueda son realistas).<\/p>\n<p>&nbsp;<\/p>\n<h4>\u00bfPueden ayudar a hombres de Espa\u00f1a?<\/h4>\n<p>&nbsp;<\/p>\n<p>Claro que s\u00ed, podemos ayudar a hombres espa\u00f1oles solteros desde la A hasta la Z:<\/p>\n<p>Comenzamos por la asistencia para la selecci\u00f3n de damas, organizamos su viaje a Ucrania o el viaje de la dama a Espa\u00f1a y terminamos con la asistencia en los procedimientos de matrimonio internacional.<\/p>\n","protected":false},"excerpt":{"rendered":"<p>\u00bfD\u00f3nde est\u00e1 ubicada su agencia de citas y matrimonio? Tenemos 3 oficinas: La oficina principal de nuestra agencia de citas se encuentra en Montreal y cubre Estados Unidos Y Canad\u00e1. Nuestra oficina francesa se encuentra en la regi\u00f3n de Par\u00eds y cubre a toda Europa occidental. La oficina ucraniana est\u00e1 ubicada en Kharkiv (la segunda [&hellip;]<\/p>\n","protected":false},"author":54,"featured_media":0,"parent":0,"menu_order":0,"comment_status":"closed","ping_status":"closed","template":"","meta":{"_acf_changed":false,"footnotes":""},"class_list":["post-265169","page","type-page","status-publish","hentry"],"acf":[],"yoast_head":"<!-- This site is optimized with the Yoast SEO Premium plugin v25.5 (Yoast SEO v27.2) - https:\/\/yoast.com\/product\/yoast-seo-premium-wordpress\/ -->\n<title>Acerca de nuestra agencia de citas y matrimoni - UkReine<\/title>\n<meta name=\"description\" content=\"Por qu\u00e9 nuestra agencia que ofrece perfiles reales de novias rusas y ucranianas es diferente de a otras p\u00e1ginas web de citas y agencias matrimoniales\" \/>\n<meta name=\"robots\" content=\"index, follow, max-snippet:-1, max-image-preview:large, max-video-preview:-1\" \/>\n<link rel=\"canonical\" href=\"https:\/\/ukreine.com\/es\/acerca-de-nuestra-agencia-de-citas-y-matrimoni\/\" \/>\n<meta property=\"og:locale\" content=\"es_ES\" \/>\n<meta property=\"og:type\" content=\"article\" \/>\n<meta property=\"og:title\" content=\"Acerca de nuestra agencia de citas y matrimonio\" \/>\n<meta property=\"og:description\" content=\"Por qu\u00e9 nuestra agencia que ofrece perfiles reales de novias rusas y ucranianas es diferente de a otras p\u00e1ginas web de citas y agencias matrimoniales\" \/>\n<meta property=\"og:url\" content=\"https:\/\/ukreine.com\/es\/acerca-de-nuestra-agencia-de-citas-y-matrimoni\/\" \/>\n<meta property=\"og:site_name\" content=\"Ukreine\" \/>\n<meta property=\"article:publisher\" content=\"https:\/\/www.facebook.com\/datingrussianbrides\/\" \/>\n<meta property=\"article:modified_time\" content=\"2025-02-25T17:51:16+00:00\" \/>\n<meta property=\"og:image\" content=\"https:\/\/ukreine.com\/wp-content\/uploads\/2020\/03\/IMG_5615-1-2.jpg\" \/>\n\t<meta property=\"og:image:width\" content=\"591\" \/>\n\t<meta property=\"og:image:height\" content=\"394\" \/>\n\t<meta property=\"og:image:type\" content=\"image\/jpeg\" \/>\n<meta name=\"twitter:card\" content=\"summary_large_image\" \/>\n<meta name=\"twitter:site\" content=\"@t4388388833\" \/>\n<meta name=\"twitter:label1\" content=\"Tiempo de lectura\" \/>\n\t<meta name=\"twitter:data1\" content=\"6 minutos\" \/>\n<script type=\"application\/ld+json\" class=\"yoast-schema-graph\">{\"@context\":\"https:\/\/schema.org\",\"@graph\":[{\"@type\":\"WebPage\",\"@id\":\"https:\/\/ukreine.com\/es\/acerca-de-nuestra-agencia-de-citas-y-matrimoni\/\",\"url\":\"https:\/\/ukreine.com\/es\/acerca-de-nuestra-agencia-de-citas-y-matrimoni\/\",\"name\":\"Acerca de nuestra agencia de citas y matrimoni - UkReine\",\"isPartOf\":{\"@id\":\"https:\/\/ukreine.com\/es\/#website\"},\"primaryImageOfPage\":{\"@id\":\"https:\/\/ukreine.com\/es\/acerca-de-nuestra-agencia-de-citas-y-matrimoni\/#primaryimage\"},\"image\":{\"@id\":\"https:\/\/ukreine.com\/es\/acerca-de-nuestra-agencia-de-citas-y-matrimoni\/#primaryimage\"},\"thumbnailUrl\":\"https:\/\/ukreine.com\/wp-content\/uploads\/2020\/03\/IMG_5615-1-2.jpg\",\"datePublished\":\"2020-03-28T02:57:25+00:00\",\"dateModified\":\"2025-02-25T17:51:16+00:00\",\"description\":\"Por qu\u00e9 nuestra agencia que ofrece perfiles reales de novias rusas y ucranianas es diferente de a otras p\u00e1ginas web de citas y agencias matrimoniales\",\"breadcrumb\":{\"@id\":\"https:\/\/ukreine.com\/es\/acerca-de-nuestra-agencia-de-citas-y-matrimoni\/#breadcrumb\"},\"inLanguage\":\"es\",\"potentialAction\":[{\"@type\":\"ReadAction\",\"target\":[\"https:\/\/ukreine.com\/es\/acerca-de-nuestra-agencia-de-citas-y-matrimoni\/\"]}]},{\"@type\":\"ImageObject\",\"inLanguage\":\"es\",\"@id\":\"https:\/\/ukreine.com\/es\/acerca-de-nuestra-agencia-de-citas-y-matrimoni\/#primaryimage\",\"url\":\"https:\/\/ukreine.com\/wp-content\/uploads\/2020\/03\/IMG_5615-1-2.jpg\",\"contentUrl\":\"https:\/\/ukreine.com\/wp-content\/uploads\/2020\/03\/IMG_5615-1-2.jpg\"},{\"@type\":\"BreadcrumbList\",\"@id\":\"https:\/\/ukreine.com\/es\/acerca-de-nuestra-agencia-de-citas-y-matrimoni\/#breadcrumb\",\"itemListElement\":[{\"@type\":\"ListItem\",\"position\":1,\"name\":\"Home\",\"item\":\"https:\/\/ukreine.com\/es\/\"},{\"@type\":\"ListItem\",\"position\":2,\"name\":\"Acerca de nuestra agencia de citas y matrimonio\"}]},{\"@type\":\"WebSite\",\"@id\":\"https:\/\/ukreine.com\/es\/#website\",\"url\":\"https:\/\/ukreine.com\/es\/\",\"name\":\"Ukreine\",\"description\":\"\",\"publisher\":{\"@id\":\"https:\/\/ukreine.com\/es\/#organization\"},\"potentialAction\":[{\"@type\":\"SearchAction\",\"target\":{\"@type\":\"EntryPoint\",\"urlTemplate\":\"https:\/\/ukreine.com\/es\/?s={search_term_string}\"},\"query-input\":{\"@type\":\"PropertyValueSpecification\",\"valueRequired\":true,\"valueName\":\"search_term_string\"}}],\"inLanguage\":\"es\"},{\"@type\":\"Organization\",\"@id\":\"https:\/\/ukreine.com\/es\/#organization\",\"name\":\"Ukreine\",\"url\":\"https:\/\/ukreine.com\/es\/\",\"logo\":{\"@type\":\"ImageObject\",\"inLanguage\":\"es\",\"@id\":\"https:\/\/ukreine.com\/es\/#\/schema\/logo\/image\/\",\"url\":\"https:\/\/ukreine.com\/wp-content\/uploads\/2018\/05\/logo.png\",\"contentUrl\":\"https:\/\/ukreine.com\/wp-content\/uploads\/2018\/05\/logo.png\",\"width\":325,\"height\":69,\"caption\":\"Ukreine\"},\"image\":{\"@id\":\"https:\/\/ukreine.com\/es\/#\/schema\/logo\/image\/\"},\"sameAs\":[\"https:\/\/www.facebook.com\/datingrussianbrides\/\",\"https:\/\/x.com\/t4388388833\",\"https:\/\/www.instagram.com\/agenceukreine\/\",\"https:\/\/www.pinterest.com\/dbereznyakov\/\",\"https:\/\/www.youtube.com\/channel\/UC5lMwPhy20E8Bti0mQL43UA\"]}]}<\/script>\n<!-- \/ Yoast SEO Premium plugin. -->","yoast_head_json":{"title":"Acerca de nuestra agencia de citas y matrimoni - UkReine","description":"Por qu\u00e9 nuestra agencia que ofrece perfiles reales de novias rusas y ucranianas es diferente de a otras p\u00e1ginas web de citas y agencias matrimoniales","robots":{"index":"index","follow":"follow","max-snippet":"max-snippet:-1","max-image-preview":"max-image-preview:large","max-video-preview":"max-video-preview:-1"},"canonical":"https:\/\/ukreine.com\/es\/acerca-de-nuestra-agencia-de-citas-y-matrimoni\/","og_locale":"es_ES","og_type":"article","og_title":"Acerca de nuestra agencia de citas y matrimonio","og_description":"Por qu\u00e9 nuestra agencia que ofrece perfiles reales de novias rusas y ucranianas es diferente de a otras p\u00e1ginas web de citas y agencias matrimoniales","og_url":"https:\/\/ukreine.com\/es\/acerca-de-nuestra-agencia-de-citas-y-matrimoni\/","og_site_name":"Ukreine","article_publisher":"https:\/\/www.facebook.com\/datingrussianbrides\/","article_modified_time":"2025-02-25T17:51:16+00:00","og_image":[{"width":591,"height":394,"url":"https:\/\/ukreine.com\/wp-content\/uploads\/2020\/03\/IMG_5615-1-2.jpg","type":"image\/jpeg"}],"twitter_card":"summary_large_image","twitter_site":"@t4388388833","twitter_misc":{"Tiempo de lectura":"6 minutos"},"schema":{"@context":"https:\/\/schema.org","@graph":[{"@type":"WebPage","@id":"https:\/\/ukreine.com\/es\/acerca-de-nuestra-agencia-de-citas-y-matrimoni\/","url":"https:\/\/ukreine.com\/es\/acerca-de-nuestra-agencia-de-citas-y-matrimoni\/","name":"Acerca de nuestra agencia de citas y matrimoni - UkReine","isPartOf":{"@id":"https:\/\/ukreine.com\/es\/#website"},"primaryImageOfPage":{"@id":"https:\/\/ukreine.com\/es\/acerca-de-nuestra-agencia-de-citas-y-matrimoni\/#primaryimage"},"image":{"@id":"https:\/\/ukreine.com\/es\/acerca-de-nuestra-agencia-de-citas-y-matrimoni\/#primaryimage"},"thumbnailUrl":"https:\/\/ukreine.com\/wp-content\/uploads\/2020\/03\/IMG_5615-1-2.jpg","datePublished":"2020-03-28T02:57:25+00:00","dateModified":"2025-02-25T17:51:16+00:00","description":"Por qu\u00e9 nuestra agencia que ofrece perfiles reales de novias rusas y ucranianas es diferente de a otras p\u00e1ginas web de citas y agencias matrimoniales","breadcrumb":{"@id":"https:\/\/ukreine.com\/es\/acerca-de-nuestra-agencia-de-citas-y-matrimoni\/#breadcrumb"},"inLanguage":"es","potentialAction":[{"@type":"ReadAction","target":["https:\/\/ukreine.com\/es\/acerca-de-nuestra-agencia-de-citas-y-matrimoni\/"]}]},{"@type":"ImageObject","inLanguage":"es","@id":"https:\/\/ukreine.com\/es\/acerca-de-nuestra-agencia-de-citas-y-matrimoni\/#primaryimage","url":"https:\/\/ukreine.com\/wp-content\/uploads\/2020\/03\/IMG_5615-1-2.jpg","contentUrl":"https:\/\/ukreine.com\/wp-content\/uploads\/2020\/03\/IMG_5615-1-2.jpg"},{"@type":"BreadcrumbList","@id":"https:\/\/ukreine.com\/es\/acerca-de-nuestra-agencia-de-citas-y-matrimoni\/#breadcrumb","itemListElement":[{"@type":"ListItem","position":1,"name":"Home","item":"https:\/\/ukreine.com\/es\/"},{"@type":"ListItem","position":2,"name":"Acerca de nuestra agencia de citas y matrimonio"}]},{"@type":"WebSite","@id":"https:\/\/ukreine.com\/es\/#website","url":"https:\/\/ukreine.com\/es\/","name":"Ukreine","description":"","publisher":{"@id":"https:\/\/ukreine.com\/es\/#organization"},"potentialAction":[{"@type":"SearchAction","target":{"@type":"EntryPoint","urlTemplate":"https:\/\/ukreine.com\/es\/?s={search_term_string}"},"query-input":{"@type":"PropertyValueSpecification","valueRequired":true,"valueName":"search_term_string"}}],"inLanguage":"es"},{"@type":"Organization","@id":"https:\/\/ukreine.com\/es\/#organization","name":"Ukreine","url":"https:\/\/ukreine.com\/es\/","logo":{"@type":"ImageObject","inLanguage":"es","@id":"https:\/\/ukreine.com\/es\/#\/schema\/logo\/image\/","url":"https:\/\/ukreine.com\/wp-content\/uploads\/2018\/05\/logo.png","contentUrl":"https:\/\/ukreine.com\/wp-content\/uploads\/2018\/05\/logo.png","width":325,"height":69,"caption":"Ukreine"},"image":{"@id":"https:\/\/ukreine.com\/es\/#\/schema\/logo\/image\/"},"sameAs":["https:\/\/www.facebook.com\/datingrussianbrides\/","https:\/\/x.com\/t4388388833","https:\/\/www.instagram.com\/agenceukreine\/","https:\/\/www.pinterest.com\/dbereznyakov\/","https:\/\/www.youtube.com\/channel\/UC5lMwPhy20E8Bti0mQL43UA"]}]}},"_links":{"self":[{"href":"https:\/\/ukreine.com\/es\/wp-json\/wp\/v2\/pages\/265169","targetHints":{"allow":["GET"]}}],"collection":[{"href":"https:\/\/ukreine.com\/es\/wp-json\/wp\/v2\/pages"}],"about":[{"href":"https:\/\/ukreine.com\/es\/wp-json\/wp\/v2\/types\/page"}],"author":[{"embeddable":true,"href":"https:\/\/ukreine.com\/es\/wp-json\/wp\/v2\/users\/54"}],"replies":[{"embeddable":true,"href":"https:\/\/ukreine.com\/es\/wp-json\/wp\/v2\/comments?post=265169"}],"version-history":[{"count":1,"href":"https:\/\/ukreine.com\/es\/wp-json\/wp\/v2\/pages\/265169\/revisions"}],"predecessor-version":[{"id":974135,"href":"https:\/\/ukreine.com\/es\/wp-json\/wp\/v2\/pages\/265169\/revisions\/974135"}],"wp:attachment":[{"href":"https:\/\/ukreine.com\/es\/wp-json\/wp\/v2\/media?parent=265169"}],"curies":[{"name":"wp","href":"https:\/\/api.w.org\/{rel}","templated":true}]}}