{"id":1041274,"date":"2025-12-11T00:30:08","date_gmt":"2025-12-11T00:30:08","guid":{"rendered":"https:\/\/ukreine.com\/?page_id=1041274"},"modified":"2025-12-11T00:30:11","modified_gmt":"2025-12-11T00:30:11","slug":"nuestra-direccion","status":"publish","type":"page","link":"https:\/\/ukreine.com\/es\/nuestra-direccion\/","title":{"rendered":"Nuestra direcci\u00f3n"},"content":{"rendered":"<p data-start=\"44\" data-end=\"88\"><strong data-start=\"44\" data-end=\"88\">Correo electr\u00f3nico:<\/strong><\/p>\n<p data-start=\"90\" data-end=\"106\"><a class=\"decorated-link cursor-pointer\" rel=\"noopener\" data-start=\"90\" data-end=\"106\">info@ukreine.com<\/a><\/p>\n<p data-start=\"108\" data-end=\"136\"><strong data-start=\"108\" data-end=\"136\">Direcciones y tel\u00e9fonos:<\/strong><\/p>\n<p data-start=\"138\" data-end=\"269\"><strong data-start=\"138\" data-end=\"149\">Canad\u00e1:<\/strong><br data-start=\"149\" data-end=\"152\" \/>211 boul. Marguerite Bourgeoys, Verdun, H3E 1X8<br data-start=\"199\" data-end=\"202\" \/>tel. +1 514 7033725 Dimitri<br data-start=\"229\" data-end=\"232\" \/>(WhatsApp, Viber, Telegram, tel\u00e9fono)<\/p>\n<p data-start=\"271\" data-end=\"390\"><strong data-start=\"271\" data-end=\"283\">Ucrania:<\/strong><br data-start=\"283\" data-end=\"286\" \/>Calle Chernyshevska 13, oficina 800, J\u00e1rkiv<br data-start=\"329\" data-end=\"332\" \/>tel. +380502264037 Katherine<br data-start=\"360\" data-end=\"363\" \/>(WhatsApp, Viber, Telegram)<\/p>\n","protected":false},"excerpt":{"rendered":"<p>Correo electr\u00f3nico: info@ukreine.com Direcciones y tel\u00e9fonos: Canad\u00e1:211 boul. Marguerite Bourgeoys, Verdun, H3E 1X8tel. +1 514 7033725 Dimitri(WhatsApp, Viber, Telegram, tel\u00e9fono) Ucrania:Calle Chernyshevska 13, oficina 800, J\u00e1rkivtel. +380502264037 Katherine(WhatsApp, Viber, Telegram)<\/p>\n","protected":false},"author":54,"featured_media":0,"parent":0,"menu_order":0,"comment_status":"closed","ping_status":"closed","template":"","meta":{"_acf_changed":false,"footnotes":""},"class_list":["post-1041274","page","type-page","status-publish","hentry"],"acf":[],"yoast_head":"<!-- This site is optimized with the Yoast SEO Premium plugin v25.5 (Yoast SEO v27.2) - https:\/\/yoast.com\/product\/yoast-seo-premium-wordpress\/ -->\n<title>La direcci\u00f3n de nuestra agencia de encontras<\/title>\n<meta name=\"description\" content=\"La direcci\u00f3n de nuestra agencia de encontras\" \/>\n<meta name=\"robots\" content=\"index, follow, max-snippet:-1, max-image-preview:large, max-video-preview:-1\" \/>\n<link rel=\"canonical\" href=\"https:\/\/ukreine.com\/es\/nuestra-direccion\/\" \/>\n<meta property=\"og:locale\" content=\"es_ES\" \/>\n<meta property=\"og:type\" content=\"article\" \/>\n<meta property=\"og:title\" content=\"Nuestra direcci\u00f3n\" \/>\n<meta property=\"og:description\" content=\"La direcci\u00f3n de nuestra agencia de encontras\" \/>\n<meta property=\"og:url\" content=\"https:\/\/ukreine.com\/es\/nuestra-direccion\/\" \/>\n<meta property=\"og:site_name\" content=\"Ukreine\" \/>\n<meta property=\"article:publisher\" content=\"https:\/\/www.facebook.com\/datingrussianbrides\/\" \/>\n<meta property=\"article:modified_time\" content=\"2025-12-11T00:30:11+00:00\" \/>\n<meta name=\"twitter:card\" content=\"summary_large_image\" \/>\n<meta name=\"twitter:site\" content=\"@t4388388833\" \/>\n<meta name=\"twitter:label1\" content=\"Tiempo de lectura\" \/>\n\t<meta name=\"twitter:data1\" content=\"1 minuto\" \/>\n<script type=\"application\/ld+json\" class=\"yoast-schema-graph\">{\"@context\":\"https:\/\/schema.org\",\"@graph\":[{\"@type\":\"WebPage\",\"@id\":\"https:\/\/ukreine.com\/es\/nuestra-direccion\/\",\"url\":\"https:\/\/ukreine.com\/es\/nuestra-direccion\/\",\"name\":\"La direcci\u00f3n de nuestra agencia de encontras\",\"isPartOf\":{\"@id\":\"https:\/\/ukreine.com\/es\/#website\"},\"datePublished\":\"2025-12-11T00:30:08+00:00\",\"dateModified\":\"2025-12-11T00:30:11+00:00\",\"description\":\"La direcci\u00f3n de nuestra agencia de encontras\",\"breadcrumb\":{\"@id\":\"https:\/\/ukreine.com\/es\/nuestra-direccion\/#breadcrumb\"},\"inLanguage\":\"es\",\"potentialAction\":[{\"@type\":\"ReadAction\",\"target\":[\"https:\/\/ukreine.com\/es\/nuestra-direccion\/\"]}]},{\"@type\":\"BreadcrumbList\",\"@id\":\"https:\/\/ukreine.com\/es\/nuestra-direccion\/#breadcrumb\",\"itemListElement\":[{\"@type\":\"ListItem\",\"position\":1,\"name\":\"Home\",\"item\":\"https:\/\/ukreine.com\/es\/\"},{\"@type\":\"ListItem\",\"position\":2,\"name\":\"Nuestra direcci\u00f3n\"}]},{\"@type\":\"WebSite\",\"@id\":\"https:\/\/ukreine.com\/es\/#website\",\"url\":\"https:\/\/ukreine.com\/es\/\",\"name\":\"Ukreine\",\"description\":\"\",\"publisher\":{\"@id\":\"https:\/\/ukreine.com\/es\/#organization\"},\"potentialAction\":[{\"@type\":\"SearchAction\",\"target\":{\"@type\":\"EntryPoint\",\"urlTemplate\":\"https:\/\/ukreine.com\/es\/?s={search_term_string}\"},\"query-input\":{\"@type\":\"PropertyValueSpecification\",\"valueRequired\":true,\"valueName\":\"search_term_string\"}}],\"inLanguage\":\"es\"},{\"@type\":\"Organization\",\"@id\":\"https:\/\/ukreine.com\/es\/#organization\",\"name\":\"Ukreine\",\"url\":\"https:\/\/ukreine.com\/es\/\",\"logo\":{\"@type\":\"ImageObject\",\"inLanguage\":\"es\",\"@id\":\"https:\/\/ukreine.com\/es\/#\/schema\/logo\/image\/\",\"url\":\"https:\/\/ukreine.com\/wp-content\/uploads\/2018\/05\/logo.png\",\"contentUrl\":\"https:\/\/ukreine.com\/wp-content\/uploads\/2018\/05\/logo.png\",\"width\":325,\"height\":69,\"caption\":\"Ukreine\"},\"image\":{\"@id\":\"https:\/\/ukreine.com\/es\/#\/schema\/logo\/image\/\"},\"sameAs\":[\"https:\/\/www.facebook.com\/datingrussianbrides\/\",\"https:\/\/x.com\/t4388388833\",\"https:\/\/www.instagram.com\/agenceukreine\/\",\"https:\/\/www.pinterest.com\/dbereznyakov\/\",\"https:\/\/www.youtube.com\/channel\/UC5lMwPhy20E8Bti0mQL43UA\"]}]}<\/script>\n<!-- \/ Yoast SEO Premium plugin. -->","yoast_head_json":{"title":"La direcci\u00f3n de nuestra agencia de encontras","description":"La direcci\u00f3n de nuestra agencia de encontras","robots":{"index":"index","follow":"follow","max-snippet":"max-snippet:-1","max-image-preview":"max-image-preview:large","max-video-preview":"max-video-preview:-1"},"canonical":"https:\/\/ukreine.com\/es\/nuestra-direccion\/","og_locale":"es_ES","og_type":"article","og_title":"Nuestra direcci\u00f3n","og_description":"La direcci\u00f3n de nuestra agencia de encontras","og_url":"https:\/\/ukreine.com\/es\/nuestra-direccion\/","og_site_name":"Ukreine","article_publisher":"https:\/\/www.facebook.com\/datingrussianbrides\/","article_modified_time":"2025-12-11T00:30:11+00:00","twitter_card":"summary_large_image","twitter_site":"@t4388388833","twitter_misc":{"Tiempo de lectura":"1 minuto"},"schema":{"@context":"https:\/\/schema.org","@graph":[{"@type":"WebPage","@id":"https:\/\/ukreine.com\/es\/nuestra-direccion\/","url":"https:\/\/ukreine.com\/es\/nuestra-direccion\/","name":"La direcci\u00f3n de nuestra agencia de encontras","isPartOf":{"@id":"https:\/\/ukreine.com\/es\/#website"},"datePublished":"2025-12-11T00:30:08+00:00","dateModified":"2025-12-11T00:30:11+00:00","description":"La direcci\u00f3n de nuestra agencia de encontras","breadcrumb":{"@id":"https:\/\/ukreine.com\/es\/nuestra-direccion\/#breadcrumb"},"inLanguage":"es","potentialAction":[{"@type":"ReadAction","target":["https:\/\/ukreine.com\/es\/nuestra-direccion\/"]}]},{"@type":"BreadcrumbList","@id":"https:\/\/ukreine.com\/es\/nuestra-direccion\/#breadcrumb","itemListElement":[{"@type":"ListItem","position":1,"name":"Home","item":"https:\/\/ukreine.com\/es\/"},{"@type":"ListItem","position":2,"name":"Nuestra direcci\u00f3n"}]},{"@type":"WebSite","@id":"https:\/\/ukreine.com\/es\/#website","url":"https:\/\/ukreine.com\/es\/","name":"Ukreine","description":"","publisher":{"@id":"https:\/\/ukreine.com\/es\/#organization"},"potentialAction":[{"@type":"SearchAction","target":{"@type":"EntryPoint","urlTemplate":"https:\/\/ukreine.com\/es\/?s={search_term_string}"},"query-input":{"@type":"PropertyValueSpecification","valueRequired":true,"valueName":"search_term_string"}}],"inLanguage":"es"},{"@type":"Organization","@id":"https:\/\/ukreine.com\/es\/#organization","name":"Ukreine","url":"https:\/\/ukreine.com\/es\/","logo":{"@type":"ImageObject","inLanguage":"es","@id":"https:\/\/ukreine.com\/es\/#\/schema\/logo\/image\/","url":"https:\/\/ukreine.com\/wp-content\/uploads\/2018\/05\/logo.png","contentUrl":"https:\/\/ukreine.com\/wp-content\/uploads\/2018\/05\/logo.png","width":325,"height":69,"caption":"Ukreine"},"image":{"@id":"https:\/\/ukreine.com\/es\/#\/schema\/logo\/image\/"},"sameAs":["https:\/\/www.facebook.com\/datingrussianbrides\/","https:\/\/x.com\/t4388388833","https:\/\/www.instagram.com\/agenceukreine\/","https:\/\/www.pinterest.com\/dbereznyakov\/","https:\/\/www.youtube.com\/channel\/UC5lMwPhy20E8Bti0mQL43UA"]}]}},"_links":{"self":[{"href":"https:\/\/ukreine.com\/es\/wp-json\/wp\/v2\/pages\/1041274","targetHints":{"allow":["GET"]}}],"collection":[{"href":"https:\/\/ukreine.com\/es\/wp-json\/wp\/v2\/pages"}],"about":[{"href":"https:\/\/ukreine.com\/es\/wp-json\/wp\/v2\/types\/page"}],"author":[{"embeddable":true,"href":"https:\/\/ukreine.com\/es\/wp-json\/wp\/v2\/users\/54"}],"replies":[{"embeddable":true,"href":"https:\/\/ukreine.com\/es\/wp-json\/wp\/v2\/comments?post=1041274"}],"version-history":[{"count":1,"href":"https:\/\/ukreine.com\/es\/wp-json\/wp\/v2\/pages\/1041274\/revisions"}],"predecessor-version":[{"id":1041275,"href":"https:\/\/ukreine.com\/es\/wp-json\/wp\/v2\/pages\/1041274\/revisions\/1041275"}],"wp:attachment":[{"href":"https:\/\/ukreine.com\/es\/wp-json\/wp\/v2\/media?parent=1041274"}],"curies":[{"name":"wp","href":"https:\/\/api.w.org\/{rel}","templated":true}]}}