{"id":1041132,"date":"2025-12-09T17:09:02","date_gmt":"2025-12-09T17:09:02","guid":{"rendered":"https:\/\/ukreine.com\/?page_id=1041132"},"modified":"2025-12-09T17:09:36","modified_gmt":"2025-12-09T17:09:36","slug":"cuales-son-las-probabilidades-de-conocer-a-una-mujer-ucraniana-que-ya-vive-en-espana","status":"publish","type":"page","link":"https:\/\/ukreine.com\/es\/cuales-son-las-probabilidades-de-conocer-a-una-mujer-ucraniana-que-ya-vive-en-espana\/","title":{"rendered":"\u00bfCu\u00e1les son las probabilidades de conocer a una mujer ucraniana que ya vive en Espa\u00f1a?"},"content":{"rendered":"<p data-start=\"2285\" data-end=\"2467\">Por supuesto, la cantidad de mujeres rusas solteras que viven en Espa\u00f1a u otro pa\u00eds no es comparable con la cantidad de mujeres ucranianas que a\u00fan est\u00e1n en Ucrania.<\/p>\n<p data-start=\"2469\" data-end=\"2724\">Por cada mujer ucraniana atractiva que ya est\u00e1 en Espa\u00f1a u otro pa\u00eds, hay aproximadamente 3 hombres interesados. En cambio, si la mujer todav\u00eda est\u00e1 en Ucrania, la proporci\u00f3n es de 3 mujeres por 1 hombre, as\u00ed que la diferencia es enorme.<\/p>\n<p data-start=\"2726\" data-end=\"3170\">Por lo tanto, si una mujer ucraniana ya est\u00e1 en Espa\u00f1a, es ella quien elige: el hombre no debe ser mayor que ella (m\u00e1ximo 3\u20135 a\u00f1os de diferencia), debe vivir en una gran ciudad, ser atractivo, deportivo, tener ingresos por encima del promedio, poseer una casa\u2026 en resumen, todas las exigencias de la vida occidental que a menudo hacen que las mujeres ucranianas ya instaladas en un pa\u00eds occidental pierdan sus valores familiares tradicionales.<\/p>\n<p data-start=\"3172\" data-end=\"3306\">En cambio, una mujer que a\u00fan vive en Ucrania aceptar\u00e1 una diferencia de edad de hasta 15 a\u00f1os y se interesar\u00e1 m\u00e1s por su personalidad.<\/p>\n<p data-start=\"3308\" data-end=\"3433\">Adem\u00e1s, incluso con un ingreso modesto en Espa\u00f1a, usted supera ampliamente el ingreso medio de un hombre ucraniano.<\/p>\n<p data-start=\"3435\" data-end=\"3489\"><strong data-start=\"3435\" data-end=\"3489\">Ventajas si la mujer ucraniana ya est\u00e1 en Espa\u00f1a:<\/strong><\/p>\n<ul data-start=\"3491\" data-end=\"3539\">\n<li data-start=\"3491\" data-end=\"3511\">\n<p data-start=\"3493\" data-end=\"3511\">Ya habla franc\u00e9s<\/p>\n<\/li>\n<li data-start=\"3512\" data-end=\"3539\">\n<p data-start=\"3514\" data-end=\"3539\">Puede ya tener un trabajo<\/p>\n<\/li>\n<\/ul>\n<p data-start=\"3541\" data-end=\"3598\"><strong data-start=\"3541\" data-end=\"3598\">Desventajas si la mujer ucraniana ya est\u00e1 en Espa\u00f1a:<\/strong><\/p>\n<ul data-start=\"3600\" data-end=\"3669\">\n<li data-start=\"3600\" data-end=\"3621\">\n<p data-start=\"3602\" data-end=\"3621\">Mayor competencia<\/p>\n<\/li>\n<li data-start=\"3622\" data-end=\"3669\">\n<p data-start=\"3624\" data-end=\"3669\">La mujer puede estar arraigada en Espa\u00f1a<\/p>\n<\/li>\n<\/ul>\n<p data-start=\"3671\" data-end=\"3726\"><strong data-start=\"3671\" data-end=\"3726\">Ventajas si la mujer ucraniana a\u00fan est\u00e1 en Ucrania:<\/strong><\/p>\n<ul data-start=\"3728\" data-end=\"3916\">\n<li data-start=\"3728\" data-end=\"3849\">\n<p data-start=\"3730\" data-end=\"3849\">M\u00e1s opciones y menos competencia, por lo tanto m\u00e1s mujeres que corresponden a sus criterios y una mayor tasa de \u00e9xito<\/p>\n<\/li>\n<li data-start=\"3850\" data-end=\"3916\">\n<p data-start=\"3852\" data-end=\"3916\">M\u00e1s posibilidades de conocer una mujer con valores tradicionales<\/p>\n<\/li>\n<\/ul>\n<p data-start=\"3918\" data-end=\"3976\"><strong data-start=\"3918\" data-end=\"3976\">Desventajas si la mujer ucraniana a\u00fan est\u00e1 en Ucrania:<\/strong><\/p>\n<ul data-start=\"3978\" data-end=\"4120\">\n<li data-start=\"3978\" data-end=\"4047\">\n<p data-start=\"3980\" data-end=\"4047\">Problemas de comunicaci\u00f3n oral en la primera etapa de la relaci\u00f3n<\/p>\n<\/li>\n<li data-start=\"4048\" data-end=\"4120\">\n<p data-start=\"4050\" data-end=\"4120\">Tr\u00e1mites administrativos para que la mujer pueda instalarse en su pa\u00eds<\/p>\n<\/li>\n<\/ul>\n<p data-start=\"4122\" data-end=\"4137\"><strong data-start=\"4122\" data-end=\"4137\">Conclusi\u00f3n:<\/strong><\/p>\n<p data-start=\"4139\" data-end=\"4396\">Siempre aconsejamos a nuestros clientes enfocarse en los criterios fundamentales: edad, apariencia, car\u00e1cter, profesi\u00f3n, etc., y prestar menos atenci\u00f3n a los criterios f\u00e1cilmente modificables: ubicaci\u00f3n actual, nivel de idioma actual, color de cabello, etc.<\/p>\n","protected":false},"excerpt":{"rendered":"<p>Por supuesto, la cantidad de mujeres rusas solteras que viven en Espa\u00f1a u otro pa\u00eds no es comparable con la cantidad de mujeres ucranianas que a\u00fan est\u00e1n en Ucrania. Por cada mujer ucraniana atractiva que ya est\u00e1 en Espa\u00f1a u otro pa\u00eds, hay aproximadamente 3 hombres interesados. En cambio, si la mujer todav\u00eda est\u00e1 en [&hellip;]<\/p>\n","protected":false},"author":54,"featured_media":0,"parent":0,"menu_order":0,"comment_status":"closed","ping_status":"closed","template":"","meta":{"_acf_changed":false,"footnotes":""},"class_list":["post-1041132","page","type-page","status-publish","hentry"],"acf":[],"yoast_head":"<!-- This site is optimized with the Yoast SEO Premium plugin v25.5 (Yoast SEO v27.2) - https:\/\/yoast.com\/product\/yoast-seo-premium-wordpress\/ -->\n<title>conocer a una mujer ucraniana que ya vive en Espa\u00f1a?<\/title>\n<meta name=\"description\" content=\"\u00bfCu\u00e1les son las probabilidades de conocer a una mujer ucraniana que ya vive en Espa\u00f1a?\" \/>\n<meta name=\"robots\" content=\"index, follow, max-snippet:-1, max-image-preview:large, max-video-preview:-1\" \/>\n<link rel=\"canonical\" href=\"https:\/\/ukreine.com\/es\/cuales-son-las-probabilidades-de-conocer-a-una-mujer-ucraniana-que-ya-vive-en-espana\/\" \/>\n<meta property=\"og:locale\" content=\"es_ES\" \/>\n<meta property=\"og:type\" content=\"article\" \/>\n<meta property=\"og:title\" content=\"\u00bfCu\u00e1les son las probabilidades de conocer a una mujer ucraniana que ya vive en Espa\u00f1a?\" \/>\n<meta property=\"og:description\" content=\"\u00bfCu\u00e1les son las probabilidades de conocer a una mujer ucraniana que ya vive en Espa\u00f1a?\" \/>\n<meta property=\"og:url\" content=\"https:\/\/ukreine.com\/es\/cuales-son-las-probabilidades-de-conocer-a-una-mujer-ucraniana-que-ya-vive-en-espana\/\" \/>\n<meta property=\"og:site_name\" content=\"Ukreine\" \/>\n<meta property=\"article:publisher\" content=\"https:\/\/www.facebook.com\/datingrussianbrides\/\" \/>\n<meta property=\"article:modified_time\" content=\"2025-12-09T17:09:36+00:00\" \/>\n<meta name=\"twitter:card\" content=\"summary_large_image\" \/>\n<meta name=\"twitter:site\" content=\"@t4388388833\" \/>\n<meta name=\"twitter:label1\" content=\"Tiempo de lectura\" \/>\n\t<meta name=\"twitter:data1\" content=\"2 minutos\" \/>\n<script type=\"application\/ld+json\" class=\"yoast-schema-graph\">{\"@context\":\"https:\/\/schema.org\",\"@graph\":[{\"@type\":\"WebPage\",\"@id\":\"https:\/\/ukreine.com\/es\/cuales-son-las-probabilidades-de-conocer-a-una-mujer-ucraniana-que-ya-vive-en-espana\/\",\"url\":\"https:\/\/ukreine.com\/es\/cuales-son-las-probabilidades-de-conocer-a-una-mujer-ucraniana-que-ya-vive-en-espana\/\",\"name\":\"conocer a una mujer ucraniana que ya vive en Espa\u00f1a?\",\"isPartOf\":{\"@id\":\"https:\/\/ukreine.com\/es\/#website\"},\"datePublished\":\"2025-12-09T17:09:02+00:00\",\"dateModified\":\"2025-12-09T17:09:36+00:00\",\"description\":\"\u00bfCu\u00e1les son las probabilidades de conocer a una mujer ucraniana que ya vive en Espa\u00f1a?\",\"breadcrumb\":{\"@id\":\"https:\/\/ukreine.com\/es\/cuales-son-las-probabilidades-de-conocer-a-una-mujer-ucraniana-que-ya-vive-en-espana\/#breadcrumb\"},\"inLanguage\":\"es\",\"potentialAction\":[{\"@type\":\"ReadAction\",\"target\":[\"https:\/\/ukreine.com\/es\/cuales-son-las-probabilidades-de-conocer-a-una-mujer-ucraniana-que-ya-vive-en-espana\/\"]}]},{\"@type\":\"BreadcrumbList\",\"@id\":\"https:\/\/ukreine.com\/es\/cuales-son-las-probabilidades-de-conocer-a-una-mujer-ucraniana-que-ya-vive-en-espana\/#breadcrumb\",\"itemListElement\":[{\"@type\":\"ListItem\",\"position\":1,\"name\":\"Home\",\"item\":\"https:\/\/ukreine.com\/es\/\"},{\"@type\":\"ListItem\",\"position\":2,\"name\":\"\u00bfCu\u00e1les son las probabilidades de conocer a una mujer ucraniana que ya vive en Espa\u00f1a?\"}]},{\"@type\":\"WebSite\",\"@id\":\"https:\/\/ukreine.com\/es\/#website\",\"url\":\"https:\/\/ukreine.com\/es\/\",\"name\":\"Ukreine\",\"description\":\"\",\"publisher\":{\"@id\":\"https:\/\/ukreine.com\/es\/#organization\"},\"potentialAction\":[{\"@type\":\"SearchAction\",\"target\":{\"@type\":\"EntryPoint\",\"urlTemplate\":\"https:\/\/ukreine.com\/es\/?s={search_term_string}\"},\"query-input\":{\"@type\":\"PropertyValueSpecification\",\"valueRequired\":true,\"valueName\":\"search_term_string\"}}],\"inLanguage\":\"es\"},{\"@type\":\"Organization\",\"@id\":\"https:\/\/ukreine.com\/es\/#organization\",\"name\":\"Ukreine\",\"url\":\"https:\/\/ukreine.com\/es\/\",\"logo\":{\"@type\":\"ImageObject\",\"inLanguage\":\"es\",\"@id\":\"https:\/\/ukreine.com\/es\/#\/schema\/logo\/image\/\",\"url\":\"https:\/\/ukreine.com\/wp-content\/uploads\/2018\/05\/logo.png\",\"contentUrl\":\"https:\/\/ukreine.com\/wp-content\/uploads\/2018\/05\/logo.png\",\"width\":325,\"height\":69,\"caption\":\"Ukreine\"},\"image\":{\"@id\":\"https:\/\/ukreine.com\/es\/#\/schema\/logo\/image\/\"},\"sameAs\":[\"https:\/\/www.facebook.com\/datingrussianbrides\/\",\"https:\/\/x.com\/t4388388833\",\"https:\/\/www.instagram.com\/agenceukreine\/\",\"https:\/\/www.pinterest.com\/dbereznyakov\/\",\"https:\/\/www.youtube.com\/channel\/UC5lMwPhy20E8Bti0mQL43UA\"]}]}<\/script>\n<!-- \/ Yoast SEO Premium plugin. -->","yoast_head_json":{"title":"conocer a una mujer ucraniana que ya vive en Espa\u00f1a?","description":"\u00bfCu\u00e1les son las probabilidades de conocer a una mujer ucraniana que ya vive en Espa\u00f1a?","robots":{"index":"index","follow":"follow","max-snippet":"max-snippet:-1","max-image-preview":"max-image-preview:large","max-video-preview":"max-video-preview:-1"},"canonical":"https:\/\/ukreine.com\/es\/cuales-son-las-probabilidades-de-conocer-a-una-mujer-ucraniana-que-ya-vive-en-espana\/","og_locale":"es_ES","og_type":"article","og_title":"\u00bfCu\u00e1les son las probabilidades de conocer a una mujer ucraniana que ya vive en Espa\u00f1a?","og_description":"\u00bfCu\u00e1les son las probabilidades de conocer a una mujer ucraniana que ya vive en Espa\u00f1a?","og_url":"https:\/\/ukreine.com\/es\/cuales-son-las-probabilidades-de-conocer-a-una-mujer-ucraniana-que-ya-vive-en-espana\/","og_site_name":"Ukreine","article_publisher":"https:\/\/www.facebook.com\/datingrussianbrides\/","article_modified_time":"2025-12-09T17:09:36+00:00","twitter_card":"summary_large_image","twitter_site":"@t4388388833","twitter_misc":{"Tiempo de lectura":"2 minutos"},"schema":{"@context":"https:\/\/schema.org","@graph":[{"@type":"WebPage","@id":"https:\/\/ukreine.com\/es\/cuales-son-las-probabilidades-de-conocer-a-una-mujer-ucraniana-que-ya-vive-en-espana\/","url":"https:\/\/ukreine.com\/es\/cuales-son-las-probabilidades-de-conocer-a-una-mujer-ucraniana-que-ya-vive-en-espana\/","name":"conocer a una mujer ucraniana que ya vive en Espa\u00f1a?","isPartOf":{"@id":"https:\/\/ukreine.com\/es\/#website"},"datePublished":"2025-12-09T17:09:02+00:00","dateModified":"2025-12-09T17:09:36+00:00","description":"\u00bfCu\u00e1les son las probabilidades de conocer a una mujer ucraniana que ya vive en Espa\u00f1a?","breadcrumb":{"@id":"https:\/\/ukreine.com\/es\/cuales-son-las-probabilidades-de-conocer-a-una-mujer-ucraniana-que-ya-vive-en-espana\/#breadcrumb"},"inLanguage":"es","potentialAction":[{"@type":"ReadAction","target":["https:\/\/ukreine.com\/es\/cuales-son-las-probabilidades-de-conocer-a-una-mujer-ucraniana-que-ya-vive-en-espana\/"]}]},{"@type":"BreadcrumbList","@id":"https:\/\/ukreine.com\/es\/cuales-son-las-probabilidades-de-conocer-a-una-mujer-ucraniana-que-ya-vive-en-espana\/#breadcrumb","itemListElement":[{"@type":"ListItem","position":1,"name":"Home","item":"https:\/\/ukreine.com\/es\/"},{"@type":"ListItem","position":2,"name":"\u00bfCu\u00e1les son las probabilidades de conocer a una mujer ucraniana que ya vive en Espa\u00f1a?"}]},{"@type":"WebSite","@id":"https:\/\/ukreine.com\/es\/#website","url":"https:\/\/ukreine.com\/es\/","name":"Ukreine","description":"","publisher":{"@id":"https:\/\/ukreine.com\/es\/#organization"},"potentialAction":[{"@type":"SearchAction","target":{"@type":"EntryPoint","urlTemplate":"https:\/\/ukreine.com\/es\/?s={search_term_string}"},"query-input":{"@type":"PropertyValueSpecification","valueRequired":true,"valueName":"search_term_string"}}],"inLanguage":"es"},{"@type":"Organization","@id":"https:\/\/ukreine.com\/es\/#organization","name":"Ukreine","url":"https:\/\/ukreine.com\/es\/","logo":{"@type":"ImageObject","inLanguage":"es","@id":"https:\/\/ukreine.com\/es\/#\/schema\/logo\/image\/","url":"https:\/\/ukreine.com\/wp-content\/uploads\/2018\/05\/logo.png","contentUrl":"https:\/\/ukreine.com\/wp-content\/uploads\/2018\/05\/logo.png","width":325,"height":69,"caption":"Ukreine"},"image":{"@id":"https:\/\/ukreine.com\/es\/#\/schema\/logo\/image\/"},"sameAs":["https:\/\/www.facebook.com\/datingrussianbrides\/","https:\/\/x.com\/t4388388833","https:\/\/www.instagram.com\/agenceukreine\/","https:\/\/www.pinterest.com\/dbereznyakov\/","https:\/\/www.youtube.com\/channel\/UC5lMwPhy20E8Bti0mQL43UA"]}]}},"_links":{"self":[{"href":"https:\/\/ukreine.com\/es\/wp-json\/wp\/v2\/pages\/1041132","targetHints":{"allow":["GET"]}}],"collection":[{"href":"https:\/\/ukreine.com\/es\/wp-json\/wp\/v2\/pages"}],"about":[{"href":"https:\/\/ukreine.com\/es\/wp-json\/wp\/v2\/types\/page"}],"author":[{"embeddable":true,"href":"https:\/\/ukreine.com\/es\/wp-json\/wp\/v2\/users\/54"}],"replies":[{"embeddable":true,"href":"https:\/\/ukreine.com\/es\/wp-json\/wp\/v2\/comments?post=1041132"}],"version-history":[{"count":2,"href":"https:\/\/ukreine.com\/es\/wp-json\/wp\/v2\/pages\/1041132\/revisions"}],"predecessor-version":[{"id":1041134,"href":"https:\/\/ukreine.com\/es\/wp-json\/wp\/v2\/pages\/1041132\/revisions\/1041134"}],"wp:attachment":[{"href":"https:\/\/ukreine.com\/es\/wp-json\/wp\/v2\/media?parent=1041132"}],"curies":[{"name":"wp","href":"https:\/\/api.w.org\/{rel}","templated":true}]}}