{"id":1040843,"date":"2025-12-09T03:45:43","date_gmt":"2025-12-09T03:45:43","guid":{"rendered":"https:\/\/ukreine.com\/?page_id=1040843"},"modified":"2025-12-09T03:45:46","modified_gmt":"2025-12-09T03:45:46","slug":"puedo-contactar-directamente-a-una-mujer-rusa-o-ucraniana","status":"publish","type":"page","link":"https:\/\/ukreine.com\/es\/puedo-contactar-directamente-a-una-mujer-rusa-o-ucraniana\/","title":{"rendered":"\u00bfPuedo contactar directamente a una mujer rusa o ucraniana?"},"content":{"rendered":"<p data-start=\"2119\" data-end=\"2274\"><br data-start=\"2182\" data-end=\"2185\" \/><strong>El objetivo de nuestra agencia coincide al 100% con las necesidades de nuestros clientes:<\/strong><\/p>\n<ul data-start=\"2276\" data-end=\"2530\">\n<li data-start=\"2276\" data-end=\"2350\">\n<p data-start=\"2278\" data-end=\"2350\">Fomentamos un intercambio r\u00e1pido de contactos directos con las mujeres<\/p>\n<\/li>\n<li data-start=\"2351\" data-end=\"2433\">\n<p data-start=\"2353\" data-end=\"2433\">No limitamos a los hombres en la cantidad de contactos que pueden intercambiar<\/p>\n<\/li>\n<li data-start=\"2434\" data-end=\"2530\">\n<p data-start=\"2436\" data-end=\"2530\">Ofrecemos nuestros paquetes durante un tiempo suficiente para alcanzar un resultado positivo<\/p>\n<\/li>\n<\/ul>\n<p data-start=\"2532\" data-end=\"2649\"><strong data-start=\"2532\" data-end=\"2649\">Entonces, \u00bfpor qu\u00e9 no est\u00e1 permitido intercambiar contactos directos en los mensajes enviados a trav\u00e9s del sitio?<\/strong><\/p>\n<p data-start=\"2651\" data-end=\"2834\">El prop\u00f3sito de esta etapa es sencillo: los mensajes tienen un \u00fanico objetivo \u2014 permitir que los hombres descubran si las mujeres que les interesan tambi\u00e9n est\u00e1n interesadas en ellos.<\/p>\n<p data-start=\"2836\" data-end=\"3319\">Ya existen suficientes servicios de citas gratuitos saturados de perfiles femeninos falsos y de hombres no serios que buscan \u00fanicamente relaciones ocasionales.<br data-start=\"2995\" data-end=\"2998\" \/>Nosotros invertimos mucho en buscar, verificar e entrevistar a mujeres ucranianas solteras para seleccionar \u00fanicamente a las m\u00e1s atractivas, serias y motivadas. Conservamos sus perfiles exclusivamente para hombres serios que buscan una relaci\u00f3n a largo plazo, con el fin de garantizarles el mayor \u00edndice de \u00e9xito posible.<\/p>\n<p data-start=\"3321\" data-end=\"3393\"><strong data-start=\"3321\" data-end=\"3393\">\u00bfC\u00f3mo proceder para intercambiar contactos directos con las mujeres?<\/strong><\/p>\n<p data-start=\"3395\" data-end=\"3707\">Una vez que haya identificado a la mujer o a las mujeres que le interesan y que tambi\u00e9n muestran inter\u00e9s en usted, contrata uno <a href=\"https:\/\/ukreine.com\/es\/cambio-contacto-mujer-ucrania\/\">de nuestros paquetes<\/a> y contacta a su asistente personal, quien le proporcionar\u00e1 los contactos de las mujeres, har\u00e1 el seguimiento y promocionar\u00e1 su perfil cuando una mujer le interese.<\/p>\n<p data-start=\"3709\" data-end=\"3753\"><strong data-start=\"3709\" data-end=\"3753\">\u00bfCu\u00e1les son las probabilidades de \u00e9xito?<\/strong><\/p>\n<p data-start=\"3755\" data-end=\"3976\">En primer lugar, casi 30 a\u00f1os de experiencia nos han permitido desarrollar paquetes cuya duraci\u00f3n, la proporci\u00f3n hombres-mujeres y el n\u00famero de intercambios de contactos posibles ofrecen una tasa de \u00e9xito superior al 80%.<\/p>\n<p data-start=\"3978\" data-end=\"4214\">Esta tasa elevada tambi\u00e9n se explica por el hecho de que nuestro papel es promover a cada uno de nuestros clientes, ya que estamos en contacto permanente con las mujeres y nuestra opini\u00f3n cuenta mucho en la primera etapa de la relaci\u00f3n.<\/p>\n","protected":false},"excerpt":{"rendered":"<p>El objetivo de nuestra agencia coincide al 100% con las necesidades de nuestros clientes: Fomentamos un intercambio r\u00e1pido de contactos directos con las mujeres No limitamos a los hombres en la cantidad de contactos que pueden intercambiar Ofrecemos nuestros paquetes durante un tiempo suficiente para alcanzar un resultado positivo Entonces, \u00bfpor qu\u00e9 no est\u00e1 permitido [&hellip;]<\/p>\n","protected":false},"author":54,"featured_media":0,"parent":0,"menu_order":0,"comment_status":"closed","ping_status":"closed","template":"","meta":{"_acf_changed":false,"footnotes":""},"class_list":["post-1040843","page","type-page","status-publish","hentry"],"acf":[],"yoast_head":"<!-- This site is optimized with the Yoast SEO Premium plugin v25.5 (Yoast SEO v27.2) - https:\/\/yoast.com\/product\/yoast-seo-premium-wordpress\/ -->\n<title>\u00bfComo contactar directamente a una mujer rusa o ucraniana?<\/title>\n<meta name=\"description\" content=\"El objetivo de nuestra agencia coincide al 100% con las necesidades de nuestros clientes:Fomentamos un intercambio r\u00e1pido de contactos directos con las mujeres\" \/>\n<meta name=\"robots\" content=\"index, follow, max-snippet:-1, max-image-preview:large, max-video-preview:-1\" \/>\n<link rel=\"canonical\" href=\"https:\/\/ukreine.com\/es\/puedo-contactar-directamente-a-una-mujer-rusa-o-ucraniana\/\" \/>\n<meta property=\"og:locale\" content=\"es_ES\" \/>\n<meta property=\"og:type\" content=\"article\" \/>\n<meta property=\"og:title\" content=\"\u00bfPuedo contactar directamente a una mujer rusa o ucraniana?\" \/>\n<meta property=\"og:description\" content=\"El objetivo de nuestra agencia coincide al 100% con las necesidades de nuestros clientes:Fomentamos un intercambio r\u00e1pido de contactos directos con las mujeres\" \/>\n<meta property=\"og:url\" content=\"https:\/\/ukreine.com\/es\/puedo-contactar-directamente-a-una-mujer-rusa-o-ucraniana\/\" \/>\n<meta property=\"og:site_name\" content=\"Ukreine\" \/>\n<meta property=\"article:publisher\" content=\"https:\/\/www.facebook.com\/datingrussianbrides\/\" \/>\n<meta property=\"article:modified_time\" content=\"2025-12-09T03:45:46+00:00\" \/>\n<meta name=\"twitter:card\" content=\"summary_large_image\" \/>\n<meta name=\"twitter:site\" content=\"@t4388388833\" \/>\n<meta name=\"twitter:label1\" content=\"Tiempo de lectura\" \/>\n\t<meta name=\"twitter:data1\" content=\"2 minutos\" \/>\n<script type=\"application\/ld+json\" class=\"yoast-schema-graph\">{\"@context\":\"https:\/\/schema.org\",\"@graph\":[{\"@type\":\"WebPage\",\"@id\":\"https:\/\/ukreine.com\/es\/puedo-contactar-directamente-a-una-mujer-rusa-o-ucraniana\/\",\"url\":\"https:\/\/ukreine.com\/es\/puedo-contactar-directamente-a-una-mujer-rusa-o-ucraniana\/\",\"name\":\"\u00bfComo contactar directamente a una mujer rusa o ucraniana?\",\"isPartOf\":{\"@id\":\"https:\/\/ukreine.com\/es\/#website\"},\"datePublished\":\"2025-12-09T03:45:43+00:00\",\"dateModified\":\"2025-12-09T03:45:46+00:00\",\"description\":\"El objetivo de nuestra agencia coincide al 100% con las necesidades de nuestros clientes:Fomentamos un intercambio r\u00e1pido de contactos directos con las mujeres\",\"breadcrumb\":{\"@id\":\"https:\/\/ukreine.com\/es\/puedo-contactar-directamente-a-una-mujer-rusa-o-ucraniana\/#breadcrumb\"},\"inLanguage\":\"es\",\"potentialAction\":[{\"@type\":\"ReadAction\",\"target\":[\"https:\/\/ukreine.com\/es\/puedo-contactar-directamente-a-una-mujer-rusa-o-ucraniana\/\"]}]},{\"@type\":\"BreadcrumbList\",\"@id\":\"https:\/\/ukreine.com\/es\/puedo-contactar-directamente-a-una-mujer-rusa-o-ucraniana\/#breadcrumb\",\"itemListElement\":[{\"@type\":\"ListItem\",\"position\":1,\"name\":\"Home\",\"item\":\"https:\/\/ukreine.com\/es\/\"},{\"@type\":\"ListItem\",\"position\":2,\"name\":\"\u00bfPuedo contactar directamente a una mujer rusa o ucraniana?\"}]},{\"@type\":\"WebSite\",\"@id\":\"https:\/\/ukreine.com\/es\/#website\",\"url\":\"https:\/\/ukreine.com\/es\/\",\"name\":\"Ukreine\",\"description\":\"\",\"publisher\":{\"@id\":\"https:\/\/ukreine.com\/es\/#organization\"},\"potentialAction\":[{\"@type\":\"SearchAction\",\"target\":{\"@type\":\"EntryPoint\",\"urlTemplate\":\"https:\/\/ukreine.com\/es\/?s={search_term_string}\"},\"query-input\":{\"@type\":\"PropertyValueSpecification\",\"valueRequired\":true,\"valueName\":\"search_term_string\"}}],\"inLanguage\":\"es\"},{\"@type\":\"Organization\",\"@id\":\"https:\/\/ukreine.com\/es\/#organization\",\"name\":\"Ukreine\",\"url\":\"https:\/\/ukreine.com\/es\/\",\"logo\":{\"@type\":\"ImageObject\",\"inLanguage\":\"es\",\"@id\":\"https:\/\/ukreine.com\/es\/#\/schema\/logo\/image\/\",\"url\":\"https:\/\/ukreine.com\/wp-content\/uploads\/2018\/05\/logo.png\",\"contentUrl\":\"https:\/\/ukreine.com\/wp-content\/uploads\/2018\/05\/logo.png\",\"width\":325,\"height\":69,\"caption\":\"Ukreine\"},\"image\":{\"@id\":\"https:\/\/ukreine.com\/es\/#\/schema\/logo\/image\/\"},\"sameAs\":[\"https:\/\/www.facebook.com\/datingrussianbrides\/\",\"https:\/\/x.com\/t4388388833\",\"https:\/\/www.instagram.com\/agenceukreine\/\",\"https:\/\/www.pinterest.com\/dbereznyakov\/\",\"https:\/\/www.youtube.com\/channel\/UC5lMwPhy20E8Bti0mQL43UA\"]}]}<\/script>\n<!-- \/ Yoast SEO Premium plugin. -->","yoast_head_json":{"title":"\u00bfComo contactar directamente a una mujer rusa o ucraniana?","description":"El objetivo de nuestra agencia coincide al 100% con las necesidades de nuestros clientes:Fomentamos un intercambio r\u00e1pido de contactos directos con las mujeres","robots":{"index":"index","follow":"follow","max-snippet":"max-snippet:-1","max-image-preview":"max-image-preview:large","max-video-preview":"max-video-preview:-1"},"canonical":"https:\/\/ukreine.com\/es\/puedo-contactar-directamente-a-una-mujer-rusa-o-ucraniana\/","og_locale":"es_ES","og_type":"article","og_title":"\u00bfPuedo contactar directamente a una mujer rusa o ucraniana?","og_description":"El objetivo de nuestra agencia coincide al 100% con las necesidades de nuestros clientes:Fomentamos un intercambio r\u00e1pido de contactos directos con las mujeres","og_url":"https:\/\/ukreine.com\/es\/puedo-contactar-directamente-a-una-mujer-rusa-o-ucraniana\/","og_site_name":"Ukreine","article_publisher":"https:\/\/www.facebook.com\/datingrussianbrides\/","article_modified_time":"2025-12-09T03:45:46+00:00","twitter_card":"summary_large_image","twitter_site":"@t4388388833","twitter_misc":{"Tiempo de lectura":"2 minutos"},"schema":{"@context":"https:\/\/schema.org","@graph":[{"@type":"WebPage","@id":"https:\/\/ukreine.com\/es\/puedo-contactar-directamente-a-una-mujer-rusa-o-ucraniana\/","url":"https:\/\/ukreine.com\/es\/puedo-contactar-directamente-a-una-mujer-rusa-o-ucraniana\/","name":"\u00bfComo contactar directamente a una mujer rusa o ucraniana?","isPartOf":{"@id":"https:\/\/ukreine.com\/es\/#website"},"datePublished":"2025-12-09T03:45:43+00:00","dateModified":"2025-12-09T03:45:46+00:00","description":"El objetivo de nuestra agencia coincide al 100% con las necesidades de nuestros clientes:Fomentamos un intercambio r\u00e1pido de contactos directos con las mujeres","breadcrumb":{"@id":"https:\/\/ukreine.com\/es\/puedo-contactar-directamente-a-una-mujer-rusa-o-ucraniana\/#breadcrumb"},"inLanguage":"es","potentialAction":[{"@type":"ReadAction","target":["https:\/\/ukreine.com\/es\/puedo-contactar-directamente-a-una-mujer-rusa-o-ucraniana\/"]}]},{"@type":"BreadcrumbList","@id":"https:\/\/ukreine.com\/es\/puedo-contactar-directamente-a-una-mujer-rusa-o-ucraniana\/#breadcrumb","itemListElement":[{"@type":"ListItem","position":1,"name":"Home","item":"https:\/\/ukreine.com\/es\/"},{"@type":"ListItem","position":2,"name":"\u00bfPuedo contactar directamente a una mujer rusa o ucraniana?"}]},{"@type":"WebSite","@id":"https:\/\/ukreine.com\/es\/#website","url":"https:\/\/ukreine.com\/es\/","name":"Ukreine","description":"","publisher":{"@id":"https:\/\/ukreine.com\/es\/#organization"},"potentialAction":[{"@type":"SearchAction","target":{"@type":"EntryPoint","urlTemplate":"https:\/\/ukreine.com\/es\/?s={search_term_string}"},"query-input":{"@type":"PropertyValueSpecification","valueRequired":true,"valueName":"search_term_string"}}],"inLanguage":"es"},{"@type":"Organization","@id":"https:\/\/ukreine.com\/es\/#organization","name":"Ukreine","url":"https:\/\/ukreine.com\/es\/","logo":{"@type":"ImageObject","inLanguage":"es","@id":"https:\/\/ukreine.com\/es\/#\/schema\/logo\/image\/","url":"https:\/\/ukreine.com\/wp-content\/uploads\/2018\/05\/logo.png","contentUrl":"https:\/\/ukreine.com\/wp-content\/uploads\/2018\/05\/logo.png","width":325,"height":69,"caption":"Ukreine"},"image":{"@id":"https:\/\/ukreine.com\/es\/#\/schema\/logo\/image\/"},"sameAs":["https:\/\/www.facebook.com\/datingrussianbrides\/","https:\/\/x.com\/t4388388833","https:\/\/www.instagram.com\/agenceukreine\/","https:\/\/www.pinterest.com\/dbereznyakov\/","https:\/\/www.youtube.com\/channel\/UC5lMwPhy20E8Bti0mQL43UA"]}]}},"_links":{"self":[{"href":"https:\/\/ukreine.com\/es\/wp-json\/wp\/v2\/pages\/1040843","targetHints":{"allow":["GET"]}}],"collection":[{"href":"https:\/\/ukreine.com\/es\/wp-json\/wp\/v2\/pages"}],"about":[{"href":"https:\/\/ukreine.com\/es\/wp-json\/wp\/v2\/types\/page"}],"author":[{"embeddable":true,"href":"https:\/\/ukreine.com\/es\/wp-json\/wp\/v2\/users\/54"}],"replies":[{"embeddable":true,"href":"https:\/\/ukreine.com\/es\/wp-json\/wp\/v2\/comments?post=1040843"}],"version-history":[{"count":1,"href":"https:\/\/ukreine.com\/es\/wp-json\/wp\/v2\/pages\/1040843\/revisions"}],"predecessor-version":[{"id":1040844,"href":"https:\/\/ukreine.com\/es\/wp-json\/wp\/v2\/pages\/1040843\/revisions\/1040844"}],"wp:attachment":[{"href":"https:\/\/ukreine.com\/es\/wp-json\/wp\/v2\/media?parent=1040843"}],"curies":[{"name":"wp","href":"https:\/\/api.w.org\/{rel}","templated":true}]}}