{"id":1040222,"date":"2025-12-03T03:26:09","date_gmt":"2025-12-03T03:26:09","guid":{"rendered":"https:\/\/ukreine.com\/?page_id=1040222"},"modified":"2025-12-03T03:26:14","modified_gmt":"2025-12-03T03:26:14","slug":"como-iniciar-una-conversacion-con-una-mujer-ucraniana","status":"publish","type":"page","link":"https:\/\/ukreine.com\/es\/como-iniciar-una-conversacion-con-una-mujer-ucraniana\/","title":{"rendered":"C\u00f3mo iniciar una conversaci\u00f3n con una mujer ucraniana"},"content":{"rendered":"<p>Ya ha creado su perfil y lo ha completado. Ahora est\u00e1 listo para la b\u00fasqueda.<\/p>\n<p>La mejor manera de ahorrar cr\u00e9ditos y saber si la mujer est\u00e1 interesada en usted es utilizar el siguiente bot\u00f3n. Solo necesita 1 cr\u00e9dito para enviar la solicitud de inter\u00e9s.<\/p>\n<p>Cuando es nuevo en nuestro sitio, puede beneficiarse de nuestro servicio de acercamiento personal. Puede enviarnos hasta 25 identificadores (ID) a nuestro correo <a href=\"mailto:info@ukreine.com\">info@ukreine.com<\/a> o a su asistente personal. Mostraremos su informaci\u00f3n a las damas y le informaremos de sus respuestas.<\/p>\n<p>Antes de enviar la solicitud de inter\u00e9s, le recomendamos encarecidamente leer nuestros art\u00edculos en la secci\u00f3n de Preguntas Frecuentes (FAQ) y en el Blog, y ver los videos para comprender mejor la mentalidad ucraniana.<\/p>\n<p>Cuando ya sepa qu\u00e9 mujeres desean saber m\u00e1s sobre usted, puede enviarles cartas.<\/p>\n<p><img decoding=\"async\" class=\"aligncenter size-large wp-image-1040288\" src=\"https:\/\/ukreine.com\/wp-content\/uploads\/2025\/12\/Es-3.1-1024x505.png\" alt=\"como escribir a una mujer\" width=\"660\" height=\"325\" srcset=\"https:\/\/ukreine.com\/wp-content\/uploads\/2025\/12\/Es-3.1-1024x505.png 1024w, https:\/\/ukreine.com\/wp-content\/uploads\/2025\/12\/Es-3.1-200x99.png 200w, https:\/\/ukreine.com\/wp-content\/uploads\/2025\/12\/Es-3.1-768x379.png 768w, https:\/\/ukreine.com\/wp-content\/uploads\/2025\/12\/Es-3.1-1536x758.png 1536w, https:\/\/ukreine.com\/wp-content\/uploads\/2025\/12\/Es-3.1-2048x1011.png 2048w\" sizes=\"(max-width: 660px) 100vw, 660px\" \/><\/p>\n<p>Todos los mensajes son traducidos manualmente por un traductor humano. As\u00ed que puede estar seguro de que la mujer le entender\u00e1 y usted la entender\u00e1 a ella. No puede chatear con las damas en el chat, ni enviarles mensajes por SMS o correo electr\u00f3nico. Si no ha obtenido sus contactos directos, solo puede enviarle un mensaje a trav\u00e9s de nuestro sitio.<\/p>\n<p>Para enviar un mensaje, debe hacer clic en el \u00edcono del sobre en el perfil de la mujer. Cada mensaje cuesta 6 cr\u00e9ditos y cada archivo adjunto cuesta 1 cr\u00e9dito. No intente dar sus datos de contacto en las cartas. Las damas no los recibir\u00e1n de todas maneras.<\/p>\n<p><img decoding=\"async\" class=\"aligncenter size-large wp-image-1040297\" src=\"https:\/\/ukreine.com\/wp-content\/uploads\/2025\/12\/Es-3.2-1024x485.png\" alt=\"como escribir a una mujer\" width=\"660\" height=\"313\" srcset=\"https:\/\/ukreine.com\/wp-content\/uploads\/2025\/12\/Es-3.2-1024x485.png 1024w, https:\/\/ukreine.com\/wp-content\/uploads\/2025\/12\/Es-3.2-200x95.png 200w, https:\/\/ukreine.com\/wp-content\/uploads\/2025\/12\/Es-3.2-768x364.png 768w, https:\/\/ukreine.com\/wp-content\/uploads\/2025\/12\/Es-3.2-1536x728.png 1536w, https:\/\/ukreine.com\/wp-content\/uploads\/2025\/12\/Es-3.2-2048x970.png 2048w\" sizes=\"(max-width: 660px) 100vw, 660px\" \/><\/p>\n<p>Despu\u00e9s, ver\u00e1 la siguiente p\u00e1gina. Escriba su carta y env\u00edesela a la dama.<\/p>\n<p>Despu\u00e9s de 1 a 3 d\u00edas, recibir\u00e1 la respuesta. Puede encontrarla en su buz\u00f3n de mensajes.<\/p>\n<p>Ahora ya sabe todo lo necesario para comenzar una conversaci\u00f3n.<\/p>\n<p>Esta no es la \u00fanica manera de contactar a las mujeres. Tambi\u00e9n puede organizar una videoconferencia o intercambiar contactos directos con las mujeres.<\/p>\n<p>\u00a1Le deseamos mucha suerte en su camino hacia una vida familiar feliz!<\/p>\n<p>Si a\u00fan tiene preguntas, consulte otros art\u00edculos en nuestra secci\u00f3n de Preguntas Frecuentes (FAQ).<\/p>\n<hr \/>\n","protected":false},"excerpt":{"rendered":"<p>Ya ha creado su perfil y lo ha completado. Ahora est\u00e1 listo para la b\u00fasqueda. La mejor manera de ahorrar cr\u00e9ditos y saber si la mujer est\u00e1 interesada en usted es utilizar el siguiente bot\u00f3n. Solo necesita 1 cr\u00e9dito para enviar la solicitud de inter\u00e9s. Cuando es nuevo en nuestro sitio, puede beneficiarse de nuestro [&hellip;]<\/p>\n","protected":false},"author":54,"featured_media":0,"parent":0,"menu_order":0,"comment_status":"closed","ping_status":"closed","template":"","meta":{"_acf_changed":false,"footnotes":""},"class_list":["post-1040222","page","type-page","status-publish","hentry"],"acf":[],"yoast_head":"<!-- This site is optimized with the Yoast SEO Premium plugin v25.5 (Yoast SEO v27.2) - https:\/\/yoast.com\/product\/yoast-seo-premium-wordpress\/ -->\n<title>C\u00f3mo iniciar una conversaci\u00f3n con una mujer ucraniana<\/title>\n<meta name=\"description\" content=\"C\u00f3mo iniciar una conversaci\u00f3n con una mujer ucraniana en nuestro sitio de encontras\" \/>\n<meta name=\"robots\" content=\"index, follow, max-snippet:-1, max-image-preview:large, max-video-preview:-1\" \/>\n<link rel=\"canonical\" href=\"https:\/\/ukreine.com\/es\/como-iniciar-una-conversacion-con-una-mujer-ucraniana\/\" \/>\n<meta property=\"og:locale\" content=\"es_ES\" \/>\n<meta property=\"og:type\" content=\"article\" \/>\n<meta property=\"og:title\" content=\"C\u00f3mo iniciar una conversaci\u00f3n con una mujer ucraniana\" \/>\n<meta property=\"og:description\" content=\"C\u00f3mo iniciar una conversaci\u00f3n con una mujer ucraniana en nuestro sitio de encontras\" \/>\n<meta property=\"og:url\" content=\"https:\/\/ukreine.com\/es\/como-iniciar-una-conversacion-con-una-mujer-ucraniana\/\" \/>\n<meta property=\"og:site_name\" content=\"Ukreine\" \/>\n<meta property=\"article:publisher\" content=\"https:\/\/www.facebook.com\/datingrussianbrides\/\" \/>\n<meta property=\"article:modified_time\" content=\"2025-12-03T03:26:14+00:00\" \/>\n<meta property=\"og:image\" content=\"https:\/\/ukreine.com\/wp-content\/uploads\/2025\/12\/Es-3.1-scaled.png\" \/>\n\t<meta property=\"og:image:width\" content=\"2560\" \/>\n\t<meta property=\"og:image:height\" content=\"1263\" \/>\n\t<meta property=\"og:image:type\" content=\"image\/png\" \/>\n<meta name=\"twitter:card\" content=\"summary_large_image\" \/>\n<meta name=\"twitter:site\" content=\"@t4388388833\" \/>\n<meta name=\"twitter:label1\" content=\"Tiempo de lectura\" \/>\n\t<meta name=\"twitter:data1\" content=\"3 minutos\" \/>\n<script type=\"application\/ld+json\" class=\"yoast-schema-graph\">{\"@context\":\"https:\/\/schema.org\",\"@graph\":[{\"@type\":\"WebPage\",\"@id\":\"https:\/\/ukreine.com\/es\/como-iniciar-una-conversacion-con-una-mujer-ucraniana\/\",\"url\":\"https:\/\/ukreine.com\/es\/como-iniciar-una-conversacion-con-una-mujer-ucraniana\/\",\"name\":\"C\u00f3mo iniciar una conversaci\u00f3n con una mujer ucraniana\",\"isPartOf\":{\"@id\":\"https:\/\/ukreine.com\/es\/#website\"},\"primaryImageOfPage\":{\"@id\":\"https:\/\/ukreine.com\/es\/como-iniciar-una-conversacion-con-una-mujer-ucraniana\/#primaryimage\"},\"image\":{\"@id\":\"https:\/\/ukreine.com\/es\/como-iniciar-una-conversacion-con-una-mujer-ucraniana\/#primaryimage\"},\"thumbnailUrl\":\"https:\/\/ukreine.com\/wp-content\/uploads\/2025\/12\/Es-3.1-1024x505.png\",\"datePublished\":\"2025-12-03T03:26:09+00:00\",\"dateModified\":\"2025-12-03T03:26:14+00:00\",\"description\":\"C\u00f3mo iniciar una conversaci\u00f3n con una mujer ucraniana en nuestro sitio de encontras\",\"breadcrumb\":{\"@id\":\"https:\/\/ukreine.com\/es\/como-iniciar-una-conversacion-con-una-mujer-ucraniana\/#breadcrumb\"},\"inLanguage\":\"es\",\"potentialAction\":[{\"@type\":\"ReadAction\",\"target\":[\"https:\/\/ukreine.com\/es\/como-iniciar-una-conversacion-con-una-mujer-ucraniana\/\"]}]},{\"@type\":\"ImageObject\",\"inLanguage\":\"es\",\"@id\":\"https:\/\/ukreine.com\/es\/como-iniciar-una-conversacion-con-una-mujer-ucraniana\/#primaryimage\",\"url\":\"https:\/\/ukreine.com\/wp-content\/uploads\/2025\/12\/Es-3.1-1024x505.png\",\"contentUrl\":\"https:\/\/ukreine.com\/wp-content\/uploads\/2025\/12\/Es-3.1-1024x505.png\"},{\"@type\":\"BreadcrumbList\",\"@id\":\"https:\/\/ukreine.com\/es\/como-iniciar-una-conversacion-con-una-mujer-ucraniana\/#breadcrumb\",\"itemListElement\":[{\"@type\":\"ListItem\",\"position\":1,\"name\":\"Home\",\"item\":\"https:\/\/ukreine.com\/es\/\"},{\"@type\":\"ListItem\",\"position\":2,\"name\":\"C\u00f3mo iniciar una conversaci\u00f3n con una mujer ucraniana\"}]},{\"@type\":\"WebSite\",\"@id\":\"https:\/\/ukreine.com\/es\/#website\",\"url\":\"https:\/\/ukreine.com\/es\/\",\"name\":\"Ukreine\",\"description\":\"\",\"publisher\":{\"@id\":\"https:\/\/ukreine.com\/es\/#organization\"},\"potentialAction\":[{\"@type\":\"SearchAction\",\"target\":{\"@type\":\"EntryPoint\",\"urlTemplate\":\"https:\/\/ukreine.com\/es\/?s={search_term_string}\"},\"query-input\":{\"@type\":\"PropertyValueSpecification\",\"valueRequired\":true,\"valueName\":\"search_term_string\"}}],\"inLanguage\":\"es\"},{\"@type\":\"Organization\",\"@id\":\"https:\/\/ukreine.com\/es\/#organization\",\"name\":\"Ukreine\",\"url\":\"https:\/\/ukreine.com\/es\/\",\"logo\":{\"@type\":\"ImageObject\",\"inLanguage\":\"es\",\"@id\":\"https:\/\/ukreine.com\/es\/#\/schema\/logo\/image\/\",\"url\":\"https:\/\/ukreine.com\/wp-content\/uploads\/2018\/05\/logo.png\",\"contentUrl\":\"https:\/\/ukreine.com\/wp-content\/uploads\/2018\/05\/logo.png\",\"width\":325,\"height\":69,\"caption\":\"Ukreine\"},\"image\":{\"@id\":\"https:\/\/ukreine.com\/es\/#\/schema\/logo\/image\/\"},\"sameAs\":[\"https:\/\/www.facebook.com\/datingrussianbrides\/\",\"https:\/\/x.com\/t4388388833\",\"https:\/\/www.instagram.com\/agenceukreine\/\",\"https:\/\/www.pinterest.com\/dbereznyakov\/\",\"https:\/\/www.youtube.com\/channel\/UC5lMwPhy20E8Bti0mQL43UA\"]}]}<\/script>\n<!-- \/ Yoast SEO Premium plugin. -->","yoast_head_json":{"title":"C\u00f3mo iniciar una conversaci\u00f3n con una mujer ucraniana","description":"C\u00f3mo iniciar una conversaci\u00f3n con una mujer ucraniana en nuestro sitio de encontras","robots":{"index":"index","follow":"follow","max-snippet":"max-snippet:-1","max-image-preview":"max-image-preview:large","max-video-preview":"max-video-preview:-1"},"canonical":"https:\/\/ukreine.com\/es\/como-iniciar-una-conversacion-con-una-mujer-ucraniana\/","og_locale":"es_ES","og_type":"article","og_title":"C\u00f3mo iniciar una conversaci\u00f3n con una mujer ucraniana","og_description":"C\u00f3mo iniciar una conversaci\u00f3n con una mujer ucraniana en nuestro sitio de encontras","og_url":"https:\/\/ukreine.com\/es\/como-iniciar-una-conversacion-con-una-mujer-ucraniana\/","og_site_name":"Ukreine","article_publisher":"https:\/\/www.facebook.com\/datingrussianbrides\/","article_modified_time":"2025-12-03T03:26:14+00:00","og_image":[{"width":2560,"height":1263,"url":"https:\/\/ukreine.com\/wp-content\/uploads\/2025\/12\/Es-3.1-scaled.png","type":"image\/png"}],"twitter_card":"summary_large_image","twitter_site":"@t4388388833","twitter_misc":{"Tiempo de lectura":"3 minutos"},"schema":{"@context":"https:\/\/schema.org","@graph":[{"@type":"WebPage","@id":"https:\/\/ukreine.com\/es\/como-iniciar-una-conversacion-con-una-mujer-ucraniana\/","url":"https:\/\/ukreine.com\/es\/como-iniciar-una-conversacion-con-una-mujer-ucraniana\/","name":"C\u00f3mo iniciar una conversaci\u00f3n con una mujer ucraniana","isPartOf":{"@id":"https:\/\/ukreine.com\/es\/#website"},"primaryImageOfPage":{"@id":"https:\/\/ukreine.com\/es\/como-iniciar-una-conversacion-con-una-mujer-ucraniana\/#primaryimage"},"image":{"@id":"https:\/\/ukreine.com\/es\/como-iniciar-una-conversacion-con-una-mujer-ucraniana\/#primaryimage"},"thumbnailUrl":"https:\/\/ukreine.com\/wp-content\/uploads\/2025\/12\/Es-3.1-1024x505.png","datePublished":"2025-12-03T03:26:09+00:00","dateModified":"2025-12-03T03:26:14+00:00","description":"C\u00f3mo iniciar una conversaci\u00f3n con una mujer ucraniana en nuestro sitio de encontras","breadcrumb":{"@id":"https:\/\/ukreine.com\/es\/como-iniciar-una-conversacion-con-una-mujer-ucraniana\/#breadcrumb"},"inLanguage":"es","potentialAction":[{"@type":"ReadAction","target":["https:\/\/ukreine.com\/es\/como-iniciar-una-conversacion-con-una-mujer-ucraniana\/"]}]},{"@type":"ImageObject","inLanguage":"es","@id":"https:\/\/ukreine.com\/es\/como-iniciar-una-conversacion-con-una-mujer-ucraniana\/#primaryimage","url":"https:\/\/ukreine.com\/wp-content\/uploads\/2025\/12\/Es-3.1-1024x505.png","contentUrl":"https:\/\/ukreine.com\/wp-content\/uploads\/2025\/12\/Es-3.1-1024x505.png"},{"@type":"BreadcrumbList","@id":"https:\/\/ukreine.com\/es\/como-iniciar-una-conversacion-con-una-mujer-ucraniana\/#breadcrumb","itemListElement":[{"@type":"ListItem","position":1,"name":"Home","item":"https:\/\/ukreine.com\/es\/"},{"@type":"ListItem","position":2,"name":"C\u00f3mo iniciar una conversaci\u00f3n con una mujer ucraniana"}]},{"@type":"WebSite","@id":"https:\/\/ukreine.com\/es\/#website","url":"https:\/\/ukreine.com\/es\/","name":"Ukreine","description":"","publisher":{"@id":"https:\/\/ukreine.com\/es\/#organization"},"potentialAction":[{"@type":"SearchAction","target":{"@type":"EntryPoint","urlTemplate":"https:\/\/ukreine.com\/es\/?s={search_term_string}"},"query-input":{"@type":"PropertyValueSpecification","valueRequired":true,"valueName":"search_term_string"}}],"inLanguage":"es"},{"@type":"Organization","@id":"https:\/\/ukreine.com\/es\/#organization","name":"Ukreine","url":"https:\/\/ukreine.com\/es\/","logo":{"@type":"ImageObject","inLanguage":"es","@id":"https:\/\/ukreine.com\/es\/#\/schema\/logo\/image\/","url":"https:\/\/ukreine.com\/wp-content\/uploads\/2018\/05\/logo.png","contentUrl":"https:\/\/ukreine.com\/wp-content\/uploads\/2018\/05\/logo.png","width":325,"height":69,"caption":"Ukreine"},"image":{"@id":"https:\/\/ukreine.com\/es\/#\/schema\/logo\/image\/"},"sameAs":["https:\/\/www.facebook.com\/datingrussianbrides\/","https:\/\/x.com\/t4388388833","https:\/\/www.instagram.com\/agenceukreine\/","https:\/\/www.pinterest.com\/dbereznyakov\/","https:\/\/www.youtube.com\/channel\/UC5lMwPhy20E8Bti0mQL43UA"]}]}},"_links":{"self":[{"href":"https:\/\/ukreine.com\/es\/wp-json\/wp\/v2\/pages\/1040222","targetHints":{"allow":["GET"]}}],"collection":[{"href":"https:\/\/ukreine.com\/es\/wp-json\/wp\/v2\/pages"}],"about":[{"href":"https:\/\/ukreine.com\/es\/wp-json\/wp\/v2\/types\/page"}],"author":[{"embeddable":true,"href":"https:\/\/ukreine.com\/es\/wp-json\/wp\/v2\/users\/54"}],"replies":[{"embeddable":true,"href":"https:\/\/ukreine.com\/es\/wp-json\/wp\/v2\/comments?post=1040222"}],"version-history":[{"count":1,"href":"https:\/\/ukreine.com\/es\/wp-json\/wp\/v2\/pages\/1040222\/revisions"}],"predecessor-version":[{"id":1040306,"href":"https:\/\/ukreine.com\/es\/wp-json\/wp\/v2\/pages\/1040222\/revisions\/1040306"}],"wp:attachment":[{"href":"https:\/\/ukreine.com\/es\/wp-json\/wp\/v2\/media?parent=1040222"}],"curies":[{"name":"wp","href":"https:\/\/api.w.org\/{rel}","templated":true}]}}