{"id":1035372,"date":"2024-01-05T16:55:09","date_gmt":"2024-01-05T16:55:09","guid":{"rendered":"https:\/\/ukreine.com\/comment-sinscrire-et-se-connecter\/"},"modified":"2025-12-11T15:04:36","modified_gmt":"2025-12-11T15:04:36","slug":"comment-sinscrire-et-se-connecter","status":"publish","type":"page","link":"https:\/\/ukreine.com\/es\/comment-sinscrire-et-se-connecter\/","title":{"rendered":"\u00bfC\u00f3mo registrarse e iniciar sesi\u00f3n?"},"content":{"rendered":"<p style=\"text-align: left;\">\u00a1Hola, querido usuario! Nos alegra verte en nuestro sitio y queremos ayudarte en cada paso de tu b\u00fasqueda.<br data-start=\"441\" data-end=\"444\" \/>Primero, debes registrarte. Es completamente gratis y puedes eliminar tu cuenta cuando quieras.<br data-start=\"539\" data-end=\"542\" data-is-only-node=\"\" \/>Sin embargo, esperamos que te quedes con nosotros hasta el d\u00eda en que encuentres a tu alma gemela.<\/p>\n<h2 style=\"text-align: center;\">Registrarse<\/h2>\n<p style=\"text-align: center;\">En nuestro sitio, puedes ver esta primera p\u00e1gina:<\/p>\n<p><img decoding=\"async\" class=\"aligncenter size-large wp-image-1037613\" src=\"https:\/\/ukreine.com\/wp-content\/uploads\/2025\/11\/1.2.esp_-1024x460.jpg\" alt=\"\" width=\"660\" height=\"296\" srcset=\"https:\/\/ukreine.com\/wp-content\/uploads\/2025\/11\/1.2.esp_-1024x460.jpg 1024w, https:\/\/ukreine.com\/wp-content\/uploads\/2025\/11\/1.2.esp_-200x90.jpg 200w, https:\/\/ukreine.com\/wp-content\/uploads\/2025\/11\/1.2.esp_-768x345.jpg 768w, https:\/\/ukreine.com\/wp-content\/uploads\/2025\/11\/1.2.esp_-1536x690.jpg 1536w, https:\/\/ukreine.com\/wp-content\/uploads\/2025\/11\/1.2.esp_.jpg 1743w\" sizes=\"(max-width: 660px) 100vw, 660px\" \/><\/p>\n<p>Puedes usar tu <strong>nombre real y apellido<\/strong>, o agregar cualquier <strong>seud\u00f3nimo<\/strong> que desees.<br \/>\nTambi\u00e9n necesitar\u00e1s una <strong>direcci\u00f3n de correo electr\u00f3nico v\u00e1lida<\/strong> y una <strong>contrase\u00f1a<\/strong> para este sitio.<br \/>\nSi olvidas tu contrase\u00f1a, debes contactarnos a <strong><a href=\"mailto:info@ukreine.com\">info@ukreine.com<\/a><\/strong> desde el mismo correo que utilizaste para tu perfil. Te enviaremos una <strong>nueva contrase\u00f1a<\/strong>, que luego podr\u00e1s cambiar.<\/p>\n<p>\u00a1Eso es todo! Pulsa <strong>\u201cRegistrarse\u201d<\/strong> y estar\u00e1s listo para empezar.<\/p>\n<p>Solo tendr\u00e1s que <strong>revisar tu correo electr\u00f3nico<\/strong> y abrir el mensaje que te enviamos con el <strong>enlace de confirmaci\u00f3n<\/strong>.<\/p>\n<p>A veces, este correo puede llegar a la carpeta de <strong>spam<\/strong>, ya que contiene un enlace.<\/p>\n<p>Si no logras encontrar el mensaje de confirmaci\u00f3n, <strong>cont\u00e1ctanos en<\/strong> <strong><a href=\"mailto:info@ukreine.com\">info@ukreine.com<\/a><\/strong> y <strong>confirmaremos tu direcci\u00f3n de correo electr\u00f3nico manualmente.<\/strong><\/p>\n<h2 style=\"text-align: center;\">Iniciar sesi\u00f3n<\/h2>\n<p>Cuando ya tienes una cuenta, debes <strong>iniciar sesi\u00f3n<\/strong>.<br \/>\nEn nuestra p\u00e1gina principal, hay <strong>dos botones<\/strong> que te llevan a la p\u00e1gina de inicio de sesi\u00f3n.<\/p>\n<p>Haz clic en uno de ellos y ver\u00e1s lo siguiente.<\/p>\n<p><img decoding=\"async\" class=\"aligncenter size-large wp-image-1040192\" src=\"https:\/\/ukreine.com\/wp-content\/uploads\/2025\/12\/Screen-Shot-2025-12-02-at-11.48.30-AM-1-1024x508.png\" alt=\"iniciar sesion\" width=\"660\" height=\"327\" srcset=\"https:\/\/ukreine.com\/wp-content\/uploads\/2025\/12\/Screen-Shot-2025-12-02-at-11.48.30-AM-1-1024x508.png 1024w, https:\/\/ukreine.com\/wp-content\/uploads\/2025\/12\/Screen-Shot-2025-12-02-at-11.48.30-AM-1-200x99.png 200w, https:\/\/ukreine.com\/wp-content\/uploads\/2025\/12\/Screen-Shot-2025-12-02-at-11.48.30-AM-1-768x381.png 768w, https:\/\/ukreine.com\/wp-content\/uploads\/2025\/12\/Screen-Shot-2025-12-02-at-11.48.30-AM-1-1536x761.png 1536w, https:\/\/ukreine.com\/wp-content\/uploads\/2025\/12\/Screen-Shot-2025-12-02-at-11.48.30-AM-1-2048x1015.png 2048w\" sizes=\"(max-width: 660px) 100vw, 660px\" \/><\/p>\n<p style=\"text-align: left;\">Haz clic en <strong>\u201cConexi\u00f3n\u201d<\/strong> y entrar\u00e1s en tu cuenta.<\/p>\n<p style=\"text-align: left;\">\u00a1As\u00ed de simple!<\/p>\n<p style=\"text-align: left;\">Ahora debes <strong>completar tu perfil<\/strong> y <strong>empezar tu b\u00fasqueda<\/strong>.<\/p>\n<p style=\"text-align: left;\">Si has <strong>olvidado tu contrase\u00f1a<\/strong>, puedes hacer clic en <strong>\u201c\u00bfHas olvidado tu contrase\u00f1a?\u201d<\/strong>, escribir tu correo y recibir\u00e1s un <strong>enlace<\/strong> con el que podr\u00e1s acceder a tu perfil y <strong>cambiar tu contrase\u00f1a<\/strong>.Si no logras hacerlo, puedes <strong>escribirnos a<\/strong> <strong><a href=\"mailto:info@ukreine.com\">info@ukreine.com<\/a><\/strong> desde el mismo correo que usaste para crear tu perfil, y te enviaremos una <strong>nueva contrase\u00f1a<\/strong>.<\/p>\n<p>Si deseas saber m\u00e1s sobre <strong>c\u00f3mo iniciar una conversaci\u00f3n<\/strong>, <strong>escribir mensajes<\/strong> y <strong>usar los dem\u00e1s servicios de nuestra agencia<\/strong>, consulta los pr\u00f3ximos art\u00edculos de nuestra <a href=\"https:\/\/ukreine.com\/es\/faq\/\"><strong>FAQ<\/strong><\/a>:<\/p>\n<h2 style=\"text-align: center;\">\u00a1Buena suerte en tu b\u00fasqueda!<\/h2>\n","protected":false},"excerpt":{"rendered":"<p>\u00a1Hola, querido usuario! Nos alegra verte en nuestro sitio y queremos ayudarte en cada paso de tu b\u00fasqueda.Primero, debes registrarte. Es completamente gratis y puedes eliminar tu cuenta cuando quieras.Sin embargo, esperamos que te quedes con nosotros hasta el d\u00eda en que encuentres a tu alma gemela. Registrarse En nuestro sitio, puedes ver esta primera [&hellip;]<\/p>\n","protected":false},"author":32311,"featured_media":0,"parent":0,"menu_order":0,"comment_status":"closed","ping_status":"closed","template":"","meta":{"_acf_changed":false,"footnotes":""},"class_list":["post-1035372","page","type-page","status-publish","hentry"],"acf":[],"yoast_head":"<!-- This site is optimized with the Yoast SEO Premium plugin v25.5 (Yoast SEO v27.2) - https:\/\/yoast.com\/product\/yoast-seo-premium-wordpress\/ -->\n<title>registrarse agencia de encontras mujeres ucrainas<\/title>\n<meta name=\"description\" content=\"registrarse agencia de encontras mujeres ucrainas\" \/>\n<meta name=\"robots\" content=\"index, follow, max-snippet:-1, max-image-preview:large, max-video-preview:-1\" \/>\n<link rel=\"canonical\" href=\"https:\/\/ukreine.com\/es\/comment-sinscrire-et-se-connecter\/\" \/>\n<meta property=\"og:locale\" content=\"es_ES\" \/>\n<meta property=\"og:type\" content=\"article\" \/>\n<meta property=\"og:title\" content=\"\u00bfC\u00f3mo registrarse e iniciar sesi\u00f3n?\" \/>\n<meta property=\"og:description\" content=\"registrarse agencia de encontras mujeres ucrainas\" \/>\n<meta property=\"og:url\" content=\"https:\/\/ukreine.com\/es\/comment-sinscrire-et-se-connecter\/\" \/>\n<meta property=\"og:site_name\" content=\"Ukreine\" \/>\n<meta property=\"article:publisher\" content=\"https:\/\/www.facebook.com\/datingrussianbrides\/\" \/>\n<meta property=\"article:modified_time\" content=\"2025-12-11T15:04:36+00:00\" \/>\n<meta property=\"og:image\" content=\"https:\/\/ukreine.com\/wp-content\/uploads\/2025\/11\/1.2.esp_.jpg\" \/>\n\t<meta property=\"og:image:width\" content=\"1743\" \/>\n\t<meta property=\"og:image:height\" content=\"783\" \/>\n\t<meta property=\"og:image:type\" content=\"image\/jpeg\" \/>\n<meta name=\"twitter:card\" content=\"summary_large_image\" \/>\n<meta name=\"twitter:site\" content=\"@t4388388833\" \/>\n<meta name=\"twitter:label1\" content=\"Tiempo de lectura\" \/>\n\t<meta name=\"twitter:data1\" content=\"2 minutos\" \/>\n<script type=\"application\/ld+json\" class=\"yoast-schema-graph\">{\"@context\":\"https:\/\/schema.org\",\"@graph\":[{\"@type\":\"WebPage\",\"@id\":\"https:\/\/ukreine.com\/es\/comment-sinscrire-et-se-connecter\/\",\"url\":\"https:\/\/ukreine.com\/es\/comment-sinscrire-et-se-connecter\/\",\"name\":\"registrarse agencia de encontras mujeres ucrainas\",\"isPartOf\":{\"@id\":\"https:\/\/ukreine.com\/es\/#website\"},\"primaryImageOfPage\":{\"@id\":\"https:\/\/ukreine.com\/es\/comment-sinscrire-et-se-connecter\/#primaryimage\"},\"image\":{\"@id\":\"https:\/\/ukreine.com\/es\/comment-sinscrire-et-se-connecter\/#primaryimage\"},\"thumbnailUrl\":\"https:\/\/ukreine.com\/wp-content\/uploads\/2025\/11\/1.2.esp_-1024x460.jpg\",\"datePublished\":\"2024-01-05T16:55:09+00:00\",\"dateModified\":\"2025-12-11T15:04:36+00:00\",\"description\":\"registrarse agencia de encontras mujeres ucrainas\",\"breadcrumb\":{\"@id\":\"https:\/\/ukreine.com\/es\/comment-sinscrire-et-se-connecter\/#breadcrumb\"},\"inLanguage\":\"es\",\"potentialAction\":[{\"@type\":\"ReadAction\",\"target\":[\"https:\/\/ukreine.com\/es\/comment-sinscrire-et-se-connecter\/\"]}]},{\"@type\":\"ImageObject\",\"inLanguage\":\"es\",\"@id\":\"https:\/\/ukreine.com\/es\/comment-sinscrire-et-se-connecter\/#primaryimage\",\"url\":\"https:\/\/ukreine.com\/wp-content\/uploads\/2025\/11\/1.2.esp_-1024x460.jpg\",\"contentUrl\":\"https:\/\/ukreine.com\/wp-content\/uploads\/2025\/11\/1.2.esp_-1024x460.jpg\"},{\"@type\":\"BreadcrumbList\",\"@id\":\"https:\/\/ukreine.com\/es\/comment-sinscrire-et-se-connecter\/#breadcrumb\",\"itemListElement\":[{\"@type\":\"ListItem\",\"position\":1,\"name\":\"Home\",\"item\":\"https:\/\/ukreine.com\/es\/\"},{\"@type\":\"ListItem\",\"position\":2,\"name\":\"\u00bfC\u00f3mo registrarse e iniciar sesi\u00f3n?\"}]},{\"@type\":\"WebSite\",\"@id\":\"https:\/\/ukreine.com\/es\/#website\",\"url\":\"https:\/\/ukreine.com\/es\/\",\"name\":\"Ukreine\",\"description\":\"\",\"publisher\":{\"@id\":\"https:\/\/ukreine.com\/es\/#organization\"},\"potentialAction\":[{\"@type\":\"SearchAction\",\"target\":{\"@type\":\"EntryPoint\",\"urlTemplate\":\"https:\/\/ukreine.com\/es\/?s={search_term_string}\"},\"query-input\":{\"@type\":\"PropertyValueSpecification\",\"valueRequired\":true,\"valueName\":\"search_term_string\"}}],\"inLanguage\":\"es\"},{\"@type\":\"Organization\",\"@id\":\"https:\/\/ukreine.com\/es\/#organization\",\"name\":\"Ukreine\",\"url\":\"https:\/\/ukreine.com\/es\/\",\"logo\":{\"@type\":\"ImageObject\",\"inLanguage\":\"es\",\"@id\":\"https:\/\/ukreine.com\/es\/#\/schema\/logo\/image\/\",\"url\":\"https:\/\/ukreine.com\/wp-content\/uploads\/2018\/05\/logo.png\",\"contentUrl\":\"https:\/\/ukreine.com\/wp-content\/uploads\/2018\/05\/logo.png\",\"width\":325,\"height\":69,\"caption\":\"Ukreine\"},\"image\":{\"@id\":\"https:\/\/ukreine.com\/es\/#\/schema\/logo\/image\/\"},\"sameAs\":[\"https:\/\/www.facebook.com\/datingrussianbrides\/\",\"https:\/\/x.com\/t4388388833\",\"https:\/\/www.instagram.com\/agenceukreine\/\",\"https:\/\/www.pinterest.com\/dbereznyakov\/\",\"https:\/\/www.youtube.com\/channel\/UC5lMwPhy20E8Bti0mQL43UA\"]}]}<\/script>\n<!-- \/ Yoast SEO Premium plugin. -->","yoast_head_json":{"title":"registrarse agencia de encontras mujeres ucrainas","description":"registrarse agencia de encontras mujeres ucrainas","robots":{"index":"index","follow":"follow","max-snippet":"max-snippet:-1","max-image-preview":"max-image-preview:large","max-video-preview":"max-video-preview:-1"},"canonical":"https:\/\/ukreine.com\/es\/comment-sinscrire-et-se-connecter\/","og_locale":"es_ES","og_type":"article","og_title":"\u00bfC\u00f3mo registrarse e iniciar sesi\u00f3n?","og_description":"registrarse agencia de encontras mujeres ucrainas","og_url":"https:\/\/ukreine.com\/es\/comment-sinscrire-et-se-connecter\/","og_site_name":"Ukreine","article_publisher":"https:\/\/www.facebook.com\/datingrussianbrides\/","article_modified_time":"2025-12-11T15:04:36+00:00","og_image":[{"width":1743,"height":783,"url":"https:\/\/ukreine.com\/wp-content\/uploads\/2025\/11\/1.2.esp_.jpg","type":"image\/jpeg"}],"twitter_card":"summary_large_image","twitter_site":"@t4388388833","twitter_misc":{"Tiempo de lectura":"2 minutos"},"schema":{"@context":"https:\/\/schema.org","@graph":[{"@type":"WebPage","@id":"https:\/\/ukreine.com\/es\/comment-sinscrire-et-se-connecter\/","url":"https:\/\/ukreine.com\/es\/comment-sinscrire-et-se-connecter\/","name":"registrarse agencia de encontras mujeres ucrainas","isPartOf":{"@id":"https:\/\/ukreine.com\/es\/#website"},"primaryImageOfPage":{"@id":"https:\/\/ukreine.com\/es\/comment-sinscrire-et-se-connecter\/#primaryimage"},"image":{"@id":"https:\/\/ukreine.com\/es\/comment-sinscrire-et-se-connecter\/#primaryimage"},"thumbnailUrl":"https:\/\/ukreine.com\/wp-content\/uploads\/2025\/11\/1.2.esp_-1024x460.jpg","datePublished":"2024-01-05T16:55:09+00:00","dateModified":"2025-12-11T15:04:36+00:00","description":"registrarse agencia de encontras mujeres ucrainas","breadcrumb":{"@id":"https:\/\/ukreine.com\/es\/comment-sinscrire-et-se-connecter\/#breadcrumb"},"inLanguage":"es","potentialAction":[{"@type":"ReadAction","target":["https:\/\/ukreine.com\/es\/comment-sinscrire-et-se-connecter\/"]}]},{"@type":"ImageObject","inLanguage":"es","@id":"https:\/\/ukreine.com\/es\/comment-sinscrire-et-se-connecter\/#primaryimage","url":"https:\/\/ukreine.com\/wp-content\/uploads\/2025\/11\/1.2.esp_-1024x460.jpg","contentUrl":"https:\/\/ukreine.com\/wp-content\/uploads\/2025\/11\/1.2.esp_-1024x460.jpg"},{"@type":"BreadcrumbList","@id":"https:\/\/ukreine.com\/es\/comment-sinscrire-et-se-connecter\/#breadcrumb","itemListElement":[{"@type":"ListItem","position":1,"name":"Home","item":"https:\/\/ukreine.com\/es\/"},{"@type":"ListItem","position":2,"name":"\u00bfC\u00f3mo registrarse e iniciar sesi\u00f3n?"}]},{"@type":"WebSite","@id":"https:\/\/ukreine.com\/es\/#website","url":"https:\/\/ukreine.com\/es\/","name":"Ukreine","description":"","publisher":{"@id":"https:\/\/ukreine.com\/es\/#organization"},"potentialAction":[{"@type":"SearchAction","target":{"@type":"EntryPoint","urlTemplate":"https:\/\/ukreine.com\/es\/?s={search_term_string}"},"query-input":{"@type":"PropertyValueSpecification","valueRequired":true,"valueName":"search_term_string"}}],"inLanguage":"es"},{"@type":"Organization","@id":"https:\/\/ukreine.com\/es\/#organization","name":"Ukreine","url":"https:\/\/ukreine.com\/es\/","logo":{"@type":"ImageObject","inLanguage":"es","@id":"https:\/\/ukreine.com\/es\/#\/schema\/logo\/image\/","url":"https:\/\/ukreine.com\/wp-content\/uploads\/2018\/05\/logo.png","contentUrl":"https:\/\/ukreine.com\/wp-content\/uploads\/2018\/05\/logo.png","width":325,"height":69,"caption":"Ukreine"},"image":{"@id":"https:\/\/ukreine.com\/es\/#\/schema\/logo\/image\/"},"sameAs":["https:\/\/www.facebook.com\/datingrussianbrides\/","https:\/\/x.com\/t4388388833","https:\/\/www.instagram.com\/agenceukreine\/","https:\/\/www.pinterest.com\/dbereznyakov\/","https:\/\/www.youtube.com\/channel\/UC5lMwPhy20E8Bti0mQL43UA"]}]}},"_links":{"self":[{"href":"https:\/\/ukreine.com\/es\/wp-json\/wp\/v2\/pages\/1035372","targetHints":{"allow":["GET"]}}],"collection":[{"href":"https:\/\/ukreine.com\/es\/wp-json\/wp\/v2\/pages"}],"about":[{"href":"https:\/\/ukreine.com\/es\/wp-json\/wp\/v2\/types\/page"}],"author":[{"embeddable":true,"href":"https:\/\/ukreine.com\/es\/wp-json\/wp\/v2\/users\/32311"}],"replies":[{"embeddable":true,"href":"https:\/\/ukreine.com\/es\/wp-json\/wp\/v2\/comments?post=1035372"}],"version-history":[{"count":5,"href":"https:\/\/ukreine.com\/es\/wp-json\/wp\/v2\/pages\/1035372\/revisions"}],"predecessor-version":[{"id":1041358,"href":"https:\/\/ukreine.com\/es\/wp-json\/wp\/v2\/pages\/1035372\/revisions\/1041358"}],"wp:attachment":[{"href":"https:\/\/ukreine.com\/es\/wp-json\/wp\/v2\/media?parent=1035372"}],"curies":[{"name":"wp","href":"https:\/\/api.w.org\/{rel}","templated":true}]}}