{"id":1035359,"date":"2025-11-12T03:50:23","date_gmt":"2025-11-12T03:50:23","guid":{"rendered":"https:\/\/ukreine.com\/?page_id=1035359"},"modified":"2025-11-12T03:50:27","modified_gmt":"2025-11-12T03:50:27","slug":"cual-es-el-presupuesto-total-para-casarse-con-una-mujer-ucraniana","status":"publish","type":"page","link":"https:\/\/ukreine.com\/es\/cual-es-el-presupuesto-total-para-casarse-con-una-mujer-ucraniana\/","title":{"rendered":"\u00bfCu\u00e1l es el presupuesto total para casarse con una mujer ucraniana?"},"content":{"rendered":"<p data-start=\"7079\" data-end=\"7228\">Algunos hombres piensan que deben ser <strong data-start=\"7117\" data-end=\"7131\">adinerados<\/strong> para casarse con una hermosa mujer rusa o ucraniana, ya que son <strong data-start=\"7196\" data-end=\"7225\">bellas, educadas y leales<\/strong>.<\/p>\n<p data-start=\"7230\" data-end=\"7438\">Otros creen que una mujer ucraniana es su <strong data-start=\"7272\" data-end=\"7294\">\u00faltima oportunidad<\/strong>, pensando que, debido a la guerra, est\u00e1n tan desesperadas que aceptar\u00e1n a cualquier hombre, incluso a quien nunca tuvo \u00e9xito con las mujeres.<\/p>\n<p data-start=\"7440\" data-end=\"7626\">Un tercer grupo de hombres considera que no se debe <strong data-start=\"7492\" data-end=\"7511\">invertir dinero<\/strong> en la b\u00fasqueda de una pareja, en los esfuerzos por cortejarla o conquistarla, porque \u201c<strong data-start=\"7598\" data-end=\"7622\">el amor no se compra<\/strong>.\u201d<\/p>\n<p data-start=\"7628\" data-end=\"7805\">La realidad es un poco diferente: se puede casar con una mujer ucraniana <strong data-start=\"7701\" data-end=\"7727\">sin gastar una fortuna<\/strong>, pero por otro lado, es <strong data-start=\"7752\" data-end=\"7802\">imposible tener \u00e9xito sin una inversi\u00f3n m\u00ednima<\/strong>.<\/p>\n<p data-start=\"7807\" data-end=\"7842\">Aqu\u00ed est\u00e1 nuestro punto de vista.<\/p>\n<hr data-start=\"7844\" data-end=\"7847\" \/>\n<h3 data-start=\"7849\" data-end=\"7876\">\ud83d\udcb0 El dinero es energ\u00eda<\/h3>\n<p data-start=\"7878\" data-end=\"8055\">El <strong data-start=\"7881\" data-end=\"7891\">dinero<\/strong> es una <strong data-start=\"7899\" data-end=\"7919\">moneda universal<\/strong> que mide la energ\u00eda de la actividad humana.<br data-start=\"7963\" data-end=\"7966\" \/>Cuando trabajas, gastas tu energ\u00eda (f\u00edsica e intelectual) para transformarla en dinero.<\/p>\n<p data-start=\"8057\" data-end=\"8375\">Luego, el dinero te permite <strong data-start=\"8085\" data-end=\"8122\">usar la energ\u00eda de otras personas<\/strong>:<br data-start=\"8123\" data-end=\"8126\" \/>el trabajo de nuestro equipo para ayudarte a encontrar la mujer de tu vida,<br data-start=\"8201\" data-end=\"8204\" \/>el del florista donde compras las flores,<br data-start=\"8245\" data-end=\"8248\" \/>el de la aerol\u00ednea que har\u00e1 posible vuestro primer encuentro,<br data-start=\"8309\" data-end=\"8312\" \/>y el del <strong data-start=\"8321\" data-end=\"8331\">joyero<\/strong> que te vender\u00e1 los anillos de compromiso.<\/p>\n<hr data-start=\"8377\" data-end=\"8380\" \/>\n<h3 data-start=\"8382\" data-end=\"8453\">\ud83d\udcb6 \u00bfCu\u00e1l es el presupuesto real para conocer a la mujer de tu vida?<\/h3>\n<p data-start=\"8455\" data-end=\"8605\">Ofrecemos <a href=\"https:\/\/ukreine.com\/es\/cambio-contacto-mujer-ucrania\/\"><strong data-start=\"8465\" data-end=\"8501\">paquetes de 75 \u20ac, 990 \u20ac y 2700 \u20ac<\/strong><\/a>, que te dan respectivamente <strong data-start=\"8530\" data-end=\"8552\">10 %, 85 % y 100 %<\/strong> de posibilidades de conocer a la mujer de tu vida.<\/p>\n<p data-start=\"8607\" data-end=\"8693\">El <strong data-start=\"8610\" data-end=\"8633\">paquete m\u00e1s popular<\/strong> es el de <strong data-start=\"8643\" data-end=\"8652\">990 \u20ac<\/strong>, que ofrece <strong data-start=\"8665\" data-end=\"8690\">m\u00e1s del 85 % de \u00e9xito<\/strong>.<\/p>\n<p data-start=\"8695\" data-end=\"8934\">Luego deber\u00e1s conocer a la mujer ucraniana, que puede vivir en <strong data-start=\"8758\" data-end=\"8769\">Francia<\/strong>, <strong data-start=\"8771\" data-end=\"8782\">Polonia<\/strong> o <strong data-start=\"8785\" data-end=\"8796\">Ucrania<\/strong>, por lo que el <strong data-start=\"8812\" data-end=\"8831\">costo del viaje<\/strong> var\u00eda un poco.<br data-start=\"8846\" data-end=\"8849\" \/>A menudo, los hombres conocen a <strong data-start=\"8881\" data-end=\"8898\">2 o 3 mujeres<\/strong> antes de encontrar a la adecuada.<\/p>\n<p data-start=\"8936\" data-end=\"8993\">En promedio, esta etapa cuesta alrededor de <strong data-start=\"8980\" data-end=\"8990\">1000 \u20ac<\/strong>.<\/p>\n<hr data-start=\"8995\" data-end=\"8998\" \/>\n<p data-start=\"9000\" data-end=\"9235\">Despu\u00e9s, la mujer vendr\u00e1 a visitarte durante <strong data-start=\"9045\" data-end=\"9059\">una semana<\/strong> para conocerte mejor.<br data-start=\"9081\" data-end=\"9084\" \/>En esta fase, es dif\u00edcil calcular con precisi\u00f3n, ya que depende de si se hospedar\u00e1 contigo o en un hotel, y de los planes que teng\u00e1is para la semana.<\/p>\n<p data-start=\"9237\" data-end=\"9299\">Adem\u00e1s, gastar\u00e1s <strong data-start=\"9254\" data-end=\"9277\">dinero para los dos<\/strong>, no solo para ella.<\/p>\n<hr data-start=\"9301\" data-end=\"9304\" \/>\n<p data-start=\"9306\" data-end=\"9441\">Si todo va bien, el siguiente paso consiste en tramitar <strong data-start=\"9362\" data-end=\"9380\">los documentos<\/strong> para que la mujer ucraniana pueda <strong data-start=\"9415\" data-end=\"9438\">quedarse en tu pa\u00eds<\/strong>.<\/p>\n<p data-start=\"9443\" data-end=\"9676\">Si vives en un <strong data-start=\"9458\" data-end=\"9475\">pa\u00eds de la UE<\/strong>, los ucranianos <strong data-start=\"9492\" data-end=\"9531\">no necesitan documentos adicionales<\/strong> (a noviembre de 2025) para vivir y trabajar all\u00ed.<br data-start=\"9581\" data-end=\"9584\" \/>Tambi\u00e9n reciben <strong data-start=\"9600\" data-end=\"9617\">seguro m\u00e9dico<\/strong> y <strong data-start=\"9620\" data-end=\"9643\">una ayuda econ\u00f3mica<\/strong> durante la b\u00fasqueda de empleo.<\/p>\n<p data-start=\"9678\" data-end=\"9784\">Para otros pa\u00edses, la situaci\u00f3n puede ser diferente \u2014 puedes <strong data-start=\"9739\" data-end=\"9781\">contactarnos para obtener m\u00e1s detalles<\/strong>.<\/p>\n<hr data-start=\"9786\" data-end=\"9789\" \/>\n<h3 data-start=\"9791\" data-end=\"9808\">\ud83d\udcac Conclusi\u00f3n<\/h3>\n<p data-start=\"9810\" data-end=\"9932\">Es cierto que <strong data-start=\"9824\" data-end=\"9850\">\u201cel amor no se compra\u201d<\/strong>,<br data-start=\"9851\" data-end=\"9854\" \/>pero tambi\u00e9n es cierto que deber\u00e1s <strong data-start=\"9889\" data-end=\"9906\">gastar dinero<\/strong> a lo largo del proceso.<\/p>\n<p data-start=\"9934\" data-end=\"10109\">Por eso, se recomienda contar con un <strong data-start=\"9971\" data-end=\"10008\">presupuesto m\u00ednimo de unos 2000 \u20ac<\/strong> para llegar a la etapa en la que ya hayas conocido a una mujer ucraniana y ella te visite despu\u00e9s.<\/p>\n<p data-start=\"10111\" data-end=\"10313\">Por supuesto, el <strong data-start=\"10128\" data-end=\"10156\">monto total puede variar<\/strong> si buscas en otro lugar,<br data-start=\"10181\" data-end=\"10184\" \/>ya que la <strong data-start=\"10194\" data-end=\"10236\">industria de las citas internacionales<\/strong> es muy opaca \u2014 <strong data-start=\"10252\" data-end=\"10310\">m\u00e1s del 90 % de lo que se ve en internet es una estafa<\/strong>.<\/p>\n<p data-start=\"10315\" data-end=\"10453\">Como <strong data-start=\"10320\" data-end=\"10410\">fundadores del portal <a class=\"decorated-link\" href=\"https:\/\/AllAboutDatingScams.com\/es\" target=\"_new\" rel=\"noopener\" data-start=\"10344\" data-end=\"10408\">AllAboutDatingScams.com<\/a><\/strong>,<br data-start=\"10411\" data-end=\"10414\" \/>lo sabemos <strong data-start=\"10425\" data-end=\"10452\">por experiencia directa<\/strong>.<\/p>\n","protected":false},"excerpt":{"rendered":"<p>Algunos hombres piensan que deben ser adinerados para casarse con una hermosa mujer rusa o ucraniana, ya que son bellas, educadas y leales. Otros creen que una mujer ucraniana es su \u00faltima oportunidad, pensando que, debido a la guerra, est\u00e1n tan desesperadas que aceptar\u00e1n a cualquier hombre, incluso a quien nunca tuvo \u00e9xito con las [&hellip;]<\/p>\n","protected":false},"author":54,"featured_media":0,"parent":0,"menu_order":0,"comment_status":"closed","ping_status":"closed","template":"","meta":{"_acf_changed":false,"footnotes":""},"class_list":["post-1035359","page","type-page","status-publish","hentry"],"acf":[],"yoast_head":"<!-- This site is optimized with the Yoast SEO Premium plugin v25.5 (Yoast SEO v27.2) - https:\/\/yoast.com\/product\/yoast-seo-premium-wordpress\/ -->\n<title>\u00bfCu\u00e1l es el presupuesto para casarse con una mujer ucraniana?<\/title>\n<meta name=\"description\" content=\"Es cierto que \u201cel amor no se compra\u201d,pero tambi\u00e9n es cierto que deber\u00e1s gastar dinero a lo largo del proceso.\" \/>\n<meta name=\"robots\" content=\"index, follow, max-snippet:-1, max-image-preview:large, max-video-preview:-1\" \/>\n<link rel=\"canonical\" href=\"https:\/\/ukreine.com\/es\/cual-es-el-presupuesto-total-para-casarse-con-una-mujer-ucraniana\/\" \/>\n<meta property=\"og:locale\" content=\"es_ES\" \/>\n<meta property=\"og:type\" content=\"article\" \/>\n<meta property=\"og:title\" content=\"\u00bfCu\u00e1l es el presupuesto total para casarse con una mujer ucraniana?\" \/>\n<meta property=\"og:description\" content=\"Es cierto que \u201cel amor no se compra\u201d,pero tambi\u00e9n es cierto que deber\u00e1s gastar dinero a lo largo del proceso.\" \/>\n<meta property=\"og:url\" content=\"https:\/\/ukreine.com\/es\/cual-es-el-presupuesto-total-para-casarse-con-una-mujer-ucraniana\/\" \/>\n<meta property=\"og:site_name\" content=\"Ukreine\" \/>\n<meta property=\"article:publisher\" content=\"https:\/\/www.facebook.com\/datingrussianbrides\/\" \/>\n<meta property=\"article:modified_time\" content=\"2025-11-12T03:50:27+00:00\" \/>\n<meta name=\"twitter:card\" content=\"summary_large_image\" \/>\n<meta name=\"twitter:site\" content=\"@t4388388833\" \/>\n<meta name=\"twitter:label1\" content=\"Tiempo de lectura\" \/>\n\t<meta name=\"twitter:data1\" content=\"3 minutos\" \/>\n<script type=\"application\/ld+json\" class=\"yoast-schema-graph\">{\"@context\":\"https:\/\/schema.org\",\"@graph\":[{\"@type\":\"WebPage\",\"@id\":\"https:\/\/ukreine.com\/es\/cual-es-el-presupuesto-total-para-casarse-con-una-mujer-ucraniana\/\",\"url\":\"https:\/\/ukreine.com\/es\/cual-es-el-presupuesto-total-para-casarse-con-una-mujer-ucraniana\/\",\"name\":\"\u00bfCu\u00e1l es el presupuesto para casarse con una mujer ucraniana?\",\"isPartOf\":{\"@id\":\"https:\/\/ukreine.com\/es\/#website\"},\"datePublished\":\"2025-11-12T03:50:23+00:00\",\"dateModified\":\"2025-11-12T03:50:27+00:00\",\"description\":\"Es cierto que \u201cel amor no se compra\u201d,pero tambi\u00e9n es cierto que deber\u00e1s gastar dinero a lo largo del proceso.\",\"breadcrumb\":{\"@id\":\"https:\/\/ukreine.com\/es\/cual-es-el-presupuesto-total-para-casarse-con-una-mujer-ucraniana\/#breadcrumb\"},\"inLanguage\":\"es\",\"potentialAction\":[{\"@type\":\"ReadAction\",\"target\":[\"https:\/\/ukreine.com\/es\/cual-es-el-presupuesto-total-para-casarse-con-una-mujer-ucraniana\/\"]}]},{\"@type\":\"BreadcrumbList\",\"@id\":\"https:\/\/ukreine.com\/es\/cual-es-el-presupuesto-total-para-casarse-con-una-mujer-ucraniana\/#breadcrumb\",\"itemListElement\":[{\"@type\":\"ListItem\",\"position\":1,\"name\":\"Home\",\"item\":\"https:\/\/ukreine.com\/es\/\"},{\"@type\":\"ListItem\",\"position\":2,\"name\":\"\u00bfCu\u00e1l es el presupuesto total para casarse con una mujer ucraniana?\"}]},{\"@type\":\"WebSite\",\"@id\":\"https:\/\/ukreine.com\/es\/#website\",\"url\":\"https:\/\/ukreine.com\/es\/\",\"name\":\"Ukreine\",\"description\":\"\",\"publisher\":{\"@id\":\"https:\/\/ukreine.com\/es\/#organization\"},\"potentialAction\":[{\"@type\":\"SearchAction\",\"target\":{\"@type\":\"EntryPoint\",\"urlTemplate\":\"https:\/\/ukreine.com\/es\/?s={search_term_string}\"},\"query-input\":{\"@type\":\"PropertyValueSpecification\",\"valueRequired\":true,\"valueName\":\"search_term_string\"}}],\"inLanguage\":\"es\"},{\"@type\":\"Organization\",\"@id\":\"https:\/\/ukreine.com\/es\/#organization\",\"name\":\"Ukreine\",\"url\":\"https:\/\/ukreine.com\/es\/\",\"logo\":{\"@type\":\"ImageObject\",\"inLanguage\":\"es\",\"@id\":\"https:\/\/ukreine.com\/es\/#\/schema\/logo\/image\/\",\"url\":\"https:\/\/ukreine.com\/wp-content\/uploads\/2018\/05\/logo.png\",\"contentUrl\":\"https:\/\/ukreine.com\/wp-content\/uploads\/2018\/05\/logo.png\",\"width\":325,\"height\":69,\"caption\":\"Ukreine\"},\"image\":{\"@id\":\"https:\/\/ukreine.com\/es\/#\/schema\/logo\/image\/\"},\"sameAs\":[\"https:\/\/www.facebook.com\/datingrussianbrides\/\",\"https:\/\/x.com\/t4388388833\",\"https:\/\/www.instagram.com\/agenceukreine\/\",\"https:\/\/www.pinterest.com\/dbereznyakov\/\",\"https:\/\/www.youtube.com\/channel\/UC5lMwPhy20E8Bti0mQL43UA\"]}]}<\/script>\n<!-- \/ Yoast SEO Premium plugin. -->","yoast_head_json":{"title":"\u00bfCu\u00e1l es el presupuesto para casarse con una mujer ucraniana?","description":"Es cierto que \u201cel amor no se compra\u201d,pero tambi\u00e9n es cierto que deber\u00e1s gastar dinero a lo largo del proceso.","robots":{"index":"index","follow":"follow","max-snippet":"max-snippet:-1","max-image-preview":"max-image-preview:large","max-video-preview":"max-video-preview:-1"},"canonical":"https:\/\/ukreine.com\/es\/cual-es-el-presupuesto-total-para-casarse-con-una-mujer-ucraniana\/","og_locale":"es_ES","og_type":"article","og_title":"\u00bfCu\u00e1l es el presupuesto total para casarse con una mujer ucraniana?","og_description":"Es cierto que \u201cel amor no se compra\u201d,pero tambi\u00e9n es cierto que deber\u00e1s gastar dinero a lo largo del proceso.","og_url":"https:\/\/ukreine.com\/es\/cual-es-el-presupuesto-total-para-casarse-con-una-mujer-ucraniana\/","og_site_name":"Ukreine","article_publisher":"https:\/\/www.facebook.com\/datingrussianbrides\/","article_modified_time":"2025-11-12T03:50:27+00:00","twitter_card":"summary_large_image","twitter_site":"@t4388388833","twitter_misc":{"Tiempo de lectura":"3 minutos"},"schema":{"@context":"https:\/\/schema.org","@graph":[{"@type":"WebPage","@id":"https:\/\/ukreine.com\/es\/cual-es-el-presupuesto-total-para-casarse-con-una-mujer-ucraniana\/","url":"https:\/\/ukreine.com\/es\/cual-es-el-presupuesto-total-para-casarse-con-una-mujer-ucraniana\/","name":"\u00bfCu\u00e1l es el presupuesto para casarse con una mujer ucraniana?","isPartOf":{"@id":"https:\/\/ukreine.com\/es\/#website"},"datePublished":"2025-11-12T03:50:23+00:00","dateModified":"2025-11-12T03:50:27+00:00","description":"Es cierto que \u201cel amor no se compra\u201d,pero tambi\u00e9n es cierto que deber\u00e1s gastar dinero a lo largo del proceso.","breadcrumb":{"@id":"https:\/\/ukreine.com\/es\/cual-es-el-presupuesto-total-para-casarse-con-una-mujer-ucraniana\/#breadcrumb"},"inLanguage":"es","potentialAction":[{"@type":"ReadAction","target":["https:\/\/ukreine.com\/es\/cual-es-el-presupuesto-total-para-casarse-con-una-mujer-ucraniana\/"]}]},{"@type":"BreadcrumbList","@id":"https:\/\/ukreine.com\/es\/cual-es-el-presupuesto-total-para-casarse-con-una-mujer-ucraniana\/#breadcrumb","itemListElement":[{"@type":"ListItem","position":1,"name":"Home","item":"https:\/\/ukreine.com\/es\/"},{"@type":"ListItem","position":2,"name":"\u00bfCu\u00e1l es el presupuesto total para casarse con una mujer ucraniana?"}]},{"@type":"WebSite","@id":"https:\/\/ukreine.com\/es\/#website","url":"https:\/\/ukreine.com\/es\/","name":"Ukreine","description":"","publisher":{"@id":"https:\/\/ukreine.com\/es\/#organization"},"potentialAction":[{"@type":"SearchAction","target":{"@type":"EntryPoint","urlTemplate":"https:\/\/ukreine.com\/es\/?s={search_term_string}"},"query-input":{"@type":"PropertyValueSpecification","valueRequired":true,"valueName":"search_term_string"}}],"inLanguage":"es"},{"@type":"Organization","@id":"https:\/\/ukreine.com\/es\/#organization","name":"Ukreine","url":"https:\/\/ukreine.com\/es\/","logo":{"@type":"ImageObject","inLanguage":"es","@id":"https:\/\/ukreine.com\/es\/#\/schema\/logo\/image\/","url":"https:\/\/ukreine.com\/wp-content\/uploads\/2018\/05\/logo.png","contentUrl":"https:\/\/ukreine.com\/wp-content\/uploads\/2018\/05\/logo.png","width":325,"height":69,"caption":"Ukreine"},"image":{"@id":"https:\/\/ukreine.com\/es\/#\/schema\/logo\/image\/"},"sameAs":["https:\/\/www.facebook.com\/datingrussianbrides\/","https:\/\/x.com\/t4388388833","https:\/\/www.instagram.com\/agenceukreine\/","https:\/\/www.pinterest.com\/dbereznyakov\/","https:\/\/www.youtube.com\/channel\/UC5lMwPhy20E8Bti0mQL43UA"]}]}},"_links":{"self":[{"href":"https:\/\/ukreine.com\/es\/wp-json\/wp\/v2\/pages\/1035359","targetHints":{"allow":["GET"]}}],"collection":[{"href":"https:\/\/ukreine.com\/es\/wp-json\/wp\/v2\/pages"}],"about":[{"href":"https:\/\/ukreine.com\/es\/wp-json\/wp\/v2\/types\/page"}],"author":[{"embeddable":true,"href":"https:\/\/ukreine.com\/es\/wp-json\/wp\/v2\/users\/54"}],"replies":[{"embeddable":true,"href":"https:\/\/ukreine.com\/es\/wp-json\/wp\/v2\/comments?post=1035359"}],"version-history":[{"count":1,"href":"https:\/\/ukreine.com\/es\/wp-json\/wp\/v2\/pages\/1035359\/revisions"}],"predecessor-version":[{"id":1035360,"href":"https:\/\/ukreine.com\/es\/wp-json\/wp\/v2\/pages\/1035359\/revisions\/1035360"}],"wp:attachment":[{"href":"https:\/\/ukreine.com\/es\/wp-json\/wp\/v2\/media?parent=1035359"}],"curies":[{"name":"wp","href":"https:\/\/api.w.org\/{rel}","templated":true}]}}