{"id":1034981,"date":"2025-11-10T16:46:14","date_gmt":"2025-11-10T16:46:14","guid":{"rendered":"https:\/\/ukreine.com\/?page_id=1034981"},"modified":"2025-11-11T04:28:13","modified_gmt":"2025-11-11T04:28:13","slug":"como-puedo-asegurarme-de-la-seriedad-de-su-agencia-matrimonial","status":"publish","type":"page","link":"https:\/\/ukreine.com\/es\/como-puedo-asegurarme-de-la-seriedad-de-su-agencia-matrimonial\/","title":{"rendered":"\u00bfC\u00f3mo puedo asegurarme de la seriedad de su agencia matrimonial?"},"content":{"rendered":"<p data-start=\"4169\" data-end=\"4434\">Es bueno si a\u00fan eres <strong data-start=\"4190\" data-end=\"4203\">esc\u00e9ptico<\/strong> \u2014 con el n\u00famero de <strong data-start=\"4223\" data-end=\"4246\">estafas en internet<\/strong> que alcanza aproximadamente el <strong data-start=\"4278\" data-end=\"4285\">90%<\/strong>, es absolutamente necesario <strong data-start=\"4314\" data-end=\"4340\">verificar varias veces<\/strong> antes de involucrarte con un <strong data-start=\"4370\" data-end=\"4393\">sitio de citas ruso<\/strong> o una <strong data-start=\"4400\" data-end=\"4433\">agencia matrimonial ucraniana<\/strong>.<\/p>\n<p data-start=\"4436\" data-end=\"4558\">Por supuesto, los <strong data-start=\"4454\" data-end=\"4469\">estafadores<\/strong> nunca admitir\u00e1n que lo son. Har\u00e1n todo lo posible por <strong data-start=\"4524\" data-end=\"4557\">parecer honestos y confiables<\/strong>.<\/p>\n<p data-start=\"4560\" data-end=\"4805\">Por eso no debes <strong data-start=\"4577\" data-end=\"4604\">confiar en las palabras<\/strong>.<br data-start=\"4605\" data-end=\"4608\" \/>No hagas preguntas como \u201c\u00bfSu <strong data-start=\"4637\" data-end=\"4655\">sitio de citas<\/strong> o su <strong data-start=\"4661\" data-end=\"4684\">agencia matrimonial<\/strong> es honesta?\u201d \u2014 obviamente, ning\u00fan estafador responder\u00e1 jam\u00e1s \u201cS\u00ed, somos estafadores.\u201d<br data-start=\"4770\" data-end=\"4773\" \/>Lo que necesitas son <strong data-start=\"4794\" data-end=\"4804\">hechos<\/strong>.<\/p>\n<p data-start=\"4807\" data-end=\"4858\">Esto es lo que hemos hecho como <strong data-start=\"4839\" data-end=\"4857\">PRUEBAS REALES<\/strong>:<\/p>\n<p><iframe title=\"SHOCKING TRUTH about Russian dating sites with a LIE DETECTOR TEST\" width=\"660\" height=\"371\" src=\"https:\/\/www.youtube.com\/embed\/TOzsdzS0L2Q?feature=oembed\" frameborder=\"0\" allow=\"accelerometer; autoplay; clipboard-write; encrypted-media; gyroscope; picture-in-picture; web-share\" referrerpolicy=\"strict-origin-when-cross-origin\" allowfullscreen><\/iframe><\/p>\n<hr data-start=\"4860\" data-end=\"4863\" \/>\n<p data-start=\"4865\" data-end=\"4889\">Si eso no es suficiente\u2026<\/p>\n<p data-start=\"4891\" data-end=\"4950\">Aqu\u00ed tienes <strong data-start=\"4903\" data-end=\"4917\">10 razones<\/strong> que disipar\u00e1n tus \u00faltimas dudas:<\/p>\n<hr data-start=\"4952\" data-end=\"4955\" \/>\n<p data-start=\"4957\" data-end=\"5450\"><strong data-start=\"4957\" data-end=\"4963\">1.<\/strong> No somos una <strong data-start=\"4977\" data-end=\"5013\">agencia matrimonial rusa an\u00f3nima<\/strong>, ni un <strong data-start=\"5021\" data-end=\"5071\">sitio de citas registrado en para\u00edsos fiscales<\/strong> fuera del alcance de la justicia y la fiscalidad internacional.<br data-start=\"5135\" data-end=\"5138\" \/>Las <strong data-start=\"5142\" data-end=\"5178\">direcciones de nuestras oficinas<\/strong> \u2014 en <strong data-start=\"5184\" data-end=\"5204\">Ucrania (Europa)<\/strong> y en <strong data-start=\"5210\" data-end=\"5245\">Norteam\u00e9rica (EE. UU. y Canad\u00e1)<\/strong> \u2014 est\u00e1n claramente indicadas en la <strong data-start=\"5281\" data-end=\"5322\">p\u00e1gina principal de nuestro sitio web<\/strong>.<br data-start=\"5323\" data-end=\"5326\" \/>Siempre puedes <strong data-start=\"5341\" data-end=\"5370\">contactarnos directamente<\/strong> e incluso <strong data-start=\"5381\" data-end=\"5417\">reunirte con nosotros en persona<\/strong> o mediante una <strong data-start=\"5433\" data-end=\"5449\">videollamada<\/strong>.<\/p>\n<hr data-start=\"5452\" data-end=\"5455\" \/>\n<p data-start=\"5457\" data-end=\"5739\"><strong data-start=\"5457\" data-end=\"5463\">2.<\/strong> Nuestra <strong data-start=\"5472\" data-end=\"5495\">agencia matrimonial<\/strong> est\u00e1 <strong data-start=\"5501\" data-end=\"5528\">oficialmente registrada<\/strong> tanto en <strong data-start=\"5538\" data-end=\"5558\">Europa (Ucrania)<\/strong> como en <strong data-start=\"5567\" data-end=\"5605\">Am\u00e9rica del Norte (Quebec, Canad\u00e1)<\/strong>.<br data-start=\"5606\" data-end=\"5609\" \/>Tambi\u00e9n tenemos un <strong data-start=\"5628\" data-end=\"5663\">representante oficial en Italia<\/strong> y muy pronto en <strong data-start=\"5680\" data-end=\"5690\">Espa\u00f1a<\/strong>, con quienes puedes hablar en cualquier momento.<\/p>\n<hr data-start=\"5741\" data-end=\"5744\" \/>\n<p data-start=\"5746\" data-end=\"6102\"><strong data-start=\"5746\" data-end=\"5752\">3.<\/strong> Comprueba cu\u00e1ntos a\u00f1os lleva existiendo el sitio <strong data-start=\"5802\" data-end=\"5817\">UkReine.com<\/strong> (utilizando el servicio \u201cWhoIs\u201d).<br data-start=\"5851\" data-end=\"5854\" \/>Ver\u00e1s que el sitio est\u00e1 activo desde <strong data-start=\"5891\" data-end=\"5899\">2003<\/strong>.<br data-start=\"5900\" data-end=\"5903\" \/>Es nuestro <strong data-start=\"5914\" data-end=\"5935\">segundo sitio web<\/strong> \u2014 el primero funcion\u00f3 de <strong data-start=\"5961\" data-end=\"5976\">1998 a 2003<\/strong>.<br data-start=\"5977\" data-end=\"5980\" \/>Ahora intenta encontrar <strong data-start=\"6004\" data-end=\"6027\">opiniones negativas<\/strong> sobre nuestra <strong data-start=\"6042\" data-end=\"6076\">agencia internacional de citas<\/strong> \u2014 no encontrar\u00e1s ninguna.<\/p>\n<hr data-start=\"6104\" data-end=\"6107\" \/>\n<p data-start=\"6109\" data-end=\"6378\"><strong data-start=\"6109\" data-end=\"6115\">4.<\/strong> Somos <strong data-start=\"6122\" data-end=\"6136\">diferentes<\/strong> de otras <strong data-start=\"6146\" data-end=\"6191\">agencias matrimoniales rusas o ucranianas<\/strong> que cobran <strong data-start=\"6203\" data-end=\"6238\">miles de d\u00f3lares sin resultados<\/strong>.<br data-start=\"6239\" data-end=\"6242\" \/><strong data-start=\"6242\" data-end=\"6253\">UkReine<\/strong> es, con diferencia, <strong data-start=\"6274\" data-end=\"6294\">la m\u00e1s econ\u00f3mica<\/strong>, pero lo m\u00e1s importante no es el precio, sino su <strong data-start=\"6344\" data-end=\"6377\">tasa de \u00e9xito superior al 80%<\/strong>.<\/p>\n<hr data-start=\"6380\" data-end=\"6383\" \/>\n<p data-start=\"6385\" data-end=\"6571\"><strong data-start=\"6385\" data-end=\"6391\">5.<\/strong> Somos los <strong data-start=\"6402\" data-end=\"6461\">fundadores del reconocido sitio allaboutdatingscams.com<\/strong>, actualmente uno de los <strong data-start=\"6486\" data-end=\"6526\">principales portales internacionales<\/strong> en la <strong data-start=\"6533\" data-end=\"6570\">lucha contra las estafas amorosas<\/strong>.<\/p>\n<hr data-start=\"6573\" data-end=\"6576\" \/>\n<p data-start=\"6578\" data-end=\"6875\"><strong data-start=\"6578\" data-end=\"6584\">6.<\/strong> Aceptamos pagos \u00fanicamente a trav\u00e9s del <strong data-start=\"6625\" data-end=\"6656\">sistema m\u00e1s seguro \u2014 PayPal<\/strong>.<br data-start=\"6657\" data-end=\"6660\" \/>Esto significa que <strong data-start=\"6679\" data-end=\"6703\">nunca tenemos acceso<\/strong> a los datos de tu tarjeta de cr\u00e9dito; solo podemos ver tu <strong data-start=\"6762\" data-end=\"6806\">nombre y direcci\u00f3n de correo electr\u00f3nico<\/strong>, que es toda la informaci\u00f3n que <strong data-start=\"6839\" data-end=\"6849\">PayPal<\/strong> comparte con el vendedor.<\/p>\n<hr data-start=\"6877\" data-end=\"6880\" \/>\n<p data-start=\"6882\" data-end=\"7173\"><strong data-start=\"6882\" data-end=\"6888\">7.<\/strong> Pedimos regularmente a nuestros clientes que dejen <strong data-start=\"6940\" data-end=\"6964\">testimonios en video<\/strong>.<br data-start=\"6965\" data-end=\"6968\" \/>A diferencia de las rese\u00f1as escritas, los <strong data-start=\"7010\" data-end=\"7057\">testimonios en video no pueden falsificarse<\/strong> \u2014 puedes ver varios (en <strong data-start=\"7082\" data-end=\"7093\">franc\u00e9s<\/strong> e <strong data-start=\"7096\" data-end=\"7106\">ingl\u00e9s<\/strong>) en la <a href=\"https:\/\/ukreine.com\/en\/testimonials\/\"><strong data-start=\"7114\" data-end=\"7140\">secci\u00f3n de testimonios<\/strong> de nuestra <strong data-start=\"7152\" data-end=\"7172\">agencia de citas<\/strong><\/a>.<\/p>\n<hr data-start=\"7175\" data-end=\"7178\" \/>\n<p data-start=\"7180\" data-end=\"7351\"><strong data-start=\"7180\" data-end=\"7186\">8.<\/strong> Si alguna vez tienes <strong data-start=\"7208\" data-end=\"7277\">dudas sobre la autenticidad de los perfiles de mujeres ucranianas<\/strong>, siempre puedes <strong data-start=\"7294\" data-end=\"7327\">reservar una videoconferencia<\/strong> directamente con ellas.<\/p>\n<hr data-start=\"7353\" data-end=\"7356\" \/>\n<p data-start=\"7358\" data-end=\"7890\"><strong data-start=\"7358\" data-end=\"7364\">9.<\/strong> Nuestro trabajo (a trav\u00e9s de nuestro <strong data-start=\"7402\" data-end=\"7467\">departamento de turismo \u2013 recepci\u00f3n de visitantes extranjeros<\/strong>) ha sido <strong data-start=\"7477\" data-end=\"7542\">oficialmente reconocido por la Embajada de Francia en Ucrania<\/strong>.<br data-start=\"7543\" data-end=\"7546\" \/>En <strong data-start=\"7549\" data-end=\"7557\">2008<\/strong>, la <strong data-start=\"7562\" data-end=\"7580\">Gu\u00eda de J\u00e1rkov<\/strong>, dise\u00f1ada por <strong data-start=\"7595\" data-end=\"7618\">Dimitri Bereznyakov<\/strong>, recibi\u00f3 el <strong data-start=\"7631\" data-end=\"7668\">Primer Premio de gu\u00edas ucranianas<\/strong> en un concurso nacional organizado por <strong data-start=\"7708\" data-end=\"7731\">Le Guide du Routard<\/strong> en cooperaci\u00f3n con la <strong data-start=\"7754\" data-end=\"7788\">Embajada de Francia en Ucrania<\/strong>.<br data-start=\"7789\" data-end=\"7792\" \/>Esta gu\u00eda todav\u00eda se puede encontrar en el <strong data-start=\"7835\" data-end=\"7889\">sitio oficial de la Embajada de Francia en Ucrania<\/strong>.<\/p>\n<hr data-start=\"7892\" data-end=\"7895\" \/>\n<p data-start=\"7897\" data-end=\"8149\"><strong data-start=\"7897\" data-end=\"7904\">10.<\/strong> Nuestro <strong data-start=\"7913\" data-end=\"7943\">trabajo contra las estafas<\/strong> ha sido presentado en <a href=\"https:\/\/ukreine.com\/es\/agencia-de-citas-internacionales-ukreine-en-la-television\/\"><strong data-start=\"7966\" data-end=\"8003\">numerosos programas de televisi\u00f3n<\/strong><\/a> emitidos en <strong data-start=\"8016\" data-end=\"8044\">Francia, B\u00e9lgica y Suiza<\/strong>.<br data-start=\"8045\" data-end=\"8048\" \/>Puedes encontrar varios <strong data-start=\"8072\" data-end=\"8095\">fragmentos de video<\/strong> en la <strong data-start=\"8102\" data-end=\"8148\">p\u00e1gina principal de nuestro sitio de citas<\/strong>.<\/p>\n","protected":false},"excerpt":{"rendered":"<p>Es bueno si a\u00fan eres esc\u00e9ptico \u2014 con el n\u00famero de estafas en internet que alcanza aproximadamente el 90%, es absolutamente necesario verificar varias veces antes de involucrarte con un sitio de citas ruso o una agencia matrimonial ucraniana. Por supuesto, los estafadores nunca admitir\u00e1n que lo son. Har\u00e1n todo lo posible por parecer honestos [&hellip;]<\/p>\n","protected":false},"author":54,"featured_media":0,"parent":0,"menu_order":0,"comment_status":"closed","ping_status":"closed","template":"","meta":{"_acf_changed":false,"footnotes":""},"class_list":["post-1034981","page","type-page","status-publish","hentry"],"acf":[],"yoast_head":"<!-- This site is optimized with the Yoast SEO Premium plugin v25.5 (Yoast SEO v27.2) - https:\/\/yoast.com\/product\/yoast-seo-premium-wordpress\/ -->\n<title>Asegurarme de la seriedad de su agencia matrimonial<\/title>\n<meta name=\"description\" content=\"\u00bfC\u00f3mo puedo asegurarme de la seriedad de su agencia matrimonial?\" \/>\n<meta name=\"robots\" content=\"index, follow, max-snippet:-1, max-image-preview:large, max-video-preview:-1\" \/>\n<link rel=\"canonical\" href=\"https:\/\/ukreine.com\/es\/como-puedo-asegurarme-de-la-seriedad-de-su-agencia-matrimonial\/\" \/>\n<meta property=\"og:locale\" content=\"es_ES\" \/>\n<meta property=\"og:type\" content=\"article\" \/>\n<meta property=\"og:title\" content=\"\u00bfC\u00f3mo puedo asegurarme de la seriedad de su agencia matrimonial?\" \/>\n<meta property=\"og:description\" content=\"\u00bfC\u00f3mo puedo asegurarme de la seriedad de su agencia matrimonial?\" \/>\n<meta property=\"og:url\" content=\"https:\/\/ukreine.com\/es\/como-puedo-asegurarme-de-la-seriedad-de-su-agencia-matrimonial\/\" \/>\n<meta property=\"og:site_name\" content=\"Ukreine\" \/>\n<meta property=\"article:publisher\" content=\"https:\/\/www.facebook.com\/datingrussianbrides\/\" \/>\n<meta property=\"article:modified_time\" content=\"2025-11-11T04:28:13+00:00\" \/>\n<meta name=\"twitter:card\" content=\"summary_large_image\" \/>\n<meta name=\"twitter:site\" content=\"@t4388388833\" \/>\n<meta name=\"twitter:label1\" content=\"Tiempo de lectura\" \/>\n\t<meta name=\"twitter:data1\" content=\"3 minutos\" \/>\n<script type=\"application\/ld+json\" class=\"yoast-schema-graph\">{\"@context\":\"https:\/\/schema.org\",\"@graph\":[{\"@type\":\"WebPage\",\"@id\":\"https:\/\/ukreine.com\/es\/como-puedo-asegurarme-de-la-seriedad-de-su-agencia-matrimonial\/\",\"url\":\"https:\/\/ukreine.com\/es\/como-puedo-asegurarme-de-la-seriedad-de-su-agencia-matrimonial\/\",\"name\":\"Asegurarme de la seriedad de su agencia matrimonial\",\"isPartOf\":{\"@id\":\"https:\/\/ukreine.com\/es\/#website\"},\"datePublished\":\"2025-11-10T16:46:14+00:00\",\"dateModified\":\"2025-11-11T04:28:13+00:00\",\"description\":\"\u00bfC\u00f3mo puedo asegurarme de la seriedad de su agencia matrimonial?\",\"breadcrumb\":{\"@id\":\"https:\/\/ukreine.com\/es\/como-puedo-asegurarme-de-la-seriedad-de-su-agencia-matrimonial\/#breadcrumb\"},\"inLanguage\":\"es\",\"potentialAction\":[{\"@type\":\"ReadAction\",\"target\":[\"https:\/\/ukreine.com\/es\/como-puedo-asegurarme-de-la-seriedad-de-su-agencia-matrimonial\/\"]}]},{\"@type\":\"BreadcrumbList\",\"@id\":\"https:\/\/ukreine.com\/es\/como-puedo-asegurarme-de-la-seriedad-de-su-agencia-matrimonial\/#breadcrumb\",\"itemListElement\":[{\"@type\":\"ListItem\",\"position\":1,\"name\":\"Home\",\"item\":\"https:\/\/ukreine.com\/es\/\"},{\"@type\":\"ListItem\",\"position\":2,\"name\":\"\u00bfC\u00f3mo puedo asegurarme de la seriedad de su agencia matrimonial?\"}]},{\"@type\":\"WebSite\",\"@id\":\"https:\/\/ukreine.com\/es\/#website\",\"url\":\"https:\/\/ukreine.com\/es\/\",\"name\":\"Ukreine\",\"description\":\"\",\"publisher\":{\"@id\":\"https:\/\/ukreine.com\/es\/#organization\"},\"potentialAction\":[{\"@type\":\"SearchAction\",\"target\":{\"@type\":\"EntryPoint\",\"urlTemplate\":\"https:\/\/ukreine.com\/es\/?s={search_term_string}\"},\"query-input\":{\"@type\":\"PropertyValueSpecification\",\"valueRequired\":true,\"valueName\":\"search_term_string\"}}],\"inLanguage\":\"es\"},{\"@type\":\"Organization\",\"@id\":\"https:\/\/ukreine.com\/es\/#organization\",\"name\":\"Ukreine\",\"url\":\"https:\/\/ukreine.com\/es\/\",\"logo\":{\"@type\":\"ImageObject\",\"inLanguage\":\"es\",\"@id\":\"https:\/\/ukreine.com\/es\/#\/schema\/logo\/image\/\",\"url\":\"https:\/\/ukreine.com\/wp-content\/uploads\/2018\/05\/logo.png\",\"contentUrl\":\"https:\/\/ukreine.com\/wp-content\/uploads\/2018\/05\/logo.png\",\"width\":325,\"height\":69,\"caption\":\"Ukreine\"},\"image\":{\"@id\":\"https:\/\/ukreine.com\/es\/#\/schema\/logo\/image\/\"},\"sameAs\":[\"https:\/\/www.facebook.com\/datingrussianbrides\/\",\"https:\/\/x.com\/t4388388833\",\"https:\/\/www.instagram.com\/agenceukreine\/\",\"https:\/\/www.pinterest.com\/dbereznyakov\/\",\"https:\/\/www.youtube.com\/channel\/UC5lMwPhy20E8Bti0mQL43UA\"]}]}<\/script>\n<!-- \/ Yoast SEO Premium plugin. -->","yoast_head_json":{"title":"Asegurarme de la seriedad de su agencia matrimonial","description":"\u00bfC\u00f3mo puedo asegurarme de la seriedad de su agencia matrimonial?","robots":{"index":"index","follow":"follow","max-snippet":"max-snippet:-1","max-image-preview":"max-image-preview:large","max-video-preview":"max-video-preview:-1"},"canonical":"https:\/\/ukreine.com\/es\/como-puedo-asegurarme-de-la-seriedad-de-su-agencia-matrimonial\/","og_locale":"es_ES","og_type":"article","og_title":"\u00bfC\u00f3mo puedo asegurarme de la seriedad de su agencia matrimonial?","og_description":"\u00bfC\u00f3mo puedo asegurarme de la seriedad de su agencia matrimonial?","og_url":"https:\/\/ukreine.com\/es\/como-puedo-asegurarme-de-la-seriedad-de-su-agencia-matrimonial\/","og_site_name":"Ukreine","article_publisher":"https:\/\/www.facebook.com\/datingrussianbrides\/","article_modified_time":"2025-11-11T04:28:13+00:00","twitter_card":"summary_large_image","twitter_site":"@t4388388833","twitter_misc":{"Tiempo de lectura":"3 minutos"},"schema":{"@context":"https:\/\/schema.org","@graph":[{"@type":"WebPage","@id":"https:\/\/ukreine.com\/es\/como-puedo-asegurarme-de-la-seriedad-de-su-agencia-matrimonial\/","url":"https:\/\/ukreine.com\/es\/como-puedo-asegurarme-de-la-seriedad-de-su-agencia-matrimonial\/","name":"Asegurarme de la seriedad de su agencia matrimonial","isPartOf":{"@id":"https:\/\/ukreine.com\/es\/#website"},"datePublished":"2025-11-10T16:46:14+00:00","dateModified":"2025-11-11T04:28:13+00:00","description":"\u00bfC\u00f3mo puedo asegurarme de la seriedad de su agencia matrimonial?","breadcrumb":{"@id":"https:\/\/ukreine.com\/es\/como-puedo-asegurarme-de-la-seriedad-de-su-agencia-matrimonial\/#breadcrumb"},"inLanguage":"es","potentialAction":[{"@type":"ReadAction","target":["https:\/\/ukreine.com\/es\/como-puedo-asegurarme-de-la-seriedad-de-su-agencia-matrimonial\/"]}]},{"@type":"BreadcrumbList","@id":"https:\/\/ukreine.com\/es\/como-puedo-asegurarme-de-la-seriedad-de-su-agencia-matrimonial\/#breadcrumb","itemListElement":[{"@type":"ListItem","position":1,"name":"Home","item":"https:\/\/ukreine.com\/es\/"},{"@type":"ListItem","position":2,"name":"\u00bfC\u00f3mo puedo asegurarme de la seriedad de su agencia matrimonial?"}]},{"@type":"WebSite","@id":"https:\/\/ukreine.com\/es\/#website","url":"https:\/\/ukreine.com\/es\/","name":"Ukreine","description":"","publisher":{"@id":"https:\/\/ukreine.com\/es\/#organization"},"potentialAction":[{"@type":"SearchAction","target":{"@type":"EntryPoint","urlTemplate":"https:\/\/ukreine.com\/es\/?s={search_term_string}"},"query-input":{"@type":"PropertyValueSpecification","valueRequired":true,"valueName":"search_term_string"}}],"inLanguage":"es"},{"@type":"Organization","@id":"https:\/\/ukreine.com\/es\/#organization","name":"Ukreine","url":"https:\/\/ukreine.com\/es\/","logo":{"@type":"ImageObject","inLanguage":"es","@id":"https:\/\/ukreine.com\/es\/#\/schema\/logo\/image\/","url":"https:\/\/ukreine.com\/wp-content\/uploads\/2018\/05\/logo.png","contentUrl":"https:\/\/ukreine.com\/wp-content\/uploads\/2018\/05\/logo.png","width":325,"height":69,"caption":"Ukreine"},"image":{"@id":"https:\/\/ukreine.com\/es\/#\/schema\/logo\/image\/"},"sameAs":["https:\/\/www.facebook.com\/datingrussianbrides\/","https:\/\/x.com\/t4388388833","https:\/\/www.instagram.com\/agenceukreine\/","https:\/\/www.pinterest.com\/dbereznyakov\/","https:\/\/www.youtube.com\/channel\/UC5lMwPhy20E8Bti0mQL43UA"]}]}},"_links":{"self":[{"href":"https:\/\/ukreine.com\/es\/wp-json\/wp\/v2\/pages\/1034981","targetHints":{"allow":["GET"]}}],"collection":[{"href":"https:\/\/ukreine.com\/es\/wp-json\/wp\/v2\/pages"}],"about":[{"href":"https:\/\/ukreine.com\/es\/wp-json\/wp\/v2\/types\/page"}],"author":[{"embeddable":true,"href":"https:\/\/ukreine.com\/es\/wp-json\/wp\/v2\/users\/54"}],"replies":[{"embeddable":true,"href":"https:\/\/ukreine.com\/es\/wp-json\/wp\/v2\/comments?post=1034981"}],"version-history":[{"count":4,"href":"https:\/\/ukreine.com\/es\/wp-json\/wp\/v2\/pages\/1034981\/revisions"}],"predecessor-version":[{"id":1035061,"href":"https:\/\/ukreine.com\/es\/wp-json\/wp\/v2\/pages\/1034981\/revisions\/1035061"}],"wp:attachment":[{"href":"https:\/\/ukreine.com\/es\/wp-json\/wp\/v2\/media?parent=1034981"}],"curies":[{"name":"wp","href":"https:\/\/api.w.org\/{rel}","templated":true}]}}