{"id":1034968,"date":"2018-01-20T12:39:44","date_gmt":"2018-01-20T12:39:44","guid":{"rendered":"https:\/\/ukreine.com\/soiree\/"},"modified":"2025-11-10T03:14:23","modified_gmt":"2025-11-10T03:14:23","slug":"velada-de-encuentros","status":"publish","type":"page","link":"https:\/\/ukreine.com\/es\/velada-de-encuentros\/","title":{"rendered":"Conoce a 100 bell\u00edsimas mujeres ucranianas en una sola noche"},"content":{"rendered":"","protected":false},"excerpt":{"rendered":"","protected":false},"author":1,"featured_media":0,"parent":0,"menu_order":0,"comment_status":"closed","ping_status":"closed","template":"Evening.php","meta":{"_acf_changed":false,"footnotes":""},"class_list":["post-1034968","page","type-page","status-publish","hentry"],"acf":[],"yoast_head":"<!-- This site is optimized with the Yoast SEO Premium plugin v25.5 (Yoast SEO v27.2) - https:\/\/yoast.com\/product\/yoast-seo-premium-wordpress\/ -->\n<title>Velada de encuentros con mujeres ucranianas<\/title>\n<meta name=\"description\" content=\"Veladas de encuentros entre bell\u00edsimas mujeres ucranianas y rusas solteras y hombres que vienen para la ocasi\u00f3n desde Francia, B\u00e9lgica, Canad\u00e1 y Suiza\" \/>\n<meta name=\"robots\" content=\"index, follow, max-snippet:-1, max-image-preview:large, max-video-preview:-1\" \/>\n<link rel=\"canonical\" href=\"https:\/\/ukreine.com\/es\/velada-de-encuentros\/\" \/>\n<meta property=\"og:locale\" content=\"es_ES\" \/>\n<meta property=\"og:type\" content=\"article\" \/>\n<meta property=\"og:title\" content=\"Conoce a 100 bell\u00edsimas mujeres ucranianas en una sola noche\" \/>\n<meta property=\"og:description\" content=\"Veladas de encuentros entre bell\u00edsimas mujeres ucranianas y rusas solteras y hombres que vienen para la ocasi\u00f3n desde Francia, B\u00e9lgica, Canad\u00e1 y Suiza\" \/>\n<meta property=\"og:url\" content=\"https:\/\/ukreine.com\/es\/velada-de-encuentros\/\" \/>\n<meta property=\"og:site_name\" content=\"Ukreine\" \/>\n<meta property=\"article:publisher\" content=\"https:\/\/www.facebook.com\/datingrussianbrides\/\" \/>\n<meta property=\"article:modified_time\" content=\"2025-11-10T03:14:23+00:00\" \/>\n<meta name=\"twitter:card\" content=\"summary_large_image\" \/>\n<meta name=\"twitter:site\" content=\"@t4388388833\" \/>\n<script type=\"application\/ld+json\" class=\"yoast-schema-graph\">{\"@context\":\"https:\/\/schema.org\",\"@graph\":[{\"@type\":\"WebPage\",\"@id\":\"https:\/\/ukreine.com\/es\/velada-de-encuentros\/\",\"url\":\"https:\/\/ukreine.com\/es\/velada-de-encuentros\/\",\"name\":\"Velada de encuentros con mujeres ucranianas\",\"isPartOf\":{\"@id\":\"https:\/\/ukreine.com\/es\/#website\"},\"datePublished\":\"2018-01-20T12:39:44+00:00\",\"dateModified\":\"2025-11-10T03:14:23+00:00\",\"description\":\"Veladas de encuentros entre bell\u00edsimas mujeres ucranianas y rusas solteras y hombres que vienen para la ocasi\u00f3n desde Francia, B\u00e9lgica, Canad\u00e1 y Suiza\",\"breadcrumb\":{\"@id\":\"https:\/\/ukreine.com\/es\/velada-de-encuentros\/#breadcrumb\"},\"inLanguage\":\"es\",\"potentialAction\":[{\"@type\":\"ReadAction\",\"target\":[\"https:\/\/ukreine.com\/es\/velada-de-encuentros\/\"]}]},{\"@type\":\"BreadcrumbList\",\"@id\":\"https:\/\/ukreine.com\/es\/velada-de-encuentros\/#breadcrumb\",\"itemListElement\":[{\"@type\":\"ListItem\",\"position\":1,\"name\":\"Home\",\"item\":\"https:\/\/ukreine.com\/es\/\"},{\"@type\":\"ListItem\",\"position\":2,\"name\":\"Conoce a 100 bell\u00edsimas mujeres ucranianas en una sola noche\"}]},{\"@type\":\"WebSite\",\"@id\":\"https:\/\/ukreine.com\/es\/#website\",\"url\":\"https:\/\/ukreine.com\/es\/\",\"name\":\"Ukreine\",\"description\":\"\",\"publisher\":{\"@id\":\"https:\/\/ukreine.com\/es\/#organization\"},\"potentialAction\":[{\"@type\":\"SearchAction\",\"target\":{\"@type\":\"EntryPoint\",\"urlTemplate\":\"https:\/\/ukreine.com\/es\/?s={search_term_string}\"},\"query-input\":{\"@type\":\"PropertyValueSpecification\",\"valueRequired\":true,\"valueName\":\"search_term_string\"}}],\"inLanguage\":\"es\"},{\"@type\":\"Organization\",\"@id\":\"https:\/\/ukreine.com\/es\/#organization\",\"name\":\"Ukreine\",\"url\":\"https:\/\/ukreine.com\/es\/\",\"logo\":{\"@type\":\"ImageObject\",\"inLanguage\":\"es\",\"@id\":\"https:\/\/ukreine.com\/es\/#\/schema\/logo\/image\/\",\"url\":\"https:\/\/ukreine.com\/wp-content\/uploads\/2018\/05\/logo.png\",\"contentUrl\":\"https:\/\/ukreine.com\/wp-content\/uploads\/2018\/05\/logo.png\",\"width\":325,\"height\":69,\"caption\":\"Ukreine\"},\"image\":{\"@id\":\"https:\/\/ukreine.com\/es\/#\/schema\/logo\/image\/\"},\"sameAs\":[\"https:\/\/www.facebook.com\/datingrussianbrides\/\",\"https:\/\/x.com\/t4388388833\",\"https:\/\/www.instagram.com\/agenceukreine\/\",\"https:\/\/www.pinterest.com\/dbereznyakov\/\",\"https:\/\/www.youtube.com\/channel\/UC5lMwPhy20E8Bti0mQL43UA\"]}]}<\/script>\n<!-- \/ Yoast SEO Premium plugin. -->","yoast_head_json":{"title":"Velada de encuentros con mujeres ucranianas","description":"Veladas de encuentros entre bell\u00edsimas mujeres ucranianas y rusas solteras y hombres que vienen para la ocasi\u00f3n desde Francia, B\u00e9lgica, Canad\u00e1 y Suiza","robots":{"index":"index","follow":"follow","max-snippet":"max-snippet:-1","max-image-preview":"max-image-preview:large","max-video-preview":"max-video-preview:-1"},"canonical":"https:\/\/ukreine.com\/es\/velada-de-encuentros\/","og_locale":"es_ES","og_type":"article","og_title":"Conoce a 100 bell\u00edsimas mujeres ucranianas en una sola noche","og_description":"Veladas de encuentros entre bell\u00edsimas mujeres ucranianas y rusas solteras y hombres que vienen para la ocasi\u00f3n desde Francia, B\u00e9lgica, Canad\u00e1 y Suiza","og_url":"https:\/\/ukreine.com\/es\/velada-de-encuentros\/","og_site_name":"Ukreine","article_publisher":"https:\/\/www.facebook.com\/datingrussianbrides\/","article_modified_time":"2025-11-10T03:14:23+00:00","twitter_card":"summary_large_image","twitter_site":"@t4388388833","schema":{"@context":"https:\/\/schema.org","@graph":[{"@type":"WebPage","@id":"https:\/\/ukreine.com\/es\/velada-de-encuentros\/","url":"https:\/\/ukreine.com\/es\/velada-de-encuentros\/","name":"Velada de encuentros con mujeres ucranianas","isPartOf":{"@id":"https:\/\/ukreine.com\/es\/#website"},"datePublished":"2018-01-20T12:39:44+00:00","dateModified":"2025-11-10T03:14:23+00:00","description":"Veladas de encuentros entre bell\u00edsimas mujeres ucranianas y rusas solteras y hombres que vienen para la ocasi\u00f3n desde Francia, B\u00e9lgica, Canad\u00e1 y Suiza","breadcrumb":{"@id":"https:\/\/ukreine.com\/es\/velada-de-encuentros\/#breadcrumb"},"inLanguage":"es","potentialAction":[{"@type":"ReadAction","target":["https:\/\/ukreine.com\/es\/velada-de-encuentros\/"]}]},{"@type":"BreadcrumbList","@id":"https:\/\/ukreine.com\/es\/velada-de-encuentros\/#breadcrumb","itemListElement":[{"@type":"ListItem","position":1,"name":"Home","item":"https:\/\/ukreine.com\/es\/"},{"@type":"ListItem","position":2,"name":"Conoce a 100 bell\u00edsimas mujeres ucranianas en una sola noche"}]},{"@type":"WebSite","@id":"https:\/\/ukreine.com\/es\/#website","url":"https:\/\/ukreine.com\/es\/","name":"Ukreine","description":"","publisher":{"@id":"https:\/\/ukreine.com\/es\/#organization"},"potentialAction":[{"@type":"SearchAction","target":{"@type":"EntryPoint","urlTemplate":"https:\/\/ukreine.com\/es\/?s={search_term_string}"},"query-input":{"@type":"PropertyValueSpecification","valueRequired":true,"valueName":"search_term_string"}}],"inLanguage":"es"},{"@type":"Organization","@id":"https:\/\/ukreine.com\/es\/#organization","name":"Ukreine","url":"https:\/\/ukreine.com\/es\/","logo":{"@type":"ImageObject","inLanguage":"es","@id":"https:\/\/ukreine.com\/es\/#\/schema\/logo\/image\/","url":"https:\/\/ukreine.com\/wp-content\/uploads\/2018\/05\/logo.png","contentUrl":"https:\/\/ukreine.com\/wp-content\/uploads\/2018\/05\/logo.png","width":325,"height":69,"caption":"Ukreine"},"image":{"@id":"https:\/\/ukreine.com\/es\/#\/schema\/logo\/image\/"},"sameAs":["https:\/\/www.facebook.com\/datingrussianbrides\/","https:\/\/x.com\/t4388388833","https:\/\/www.instagram.com\/agenceukreine\/","https:\/\/www.pinterest.com\/dbereznyakov\/","https:\/\/www.youtube.com\/channel\/UC5lMwPhy20E8Bti0mQL43UA"]}]}},"_links":{"self":[{"href":"https:\/\/ukreine.com\/es\/wp-json\/wp\/v2\/pages\/1034968","targetHints":{"allow":["GET"]}}],"collection":[{"href":"https:\/\/ukreine.com\/es\/wp-json\/wp\/v2\/pages"}],"about":[{"href":"https:\/\/ukreine.com\/es\/wp-json\/wp\/v2\/types\/page"}],"author":[{"embeddable":true,"href":"https:\/\/ukreine.com\/es\/wp-json\/wp\/v2\/users\/1"}],"replies":[{"embeddable":true,"href":"https:\/\/ukreine.com\/es\/wp-json\/wp\/v2\/comments?post=1034968"}],"version-history":[{"count":1,"href":"https:\/\/ukreine.com\/es\/wp-json\/wp\/v2\/pages\/1034968\/revisions"}],"predecessor-version":[{"id":1034970,"href":"https:\/\/ukreine.com\/es\/wp-json\/wp\/v2\/pages\/1034968\/revisions\/1034970"}],"wp:attachment":[{"href":"https:\/\/ukreine.com\/es\/wp-json\/wp\/v2\/media?parent=1034968"}],"curies":[{"name":"wp","href":"https:\/\/api.w.org\/{rel}","templated":true}]}}