{"id":1030655,"date":"2025-10-29T02:03:54","date_gmt":"2025-10-29T02:03:54","guid":{"rendered":"https:\/\/ukreine.com\/?page_id=1030655"},"modified":"2025-10-29T02:11:51","modified_gmt":"2025-10-29T02:11:51","slug":"agencia-de-citas-internacionales-ukreine-en-la-television","status":"publish","type":"page","link":"https:\/\/ukreine.com\/es\/agencia-de-citas-internacionales-ukreine-en-la-television\/","title":{"rendered":"Agencia de citas internacionales UkReine en la televisi\u00f3n"},"content":{"rendered":"<p data-start=\"2907\" data-end=\"3214\"><strong data-start=\"2907\" data-end=\"2994\">Programa de televisi\u00f3n sobre la agencia internacional de citas UkReine en France 2:<\/strong><br data-start=\"2994\" data-end=\"2997\" \/>\n    <div class=\"video_container center\">\n        <div class=\"embed-container\">\n            <iframe src=\"https:\/\/www.youtube.com\/embed\/HQS8Ma7wvsE?autoplay=0&amp;theme=dark &amp;loop=0&amp;fs=1&amp;showinfo=1&amp;modestbranding=0&amp;iv_load_policy=1&amp;color=red &amp;autohide=1&amp;disablekb=0&amp;rel=1&amp;enablejsapi=1&amp;version=3\" frameborder=\"0\" allowfullscreen class=\"youtube-video\"><\/iframe>\n        <\/div>\n    <\/div>\n\n    <\/p>\n<p data-start=\"3216\" data-end=\"3565\"><strong data-start=\"3216\" data-end=\"3290\">Programa de televisi\u00f3n sobre la protecci\u00f3n contra estafas en France 5:<\/strong> periodistas franceses y la agencia matrimonial UkReine<br data-start=\"3345\" data-end=\"3348\" \/>\n    <div class=\"video_container center\">\n        <div class=\"embed-container\">\n            <iframe src=\"https:\/\/www.youtube.com\/embed\/U5sg5R8Du9M?autoplay=0&amp;theme=dark &amp;loop=0&amp;fs=1&amp;showinfo=1&amp;modestbranding=0&amp;iv_load_policy=1&amp;color=red &amp;autohide=1&amp;disablekb=0&amp;rel=1&amp;enablejsapi=1&amp;version=3\" frameborder=\"0\" allowfullscreen class=\"youtube-video\"><\/iframe>\n        <\/div>\n    <\/div>\n\n    <\/p>\n<p data-start=\"3567\" data-end=\"3906\"><strong data-start=\"3567\" data-end=\"3615\">El canal de televisi\u00f3n ruso m\u00e1s grande, NTV,<\/strong> bas\u00f3 su programa en las investigaciones de la agencia UkReine:<br data-start=\"3678\" data-end=\"3681\" \/>\n    <div class=\"video_container center\">\n        <div class=\"embed-container\">\n            <iframe src=\"https:\/\/www.youtube.com\/embed\/0CRJpaisdcQ?autoplay=0\" frameborder=\"0\" allowfullscreen class=\"youtube-video\"><\/iframe>\n        <\/div>\n    <\/div>\n\n    <\/p>\n<p data-start=\"3908\" data-end=\"4228\"><strong data-start=\"3908\" data-end=\"4000\">Entrevista con el fundador de la agencia de citas UkReine en la radio CIEL FM en Canad\u00e1:<\/strong><br data-start=\"4000\" data-end=\"4003\" \/>\n    <div class=\"video_container center\">\n        <div class=\"embed-container\">\n            <iframe src=\"https:\/\/www.youtube.com\/embed\/iOWEWieqeiE?autoplay=0\" frameborder=\"0\" allowfullscreen class=\"youtube-video\"><\/iframe>\n        <\/div>\n    <\/div>\n\n    <\/p>\n","protected":false},"excerpt":{"rendered":"<p>Programa de televisi\u00f3n sobre la agencia internacional de citas UkReine en France 2: Programa de televisi\u00f3n sobre la protecci\u00f3n contra estafas en France 5: periodistas franceses y la agencia matrimonial UkReine El canal de televisi\u00f3n ruso m\u00e1s grande, NTV, bas\u00f3 su programa en las investigaciones de la agencia UkReine: Entrevista con el fundador de la [&hellip;]<\/p>\n","protected":false},"author":54,"featured_media":0,"parent":0,"menu_order":0,"comment_status":"closed","ping_status":"closed","template":"","meta":{"_acf_changed":false,"footnotes":""},"class_list":["post-1030655","page","type-page","status-publish","hentry"],"acf":[],"yoast_head":"<!-- This site is optimized with the Yoast SEO Premium plugin v25.5 (Yoast SEO v27.2) - https:\/\/yoast.com\/product\/yoast-seo-premium-wordpress\/ -->\n<title>Agencia de citas internacionales UkReine en la televisi\u00f3n<\/title>\n<meta name=\"description\" content=\"Agencia de citas internacionales UkReine en la televisi\u00f3n\" \/>\n<meta name=\"robots\" content=\"index, follow, max-snippet:-1, max-image-preview:large, max-video-preview:-1\" \/>\n<link rel=\"canonical\" href=\"https:\/\/ukreine.com\/es\/agencia-de-citas-internacionales-ukreine-en-la-television\/\" \/>\n<meta property=\"og:locale\" content=\"es_ES\" \/>\n<meta property=\"og:type\" content=\"article\" \/>\n<meta property=\"og:title\" content=\"Agencia de citas internacionales UkReine en la televisi\u00f3n\" \/>\n<meta property=\"og:description\" content=\"Agencia de citas internacionales UkReine en la televisi\u00f3n\" \/>\n<meta property=\"og:url\" content=\"https:\/\/ukreine.com\/es\/agencia-de-citas-internacionales-ukreine-en-la-television\/\" \/>\n<meta property=\"og:site_name\" content=\"Ukreine\" \/>\n<meta property=\"article:publisher\" content=\"https:\/\/www.facebook.com\/datingrussianbrides\/\" \/>\n<meta property=\"article:modified_time\" content=\"2025-10-29T02:11:51+00:00\" \/>\n<meta name=\"twitter:card\" content=\"summary_large_image\" \/>\n<meta name=\"twitter:site\" content=\"@t4388388833\" \/>\n<meta name=\"twitter:label1\" content=\"Tiempo de lectura\" \/>\n\t<meta name=\"twitter:data1\" content=\"1 minuto\" \/>\n<script type=\"application\/ld+json\" class=\"yoast-schema-graph\">{\"@context\":\"https:\/\/schema.org\",\"@graph\":[{\"@type\":\"WebPage\",\"@id\":\"https:\/\/ukreine.com\/es\/agencia-de-citas-internacionales-ukreine-en-la-television\/\",\"url\":\"https:\/\/ukreine.com\/es\/agencia-de-citas-internacionales-ukreine-en-la-television\/\",\"name\":\"Agencia de citas internacionales UkReine en la televisi\u00f3n\",\"isPartOf\":{\"@id\":\"https:\/\/ukreine.com\/es\/#website\"},\"datePublished\":\"2025-10-29T02:03:54+00:00\",\"dateModified\":\"2025-10-29T02:11:51+00:00\",\"description\":\"Agencia de citas internacionales UkReine en la televisi\u00f3n\",\"breadcrumb\":{\"@id\":\"https:\/\/ukreine.com\/es\/agencia-de-citas-internacionales-ukreine-en-la-television\/#breadcrumb\"},\"inLanguage\":\"es\",\"potentialAction\":[{\"@type\":\"ReadAction\",\"target\":[\"https:\/\/ukreine.com\/es\/agencia-de-citas-internacionales-ukreine-en-la-television\/\"]}]},{\"@type\":\"BreadcrumbList\",\"@id\":\"https:\/\/ukreine.com\/es\/agencia-de-citas-internacionales-ukreine-en-la-television\/#breadcrumb\",\"itemListElement\":[{\"@type\":\"ListItem\",\"position\":1,\"name\":\"Home\",\"item\":\"https:\/\/ukreine.com\/es\/\"},{\"@type\":\"ListItem\",\"position\":2,\"name\":\"Agencia de citas internacionales UkReine en la televisi\u00f3n\"}]},{\"@type\":\"WebSite\",\"@id\":\"https:\/\/ukreine.com\/es\/#website\",\"url\":\"https:\/\/ukreine.com\/es\/\",\"name\":\"Ukreine\",\"description\":\"\",\"publisher\":{\"@id\":\"https:\/\/ukreine.com\/es\/#organization\"},\"potentialAction\":[{\"@type\":\"SearchAction\",\"target\":{\"@type\":\"EntryPoint\",\"urlTemplate\":\"https:\/\/ukreine.com\/es\/?s={search_term_string}\"},\"query-input\":{\"@type\":\"PropertyValueSpecification\",\"valueRequired\":true,\"valueName\":\"search_term_string\"}}],\"inLanguage\":\"es\"},{\"@type\":\"Organization\",\"@id\":\"https:\/\/ukreine.com\/es\/#organization\",\"name\":\"Ukreine\",\"url\":\"https:\/\/ukreine.com\/es\/\",\"logo\":{\"@type\":\"ImageObject\",\"inLanguage\":\"es\",\"@id\":\"https:\/\/ukreine.com\/es\/#\/schema\/logo\/image\/\",\"url\":\"https:\/\/ukreine.com\/wp-content\/uploads\/2018\/05\/logo.png\",\"contentUrl\":\"https:\/\/ukreine.com\/wp-content\/uploads\/2018\/05\/logo.png\",\"width\":325,\"height\":69,\"caption\":\"Ukreine\"},\"image\":{\"@id\":\"https:\/\/ukreine.com\/es\/#\/schema\/logo\/image\/\"},\"sameAs\":[\"https:\/\/www.facebook.com\/datingrussianbrides\/\",\"https:\/\/x.com\/t4388388833\",\"https:\/\/www.instagram.com\/agenceukreine\/\",\"https:\/\/www.pinterest.com\/dbereznyakov\/\",\"https:\/\/www.youtube.com\/channel\/UC5lMwPhy20E8Bti0mQL43UA\"]}]}<\/script>\n<!-- \/ Yoast SEO Premium plugin. -->","yoast_head_json":{"title":"Agencia de citas internacionales UkReine en la televisi\u00f3n","description":"Agencia de citas internacionales UkReine en la televisi\u00f3n","robots":{"index":"index","follow":"follow","max-snippet":"max-snippet:-1","max-image-preview":"max-image-preview:large","max-video-preview":"max-video-preview:-1"},"canonical":"https:\/\/ukreine.com\/es\/agencia-de-citas-internacionales-ukreine-en-la-television\/","og_locale":"es_ES","og_type":"article","og_title":"Agencia de citas internacionales UkReine en la televisi\u00f3n","og_description":"Agencia de citas internacionales UkReine en la televisi\u00f3n","og_url":"https:\/\/ukreine.com\/es\/agencia-de-citas-internacionales-ukreine-en-la-television\/","og_site_name":"Ukreine","article_publisher":"https:\/\/www.facebook.com\/datingrussianbrides\/","article_modified_time":"2025-10-29T02:11:51+00:00","twitter_card":"summary_large_image","twitter_site":"@t4388388833","twitter_misc":{"Tiempo de lectura":"1 minuto"},"schema":{"@context":"https:\/\/schema.org","@graph":[{"@type":"WebPage","@id":"https:\/\/ukreine.com\/es\/agencia-de-citas-internacionales-ukreine-en-la-television\/","url":"https:\/\/ukreine.com\/es\/agencia-de-citas-internacionales-ukreine-en-la-television\/","name":"Agencia de citas internacionales UkReine en la televisi\u00f3n","isPartOf":{"@id":"https:\/\/ukreine.com\/es\/#website"},"datePublished":"2025-10-29T02:03:54+00:00","dateModified":"2025-10-29T02:11:51+00:00","description":"Agencia de citas internacionales UkReine en la televisi\u00f3n","breadcrumb":{"@id":"https:\/\/ukreine.com\/es\/agencia-de-citas-internacionales-ukreine-en-la-television\/#breadcrumb"},"inLanguage":"es","potentialAction":[{"@type":"ReadAction","target":["https:\/\/ukreine.com\/es\/agencia-de-citas-internacionales-ukreine-en-la-television\/"]}]},{"@type":"BreadcrumbList","@id":"https:\/\/ukreine.com\/es\/agencia-de-citas-internacionales-ukreine-en-la-television\/#breadcrumb","itemListElement":[{"@type":"ListItem","position":1,"name":"Home","item":"https:\/\/ukreine.com\/es\/"},{"@type":"ListItem","position":2,"name":"Agencia de citas internacionales UkReine en la televisi\u00f3n"}]},{"@type":"WebSite","@id":"https:\/\/ukreine.com\/es\/#website","url":"https:\/\/ukreine.com\/es\/","name":"Ukreine","description":"","publisher":{"@id":"https:\/\/ukreine.com\/es\/#organization"},"potentialAction":[{"@type":"SearchAction","target":{"@type":"EntryPoint","urlTemplate":"https:\/\/ukreine.com\/es\/?s={search_term_string}"},"query-input":{"@type":"PropertyValueSpecification","valueRequired":true,"valueName":"search_term_string"}}],"inLanguage":"es"},{"@type":"Organization","@id":"https:\/\/ukreine.com\/es\/#organization","name":"Ukreine","url":"https:\/\/ukreine.com\/es\/","logo":{"@type":"ImageObject","inLanguage":"es","@id":"https:\/\/ukreine.com\/es\/#\/schema\/logo\/image\/","url":"https:\/\/ukreine.com\/wp-content\/uploads\/2018\/05\/logo.png","contentUrl":"https:\/\/ukreine.com\/wp-content\/uploads\/2018\/05\/logo.png","width":325,"height":69,"caption":"Ukreine"},"image":{"@id":"https:\/\/ukreine.com\/es\/#\/schema\/logo\/image\/"},"sameAs":["https:\/\/www.facebook.com\/datingrussianbrides\/","https:\/\/x.com\/t4388388833","https:\/\/www.instagram.com\/agenceukreine\/","https:\/\/www.pinterest.com\/dbereznyakov\/","https:\/\/www.youtube.com\/channel\/UC5lMwPhy20E8Bti0mQL43UA"]}]}},"_links":{"self":[{"href":"https:\/\/ukreine.com\/es\/wp-json\/wp\/v2\/pages\/1030655","targetHints":{"allow":["GET"]}}],"collection":[{"href":"https:\/\/ukreine.com\/es\/wp-json\/wp\/v2\/pages"}],"about":[{"href":"https:\/\/ukreine.com\/es\/wp-json\/wp\/v2\/types\/page"}],"author":[{"embeddable":true,"href":"https:\/\/ukreine.com\/es\/wp-json\/wp\/v2\/users\/54"}],"replies":[{"embeddable":true,"href":"https:\/\/ukreine.com\/es\/wp-json\/wp\/v2\/comments?post=1030655"}],"version-history":[{"count":2,"href":"https:\/\/ukreine.com\/es\/wp-json\/wp\/v2\/pages\/1030655\/revisions"}],"predecessor-version":[{"id":1030664,"href":"https:\/\/ukreine.com\/es\/wp-json\/wp\/v2\/pages\/1030655\/revisions\/1030664"}],"wp:attachment":[{"href":"https:\/\/ukreine.com\/es\/wp-json\/wp\/v2\/media?parent=1030655"}],"curies":[{"name":"wp","href":"https:\/\/api.w.org\/{rel}","templated":true}]}}