{"id":1030577,"date":"2025-10-28T01:44:22","date_gmt":"2025-10-28T01:44:22","guid":{"rendered":"https:\/\/ukreine.com\/?page_id=1030577"},"modified":"2025-10-28T01:45:21","modified_gmt":"2025-10-28T01:45:21","slug":"estoy-protegido-contra-las-estafas-en-su-sitio-de-citas","status":"publish","type":"page","link":"https:\/\/ukreine.com\/es\/estoy-protegido-contra-las-estafas-en-su-sitio-de-citas\/","title":{"rendered":"\u00bfEstoy protegido contra las estafas en su sitio de citas?"},"content":{"rendered":"<h3 data-start=\"4813\" data-end=\"4873\">Est\u00e1s protegido al 100% contra las estafas sentimentales<\/h3>\n<p data-start=\"4875\" data-end=\"5384\">Desde 2010, nuestra agencia te protege completamente contra las estafas amorosas gracias a nuestro portal especializado <strong data-start=\"4995\" data-end=\"5038\">Antiarnaques allaboutdatingscams.com\/es<\/strong>.<br data-start=\"5039\" data-end=\"5042\" \/>Este sitio, que creamos y desarrollamos hace m\u00e1s de diez a\u00f1os, es hoy uno de los portales europeos m\u00e1s importantes dedicados a la <strong data-start=\"5172\" data-end=\"5214\">protecci\u00f3n de los hombres occidentales<\/strong> frente a las estafas sentimentales, con una <strong data-start=\"5259\" data-end=\"5304\">lista negra de mujeres rusas y ucranianas<\/strong> y la posibilidad de <strong data-start=\"5325\" data-end=\"5381\">verificar la identidad de mujeres rusas y ucranianas<\/strong>.<\/p>\n<p data-start=\"5386\" data-end=\"5688\"><em><strong data-start=\"5386\" data-end=\"5401\">UkReine.com<\/strong> se enorgullece de garantizar que cada mujer inscrita en nuestra plataforma ha sido sometida a una <strong data-start=\"5500\" data-end=\"5553\">verificaci\u00f3n completa de identidad y motivaciones<\/strong> antes de cualquier contacto con un miembro.<\/em><br data-start=\"5597\" data-end=\"5600\" \/><em>Nuestra misi\u00f3n es ofrecerte encuentros aut\u00e9nticos, transparentes y totalmente seguros.<\/em><\/p>\n<hr data-start=\"5690\" data-end=\"5693\" \/>\n<h3 data-start=\"5695\" data-end=\"5750\">Verifica la identidad de una mujer rusa o ucraniana<\/h3>\n<p data-start=\"5752\" data-end=\"6017\">Nuestro servicio no se limita a poner en contacto a las personas.<br data-start=\"5817\" data-end=\"5820\" \/>Tambi\u00e9n te ofrecemos la posibilidad de <strong data-start=\"5859\" data-end=\"5899\">verificar gratuitamente la identidad<\/strong> de cualquier mujer rusa o ucraniana que hayas conocido en otro sitio de citas o de la cual hayas recibido mensajes.<\/p>\n<p data-start=\"6019\" data-end=\"6258\">Esta verificaci\u00f3n te permite evitar caer en la trampa de perfiles falsos o personas malintencionadas.<br data-start=\"6120\" data-end=\"6123\" \/>Solo tienes que visitar <strong data-start=\"6147\" data-end=\"6177\">allaboutdatingscams.com\/es<\/strong>\u00a0y completar un breve formulario para obtener gratuitamente informaci\u00f3n fiable.<\/p>\n<hr data-start=\"6260\" data-end=\"6263\" \/>\n<h3 data-start=\"6265\" data-end=\"6304\">\u00bfPor qu\u00e9 has llegado a esta p\u00e1gina?<\/h3>\n<p data-start=\"6306\" data-end=\"6532\">Si encontraste este sitio buscando en Google t\u00e9rminos como<br data-start=\"6364\" data-end=\"6367\" \/><strong data-start=\"6367\" data-end=\"6384\">\u201cantiestafas\u201d<\/strong>, <strong data-start=\"6386\" data-end=\"6417\">\u201clista negra mujeres rusas\u201d<\/strong> o <strong data-start=\"6420\" data-end=\"6455\">\u201cverificar una mujer ucraniana\u201d<\/strong>,<br data-start=\"6456\" data-end=\"6459\" \/>es muy probable que te encuentres en una de las siguientes situaciones:<\/p>\n<ul data-start=\"6534\" data-end=\"6762\">\n<li data-start=\"6534\" data-end=\"6648\">\n<p data-start=\"6536\" data-end=\"6648\">Est\u00e1s manteniendo correspondencia con una mujer rusa o ucraniana y <strong data-start=\"6603\" data-end=\"6645\">sospechas una estafa o un perfil falso<\/strong>.<\/p>\n<\/li>\n<li data-start=\"6649\" data-end=\"6762\">\n<p data-start=\"6651\" data-end=\"6762\">Ya has sido <strong data-start=\"6663\" data-end=\"6700\">v\u00edctima de una estafa sentimental<\/strong> y quieres denunciarlo para evitar que da\u00f1e a otros hombres.<\/p>\n<\/li>\n<\/ul>\n<p data-start=\"6764\" data-end=\"6838\">En ambos casos, <strong data-start=\"6780\" data-end=\"6835\">te ayudaremos gratuitamente y sin ning\u00fan compromiso<\/strong>.<\/p>\n<p data-start=\"6840\" data-end=\"7217\">\u00bfPor qu\u00e9 lo hacemos?<br data-start=\"6860\" data-end=\"6863\" \/>Porque sabemos que cada estafa destruye la confianza. Despu\u00e9s de una mala experiencia, muchos hombres ya no creen en la sinceridad de una mujer, incluso si es honesta y real.<br data-start=\"7037\" data-end=\"7040\" \/>Esta desconfianza injustificada termina da\u00f1ando la imagen de la mayor\u00eda de las mujeres rusas y ucranianas sinceras, fieles y amables, que buscan una relaci\u00f3n seria y duradera.<\/p>\n<hr data-start=\"7219\" data-end=\"7222\" \/>\n<h3 data-start=\"7224\" data-end=\"7283\">Verificaci\u00f3n de identidad de mujeres rusas y ucranianas<\/h3>\n<p data-start=\"7285\" data-end=\"7591\">Gracias a nuestras herramientas de investigaci\u00f3n, podemos <strong data-start=\"7343\" data-end=\"7399\">verificar la identidad de una mujer rusa o ucraniana<\/strong> en todo el territorio ucraniano (100%) y en aproximadamente el 80% del territorio ruso.<br data-start=\"7487\" data-end=\"7490\" \/>Colaboramos con bases de datos p\u00fablicas y confidenciales accesibles al <strong data-start=\"7561\" data-end=\"7588\">Ministerio del Interior<\/strong>.<\/p>\n<p data-start=\"7593\" data-end=\"7628\">Nuestras verificaciones incluyen:<\/p>\n<ul data-start=\"7629\" data-end=\"7884\">\n<li data-start=\"7629\" data-end=\"7665\">\n<p data-start=\"7631\" data-end=\"7665\">Exactitud de la direcci\u00f3n postal<\/p>\n<\/li>\n<li data-start=\"7666\" data-end=\"7723\">\n<p data-start=\"7668\" data-end=\"7723\">Nombre y apellido, comparados con nuestra lista negra<\/p>\n<\/li>\n<li data-start=\"7724\" data-end=\"7747\">\n<p data-start=\"7726\" data-end=\"7747\">Fecha de nacimiento<\/p>\n<\/li>\n<li data-start=\"7748\" data-end=\"7795\">\n<p data-start=\"7750\" data-end=\"7795\">N\u00famero y validez del documento de identidad<\/p>\n<\/li>\n<li data-start=\"7796\" data-end=\"7884\">\n<p data-start=\"7798\" data-end=\"7884\">Autenticidad de las fotos, comparadas con nuestra base de datos de estafas conocidas<\/p>\n<\/li>\n<\/ul>\n<p data-start=\"7886\" data-end=\"8047\">\ud83d\udce9 Para beneficiarte de este servicio, describe simplemente tu situaci\u00f3n y env\u00eda un mensaje a <strong data-start=\"9270\" data-end=\"9302\"><a class=\"decorated-link cursor-pointer\" rel=\"noopener\" data-start=\"9272\" data-end=\"9300\">info@allaboutdatingscams.com<\/a><\/strong>\u00a0con el asunto:<br data-start=\"8015\" data-end=\"8018\" \/><strong data-start=\"8018\" data-end=\"8044\">\u201cEstafa de mujer rusa\u201d<\/strong>.<\/p>\n<hr data-start=\"8049\" data-end=\"8052\" \/>\n<h3 data-start=\"8054\" data-end=\"8110\">\u00bfSe puede recuperar el dinero despu\u00e9s de una estafa?<\/h3>\n<p data-start=\"8112\" data-end=\"8383\">La verdad es que <strong data-start=\"8129\" data-end=\"8175\">es muy dif\u00edcil recuperar el dinero perdido<\/strong> en una estafa sentimental, ya que normalmente el dinero se env\u00eda de forma voluntaria.<br data-start=\"8261\" data-end=\"8264\" \/>Sin embargo, en algunos casos particulares, es posible obtener un <strong data-start=\"8330\" data-end=\"8351\">reembolso parcial<\/strong> o <strong data-start=\"8354\" data-end=\"8380\">presionar al estafador<\/strong>.<\/p>\n<p data-start=\"8385\" data-end=\"8776\"><strong data-start=\"8385\" data-end=\"8398\">Ejemplo 1<\/strong><br data-start=\"8398\" data-end=\"8401\" \/>Un hombre belga envi\u00f3 <strong data-start=\"8423\" data-end=\"8434\">3.000 \u20ac<\/strong> a una mujer rusa mediante Western Union para financiar su viaje.<br data-start=\"8499\" data-end=\"8502\" \/>Gracias a los datos recopilados (nombre completo, direcci\u00f3n, universidad), una agencia de investigaci\u00f3n prepar\u00f3 un expediente que fue entregado al rector de su universidad en Mosc\u00fa.<br data-start=\"8683\" data-end=\"8686\" \/>Por miedo a sanciones o expulsi\u00f3n, la mujer decidi\u00f3 <strong data-start=\"8738\" data-end=\"8760\">reembolsar 1.700 \u20ac<\/strong> a la v\u00edctima.<\/p>\n<p data-start=\"8778\" data-end=\"9131\"><strong data-start=\"8778\" data-end=\"8791\">Ejemplo 2<\/strong><br data-start=\"8791\" data-end=\"8794\" \/>Otro hombre, ya v\u00edctima de una estafa, volvi\u00f3 a contactar a la misma mujer bajo una identidad falsa, fingiendo ser un empresario rico.<br data-start=\"8928\" data-end=\"8931\" \/>Atra\u00edda por la promesa de regalos costosos, la mujer adelant\u00f3 su propio dinero para reservar un hotel y un coche.<br data-start=\"9044\" data-end=\"9047\" \/>Resultado: <strong data-start=\"9058\" data-end=\"9086\">ella misma perdi\u00f3 dinero<\/strong>, comprendiendo la lecci\u00f3n demasiado tarde.<\/p>\n<hr data-start=\"9133\" data-end=\"9136\" \/>\n<h3 data-start=\"9138\" data-end=\"9153\">Cont\u00e1ctanos<\/h3>\n<p data-start=\"9155\" data-end=\"9305\">Para cualquier <strong data-start=\"9170\" data-end=\"9220\">verificaci\u00f3n de identidad, denuncia o consulta<\/strong> sobre una mujer rusa o ucraniana,<br data-start=\"9254\" data-end=\"9257\" \/>escr\u00edbenos a <strong data-start=\"9270\" data-end=\"9302\"><a class=\"decorated-link cursor-pointer\" rel=\"noopener\" data-start=\"9272\" data-end=\"9300\">info@allaboutdatingscams.com<\/a><\/strong>.<\/p>\n<p data-start=\"9307\" data-end=\"9530\">Nuestro equipo de expertos te responder\u00e1 de forma <strong data-start=\"9357\" data-end=\"9409\">detallada y confidencial en un plazo de 24 horas<\/strong>.<br data-start=\"9410\" data-end=\"9413\" \/>Estamos aqu\u00ed para <strong data-start=\"9431\" data-end=\"9493\">protegerte, informarte y ayudarte a recuperar la confianza<\/strong> en las relaciones internacionales.<\/p>\n","protected":false},"excerpt":{"rendered":"<p>Est\u00e1s protegido al 100% contra las estafas sentimentales Desde 2010, nuestra agencia te protege completamente contra las estafas amorosas gracias a nuestro portal especializado Antiarnaques allaboutdatingscams.com\/es.Este sitio, que creamos y desarrollamos hace m\u00e1s de diez a\u00f1os, es hoy uno de los portales europeos m\u00e1s importantes dedicados a la protecci\u00f3n de los hombres occidentales frente a [&hellip;]<\/p>\n","protected":false},"author":54,"featured_media":0,"parent":0,"menu_order":0,"comment_status":"closed","ping_status":"closed","template":"","meta":{"_acf_changed":false,"footnotes":""},"class_list":["post-1030577","page","type-page","status-publish","hentry"],"acf":[],"yoast_head":"<!-- This site is optimized with the Yoast SEO Premium plugin v25.5 (Yoast SEO v27.2) - https:\/\/yoast.com\/product\/yoast-seo-premium-wordpress\/ -->\n<title>verificar la identidad de una mujer rusa o ucraniana<\/title>\n<meta name=\"description\" content=\"posibilidad de verificar gratuitamente la identidad de cualquier mujer rusa o ucraniana que hayas conocido en otro sitio de citas\" \/>\n<meta name=\"robots\" content=\"index, follow, max-snippet:-1, max-image-preview:large, max-video-preview:-1\" \/>\n<link rel=\"canonical\" href=\"https:\/\/ukreine.com\/es\/estoy-protegido-contra-las-estafas-en-su-sitio-de-citas\/\" \/>\n<meta property=\"og:locale\" content=\"es_ES\" \/>\n<meta property=\"og:type\" content=\"article\" \/>\n<meta property=\"og:title\" content=\"\u00bfEstoy protegido contra las estafas en su sitio de citas?\" \/>\n<meta property=\"og:description\" content=\"posibilidad de verificar gratuitamente la identidad de cualquier mujer rusa o ucraniana que hayas conocido en otro sitio de citas\" \/>\n<meta property=\"og:url\" content=\"https:\/\/ukreine.com\/es\/estoy-protegido-contra-las-estafas-en-su-sitio-de-citas\/\" \/>\n<meta property=\"og:site_name\" content=\"Ukreine\" \/>\n<meta property=\"article:publisher\" content=\"https:\/\/www.facebook.com\/datingrussianbrides\/\" \/>\n<meta property=\"article:modified_time\" content=\"2025-10-28T01:45:21+00:00\" \/>\n<meta name=\"twitter:card\" content=\"summary_large_image\" \/>\n<meta name=\"twitter:site\" content=\"@t4388388833\" \/>\n<meta name=\"twitter:label1\" content=\"Tiempo de lectura\" \/>\n\t<meta name=\"twitter:data1\" content=\"4 minutos\" \/>\n<script type=\"application\/ld+json\" class=\"yoast-schema-graph\">{\"@context\":\"https:\/\/schema.org\",\"@graph\":[{\"@type\":\"WebPage\",\"@id\":\"https:\/\/ukreine.com\/es\/estoy-protegido-contra-las-estafas-en-su-sitio-de-citas\/\",\"url\":\"https:\/\/ukreine.com\/es\/estoy-protegido-contra-las-estafas-en-su-sitio-de-citas\/\",\"name\":\"verificar la identidad de una mujer rusa o ucraniana\",\"isPartOf\":{\"@id\":\"https:\/\/ukreine.com\/es\/#website\"},\"datePublished\":\"2025-10-28T01:44:22+00:00\",\"dateModified\":\"2025-10-28T01:45:21+00:00\",\"description\":\"posibilidad de verificar gratuitamente la identidad de cualquier mujer rusa o ucraniana que hayas conocido en otro sitio de citas\",\"breadcrumb\":{\"@id\":\"https:\/\/ukreine.com\/es\/estoy-protegido-contra-las-estafas-en-su-sitio-de-citas\/#breadcrumb\"},\"inLanguage\":\"es\",\"potentialAction\":[{\"@type\":\"ReadAction\",\"target\":[\"https:\/\/ukreine.com\/es\/estoy-protegido-contra-las-estafas-en-su-sitio-de-citas\/\"]}]},{\"@type\":\"BreadcrumbList\",\"@id\":\"https:\/\/ukreine.com\/es\/estoy-protegido-contra-las-estafas-en-su-sitio-de-citas\/#breadcrumb\",\"itemListElement\":[{\"@type\":\"ListItem\",\"position\":1,\"name\":\"Home\",\"item\":\"https:\/\/ukreine.com\/es\/\"},{\"@type\":\"ListItem\",\"position\":2,\"name\":\"\u00bfEstoy protegido contra las estafas en su sitio de citas?\"}]},{\"@type\":\"WebSite\",\"@id\":\"https:\/\/ukreine.com\/es\/#website\",\"url\":\"https:\/\/ukreine.com\/es\/\",\"name\":\"Ukreine\",\"description\":\"\",\"publisher\":{\"@id\":\"https:\/\/ukreine.com\/es\/#organization\"},\"potentialAction\":[{\"@type\":\"SearchAction\",\"target\":{\"@type\":\"EntryPoint\",\"urlTemplate\":\"https:\/\/ukreine.com\/es\/?s={search_term_string}\"},\"query-input\":{\"@type\":\"PropertyValueSpecification\",\"valueRequired\":true,\"valueName\":\"search_term_string\"}}],\"inLanguage\":\"es\"},{\"@type\":\"Organization\",\"@id\":\"https:\/\/ukreine.com\/es\/#organization\",\"name\":\"Ukreine\",\"url\":\"https:\/\/ukreine.com\/es\/\",\"logo\":{\"@type\":\"ImageObject\",\"inLanguage\":\"es\",\"@id\":\"https:\/\/ukreine.com\/es\/#\/schema\/logo\/image\/\",\"url\":\"https:\/\/ukreine.com\/wp-content\/uploads\/2018\/05\/logo.png\",\"contentUrl\":\"https:\/\/ukreine.com\/wp-content\/uploads\/2018\/05\/logo.png\",\"width\":325,\"height\":69,\"caption\":\"Ukreine\"},\"image\":{\"@id\":\"https:\/\/ukreine.com\/es\/#\/schema\/logo\/image\/\"},\"sameAs\":[\"https:\/\/www.facebook.com\/datingrussianbrides\/\",\"https:\/\/x.com\/t4388388833\",\"https:\/\/www.instagram.com\/agenceukreine\/\",\"https:\/\/www.pinterest.com\/dbereznyakov\/\",\"https:\/\/www.youtube.com\/channel\/UC5lMwPhy20E8Bti0mQL43UA\"]}]}<\/script>\n<!-- \/ Yoast SEO Premium plugin. -->","yoast_head_json":{"title":"verificar la identidad de una mujer rusa o ucraniana","description":"posibilidad de verificar gratuitamente la identidad de cualquier mujer rusa o ucraniana que hayas conocido en otro sitio de citas","robots":{"index":"index","follow":"follow","max-snippet":"max-snippet:-1","max-image-preview":"max-image-preview:large","max-video-preview":"max-video-preview:-1"},"canonical":"https:\/\/ukreine.com\/es\/estoy-protegido-contra-las-estafas-en-su-sitio-de-citas\/","og_locale":"es_ES","og_type":"article","og_title":"\u00bfEstoy protegido contra las estafas en su sitio de citas?","og_description":"posibilidad de verificar gratuitamente la identidad de cualquier mujer rusa o ucraniana que hayas conocido en otro sitio de citas","og_url":"https:\/\/ukreine.com\/es\/estoy-protegido-contra-las-estafas-en-su-sitio-de-citas\/","og_site_name":"Ukreine","article_publisher":"https:\/\/www.facebook.com\/datingrussianbrides\/","article_modified_time":"2025-10-28T01:45:21+00:00","twitter_card":"summary_large_image","twitter_site":"@t4388388833","twitter_misc":{"Tiempo de lectura":"4 minutos"},"schema":{"@context":"https:\/\/schema.org","@graph":[{"@type":"WebPage","@id":"https:\/\/ukreine.com\/es\/estoy-protegido-contra-las-estafas-en-su-sitio-de-citas\/","url":"https:\/\/ukreine.com\/es\/estoy-protegido-contra-las-estafas-en-su-sitio-de-citas\/","name":"verificar la identidad de una mujer rusa o ucraniana","isPartOf":{"@id":"https:\/\/ukreine.com\/es\/#website"},"datePublished":"2025-10-28T01:44:22+00:00","dateModified":"2025-10-28T01:45:21+00:00","description":"posibilidad de verificar gratuitamente la identidad de cualquier mujer rusa o ucraniana que hayas conocido en otro sitio de citas","breadcrumb":{"@id":"https:\/\/ukreine.com\/es\/estoy-protegido-contra-las-estafas-en-su-sitio-de-citas\/#breadcrumb"},"inLanguage":"es","potentialAction":[{"@type":"ReadAction","target":["https:\/\/ukreine.com\/es\/estoy-protegido-contra-las-estafas-en-su-sitio-de-citas\/"]}]},{"@type":"BreadcrumbList","@id":"https:\/\/ukreine.com\/es\/estoy-protegido-contra-las-estafas-en-su-sitio-de-citas\/#breadcrumb","itemListElement":[{"@type":"ListItem","position":1,"name":"Home","item":"https:\/\/ukreine.com\/es\/"},{"@type":"ListItem","position":2,"name":"\u00bfEstoy protegido contra las estafas en su sitio de citas?"}]},{"@type":"WebSite","@id":"https:\/\/ukreine.com\/es\/#website","url":"https:\/\/ukreine.com\/es\/","name":"Ukreine","description":"","publisher":{"@id":"https:\/\/ukreine.com\/es\/#organization"},"potentialAction":[{"@type":"SearchAction","target":{"@type":"EntryPoint","urlTemplate":"https:\/\/ukreine.com\/es\/?s={search_term_string}"},"query-input":{"@type":"PropertyValueSpecification","valueRequired":true,"valueName":"search_term_string"}}],"inLanguage":"es"},{"@type":"Organization","@id":"https:\/\/ukreine.com\/es\/#organization","name":"Ukreine","url":"https:\/\/ukreine.com\/es\/","logo":{"@type":"ImageObject","inLanguage":"es","@id":"https:\/\/ukreine.com\/es\/#\/schema\/logo\/image\/","url":"https:\/\/ukreine.com\/wp-content\/uploads\/2018\/05\/logo.png","contentUrl":"https:\/\/ukreine.com\/wp-content\/uploads\/2018\/05\/logo.png","width":325,"height":69,"caption":"Ukreine"},"image":{"@id":"https:\/\/ukreine.com\/es\/#\/schema\/logo\/image\/"},"sameAs":["https:\/\/www.facebook.com\/datingrussianbrides\/","https:\/\/x.com\/t4388388833","https:\/\/www.instagram.com\/agenceukreine\/","https:\/\/www.pinterest.com\/dbereznyakov\/","https:\/\/www.youtube.com\/channel\/UC5lMwPhy20E8Bti0mQL43UA"]}]}},"_links":{"self":[{"href":"https:\/\/ukreine.com\/es\/wp-json\/wp\/v2\/pages\/1030577","targetHints":{"allow":["GET"]}}],"collection":[{"href":"https:\/\/ukreine.com\/es\/wp-json\/wp\/v2\/pages"}],"about":[{"href":"https:\/\/ukreine.com\/es\/wp-json\/wp\/v2\/types\/page"}],"author":[{"embeddable":true,"href":"https:\/\/ukreine.com\/es\/wp-json\/wp\/v2\/users\/54"}],"replies":[{"embeddable":true,"href":"https:\/\/ukreine.com\/es\/wp-json\/wp\/v2\/comments?post=1030577"}],"version-history":[{"count":1,"href":"https:\/\/ukreine.com\/es\/wp-json\/wp\/v2\/pages\/1030577\/revisions"}],"predecessor-version":[{"id":1030579,"href":"https:\/\/ukreine.com\/es\/wp-json\/wp\/v2\/pages\/1030577\/revisions\/1030579"}],"wp:attachment":[{"href":"https:\/\/ukreine.com\/es\/wp-json\/wp\/v2\/media?parent=1030577"}],"curies":[{"name":"wp","href":"https:\/\/api.w.org\/{rel}","templated":true}]}}