{"id":1030569,"date":"2025-10-28T00:30:03","date_gmt":"2025-10-28T00:30:03","guid":{"rendered":"https:\/\/ukreine.com\/?page_id=1030569"},"modified":"2025-10-28T00:36:39","modified_gmt":"2025-10-28T00:36:39","slug":"mujeres-rusas-y-ucranianas-que-hablan-espanol-es-un-criterio-obligatorio","status":"publish","type":"page","link":"https:\/\/ukreine.com\/es\/mujeres-rusas-y-ucranianas-que-hablan-espanol-es-un-criterio-obligatorio\/","title":{"rendered":"Mujeres rusas y ucranianas que hablan Espanol. \u00bfEs un criterio obligatorio?"},"content":{"rendered":"<p data-start=\"1736\" data-end=\"1982\"><strong>Es natural que prefieras comunicarte con mujeres ucranianas o rusas que hablen bien Espa\u00f1ol<\/strong>. Pero \u00bfqu\u00e9 pasa con las mujeres ucranianas o rusas que indican en su perfil un nivel elemental de idioma extranjero o que no hablan espa\u00f1ol en absoluto?<\/p>\n<p data-start=\"1984\" data-end=\"2124\">En realidad, <strong>el idioma ucraniano ya contiene muchos elementos gramaticales y l\u00e9xicos de las lenguas romances: franc\u00e9s, italiano y espa\u00f1ol.<\/strong><\/p>\n<p data-start=\"2126\" data-end=\"2351\"><strong>Aproximadamente el 20% del l\u00e9xico es id\u00e9ntico<\/strong>. La gram\u00e1tica del ucraniano es bastante compleja, por lo que <strong>aprender la gram\u00e1tica de l&#8217;Espa\u00f1ol<\/strong> no representa un gran desaf\u00edo.<\/p>\n<p data-start=\"2353\" data-end=\"2586\">Esto se puede ver claramente hoy en d\u00eda, con cientos de miles de ucranianos que llegaron en Espa\u00f1a entre 2022 y 2023, tras el inicio de la invasi\u00f3n rusa, <strong>y que ya hablan Espa\u00f1ol muy bien<\/strong>.<\/p>\n<p data-start=\"2588\" data-end=\"2812\">El aprendizaje es a\u00fan m\u00e1s r\u00e1pido gracias a las modernas aplicaciones para aprender idiomas, y cuando una mujer se sumerge en un entorno hispanohablante, el progreso es todav\u00eda m\u00e1s r\u00e1pido.<\/p>\n<p data-start=\"2814\" data-end=\"3172\">Otro punto muy importante: si una mujer ya habla con fluidez espa\u00f1ol, seguramente tendr\u00e1 m\u00e1s comunicaci\u00f3n con otros hombres, lo que reduce la tasa de \u00e9xito para cada uno. Por el contrario, si te encontramos una mujer ucraniana cuyo nivel de franc\u00e9s, italiano o espa\u00f1ol es limitado, eso tambi\u00e9n reduce el n\u00famero de posibles competidores.<\/p>\n<p data-start=\"3174\" data-end=\"3432\" data-is-last-node=\"\" data-is-only-node=\"\">Por lo tanto, desde todos los puntos de vista, <strong>recomendamos a los hombres basar su b\u00fasqueda en criterios como la edad, el aspecto f\u00edsico, el car\u00e1cter, la profesi\u00f3n, los hijos, etc<\/strong>., y <strong>no en el nivel de espa\u00f1ol, ni en el color del cabello<\/strong>.<\/p>\n<p data-start=\"3174\" data-end=\"3432\" data-is-last-node=\"\" data-is-only-node=\"\">Nuestra agencia de encuentros trabaja con profesores de l&#8217;espa\u00f1ol y le <strong data-start=\"328\" data-end=\"341\">GARANTIZA<\/strong> que, en 6 meses de clases privadas, la mujer que ha conocido hablar\u00e1 bien el idioma.<\/p>\n","protected":false},"excerpt":{"rendered":"<p>Es natural que prefieras comunicarte con mujeres ucranianas o rusas que hablen bien Espa\u00f1ol. Pero \u00bfqu\u00e9 pasa con las mujeres ucranianas o rusas que indican en su perfil un nivel elemental de idioma extranjero o que no hablan espa\u00f1ol en absoluto? En realidad, el idioma ucraniano ya contiene muchos elementos gramaticales y l\u00e9xicos de las [&hellip;]<\/p>\n","protected":false},"author":54,"featured_media":581902,"parent":0,"menu_order":0,"comment_status":"closed","ping_status":"closed","template":"","meta":{"_acf_changed":false,"footnotes":""},"class_list":["post-1030569","page","type-page","status-publish","has-post-thumbnail","hentry"],"acf":[],"yoast_head":"<!-- This site is optimized with the Yoast SEO Premium plugin v25.5 (Yoast SEO v27.2) - https:\/\/yoast.com\/product\/yoast-seo-premium-wordpress\/ -->\n<title>Mujeres rusas y ucranianas que hablan Espanol<\/title>\n<meta name=\"description\" content=\"\u00bfqu\u00e9 pasa con las mujeres ucranianas o rusas que indican en su perfil un nivel elemental de idioma extranjero o que no hablan espa\u00f1ol en absoluto?\" \/>\n<meta name=\"robots\" content=\"index, follow, max-snippet:-1, max-image-preview:large, max-video-preview:-1\" \/>\n<link rel=\"canonical\" href=\"https:\/\/ukreine.com\/es\/mujeres-rusas-y-ucranianas-que-hablan-espanol-es-un-criterio-obligatorio\/\" \/>\n<meta property=\"og:locale\" content=\"es_ES\" \/>\n<meta property=\"og:type\" content=\"article\" \/>\n<meta property=\"og:title\" content=\"Mujeres rusas y ucranianas que hablan Espanol. \u00bfEs un criterio obligatorio?\" \/>\n<meta property=\"og:description\" content=\"\u00bfqu\u00e9 pasa con las mujeres ucranianas o rusas que indican en su perfil un nivel elemental de idioma extranjero o que no hablan espa\u00f1ol en absoluto?\" \/>\n<meta property=\"og:url\" content=\"https:\/\/ukreine.com\/es\/mujeres-rusas-y-ucranianas-que-hablan-espanol-es-un-criterio-obligatorio\/\" \/>\n<meta property=\"og:site_name\" content=\"Ukreine\" \/>\n<meta property=\"article:publisher\" content=\"https:\/\/www.facebook.com\/datingrussianbrides\/\" \/>\n<meta property=\"article:modified_time\" content=\"2025-10-28T00:36:39+00:00\" \/>\n<meta property=\"og:image\" content=\"https:\/\/ukreine.com\/wp-content\/uploads\/2022\/08\/123.jpg\" \/>\n\t<meta property=\"og:image:width\" content=\"712\" \/>\n\t<meta property=\"og:image:height\" content=\"1017\" \/>\n\t<meta property=\"og:image:type\" content=\"image\/jpeg\" \/>\n<meta name=\"twitter:card\" content=\"summary_large_image\" \/>\n<meta name=\"twitter:site\" content=\"@t4388388833\" \/>\n<meta name=\"twitter:label1\" content=\"Tiempo de lectura\" \/>\n\t<meta name=\"twitter:data1\" content=\"2 minutos\" \/>\n<script type=\"application\/ld+json\" class=\"yoast-schema-graph\">{\"@context\":\"https:\/\/schema.org\",\"@graph\":[{\"@type\":\"WebPage\",\"@id\":\"https:\/\/ukreine.com\/es\/mujeres-rusas-y-ucranianas-que-hablan-espanol-es-un-criterio-obligatorio\/\",\"url\":\"https:\/\/ukreine.com\/es\/mujeres-rusas-y-ucranianas-que-hablan-espanol-es-un-criterio-obligatorio\/\",\"name\":\"Mujeres rusas y ucranianas que hablan Espanol\",\"isPartOf\":{\"@id\":\"https:\/\/ukreine.com\/es\/#website\"},\"primaryImageOfPage\":{\"@id\":\"https:\/\/ukreine.com\/es\/mujeres-rusas-y-ucranianas-que-hablan-espanol-es-un-criterio-obligatorio\/#primaryimage\"},\"image\":{\"@id\":\"https:\/\/ukreine.com\/es\/mujeres-rusas-y-ucranianas-que-hablan-espanol-es-un-criterio-obligatorio\/#primaryimage\"},\"thumbnailUrl\":\"https:\/\/ukreine.com\/wp-content\/uploads\/2022\/08\/123.jpg\",\"datePublished\":\"2025-10-28T00:30:03+00:00\",\"dateModified\":\"2025-10-28T00:36:39+00:00\",\"description\":\"\u00bfqu\u00e9 pasa con las mujeres ucranianas o rusas que indican en su perfil un nivel elemental de idioma extranjero o que no hablan espa\u00f1ol en absoluto?\",\"breadcrumb\":{\"@id\":\"https:\/\/ukreine.com\/es\/mujeres-rusas-y-ucranianas-que-hablan-espanol-es-un-criterio-obligatorio\/#breadcrumb\"},\"inLanguage\":\"es\",\"potentialAction\":[{\"@type\":\"ReadAction\",\"target\":[\"https:\/\/ukreine.com\/es\/mujeres-rusas-y-ucranianas-que-hablan-espanol-es-un-criterio-obligatorio\/\"]}]},{\"@type\":\"ImageObject\",\"inLanguage\":\"es\",\"@id\":\"https:\/\/ukreine.com\/es\/mujeres-rusas-y-ucranianas-que-hablan-espanol-es-un-criterio-obligatorio\/#primaryimage\",\"url\":\"https:\/\/ukreine.com\/wp-content\/uploads\/2022\/08\/123.jpg\",\"contentUrl\":\"https:\/\/ukreine.com\/wp-content\/uploads\/2022\/08\/123.jpg\",\"width\":712,\"height\":1017,\"caption\":\"femme parle fran\u00e7ais\"},{\"@type\":\"BreadcrumbList\",\"@id\":\"https:\/\/ukreine.com\/es\/mujeres-rusas-y-ucranianas-que-hablan-espanol-es-un-criterio-obligatorio\/#breadcrumb\",\"itemListElement\":[{\"@type\":\"ListItem\",\"position\":1,\"name\":\"Home\",\"item\":\"https:\/\/ukreine.com\/es\/\"},{\"@type\":\"ListItem\",\"position\":2,\"name\":\"Mujeres rusas y ucranianas que hablan Espanol. \u00bfEs un criterio obligatorio?\"}]},{\"@type\":\"WebSite\",\"@id\":\"https:\/\/ukreine.com\/es\/#website\",\"url\":\"https:\/\/ukreine.com\/es\/\",\"name\":\"Ukreine\",\"description\":\"\",\"publisher\":{\"@id\":\"https:\/\/ukreine.com\/es\/#organization\"},\"potentialAction\":[{\"@type\":\"SearchAction\",\"target\":{\"@type\":\"EntryPoint\",\"urlTemplate\":\"https:\/\/ukreine.com\/es\/?s={search_term_string}\"},\"query-input\":{\"@type\":\"PropertyValueSpecification\",\"valueRequired\":true,\"valueName\":\"search_term_string\"}}],\"inLanguage\":\"es\"},{\"@type\":\"Organization\",\"@id\":\"https:\/\/ukreine.com\/es\/#organization\",\"name\":\"Ukreine\",\"url\":\"https:\/\/ukreine.com\/es\/\",\"logo\":{\"@type\":\"ImageObject\",\"inLanguage\":\"es\",\"@id\":\"https:\/\/ukreine.com\/es\/#\/schema\/logo\/image\/\",\"url\":\"https:\/\/ukreine.com\/wp-content\/uploads\/2018\/05\/logo.png\",\"contentUrl\":\"https:\/\/ukreine.com\/wp-content\/uploads\/2018\/05\/logo.png\",\"width\":325,\"height\":69,\"caption\":\"Ukreine\"},\"image\":{\"@id\":\"https:\/\/ukreine.com\/es\/#\/schema\/logo\/image\/\"},\"sameAs\":[\"https:\/\/www.facebook.com\/datingrussianbrides\/\",\"https:\/\/x.com\/t4388388833\",\"https:\/\/www.instagram.com\/agenceukreine\/\",\"https:\/\/www.pinterest.com\/dbereznyakov\/\",\"https:\/\/www.youtube.com\/channel\/UC5lMwPhy20E8Bti0mQL43UA\"]}]}<\/script>\n<!-- \/ Yoast SEO Premium plugin. -->","yoast_head_json":{"title":"Mujeres rusas y ucranianas que hablan Espanol","description":"\u00bfqu\u00e9 pasa con las mujeres ucranianas o rusas que indican en su perfil un nivel elemental de idioma extranjero o que no hablan espa\u00f1ol en absoluto?","robots":{"index":"index","follow":"follow","max-snippet":"max-snippet:-1","max-image-preview":"max-image-preview:large","max-video-preview":"max-video-preview:-1"},"canonical":"https:\/\/ukreine.com\/es\/mujeres-rusas-y-ucranianas-que-hablan-espanol-es-un-criterio-obligatorio\/","og_locale":"es_ES","og_type":"article","og_title":"Mujeres rusas y ucranianas que hablan Espanol. \u00bfEs un criterio obligatorio?","og_description":"\u00bfqu\u00e9 pasa con las mujeres ucranianas o rusas que indican en su perfil un nivel elemental de idioma extranjero o que no hablan espa\u00f1ol en absoluto?","og_url":"https:\/\/ukreine.com\/es\/mujeres-rusas-y-ucranianas-que-hablan-espanol-es-un-criterio-obligatorio\/","og_site_name":"Ukreine","article_publisher":"https:\/\/www.facebook.com\/datingrussianbrides\/","article_modified_time":"2025-10-28T00:36:39+00:00","og_image":[{"width":712,"height":1017,"url":"https:\/\/ukreine.com\/wp-content\/uploads\/2022\/08\/123.jpg","type":"image\/jpeg"}],"twitter_card":"summary_large_image","twitter_site":"@t4388388833","twitter_misc":{"Tiempo de lectura":"2 minutos"},"schema":{"@context":"https:\/\/schema.org","@graph":[{"@type":"WebPage","@id":"https:\/\/ukreine.com\/es\/mujeres-rusas-y-ucranianas-que-hablan-espanol-es-un-criterio-obligatorio\/","url":"https:\/\/ukreine.com\/es\/mujeres-rusas-y-ucranianas-que-hablan-espanol-es-un-criterio-obligatorio\/","name":"Mujeres rusas y ucranianas que hablan Espanol","isPartOf":{"@id":"https:\/\/ukreine.com\/es\/#website"},"primaryImageOfPage":{"@id":"https:\/\/ukreine.com\/es\/mujeres-rusas-y-ucranianas-que-hablan-espanol-es-un-criterio-obligatorio\/#primaryimage"},"image":{"@id":"https:\/\/ukreine.com\/es\/mujeres-rusas-y-ucranianas-que-hablan-espanol-es-un-criterio-obligatorio\/#primaryimage"},"thumbnailUrl":"https:\/\/ukreine.com\/wp-content\/uploads\/2022\/08\/123.jpg","datePublished":"2025-10-28T00:30:03+00:00","dateModified":"2025-10-28T00:36:39+00:00","description":"\u00bfqu\u00e9 pasa con las mujeres ucranianas o rusas que indican en su perfil un nivel elemental de idioma extranjero o que no hablan espa\u00f1ol en absoluto?","breadcrumb":{"@id":"https:\/\/ukreine.com\/es\/mujeres-rusas-y-ucranianas-que-hablan-espanol-es-un-criterio-obligatorio\/#breadcrumb"},"inLanguage":"es","potentialAction":[{"@type":"ReadAction","target":["https:\/\/ukreine.com\/es\/mujeres-rusas-y-ucranianas-que-hablan-espanol-es-un-criterio-obligatorio\/"]}]},{"@type":"ImageObject","inLanguage":"es","@id":"https:\/\/ukreine.com\/es\/mujeres-rusas-y-ucranianas-que-hablan-espanol-es-un-criterio-obligatorio\/#primaryimage","url":"https:\/\/ukreine.com\/wp-content\/uploads\/2022\/08\/123.jpg","contentUrl":"https:\/\/ukreine.com\/wp-content\/uploads\/2022\/08\/123.jpg","width":712,"height":1017,"caption":"femme parle fran\u00e7ais"},{"@type":"BreadcrumbList","@id":"https:\/\/ukreine.com\/es\/mujeres-rusas-y-ucranianas-que-hablan-espanol-es-un-criterio-obligatorio\/#breadcrumb","itemListElement":[{"@type":"ListItem","position":1,"name":"Home","item":"https:\/\/ukreine.com\/es\/"},{"@type":"ListItem","position":2,"name":"Mujeres rusas y ucranianas que hablan Espanol. \u00bfEs un criterio obligatorio?"}]},{"@type":"WebSite","@id":"https:\/\/ukreine.com\/es\/#website","url":"https:\/\/ukreine.com\/es\/","name":"Ukreine","description":"","publisher":{"@id":"https:\/\/ukreine.com\/es\/#organization"},"potentialAction":[{"@type":"SearchAction","target":{"@type":"EntryPoint","urlTemplate":"https:\/\/ukreine.com\/es\/?s={search_term_string}"},"query-input":{"@type":"PropertyValueSpecification","valueRequired":true,"valueName":"search_term_string"}}],"inLanguage":"es"},{"@type":"Organization","@id":"https:\/\/ukreine.com\/es\/#organization","name":"Ukreine","url":"https:\/\/ukreine.com\/es\/","logo":{"@type":"ImageObject","inLanguage":"es","@id":"https:\/\/ukreine.com\/es\/#\/schema\/logo\/image\/","url":"https:\/\/ukreine.com\/wp-content\/uploads\/2018\/05\/logo.png","contentUrl":"https:\/\/ukreine.com\/wp-content\/uploads\/2018\/05\/logo.png","width":325,"height":69,"caption":"Ukreine"},"image":{"@id":"https:\/\/ukreine.com\/es\/#\/schema\/logo\/image\/"},"sameAs":["https:\/\/www.facebook.com\/datingrussianbrides\/","https:\/\/x.com\/t4388388833","https:\/\/www.instagram.com\/agenceukreine\/","https:\/\/www.pinterest.com\/dbereznyakov\/","https:\/\/www.youtube.com\/channel\/UC5lMwPhy20E8Bti0mQL43UA"]}]}},"_links":{"self":[{"href":"https:\/\/ukreine.com\/es\/wp-json\/wp\/v2\/pages\/1030569","targetHints":{"allow":["GET"]}}],"collection":[{"href":"https:\/\/ukreine.com\/es\/wp-json\/wp\/v2\/pages"}],"about":[{"href":"https:\/\/ukreine.com\/es\/wp-json\/wp\/v2\/types\/page"}],"author":[{"embeddable":true,"href":"https:\/\/ukreine.com\/es\/wp-json\/wp\/v2\/users\/54"}],"replies":[{"embeddable":true,"href":"https:\/\/ukreine.com\/es\/wp-json\/wp\/v2\/comments?post=1030569"}],"version-history":[{"count":2,"href":"https:\/\/ukreine.com\/es\/wp-json\/wp\/v2\/pages\/1030569\/revisions"}],"predecessor-version":[{"id":1030571,"href":"https:\/\/ukreine.com\/es\/wp-json\/wp\/v2\/pages\/1030569\/revisions\/1030571"}],"wp:featuredmedia":[{"embeddable":true,"href":"https:\/\/ukreine.com\/es\/wp-json\/wp\/v2\/media\/581902"}],"wp:attachment":[{"href":"https:\/\/ukreine.com\/es\/wp-json\/wp\/v2\/media?parent=1030569"}],"curies":[{"name":"wp","href":"https:\/\/api.w.org\/{rel}","templated":true}]}}