{"id":1030317,"date":"2025-10-27T02:47:21","date_gmt":"2025-10-27T02:47:21","guid":{"rendered":"https:\/\/ukreine.com\/?page_id=1030317"},"modified":"2025-10-27T02:47:25","modified_gmt":"2025-10-27T02:47:25","slug":"por-que-seria-feliz-con-una-bella-mujer-rusa-o-ucraniana","status":"publish","type":"page","link":"https:\/\/ukreine.com\/es\/por-que-seria-feliz-con-una-bella-mujer-rusa-o-ucraniana\/","title":{"rendered":"\u00bfPor qu\u00e9 ser\u00eda feliz con una bella mujer rusa o ucraniana?"},"content":{"rendered":"<p data-start=\"3213\" data-end=\"3252\"><strong data-start=\"3213\" data-end=\"3252\">Hermosa mujer ucraniana tan deseada<\/strong><\/p>\n<p data-start=\"3254\" data-end=\"3581\">Si no has llegado a nuestro sitio por casualidad, seguramente sabes por qu\u00e9 tantos hombres de todo el mundo buscan mujeres rusas o ucranianas.<br data-start=\"3396\" data-end=\"3399\" \/>Cuando hablamos de mujeres ucranianas, nos referimos en general a las mujeres de Europa del Este: rusas y ucranianas, pero tambi\u00e9n polacas, lituanas, letonas, estonias y bielorrusas.<\/p>\n<p data-start=\"3583\" data-end=\"3759\">Para entender qu\u00e9 buscan los hombres en estas bellas mujeres, realizamos una encuesta entre unos 900 clientes (n\u00famero aproximado, por verificar), y estos fueron los resultados:<\/p>\n<ul data-start=\"3761\" data-end=\"3945\">\n<li data-start=\"3761\" data-end=\"3790\">\n<p data-start=\"3763\" data-end=\"3790\"><strong data-start=\"3763\" data-end=\"3778\">Su belleza:<\/strong> 854 votos<\/p>\n<\/li>\n<li data-start=\"3791\" data-end=\"3848\">\n<p data-start=\"3793\" data-end=\"3848\"><strong data-start=\"3793\" data-end=\"3836\">Sus valores tradicionales y familiares:<\/strong> 765 votos<\/p>\n<\/li>\n<li data-start=\"3849\" data-end=\"3880\">\n<p data-start=\"3851\" data-end=\"3880\"><strong data-start=\"3851\" data-end=\"3868\">Su educaci\u00f3n:<\/strong> 345 votos<\/p>\n<\/li>\n<li data-start=\"3881\" data-end=\"3912\">\n<p data-start=\"3883\" data-end=\"3912\"><strong data-start=\"3883\" data-end=\"3900\">Su fidelidad:<\/strong> 340 votos<\/p>\n<\/li>\n<li data-start=\"3913\" data-end=\"3945\">\n<p data-start=\"3915\" data-end=\"3945\"><strong data-start=\"3915\" data-end=\"3933\">Su mentalidad:<\/strong> 190 votos<\/p>\n<\/li>\n<\/ul>\n<p data-start=\"3947\" data-end=\"3983\">Veamos estos puntos con m\u00e1s detalle:<\/p>\n<p data-start=\"3985\" data-end=\"4231\"><strong data-start=\"3985\" data-end=\"4004\">Belleza f\u00edsica:<\/strong> las mujeres ucranianas suelen ser consideradas muy bellas, con rasgos delicados, ojos expresivos y una gran atenci\u00f3n a su apariencia f\u00edsica. Esta est\u00e9tica coincide con los ideales de belleza tanto individuales como culturales.<\/p>\n<p data-start=\"4501\" data-end=\"4944\"><strong data-start=\"4501\" data-end=\"4524\">Valores familiares:<\/strong> muchos hombres occidentales se sienten atra\u00eddos por la cultura ucraniana, que \u2014seg\u00fan la percepci\u00f3n popular\u2014 da gran importancia a la familia, la lealtad y la estabilidad en las relaciones.<br data-start=\"4713\" data-end=\"4716\" \/>Una familia ucraniana tradicional actual se parece a una familia francesa de hace 40 o 50 a\u00f1os.<br data-start=\"4811\" data-end=\"4814\" \/>Por supuesto, la globalizaci\u00f3n est\u00e1 borrando gradualmente estos valores, pero a\u00fan hay muchas mujeres ucranianas que los conservan.<\/p>\n<p data-start=\"4946\" data-end=\"5243\"><strong data-start=\"4946\" data-end=\"4975\">Educaci\u00f3n e inteligencia:<\/strong> las mujeres ucranianas suelen estar bien formadas, y muchos hombres valoran a una pareja con un alto nivel educativo. La inteligencia y la capacidad de mantener conversaciones significativas son cualidades muy apreciadas y tambi\u00e9n facilitan el aprendizaje de idiomas.<\/p>\n<p data-start=\"5245\" data-end=\"5514\"><strong data-start=\"5245\" data-end=\"5282\">Perspectiva sobre las relaciones:<\/strong> algunas mujeres ucranianas tienen una visi\u00f3n diferente de las relaciones, dando m\u00e1s importancia al compromiso y a la construcci\u00f3n de una familia estable. Esto contrasta con lo que muchos hombres han experimentado en otras culturas.<\/p>\n<p data-start=\"5516\" data-end=\"5723\"><strong data-start=\"5516\" data-end=\"5555\">Reputaci\u00f3n de lealtad y dedicaci\u00f3n:<\/strong> las mujeres ucranianas tienen fama de ser leales y dedicadas a su familia. Estas cualidades se consideran muy valiosas en la b\u00fasqueda de una relaci\u00f3n seria y duradera.<\/p>\n<p data-start=\"5725\" data-end=\"5919\"><strong data-start=\"5725\" data-end=\"5749\">Diversidad cultural:<\/strong> algunos hombres se sienten atra\u00eddos por la posibilidad de compartir experiencias culturales diferentes. Una relaci\u00f3n intercultural puede ser enriquecedora y estimulante.<\/p>\n<p data-start=\"5921\" data-end=\"6281\"><strong data-start=\"5921\" data-end=\"5980\">Influencia de los medios y de las plataformas en l\u00ednea:<\/strong> la visibilidad de las mujeres ucranianas en redes sociales y sitios de citas internacionales tambi\u00e9n ha influido mucho.<br data-start=\"6100\" data-end=\"6103\" \/>Desafortunadamente, la mayor\u00eda de los perfiles de \u201cbellas mujeres ucranianas\u201d son falsos, y los perfiles aut\u00e9nticos suelen ser usados como cebo por sitios y agencias deshonestas.<\/p>\n","protected":false},"excerpt":{"rendered":"<p>Hermosa mujer ucraniana tan deseada Si no has llegado a nuestro sitio por casualidad, seguramente sabes por qu\u00e9 tantos hombres de todo el mundo buscan mujeres rusas o ucranianas.Cuando hablamos de mujeres ucranianas, nos referimos en general a las mujeres de Europa del Este: rusas y ucranianas, pero tambi\u00e9n polacas, lituanas, letonas, estonias y bielorrusas. [&hellip;]<\/p>\n","protected":false},"author":54,"featured_media":0,"parent":0,"menu_order":0,"comment_status":"closed","ping_status":"closed","template":"","meta":{"_acf_changed":false,"footnotes":""},"class_list":["post-1030317","page","type-page","status-publish","hentry"],"acf":[],"yoast_head":"<!-- This site is optimized with the Yoast SEO Premium plugin v25.5 (Yoast SEO v27.2) - https:\/\/yoast.com\/product\/yoast-seo-premium-wordpress\/ -->\n<title>feliz con una bella mujer rusa o ucraniana?<\/title>\n<meta name=\"description\" content=\"Cuando hablamos de mujeres ucranianas, nos referimos en general a las mujeres de Europa del Este: rusas y ucranianas\" \/>\n<meta name=\"robots\" content=\"index, follow, max-snippet:-1, max-image-preview:large, max-video-preview:-1\" \/>\n<link rel=\"canonical\" href=\"https:\/\/ukreine.com\/es\/por-que-seria-feliz-con-una-bella-mujer-rusa-o-ucraniana\/\" \/>\n<meta property=\"og:locale\" content=\"es_ES\" \/>\n<meta property=\"og:type\" content=\"article\" \/>\n<meta property=\"og:title\" content=\"\u00bfPor qu\u00e9 ser\u00eda feliz con una bella mujer rusa o ucraniana?\" \/>\n<meta property=\"og:description\" content=\"Cuando hablamos de mujeres ucranianas, nos referimos en general a las mujeres de Europa del Este: rusas y ucranianas\" \/>\n<meta property=\"og:url\" content=\"https:\/\/ukreine.com\/es\/por-que-seria-feliz-con-una-bella-mujer-rusa-o-ucraniana\/\" \/>\n<meta property=\"og:site_name\" content=\"Ukreine\" \/>\n<meta property=\"article:publisher\" content=\"https:\/\/www.facebook.com\/datingrussianbrides\/\" \/>\n<meta property=\"article:modified_time\" content=\"2025-10-27T02:47:25+00:00\" \/>\n<meta name=\"twitter:card\" content=\"summary_large_image\" \/>\n<meta name=\"twitter:site\" content=\"@t4388388833\" \/>\n<meta name=\"twitter:label1\" content=\"Tiempo de lectura\" \/>\n\t<meta name=\"twitter:data1\" content=\"3 minutos\" \/>\n<script type=\"application\/ld+json\" class=\"yoast-schema-graph\">{\"@context\":\"https:\/\/schema.org\",\"@graph\":[{\"@type\":\"WebPage\",\"@id\":\"https:\/\/ukreine.com\/es\/por-que-seria-feliz-con-una-bella-mujer-rusa-o-ucraniana\/\",\"url\":\"https:\/\/ukreine.com\/es\/por-que-seria-feliz-con-una-bella-mujer-rusa-o-ucraniana\/\",\"name\":\"feliz con una bella mujer rusa o ucraniana?\",\"isPartOf\":{\"@id\":\"https:\/\/ukreine.com\/es\/#website\"},\"datePublished\":\"2025-10-27T02:47:21+00:00\",\"dateModified\":\"2025-10-27T02:47:25+00:00\",\"description\":\"Cuando hablamos de mujeres ucranianas, nos referimos en general a las mujeres de Europa del Este: rusas y ucranianas\",\"breadcrumb\":{\"@id\":\"https:\/\/ukreine.com\/es\/por-que-seria-feliz-con-una-bella-mujer-rusa-o-ucraniana\/#breadcrumb\"},\"inLanguage\":\"es\",\"potentialAction\":[{\"@type\":\"ReadAction\",\"target\":[\"https:\/\/ukreine.com\/es\/por-que-seria-feliz-con-una-bella-mujer-rusa-o-ucraniana\/\"]}]},{\"@type\":\"BreadcrumbList\",\"@id\":\"https:\/\/ukreine.com\/es\/por-que-seria-feliz-con-una-bella-mujer-rusa-o-ucraniana\/#breadcrumb\",\"itemListElement\":[{\"@type\":\"ListItem\",\"position\":1,\"name\":\"Home\",\"item\":\"https:\/\/ukreine.com\/es\/\"},{\"@type\":\"ListItem\",\"position\":2,\"name\":\"\u00bfPor qu\u00e9 ser\u00eda feliz con una bella mujer rusa o ucraniana?\"}]},{\"@type\":\"WebSite\",\"@id\":\"https:\/\/ukreine.com\/es\/#website\",\"url\":\"https:\/\/ukreine.com\/es\/\",\"name\":\"Ukreine\",\"description\":\"\",\"publisher\":{\"@id\":\"https:\/\/ukreine.com\/es\/#organization\"},\"potentialAction\":[{\"@type\":\"SearchAction\",\"target\":{\"@type\":\"EntryPoint\",\"urlTemplate\":\"https:\/\/ukreine.com\/es\/?s={search_term_string}\"},\"query-input\":{\"@type\":\"PropertyValueSpecification\",\"valueRequired\":true,\"valueName\":\"search_term_string\"}}],\"inLanguage\":\"es\"},{\"@type\":\"Organization\",\"@id\":\"https:\/\/ukreine.com\/es\/#organization\",\"name\":\"Ukreine\",\"url\":\"https:\/\/ukreine.com\/es\/\",\"logo\":{\"@type\":\"ImageObject\",\"inLanguage\":\"es\",\"@id\":\"https:\/\/ukreine.com\/es\/#\/schema\/logo\/image\/\",\"url\":\"https:\/\/ukreine.com\/wp-content\/uploads\/2018\/05\/logo.png\",\"contentUrl\":\"https:\/\/ukreine.com\/wp-content\/uploads\/2018\/05\/logo.png\",\"width\":325,\"height\":69,\"caption\":\"Ukreine\"},\"image\":{\"@id\":\"https:\/\/ukreine.com\/es\/#\/schema\/logo\/image\/\"},\"sameAs\":[\"https:\/\/www.facebook.com\/datingrussianbrides\/\",\"https:\/\/x.com\/t4388388833\",\"https:\/\/www.instagram.com\/agenceukreine\/\",\"https:\/\/www.pinterest.com\/dbereznyakov\/\",\"https:\/\/www.youtube.com\/channel\/UC5lMwPhy20E8Bti0mQL43UA\"]}]}<\/script>\n<!-- \/ Yoast SEO Premium plugin. -->","yoast_head_json":{"title":"feliz con una bella mujer rusa o ucraniana?","description":"Cuando hablamos de mujeres ucranianas, nos referimos en general a las mujeres de Europa del Este: rusas y ucranianas","robots":{"index":"index","follow":"follow","max-snippet":"max-snippet:-1","max-image-preview":"max-image-preview:large","max-video-preview":"max-video-preview:-1"},"canonical":"https:\/\/ukreine.com\/es\/por-que-seria-feliz-con-una-bella-mujer-rusa-o-ucraniana\/","og_locale":"es_ES","og_type":"article","og_title":"\u00bfPor qu\u00e9 ser\u00eda feliz con una bella mujer rusa o ucraniana?","og_description":"Cuando hablamos de mujeres ucranianas, nos referimos en general a las mujeres de Europa del Este: rusas y ucranianas","og_url":"https:\/\/ukreine.com\/es\/por-que-seria-feliz-con-una-bella-mujer-rusa-o-ucraniana\/","og_site_name":"Ukreine","article_publisher":"https:\/\/www.facebook.com\/datingrussianbrides\/","article_modified_time":"2025-10-27T02:47:25+00:00","twitter_card":"summary_large_image","twitter_site":"@t4388388833","twitter_misc":{"Tiempo de lectura":"3 minutos"},"schema":{"@context":"https:\/\/schema.org","@graph":[{"@type":"WebPage","@id":"https:\/\/ukreine.com\/es\/por-que-seria-feliz-con-una-bella-mujer-rusa-o-ucraniana\/","url":"https:\/\/ukreine.com\/es\/por-que-seria-feliz-con-una-bella-mujer-rusa-o-ucraniana\/","name":"feliz con una bella mujer rusa o ucraniana?","isPartOf":{"@id":"https:\/\/ukreine.com\/es\/#website"},"datePublished":"2025-10-27T02:47:21+00:00","dateModified":"2025-10-27T02:47:25+00:00","description":"Cuando hablamos de mujeres ucranianas, nos referimos en general a las mujeres de Europa del Este: rusas y ucranianas","breadcrumb":{"@id":"https:\/\/ukreine.com\/es\/por-que-seria-feliz-con-una-bella-mujer-rusa-o-ucraniana\/#breadcrumb"},"inLanguage":"es","potentialAction":[{"@type":"ReadAction","target":["https:\/\/ukreine.com\/es\/por-que-seria-feliz-con-una-bella-mujer-rusa-o-ucraniana\/"]}]},{"@type":"BreadcrumbList","@id":"https:\/\/ukreine.com\/es\/por-que-seria-feliz-con-una-bella-mujer-rusa-o-ucraniana\/#breadcrumb","itemListElement":[{"@type":"ListItem","position":1,"name":"Home","item":"https:\/\/ukreine.com\/es\/"},{"@type":"ListItem","position":2,"name":"\u00bfPor qu\u00e9 ser\u00eda feliz con una bella mujer rusa o ucraniana?"}]},{"@type":"WebSite","@id":"https:\/\/ukreine.com\/es\/#website","url":"https:\/\/ukreine.com\/es\/","name":"Ukreine","description":"","publisher":{"@id":"https:\/\/ukreine.com\/es\/#organization"},"potentialAction":[{"@type":"SearchAction","target":{"@type":"EntryPoint","urlTemplate":"https:\/\/ukreine.com\/es\/?s={search_term_string}"},"query-input":{"@type":"PropertyValueSpecification","valueRequired":true,"valueName":"search_term_string"}}],"inLanguage":"es"},{"@type":"Organization","@id":"https:\/\/ukreine.com\/es\/#organization","name":"Ukreine","url":"https:\/\/ukreine.com\/es\/","logo":{"@type":"ImageObject","inLanguage":"es","@id":"https:\/\/ukreine.com\/es\/#\/schema\/logo\/image\/","url":"https:\/\/ukreine.com\/wp-content\/uploads\/2018\/05\/logo.png","contentUrl":"https:\/\/ukreine.com\/wp-content\/uploads\/2018\/05\/logo.png","width":325,"height":69,"caption":"Ukreine"},"image":{"@id":"https:\/\/ukreine.com\/es\/#\/schema\/logo\/image\/"},"sameAs":["https:\/\/www.facebook.com\/datingrussianbrides\/","https:\/\/x.com\/t4388388833","https:\/\/www.instagram.com\/agenceukreine\/","https:\/\/www.pinterest.com\/dbereznyakov\/","https:\/\/www.youtube.com\/channel\/UC5lMwPhy20E8Bti0mQL43UA"]}]}},"_links":{"self":[{"href":"https:\/\/ukreine.com\/es\/wp-json\/wp\/v2\/pages\/1030317","targetHints":{"allow":["GET"]}}],"collection":[{"href":"https:\/\/ukreine.com\/es\/wp-json\/wp\/v2\/pages"}],"about":[{"href":"https:\/\/ukreine.com\/es\/wp-json\/wp\/v2\/types\/page"}],"author":[{"embeddable":true,"href":"https:\/\/ukreine.com\/es\/wp-json\/wp\/v2\/users\/54"}],"replies":[{"embeddable":true,"href":"https:\/\/ukreine.com\/es\/wp-json\/wp\/v2\/comments?post=1030317"}],"version-history":[{"count":1,"href":"https:\/\/ukreine.com\/es\/wp-json\/wp\/v2\/pages\/1030317\/revisions"}],"predecessor-version":[{"id":1030321,"href":"https:\/\/ukreine.com\/es\/wp-json\/wp\/v2\/pages\/1030317\/revisions\/1030321"}],"wp:attachment":[{"href":"https:\/\/ukreine.com\/es\/wp-json\/wp\/v2\/media?parent=1030317"}],"curies":[{"name":"wp","href":"https:\/\/api.w.org\/{rel}","templated":true}]}}