{"id":1030309,"date":"2025-10-26T20:00:55","date_gmt":"2025-10-26T20:00:55","guid":{"rendered":"https:\/\/ukreine.com\/?page_id=1030309"},"modified":"2025-10-26T20:00:59","modified_gmt":"2025-10-26T20:00:59","slug":"el-propietario-de-una-agencia-de-citas-ucraniana-esta-obligado-a-someterse-a-una-prueba-del-detector-de-mentiras","status":"publish","type":"page","link":"https:\/\/ukreine.com\/es\/el-propietario-de-una-agencia-de-citas-ucraniana-esta-obligado-a-someterse-a-una-prueba-del-detector-de-mentiras\/","title":{"rendered":"El propietario de una agencia de citas ucraniana est\u00e1 obligado a someterse a una prueba del detector de mentiras."},"content":{"rendered":"<p data-start=\"136\" data-end=\"517\"><strong data-start=\"136\" data-end=\"193\">Algunos de ustedes me conocen desde hace mucho tiempo<\/strong> en el \u00e1mbito de las relaciones con mujeres rusas y ucranianas.<br data-start=\"256\" data-end=\"259\" \/>Otros, en cambio, no siempre logran ver la diferencia entre una agencia matrimonial seria y honesta y los numerosos sitios creados \u00fanicamente con el fin de estafar a hombres solteros.<br data-start=\"442\" data-end=\"445\" \/>Sin embargo, estos sitios representan <strong data-start=\"483\" data-end=\"504\">alrededor del 95%<\/strong> del total.<\/p>\n<p data-start=\"519\" data-end=\"783\">No es de extra\u00f1ar: un estafador nunca admitir\u00e1 que lo es.<br data-start=\"576\" data-end=\"579\" \/>Se presentar\u00e1 como el m\u00e1s honesto, publicar\u00e1 (quiz\u00e1s\u2026) algunos art\u00edculos triviales sobre las estafas y c\u00f3mo evitarlas, y les asegurar\u00e1 que todas las bellas j\u00f3venes en su sitio <em data-start=\"755\" data-end=\"781\">\u201csue\u00f1an con conocerlos.\u201d<\/em><\/p>\n<p data-start=\"785\" data-end=\"1005\">Un principiante en el mundo de las relaciones internacionales probablemente no notar\u00e1 la diferencia al principio.<br data-start=\"898\" data-end=\"901\" \/>Pero pronto la entender\u00e1, <strong data-start=\"927\" data-end=\"1003\">cuando su bolsillo se haya aligerado en varios miles de euros o d\u00f3lares.<\/strong><\/p>\n<p data-start=\"1007\" data-end=\"1365\">En este contexto, \u00bfc\u00f3mo convencer a los hombres que ya han sido v\u00edctimas de una estafa o a aquellos que son naturalmente desconfiados y esc\u00e9pticos, y que piensan que <em data-start=\"1173\" data-end=\"1217\">\u201ctodas las agencias de citas son iguales\u201d?<\/em><br data-start=\"1217\" data-end=\"1220\" \/>No creer\u00e1n ni en las historias de matrimonios, ni en los testimonios de los clientes, ni en las buenas palabras de los empleados de la agencia.<\/p>\n<p data-start=\"1367\" data-end=\"1650\">Con el tiempo, he notado que cada vez me piden menos pruebas de mi honestidad.<br data-start=\"1445\" data-end=\"1448\" \/>Probablemente se deba a los numerosos reportajes televisivos que se han emitido sobre m\u00ed y sobre mis proyectos \u2014 <strong data-start=\"1561\" data-end=\"1576\">ukreine.com\/es<\/strong>\u00a0y allaboutdatingscams.com\/es \u2014 en Francia, Suiza, B\u00e9lgica y otros pa\u00edses.<\/p>\n<p data-start=\"1652\" data-end=\"1786\">Aun as\u00ed, decid\u00ed hacer algo que nadie hab\u00eda tenido el valor de hacer antes:<br data-start=\"1726\" data-end=\"1729\" \/><strong data-start=\"1729\" data-end=\"1784\">me somet\u00ed a una prueba con el detector de mentiras.<\/strong><\/p>\n<p data-start=\"1788\" data-end=\"1873\">\n    <div class=\"video_container center\">\n        <div class=\"embed-container\">\n            <iframe src=\"https:\/\/www.youtube.com\/embed\/TOzsdzS0L2Q\" frameborder=\"0\" allowfullscreen class=\"youtube-video\"><\/iframe>\n        <\/div>\n    <\/div>\n\n    <\/p>\n<p data-start=\"1875\" data-end=\"2216\">El objetivo principal no era hablar de m\u00ed ni de ukreine.com, sino m\u00e1s bien del <strong data-start=\"1954\" data-end=\"1985\">n\u00famero incre\u00edble de estafas<\/strong> que existen en el mundo de las citas internacionales.<br data-start=\"2039\" data-end=\"2042\" \/>Y sobre todo, mostrarles que <strong data-start=\"2071\" data-end=\"2138\">la gran mayor\u00eda de las agencias matrimoniales y sitios de citas<\/strong> son, en realidad, manejados por estafadores \u2014 a pesar de todo lo que digan.<\/p>\n<p data-start=\"2218\" data-end=\"2260\"><strong data-start=\"2218\" data-end=\"2234\">Atentamente,<\/strong><br data-start=\"2234\" data-end=\"2237\" \/><em data-start=\"2237\" data-end=\"2258\">Dimitri Berezniakov<\/em><\/p>\n","protected":false},"excerpt":{"rendered":"<p>Algunos de ustedes me conocen desde hace mucho tiempo en el \u00e1mbito de las relaciones con mujeres rusas y ucranianas.Otros, en cambio, no siempre logran ver la diferencia entre una agencia matrimonial seria y honesta y los numerosos sitios creados \u00fanicamente con el fin de estafar a hombres solteros.Sin embargo, estos sitios representan alrededor del [&hellip;]<\/p>\n","protected":false},"author":54,"featured_media":774079,"parent":0,"menu_order":0,"comment_status":"closed","ping_status":"closed","template":"","meta":{"_acf_changed":false,"footnotes":""},"class_list":["post-1030309","page","type-page","status-publish","has-post-thumbnail","hentry"],"acf":[],"yoast_head":"<!-- This site is optimized with the Yoast SEO Premium plugin v25.5 (Yoast SEO v27.2) - https:\/\/yoast.com\/product\/yoast-seo-premium-wordpress\/ -->\n<title>agencia de citas ucraniana y una prueba del detector de mentiras<\/title>\n<meta name=\"description\" content=\"una agencia de citas ucraniana est\u00e1 obligado a someterse a una prueba del detector de mentiras.\" \/>\n<meta name=\"robots\" content=\"index, follow, max-snippet:-1, max-image-preview:large, max-video-preview:-1\" \/>\n<link rel=\"canonical\" href=\"https:\/\/ukreine.com\/es\/el-propietario-de-una-agencia-de-citas-ucraniana-esta-obligado-a-someterse-a-una-prueba-del-detector-de-mentiras\/\" \/>\n<meta property=\"og:locale\" content=\"es_ES\" \/>\n<meta property=\"og:type\" content=\"article\" \/>\n<meta property=\"og:title\" content=\"El propietario de una agencia de citas ucraniana est\u00e1 obligado a someterse a una prueba del detector de mentiras.\" \/>\n<meta property=\"og:description\" content=\"una agencia de citas ucraniana est\u00e1 obligado a someterse a una prueba del detector de mentiras.\" \/>\n<meta property=\"og:url\" content=\"https:\/\/ukreine.com\/es\/el-propietario-de-una-agencia-de-citas-ucraniana-esta-obligado-a-someterse-a-una-prueba-del-detector-de-mentiras\/\" \/>\n<meta property=\"og:site_name\" content=\"Ukreine\" \/>\n<meta property=\"article:publisher\" content=\"https:\/\/www.facebook.com\/datingrussianbrides\/\" \/>\n<meta property=\"article:modified_time\" content=\"2025-10-26T20:00:59+00:00\" \/>\n<meta property=\"og:image\" content=\"https:\/\/ukreine.com\/wp-content\/uploads\/2018\/08\/liedetector-1.jpg\" \/>\n\t<meta property=\"og:image:width\" content=\"2156\" \/>\n\t<meta property=\"og:image:height\" content=\"1617\" \/>\n\t<meta property=\"og:image:type\" content=\"image\/jpeg\" \/>\n<meta name=\"twitter:card\" content=\"summary_large_image\" \/>\n<meta name=\"twitter:site\" content=\"@t4388388833\" \/>\n<meta name=\"twitter:label1\" content=\"Tiempo de lectura\" \/>\n\t<meta name=\"twitter:data1\" content=\"2 minutos\" \/>\n<script type=\"application\/ld+json\" class=\"yoast-schema-graph\">{\"@context\":\"https:\/\/schema.org\",\"@graph\":[{\"@type\":\"WebPage\",\"@id\":\"https:\/\/ukreine.com\/es\/el-propietario-de-una-agencia-de-citas-ucraniana-esta-obligado-a-someterse-a-una-prueba-del-detector-de-mentiras\/\",\"url\":\"https:\/\/ukreine.com\/es\/el-propietario-de-una-agencia-de-citas-ucraniana-esta-obligado-a-someterse-a-una-prueba-del-detector-de-mentiras\/\",\"name\":\"agencia de citas ucraniana y una prueba del detector de mentiras\",\"isPartOf\":{\"@id\":\"https:\/\/ukreine.com\/es\/#website\"},\"primaryImageOfPage\":{\"@id\":\"https:\/\/ukreine.com\/es\/el-propietario-de-una-agencia-de-citas-ucraniana-esta-obligado-a-someterse-a-una-prueba-del-detector-de-mentiras\/#primaryimage\"},\"image\":{\"@id\":\"https:\/\/ukreine.com\/es\/el-propietario-de-una-agencia-de-citas-ucraniana-esta-obligado-a-someterse-a-una-prueba-del-detector-de-mentiras\/#primaryimage\"},\"thumbnailUrl\":\"https:\/\/ukreine.com\/wp-content\/uploads\/2018\/08\/liedetector-1.jpg\",\"datePublished\":\"2025-10-26T20:00:55+00:00\",\"dateModified\":\"2025-10-26T20:00:59+00:00\",\"description\":\"una agencia de citas ucraniana est\u00e1 obligado a someterse a una prueba del detector de mentiras.\",\"breadcrumb\":{\"@id\":\"https:\/\/ukreine.com\/es\/el-propietario-de-una-agencia-de-citas-ucraniana-esta-obligado-a-someterse-a-una-prueba-del-detector-de-mentiras\/#breadcrumb\"},\"inLanguage\":\"es\",\"potentialAction\":[{\"@type\":\"ReadAction\",\"target\":[\"https:\/\/ukreine.com\/es\/el-propietario-de-una-agencia-de-citas-ucraniana-esta-obligado-a-someterse-a-una-prueba-del-detector-de-mentiras\/\"]}]},{\"@type\":\"ImageObject\",\"inLanguage\":\"es\",\"@id\":\"https:\/\/ukreine.com\/es\/el-propietario-de-una-agencia-de-citas-ucraniana-esta-obligado-a-someterse-a-una-prueba-del-detector-de-mentiras\/#primaryimage\",\"url\":\"https:\/\/ukreine.com\/wp-content\/uploads\/2018\/08\/liedetector-1.jpg\",\"contentUrl\":\"https:\/\/ukreine.com\/wp-content\/uploads\/2018\/08\/liedetector-1.jpg\",\"width\":2156,\"height\":1617,\"caption\":\"lie detector test\"},{\"@type\":\"BreadcrumbList\",\"@id\":\"https:\/\/ukreine.com\/es\/el-propietario-de-una-agencia-de-citas-ucraniana-esta-obligado-a-someterse-a-una-prueba-del-detector-de-mentiras\/#breadcrumb\",\"itemListElement\":[{\"@type\":\"ListItem\",\"position\":1,\"name\":\"Home\",\"item\":\"https:\/\/ukreine.com\/es\/\"},{\"@type\":\"ListItem\",\"position\":2,\"name\":\"El propietario de una agencia de citas ucraniana est\u00e1 obligado a someterse a una prueba del detector de mentiras.\"}]},{\"@type\":\"WebSite\",\"@id\":\"https:\/\/ukreine.com\/es\/#website\",\"url\":\"https:\/\/ukreine.com\/es\/\",\"name\":\"Ukreine\",\"description\":\"\",\"publisher\":{\"@id\":\"https:\/\/ukreine.com\/es\/#organization\"},\"potentialAction\":[{\"@type\":\"SearchAction\",\"target\":{\"@type\":\"EntryPoint\",\"urlTemplate\":\"https:\/\/ukreine.com\/es\/?s={search_term_string}\"},\"query-input\":{\"@type\":\"PropertyValueSpecification\",\"valueRequired\":true,\"valueName\":\"search_term_string\"}}],\"inLanguage\":\"es\"},{\"@type\":\"Organization\",\"@id\":\"https:\/\/ukreine.com\/es\/#organization\",\"name\":\"Ukreine\",\"url\":\"https:\/\/ukreine.com\/es\/\",\"logo\":{\"@type\":\"ImageObject\",\"inLanguage\":\"es\",\"@id\":\"https:\/\/ukreine.com\/es\/#\/schema\/logo\/image\/\",\"url\":\"https:\/\/ukreine.com\/wp-content\/uploads\/2018\/05\/logo.png\",\"contentUrl\":\"https:\/\/ukreine.com\/wp-content\/uploads\/2018\/05\/logo.png\",\"width\":325,\"height\":69,\"caption\":\"Ukreine\"},\"image\":{\"@id\":\"https:\/\/ukreine.com\/es\/#\/schema\/logo\/image\/\"},\"sameAs\":[\"https:\/\/www.facebook.com\/datingrussianbrides\/\",\"https:\/\/x.com\/t4388388833\",\"https:\/\/www.instagram.com\/agenceukreine\/\",\"https:\/\/www.pinterest.com\/dbereznyakov\/\",\"https:\/\/www.youtube.com\/channel\/UC5lMwPhy20E8Bti0mQL43UA\"]}]}<\/script>\n<!-- \/ Yoast SEO Premium plugin. -->","yoast_head_json":{"title":"agencia de citas ucraniana y una prueba del detector de mentiras","description":"una agencia de citas ucraniana est\u00e1 obligado a someterse a una prueba del detector de mentiras.","robots":{"index":"index","follow":"follow","max-snippet":"max-snippet:-1","max-image-preview":"max-image-preview:large","max-video-preview":"max-video-preview:-1"},"canonical":"https:\/\/ukreine.com\/es\/el-propietario-de-una-agencia-de-citas-ucraniana-esta-obligado-a-someterse-a-una-prueba-del-detector-de-mentiras\/","og_locale":"es_ES","og_type":"article","og_title":"El propietario de una agencia de citas ucraniana est\u00e1 obligado a someterse a una prueba del detector de mentiras.","og_description":"una agencia de citas ucraniana est\u00e1 obligado a someterse a una prueba del detector de mentiras.","og_url":"https:\/\/ukreine.com\/es\/el-propietario-de-una-agencia-de-citas-ucraniana-esta-obligado-a-someterse-a-una-prueba-del-detector-de-mentiras\/","og_site_name":"Ukreine","article_publisher":"https:\/\/www.facebook.com\/datingrussianbrides\/","article_modified_time":"2025-10-26T20:00:59+00:00","og_image":[{"width":2156,"height":1617,"url":"https:\/\/ukreine.com\/wp-content\/uploads\/2018\/08\/liedetector-1.jpg","type":"image\/jpeg"}],"twitter_card":"summary_large_image","twitter_site":"@t4388388833","twitter_misc":{"Tiempo de lectura":"2 minutos"},"schema":{"@context":"https:\/\/schema.org","@graph":[{"@type":"WebPage","@id":"https:\/\/ukreine.com\/es\/el-propietario-de-una-agencia-de-citas-ucraniana-esta-obligado-a-someterse-a-una-prueba-del-detector-de-mentiras\/","url":"https:\/\/ukreine.com\/es\/el-propietario-de-una-agencia-de-citas-ucraniana-esta-obligado-a-someterse-a-una-prueba-del-detector-de-mentiras\/","name":"agencia de citas ucraniana y una prueba del detector de mentiras","isPartOf":{"@id":"https:\/\/ukreine.com\/es\/#website"},"primaryImageOfPage":{"@id":"https:\/\/ukreine.com\/es\/el-propietario-de-una-agencia-de-citas-ucraniana-esta-obligado-a-someterse-a-una-prueba-del-detector-de-mentiras\/#primaryimage"},"image":{"@id":"https:\/\/ukreine.com\/es\/el-propietario-de-una-agencia-de-citas-ucraniana-esta-obligado-a-someterse-a-una-prueba-del-detector-de-mentiras\/#primaryimage"},"thumbnailUrl":"https:\/\/ukreine.com\/wp-content\/uploads\/2018\/08\/liedetector-1.jpg","datePublished":"2025-10-26T20:00:55+00:00","dateModified":"2025-10-26T20:00:59+00:00","description":"una agencia de citas ucraniana est\u00e1 obligado a someterse a una prueba del detector de mentiras.","breadcrumb":{"@id":"https:\/\/ukreine.com\/es\/el-propietario-de-una-agencia-de-citas-ucraniana-esta-obligado-a-someterse-a-una-prueba-del-detector-de-mentiras\/#breadcrumb"},"inLanguage":"es","potentialAction":[{"@type":"ReadAction","target":["https:\/\/ukreine.com\/es\/el-propietario-de-una-agencia-de-citas-ucraniana-esta-obligado-a-someterse-a-una-prueba-del-detector-de-mentiras\/"]}]},{"@type":"ImageObject","inLanguage":"es","@id":"https:\/\/ukreine.com\/es\/el-propietario-de-una-agencia-de-citas-ucraniana-esta-obligado-a-someterse-a-una-prueba-del-detector-de-mentiras\/#primaryimage","url":"https:\/\/ukreine.com\/wp-content\/uploads\/2018\/08\/liedetector-1.jpg","contentUrl":"https:\/\/ukreine.com\/wp-content\/uploads\/2018\/08\/liedetector-1.jpg","width":2156,"height":1617,"caption":"lie detector test"},{"@type":"BreadcrumbList","@id":"https:\/\/ukreine.com\/es\/el-propietario-de-una-agencia-de-citas-ucraniana-esta-obligado-a-someterse-a-una-prueba-del-detector-de-mentiras\/#breadcrumb","itemListElement":[{"@type":"ListItem","position":1,"name":"Home","item":"https:\/\/ukreine.com\/es\/"},{"@type":"ListItem","position":2,"name":"El propietario de una agencia de citas ucraniana est\u00e1 obligado a someterse a una prueba del detector de mentiras."}]},{"@type":"WebSite","@id":"https:\/\/ukreine.com\/es\/#website","url":"https:\/\/ukreine.com\/es\/","name":"Ukreine","description":"","publisher":{"@id":"https:\/\/ukreine.com\/es\/#organization"},"potentialAction":[{"@type":"SearchAction","target":{"@type":"EntryPoint","urlTemplate":"https:\/\/ukreine.com\/es\/?s={search_term_string}"},"query-input":{"@type":"PropertyValueSpecification","valueRequired":true,"valueName":"search_term_string"}}],"inLanguage":"es"},{"@type":"Organization","@id":"https:\/\/ukreine.com\/es\/#organization","name":"Ukreine","url":"https:\/\/ukreine.com\/es\/","logo":{"@type":"ImageObject","inLanguage":"es","@id":"https:\/\/ukreine.com\/es\/#\/schema\/logo\/image\/","url":"https:\/\/ukreine.com\/wp-content\/uploads\/2018\/05\/logo.png","contentUrl":"https:\/\/ukreine.com\/wp-content\/uploads\/2018\/05\/logo.png","width":325,"height":69,"caption":"Ukreine"},"image":{"@id":"https:\/\/ukreine.com\/es\/#\/schema\/logo\/image\/"},"sameAs":["https:\/\/www.facebook.com\/datingrussianbrides\/","https:\/\/x.com\/t4388388833","https:\/\/www.instagram.com\/agenceukreine\/","https:\/\/www.pinterest.com\/dbereznyakov\/","https:\/\/www.youtube.com\/channel\/UC5lMwPhy20E8Bti0mQL43UA"]}]}},"_links":{"self":[{"href":"https:\/\/ukreine.com\/es\/wp-json\/wp\/v2\/pages\/1030309","targetHints":{"allow":["GET"]}}],"collection":[{"href":"https:\/\/ukreine.com\/es\/wp-json\/wp\/v2\/pages"}],"about":[{"href":"https:\/\/ukreine.com\/es\/wp-json\/wp\/v2\/types\/page"}],"author":[{"embeddable":true,"href":"https:\/\/ukreine.com\/es\/wp-json\/wp\/v2\/users\/54"}],"replies":[{"embeddable":true,"href":"https:\/\/ukreine.com\/es\/wp-json\/wp\/v2\/comments?post=1030309"}],"version-history":[{"count":1,"href":"https:\/\/ukreine.com\/es\/wp-json\/wp\/v2\/pages\/1030309\/revisions"}],"predecessor-version":[{"id":1030310,"href":"https:\/\/ukreine.com\/es\/wp-json\/wp\/v2\/pages\/1030309\/revisions\/1030310"}],"wp:featuredmedia":[{"embeddable":true,"href":"https:\/\/ukreine.com\/es\/wp-json\/wp\/v2\/media\/774079"}],"wp:attachment":[{"href":"https:\/\/ukreine.com\/es\/wp-json\/wp\/v2\/media?parent=1030309"}],"curies":[{"name":"wp","href":"https:\/\/api.w.org\/{rel}","templated":true}]}}