{"id":1030090,"date":"2025-10-24T22:33:30","date_gmt":"2025-10-24T22:33:30","guid":{"rendered":"https:\/\/ukreine.com\/?page_id=1030090"},"modified":"2025-10-26T19:15:42","modified_gmt":"2025-10-26T19:15:42","slug":"conoce-a-una-mujer-ucraniana-que-ya-esta-en-tu-pais","status":"publish","type":"page","link":"https:\/\/ukreine.com\/es\/conoce-a-una-mujer-ucraniana-que-ya-esta-en-tu-pais\/","title":{"rendered":"Conoce a una mujer ucraniana que ya est\u00e1 en tu pa\u00eds."},"content":{"rendered":"<p>\u00bfSab\u00edas que solo entre el 10 % y el 15 % de las mujeres ucranianas est\u00e1n abiertas a las citas internacionales?<\/p>\n<p>Por eso, en lugar de invertir grandes sumas en publicidad, las agencias locales de citas prefieren pagar a mujeres atractivas para que utilicen sus perfiles como se\u00f1uelo y as\u00ed atraer a los hombres, haci\u00e9ndoles creer que la mujer est\u00e1 interesada\u2026 solo para que el hombre gaste dinero en un sitio o agencia de citas occidental.<\/p>\n<p><strong>UkReine<\/strong> pertenece al <strong>1 % de las agencias que no dependen de agencias locales<\/strong> en Ucrania ni en otros pa\u00edses. Nosotros mismos gestionamos nuestras campa\u00f1as publicitarias, la selecci\u00f3n y verificaci\u00f3n de las candidatas, y las entrevistas con la psic\u00f3loga.<\/p>\n<p>Por eso, <strong>el 98 % de las mujeres registradas en UkReine est\u00e1n \u00fanicamente en nuestro sitio<\/strong>, lo que ofrece a nuestros clientes un \u00edndice de \u00e9xito excepcionalmente alto.<\/p>\n<p>Pero podemos ir mucho m\u00e1s all\u00e1 de los perfiles de mujeres ucranianas que ya est\u00e1n en nuestro sitio.<\/p>\n<p>Podemos <strong>encontrarte una mujer ucraniana que viva en tu ciudad<\/strong>, o <strong>una mujer ucraniana que viva en el campo en tu regi\u00f3n.<\/strong><\/p>\n<h3><strong>\u00bfD\u00f3nde podemos encontrar mujeres ucranianas interesadas en ti?<\/strong><\/h3>\n<p>Realizamos <strong>campa\u00f1as publicitarias pagadas<\/strong> con tus anuncios en redes sociales (principalmente <strong>Instagram<\/strong>) seg\u00fan tus criterios de b\u00fasqueda:<\/p>\n<ul>\n<li>Grupo de edad de la mujer rusa o ucraniana (por ejemplo, 35\u201345 a\u00f1os)<\/li>\n<li>Ubicaci\u00f3n de la mujer rusa o ucraniana (por ejemplo, Madrid y 200 km alrededor de Madrid)<\/li>\n<\/ul>\n<p>As\u00ed, dirigimos la publicidad tanto por <strong>edad<\/strong> como por <strong>ubicaci\u00f3n<\/strong> de la mujer.<\/p>\n<p>Adem\u00e1s, tenemos <strong>m\u00e1s de 10 000 mujeres ucranianas<\/strong> suscritas a nuestras redes sociales, pero solo <strong>el 10 %<\/strong> de ellas est\u00e1n registradas en nuestro sitio web.<\/p>\n<p>La raz\u00f3n es sencilla: en <strong>UkReine.com<\/strong>, los perfiles de las mujeres (a diferencia de los de los hombres) son p\u00fablicos, y muchas mujeres ucranianas prefieren mantener su b\u00fasqueda privada.<\/p>\n<p>Por eso, si compartimos tu anuncio personalizado en nuestra red, las mujeres interesadas podr\u00e1n responder <strong>sin necesidad de registrarse<\/strong> en el sitio.<\/p>\n<h3><strong>Esto es lo que obtienes:<\/strong><\/h3>\n<ul>\n<li>Creamos contigo un anuncio original y atractivo.<\/li>\n<li>Si deseas mantener la privacidad, creamos un anuncio general sin tu foto y mostramos tu perfil solo despu\u00e9s de que la mujer nos contacte.<\/li>\n<li>Publicamos el anuncio en redes sociales durante <strong>2 a 4 semanas<\/strong>.<\/li>\n<li>Gestionamos todas las respuestas: nuestra psic\u00f3loga conversa con las mujeres interesadas, verificamos su identidad y motivaci\u00f3n, y elaboramos un perfil psicol\u00f3gico.<\/li>\n<li>Te enviamos los <strong>datos de contacto directo<\/strong> de las mujeres realmente interesadas en ti.<\/li>\n<\/ul>\n<h3><strong>\u00bfCu\u00e1l es el costo?<\/strong><\/h3>\n<p>El precio es de <strong>300 euros<\/strong>, e incluye adem\u00e1s un <strong>descuento de 150 euros<\/strong> en el paquete de 6 meses y un <strong>descuento de 200 euros<\/strong> en el paquete <strong>Garant\u00eda de por Vida<\/strong> (consulta nuestros planes de precios).<\/p>\n<p>Tambi\u00e9n puedes combinar este servicio con una b\u00fasqueda de <strong>mujeres ucranianas que vivan en tu ciudad.<\/strong><\/p>\n<h3><strong>\u00bfC\u00f3mo proceder?<\/strong><\/h3>\n<p>Env\u00edanos un mensaje a <strong><a href=\"mailto:info@ukreine.com\">info@ukreine.com<\/a><\/strong>, y nos pondremos en contacto contigo para definir tus criterios de b\u00fasqueda, preparar un anuncio atractivo y acordar la fecha de lanzamiento de tu campa\u00f1a.<\/p>\n","protected":false},"excerpt":{"rendered":"<p>\u00bfSab\u00edas que solo entre el 10 % y el 15 % de las mujeres ucranianas est\u00e1n abiertas a las citas internacionales? Por eso, en lugar de invertir grandes sumas en publicidad, las agencias locales de citas prefieren pagar a mujeres atractivas para que utilicen sus perfiles como se\u00f1uelo y as\u00ed atraer a los hombres, haci\u00e9ndoles [&hellip;]<\/p>\n","protected":false},"author":54,"featured_media":0,"parent":0,"menu_order":0,"comment_status":"closed","ping_status":"closed","template":"","meta":{"_acf_changed":false,"footnotes":""},"class_list":["post-1030090","page","type-page","status-publish","hentry"],"acf":[],"yoast_head":"<!-- This site is optimized with the Yoast SEO Premium plugin v25.5 (Yoast SEO v27.2) - https:\/\/yoast.com\/product\/yoast-seo-premium-wordpress\/ -->\n<title>Conoce a una mujer ucraniana que ya est\u00e1 en tu pa\u00eds.<\/title>\n<meta name=\"description\" content=\"Conoce a una mujer ucraniana que ya est\u00e1 en tu pa\u00eds.\" \/>\n<meta name=\"robots\" content=\"index, follow, max-snippet:-1, max-image-preview:large, max-video-preview:-1\" \/>\n<link rel=\"canonical\" href=\"https:\/\/ukreine.com\/es\/conoce-a-una-mujer-ucraniana-que-ya-esta-en-tu-pais\/\" \/>\n<meta property=\"og:locale\" content=\"es_ES\" \/>\n<meta property=\"og:type\" content=\"article\" \/>\n<meta property=\"og:title\" content=\"Conoce a una mujer ucraniana que ya est\u00e1 en tu pa\u00eds.\" \/>\n<meta property=\"og:description\" content=\"Conoce a una mujer ucraniana que ya est\u00e1 en tu pa\u00eds.\" \/>\n<meta property=\"og:url\" content=\"https:\/\/ukreine.com\/es\/conoce-a-una-mujer-ucraniana-que-ya-esta-en-tu-pais\/\" \/>\n<meta property=\"og:site_name\" content=\"Ukreine\" \/>\n<meta property=\"article:publisher\" content=\"https:\/\/www.facebook.com\/datingrussianbrides\/\" \/>\n<meta property=\"article:modified_time\" content=\"2025-10-26T19:15:42+00:00\" \/>\n<meta name=\"twitter:card\" content=\"summary_large_image\" \/>\n<meta name=\"twitter:site\" content=\"@t4388388833\" \/>\n<meta name=\"twitter:label1\" content=\"Tiempo de lectura\" \/>\n\t<meta name=\"twitter:data1\" content=\"3 minutos\" \/>\n<script type=\"application\/ld+json\" class=\"yoast-schema-graph\">{\"@context\":\"https:\/\/schema.org\",\"@graph\":[{\"@type\":\"WebPage\",\"@id\":\"https:\/\/ukreine.com\/es\/conoce-a-una-mujer-ucraniana-que-ya-esta-en-tu-pais\/\",\"url\":\"https:\/\/ukreine.com\/es\/conoce-a-una-mujer-ucraniana-que-ya-esta-en-tu-pais\/\",\"name\":\"Conoce a una mujer ucraniana que ya est\u00e1 en tu pa\u00eds.\",\"isPartOf\":{\"@id\":\"https:\/\/ukreine.com\/es\/#website\"},\"datePublished\":\"2025-10-24T22:33:30+00:00\",\"dateModified\":\"2025-10-26T19:15:42+00:00\",\"description\":\"Conoce a una mujer ucraniana que ya est\u00e1 en tu pa\u00eds.\",\"breadcrumb\":{\"@id\":\"https:\/\/ukreine.com\/es\/conoce-a-una-mujer-ucraniana-que-ya-esta-en-tu-pais\/#breadcrumb\"},\"inLanguage\":\"es\",\"potentialAction\":[{\"@type\":\"ReadAction\",\"target\":[\"https:\/\/ukreine.com\/es\/conoce-a-una-mujer-ucraniana-que-ya-esta-en-tu-pais\/\"]}]},{\"@type\":\"BreadcrumbList\",\"@id\":\"https:\/\/ukreine.com\/es\/conoce-a-una-mujer-ucraniana-que-ya-esta-en-tu-pais\/#breadcrumb\",\"itemListElement\":[{\"@type\":\"ListItem\",\"position\":1,\"name\":\"Home\",\"item\":\"https:\/\/ukreine.com\/es\/\"},{\"@type\":\"ListItem\",\"position\":2,\"name\":\"Conoce a una mujer ucraniana que ya est\u00e1 en tu pa\u00eds.\"}]},{\"@type\":\"WebSite\",\"@id\":\"https:\/\/ukreine.com\/es\/#website\",\"url\":\"https:\/\/ukreine.com\/es\/\",\"name\":\"Ukreine\",\"description\":\"\",\"publisher\":{\"@id\":\"https:\/\/ukreine.com\/es\/#organization\"},\"potentialAction\":[{\"@type\":\"SearchAction\",\"target\":{\"@type\":\"EntryPoint\",\"urlTemplate\":\"https:\/\/ukreine.com\/es\/?s={search_term_string}\"},\"query-input\":{\"@type\":\"PropertyValueSpecification\",\"valueRequired\":true,\"valueName\":\"search_term_string\"}}],\"inLanguage\":\"es\"},{\"@type\":\"Organization\",\"@id\":\"https:\/\/ukreine.com\/es\/#organization\",\"name\":\"Ukreine\",\"url\":\"https:\/\/ukreine.com\/es\/\",\"logo\":{\"@type\":\"ImageObject\",\"inLanguage\":\"es\",\"@id\":\"https:\/\/ukreine.com\/es\/#\/schema\/logo\/image\/\",\"url\":\"https:\/\/ukreine.com\/wp-content\/uploads\/2018\/05\/logo.png\",\"contentUrl\":\"https:\/\/ukreine.com\/wp-content\/uploads\/2018\/05\/logo.png\",\"width\":325,\"height\":69,\"caption\":\"Ukreine\"},\"image\":{\"@id\":\"https:\/\/ukreine.com\/es\/#\/schema\/logo\/image\/\"},\"sameAs\":[\"https:\/\/www.facebook.com\/datingrussianbrides\/\",\"https:\/\/x.com\/t4388388833\",\"https:\/\/www.instagram.com\/agenceukreine\/\",\"https:\/\/www.pinterest.com\/dbereznyakov\/\",\"https:\/\/www.youtube.com\/channel\/UC5lMwPhy20E8Bti0mQL43UA\"]}]}<\/script>\n<!-- \/ Yoast SEO Premium plugin. -->","yoast_head_json":{"title":"Conoce a una mujer ucraniana que ya est\u00e1 en tu pa\u00eds.","description":"Conoce a una mujer ucraniana que ya est\u00e1 en tu pa\u00eds.","robots":{"index":"index","follow":"follow","max-snippet":"max-snippet:-1","max-image-preview":"max-image-preview:large","max-video-preview":"max-video-preview:-1"},"canonical":"https:\/\/ukreine.com\/es\/conoce-a-una-mujer-ucraniana-que-ya-esta-en-tu-pais\/","og_locale":"es_ES","og_type":"article","og_title":"Conoce a una mujer ucraniana que ya est\u00e1 en tu pa\u00eds.","og_description":"Conoce a una mujer ucraniana que ya est\u00e1 en tu pa\u00eds.","og_url":"https:\/\/ukreine.com\/es\/conoce-a-una-mujer-ucraniana-que-ya-esta-en-tu-pais\/","og_site_name":"Ukreine","article_publisher":"https:\/\/www.facebook.com\/datingrussianbrides\/","article_modified_time":"2025-10-26T19:15:42+00:00","twitter_card":"summary_large_image","twitter_site":"@t4388388833","twitter_misc":{"Tiempo de lectura":"3 minutos"},"schema":{"@context":"https:\/\/schema.org","@graph":[{"@type":"WebPage","@id":"https:\/\/ukreine.com\/es\/conoce-a-una-mujer-ucraniana-que-ya-esta-en-tu-pais\/","url":"https:\/\/ukreine.com\/es\/conoce-a-una-mujer-ucraniana-que-ya-esta-en-tu-pais\/","name":"Conoce a una mujer ucraniana que ya est\u00e1 en tu pa\u00eds.","isPartOf":{"@id":"https:\/\/ukreine.com\/es\/#website"},"datePublished":"2025-10-24T22:33:30+00:00","dateModified":"2025-10-26T19:15:42+00:00","description":"Conoce a una mujer ucraniana que ya est\u00e1 en tu pa\u00eds.","breadcrumb":{"@id":"https:\/\/ukreine.com\/es\/conoce-a-una-mujer-ucraniana-que-ya-esta-en-tu-pais\/#breadcrumb"},"inLanguage":"es","potentialAction":[{"@type":"ReadAction","target":["https:\/\/ukreine.com\/es\/conoce-a-una-mujer-ucraniana-que-ya-esta-en-tu-pais\/"]}]},{"@type":"BreadcrumbList","@id":"https:\/\/ukreine.com\/es\/conoce-a-una-mujer-ucraniana-que-ya-esta-en-tu-pais\/#breadcrumb","itemListElement":[{"@type":"ListItem","position":1,"name":"Home","item":"https:\/\/ukreine.com\/es\/"},{"@type":"ListItem","position":2,"name":"Conoce a una mujer ucraniana que ya est\u00e1 en tu pa\u00eds."}]},{"@type":"WebSite","@id":"https:\/\/ukreine.com\/es\/#website","url":"https:\/\/ukreine.com\/es\/","name":"Ukreine","description":"","publisher":{"@id":"https:\/\/ukreine.com\/es\/#organization"},"potentialAction":[{"@type":"SearchAction","target":{"@type":"EntryPoint","urlTemplate":"https:\/\/ukreine.com\/es\/?s={search_term_string}"},"query-input":{"@type":"PropertyValueSpecification","valueRequired":true,"valueName":"search_term_string"}}],"inLanguage":"es"},{"@type":"Organization","@id":"https:\/\/ukreine.com\/es\/#organization","name":"Ukreine","url":"https:\/\/ukreine.com\/es\/","logo":{"@type":"ImageObject","inLanguage":"es","@id":"https:\/\/ukreine.com\/es\/#\/schema\/logo\/image\/","url":"https:\/\/ukreine.com\/wp-content\/uploads\/2018\/05\/logo.png","contentUrl":"https:\/\/ukreine.com\/wp-content\/uploads\/2018\/05\/logo.png","width":325,"height":69,"caption":"Ukreine"},"image":{"@id":"https:\/\/ukreine.com\/es\/#\/schema\/logo\/image\/"},"sameAs":["https:\/\/www.facebook.com\/datingrussianbrides\/","https:\/\/x.com\/t4388388833","https:\/\/www.instagram.com\/agenceukreine\/","https:\/\/www.pinterest.com\/dbereznyakov\/","https:\/\/www.youtube.com\/channel\/UC5lMwPhy20E8Bti0mQL43UA"]}]}},"_links":{"self":[{"href":"https:\/\/ukreine.com\/es\/wp-json\/wp\/v2\/pages\/1030090","targetHints":{"allow":["GET"]}}],"collection":[{"href":"https:\/\/ukreine.com\/es\/wp-json\/wp\/v2\/pages"}],"about":[{"href":"https:\/\/ukreine.com\/es\/wp-json\/wp\/v2\/types\/page"}],"author":[{"embeddable":true,"href":"https:\/\/ukreine.com\/es\/wp-json\/wp\/v2\/users\/54"}],"replies":[{"embeddable":true,"href":"https:\/\/ukreine.com\/es\/wp-json\/wp\/v2\/comments?post=1030090"}],"version-history":[{"count":2,"href":"https:\/\/ukreine.com\/es\/wp-json\/wp\/v2\/pages\/1030090\/revisions"}],"predecessor-version":[{"id":1030246,"href":"https:\/\/ukreine.com\/es\/wp-json\/wp\/v2\/pages\/1030090\/revisions\/1030246"}],"wp:attachment":[{"href":"https:\/\/ukreine.com\/es\/wp-json\/wp\/v2\/media?parent=1030090"}],"curies":[{"name":"wp","href":"https:\/\/api.w.org\/{rel}","templated":true}]}}