{"id":1029731,"date":"2025-10-23T19:02:00","date_gmt":"2025-10-23T19:02:00","guid":{"rendered":"https:\/\/ukreine.com\/?page_id=1029731"},"modified":"2025-10-23T19:02:04","modified_gmt":"2025-10-23T19:02:04","slug":"la-guerra-en-ucrania-que-esta-pasando-con-nuestra-agencia-y-con-las-mujeres-ucranianas","status":"publish","type":"page","link":"https:\/\/ukreine.com\/es\/la-guerra-en-ucrania-que-esta-pasando-con-nuestra-agencia-y-con-las-mujeres-ucranianas\/","title":{"rendered":"La guerra en Ucrania: \u00bfqu\u00e9 est\u00e1 pasando con nuestra agencia y con las mujeres ucranianas?"},"content":{"rendered":"<p data-start=\"0\" data-end=\"106\"><br data-start=\"82\" data-end=\"85\" \/>Estimados clientes,<\/p>\n<p data-start=\"108\" data-end=\"376\">El hecho de que seamos la <strong data-start=\"134\" data-end=\"176\">\u00fanica agencia de encuentros franc\u00f3fona<\/strong> que <strong data-start=\"181\" data-end=\"212\">no act\u00faa como intermediaria<\/strong> entre las mujeres ucranianas y los hombres franc\u00f3fonos ha marcado siempre nuestra diferencia y ha garantizado una tasa de \u00e9xito excepcional durante casi 25 a\u00f1os.<\/p>\n<p data-start=\"378\" data-end=\"599\">Tener <strong data-start=\"384\" data-end=\"421\">nuestra propia oficina en Ucrania<\/strong> nos permit\u00eda entrevistar personalmente a todas las candidatas, asegurarnos de la sinceridad de sus motivaciones y, al mismo tiempo, seguir siendo <strong data-start=\"568\" data-end=\"596\">la agencia m\u00e1s econ\u00f3mica<\/strong>.<\/p>\n<p data-start=\"601\" data-end=\"957\">Un contacto tan personalizado con nuestras afiliadas se volvi\u00f3 a\u00fan m\u00e1s estrecho tras el inicio de la guerra. Estamos en <strong data-start=\"721\" data-end=\"761\">contacto permanente con casi el 100%<\/strong> de las mujeres ucranianas cuyos perfiles aparecen en nuestro sitio web y, desde el comienzo del conflicto, hemos destinado un presupuesto para ayudar econ\u00f3micamente a aquellas que lo necesitan.<\/p>\n<p data-start=\"959\" data-end=\"1215\">En cuanto a <strong data-start=\"971\" data-end=\"989\">nuestro equipo<\/strong>, que cuenta con m\u00e1s de diez personas, tuvimos que <strong data-start=\"1040\" data-end=\"1077\">adaptar nuestra forma de trabajar<\/strong>, ya que algunos se mudaron a otras ciudades o pa\u00edses, pero actualmente hemos vuelto al <strong data-start=\"1165\" data-end=\"1212\">100% de nuestro volumen habitual de trabajo<\/strong>.<\/p>\n<hr data-start=\"1217\" data-end=\"1220\" \/>\n<h3 data-start=\"1222\" data-end=\"1283\">\u00bfC\u00f3mo ha cambiado nuestro trabajo despu\u00e9s de la guerra?<\/h3>\n<p data-start=\"1285\" data-end=\"1464\">El cambio m\u00e1s importante es que <strong data-start=\"1317\" data-end=\"1391\">m\u00e1s del 50% de las mujeres ucranianas registradas en nuestro sitio web<\/strong> se encuentran ahora en <strong data-start=\"1415\" data-end=\"1461\">Europa occidental, Estados Unidos o Canad\u00e1<\/strong>.<\/p>\n<p data-start=\"1466\" data-end=\"1893\">Podr\u00eda parecer que las cosas se han vuelto mucho m\u00e1s f\u00e1ciles para los hombres.<br data-start=\"1544\" data-end=\"1547\" \/>Por un lado, es cierto: muchas ucranianas ahora tienen un estatus que les permite <strong data-start=\"1629\" data-end=\"1678\">residir permanentemente en un pa\u00eds extranjero<\/strong>.<br data-start=\"1679\" data-end=\"1682\" \/>Por otro lado, mientras algunas mujeres solteras sufr\u00edan la falta de hombres en Ucrania, aquellas que se han trasladado a Occidente <strong data-start=\"1814\" data-end=\"1855\">ahora tienen muchas m\u00e1s oportunidades<\/strong> de encontrar la felicidad familiar.<\/p>\n<p data-start=\"1895\" data-end=\"2108\">Todos estos cambios han provocado un <strong data-start=\"1932\" data-end=\"1987\">aumento en el n\u00famero de matrimonios internacionales<\/strong> entre mujeres ucranianas y hombres occidentales, incluso si una parte de ellos no ha requerido nuestra intermediaci\u00f3n.<\/p>\n<hr data-start=\"2110\" data-end=\"2113\" \/>\n<h3 data-start=\"2115\" data-end=\"2162\">\u00bfC\u00f3mo conocer a estas mujeres ucranianas?<\/h3>\n<p data-start=\"2164\" data-end=\"2593\">La gran mayor\u00eda de nuestras afiliadas viv\u00edan en el <strong data-start=\"2215\" data-end=\"2234\">este de Ucrania<\/strong>, en ciudades como <strong data-start=\"2253\" data-end=\"2305\">J\u00e1rkov, Sumy, Dnipr\u00f3, Mari\u00fapol, Jers\u00f3n, Mykolaiv<\/strong>, las m\u00e1s afectadas por la guerra.<br data-start=\"2339\" data-end=\"2342\" \/>Por esta raz\u00f3n, la mayor\u00eda de las mujeres ucranianas inscritas en nuestro sitio <strong data-start=\"2422\" data-end=\"2465\">ya se encuentran en el oeste de Ucrania<\/strong>, cerca de la frontera, o <strong data-start=\"2491\" data-end=\"2526\">han encontrado refugio temporal<\/strong> en Polonia, Bulgaria, Francia, B\u00e9lgica, Alemania y otros pa\u00edses.<\/p>\n<p data-start=\"2595\" data-end=\"2710\">Adem\u00e1s, los pa\u00edses de la Uni\u00f3n Europea ofrecen <strong data-start=\"2642\" data-end=\"2659\">seguro m\u00e9dico<\/strong> y otorgan <strong data-start=\"2670\" data-end=\"2707\">de inmediato un visado de trabajo<\/strong>.<\/p>\n<p data-start=\"2712\" data-end=\"3186\">Despu\u00e9s del intercambio de contactos con la mujer ucraniana, <strong data-start=\"2773\" data-end=\"2838\">le asistiremos para asegurarnos de que pueda salir de Ucrania<\/strong>, en caso de que a\u00fan se encuentre all\u00ed.<br data-start=\"2877\" data-end=\"2880\" \/>Si ya est\u00e1 en un pa\u00eds de Europa central u occidental, podr\u00e1n <strong data-start=\"2941\" data-end=\"2987\">encontrarse sin nuestra asistencia directa<\/strong>.<br data-start=\"2988\" data-end=\"2991\" \/>Le ofrecemos <strong data-start=\"3004\" data-end=\"3049\">acceso ilimitado a los contactos directos<\/strong> de las mujeres que le interesan y que tambi\u00e9n est\u00e1n interesadas en usted, hasta el momento en que encuentre <strong data-start=\"3158\" data-end=\"3183\">a la mujer de su vida<\/strong>.<\/p>\n<hr data-start=\"3188\" data-end=\"3191\" \/>\n<p data-start=\"3193\" data-end=\"3292\">Para asistencia prioritaria, no dude en contactarnos:<br data-start=\"3246\" data-end=\"3249\" \/>\ud83d\udcde +33 1 84 88 33 88<br data-start=\"3269\" data-end=\"3272\" \/>\ud83d\udcde +1 514 703 3725<\/p>\n<p data-start=\"3294\" data-end=\"3313\" data-is-last-node=\"\" data-is-only-node=\"\">\ud83d\udce7 <a class=\"decorated-link cursor-pointer\" rel=\"noopener\" data-start=\"3297\" data-end=\"3313\" data-is-last-node=\"\">info@ukreine.com<\/a><\/p>\n","protected":false},"excerpt":{"rendered":"<p>Estimados clientes, El hecho de que seamos la \u00fanica agencia de encuentros franc\u00f3fona que no act\u00faa como intermediaria entre las mujeres ucranianas y los hombres franc\u00f3fonos ha marcado siempre nuestra diferencia y ha garantizado una tasa de \u00e9xito excepcional durante casi 25 a\u00f1os. Tener nuestra propia oficina en Ucrania nos permit\u00eda entrevistar personalmente a todas [&hellip;]<\/p>\n","protected":false},"author":54,"featured_media":0,"parent":0,"menu_order":0,"comment_status":"closed","ping_status":"closed","template":"","meta":{"_acf_changed":false,"footnotes":""},"class_list":["post-1029731","page","type-page","status-publish","hentry"],"acf":[],"yoast_head":"<!-- This site is optimized with the Yoast SEO Premium plugin v25.5 (Yoast SEO v27.2) - https:\/\/yoast.com\/product\/yoast-seo-premium-wordpress\/ -->\n<title>Qu\u00e9 est\u00e1 pasando con la agencia y con las mujeres ucranianas<\/title>\n<meta name=\"description\" content=\"La guerra en Ucrania: \u00bfqu\u00e9 est\u00e1 pasando con nuestra agencia y con las mujeres ucranianas?\" \/>\n<meta name=\"robots\" content=\"index, follow, max-snippet:-1, max-image-preview:large, max-video-preview:-1\" \/>\n<link rel=\"canonical\" href=\"https:\/\/ukreine.com\/es\/la-guerra-en-ucrania-que-esta-pasando-con-nuestra-agencia-y-con-las-mujeres-ucranianas\/\" \/>\n<meta property=\"og:locale\" content=\"es_ES\" \/>\n<meta property=\"og:type\" content=\"article\" \/>\n<meta property=\"og:title\" content=\"La guerra en Ucrania: \u00bfqu\u00e9 est\u00e1 pasando con nuestra agencia y con las mujeres ucranianas?\" \/>\n<meta property=\"og:description\" content=\"La guerra en Ucrania: \u00bfqu\u00e9 est\u00e1 pasando con nuestra agencia y con las mujeres ucranianas?\" \/>\n<meta property=\"og:url\" content=\"https:\/\/ukreine.com\/es\/la-guerra-en-ucrania-que-esta-pasando-con-nuestra-agencia-y-con-las-mujeres-ucranianas\/\" \/>\n<meta property=\"og:site_name\" content=\"Ukreine\" \/>\n<meta property=\"article:publisher\" content=\"https:\/\/www.facebook.com\/datingrussianbrides\/\" \/>\n<meta property=\"article:modified_time\" content=\"2025-10-23T19:02:04+00:00\" \/>\n<meta name=\"twitter:card\" content=\"summary_large_image\" \/>\n<meta name=\"twitter:site\" content=\"@t4388388833\" \/>\n<meta name=\"twitter:label1\" content=\"Tiempo de lectura\" \/>\n\t<meta name=\"twitter:data1\" content=\"3 minutos\" \/>\n<script type=\"application\/ld+json\" class=\"yoast-schema-graph\">{\"@context\":\"https:\/\/schema.org\",\"@graph\":[{\"@type\":\"WebPage\",\"@id\":\"https:\/\/ukreine.com\/es\/la-guerra-en-ucrania-que-esta-pasando-con-nuestra-agencia-y-con-las-mujeres-ucranianas\/\",\"url\":\"https:\/\/ukreine.com\/es\/la-guerra-en-ucrania-que-esta-pasando-con-nuestra-agencia-y-con-las-mujeres-ucranianas\/\",\"name\":\"Qu\u00e9 est\u00e1 pasando con la agencia y con las mujeres ucranianas\",\"isPartOf\":{\"@id\":\"https:\/\/ukreine.com\/es\/#website\"},\"datePublished\":\"2025-10-23T19:02:00+00:00\",\"dateModified\":\"2025-10-23T19:02:04+00:00\",\"description\":\"La guerra en Ucrania: \u00bfqu\u00e9 est\u00e1 pasando con nuestra agencia y con las mujeres ucranianas?\",\"breadcrumb\":{\"@id\":\"https:\/\/ukreine.com\/es\/la-guerra-en-ucrania-que-esta-pasando-con-nuestra-agencia-y-con-las-mujeres-ucranianas\/#breadcrumb\"},\"inLanguage\":\"es\",\"potentialAction\":[{\"@type\":\"ReadAction\",\"target\":[\"https:\/\/ukreine.com\/es\/la-guerra-en-ucrania-que-esta-pasando-con-nuestra-agencia-y-con-las-mujeres-ucranianas\/\"]}]},{\"@type\":\"BreadcrumbList\",\"@id\":\"https:\/\/ukreine.com\/es\/la-guerra-en-ucrania-que-esta-pasando-con-nuestra-agencia-y-con-las-mujeres-ucranianas\/#breadcrumb\",\"itemListElement\":[{\"@type\":\"ListItem\",\"position\":1,\"name\":\"Home\",\"item\":\"https:\/\/ukreine.com\/es\/\"},{\"@type\":\"ListItem\",\"position\":2,\"name\":\"La guerra en Ucrania: \u00bfqu\u00e9 est\u00e1 pasando con nuestra agencia y con las mujeres ucranianas?\"}]},{\"@type\":\"WebSite\",\"@id\":\"https:\/\/ukreine.com\/es\/#website\",\"url\":\"https:\/\/ukreine.com\/es\/\",\"name\":\"Ukreine\",\"description\":\"\",\"publisher\":{\"@id\":\"https:\/\/ukreine.com\/es\/#organization\"},\"potentialAction\":[{\"@type\":\"SearchAction\",\"target\":{\"@type\":\"EntryPoint\",\"urlTemplate\":\"https:\/\/ukreine.com\/es\/?s={search_term_string}\"},\"query-input\":{\"@type\":\"PropertyValueSpecification\",\"valueRequired\":true,\"valueName\":\"search_term_string\"}}],\"inLanguage\":\"es\"},{\"@type\":\"Organization\",\"@id\":\"https:\/\/ukreine.com\/es\/#organization\",\"name\":\"Ukreine\",\"url\":\"https:\/\/ukreine.com\/es\/\",\"logo\":{\"@type\":\"ImageObject\",\"inLanguage\":\"es\",\"@id\":\"https:\/\/ukreine.com\/es\/#\/schema\/logo\/image\/\",\"url\":\"https:\/\/ukreine.com\/wp-content\/uploads\/2018\/05\/logo.png\",\"contentUrl\":\"https:\/\/ukreine.com\/wp-content\/uploads\/2018\/05\/logo.png\",\"width\":325,\"height\":69,\"caption\":\"Ukreine\"},\"image\":{\"@id\":\"https:\/\/ukreine.com\/es\/#\/schema\/logo\/image\/\"},\"sameAs\":[\"https:\/\/www.facebook.com\/datingrussianbrides\/\",\"https:\/\/x.com\/t4388388833\",\"https:\/\/www.instagram.com\/agenceukreine\/\",\"https:\/\/www.pinterest.com\/dbereznyakov\/\",\"https:\/\/www.youtube.com\/channel\/UC5lMwPhy20E8Bti0mQL43UA\"]}]}<\/script>\n<!-- \/ Yoast SEO Premium plugin. -->","yoast_head_json":{"title":"Qu\u00e9 est\u00e1 pasando con la agencia y con las mujeres ucranianas","description":"La guerra en Ucrania: \u00bfqu\u00e9 est\u00e1 pasando con nuestra agencia y con las mujeres ucranianas?","robots":{"index":"index","follow":"follow","max-snippet":"max-snippet:-1","max-image-preview":"max-image-preview:large","max-video-preview":"max-video-preview:-1"},"canonical":"https:\/\/ukreine.com\/es\/la-guerra-en-ucrania-que-esta-pasando-con-nuestra-agencia-y-con-las-mujeres-ucranianas\/","og_locale":"es_ES","og_type":"article","og_title":"La guerra en Ucrania: \u00bfqu\u00e9 est\u00e1 pasando con nuestra agencia y con las mujeres ucranianas?","og_description":"La guerra en Ucrania: \u00bfqu\u00e9 est\u00e1 pasando con nuestra agencia y con las mujeres ucranianas?","og_url":"https:\/\/ukreine.com\/es\/la-guerra-en-ucrania-que-esta-pasando-con-nuestra-agencia-y-con-las-mujeres-ucranianas\/","og_site_name":"Ukreine","article_publisher":"https:\/\/www.facebook.com\/datingrussianbrides\/","article_modified_time":"2025-10-23T19:02:04+00:00","twitter_card":"summary_large_image","twitter_site":"@t4388388833","twitter_misc":{"Tiempo de lectura":"3 minutos"},"schema":{"@context":"https:\/\/schema.org","@graph":[{"@type":"WebPage","@id":"https:\/\/ukreine.com\/es\/la-guerra-en-ucrania-que-esta-pasando-con-nuestra-agencia-y-con-las-mujeres-ucranianas\/","url":"https:\/\/ukreine.com\/es\/la-guerra-en-ucrania-que-esta-pasando-con-nuestra-agencia-y-con-las-mujeres-ucranianas\/","name":"Qu\u00e9 est\u00e1 pasando con la agencia y con las mujeres ucranianas","isPartOf":{"@id":"https:\/\/ukreine.com\/es\/#website"},"datePublished":"2025-10-23T19:02:00+00:00","dateModified":"2025-10-23T19:02:04+00:00","description":"La guerra en Ucrania: \u00bfqu\u00e9 est\u00e1 pasando con nuestra agencia y con las mujeres ucranianas?","breadcrumb":{"@id":"https:\/\/ukreine.com\/es\/la-guerra-en-ucrania-que-esta-pasando-con-nuestra-agencia-y-con-las-mujeres-ucranianas\/#breadcrumb"},"inLanguage":"es","potentialAction":[{"@type":"ReadAction","target":["https:\/\/ukreine.com\/es\/la-guerra-en-ucrania-que-esta-pasando-con-nuestra-agencia-y-con-las-mujeres-ucranianas\/"]}]},{"@type":"BreadcrumbList","@id":"https:\/\/ukreine.com\/es\/la-guerra-en-ucrania-que-esta-pasando-con-nuestra-agencia-y-con-las-mujeres-ucranianas\/#breadcrumb","itemListElement":[{"@type":"ListItem","position":1,"name":"Home","item":"https:\/\/ukreine.com\/es\/"},{"@type":"ListItem","position":2,"name":"La guerra en Ucrania: \u00bfqu\u00e9 est\u00e1 pasando con nuestra agencia y con las mujeres ucranianas?"}]},{"@type":"WebSite","@id":"https:\/\/ukreine.com\/es\/#website","url":"https:\/\/ukreine.com\/es\/","name":"Ukreine","description":"","publisher":{"@id":"https:\/\/ukreine.com\/es\/#organization"},"potentialAction":[{"@type":"SearchAction","target":{"@type":"EntryPoint","urlTemplate":"https:\/\/ukreine.com\/es\/?s={search_term_string}"},"query-input":{"@type":"PropertyValueSpecification","valueRequired":true,"valueName":"search_term_string"}}],"inLanguage":"es"},{"@type":"Organization","@id":"https:\/\/ukreine.com\/es\/#organization","name":"Ukreine","url":"https:\/\/ukreine.com\/es\/","logo":{"@type":"ImageObject","inLanguage":"es","@id":"https:\/\/ukreine.com\/es\/#\/schema\/logo\/image\/","url":"https:\/\/ukreine.com\/wp-content\/uploads\/2018\/05\/logo.png","contentUrl":"https:\/\/ukreine.com\/wp-content\/uploads\/2018\/05\/logo.png","width":325,"height":69,"caption":"Ukreine"},"image":{"@id":"https:\/\/ukreine.com\/es\/#\/schema\/logo\/image\/"},"sameAs":["https:\/\/www.facebook.com\/datingrussianbrides\/","https:\/\/x.com\/t4388388833","https:\/\/www.instagram.com\/agenceukreine\/","https:\/\/www.pinterest.com\/dbereznyakov\/","https:\/\/www.youtube.com\/channel\/UC5lMwPhy20E8Bti0mQL43UA"]}]}},"_links":{"self":[{"href":"https:\/\/ukreine.com\/es\/wp-json\/wp\/v2\/pages\/1029731","targetHints":{"allow":["GET"]}}],"collection":[{"href":"https:\/\/ukreine.com\/es\/wp-json\/wp\/v2\/pages"}],"about":[{"href":"https:\/\/ukreine.com\/es\/wp-json\/wp\/v2\/types\/page"}],"author":[{"embeddable":true,"href":"https:\/\/ukreine.com\/es\/wp-json\/wp\/v2\/users\/54"}],"replies":[{"embeddable":true,"href":"https:\/\/ukreine.com\/es\/wp-json\/wp\/v2\/comments?post=1029731"}],"version-history":[{"count":1,"href":"https:\/\/ukreine.com\/es\/wp-json\/wp\/v2\/pages\/1029731\/revisions"}],"predecessor-version":[{"id":1029732,"href":"https:\/\/ukreine.com\/es\/wp-json\/wp\/v2\/pages\/1029731\/revisions\/1029732"}],"wp:attachment":[{"href":"https:\/\/ukreine.com\/es\/wp-json\/wp\/v2\/media?parent=1029731"}],"curies":[{"name":"wp","href":"https:\/\/api.w.org\/{rel}","templated":true}]}}