{"id":1029479,"date":"2025-10-22T01:51:57","date_gmt":"2025-10-22T01:51:57","guid":{"rendered":"https:\/\/ukreine.com\/?page_id=1029479"},"modified":"2025-10-22T01:52:00","modified_gmt":"2025-10-22T01:52:00","slug":"comprar-la-informacion-de-contacto-de-una-mujer-ucraniana","status":"publish","type":"page","link":"https:\/\/ukreine.com\/es\/comprar-la-informacion-de-contacto-de-una-mujer-ucraniana\/","title":{"rendered":"Solo quiero comprar la informaci\u00f3n de contacto de una mujer ucraniana."},"content":{"rendered":"<p>Es sorprendente, pero muchos hombres piensan que obtener el n\u00famero de WhatsApp de una mujer es suficiente para encontrar a su alma gemela.<\/p>\n<p>Que tu asesora personal, el coaching de citas, la asistencia de nuestra psic\u00f3loga relacional, las traducciones, la organizaci\u00f3n de tu viaje, el hecho de conocer a varias mujeres para garantizar el resultado y nuestra experiencia de m\u00e1s de 20 a\u00f1os no tengan ning\u00fan valor\u2026<\/p>\n<p>Supongamos que eso fuera cierto y que decidi\u00e9ramos vender la informaci\u00f3n de contacto de cada mujer por <strong>100 $<\/strong>, \u00a1una ganga para los hombres!<\/p>\n<p>\u00bfCrees que nunca lo har\u00edamos porque es imposible cubrir todos nuestros gastos cobrando solo <strong>100 $<\/strong> por el contacto de una mujer?<\/p>\n<p>La realidad te sorprender\u00e1: si vendi\u00e9ramos los contactos directos de las mujeres, ganar\u00edamos <strong>mucho m\u00e1s dinero<\/strong>.<\/p>\n<p><strong>Todas las agencias fraudulentas hacen eso.<\/strong><\/p>\n<p>Vender informaci\u00f3n de contacto es una forma r\u00e1pida y f\u00e1cil de obtener ganancias. Eso es exactamente lo que hacen las agencias fraudulentas.<\/p>\n<p>Venden los datos de contacto de una sola mujer a <strong>hasta 50 hombres diferentes<\/strong>, ganando hasta <strong>5000 $ por perfil<\/strong>.<\/p>\n<p>Est\u00e1n felices, es como vender tu coche a un precio barato, atraer a 50 compradores, tomar un dep\u00f3sito de cada uno y luego desaparecer.<\/p>\n<p>Podr\u00edas decir que eso es una estafa, pero nosotros creemos que <strong>vender la misma informaci\u00f3n de contacto a 50 hombres diferentes tambi\u00e9n lo es<\/strong>.<\/p>\n<p>El hombre que compra la informaci\u00f3n de contacto no sabe que sus posibilidades de \u00e9xito son solo del <strong>2 %<\/strong>.<\/p>\n<p>Nosotros estamos <strong>fuera de esta industria internacional de estafas de citas<\/strong> y hacemos las cosas de una manera diferente.<\/p>\n<hr \/>\n<h3>Nuestro enfoque ofrece una excelente tasa de \u00e9xito y es m\u00e1s econ\u00f3mico.<\/h3>\n<p>No basamos nuestros esfuerzos en el dinero, sino en los <strong>resultados<\/strong>.<\/p>\n<p>Por eso <strong>limitamos el n\u00famero de hombres que obtienen contactos directos de mujeres<\/strong>, pero <strong>no los limitamos en el n\u00famero de contactos<\/strong> cuando se inscriben con nosotros.<\/p>\n<p>S\u00ed, con nosotros obtienes la informaci\u00f3n de contacto de una mujer y una <strong>tasa de \u00e9xito del 85 % al 100 %<\/strong> (dependiendo del paquete que elijas), porque probablemente ser\u00e1s el <strong>primer hombre<\/strong> en comunicarte con ella a trav\u00e9s de una agencia.<br \/>\nEl <strong>95 % de los perfiles de mujeres en UkReine.com<\/strong> est\u00e1n solo en nuestro sitio: <strong>no compartimos perfiles con socios ni vendemos contactos de mujeres fuera de nuestra plataforma<\/strong>.<br \/>\nLos contactos directos de las mujeres est\u00e1n <strong>reservados exclusivamente<\/strong> a los clientes que han adquirido un paquete con nosotros, lo que brinda a los hombres una <strong>excelente tasa de \u00e9xito<\/strong>.<\/p>\n<hr \/>\n<p>Entonces, si en este momento est\u00e1s interesado solo en una mujer, \u00bfte arrepentir\u00edas de tomar un paquete si ella se convierte en tu esposa?<br \/>\n<strong>Ciertamente no.<\/strong><\/p>\n<p>Y si no funciona con ella, te ayudaremos a contactar con otras mujeres hasta que encuentres a aquella con la que ser\u00e1s feliz. <strong>Tampoco te arrepentir\u00e1s.<\/strong><\/p>\n<p>As\u00ed que, \u00a1est\u00e1s en una posici\u00f3n ganadora en todos los escenarios posibles!<\/p>\n","protected":false},"excerpt":{"rendered":"<p>Es sorprendente, pero muchos hombres piensan que obtener el n\u00famero de WhatsApp de una mujer es suficiente para encontrar a su alma gemela. Que tu asesora personal, el coaching de citas, la asistencia de nuestra psic\u00f3loga relacional, las traducciones, la organizaci\u00f3n de tu viaje, el hecho de conocer a varias mujeres para garantizar el resultado [&hellip;]<\/p>\n","protected":false},"author":54,"featured_media":0,"parent":0,"menu_order":0,"comment_status":"closed","ping_status":"closed","template":"","meta":{"_acf_changed":false,"footnotes":""},"class_list":["post-1029479","page","type-page","status-publish","hentry"],"acf":[],"yoast_head":"<!-- This site is optimized with the Yoast SEO Premium plugin v25.5 (Yoast SEO v27.2) - https:\/\/yoast.com\/product\/yoast-seo-premium-wordpress\/ -->\n<title>Comprar la informaci\u00f3n de contacto de una mujer ucraniana<\/title>\n<meta name=\"description\" content=\"Comprar la informaci\u00f3n de contacto de una mujer ucraniana. Muchos hombres piensan que obtener el n\u00famero de WhatsApp de una mujer es suficiente para encontrar a su alma gemela.\" \/>\n<meta name=\"robots\" content=\"index, follow, max-snippet:-1, max-image-preview:large, max-video-preview:-1\" \/>\n<link rel=\"canonical\" href=\"https:\/\/ukreine.com\/es\/comprar-la-informacion-de-contacto-de-una-mujer-ucraniana\/\" \/>\n<meta property=\"og:locale\" content=\"es_ES\" \/>\n<meta property=\"og:type\" content=\"article\" \/>\n<meta property=\"og:title\" content=\"Solo quiero comprar la informaci\u00f3n de contacto de una mujer ucraniana.\" \/>\n<meta property=\"og:description\" content=\"Comprar la informaci\u00f3n de contacto de una mujer ucraniana. Muchos hombres piensan que obtener el n\u00famero de WhatsApp de una mujer es suficiente para encontrar a su alma gemela.\" \/>\n<meta property=\"og:url\" content=\"https:\/\/ukreine.com\/es\/comprar-la-informacion-de-contacto-de-una-mujer-ucraniana\/\" \/>\n<meta property=\"og:site_name\" content=\"Ukreine\" \/>\n<meta property=\"article:publisher\" content=\"https:\/\/www.facebook.com\/datingrussianbrides\/\" \/>\n<meta property=\"article:modified_time\" content=\"2025-10-22T01:52:00+00:00\" \/>\n<meta name=\"twitter:card\" content=\"summary_large_image\" \/>\n<meta name=\"twitter:site\" content=\"@t4388388833\" \/>\n<meta name=\"twitter:label1\" content=\"Tiempo de lectura\" \/>\n\t<meta name=\"twitter:data1\" content=\"3 minutos\" \/>\n<script type=\"application\/ld+json\" class=\"yoast-schema-graph\">{\"@context\":\"https:\/\/schema.org\",\"@graph\":[{\"@type\":\"WebPage\",\"@id\":\"https:\/\/ukreine.com\/es\/comprar-la-informacion-de-contacto-de-una-mujer-ucraniana\/\",\"url\":\"https:\/\/ukreine.com\/es\/comprar-la-informacion-de-contacto-de-una-mujer-ucraniana\/\",\"name\":\"Comprar la informaci\u00f3n de contacto de una mujer ucraniana\",\"isPartOf\":{\"@id\":\"https:\/\/ukreine.com\/es\/#website\"},\"datePublished\":\"2025-10-22T01:51:57+00:00\",\"dateModified\":\"2025-10-22T01:52:00+00:00\",\"description\":\"Comprar la informaci\u00f3n de contacto de una mujer ucraniana. Muchos hombres piensan que obtener el n\u00famero de WhatsApp de una mujer es suficiente para encontrar a su alma gemela.\",\"breadcrumb\":{\"@id\":\"https:\/\/ukreine.com\/es\/comprar-la-informacion-de-contacto-de-una-mujer-ucraniana\/#breadcrumb\"},\"inLanguage\":\"es\",\"potentialAction\":[{\"@type\":\"ReadAction\",\"target\":[\"https:\/\/ukreine.com\/es\/comprar-la-informacion-de-contacto-de-una-mujer-ucraniana\/\"]}]},{\"@type\":\"BreadcrumbList\",\"@id\":\"https:\/\/ukreine.com\/es\/comprar-la-informacion-de-contacto-de-una-mujer-ucraniana\/#breadcrumb\",\"itemListElement\":[{\"@type\":\"ListItem\",\"position\":1,\"name\":\"Home\",\"item\":\"https:\/\/ukreine.com\/es\/\"},{\"@type\":\"ListItem\",\"position\":2,\"name\":\"Solo quiero comprar la informaci\u00f3n de contacto de una mujer ucraniana.\"}]},{\"@type\":\"WebSite\",\"@id\":\"https:\/\/ukreine.com\/es\/#website\",\"url\":\"https:\/\/ukreine.com\/es\/\",\"name\":\"Ukreine\",\"description\":\"\",\"publisher\":{\"@id\":\"https:\/\/ukreine.com\/es\/#organization\"},\"potentialAction\":[{\"@type\":\"SearchAction\",\"target\":{\"@type\":\"EntryPoint\",\"urlTemplate\":\"https:\/\/ukreine.com\/es\/?s={search_term_string}\"},\"query-input\":{\"@type\":\"PropertyValueSpecification\",\"valueRequired\":true,\"valueName\":\"search_term_string\"}}],\"inLanguage\":\"es\"},{\"@type\":\"Organization\",\"@id\":\"https:\/\/ukreine.com\/es\/#organization\",\"name\":\"Ukreine\",\"url\":\"https:\/\/ukreine.com\/es\/\",\"logo\":{\"@type\":\"ImageObject\",\"inLanguage\":\"es\",\"@id\":\"https:\/\/ukreine.com\/es\/#\/schema\/logo\/image\/\",\"url\":\"https:\/\/ukreine.com\/wp-content\/uploads\/2018\/05\/logo.png\",\"contentUrl\":\"https:\/\/ukreine.com\/wp-content\/uploads\/2018\/05\/logo.png\",\"width\":325,\"height\":69,\"caption\":\"Ukreine\"},\"image\":{\"@id\":\"https:\/\/ukreine.com\/es\/#\/schema\/logo\/image\/\"},\"sameAs\":[\"https:\/\/www.facebook.com\/datingrussianbrides\/\",\"https:\/\/x.com\/t4388388833\",\"https:\/\/www.instagram.com\/agenceukreine\/\",\"https:\/\/www.pinterest.com\/dbereznyakov\/\",\"https:\/\/www.youtube.com\/channel\/UC5lMwPhy20E8Bti0mQL43UA\"]}]}<\/script>\n<!-- \/ Yoast SEO Premium plugin. -->","yoast_head_json":{"title":"Comprar la informaci\u00f3n de contacto de una mujer ucraniana","description":"Comprar la informaci\u00f3n de contacto de una mujer ucraniana. Muchos hombres piensan que obtener el n\u00famero de WhatsApp de una mujer es suficiente para encontrar a su alma gemela.","robots":{"index":"index","follow":"follow","max-snippet":"max-snippet:-1","max-image-preview":"max-image-preview:large","max-video-preview":"max-video-preview:-1"},"canonical":"https:\/\/ukreine.com\/es\/comprar-la-informacion-de-contacto-de-una-mujer-ucraniana\/","og_locale":"es_ES","og_type":"article","og_title":"Solo quiero comprar la informaci\u00f3n de contacto de una mujer ucraniana.","og_description":"Comprar la informaci\u00f3n de contacto de una mujer ucraniana. Muchos hombres piensan que obtener el n\u00famero de WhatsApp de una mujer es suficiente para encontrar a su alma gemela.","og_url":"https:\/\/ukreine.com\/es\/comprar-la-informacion-de-contacto-de-una-mujer-ucraniana\/","og_site_name":"Ukreine","article_publisher":"https:\/\/www.facebook.com\/datingrussianbrides\/","article_modified_time":"2025-10-22T01:52:00+00:00","twitter_card":"summary_large_image","twitter_site":"@t4388388833","twitter_misc":{"Tiempo de lectura":"3 minutos"},"schema":{"@context":"https:\/\/schema.org","@graph":[{"@type":"WebPage","@id":"https:\/\/ukreine.com\/es\/comprar-la-informacion-de-contacto-de-una-mujer-ucraniana\/","url":"https:\/\/ukreine.com\/es\/comprar-la-informacion-de-contacto-de-una-mujer-ucraniana\/","name":"Comprar la informaci\u00f3n de contacto de una mujer ucraniana","isPartOf":{"@id":"https:\/\/ukreine.com\/es\/#website"},"datePublished":"2025-10-22T01:51:57+00:00","dateModified":"2025-10-22T01:52:00+00:00","description":"Comprar la informaci\u00f3n de contacto de una mujer ucraniana. Muchos hombres piensan que obtener el n\u00famero de WhatsApp de una mujer es suficiente para encontrar a su alma gemela.","breadcrumb":{"@id":"https:\/\/ukreine.com\/es\/comprar-la-informacion-de-contacto-de-una-mujer-ucraniana\/#breadcrumb"},"inLanguage":"es","potentialAction":[{"@type":"ReadAction","target":["https:\/\/ukreine.com\/es\/comprar-la-informacion-de-contacto-de-una-mujer-ucraniana\/"]}]},{"@type":"BreadcrumbList","@id":"https:\/\/ukreine.com\/es\/comprar-la-informacion-de-contacto-de-una-mujer-ucraniana\/#breadcrumb","itemListElement":[{"@type":"ListItem","position":1,"name":"Home","item":"https:\/\/ukreine.com\/es\/"},{"@type":"ListItem","position":2,"name":"Solo quiero comprar la informaci\u00f3n de contacto de una mujer ucraniana."}]},{"@type":"WebSite","@id":"https:\/\/ukreine.com\/es\/#website","url":"https:\/\/ukreine.com\/es\/","name":"Ukreine","description":"","publisher":{"@id":"https:\/\/ukreine.com\/es\/#organization"},"potentialAction":[{"@type":"SearchAction","target":{"@type":"EntryPoint","urlTemplate":"https:\/\/ukreine.com\/es\/?s={search_term_string}"},"query-input":{"@type":"PropertyValueSpecification","valueRequired":true,"valueName":"search_term_string"}}],"inLanguage":"es"},{"@type":"Organization","@id":"https:\/\/ukreine.com\/es\/#organization","name":"Ukreine","url":"https:\/\/ukreine.com\/es\/","logo":{"@type":"ImageObject","inLanguage":"es","@id":"https:\/\/ukreine.com\/es\/#\/schema\/logo\/image\/","url":"https:\/\/ukreine.com\/wp-content\/uploads\/2018\/05\/logo.png","contentUrl":"https:\/\/ukreine.com\/wp-content\/uploads\/2018\/05\/logo.png","width":325,"height":69,"caption":"Ukreine"},"image":{"@id":"https:\/\/ukreine.com\/es\/#\/schema\/logo\/image\/"},"sameAs":["https:\/\/www.facebook.com\/datingrussianbrides\/","https:\/\/x.com\/t4388388833","https:\/\/www.instagram.com\/agenceukreine\/","https:\/\/www.pinterest.com\/dbereznyakov\/","https:\/\/www.youtube.com\/channel\/UC5lMwPhy20E8Bti0mQL43UA"]}]}},"_links":{"self":[{"href":"https:\/\/ukreine.com\/es\/wp-json\/wp\/v2\/pages\/1029479","targetHints":{"allow":["GET"]}}],"collection":[{"href":"https:\/\/ukreine.com\/es\/wp-json\/wp\/v2\/pages"}],"about":[{"href":"https:\/\/ukreine.com\/es\/wp-json\/wp\/v2\/types\/page"}],"author":[{"embeddable":true,"href":"https:\/\/ukreine.com\/es\/wp-json\/wp\/v2\/users\/54"}],"replies":[{"embeddable":true,"href":"https:\/\/ukreine.com\/es\/wp-json\/wp\/v2\/comments?post=1029479"}],"version-history":[{"count":1,"href":"https:\/\/ukreine.com\/es\/wp-json\/wp\/v2\/pages\/1029479\/revisions"}],"predecessor-version":[{"id":1029480,"href":"https:\/\/ukreine.com\/es\/wp-json\/wp\/v2\/pages\/1029479\/revisions\/1029480"}],"wp:attachment":[{"href":"https:\/\/ukreine.com\/es\/wp-json\/wp\/v2\/media?parent=1029479"}],"curies":[{"name":"wp","href":"https:\/\/api.w.org\/{rel}","templated":true}]}}