{"id":1029477,"date":"2025-10-22T01:46:27","date_gmt":"2025-10-22T01:46:27","guid":{"rendered":"https:\/\/ukreine.com\/?page_id=1029477"},"modified":"2025-10-22T01:46:31","modified_gmt":"2025-10-22T01:46:31","slug":"es-posible-conocer-a-una-chica-rusa-o-ucraniana-gratis","status":"publish","type":"page","link":"https:\/\/ukreine.com\/es\/es-posible-conocer-a-una-chica-rusa-o-ucraniana-gratis\/","title":{"rendered":"\u00bfEs posible conocer a una chica rusa o ucraniana gratis?"},"content":{"rendered":"<p>Es bastante natural que los hombres que buscan perfiles de mujeres en l\u00ednea quieran reducir sus gastos y sigan buscando sitios gratuitos. Es una preferencia perfectamente leg\u00edtima. \u00bfPor qu\u00e9 pagar por algo que se puede obtener gratis?<\/p>\n<p>As\u00ed que, antes de hablar de nuestros servicios, hablemos de las \u201ccitas gratuitas\u201d en general. \u00bfEs posible conocer, cortejar y casarse con una mujer rusa o ucraniana sin gastar nada?<\/p>\n<p>Si la respuesta fuera \u201cs\u00ed\u201d, entonces habr\u00eda que dar respuestas plausibles a las siguientes preguntas:<\/p>\n<ul>\n<li>Si un sitio de citas es 100 % gratuito, \u00bfqui\u00e9n se encarga de verificar, autenticar y moderar los perfiles de las mujeres rusas o ucranianas? No puede ser voluntario ni gratuito, porque detr\u00e1s de la parte visible hay todo un trabajo minucioso que requiere varias personas a tiempo completo.<\/li>\n<li>Preg\u00fantate tambi\u00e9n por qu\u00e9 solo entre el 10 y el 15 % de las mujeres en los sitios de citas gratuitos son perfiles reales. \u00a1El resto son estafas!<\/li>\n<\/ul>\n<p>Lo diremos con un toque de iron\u00eda:<\/p>\n<ul>\n<li>Si est\u00e1s en contacto con una mujer rusa o ucraniana y quieres ir a conocerla, \u00bfcrees que el billete de avi\u00f3n ser\u00e1 gratis?<\/li>\n<li>\u00bfTe ofrecer\u00e1 el hotel una habitaci\u00f3n gratuita para tu alojamiento?<\/li>\n<li>\u00bfEl florista o el joyero te dar\u00e1n flores o joyas gratis?<\/li>\n<li>\u00bfAceptar\u00e1 la mujer rusa o ucraniana compartir la cuenta en el restaurante, sabiendo que nunca saca la cartera para pagar durante una cita?<\/li>\n<\/ul>\n<p>El sue\u00f1o de algunos hombres de conocer a una mujer rusa o ucraniana en un sitio de citas gratuito e invitarla a su casa sin moverse del sof\u00e1 es la causa principal de casi todas las estafas amorosas. Luchamos contra estas pr\u00e1cticas a diario a trav\u00e9s de nuestro portal <strong>\u201callaboutdatingscams.com\/es\u201d<\/strong>, lanzado en 2010, que es el mayor portal gratuito en franc\u00e9s e ingl\u00e9s dedicado a combatir las estafas sentimentales.<\/p>\n<p>Evidentemente, se necesita un presupuesto m\u00ednimo razonable si realmente se quiere alcanzar el objetivo de tener una relaci\u00f3n duradera o casarse con una mujer rusa o ucraniana.<\/p>\n<p>No recomendamos pagar las tarifas exorbitantes de las agencias matrimoniales occidentales que te cobran cientos o miles de d\u00f3lares solo por unirte a su sitio, y que luego no dudan en pedirte unos miles m\u00e1s para cubrir los costos de un viaje organizado por una agencia local dudosa, para conocer a una mujer que, como por arte de magia, ya no estar\u00e1 disponible a \u00faltima hora o que te ver\u00e1 durante tu estancia y desaparecer\u00e1 inmediatamente despu\u00e9s de tu partida.<\/p>\n","protected":false},"excerpt":{"rendered":"<p>Es bastante natural que los hombres que buscan perfiles de mujeres en l\u00ednea quieran reducir sus gastos y sigan buscando sitios gratuitos. Es una preferencia perfectamente leg\u00edtima. \u00bfPor qu\u00e9 pagar por algo que se puede obtener gratis? As\u00ed que, antes de hablar de nuestros servicios, hablemos de las \u201ccitas gratuitas\u201d en general. \u00bfEs posible conocer, [&hellip;]<\/p>\n","protected":false},"author":54,"featured_media":0,"parent":0,"menu_order":0,"comment_status":"closed","ping_status":"closed","template":"","meta":{"_acf_changed":false,"footnotes":""},"class_list":["post-1029477","page","type-page","status-publish","hentry"],"acf":[],"yoast_head":"<!-- This site is optimized with the Yoast SEO Premium plugin v25.5 (Yoast SEO v27.2) - https:\/\/yoast.com\/product\/yoast-seo-premium-wordpress\/ -->\n<title>\u00bfEs posible conocer a una chica rusa o ucraniana gratis?<\/title>\n<meta name=\"description\" content=\"\u00bfEs posible conocer a una chica rusa o ucraniana gratis? \u00bfPor qu\u00e9 pagar por algo que se puede obtener gratis?\" \/>\n<meta name=\"robots\" content=\"index, follow, max-snippet:-1, max-image-preview:large, max-video-preview:-1\" \/>\n<link rel=\"canonical\" href=\"https:\/\/ukreine.com\/es\/es-posible-conocer-a-una-chica-rusa-o-ucraniana-gratis\/\" \/>\n<meta property=\"og:locale\" content=\"es_ES\" \/>\n<meta property=\"og:type\" content=\"article\" \/>\n<meta property=\"og:title\" content=\"\u00bfEs posible conocer a una chica rusa o ucraniana gratis?\" \/>\n<meta property=\"og:description\" content=\"\u00bfEs posible conocer a una chica rusa o ucraniana gratis? \u00bfPor qu\u00e9 pagar por algo que se puede obtener gratis?\" \/>\n<meta property=\"og:url\" content=\"https:\/\/ukreine.com\/es\/es-posible-conocer-a-una-chica-rusa-o-ucraniana-gratis\/\" \/>\n<meta property=\"og:site_name\" content=\"Ukreine\" \/>\n<meta property=\"article:publisher\" content=\"https:\/\/www.facebook.com\/datingrussianbrides\/\" \/>\n<meta property=\"article:modified_time\" content=\"2025-10-22T01:46:31+00:00\" \/>\n<meta name=\"twitter:card\" content=\"summary_large_image\" \/>\n<meta name=\"twitter:site\" content=\"@t4388388833\" \/>\n<meta name=\"twitter:label1\" content=\"Tiempo de lectura\" \/>\n\t<meta name=\"twitter:data1\" content=\"3 minutos\" \/>\n<script type=\"application\/ld+json\" class=\"yoast-schema-graph\">{\"@context\":\"https:\/\/schema.org\",\"@graph\":[{\"@type\":\"WebPage\",\"@id\":\"https:\/\/ukreine.com\/es\/es-posible-conocer-a-una-chica-rusa-o-ucraniana-gratis\/\",\"url\":\"https:\/\/ukreine.com\/es\/es-posible-conocer-a-una-chica-rusa-o-ucraniana-gratis\/\",\"name\":\"\u00bfEs posible conocer a una chica rusa o ucraniana gratis?\",\"isPartOf\":{\"@id\":\"https:\/\/ukreine.com\/es\/#website\"},\"datePublished\":\"2025-10-22T01:46:27+00:00\",\"dateModified\":\"2025-10-22T01:46:31+00:00\",\"description\":\"\u00bfEs posible conocer a una chica rusa o ucraniana gratis? \u00bfPor qu\u00e9 pagar por algo que se puede obtener gratis?\",\"breadcrumb\":{\"@id\":\"https:\/\/ukreine.com\/es\/es-posible-conocer-a-una-chica-rusa-o-ucraniana-gratis\/#breadcrumb\"},\"inLanguage\":\"es\",\"potentialAction\":[{\"@type\":\"ReadAction\",\"target\":[\"https:\/\/ukreine.com\/es\/es-posible-conocer-a-una-chica-rusa-o-ucraniana-gratis\/\"]}]},{\"@type\":\"BreadcrumbList\",\"@id\":\"https:\/\/ukreine.com\/es\/es-posible-conocer-a-una-chica-rusa-o-ucraniana-gratis\/#breadcrumb\",\"itemListElement\":[{\"@type\":\"ListItem\",\"position\":1,\"name\":\"Home\",\"item\":\"https:\/\/ukreine.com\/es\/\"},{\"@type\":\"ListItem\",\"position\":2,\"name\":\"\u00bfEs posible conocer a una chica rusa o ucraniana gratis?\"}]},{\"@type\":\"WebSite\",\"@id\":\"https:\/\/ukreine.com\/es\/#website\",\"url\":\"https:\/\/ukreine.com\/es\/\",\"name\":\"Ukreine\",\"description\":\"\",\"publisher\":{\"@id\":\"https:\/\/ukreine.com\/es\/#organization\"},\"potentialAction\":[{\"@type\":\"SearchAction\",\"target\":{\"@type\":\"EntryPoint\",\"urlTemplate\":\"https:\/\/ukreine.com\/es\/?s={search_term_string}\"},\"query-input\":{\"@type\":\"PropertyValueSpecification\",\"valueRequired\":true,\"valueName\":\"search_term_string\"}}],\"inLanguage\":\"es\"},{\"@type\":\"Organization\",\"@id\":\"https:\/\/ukreine.com\/es\/#organization\",\"name\":\"Ukreine\",\"url\":\"https:\/\/ukreine.com\/es\/\",\"logo\":{\"@type\":\"ImageObject\",\"inLanguage\":\"es\",\"@id\":\"https:\/\/ukreine.com\/es\/#\/schema\/logo\/image\/\",\"url\":\"https:\/\/ukreine.com\/wp-content\/uploads\/2018\/05\/logo.png\",\"contentUrl\":\"https:\/\/ukreine.com\/wp-content\/uploads\/2018\/05\/logo.png\",\"width\":325,\"height\":69,\"caption\":\"Ukreine\"},\"image\":{\"@id\":\"https:\/\/ukreine.com\/es\/#\/schema\/logo\/image\/\"},\"sameAs\":[\"https:\/\/www.facebook.com\/datingrussianbrides\/\",\"https:\/\/x.com\/t4388388833\",\"https:\/\/www.instagram.com\/agenceukreine\/\",\"https:\/\/www.pinterest.com\/dbereznyakov\/\",\"https:\/\/www.youtube.com\/channel\/UC5lMwPhy20E8Bti0mQL43UA\"]}]}<\/script>\n<!-- \/ Yoast SEO Premium plugin. -->","yoast_head_json":{"title":"\u00bfEs posible conocer a una chica rusa o ucraniana gratis?","description":"\u00bfEs posible conocer a una chica rusa o ucraniana gratis? \u00bfPor qu\u00e9 pagar por algo que se puede obtener gratis?","robots":{"index":"index","follow":"follow","max-snippet":"max-snippet:-1","max-image-preview":"max-image-preview:large","max-video-preview":"max-video-preview:-1"},"canonical":"https:\/\/ukreine.com\/es\/es-posible-conocer-a-una-chica-rusa-o-ucraniana-gratis\/","og_locale":"es_ES","og_type":"article","og_title":"\u00bfEs posible conocer a una chica rusa o ucraniana gratis?","og_description":"\u00bfEs posible conocer a una chica rusa o ucraniana gratis? \u00bfPor qu\u00e9 pagar por algo que se puede obtener gratis?","og_url":"https:\/\/ukreine.com\/es\/es-posible-conocer-a-una-chica-rusa-o-ucraniana-gratis\/","og_site_name":"Ukreine","article_publisher":"https:\/\/www.facebook.com\/datingrussianbrides\/","article_modified_time":"2025-10-22T01:46:31+00:00","twitter_card":"summary_large_image","twitter_site":"@t4388388833","twitter_misc":{"Tiempo de lectura":"3 minutos"},"schema":{"@context":"https:\/\/schema.org","@graph":[{"@type":"WebPage","@id":"https:\/\/ukreine.com\/es\/es-posible-conocer-a-una-chica-rusa-o-ucraniana-gratis\/","url":"https:\/\/ukreine.com\/es\/es-posible-conocer-a-una-chica-rusa-o-ucraniana-gratis\/","name":"\u00bfEs posible conocer a una chica rusa o ucraniana gratis?","isPartOf":{"@id":"https:\/\/ukreine.com\/es\/#website"},"datePublished":"2025-10-22T01:46:27+00:00","dateModified":"2025-10-22T01:46:31+00:00","description":"\u00bfEs posible conocer a una chica rusa o ucraniana gratis? \u00bfPor qu\u00e9 pagar por algo que se puede obtener gratis?","breadcrumb":{"@id":"https:\/\/ukreine.com\/es\/es-posible-conocer-a-una-chica-rusa-o-ucraniana-gratis\/#breadcrumb"},"inLanguage":"es","potentialAction":[{"@type":"ReadAction","target":["https:\/\/ukreine.com\/es\/es-posible-conocer-a-una-chica-rusa-o-ucraniana-gratis\/"]}]},{"@type":"BreadcrumbList","@id":"https:\/\/ukreine.com\/es\/es-posible-conocer-a-una-chica-rusa-o-ucraniana-gratis\/#breadcrumb","itemListElement":[{"@type":"ListItem","position":1,"name":"Home","item":"https:\/\/ukreine.com\/es\/"},{"@type":"ListItem","position":2,"name":"\u00bfEs posible conocer a una chica rusa o ucraniana gratis?"}]},{"@type":"WebSite","@id":"https:\/\/ukreine.com\/es\/#website","url":"https:\/\/ukreine.com\/es\/","name":"Ukreine","description":"","publisher":{"@id":"https:\/\/ukreine.com\/es\/#organization"},"potentialAction":[{"@type":"SearchAction","target":{"@type":"EntryPoint","urlTemplate":"https:\/\/ukreine.com\/es\/?s={search_term_string}"},"query-input":{"@type":"PropertyValueSpecification","valueRequired":true,"valueName":"search_term_string"}}],"inLanguage":"es"},{"@type":"Organization","@id":"https:\/\/ukreine.com\/es\/#organization","name":"Ukreine","url":"https:\/\/ukreine.com\/es\/","logo":{"@type":"ImageObject","inLanguage":"es","@id":"https:\/\/ukreine.com\/es\/#\/schema\/logo\/image\/","url":"https:\/\/ukreine.com\/wp-content\/uploads\/2018\/05\/logo.png","contentUrl":"https:\/\/ukreine.com\/wp-content\/uploads\/2018\/05\/logo.png","width":325,"height":69,"caption":"Ukreine"},"image":{"@id":"https:\/\/ukreine.com\/es\/#\/schema\/logo\/image\/"},"sameAs":["https:\/\/www.facebook.com\/datingrussianbrides\/","https:\/\/x.com\/t4388388833","https:\/\/www.instagram.com\/agenceukreine\/","https:\/\/www.pinterest.com\/dbereznyakov\/","https:\/\/www.youtube.com\/channel\/UC5lMwPhy20E8Bti0mQL43UA"]}]}},"_links":{"self":[{"href":"https:\/\/ukreine.com\/es\/wp-json\/wp\/v2\/pages\/1029477","targetHints":{"allow":["GET"]}}],"collection":[{"href":"https:\/\/ukreine.com\/es\/wp-json\/wp\/v2\/pages"}],"about":[{"href":"https:\/\/ukreine.com\/es\/wp-json\/wp\/v2\/types\/page"}],"author":[{"embeddable":true,"href":"https:\/\/ukreine.com\/es\/wp-json\/wp\/v2\/users\/54"}],"replies":[{"embeddable":true,"href":"https:\/\/ukreine.com\/es\/wp-json\/wp\/v2\/comments?post=1029477"}],"version-history":[{"count":1,"href":"https:\/\/ukreine.com\/es\/wp-json\/wp\/v2\/pages\/1029477\/revisions"}],"predecessor-version":[{"id":1029478,"href":"https:\/\/ukreine.com\/es\/wp-json\/wp\/v2\/pages\/1029477\/revisions\/1029478"}],"wp:attachment":[{"href":"https:\/\/ukreine.com\/es\/wp-json\/wp\/v2\/media?parent=1029477"}],"curies":[{"name":"wp","href":"https:\/\/api.w.org\/{rel}","templated":true}]}}