{"id":1029424,"date":"2025-10-21T20:50:40","date_gmt":"2025-10-21T20:50:40","guid":{"rendered":"https:\/\/ukreine.com\/?page_id=1029424"},"modified":"2025-10-29T23:27:02","modified_gmt":"2025-10-29T23:27:02","slug":"comprar-informacion-contacto-una-mujer-ucraina","status":"publish","type":"page","link":"https:\/\/ukreine.com\/es\/comprar-informacion-contacto-una-mujer-ucraina\/","title":{"rendered":"Comprar la informaci\u00f3n de contacto de una mujer Ucraina: EUR75"},"content":{"rendered":"<p data-start=\"1757\" data-end=\"1979\">Estamos sorprendidos, pero desde la apertura de nuestra agencia en 1998 hemos notado \u00faltimamente un aumento del n\u00famero de hombres occidentales mayores de 40 a\u00f1os que no tienen ahorros y apenas logran llegar a fin de mes.<\/p>\n<p data-start=\"1981\" data-end=\"2188\">Aproximadamente entre el 8 y el 10 % de nuestros clientes pertenece a esta categor\u00eda y no puede permitirse contratar nuestros paquetes, aunque seguimos siendo con diferencia los m\u00e1s econ\u00f3micos del mercado.<\/p>\n<p data-start=\"2190\" data-end=\"2294\">Sin embargo, estos hombres no son muy exigentes y sus criterios de b\u00fasqueda son f\u00e1ciles de satisfacer.<\/p>\n<p data-start=\"2296\" data-end=\"2431\">Por otra parte, contamos con varias mujeres ucranianas cuyos perfiles despiertan relativamente poco inter\u00e9s por parte de los hombres.<\/p>\n<p data-start=\"2433\" data-end=\"2537\"><strong>Por ello, hemos decidido ofrecer a estos dos grupos la oportunidad de conocerse a un precio simb\u00f3lico.<\/strong><\/p>\n<p data-start=\"2539\" data-end=\"2643\">A continuaci\u00f3n, encontrar\u00e1 la lista de los perfiles de mujeres cuyos datos de contacto puede adquirir.<\/p>\n<p><a href=\"https:\/\/ukreine.com\/es\/soiree-non-stop\/\"><strong>Haz clic aqu\u00ed para ver todos los perfiles.<\/strong><\/a><br \/>\nSin embargo, nuestra base de datos principal est\u00e1 reservada para los clientes que han elegido nuestros paquetes, con el fin de maximizar sus posibilidades de \u00e9xito.<\/p>\n<hr \/>\n<p><strong>\u00bfC\u00f3mo funciona?<\/strong><\/p>\n<p>Comienza intercambiando algunos mensajes con la mujer que te interesa para obtener su acuerdo para un intercambio de datos de contacto. Luego, cont\u00e1ctanos para pagar <strong>75 euros<\/strong> y recibir sus contactos directos.<\/p>\n<p>Alternativamente, escr\u00edbenos a <strong><a href=\"mailto:info@ukreine.com\">info@ukreine.com<\/a><\/strong> con los IDs de los perfiles que te gustan. Nosotros presentaremos tu perfil a ellas y te informaremos sobre la lista de mujeres que tambi\u00e9n est\u00e1n interesadas en ti.<\/p>\n","protected":false},"excerpt":{"rendered":"<p>Estamos sorprendidos, pero desde la apertura de nuestra agencia en 1998 hemos notado \u00faltimamente un aumento del n\u00famero de hombres occidentales mayores de 40 a\u00f1os que no tienen ahorros y apenas logran llegar a fin de mes. Aproximadamente entre el 8 y el 10 % de nuestros clientes pertenece a esta categor\u00eda y no puede [&hellip;]<\/p>\n","protected":false},"author":54,"featured_media":0,"parent":0,"menu_order":0,"comment_status":"closed","ping_status":"closed","template":"","meta":{"_acf_changed":false,"footnotes":""},"class_list":["post-1029424","page","type-page","status-publish","hentry"],"acf":[],"yoast_head":"<!-- This site is optimized with the Yoast SEO Premium plugin v25.5 (Yoast SEO v27.2) - https:\/\/yoast.com\/product\/yoast-seo-premium-wordpress\/ -->\n<title>Comprar la informaci\u00f3n de contacto de una mujer Ucraina<\/title>\n<meta name=\"description\" content=\"Comprar la informaci\u00f3n de contacto de una mujer Ucraina\" \/>\n<meta name=\"robots\" content=\"index, follow, max-snippet:-1, max-image-preview:large, max-video-preview:-1\" \/>\n<link rel=\"canonical\" href=\"https:\/\/ukreine.com\/es\/comprar-informacion-contacto-una-mujer-ucraina\/\" \/>\n<meta property=\"og:locale\" content=\"es_ES\" \/>\n<meta property=\"og:type\" content=\"article\" \/>\n<meta property=\"og:title\" content=\"Comprar la informaci\u00f3n de contacto de una mujer Ucraina: EUR75\" \/>\n<meta property=\"og:description\" content=\"Comprar la informaci\u00f3n de contacto de una mujer Ucraina\" \/>\n<meta property=\"og:url\" content=\"https:\/\/ukreine.com\/es\/comprar-informacion-contacto-una-mujer-ucraina\/\" \/>\n<meta property=\"og:site_name\" content=\"Ukreine\" \/>\n<meta property=\"article:publisher\" content=\"https:\/\/www.facebook.com\/datingrussianbrides\/\" \/>\n<meta property=\"article:modified_time\" content=\"2025-10-29T23:27:02+00:00\" \/>\n<meta name=\"twitter:card\" content=\"summary_large_image\" \/>\n<meta name=\"twitter:site\" content=\"@t4388388833\" \/>\n<meta name=\"twitter:label1\" content=\"Tiempo de lectura\" \/>\n\t<meta name=\"twitter:data1\" content=\"2 minutos\" \/>\n<script type=\"application\/ld+json\" class=\"yoast-schema-graph\">{\"@context\":\"https:\/\/schema.org\",\"@graph\":[{\"@type\":\"WebPage\",\"@id\":\"https:\/\/ukreine.com\/es\/comprar-informacion-contacto-una-mujer-ucraina\/\",\"url\":\"https:\/\/ukreine.com\/es\/comprar-informacion-contacto-una-mujer-ucraina\/\",\"name\":\"Comprar la informaci\u00f3n de contacto de una mujer Ucraina\",\"isPartOf\":{\"@id\":\"https:\/\/ukreine.com\/es\/#website\"},\"datePublished\":\"2025-10-21T20:50:40+00:00\",\"dateModified\":\"2025-10-29T23:27:02+00:00\",\"description\":\"Comprar la informaci\u00f3n de contacto de una mujer Ucraina\",\"breadcrumb\":{\"@id\":\"https:\/\/ukreine.com\/es\/comprar-informacion-contacto-una-mujer-ucraina\/#breadcrumb\"},\"inLanguage\":\"es\",\"potentialAction\":[{\"@type\":\"ReadAction\",\"target\":[\"https:\/\/ukreine.com\/es\/comprar-informacion-contacto-una-mujer-ucraina\/\"]}]},{\"@type\":\"BreadcrumbList\",\"@id\":\"https:\/\/ukreine.com\/es\/comprar-informacion-contacto-una-mujer-ucraina\/#breadcrumb\",\"itemListElement\":[{\"@type\":\"ListItem\",\"position\":1,\"name\":\"Home\",\"item\":\"https:\/\/ukreine.com\/es\/\"},{\"@type\":\"ListItem\",\"position\":2,\"name\":\"Comprar la informaci\u00f3n de contacto de una mujer Ucraina: EUR75\"}]},{\"@type\":\"WebSite\",\"@id\":\"https:\/\/ukreine.com\/es\/#website\",\"url\":\"https:\/\/ukreine.com\/es\/\",\"name\":\"Ukreine\",\"description\":\"\",\"publisher\":{\"@id\":\"https:\/\/ukreine.com\/es\/#organization\"},\"potentialAction\":[{\"@type\":\"SearchAction\",\"target\":{\"@type\":\"EntryPoint\",\"urlTemplate\":\"https:\/\/ukreine.com\/es\/?s={search_term_string}\"},\"query-input\":{\"@type\":\"PropertyValueSpecification\",\"valueRequired\":true,\"valueName\":\"search_term_string\"}}],\"inLanguage\":\"es\"},{\"@type\":\"Organization\",\"@id\":\"https:\/\/ukreine.com\/es\/#organization\",\"name\":\"Ukreine\",\"url\":\"https:\/\/ukreine.com\/es\/\",\"logo\":{\"@type\":\"ImageObject\",\"inLanguage\":\"es\",\"@id\":\"https:\/\/ukreine.com\/es\/#\/schema\/logo\/image\/\",\"url\":\"https:\/\/ukreine.com\/wp-content\/uploads\/2018\/05\/logo.png\",\"contentUrl\":\"https:\/\/ukreine.com\/wp-content\/uploads\/2018\/05\/logo.png\",\"width\":325,\"height\":69,\"caption\":\"Ukreine\"},\"image\":{\"@id\":\"https:\/\/ukreine.com\/es\/#\/schema\/logo\/image\/\"},\"sameAs\":[\"https:\/\/www.facebook.com\/datingrussianbrides\/\",\"https:\/\/x.com\/t4388388833\",\"https:\/\/www.instagram.com\/agenceukreine\/\",\"https:\/\/www.pinterest.com\/dbereznyakov\/\",\"https:\/\/www.youtube.com\/channel\/UC5lMwPhy20E8Bti0mQL43UA\"]}]}<\/script>\n<!-- \/ Yoast SEO Premium plugin. -->","yoast_head_json":{"title":"Comprar la informaci\u00f3n de contacto de una mujer Ucraina","description":"Comprar la informaci\u00f3n de contacto de una mujer Ucraina","robots":{"index":"index","follow":"follow","max-snippet":"max-snippet:-1","max-image-preview":"max-image-preview:large","max-video-preview":"max-video-preview:-1"},"canonical":"https:\/\/ukreine.com\/es\/comprar-informacion-contacto-una-mujer-ucraina\/","og_locale":"es_ES","og_type":"article","og_title":"Comprar la informaci\u00f3n de contacto de una mujer Ucraina: EUR75","og_description":"Comprar la informaci\u00f3n de contacto de una mujer Ucraina","og_url":"https:\/\/ukreine.com\/es\/comprar-informacion-contacto-una-mujer-ucraina\/","og_site_name":"Ukreine","article_publisher":"https:\/\/www.facebook.com\/datingrussianbrides\/","article_modified_time":"2025-10-29T23:27:02+00:00","twitter_card":"summary_large_image","twitter_site":"@t4388388833","twitter_misc":{"Tiempo de lectura":"2 minutos"},"schema":{"@context":"https:\/\/schema.org","@graph":[{"@type":"WebPage","@id":"https:\/\/ukreine.com\/es\/comprar-informacion-contacto-una-mujer-ucraina\/","url":"https:\/\/ukreine.com\/es\/comprar-informacion-contacto-una-mujer-ucraina\/","name":"Comprar la informaci\u00f3n de contacto de una mujer Ucraina","isPartOf":{"@id":"https:\/\/ukreine.com\/es\/#website"},"datePublished":"2025-10-21T20:50:40+00:00","dateModified":"2025-10-29T23:27:02+00:00","description":"Comprar la informaci\u00f3n de contacto de una mujer Ucraina","breadcrumb":{"@id":"https:\/\/ukreine.com\/es\/comprar-informacion-contacto-una-mujer-ucraina\/#breadcrumb"},"inLanguage":"es","potentialAction":[{"@type":"ReadAction","target":["https:\/\/ukreine.com\/es\/comprar-informacion-contacto-una-mujer-ucraina\/"]}]},{"@type":"BreadcrumbList","@id":"https:\/\/ukreine.com\/es\/comprar-informacion-contacto-una-mujer-ucraina\/#breadcrumb","itemListElement":[{"@type":"ListItem","position":1,"name":"Home","item":"https:\/\/ukreine.com\/es\/"},{"@type":"ListItem","position":2,"name":"Comprar la informaci\u00f3n de contacto de una mujer Ucraina: EUR75"}]},{"@type":"WebSite","@id":"https:\/\/ukreine.com\/es\/#website","url":"https:\/\/ukreine.com\/es\/","name":"Ukreine","description":"","publisher":{"@id":"https:\/\/ukreine.com\/es\/#organization"},"potentialAction":[{"@type":"SearchAction","target":{"@type":"EntryPoint","urlTemplate":"https:\/\/ukreine.com\/es\/?s={search_term_string}"},"query-input":{"@type":"PropertyValueSpecification","valueRequired":true,"valueName":"search_term_string"}}],"inLanguage":"es"},{"@type":"Organization","@id":"https:\/\/ukreine.com\/es\/#organization","name":"Ukreine","url":"https:\/\/ukreine.com\/es\/","logo":{"@type":"ImageObject","inLanguage":"es","@id":"https:\/\/ukreine.com\/es\/#\/schema\/logo\/image\/","url":"https:\/\/ukreine.com\/wp-content\/uploads\/2018\/05\/logo.png","contentUrl":"https:\/\/ukreine.com\/wp-content\/uploads\/2018\/05\/logo.png","width":325,"height":69,"caption":"Ukreine"},"image":{"@id":"https:\/\/ukreine.com\/es\/#\/schema\/logo\/image\/"},"sameAs":["https:\/\/www.facebook.com\/datingrussianbrides\/","https:\/\/x.com\/t4388388833","https:\/\/www.instagram.com\/agenceukreine\/","https:\/\/www.pinterest.com\/dbereznyakov\/","https:\/\/www.youtube.com\/channel\/UC5lMwPhy20E8Bti0mQL43UA"]}]}},"_links":{"self":[{"href":"https:\/\/ukreine.com\/es\/wp-json\/wp\/v2\/pages\/1029424","targetHints":{"allow":["GET"]}}],"collection":[{"href":"https:\/\/ukreine.com\/es\/wp-json\/wp\/v2\/pages"}],"about":[{"href":"https:\/\/ukreine.com\/es\/wp-json\/wp\/v2\/types\/page"}],"author":[{"embeddable":true,"href":"https:\/\/ukreine.com\/es\/wp-json\/wp\/v2\/users\/54"}],"replies":[{"embeddable":true,"href":"https:\/\/ukreine.com\/es\/wp-json\/wp\/v2\/comments?post=1029424"}],"version-history":[{"count":2,"href":"https:\/\/ukreine.com\/es\/wp-json\/wp\/v2\/pages\/1029424\/revisions"}],"predecessor-version":[{"id":1031043,"href":"https:\/\/ukreine.com\/es\/wp-json\/wp\/v2\/pages\/1029424\/revisions\/1031043"}],"wp:attachment":[{"href":"https:\/\/ukreine.com\/es\/wp-json\/wp\/v2\/media?parent=1029424"}],"curies":[{"name":"wp","href":"https:\/\/api.w.org\/{rel}","templated":true}]}}