{"id":1029421,"date":"2021-03-01T17:00:37","date_gmt":"2021-03-01T17:00:37","guid":{"rendered":"https:\/\/ukreine.com\/rencontres-avec-garantie-a-vie\/"},"modified":"2025-10-21T20:43:31","modified_gmt":"2025-10-21T20:43:31","slug":"citas-con-garantia-de-por-vida","status":"publish","type":"page","link":"https:\/\/ukreine.com\/es\/citas-con-garantia-de-por-vida\/","title":{"rendered":"Citas con garant\u00eda de por vida*"},"content":{"rendered":"<p>Es nuestro nuevo paquete que te permite tener <strong>citas ilimitadas<\/strong> hasta que encuentres a la mujer de tu vida.<\/p>\n<p>Este paquete es <strong>\u00daNICO<\/strong> en el \u00e1mbito de las citas internacionales; ninguna otra agencia ofrece paquetes de por vida: todas quieren recibir el dinero, pero no garantizan el resultado.<\/p>\n<p>No importa si necesitas <strong>5 citas o 25<\/strong>, si te tomar\u00e1 <strong>5 d\u00edas o 5 a\u00f1os<\/strong>, dejamos de trabajar para ti \u00fanicamente cuando encuentres a tu pareja.<\/p>\n<hr \/>\n<p><strong>Incluye:<\/strong><\/p>\n<ul>\n<li>Citas ilimitadas con las mujeres cuyos perfiles se encuentran en el sitio <strong>ukreine.com<\/strong><\/li>\n<li>Presentaci\u00f3n del perfil psicol\u00f3gico de cada mujer que vayas a conocer<\/li>\n<li>Seguimiento personalizado de por vida por tu consejera<\/li>\n<li>Coaching para las citas<\/li>\n<li>Campa\u00f1a publicitaria personalizada en nuestras redes sociales con m\u00e1s de 5000 mujeres inscritas para encontrar mujeres que coincidan con tus criterios de b\u00fasqueda (mujeres que buscan un hombre pero que no desean que su perfil se muestre p\u00fablicamente en nuestro sitio)<\/li>\n<\/ul>\n<p><span style=\"color: #0000ff;\"><strong>Precio:<\/strong> 2700 euros<\/span><\/p>\n<p>\u00a1Posibilidad de pagar en varios plazos!<\/p>\n<p>Adem\u00e1s de las citas (o intercambios de contactos directos**) ilimitadas con las mujeres en <strong>UkReine.com<\/strong>, puedes recibir como bono:<\/p>\n<ul>\n<li>5 citas con mujeres del sitio <strong>belles-femmes-russes.info<\/strong> (valor de 1125 euros)<\/li>\n<li>5 citas con mujeres de agencias locales ucranianas: si ves a una mujer que te interesa, contactamos a la agencia local y organizamos la cita (valor de 1125 euros)***<\/li>\n<li>2 campa\u00f1as publicitarias personalizadas en nuestras redes sociales con m\u00e1s de 5000 mujeres inscritas para encontrar mujeres que coincidan con tus criterios de b\u00fasqueda (valor de 400 euros)<\/li>\n<\/ul>\n<p><span style=\"color: #0000ff;\"><strong>Precio con bono:<\/strong> 3900 euros<\/span><\/p>\n<p>\u00a1Posibilidad de pagar en varios plazos!<\/p>\n<hr \/>\n<p><strong>Notas importantes:<\/strong><\/p>\n<p><em>*Por \u201cGarant\u00eda de por vida\u201d entendemos que la agencia ofrecer\u00e1 sus servicios al cliente hasta que \u00e9ste establezca una relaci\u00f3n duradera con la mujer o se case con ella y que esta relaci\u00f3n dure m\u00e1s de un a\u00f1o.<\/em><\/p>\n<p><em>Algunas mujeres pueden preferir comenzar con un encuentro real y compartir contactos directos durante la cita si hay inter\u00e9s mutuo, otras pueden preferir intercambios virtuales antes de la cita. Por lo tanto, recibir\u00e1s los contactos directos o comenzar\u00e1s con la cita seg\u00fan corresponda. La mayor\u00eda de las mujeres son flexibles y podr\u00e1s tener la cita o los contactos seg\u00fan tus necesidades.<\/em><\/p>\n<p><em>No podemos garantizar el \u00e9xito en nuestras negociaciones con todas las agencias locales, pero hacemos todo lo posible hasta que tengas las 5 citas. Sin embargo, podemos darte acceso a varios miles de perfiles de mujeres de agencias locales con las que podr\u00e1s concertar citas. No podemos conocer la motivaci\u00f3n de estas mujeres; nos limitamos a organizar la cita o facilitar el intercambio de contactos.<\/em><\/p>\n<p style=\"text-align: center;\"><img decoding=\"async\" class=\"aligncenter\" src=\"https:\/\/avatanplus.com\/files\/resources\/original\/57774d7c624f6155aa06adf3.png\" alt=\"\u00d0\u009f\u00d0\u00be\u00d1\u0085\u00d0\u00be\u00d0\u00b6\u00d0\u00b5\u00d0\u00b5 \u00d0\u00b8\u00d0\u00b7\u00d0\u00be\u00d0\u00b1\u00d1\u0080\u00d0\u00b0\u00d0\u00b6\u00d0\u00b5\u00d0\u00bd\u00d0\u00b8\u00d0\u00b5\" width=\"147\" height=\"101\" \/><\/p>\n<p>Por favor, escr\u00edbanos a <strong><a href=\"mailto:info@ukreine.com\">info@ukreine.com<\/a><\/strong> para activar la f\u00f3rmula o para hacer preguntas. Tambi\u00e9n puede completar este formulario.<\/p>\n<p style=\"text-align: center;\">\n<div class=\"wpcf7 no-js\" id=\"wpcf7-f5243-o1\" lang=\"de-DE\" dir=\"ltr\" data-wpcf7-id=\"5243\">\n<div class=\"screen-reader-response\"><p role=\"status\" aria-live=\"polite\" aria-atomic=\"true\"><\/p> <ul><\/ul><\/div>\n<form action=\"\/es\/wp-json\/wp\/v2\/pages\/1029421\" method=\"post\" class=\"wpcf7-form init\" aria-label=\"Kontaktformular\" novalidate=\"novalidate\" data-status=\"init\">\n<fieldset class=\"hidden-fields-container\"><input type=\"hidden\" name=\"_wpcf7\" value=\"5243\" \/><input type=\"hidden\" name=\"_wpcf7_version\" value=\"6.1.5\" \/><input type=\"hidden\" name=\"_wpcf7_locale\" value=\"de_DE\" \/><input type=\"hidden\" name=\"_wpcf7_unit_tag\" value=\"wpcf7-f5243-o1\" \/><input type=\"hidden\" name=\"_wpcf7_container_post\" value=\"0\" \/><input type=\"hidden\" name=\"_wpcf7_posted_data_hash\" value=\"\" \/><input type=\"hidden\" name=\"_wpcf7dtx_version\" value=\"5.0.5\" \/>\n<\/fieldset>\n<p><label> Nom : <span class=\"wpcf7-form-control-wrap\" data-name=\"your-name\"><input size=\"40\" maxlength=\"400\" class=\"wpcf7-form-control wpcf7-text wpcf7-validates-as-required\" aria-required=\"true\" aria-invalid=\"false\" value=\"\" type=\"text\" name=\"your-name\" \/><\/span> <\/label>\n<\/p>\n<p><label> Email : <span class=\"wpcf7-form-control-wrap\" data-name=\"your-email\"><input size=\"40\" maxlength=\"400\" class=\"wpcf7-form-control wpcf7-email wpcf7-text wpcf7-validates-as-email\" aria-invalid=\"false\" value=\"\" type=\"email\" name=\"your-email\" \/><\/span> <\/label>\n<\/p>\n<p><label> Commentaires : <span class=\"wpcf7-form-control-wrap\" data-name=\"your-message\"><textarea cols=\"40\" rows=\"10\" maxlength=\"2000\" class=\"wpcf7-form-control wpcf7-textarea\" aria-invalid=\"false\" name=\"your-message\"><\/textarea><\/span> <\/label>\n<\/p>\n<p><span id=\"wpcf7-69d956fcbe361-wrapper\" class=\"wpcf7-form-control-wrap honeypot-560-wrap\" style=\"display:none !important; visibility:hidden !important;\"><label for=\"wpcf7-69d956fcbe361-field\" class=\"hp-message\">Bitte lasse dieses Feld leer.<\/label><input id=\"wpcf7-69d956fcbe361-field\"  class=\"wpcf7-form-control wpcf7-text\" type=\"text\" name=\"honeypot-560\" value=\"\" size=\"40\" tabindex=\"-1\" autocomplete=\"new-password\" \/><\/span>\n<\/p>\n<p><input class=\"wpcf7-form-control wpcf7-submit has-spinner\" type=\"submit\" value=\"Envoyer\" \/>\n<\/p><div class=\"wpcf7-response-output\" aria-hidden=\"true\"><\/div>\n<\/form>\n<\/div>\n<\/p>\n","protected":false},"excerpt":{"rendered":"<p>Es nuestro nuevo paquete que te permite tener citas ilimitadas hasta que encuentres a la mujer de tu vida. Este paquete es \u00daNICO en el \u00e1mbito de las citas internacionales; ninguna otra agencia ofrece paquetes de por vida: todas quieren recibir el dinero, pero no garantizan el resultado. No importa si necesitas 5 citas o [&hellip;]<\/p>\n","protected":false},"author":54,"featured_media":0,"parent":0,"menu_order":0,"comment_status":"closed","ping_status":"closed","template":"","meta":{"_acf_changed":false,"footnotes":""},"class_list":["post-1029421","page","type-page","status-publish","hentry"],"acf":[],"yoast_head":"<!-- This site is optimized with the Yoast SEO Premium plugin v25.5 (Yoast SEO v27.2) - https:\/\/yoast.com\/product\/yoast-seo-premium-wordpress\/ -->\n<title>Citas con donnas rusas con garant\u00eda de por vida<\/title>\n<meta name=\"description\" content=\"Conoce a bellas mujeres ucranianas con garant\u00eda de por vida. No importa cu\u00e1nto tiempo te lleve, disfrutar\u00e1s de citas garantizadas de por vida.\" \/>\n<meta name=\"robots\" content=\"index, follow, max-snippet:-1, max-image-preview:large, max-video-preview:-1\" \/>\n<link rel=\"canonical\" href=\"https:\/\/ukreine.com\/es\/citas-con-garantia-de-por-vida\/\" \/>\n<meta property=\"og:locale\" content=\"es_ES\" \/>\n<meta property=\"og:type\" content=\"article\" \/>\n<meta property=\"og:title\" content=\"Citas con garant\u00eda de por vida*\" \/>\n<meta property=\"og:description\" content=\"Conoce a bellas mujeres ucranianas con garant\u00eda de por vida. No importa cu\u00e1nto tiempo te lleve, disfrutar\u00e1s de citas garantizadas de por vida.\" \/>\n<meta property=\"og:url\" content=\"https:\/\/ukreine.com\/es\/citas-con-garantia-de-por-vida\/\" \/>\n<meta property=\"og:site_name\" content=\"Ukreine\" \/>\n<meta property=\"article:publisher\" content=\"https:\/\/www.facebook.com\/datingrussianbrides\/\" \/>\n<meta property=\"article:modified_time\" content=\"2025-10-21T20:43:31+00:00\" \/>\n<meta property=\"og:image\" content=\"https:\/\/avatanplus.com\/files\/resources\/original\/57774d7c624f6155aa06adf3.png\" \/>\n<meta name=\"twitter:card\" content=\"summary_large_image\" \/>\n<meta name=\"twitter:site\" content=\"@t4388388833\" \/>\n<meta name=\"twitter:label1\" content=\"Tiempo de lectura\" \/>\n\t<meta name=\"twitter:data1\" content=\"3 minutos\" \/>\n<script type=\"application\/ld+json\" class=\"yoast-schema-graph\">{\"@context\":\"https:\/\/schema.org\",\"@graph\":[{\"@type\":\"WebPage\",\"@id\":\"https:\/\/ukreine.com\/es\/citas-con-garantia-de-por-vida\/\",\"url\":\"https:\/\/ukreine.com\/es\/citas-con-garantia-de-por-vida\/\",\"name\":\"Citas con donnas rusas con garant\u00eda de por vida\",\"isPartOf\":{\"@id\":\"https:\/\/ukreine.com\/es\/#website\"},\"primaryImageOfPage\":{\"@id\":\"https:\/\/ukreine.com\/es\/citas-con-garantia-de-por-vida\/#primaryimage\"},\"image\":{\"@id\":\"https:\/\/ukreine.com\/es\/citas-con-garantia-de-por-vida\/#primaryimage\"},\"thumbnailUrl\":\"https:\/\/avatanplus.com\/files\/resources\/original\/57774d7c624f6155aa06adf3.png\",\"datePublished\":\"2021-03-01T17:00:37+00:00\",\"dateModified\":\"2025-10-21T20:43:31+00:00\",\"description\":\"Conoce a bellas mujeres ucranianas con garant\u00eda de por vida. No importa cu\u00e1nto tiempo te lleve, disfrutar\u00e1s de citas garantizadas de por vida.\",\"breadcrumb\":{\"@id\":\"https:\/\/ukreine.com\/es\/citas-con-garantia-de-por-vida\/#breadcrumb\"},\"inLanguage\":\"es\",\"potentialAction\":[{\"@type\":\"ReadAction\",\"target\":[\"https:\/\/ukreine.com\/es\/citas-con-garantia-de-por-vida\/\"]}]},{\"@type\":\"ImageObject\",\"inLanguage\":\"es\",\"@id\":\"https:\/\/ukreine.com\/es\/citas-con-garantia-de-por-vida\/#primaryimage\",\"url\":\"https:\/\/avatanplus.com\/files\/resources\/original\/57774d7c624f6155aa06adf3.png\",\"contentUrl\":\"https:\/\/avatanplus.com\/files\/resources\/original\/57774d7c624f6155aa06adf3.png\"},{\"@type\":\"BreadcrumbList\",\"@id\":\"https:\/\/ukreine.com\/es\/citas-con-garantia-de-por-vida\/#breadcrumb\",\"itemListElement\":[{\"@type\":\"ListItem\",\"position\":1,\"name\":\"Home\",\"item\":\"https:\/\/ukreine.com\/es\/\"},{\"@type\":\"ListItem\",\"position\":2,\"name\":\"Citas con garant\u00eda de por vida*\"}]},{\"@type\":\"WebSite\",\"@id\":\"https:\/\/ukreine.com\/es\/#website\",\"url\":\"https:\/\/ukreine.com\/es\/\",\"name\":\"Ukreine\",\"description\":\"\",\"publisher\":{\"@id\":\"https:\/\/ukreine.com\/es\/#organization\"},\"potentialAction\":[{\"@type\":\"SearchAction\",\"target\":{\"@type\":\"EntryPoint\",\"urlTemplate\":\"https:\/\/ukreine.com\/es\/?s={search_term_string}\"},\"query-input\":{\"@type\":\"PropertyValueSpecification\",\"valueRequired\":true,\"valueName\":\"search_term_string\"}}],\"inLanguage\":\"es\"},{\"@type\":\"Organization\",\"@id\":\"https:\/\/ukreine.com\/es\/#organization\",\"name\":\"Ukreine\",\"url\":\"https:\/\/ukreine.com\/es\/\",\"logo\":{\"@type\":\"ImageObject\",\"inLanguage\":\"es\",\"@id\":\"https:\/\/ukreine.com\/es\/#\/schema\/logo\/image\/\",\"url\":\"https:\/\/ukreine.com\/wp-content\/uploads\/2018\/05\/logo.png\",\"contentUrl\":\"https:\/\/ukreine.com\/wp-content\/uploads\/2018\/05\/logo.png\",\"width\":325,\"height\":69,\"caption\":\"Ukreine\"},\"image\":{\"@id\":\"https:\/\/ukreine.com\/es\/#\/schema\/logo\/image\/\"},\"sameAs\":[\"https:\/\/www.facebook.com\/datingrussianbrides\/\",\"https:\/\/x.com\/t4388388833\",\"https:\/\/www.instagram.com\/agenceukreine\/\",\"https:\/\/www.pinterest.com\/dbereznyakov\/\",\"https:\/\/www.youtube.com\/channel\/UC5lMwPhy20E8Bti0mQL43UA\"]}]}<\/script>\n<!-- \/ Yoast SEO Premium plugin. -->","yoast_head_json":{"title":"Citas con donnas rusas con garant\u00eda de por vida","description":"Conoce a bellas mujeres ucranianas con garant\u00eda de por vida. No importa cu\u00e1nto tiempo te lleve, disfrutar\u00e1s de citas garantizadas de por vida.","robots":{"index":"index","follow":"follow","max-snippet":"max-snippet:-1","max-image-preview":"max-image-preview:large","max-video-preview":"max-video-preview:-1"},"canonical":"https:\/\/ukreine.com\/es\/citas-con-garantia-de-por-vida\/","og_locale":"es_ES","og_type":"article","og_title":"Citas con garant\u00eda de por vida*","og_description":"Conoce a bellas mujeres ucranianas con garant\u00eda de por vida. No importa cu\u00e1nto tiempo te lleve, disfrutar\u00e1s de citas garantizadas de por vida.","og_url":"https:\/\/ukreine.com\/es\/citas-con-garantia-de-por-vida\/","og_site_name":"Ukreine","article_publisher":"https:\/\/www.facebook.com\/datingrussianbrides\/","article_modified_time":"2025-10-21T20:43:31+00:00","og_image":[{"url":"https:\/\/avatanplus.com\/files\/resources\/original\/57774d7c624f6155aa06adf3.png","type":"","width":"","height":""}],"twitter_card":"summary_large_image","twitter_site":"@t4388388833","twitter_misc":{"Tiempo de lectura":"3 minutos"},"schema":{"@context":"https:\/\/schema.org","@graph":[{"@type":"WebPage","@id":"https:\/\/ukreine.com\/es\/citas-con-garantia-de-por-vida\/","url":"https:\/\/ukreine.com\/es\/citas-con-garantia-de-por-vida\/","name":"Citas con donnas rusas con garant\u00eda de por vida","isPartOf":{"@id":"https:\/\/ukreine.com\/es\/#website"},"primaryImageOfPage":{"@id":"https:\/\/ukreine.com\/es\/citas-con-garantia-de-por-vida\/#primaryimage"},"image":{"@id":"https:\/\/ukreine.com\/es\/citas-con-garantia-de-por-vida\/#primaryimage"},"thumbnailUrl":"https:\/\/avatanplus.com\/files\/resources\/original\/57774d7c624f6155aa06adf3.png","datePublished":"2021-03-01T17:00:37+00:00","dateModified":"2025-10-21T20:43:31+00:00","description":"Conoce a bellas mujeres ucranianas con garant\u00eda de por vida. No importa cu\u00e1nto tiempo te lleve, disfrutar\u00e1s de citas garantizadas de por vida.","breadcrumb":{"@id":"https:\/\/ukreine.com\/es\/citas-con-garantia-de-por-vida\/#breadcrumb"},"inLanguage":"es","potentialAction":[{"@type":"ReadAction","target":["https:\/\/ukreine.com\/es\/citas-con-garantia-de-por-vida\/"]}]},{"@type":"ImageObject","inLanguage":"es","@id":"https:\/\/ukreine.com\/es\/citas-con-garantia-de-por-vida\/#primaryimage","url":"https:\/\/avatanplus.com\/files\/resources\/original\/57774d7c624f6155aa06adf3.png","contentUrl":"https:\/\/avatanplus.com\/files\/resources\/original\/57774d7c624f6155aa06adf3.png"},{"@type":"BreadcrumbList","@id":"https:\/\/ukreine.com\/es\/citas-con-garantia-de-por-vida\/#breadcrumb","itemListElement":[{"@type":"ListItem","position":1,"name":"Home","item":"https:\/\/ukreine.com\/es\/"},{"@type":"ListItem","position":2,"name":"Citas con garant\u00eda de por vida*"}]},{"@type":"WebSite","@id":"https:\/\/ukreine.com\/es\/#website","url":"https:\/\/ukreine.com\/es\/","name":"Ukreine","description":"","publisher":{"@id":"https:\/\/ukreine.com\/es\/#organization"},"potentialAction":[{"@type":"SearchAction","target":{"@type":"EntryPoint","urlTemplate":"https:\/\/ukreine.com\/es\/?s={search_term_string}"},"query-input":{"@type":"PropertyValueSpecification","valueRequired":true,"valueName":"search_term_string"}}],"inLanguage":"es"},{"@type":"Organization","@id":"https:\/\/ukreine.com\/es\/#organization","name":"Ukreine","url":"https:\/\/ukreine.com\/es\/","logo":{"@type":"ImageObject","inLanguage":"es","@id":"https:\/\/ukreine.com\/es\/#\/schema\/logo\/image\/","url":"https:\/\/ukreine.com\/wp-content\/uploads\/2018\/05\/logo.png","contentUrl":"https:\/\/ukreine.com\/wp-content\/uploads\/2018\/05\/logo.png","width":325,"height":69,"caption":"Ukreine"},"image":{"@id":"https:\/\/ukreine.com\/es\/#\/schema\/logo\/image\/"},"sameAs":["https:\/\/www.facebook.com\/datingrussianbrides\/","https:\/\/x.com\/t4388388833","https:\/\/www.instagram.com\/agenceukreine\/","https:\/\/www.pinterest.com\/dbereznyakov\/","https:\/\/www.youtube.com\/channel\/UC5lMwPhy20E8Bti0mQL43UA"]}]}},"_links":{"self":[{"href":"https:\/\/ukreine.com\/es\/wp-json\/wp\/v2\/pages\/1029421","targetHints":{"allow":["GET"]}}],"collection":[{"href":"https:\/\/ukreine.com\/es\/wp-json\/wp\/v2\/pages"}],"about":[{"href":"https:\/\/ukreine.com\/es\/wp-json\/wp\/v2\/types\/page"}],"author":[{"embeddable":true,"href":"https:\/\/ukreine.com\/es\/wp-json\/wp\/v2\/users\/54"}],"replies":[{"embeddable":true,"href":"https:\/\/ukreine.com\/es\/wp-json\/wp\/v2\/comments?post=1029421"}],"version-history":[{"count":1,"href":"https:\/\/ukreine.com\/es\/wp-json\/wp\/v2\/pages\/1029421\/revisions"}],"predecessor-version":[{"id":1029423,"href":"https:\/\/ukreine.com\/es\/wp-json\/wp\/v2\/pages\/1029421\/revisions\/1029423"}],"wp:attachment":[{"href":"https:\/\/ukreine.com\/es\/wp-json\/wp\/v2\/media?parent=1029421"}],"curies":[{"name":"wp","href":"https:\/\/api.w.org\/{rel}","templated":true}]}}