{"id":1029292,"date":"2017-02-10T22:50:41","date_gmt":"2017-02-10T22:50:41","guid":{"rendered":"https:\/\/ukreine.com\/forfait-rencontres-illimitees\/"},"modified":"2025-10-21T20:03:14","modified_gmt":"2025-10-21T20:03:14","slug":"paquete-citas-ilimitadas","status":"publish","type":"page","link":"https:\/\/ukreine.com\/es\/paquete-citas-ilimitadas\/","title":{"rendered":"Paquete de citas ilimitadas"},"content":{"rendered":"<p style=\"text-align: center;\">El precio del paquete es de<\/p>\n<p style=\"text-align: center;\"><strong style=\"color: #0000ff;\">990 euros <\/strong><\/p>\n<p style=\"text-align: center;\">+4 % de comisi\u00f3n por conversi\u00f3n de divisa<\/p>\n<p style=\"text-align: center;\">el paquete est\u00e1 activo durante 6 meses<\/p>\n<div class=\"text-center\"><div id=\"simpay-stripe_checkout-form-wrap-933824\" data-id=\"simpay-form-933824-wrap\" class=\"simpay-form-wrap simpay-stripe_checkout-form-wrap\"><form action=\"\" method=\"post\" class=\"simpay-checkout-form simpay-form-933824 simpay-styled\" id=\"simpay-form-933824\" data-simpay-form-id=\"933824\" ><div class=\"simpay-form-control\"><button id=\"2\" class=\"simpay-btn simpay-payment-btn stripe-button-el\"><span>Payez maintenant<\/span><\/button><\/div><div class=\"simpay-generic-error simpay-errors\" id=\"simpay-form-933824-error\" aria-live=\"assertive\" aria-relevant=\"additions text\" aria-atomic=\"true\"><\/div><input type=\"hidden\" name=\"simpay_form_id\" value=\"933824\" \/><input type=\"hidden\" name=\"simpay_amount\" value=\"\" class=\"simpay-amount\" \/><input type=\"hidden\" id=\"_wpnonce\" name=\"_wpnonce\" value=\"52a674c303\" \/><input type=\"hidden\" name=\"_wp_http_referer\" value=\"\/es\/wp-json\/wp\/v2\/pages\/1029292\" \/><\/form><\/div><\/div>\n<p style=\"text-align: center;\">o<\/p>\n<p><script src=\"https:\/\/www.paypal.com\/sdk\/js?client-id=BAACafNNLaE-7nURb96giN7zzTPKeoV9l_MVTacORtSUv_diAgsJntLRk6g9VT4b4IrXrwV3IvFtFjG2k0&#038;components=hosted-buttons&#038;disable-funding=venmo&#038;currency=EUR\"><\/script><\/p>\n<div class=\"text-center\">\n<div id=\"paypal-container-UZ9PRAMAHXFNG\" style=\"display: inline-block;\">\u00a0<\/div>\n<p><script><br \/>\n  paypal.HostedButtons({<br \/>\n    hostedButtonId: \"UZ9PRAMAHXFNG\",<br \/>\n  }).render(\"#paypal-container-UZ9PRAMAHXFNG\")<br \/>\n<\/script><\/p>\n<style>.css-1b6cd97{container-type: inherit !important;}<\/style><\/div>\n<p style=\"font-weight: 400; text-align: center;\"><strong>Incluye:<\/strong><\/p>\n<ul>\n<li>\n<p>Una asistente personal franc\u00f3fona que te acompa\u00f1a durante el per\u00edodo de tu suscripci\u00f3n: seguimiento despu\u00e9s del intercambio de contactos, informaci\u00f3n adicional sobre las afiliadas, presentaci\u00f3n de los perfiles de nuevas afiliadas, intercambio de contactos con nuevas afiliadas.<\/p>\n<\/li>\n<li>\n<p>Intercambio de contactos directos con las mujeres en nuestro sitio:<\/p>\n<\/li>\n<\/ul>\n<p><a href=\"https:\/\/ukreine.com\/es\/perfiles-de-novias-rusas-y-ucranianas\/\">Enlace<\/a><\/p>\n<ul>\n<li>\n<p>Intercambio de contactos directos con las mujeres de dos bases de perfiles adicionales:<\/p>\n<\/li>\n<\/ul>\n<p><a href=\"https:\/\/ukreine.com\/es\/soiree-non-stop\/\">Enlace 1<\/a> (incluido en el paquete)<\/p>\n<p><a href=\"https:\/\/belles-femmes-russes.info\/\">Enlace 2<\/a> (75 euros con el paquete en lugar de 225 euros sin el paquete)<\/p>\n<ul>\n<li>\n<p>Una sesi\u00f3n con nuestra psic\u00f3loga de relaciones, quien te hablar\u00e1 sobre la mentalidad de las mujeres eslavas, definir\u00e1 contigo la estrategia de comunicaci\u00f3n con las mujeres y responder\u00e1 a todas tus preguntas.<\/p>\n<\/li>\n<\/ul>\n<p><strong>En qu\u00e9 se distingue este paquete:<\/strong><\/p>\n<ul>\n<li>\n<p><strong>Precio inmejorable<\/strong>: Los paquetes de las agencias con seguimiento personalizado comienzan desde 1500-2000 euros.<\/p>\n<\/li>\n<li>\n<p><strong>M\u00e1s del 95 % de las chicas se encuentran \u00fanicamente en nuestro sitio<\/strong>: no somos intermediarios; es nuestro equipo quien busca a mujeres ucranianas sinceramente interesadas en conocer gente.<\/p>\n<\/li>\n<li>\n<p><strong>Asistencia personalizada<\/strong>: cuentas con una asistente personal dedicada que te acompa\u00f1a en todo momento durante tus gestiones.<\/p>\n<\/li>\n<li>\n<p><strong>Proporci\u00f3n de 6 mujeres por 1 hombre<\/strong>: el hecho de que las mujeres est\u00e9n solo en nuestro sitio te brinda una tasa de \u00e9xito excepcionalmente alta.<\/p>\n<\/li>\n<li>\n<p><strong>Tasa de \u00e9xito superior al 80 %<\/strong>.<\/p>\n<\/li>\n<li>\n<p><strong>M\u00e1s de 25 a\u00f1os de experiencia<\/strong> (fundados en 1998) nos han permitido crear un producto con una excelente relaci\u00f3n calidad-precio.<\/p>\n<\/li>\n<li>\n<p><strong>15 a\u00f1os de lucha contra las estafas sentimentales<\/strong> con nuestro portal allaboutdatingscams.com\/es te protegen contra todo tipo de fraudes.<\/p>\n<\/li>\n<\/ul>\n<hr \/>\n<p><strong>Por qu\u00e9 elegir este paquete:<\/strong><\/p>\n<p>Algunos hombres piensan que basta con tener los contactos directos de una mujer para que funcione. En realidad, todas las agencias se centran m\u00e1s en la venta de contactos que en la tasa de \u00e9xito. Vender un contacto a un hombre por 150 euros le parece muy razonable, pero no se da cuenta de que la agencia ya ha vendido el mismo contacto a 15-20 hombres m\u00e1s.<\/p>\n<p>Como resultado, cada perfil de una mujer atractiva genera para la agencia m\u00e1s de 2000 euros <strong>sin ning\u00fan compromiso de resultado<\/strong>, y el hombre cree que ha ahorrado dinero, sin darse cuenta de que su tasa de \u00e9xito no supera el 5 %.<\/p>\n<p>Nuestro modelo de paquetes no nos genera tanto ingreso, \u00a1pero garantiza al hombre una tasa de \u00e9xito excepcional!<\/p>\n<p style=\"text-align: center;\"><img decoding=\"async\" class=\"aligncenter\" style=\"font-size: revert; color: initial; font-family: -apple-system, BlinkMacSystemFont, 'Segoe UI', Roboto, Oxygen-Sans, Ubuntu, Cantarell, 'Helvetica Neue', sans-serif;\" src=\"https:\/\/avatanplus.com\/files\/resources\/original\/57774d7c624f6155aa06adf3.png\" alt=\"\" width=\"147\" height=\"101\" \/><\/p>\n<p style=\"text-align: center;\">Los paquetes no son reembolsables despu\u00e9s del primer encuentro o del primer intercambio de contactos con la mujer.<\/p>\n\n\n<p>&nbsp;<\/p>\n\n\n<p>Por favor, escr\u00edbanos a <strong><a href=\"mailto:info@ukreine.com\">info@ukreine.com<\/a><\/strong> para activar la f\u00f3rmula o el paquete Ucrania, o para hacer preguntas. Tambi\u00e9n puede completar este formulario.<\/p>\n<\/p>\n<\/p>\n<p style=\"text-align: center;\">\n<div class=\"wpcf7 no-js\" id=\"wpcf7-f5243-o1\" lang=\"de-DE\" dir=\"ltr\" data-wpcf7-id=\"5243\">\n<div class=\"screen-reader-response\"><p role=\"status\" aria-live=\"polite\" aria-atomic=\"true\"><\/p> <ul><\/ul><\/div>\n<form action=\"\/es\/wp-json\/wp\/v2\/pages\/1029292\" method=\"post\" class=\"wpcf7-form init\" aria-label=\"Kontaktformular\" novalidate=\"novalidate\" data-status=\"init\">\n<fieldset class=\"hidden-fields-container\"><input type=\"hidden\" name=\"_wpcf7\" value=\"5243\" \/><input type=\"hidden\" name=\"_wpcf7_version\" value=\"6.1.5\" \/><input type=\"hidden\" name=\"_wpcf7_locale\" value=\"de_DE\" \/><input type=\"hidden\" name=\"_wpcf7_unit_tag\" value=\"wpcf7-f5243-o1\" \/><input type=\"hidden\" name=\"_wpcf7_container_post\" value=\"0\" \/><input type=\"hidden\" name=\"_wpcf7_posted_data_hash\" value=\"\" \/><input type=\"hidden\" name=\"_wpcf7dtx_version\" value=\"5.0.5\" \/>\n<\/fieldset>\n<p><label> Nom : <span class=\"wpcf7-form-control-wrap\" data-name=\"your-name\"><input size=\"40\" maxlength=\"400\" class=\"wpcf7-form-control wpcf7-text wpcf7-validates-as-required\" aria-required=\"true\" aria-invalid=\"false\" value=\"\" type=\"text\" name=\"your-name\" \/><\/span> <\/label>\n<\/p>\n<p><label> Email : <span class=\"wpcf7-form-control-wrap\" data-name=\"your-email\"><input size=\"40\" maxlength=\"400\" class=\"wpcf7-form-control wpcf7-email wpcf7-text wpcf7-validates-as-email\" aria-invalid=\"false\" value=\"\" type=\"email\" name=\"your-email\" \/><\/span> <\/label>\n<\/p>\n<p><label> Commentaires : <span class=\"wpcf7-form-control-wrap\" data-name=\"your-message\"><textarea cols=\"40\" rows=\"10\" maxlength=\"2000\" class=\"wpcf7-form-control wpcf7-textarea\" aria-invalid=\"false\" name=\"your-message\"><\/textarea><\/span> <\/label>\n<\/p>\n<p><span id=\"wpcf7-69d958a7c0c10-wrapper\" class=\"wpcf7-form-control-wrap honeypot-560-wrap\" style=\"display:none !important; visibility:hidden !important;\"><label for=\"wpcf7-69d958a7c0c10-field\" class=\"hp-message\">Bitte lasse dieses Feld leer.<\/label><input id=\"wpcf7-69d958a7c0c10-field\"  class=\"wpcf7-form-control wpcf7-text\" type=\"text\" name=\"honeypot-560\" value=\"\" size=\"40\" tabindex=\"-1\" autocomplete=\"new-password\" \/><\/span>\n<\/p>\n<p><input class=\"wpcf7-form-control wpcf7-submit has-spinner\" type=\"submit\" value=\"Envoyer\" \/>\n<\/p><div class=\"wpcf7-response-output\" aria-hidden=\"true\"><\/div>\n<\/form>\n<\/div>\n<\/p>","protected":false},"excerpt":{"rendered":"<p>El precio del paquete es de 990 euros +4 % de comisi\u00f3n por conversi\u00f3n de divisa el paquete est\u00e1 activo durante 6 meses o \u00a0 Incluye: Una asistente personal franc\u00f3fona que te acompa\u00f1a durante el per\u00edodo de tu suscripci\u00f3n: seguimiento despu\u00e9s del intercambio de contactos, informaci\u00f3n adicional sobre las afiliadas, presentaci\u00f3n de los perfiles de [&hellip;]<\/p>\n","protected":false},"author":1,"featured_media":283328,"parent":0,"menu_order":0,"comment_status":"closed","ping_status":"closed","template":"","meta":{"_acf_changed":false,"footnotes":""},"class_list":["post-1029292","page","type-page","status-publish","has-post-thumbnail","hentry"],"acf":[],"yoast_head":"<!-- This site is optimized with the Yoast SEO Premium plugin v25.5 (Yoast SEO v27.2) - https:\/\/yoast.com\/product\/yoast-seo-premium-wordpress\/ -->\n<title>Paquete de citas ilimitadas<\/title>\n<meta name=\"description\" content=\"Nuestro modelo de paquetes no nos genera tanto ingreso, \u00a1pero garantiza al hombre una tasa de \u00e9xito excepcional!\" \/>\n<meta name=\"robots\" content=\"index, follow, max-snippet:-1, max-image-preview:large, max-video-preview:-1\" \/>\n<link rel=\"canonical\" href=\"https:\/\/ukreine.com\/es\/paquete-citas-ilimitadas\/\" \/>\n<meta property=\"og:locale\" content=\"es_ES\" \/>\n<meta property=\"og:type\" content=\"article\" \/>\n<meta property=\"og:title\" content=\"Paquete de citas ilimitadas\" \/>\n<meta property=\"og:description\" content=\"Nuestro modelo de paquetes no nos genera tanto ingreso, \u00a1pero garantiza al hombre una tasa de \u00e9xito excepcional!\" \/>\n<meta property=\"og:url\" content=\"https:\/\/ukreine.com\/es\/paquete-citas-ilimitadas\/\" \/>\n<meta property=\"og:site_name\" content=\"Ukreine\" \/>\n<meta property=\"article:publisher\" content=\"https:\/\/www.facebook.com\/datingrussianbrides\/\" \/>\n<meta property=\"article:modified_time\" content=\"2025-10-21T20:03:14+00:00\" \/>\n<meta property=\"og:image\" content=\"https:\/\/ukreine.com\/wp-content\/uploads\/2020\/04\/\u0411\u0435\u0437\u044b\u043c\u044f\u043d\u043d\u044b\u0439.png\" \/>\n\t<meta property=\"og:image:width\" content=\"1000\" \/>\n\t<meta property=\"og:image:height\" content=\"625\" \/>\n\t<meta property=\"og:image:type\" content=\"image\/png\" \/>\n<meta name=\"twitter:card\" content=\"summary_large_image\" \/>\n<meta name=\"twitter:site\" content=\"@t4388388833\" \/>\n<meta name=\"twitter:label1\" content=\"Tiempo de lectura\" \/>\n\t<meta name=\"twitter:data1\" content=\"3 minutos\" \/>\n<script type=\"application\/ld+json\" class=\"yoast-schema-graph\">{\"@context\":\"https:\/\/schema.org\",\"@graph\":[{\"@type\":\"WebPage\",\"@id\":\"https:\/\/ukreine.com\/es\/paquete-citas-ilimitadas\/\",\"url\":\"https:\/\/ukreine.com\/es\/paquete-citas-ilimitadas\/\",\"name\":\"Paquete de citas ilimitadas\",\"isPartOf\":{\"@id\":\"https:\/\/ukreine.com\/es\/#website\"},\"primaryImageOfPage\":{\"@id\":\"https:\/\/ukreine.com\/es\/paquete-citas-ilimitadas\/#primaryimage\"},\"image\":{\"@id\":\"https:\/\/ukreine.com\/es\/paquete-citas-ilimitadas\/#primaryimage\"},\"thumbnailUrl\":\"https:\/\/ukreine.com\/wp-content\/uploads\/2020\/04\/\u0411\u0435\u0437\u044b\u043c\u044f\u043d\u043d\u044b\u0439.png\",\"datePublished\":\"2017-02-10T22:50:41+00:00\",\"dateModified\":\"2025-10-21T20:03:14+00:00\",\"description\":\"Nuestro modelo de paquetes no nos genera tanto ingreso, \u00a1pero garantiza al hombre una tasa de \u00e9xito excepcional!\",\"breadcrumb\":{\"@id\":\"https:\/\/ukreine.com\/es\/paquete-citas-ilimitadas\/#breadcrumb\"},\"inLanguage\":\"es\",\"potentialAction\":[{\"@type\":\"ReadAction\",\"target\":[\"https:\/\/ukreine.com\/es\/paquete-citas-ilimitadas\/\"]}]},{\"@type\":\"ImageObject\",\"inLanguage\":\"es\",\"@id\":\"https:\/\/ukreine.com\/es\/paquete-citas-ilimitadas\/#primaryimage\",\"url\":\"https:\/\/ukreine.com\/wp-content\/uploads\/2020\/04\/\u0411\u0435\u0437\u044b\u043c\u044f\u043d\u043d\u044b\u0439.png\",\"contentUrl\":\"https:\/\/ukreine.com\/wp-content\/uploads\/2020\/04\/\u0411\u0435\u0437\u044b\u043c\u044f\u043d\u043d\u044b\u0439.png\",\"width\":1000,\"height\":625},{\"@type\":\"BreadcrumbList\",\"@id\":\"https:\/\/ukreine.com\/es\/paquete-citas-ilimitadas\/#breadcrumb\",\"itemListElement\":[{\"@type\":\"ListItem\",\"position\":1,\"name\":\"Home\",\"item\":\"https:\/\/ukreine.com\/es\/\"},{\"@type\":\"ListItem\",\"position\":2,\"name\":\"Paquete de citas ilimitadas\"}]},{\"@type\":\"WebSite\",\"@id\":\"https:\/\/ukreine.com\/es\/#website\",\"url\":\"https:\/\/ukreine.com\/es\/\",\"name\":\"Ukreine\",\"description\":\"\",\"publisher\":{\"@id\":\"https:\/\/ukreine.com\/es\/#organization\"},\"potentialAction\":[{\"@type\":\"SearchAction\",\"target\":{\"@type\":\"EntryPoint\",\"urlTemplate\":\"https:\/\/ukreine.com\/es\/?s={search_term_string}\"},\"query-input\":{\"@type\":\"PropertyValueSpecification\",\"valueRequired\":true,\"valueName\":\"search_term_string\"}}],\"inLanguage\":\"es\"},{\"@type\":\"Organization\",\"@id\":\"https:\/\/ukreine.com\/es\/#organization\",\"name\":\"Ukreine\",\"url\":\"https:\/\/ukreine.com\/es\/\",\"logo\":{\"@type\":\"ImageObject\",\"inLanguage\":\"es\",\"@id\":\"https:\/\/ukreine.com\/es\/#\/schema\/logo\/image\/\",\"url\":\"https:\/\/ukreine.com\/wp-content\/uploads\/2018\/05\/logo.png\",\"contentUrl\":\"https:\/\/ukreine.com\/wp-content\/uploads\/2018\/05\/logo.png\",\"width\":325,\"height\":69,\"caption\":\"Ukreine\"},\"image\":{\"@id\":\"https:\/\/ukreine.com\/es\/#\/schema\/logo\/image\/\"},\"sameAs\":[\"https:\/\/www.facebook.com\/datingrussianbrides\/\",\"https:\/\/x.com\/t4388388833\",\"https:\/\/www.instagram.com\/agenceukreine\/\",\"https:\/\/www.pinterest.com\/dbereznyakov\/\",\"https:\/\/www.youtube.com\/channel\/UC5lMwPhy20E8Bti0mQL43UA\"]}]}<\/script>\n<!-- \/ Yoast SEO Premium plugin. -->","yoast_head_json":{"title":"Paquete de citas ilimitadas","description":"Nuestro modelo de paquetes no nos genera tanto ingreso, \u00a1pero garantiza al hombre una tasa de \u00e9xito excepcional!","robots":{"index":"index","follow":"follow","max-snippet":"max-snippet:-1","max-image-preview":"max-image-preview:large","max-video-preview":"max-video-preview:-1"},"canonical":"https:\/\/ukreine.com\/es\/paquete-citas-ilimitadas\/","og_locale":"es_ES","og_type":"article","og_title":"Paquete de citas ilimitadas","og_description":"Nuestro modelo de paquetes no nos genera tanto ingreso, \u00a1pero garantiza al hombre una tasa de \u00e9xito excepcional!","og_url":"https:\/\/ukreine.com\/es\/paquete-citas-ilimitadas\/","og_site_name":"Ukreine","article_publisher":"https:\/\/www.facebook.com\/datingrussianbrides\/","article_modified_time":"2025-10-21T20:03:14+00:00","og_image":[{"width":1000,"height":625,"url":"https:\/\/ukreine.com\/wp-content\/uploads\/2020\/04\/\u0411\u0435\u0437\u044b\u043c\u044f\u043d\u043d\u044b\u0439.png","type":"image\/png"}],"twitter_card":"summary_large_image","twitter_site":"@t4388388833","twitter_misc":{"Tiempo de lectura":"3 minutos"},"schema":{"@context":"https:\/\/schema.org","@graph":[{"@type":"WebPage","@id":"https:\/\/ukreine.com\/es\/paquete-citas-ilimitadas\/","url":"https:\/\/ukreine.com\/es\/paquete-citas-ilimitadas\/","name":"Paquete de citas ilimitadas","isPartOf":{"@id":"https:\/\/ukreine.com\/es\/#website"},"primaryImageOfPage":{"@id":"https:\/\/ukreine.com\/es\/paquete-citas-ilimitadas\/#primaryimage"},"image":{"@id":"https:\/\/ukreine.com\/es\/paquete-citas-ilimitadas\/#primaryimage"},"thumbnailUrl":"https:\/\/ukreine.com\/wp-content\/uploads\/2020\/04\/\u0411\u0435\u0437\u044b\u043c\u044f\u043d\u043d\u044b\u0439.png","datePublished":"2017-02-10T22:50:41+00:00","dateModified":"2025-10-21T20:03:14+00:00","description":"Nuestro modelo de paquetes no nos genera tanto ingreso, \u00a1pero garantiza al hombre una tasa de \u00e9xito excepcional!","breadcrumb":{"@id":"https:\/\/ukreine.com\/es\/paquete-citas-ilimitadas\/#breadcrumb"},"inLanguage":"es","potentialAction":[{"@type":"ReadAction","target":["https:\/\/ukreine.com\/es\/paquete-citas-ilimitadas\/"]}]},{"@type":"ImageObject","inLanguage":"es","@id":"https:\/\/ukreine.com\/es\/paquete-citas-ilimitadas\/#primaryimage","url":"https:\/\/ukreine.com\/wp-content\/uploads\/2020\/04\/\u0411\u0435\u0437\u044b\u043c\u044f\u043d\u043d\u044b\u0439.png","contentUrl":"https:\/\/ukreine.com\/wp-content\/uploads\/2020\/04\/\u0411\u0435\u0437\u044b\u043c\u044f\u043d\u043d\u044b\u0439.png","width":1000,"height":625},{"@type":"BreadcrumbList","@id":"https:\/\/ukreine.com\/es\/paquete-citas-ilimitadas\/#breadcrumb","itemListElement":[{"@type":"ListItem","position":1,"name":"Home","item":"https:\/\/ukreine.com\/es\/"},{"@type":"ListItem","position":2,"name":"Paquete de citas ilimitadas"}]},{"@type":"WebSite","@id":"https:\/\/ukreine.com\/es\/#website","url":"https:\/\/ukreine.com\/es\/","name":"Ukreine","description":"","publisher":{"@id":"https:\/\/ukreine.com\/es\/#organization"},"potentialAction":[{"@type":"SearchAction","target":{"@type":"EntryPoint","urlTemplate":"https:\/\/ukreine.com\/es\/?s={search_term_string}"},"query-input":{"@type":"PropertyValueSpecification","valueRequired":true,"valueName":"search_term_string"}}],"inLanguage":"es"},{"@type":"Organization","@id":"https:\/\/ukreine.com\/es\/#organization","name":"Ukreine","url":"https:\/\/ukreine.com\/es\/","logo":{"@type":"ImageObject","inLanguage":"es","@id":"https:\/\/ukreine.com\/es\/#\/schema\/logo\/image\/","url":"https:\/\/ukreine.com\/wp-content\/uploads\/2018\/05\/logo.png","contentUrl":"https:\/\/ukreine.com\/wp-content\/uploads\/2018\/05\/logo.png","width":325,"height":69,"caption":"Ukreine"},"image":{"@id":"https:\/\/ukreine.com\/es\/#\/schema\/logo\/image\/"},"sameAs":["https:\/\/www.facebook.com\/datingrussianbrides\/","https:\/\/x.com\/t4388388833","https:\/\/www.instagram.com\/agenceukreine\/","https:\/\/www.pinterest.com\/dbereznyakov\/","https:\/\/www.youtube.com\/channel\/UC5lMwPhy20E8Bti0mQL43UA"]}]}},"_links":{"self":[{"href":"https:\/\/ukreine.com\/es\/wp-json\/wp\/v2\/pages\/1029292","targetHints":{"allow":["GET"]}}],"collection":[{"href":"https:\/\/ukreine.com\/es\/wp-json\/wp\/v2\/pages"}],"about":[{"href":"https:\/\/ukreine.com\/es\/wp-json\/wp\/v2\/types\/page"}],"author":[{"embeddable":true,"href":"https:\/\/ukreine.com\/es\/wp-json\/wp\/v2\/users\/1"}],"replies":[{"embeddable":true,"href":"https:\/\/ukreine.com\/es\/wp-json\/wp\/v2\/comments?post=1029292"}],"version-history":[{"count":2,"href":"https:\/\/ukreine.com\/es\/wp-json\/wp\/v2\/pages\/1029292\/revisions"}],"predecessor-version":[{"id":1029420,"href":"https:\/\/ukreine.com\/es\/wp-json\/wp\/v2\/pages\/1029292\/revisions\/1029420"}],"wp:featuredmedia":[{"embeddable":true,"href":"https:\/\/ukreine.com\/es\/wp-json\/wp\/v2\/media\/283328"}],"wp:attachment":[{"href":"https:\/\/ukreine.com\/es\/wp-json\/wp\/v2\/media?parent=1029292"}],"curies":[{"name":"wp","href":"https:\/\/api.w.org\/{rel}","templated":true}]}}