{"id":1029286,"date":"2017-02-10T17:37:56","date_gmt":"2017-02-10T17:37:56","guid":{"rendered":"https:\/\/ukreine.com\/rencontrer-femme-russe-ukraine\/"},"modified":"2026-01-14T21:23:02","modified_gmt":"2026-01-14T21:23:02","slug":"cambio-contacto-mujer-ucrania","status":"publish","type":"page","link":"https:\/\/ukreine.com\/es\/cambio-contacto-mujer-ucrania\/","title":{"rendered":"Conoce a las mujeres y recibe sus contactos directos"},"content":{"rendered":"<p>.date_me_packet_custom_title .date-form-wrapper h2, .date_me_packet_custom_title .date-form-wrapper h3 { height: auto; margin-top: 0px!important; margin-bottom: 0px!important; font-size: 22px;} .date-form-wrapper { margin-bottom: 25px!important;}<\/p>\n<div class=\"service-block-data date_me_packet_custom_title\">\n<div class=\"date-form-wrapper\">\n<h2 class=\"date-form-title\">\u00abContacts illimit\u00e9s pendant 7 mois\u00bb: la recette d&#8217;un taux de r\u00e9ussite maximal<\/h2>\n<div class=\"date-form-description\">\u00c9change des contacts illimit\u00e9s avec nos adh\u00e9rentes durant 7 mois. La dur\u00e9e du forfait, le ratio hommes\/femmes et l&#8217;approche tr\u00e8s personnalis\u00e9e vous garantit un taux de r\u00e9ussite de 80%.<\/div>\n<div class=\"service-action\"><a href=\"https:\/\/ukreine.com\/es\/paquete-citas-ilimitadas\/\">Voir les details<\/a><\/div>\n<\/div>\n<div class=\"date-form-wrapper\">\n<h2 class=\"date-form-title\">\u201cRencontres illimit\u00e9es garanties \u00e0 vie\u00bb: r\u00e9ussite dans les relations sentimentales pour les hommes les plus exigeants<\/h2>\n<div class=\"date-form-description\">\u00abRencontres illimit\u00e9es garanties \u00e0 vie\u00bb:\u00a0 garantie de r\u00e9ussite peu importe le temps que \u00e7a nous prend.<br \/>\nVous avez des crit\u00e8res de recherche particuliers et si vous ne voulez pas des compromis? Vous voulez choisir parmi plus de 10000 profils de belles femmes ukrainiennes et pouvoir rencontrer un nombre illimit\u00e9 de femmes jusqu&#8217;au moment o\u00f9 vous rencontrez la femme de votre vie? Ce forfait est pour vous.<\/div>\n<div class=\"service-action \"><a href=\"https:\/\/ukreine.com\/es\/citas-con-garantia-de-por-vida\/\">Voir les details<\/a><\/div>\n<\/div>\n<div class=\"date-form-wrapper\">\n<h2 class=\"date-form-title\">\u00abSoir\u00e9e en ligne\u00bb: \u00e9change de contacts directs pour 50 euros<\/h2>\n<\/div>\n<div class=\"date-form-wrapper\">\n<div class=\"date-form-description\">Forfait \u00e0 un petit prix pour les hommes avec un budget limit\u00e9. \u00c9change de contacts directs avec les femmes qui ont moins d&#8217;int\u00e9r\u00eat de la part de nos adh\u00e9rents<\/div>\n<div class=\"service-action \"><a href=\"https:\/\/ukreine.com\/soiree-de-rencontres-en-ligne\/\">Voir les details<\/a><\/div>\n<\/div>\n<div class=\"date-form-wrapper\">\n<h2 class=\"date-form-title\">\u00abTout compris\u00bb: recevez les contacts des femmes et pr\u00e9parez votre voyage en Ukraine (non disponible)<\/h2>\n<div class=\"date-form-description\">le forfait est con\u00e7u pour maximiser vos chances de r\u00e9ussite surtout si c\u2019est votre premier voyage car il pr\u00e9voit un nombre de rencontres illimit\u00e9, suivi des rencontres, traductions et accompagnement illimit\u00e9s et aussi l\u2019accueil \u00e0 l\u2019a\u00e9roport, l\u2019h\u00e9bergement, excursions guid\u00e9s et planning d\u00e9taill\u00e9 de votre s\u00e9jour.<\/div>\n<div class=\"service-action \"><a href=\"https:\/\/ukreine.com\/tout-compris\/\">Voir les details<\/a><\/div>\n<\/div>\n<\/div>\n","protected":false},"excerpt":{"rendered":"<p>.date_me_packet_custom_title .date-form-wrapper h2, .date_me_packet_custom_title .date-form-wrapper h3 { height: auto; margin-top: 0px!important; margin-bottom: 0px!important; font-size: 22px;} .date-form-wrapper { margin-bottom: 25px!important;} \u00abContacts illimit\u00e9s pendant 7 mois\u00bb: la recette d&#8217;un taux de r\u00e9ussite maximal \u00c9change des contacts illimit\u00e9s avec nos adh\u00e9rentes durant 7 mois. La dur\u00e9e du forfait, le ratio hommes\/femmes et l&#8217;approche tr\u00e8s personnalis\u00e9e vous garantit un [&hellip;]<\/p>\n","protected":false},"author":1,"featured_media":0,"parent":0,"menu_order":0,"comment_status":"closed","ping_status":"closed","template":"page-date-me-packet.php","meta":{"_acf_changed":false,"footnotes":""},"class_list":["post-1029286","page","type-page","status-publish","hentry"],"acf":[],"yoast_head":"<!-- This site is optimized with the Yoast SEO Premium plugin v25.5 (Yoast SEO v27.2) - https:\/\/yoast.com\/product\/yoast-seo-premium-wordpress\/ -->\n<title>Intercambio de contactos directos con mujeres rusas y ucranianas<\/title>\n<meta name=\"description\" content=\"\u00bfC\u00f3mo contactar directamente a mujeres rusas y ucranianas por WhatsApp, tel\u00e9fono y correo electr\u00f3nico?\" \/>\n<meta name=\"robots\" content=\"index, follow, max-snippet:-1, max-image-preview:large, max-video-preview:-1\" \/>\n<link rel=\"canonical\" href=\"https:\/\/ukreine.com\/es\/cambio-contacto-mujer-ucrania\/\" \/>\n<meta property=\"og:locale\" content=\"es_ES\" \/>\n<meta property=\"og:type\" content=\"article\" \/>\n<meta property=\"og:title\" content=\"Conoce a las mujeres y recibe sus contactos directos\" \/>\n<meta property=\"og:description\" content=\"\u00bfC\u00f3mo contactar directamente a mujeres rusas y ucranianas por WhatsApp, tel\u00e9fono y correo electr\u00f3nico?\" \/>\n<meta property=\"og:url\" content=\"https:\/\/ukreine.com\/es\/cambio-contacto-mujer-ucrania\/\" \/>\n<meta property=\"og:site_name\" content=\"Ukreine\" \/>\n<meta property=\"article:publisher\" content=\"https:\/\/www.facebook.com\/datingrussianbrides\/\" \/>\n<meta property=\"article:modified_time\" content=\"2026-01-14T21:23:02+00:00\" \/>\n<meta name=\"twitter:card\" content=\"summary_large_image\" \/>\n<meta name=\"twitter:site\" content=\"@t4388388833\" \/>\n<meta name=\"twitter:label1\" content=\"Tiempo de lectura\" \/>\n\t<meta name=\"twitter:data1\" content=\"2 minutos\" \/>\n<script type=\"application\/ld+json\" class=\"yoast-schema-graph\">{\"@context\":\"https:\/\/schema.org\",\"@graph\":[{\"@type\":\"WebPage\",\"@id\":\"https:\/\/ukreine.com\/es\/cambio-contacto-mujer-ucrania\/\",\"url\":\"https:\/\/ukreine.com\/es\/cambio-contacto-mujer-ucrania\/\",\"name\":\"Intercambio de contactos directos con mujeres rusas y ucranianas\",\"isPartOf\":{\"@id\":\"https:\/\/ukreine.com\/es\/#website\"},\"datePublished\":\"2017-02-10T17:37:56+00:00\",\"dateModified\":\"2026-01-14T21:23:02+00:00\",\"description\":\"\u00bfC\u00f3mo contactar directamente a mujeres rusas y ucranianas por WhatsApp, tel\u00e9fono y correo electr\u00f3nico?\",\"breadcrumb\":{\"@id\":\"https:\/\/ukreine.com\/es\/cambio-contacto-mujer-ucrania\/#breadcrumb\"},\"inLanguage\":\"es\",\"potentialAction\":[{\"@type\":\"ReadAction\",\"target\":[\"https:\/\/ukreine.com\/es\/cambio-contacto-mujer-ucrania\/\"]}]},{\"@type\":\"BreadcrumbList\",\"@id\":\"https:\/\/ukreine.com\/es\/cambio-contacto-mujer-ucrania\/#breadcrumb\",\"itemListElement\":[{\"@type\":\"ListItem\",\"position\":1,\"name\":\"Home\",\"item\":\"https:\/\/ukreine.com\/es\/\"},{\"@type\":\"ListItem\",\"position\":2,\"name\":\"Conoce a las mujeres y recibe sus contactos directos\"}]},{\"@type\":\"WebSite\",\"@id\":\"https:\/\/ukreine.com\/es\/#website\",\"url\":\"https:\/\/ukreine.com\/es\/\",\"name\":\"Ukreine\",\"description\":\"\",\"publisher\":{\"@id\":\"https:\/\/ukreine.com\/es\/#organization\"},\"potentialAction\":[{\"@type\":\"SearchAction\",\"target\":{\"@type\":\"EntryPoint\",\"urlTemplate\":\"https:\/\/ukreine.com\/es\/?s={search_term_string}\"},\"query-input\":{\"@type\":\"PropertyValueSpecification\",\"valueRequired\":true,\"valueName\":\"search_term_string\"}}],\"inLanguage\":\"es\"},{\"@type\":\"Organization\",\"@id\":\"https:\/\/ukreine.com\/es\/#organization\",\"name\":\"Ukreine\",\"url\":\"https:\/\/ukreine.com\/es\/\",\"logo\":{\"@type\":\"ImageObject\",\"inLanguage\":\"es\",\"@id\":\"https:\/\/ukreine.com\/es\/#\/schema\/logo\/image\/\",\"url\":\"https:\/\/ukreine.com\/wp-content\/uploads\/2018\/05\/logo.png\",\"contentUrl\":\"https:\/\/ukreine.com\/wp-content\/uploads\/2018\/05\/logo.png\",\"width\":325,\"height\":69,\"caption\":\"Ukreine\"},\"image\":{\"@id\":\"https:\/\/ukreine.com\/es\/#\/schema\/logo\/image\/\"},\"sameAs\":[\"https:\/\/www.facebook.com\/datingrussianbrides\/\",\"https:\/\/x.com\/t4388388833\",\"https:\/\/www.instagram.com\/agenceukreine\/\",\"https:\/\/www.pinterest.com\/dbereznyakov\/\",\"https:\/\/www.youtube.com\/channel\/UC5lMwPhy20E8Bti0mQL43UA\"]}]}<\/script>\n<!-- \/ Yoast SEO Premium plugin. -->","yoast_head_json":{"title":"Intercambio de contactos directos con mujeres rusas y ucranianas","description":"\u00bfC\u00f3mo contactar directamente a mujeres rusas y ucranianas por WhatsApp, tel\u00e9fono y correo electr\u00f3nico?","robots":{"index":"index","follow":"follow","max-snippet":"max-snippet:-1","max-image-preview":"max-image-preview:large","max-video-preview":"max-video-preview:-1"},"canonical":"https:\/\/ukreine.com\/es\/cambio-contacto-mujer-ucrania\/","og_locale":"es_ES","og_type":"article","og_title":"Conoce a las mujeres y recibe sus contactos directos","og_description":"\u00bfC\u00f3mo contactar directamente a mujeres rusas y ucranianas por WhatsApp, tel\u00e9fono y correo electr\u00f3nico?","og_url":"https:\/\/ukreine.com\/es\/cambio-contacto-mujer-ucrania\/","og_site_name":"Ukreine","article_publisher":"https:\/\/www.facebook.com\/datingrussianbrides\/","article_modified_time":"2026-01-14T21:23:02+00:00","twitter_card":"summary_large_image","twitter_site":"@t4388388833","twitter_misc":{"Tiempo de lectura":"2 minutos"},"schema":{"@context":"https:\/\/schema.org","@graph":[{"@type":"WebPage","@id":"https:\/\/ukreine.com\/es\/cambio-contacto-mujer-ucrania\/","url":"https:\/\/ukreine.com\/es\/cambio-contacto-mujer-ucrania\/","name":"Intercambio de contactos directos con mujeres rusas y ucranianas","isPartOf":{"@id":"https:\/\/ukreine.com\/es\/#website"},"datePublished":"2017-02-10T17:37:56+00:00","dateModified":"2026-01-14T21:23:02+00:00","description":"\u00bfC\u00f3mo contactar directamente a mujeres rusas y ucranianas por WhatsApp, tel\u00e9fono y correo electr\u00f3nico?","breadcrumb":{"@id":"https:\/\/ukreine.com\/es\/cambio-contacto-mujer-ucrania\/#breadcrumb"},"inLanguage":"es","potentialAction":[{"@type":"ReadAction","target":["https:\/\/ukreine.com\/es\/cambio-contacto-mujer-ucrania\/"]}]},{"@type":"BreadcrumbList","@id":"https:\/\/ukreine.com\/es\/cambio-contacto-mujer-ucrania\/#breadcrumb","itemListElement":[{"@type":"ListItem","position":1,"name":"Home","item":"https:\/\/ukreine.com\/es\/"},{"@type":"ListItem","position":2,"name":"Conoce a las mujeres y recibe sus contactos directos"}]},{"@type":"WebSite","@id":"https:\/\/ukreine.com\/es\/#website","url":"https:\/\/ukreine.com\/es\/","name":"Ukreine","description":"","publisher":{"@id":"https:\/\/ukreine.com\/es\/#organization"},"potentialAction":[{"@type":"SearchAction","target":{"@type":"EntryPoint","urlTemplate":"https:\/\/ukreine.com\/es\/?s={search_term_string}"},"query-input":{"@type":"PropertyValueSpecification","valueRequired":true,"valueName":"search_term_string"}}],"inLanguage":"es"},{"@type":"Organization","@id":"https:\/\/ukreine.com\/es\/#organization","name":"Ukreine","url":"https:\/\/ukreine.com\/es\/","logo":{"@type":"ImageObject","inLanguage":"es","@id":"https:\/\/ukreine.com\/es\/#\/schema\/logo\/image\/","url":"https:\/\/ukreine.com\/wp-content\/uploads\/2018\/05\/logo.png","contentUrl":"https:\/\/ukreine.com\/wp-content\/uploads\/2018\/05\/logo.png","width":325,"height":69,"caption":"Ukreine"},"image":{"@id":"https:\/\/ukreine.com\/es\/#\/schema\/logo\/image\/"},"sameAs":["https:\/\/www.facebook.com\/datingrussianbrides\/","https:\/\/x.com\/t4388388833","https:\/\/www.instagram.com\/agenceukreine\/","https:\/\/www.pinterest.com\/dbereznyakov\/","https:\/\/www.youtube.com\/channel\/UC5lMwPhy20E8Bti0mQL43UA"]}]}},"_links":{"self":[{"href":"https:\/\/ukreine.com\/es\/wp-json\/wp\/v2\/pages\/1029286","targetHints":{"allow":["GET"]}}],"collection":[{"href":"https:\/\/ukreine.com\/es\/wp-json\/wp\/v2\/pages"}],"about":[{"href":"https:\/\/ukreine.com\/es\/wp-json\/wp\/v2\/types\/page"}],"author":[{"embeddable":true,"href":"https:\/\/ukreine.com\/es\/wp-json\/wp\/v2\/users\/1"}],"replies":[{"embeddable":true,"href":"https:\/\/ukreine.com\/es\/wp-json\/wp\/v2\/comments?post=1029286"}],"version-history":[{"count":5,"href":"https:\/\/ukreine.com\/es\/wp-json\/wp\/v2\/pages\/1029286\/revisions"}],"predecessor-version":[{"id":1051089,"href":"https:\/\/ukreine.com\/es\/wp-json\/wp\/v2\/pages\/1029286\/revisions\/1051089"}],"wp:attachment":[{"href":"https:\/\/ukreine.com\/es\/wp-json\/wp\/v2\/media?parent=1029286"}],"curies":[{"name":"wp","href":"https:\/\/api.w.org\/{rel}","templated":true}]}}