{"id":4827,"date":"2017-02-03T08:53:50","date_gmt":"2017-02-03T08:53:50","guid":{"rendered":"http:\/\/ukreine.comrencontres-femmes-russie-et-ukraine-et-hommes-arabes-et-africains-2"},"modified":"2017-02-03T08:53:50","modified_gmt":"2017-02-03T08:53:50","slug":"rencontres-femmes-russie-et-ukraine-et-hommes-arabes-et-africains","status":"publish","type":"page","link":"https:\/\/ukreine.com\/en\/rencontres-femmes-russie-et-ukraine-et-hommes-arabes-et-africains\/","title":{"rendered":"Rencontres femmes Russie et Ukraine et hommes arabes et africains"},"content":{"rendered":"<p>Tout le monde conna\u00eet la beaut\u00e9 des femmes russes et ukrainiennes. Mais les femmes de Russie et Ukraine sont \u00e9galement bien \u00e9duqu\u00e9es, peu exigeantes et ayant des valeurs de famille traditionnelle.<\/p>\n<p>Nous offrons aux hommes arabes et africains\u00a0 sont s\u00e9rieux, sinc\u00e8res et tr\u00e8s motiv\u00e9s la possibilit\u00e9 de faire des rencontres GRATUITEMENT.<\/p>\n<p>Vous devez juste suivre le lien de Google+ que vous voyez \u00e0 cot\u00e9, vous identifier ou vous engeristrer, laissez un commentaire sur notre page Google+ et recevoir GRATUITEMENT les contacts des femmes russes et ukrainiennes.<\/p>\n<p>En plus c\u2019est une possibilit\u00e9 d\u2019immigrer dans un autre pays comme beaucoup de femmes russes avaient immigre au Qu\u00e9bec, en France, en Belgique, au Canada, en Suisse et r\u00e9sident l\u00e0-bas. L\u2019immigration dans ces pays devient alors encore plus facile.<br \/>\nNous avons fait cette s\u00e9lection des sites de rencontres gratuits, des agences matrimoniales, des agences de rencontres qui permettront un homme s\u00e9rieux alg\u00e9rien, marocain, tunisien, arabe, musulman, africain de faire une rencontre et mariage entre une belle femme russe, ukrainienne, roumaine, polonaise et autres pays de l\u2019Europe de l\u2019Est et immigrer au Quebec ou en France.<\/p>\n<p>Mariage avec une belle femme russe et immigration and un pays d\u00e9velopp\u00e9, c\u2019est bien possible pour les hommes arabes et africains de l\u2019Algerie, Maroc, Tunisie, Senegal, Cote-d-Ivoire et autres pays!!!<\/p>\n","protected":false},"excerpt":{"rendered":"<p>Tout le monde conna\u00eet la beaut\u00e9 des femmes russes et ukrainiennes. Mais les femmes de Russie et Ukraine sont \u00e9galement bien \u00e9duqu\u00e9es, peu exigeantes et ayant des valeurs de famille traditionnelle. Nous offrons aux hommes arabes et africains\u00a0 sont s\u00e9rieux, sinc\u00e8res et tr\u00e8s motiv\u00e9s la possibilit\u00e9 de faire des rencontres GRATUITEMENT. Vous devez juste suivre [&hellip;]<\/p>\n","protected":false},"author":1,"featured_media":0,"parent":0,"menu_order":0,"comment_status":"closed","ping_status":"closed","template":"","meta":{"_acf_changed":false,"footnotes":""},"class_list":["post-4827","page","type-page","status-publish","hentry"],"acf":[],"yoast_head":"<!-- This site is optimized with the Yoast SEO Premium plugin v25.5 (Yoast SEO v27.2) - https:\/\/yoast.com\/product\/yoast-seo-premium-wordpress\/ -->\n<title>Rencontres femmes Russie et Ukraine et hommes arabes et africains - Ukreine<\/title>\n<meta name=\"robots\" content=\"index, follow, max-snippet:-1, max-image-preview:large, max-video-preview:-1\" \/>\n<link rel=\"canonical\" href=\"https:\/\/ukreine.com\/en\/rencontres-femmes-russie-et-ukraine-et-hommes-arabes-et-africains\/\" \/>\n<meta property=\"og:locale\" content=\"en_US\" \/>\n<meta property=\"og:type\" content=\"article\" \/>\n<meta property=\"og:title\" content=\"Rencontres femmes Russie et Ukraine et hommes arabes et africains\" \/>\n<meta property=\"og:description\" content=\"Tout le monde conna\u00eet la beaut\u00e9 des femmes russes et ukrainiennes. Mais les femmes de Russie et Ukraine sont \u00e9galement bien \u00e9duqu\u00e9es, peu exigeantes et ayant des valeurs de famille traditionnelle. Nous offrons aux hommes arabes et africains\u00a0 sont s\u00e9rieux, sinc\u00e8res et tr\u00e8s motiv\u00e9s la possibilit\u00e9 de faire des rencontres GRATUITEMENT. Vous devez juste suivre [&hellip;]\" \/>\n<meta property=\"og:url\" content=\"https:\/\/ukreine.com\/en\/rencontres-femmes-russie-et-ukraine-et-hommes-arabes-et-africains\/\" \/>\n<meta property=\"og:site_name\" content=\"Ukreine\" \/>\n<meta property=\"article:publisher\" content=\"https:\/\/www.facebook.com\/datingrussianbrides\/\" \/>\n<meta name=\"twitter:card\" content=\"summary_large_image\" \/>\n<meta name=\"twitter:site\" content=\"@t4388388833\" \/>\n<meta name=\"twitter:label1\" content=\"Est. reading time\" \/>\n\t<meta name=\"twitter:data1\" content=\"1 minute\" \/>\n<script type=\"application\/ld+json\" class=\"yoast-schema-graph\">{\"@context\":\"https:\/\/schema.org\",\"@graph\":[{\"@type\":\"WebPage\",\"@id\":\"https:\/\/ukreine.com\/en\/rencontres-femmes-russie-et-ukraine-et-hommes-arabes-et-africains\/\",\"url\":\"https:\/\/ukreine.com\/en\/rencontres-femmes-russie-et-ukraine-et-hommes-arabes-et-africains\/\",\"name\":\"Rencontres femmes Russie et Ukraine et hommes arabes et africains - Ukreine\",\"isPartOf\":{\"@id\":\"https:\/\/ukreine.com\/en\/#website\"},\"datePublished\":\"2017-02-03T08:53:50+00:00\",\"breadcrumb\":{\"@id\":\"https:\/\/ukreine.com\/en\/rencontres-femmes-russie-et-ukraine-et-hommes-arabes-et-africains\/#breadcrumb\"},\"inLanguage\":\"en-US\",\"potentialAction\":[{\"@type\":\"ReadAction\",\"target\":[\"https:\/\/ukreine.com\/en\/rencontres-femmes-russie-et-ukraine-et-hommes-arabes-et-africains\/\"]}]},{\"@type\":\"BreadcrumbList\",\"@id\":\"https:\/\/ukreine.com\/en\/rencontres-femmes-russie-et-ukraine-et-hommes-arabes-et-africains\/#breadcrumb\",\"itemListElement\":[{\"@type\":\"ListItem\",\"position\":1,\"name\":\"Home\",\"item\":\"https:\/\/ukreine.com\/en\/\"},{\"@type\":\"ListItem\",\"position\":2,\"name\":\"Rencontres femmes Russie et Ukraine et hommes arabes et africains\"}]},{\"@type\":\"WebSite\",\"@id\":\"https:\/\/ukreine.com\/en\/#website\",\"url\":\"https:\/\/ukreine.com\/en\/\",\"name\":\"Ukreine\",\"description\":\"\",\"publisher\":{\"@id\":\"https:\/\/ukreine.com\/en\/#organization\"},\"potentialAction\":[{\"@type\":\"SearchAction\",\"target\":{\"@type\":\"EntryPoint\",\"urlTemplate\":\"https:\/\/ukreine.com\/en\/?s={search_term_string}\"},\"query-input\":{\"@type\":\"PropertyValueSpecification\",\"valueRequired\":true,\"valueName\":\"search_term_string\"}}],\"inLanguage\":\"en-US\"},{\"@type\":\"Organization\",\"@id\":\"https:\/\/ukreine.com\/en\/#organization\",\"name\":\"Ukreine\",\"url\":\"https:\/\/ukreine.com\/en\/\",\"logo\":{\"@type\":\"ImageObject\",\"inLanguage\":\"en-US\",\"@id\":\"https:\/\/ukreine.com\/en\/#\/schema\/logo\/image\/\",\"url\":\"https:\/\/ukreine.com\/wp-content\/uploads\/2018\/05\/logo.png\",\"contentUrl\":\"https:\/\/ukreine.com\/wp-content\/uploads\/2018\/05\/logo.png\",\"width\":325,\"height\":69,\"caption\":\"Ukreine\"},\"image\":{\"@id\":\"https:\/\/ukreine.com\/en\/#\/schema\/logo\/image\/\"},\"sameAs\":[\"https:\/\/www.facebook.com\/datingrussianbrides\/\",\"https:\/\/x.com\/t4388388833\",\"https:\/\/www.instagram.com\/agenceukreine\/\",\"https:\/\/www.pinterest.com\/dbereznyakov\/\",\"https:\/\/www.youtube.com\/channel\/UC5lMwPhy20E8Bti0mQL43UA\"]}]}<\/script>\n<!-- \/ Yoast SEO Premium plugin. -->","yoast_head_json":{"title":"Rencontres femmes Russie et Ukraine et hommes arabes et africains - Ukreine","robots":{"index":"index","follow":"follow","max-snippet":"max-snippet:-1","max-image-preview":"max-image-preview:large","max-video-preview":"max-video-preview:-1"},"canonical":"https:\/\/ukreine.com\/en\/rencontres-femmes-russie-et-ukraine-et-hommes-arabes-et-africains\/","og_locale":"en_US","og_type":"article","og_title":"Rencontres femmes Russie et Ukraine et hommes arabes et africains","og_description":"Tout le monde conna\u00eet la beaut\u00e9 des femmes russes et ukrainiennes. Mais les femmes de Russie et Ukraine sont \u00e9galement bien \u00e9duqu\u00e9es, peu exigeantes et ayant des valeurs de famille traditionnelle. Nous offrons aux hommes arabes et africains\u00a0 sont s\u00e9rieux, sinc\u00e8res et tr\u00e8s motiv\u00e9s la possibilit\u00e9 de faire des rencontres GRATUITEMENT. Vous devez juste suivre [&hellip;]","og_url":"https:\/\/ukreine.com\/en\/rencontres-femmes-russie-et-ukraine-et-hommes-arabes-et-africains\/","og_site_name":"Ukreine","article_publisher":"https:\/\/www.facebook.com\/datingrussianbrides\/","twitter_card":"summary_large_image","twitter_site":"@t4388388833","twitter_misc":{"Est. reading time":"1 minute"},"schema":{"@context":"https:\/\/schema.org","@graph":[{"@type":"WebPage","@id":"https:\/\/ukreine.com\/en\/rencontres-femmes-russie-et-ukraine-et-hommes-arabes-et-africains\/","url":"https:\/\/ukreine.com\/en\/rencontres-femmes-russie-et-ukraine-et-hommes-arabes-et-africains\/","name":"Rencontres femmes Russie et Ukraine et hommes arabes et africains - Ukreine","isPartOf":{"@id":"https:\/\/ukreine.com\/en\/#website"},"datePublished":"2017-02-03T08:53:50+00:00","breadcrumb":{"@id":"https:\/\/ukreine.com\/en\/rencontres-femmes-russie-et-ukraine-et-hommes-arabes-et-africains\/#breadcrumb"},"inLanguage":"en-US","potentialAction":[{"@type":"ReadAction","target":["https:\/\/ukreine.com\/en\/rencontres-femmes-russie-et-ukraine-et-hommes-arabes-et-africains\/"]}]},{"@type":"BreadcrumbList","@id":"https:\/\/ukreine.com\/en\/rencontres-femmes-russie-et-ukraine-et-hommes-arabes-et-africains\/#breadcrumb","itemListElement":[{"@type":"ListItem","position":1,"name":"Home","item":"https:\/\/ukreine.com\/en\/"},{"@type":"ListItem","position":2,"name":"Rencontres femmes Russie et Ukraine et hommes arabes et africains"}]},{"@type":"WebSite","@id":"https:\/\/ukreine.com\/en\/#website","url":"https:\/\/ukreine.com\/en\/","name":"Ukreine","description":"","publisher":{"@id":"https:\/\/ukreine.com\/en\/#organization"},"potentialAction":[{"@type":"SearchAction","target":{"@type":"EntryPoint","urlTemplate":"https:\/\/ukreine.com\/en\/?s={search_term_string}"},"query-input":{"@type":"PropertyValueSpecification","valueRequired":true,"valueName":"search_term_string"}}],"inLanguage":"en-US"},{"@type":"Organization","@id":"https:\/\/ukreine.com\/en\/#organization","name":"Ukreine","url":"https:\/\/ukreine.com\/en\/","logo":{"@type":"ImageObject","inLanguage":"en-US","@id":"https:\/\/ukreine.com\/en\/#\/schema\/logo\/image\/","url":"https:\/\/ukreine.com\/wp-content\/uploads\/2018\/05\/logo.png","contentUrl":"https:\/\/ukreine.com\/wp-content\/uploads\/2018\/05\/logo.png","width":325,"height":69,"caption":"Ukreine"},"image":{"@id":"https:\/\/ukreine.com\/en\/#\/schema\/logo\/image\/"},"sameAs":["https:\/\/www.facebook.com\/datingrussianbrides\/","https:\/\/x.com\/t4388388833","https:\/\/www.instagram.com\/agenceukreine\/","https:\/\/www.pinterest.com\/dbereznyakov\/","https:\/\/www.youtube.com\/channel\/UC5lMwPhy20E8Bti0mQL43UA"]}]}},"_links":{"self":[{"href":"https:\/\/ukreine.com\/en\/wp-json\/wp\/v2\/pages\/4827","targetHints":{"allow":["GET"]}}],"collection":[{"href":"https:\/\/ukreine.com\/en\/wp-json\/wp\/v2\/pages"}],"about":[{"href":"https:\/\/ukreine.com\/en\/wp-json\/wp\/v2\/types\/page"}],"author":[{"embeddable":true,"href":"https:\/\/ukreine.com\/en\/wp-json\/wp\/v2\/users\/1"}],"replies":[{"embeddable":true,"href":"https:\/\/ukreine.com\/en\/wp-json\/wp\/v2\/comments?post=4827"}],"version-history":[{"count":0,"href":"https:\/\/ukreine.com\/en\/wp-json\/wp\/v2\/pages\/4827\/revisions"}],"wp:attachment":[{"href":"https:\/\/ukreine.com\/en\/wp-json\/wp\/v2\/media?parent=4827"}],"curies":[{"name":"wp","href":"https:\/\/api.w.org\/{rel}","templated":true}]}}