{"id":11816,"date":"2022-02-24T12:44:11","date_gmt":"2022-02-24T12:44:11","guid":{"rendered":"https:\/\/ukreine.com\/image-des-hommes-francais-aupres-des-femmes-russes-et-ukrainiennes-2"},"modified":"2022-07-26T16:51:05","modified_gmt":"2022-07-26T16:51:05","slug":"image-des-hommes-francais-aupres-des-femmes-russes-et-ukrainiennes","status":"publish","type":"page","link":"https:\/\/ukreine.com\/en\/image-des-hommes-francais-aupres-des-femmes-russes-et-ukrainiennes\/","title":{"rendered":"Image des hommes fran\u00e7ais aupr\u00e8s des femmes russes et ukrainiennes"},"content":{"rendered":"<p>Savez-vous ce que les\u00a0<strong>belles filles ukrainiennes<\/strong>\u00a0pensent des hommes \u00e9trangers? Les\u00a0<strong>belles filles ukrainiennes<\/strong>\u00a0ont toujours leur propre opinion sur l\u2019image des hommes \u00e9trangers, c&#8217;est pourquoi dans cet article nous parlerons de l&#8217;opinion des belles filles en Ukraine sur les hommes \u00e9trangers.\u00a0<strong>Belles femmes ukrainiennes<\/strong>: pr\u00e9f\u00e8rent-elles les hommes \u00e9trangers?<\/p>\n<p>Les fran\u00e7ais ne sont pas persistants ou obsessionnels<\/p>\n<p>Si la fille dit &#8220;non&#8221;, alors l&#8217;homme souhaite une bonne journ\u00e9e et se retire avec un sourire, sans aucune insulte ou m\u00e9contentement. Pas comme en Ukraine)<\/p>\n<p>Les fran\u00e7ais sont \u00e9l\u00e9gants<\/p>\n<p>Le style d&#8217;un Fran\u00e7ais typique d\u00e9pend de la r\u00e9gion de r\u00e9sidence &#8211; \u00e0 Paris, les hommes pr\u00e9f\u00e8rent les v\u00eatements de grandes marques, mais sans \u00e9tiquettes accrocheuses, ils adorent les chaussures &#8211; les filles peuvent m\u00eame envier la collection de baskets et chaussures d&#8217;un Parisien typique.<\/p>\n<p>Les fran\u00e7ais sont galants<\/p>\n<p>Les Fran\u00e7ais aiment faire des compliments et faire attention, m\u00eame si cela ne veut rien dire &#8211; il voulait juste passer du bon temps avec la fille ou la rendre heureuse.<\/p>\n<p>Fid\u00e9lit\u00e9<\/p>\n<p>Je peux dire que les Fran\u00e7ais sont plus fid\u00e8les aux femmes. Leur jalousie ne se transforme pas en querelles avec lancer de valises \u00e0 travers le balcon.<\/p>\n<p>Pas ind\u00e9pendants<\/p>\n<p>Ce n&#8217;est qu&#8217;\u00e0 l&#8217;\u00e2ge de 30 ans que la plupart des Fran\u00e7ais commencent \u00e0 travailler et \u00e0 gagner leur premier salaire, mais ils d\u00e9pendent toujours de leurs parents.<\/p>\n<p>Avides, scrupuleux<\/p>\n<p>Si aux premi\u00e8res rencontres un macho fran\u00e7ais peut acheter \u00e0 une fille un cocktail et l&#8217;emmener au souper, alors il peut demander cat\u00e9goriquement de le payer dans un supermarch\u00e9, un taxi, lui acheter de la glace, lui demander de payer 50\/50 etc. Beaucoup ont \u00e9t\u00e9 mari\u00e9s pendant tant d&#8217;ann\u00e9es, quand chacun est pour lui-m\u00eame. M\u00eame en voyage, en r\u00e8gle g\u00e9n\u00e9rale, ils vont 50\/50.<\/p>\n<p>Phrases typiques: Nous payons \u00e0 tour de r\u00f4le ou paye celui qui invite.<\/p>\n<p>\u00c9viter les probl\u00e8mes<\/p>\n<p>Beaucoup d&#8217;entre eux ont un &#8220;pas mon probl\u00e8me, cela signifie que je peux m\u2019enfuir et ne rien faire&#8221; mode.<\/p>\n<p>Les Fran\u00e7ais ne sont PAS romantiques!<\/p>\n<p>Romance fran\u00e7aise est suffisante, sauf pour d\u00eener dans un restaurant, o\u00f9 tout le monde va payer pour lui-m\u00eame et les compliments banals. Fondamentalement, toute la romance dans est dans \u00ab\u00a0le langage de l&#8217;amour\u00a0\u00bb.<\/p>\n<p>&nbsp;<\/p>\n<p>Les Fran\u00e7ais ont besoin d&#8217;une femme forte<\/p>\n<p>ils veulent qu&#8217;une femme gagne avec eux sur un pied d&#8217;\u00e9galit\u00e9, en remplissant, sans gaspiller, le budget global.<\/p>\n<p>&nbsp;<\/p>\n<p>Pr\u00e9parez-vous \u00e0 de fr\u00e9quents \u00abg\u00e9missements\u00bb et \u00e0 des murmures, puisque chaque Fran\u00e7ais se consid\u00e8re comme un g\u00e9nie m\u00e9connu et exige une attention accrue \u00e0 sa personne &#8211; votre, naturellement, en premier lieu!<\/p>\n<p>Le Fran\u00e7ais est le m\u00eame enfant capricieux)<\/p>\n<p>&nbsp;<\/p>\n<p>Les Fran\u00e7ais sont vindicatifs<\/p>\n<p>&nbsp;<\/p>\n<p>Les Fran\u00e7ais dans quelques circonstances sont capables de vengeance. Ainsi, en cas de divorce, le Fran\u00e7ais s&#8217;occupera non seulement de la r\u00e9partition des biens, mais fera tout son possible pour d\u00e9livrer aux anciennes passions autant de probl\u00e8mes et d&#8217;inconv\u00e9nients que possible. Il vous montrera une liste de tous les cadeaux de No\u00ebl pour que vous les remboursiez.<\/p>\n<p>&nbsp;<\/p>\n<p>De quoi parler?<\/p>\n<p>&nbsp;<\/p>\n<p>Un homme-fran\u00e7ais est assez sans pr\u00e9tention dans le choix de son interlocuteur et est pr\u00eat \u00e0 passer des heures sur des sujets de tous les jours.<\/p>\n<p>Cependant, je note que la conversation avec le Fran\u00e7ais restera superficielle.<\/p>\n<p>&nbsp;<\/p>\n<p>\u2714 Fran\u00e7ais typique &#8211; amical et poli. Ceci, bien s\u00fbr, ne signifie pas qu&#8217;ils le resteront dans n&#8217;importe quelles circonstances.<\/p>\n<p>\u2714 Fran\u00e7ais &#8211; ils peuvent \u00eatre beaux et souvent, &#8211; sont naturellement majestueux.<\/p>\n<p>\u2714 Les fran\u00e7ais aiment les enfants et peuvent passer du temps avec eux.<\/p>\n<p>\u2714 Les Fran\u00e7ais prennent la vie facilement et savent &#8220;profiter&#8221; de chaque moment agr\u00e9able.<\/p>\n<p>\u2714 Les Fran\u00e7ais sont plus doux \u00e0 la maison, ce qui emp\u00eache \u00e0 la plupart des conflits.<\/p>\n<p>\u2714 Fran\u00e7ais &#8211; n\u2019abusent pas de l&#8217;alcool. Ce point est particuli\u00e8rement pertinent pour les femmes slaves.<\/p>\n","protected":false},"excerpt":{"rendered":"<p>Savez-vous ce que les\u00a0belles filles ukrainiennes\u00a0pensent des hommes \u00e9trangers? Les\u00a0belles filles ukrainiennes\u00a0ont toujours leur propre opinion sur l\u2019image des hommes \u00e9trangers, c&#8217;est pourquoi dans cet article nous parlerons de l&#8217;opinion des belles filles en Ukraine sur les hommes \u00e9trangers.\u00a0Belles femmes ukrainiennes: pr\u00e9f\u00e8rent-elles les hommes \u00e9trangers? Les fran\u00e7ais ne sont pas persistants ou obsessionnels Si la [&hellip;]<\/p>\n","protected":false},"author":1,"featured_media":30542,"parent":0,"menu_order":0,"comment_status":"closed","ping_status":"closed","template":"","meta":{"_acf_changed":false,"footnotes":""},"class_list":["post-11816","page","type-page","status-publish","has-post-thumbnail","hentry"],"acf":[],"yoast_head":"<!-- This site is optimized with the Yoast SEO Premium plugin v25.5 (Yoast SEO v27.2) - https:\/\/yoast.com\/product\/yoast-seo-premium-wordpress\/ -->\n<title>Image des hommes fran\u00e7ais aupr\u00e8s des femmes russes et ukrainiennes<\/title>\n<meta name=\"description\" content=\"Image des hommes fran\u00e7ais aupr\u00e8s des belles femmes russes et ukrainiennes souhaitant faire connaissance d&#039;un \u00e9tranger pour mariage\" \/>\n<meta name=\"robots\" content=\"index, follow, max-snippet:-1, max-image-preview:large, max-video-preview:-1\" \/>\n<link rel=\"canonical\" href=\"https:\/\/ukreine.com\/en\/image-des-hommes-francais-aupres-des-femmes-russes-et-ukrainiennes\/\" \/>\n<meta property=\"og:locale\" content=\"en_US\" \/>\n<meta property=\"og:type\" content=\"article\" \/>\n<meta property=\"og:title\" content=\"Image des hommes fran\u00e7ais aupr\u00e8s des femmes russes et ukrainiennes\" \/>\n<meta property=\"og:description\" content=\"Image des hommes fran\u00e7ais aupr\u00e8s des belles femmes russes et ukrainiennes souhaitant faire connaissance d&#039;un \u00e9tranger pour mariage\" \/>\n<meta property=\"og:url\" content=\"https:\/\/ukreine.com\/en\/image-des-hommes-francais-aupres-des-femmes-russes-et-ukrainiennes\/\" \/>\n<meta property=\"og:site_name\" content=\"Ukreine\" \/>\n<meta property=\"article:publisher\" content=\"https:\/\/www.facebook.com\/datingrussianbrides\/\" \/>\n<meta property=\"article:modified_time\" content=\"2022-07-26T16:51:05+00:00\" \/>\n<meta property=\"og:image\" content=\"https:\/\/ukreine.com\/wp-content\/uploads\/2018\/04\/il-zhelanie-zhenshhinyi-zakon-poka-zhelanie-muzhchinyi-zhenshhina.jpg\" \/>\n\t<meta property=\"og:image:width\" content=\"590\" \/>\n\t<meta property=\"og:image:height\" content=\"336\" \/>\n\t<meta property=\"og:image:type\" content=\"image\/jpeg\" \/>\n<meta name=\"twitter:card\" content=\"summary_large_image\" \/>\n<meta name=\"twitter:site\" content=\"@t4388388833\" \/>\n<meta name=\"twitter:label1\" content=\"Est. reading time\" \/>\n\t<meta name=\"twitter:data1\" content=\"3 minutes\" \/>\n<script type=\"application\/ld+json\" class=\"yoast-schema-graph\">{\"@context\":\"https:\/\/schema.org\",\"@graph\":[{\"@type\":\"WebPage\",\"@id\":\"https:\/\/ukreine.com\/en\/image-des-hommes-francais-aupres-des-femmes-russes-et-ukrainiennes\/\",\"url\":\"https:\/\/ukreine.com\/en\/image-des-hommes-francais-aupres-des-femmes-russes-et-ukrainiennes\/\",\"name\":\"Image des hommes fran\u00e7ais aupr\u00e8s des femmes russes et ukrainiennes\",\"isPartOf\":{\"@id\":\"https:\/\/ukreine.com\/en\/#website\"},\"primaryImageOfPage\":{\"@id\":\"https:\/\/ukreine.com\/en\/image-des-hommes-francais-aupres-des-femmes-russes-et-ukrainiennes\/#primaryimage\"},\"image\":{\"@id\":\"https:\/\/ukreine.com\/en\/image-des-hommes-francais-aupres-des-femmes-russes-et-ukrainiennes\/#primaryimage\"},\"thumbnailUrl\":\"https:\/\/ukreine.com\/wp-content\/uploads\/2018\/04\/il-zhelanie-zhenshhinyi-zakon-poka-zhelanie-muzhchinyi-zhenshhina.jpg\",\"datePublished\":\"2022-02-24T12:44:11+00:00\",\"dateModified\":\"2022-07-26T16:51:05+00:00\",\"description\":\"Image des hommes fran\u00e7ais aupr\u00e8s des belles femmes russes et ukrainiennes souhaitant faire connaissance d'un \u00e9tranger pour mariage\",\"breadcrumb\":{\"@id\":\"https:\/\/ukreine.com\/en\/image-des-hommes-francais-aupres-des-femmes-russes-et-ukrainiennes\/#breadcrumb\"},\"inLanguage\":\"en-US\",\"potentialAction\":[{\"@type\":\"ReadAction\",\"target\":[\"https:\/\/ukreine.com\/en\/image-des-hommes-francais-aupres-des-femmes-russes-et-ukrainiennes\/\"]}]},{\"@type\":\"ImageObject\",\"inLanguage\":\"en-US\",\"@id\":\"https:\/\/ukreine.com\/en\/image-des-hommes-francais-aupres-des-femmes-russes-et-ukrainiennes\/#primaryimage\",\"url\":\"https:\/\/ukreine.com\/wp-content\/uploads\/2018\/04\/il-zhelanie-zhenshhinyi-zakon-poka-zhelanie-muzhchinyi-zhenshhina.jpg\",\"contentUrl\":\"https:\/\/ukreine.com\/wp-content\/uploads\/2018\/04\/il-zhelanie-zhenshhinyi-zakon-poka-zhelanie-muzhchinyi-zhenshhina.jpg\",\"width\":590,\"height\":336},{\"@type\":\"BreadcrumbList\",\"@id\":\"https:\/\/ukreine.com\/en\/image-des-hommes-francais-aupres-des-femmes-russes-et-ukrainiennes\/#breadcrumb\",\"itemListElement\":[{\"@type\":\"ListItem\",\"position\":1,\"name\":\"Home\",\"item\":\"https:\/\/ukreine.com\/en\/\"},{\"@type\":\"ListItem\",\"position\":2,\"name\":\"Image des hommes fran\u00e7ais aupr\u00e8s des femmes russes et ukrainiennes\"}]},{\"@type\":\"WebSite\",\"@id\":\"https:\/\/ukreine.com\/en\/#website\",\"url\":\"https:\/\/ukreine.com\/en\/\",\"name\":\"Ukreine\",\"description\":\"\",\"publisher\":{\"@id\":\"https:\/\/ukreine.com\/en\/#organization\"},\"potentialAction\":[{\"@type\":\"SearchAction\",\"target\":{\"@type\":\"EntryPoint\",\"urlTemplate\":\"https:\/\/ukreine.com\/en\/?s={search_term_string}\"},\"query-input\":{\"@type\":\"PropertyValueSpecification\",\"valueRequired\":true,\"valueName\":\"search_term_string\"}}],\"inLanguage\":\"en-US\"},{\"@type\":\"Organization\",\"@id\":\"https:\/\/ukreine.com\/en\/#organization\",\"name\":\"Ukreine\",\"url\":\"https:\/\/ukreine.com\/en\/\",\"logo\":{\"@type\":\"ImageObject\",\"inLanguage\":\"en-US\",\"@id\":\"https:\/\/ukreine.com\/en\/#\/schema\/logo\/image\/\",\"url\":\"https:\/\/ukreine.com\/wp-content\/uploads\/2018\/05\/logo.png\",\"contentUrl\":\"https:\/\/ukreine.com\/wp-content\/uploads\/2018\/05\/logo.png\",\"width\":325,\"height\":69,\"caption\":\"Ukreine\"},\"image\":{\"@id\":\"https:\/\/ukreine.com\/en\/#\/schema\/logo\/image\/\"},\"sameAs\":[\"https:\/\/www.facebook.com\/datingrussianbrides\/\",\"https:\/\/x.com\/t4388388833\",\"https:\/\/www.instagram.com\/agenceukreine\/\",\"https:\/\/www.pinterest.com\/dbereznyakov\/\",\"https:\/\/www.youtube.com\/channel\/UC5lMwPhy20E8Bti0mQL43UA\"]}]}<\/script>\n<!-- \/ Yoast SEO Premium plugin. -->","yoast_head_json":{"title":"Image des hommes fran\u00e7ais aupr\u00e8s des femmes russes et ukrainiennes","description":"Image des hommes fran\u00e7ais aupr\u00e8s des belles femmes russes et ukrainiennes souhaitant faire connaissance d'un \u00e9tranger pour mariage","robots":{"index":"index","follow":"follow","max-snippet":"max-snippet:-1","max-image-preview":"max-image-preview:large","max-video-preview":"max-video-preview:-1"},"canonical":"https:\/\/ukreine.com\/en\/image-des-hommes-francais-aupres-des-femmes-russes-et-ukrainiennes\/","og_locale":"en_US","og_type":"article","og_title":"Image des hommes fran\u00e7ais aupr\u00e8s des femmes russes et ukrainiennes","og_description":"Image des hommes fran\u00e7ais aupr\u00e8s des belles femmes russes et ukrainiennes souhaitant faire connaissance d'un \u00e9tranger pour mariage","og_url":"https:\/\/ukreine.com\/en\/image-des-hommes-francais-aupres-des-femmes-russes-et-ukrainiennes\/","og_site_name":"Ukreine","article_publisher":"https:\/\/www.facebook.com\/datingrussianbrides\/","article_modified_time":"2022-07-26T16:51:05+00:00","og_image":[{"width":590,"height":336,"url":"https:\/\/ukreine.com\/wp-content\/uploads\/2018\/04\/il-zhelanie-zhenshhinyi-zakon-poka-zhelanie-muzhchinyi-zhenshhina.jpg","type":"image\/jpeg"}],"twitter_card":"summary_large_image","twitter_site":"@t4388388833","twitter_misc":{"Est. reading time":"3 minutes"},"schema":{"@context":"https:\/\/schema.org","@graph":[{"@type":"WebPage","@id":"https:\/\/ukreine.com\/en\/image-des-hommes-francais-aupres-des-femmes-russes-et-ukrainiennes\/","url":"https:\/\/ukreine.com\/en\/image-des-hommes-francais-aupres-des-femmes-russes-et-ukrainiennes\/","name":"Image des hommes fran\u00e7ais aupr\u00e8s des femmes russes et ukrainiennes","isPartOf":{"@id":"https:\/\/ukreine.com\/en\/#website"},"primaryImageOfPage":{"@id":"https:\/\/ukreine.com\/en\/image-des-hommes-francais-aupres-des-femmes-russes-et-ukrainiennes\/#primaryimage"},"image":{"@id":"https:\/\/ukreine.com\/en\/image-des-hommes-francais-aupres-des-femmes-russes-et-ukrainiennes\/#primaryimage"},"thumbnailUrl":"https:\/\/ukreine.com\/wp-content\/uploads\/2018\/04\/il-zhelanie-zhenshhinyi-zakon-poka-zhelanie-muzhchinyi-zhenshhina.jpg","datePublished":"2022-02-24T12:44:11+00:00","dateModified":"2022-07-26T16:51:05+00:00","description":"Image des hommes fran\u00e7ais aupr\u00e8s des belles femmes russes et ukrainiennes souhaitant faire connaissance d'un \u00e9tranger pour mariage","breadcrumb":{"@id":"https:\/\/ukreine.com\/en\/image-des-hommes-francais-aupres-des-femmes-russes-et-ukrainiennes\/#breadcrumb"},"inLanguage":"en-US","potentialAction":[{"@type":"ReadAction","target":["https:\/\/ukreine.com\/en\/image-des-hommes-francais-aupres-des-femmes-russes-et-ukrainiennes\/"]}]},{"@type":"ImageObject","inLanguage":"en-US","@id":"https:\/\/ukreine.com\/en\/image-des-hommes-francais-aupres-des-femmes-russes-et-ukrainiennes\/#primaryimage","url":"https:\/\/ukreine.com\/wp-content\/uploads\/2018\/04\/il-zhelanie-zhenshhinyi-zakon-poka-zhelanie-muzhchinyi-zhenshhina.jpg","contentUrl":"https:\/\/ukreine.com\/wp-content\/uploads\/2018\/04\/il-zhelanie-zhenshhinyi-zakon-poka-zhelanie-muzhchinyi-zhenshhina.jpg","width":590,"height":336},{"@type":"BreadcrumbList","@id":"https:\/\/ukreine.com\/en\/image-des-hommes-francais-aupres-des-femmes-russes-et-ukrainiennes\/#breadcrumb","itemListElement":[{"@type":"ListItem","position":1,"name":"Home","item":"https:\/\/ukreine.com\/en\/"},{"@type":"ListItem","position":2,"name":"Image des hommes fran\u00e7ais aupr\u00e8s des femmes russes et ukrainiennes"}]},{"@type":"WebSite","@id":"https:\/\/ukreine.com\/en\/#website","url":"https:\/\/ukreine.com\/en\/","name":"Ukreine","description":"","publisher":{"@id":"https:\/\/ukreine.com\/en\/#organization"},"potentialAction":[{"@type":"SearchAction","target":{"@type":"EntryPoint","urlTemplate":"https:\/\/ukreine.com\/en\/?s={search_term_string}"},"query-input":{"@type":"PropertyValueSpecification","valueRequired":true,"valueName":"search_term_string"}}],"inLanguage":"en-US"},{"@type":"Organization","@id":"https:\/\/ukreine.com\/en\/#organization","name":"Ukreine","url":"https:\/\/ukreine.com\/en\/","logo":{"@type":"ImageObject","inLanguage":"en-US","@id":"https:\/\/ukreine.com\/en\/#\/schema\/logo\/image\/","url":"https:\/\/ukreine.com\/wp-content\/uploads\/2018\/05\/logo.png","contentUrl":"https:\/\/ukreine.com\/wp-content\/uploads\/2018\/05\/logo.png","width":325,"height":69,"caption":"Ukreine"},"image":{"@id":"https:\/\/ukreine.com\/en\/#\/schema\/logo\/image\/"},"sameAs":["https:\/\/www.facebook.com\/datingrussianbrides\/","https:\/\/x.com\/t4388388833","https:\/\/www.instagram.com\/agenceukreine\/","https:\/\/www.pinterest.com\/dbereznyakov\/","https:\/\/www.youtube.com\/channel\/UC5lMwPhy20E8Bti0mQL43UA"]}]}},"_links":{"self":[{"href":"https:\/\/ukreine.com\/en\/wp-json\/wp\/v2\/pages\/11816","targetHints":{"allow":["GET"]}}],"collection":[{"href":"https:\/\/ukreine.com\/en\/wp-json\/wp\/v2\/pages"}],"about":[{"href":"https:\/\/ukreine.com\/en\/wp-json\/wp\/v2\/types\/page"}],"author":[{"embeddable":true,"href":"https:\/\/ukreine.com\/en\/wp-json\/wp\/v2\/users\/1"}],"replies":[{"embeddable":true,"href":"https:\/\/ukreine.com\/en\/wp-json\/wp\/v2\/comments?post=11816"}],"version-history":[{"count":0,"href":"https:\/\/ukreine.com\/en\/wp-json\/wp\/v2\/pages\/11816\/revisions"}],"wp:featuredmedia":[{"embeddable":true,"href":"https:\/\/ukreine.com\/en\/wp-json\/wp\/v2\/media\/30542"}],"wp:attachment":[{"href":"https:\/\/ukreine.com\/en\/wp-json\/wp\/v2\/media?parent=11816"}],"curies":[{"name":"wp","href":"https:\/\/api.w.org\/{rel}","templated":true}]}}