{"id":265570,"date":"2020-03-28T20:13:23","date_gmt":"2020-03-28T20:13:23","guid":{"rendered":"https:\/\/ukreine.com\/?page_id=265570"},"modified":"2025-02-25T18:17:42","modified_gmt":"2025-02-25T18:17:42","slug":"ueber-unsere-partnervermittlungs-und-heiratsagentur","status":"publish","type":"page","link":"https:\/\/ukreine.com\/de\/ueber-unsere-partnervermittlungs-und-heiratsagentur\/","title":{"rendered":"\u00dcber unsere Partnervermittlungs- und Heiratsagentur"},"content":{"rendered":"<h3>Wo befindet sich die Dating &amp; Ehe-Agentur?<\/h3>\n<p>&nbsp;<\/p>\n<p>Wir haben 3 B\u00fcros:<\/p>\n<p>Das Hauptb\u00fcro unserer Partnervermittlung befindet sich in Montreal und deckt die USA und Kanada ab.<\/p>\n<p>Unser franz\u00f6sisches B\u00fcro befindet sich in der Region Paris und deckt ganz Westeuropa ab.<\/p>\n<p>Das ukrainische B\u00fcro befindet sich in Charkiw (2. ukrainische Stadt nach Kiew, fast 2 Millionen Einwohner, 3. Universit\u00e4tszentren der ehemaligen UdSSR), so dass alle Br\u00e4ute pers\u00f6nlich in unser B\u00fcro kommen. Wir arbeiten nicht mit lokalen Partnervermittlungsagenturen zusammen!!!<\/p>\n<p>&nbsp;<\/p>\n<p>&nbsp;<\/p>\n<h3>Wann wurde Ihre Agentur gegr\u00fcndet?<\/h3>\n<p>&nbsp;<\/p>\n<p>Unser erstes B\u00fcro wurde 1998 er\u00f6ffnet. Damals waren wir die erste und einzige Partnervermittlungs- und Heiratsagentur, die sich auf Treffen zwischen franz\u00f6sischsprachigen M\u00e4nnern aus Frankreich, der Schweiz, Belgien und Quebec und sch\u00f6nen ukrainischen Frauen f\u00fcr die Ehe spezialisiert hatte.<\/p>\n<p>&nbsp;<\/p>\n<p>Einige Jahre sp\u00e4ter begannen wir mit englischsprachigen Kunden zu arbeiten, und viele M\u00e4nner, die bei Google nach &#8211; russische Frauen f\u00fcr Partnersuche und Heirat, russische Br\u00e4ute, die heiraten wollen, und alleinstehende ukrainische M\u00e4dchen suchten, fanden unsere Website der Partnervermittlung.<\/p>\n<p>&nbsp;<\/p>\n<p>In 20 Jahren haben sich viele Dinge ge\u00e4ndert&#8230; wir sind zu einer der erfahrensten Agenturen mit einer au\u00dfergew\u00f6hnlichen Erfolgsrate geworden&#8230; aber wir sehen jetzt neben uns zahlreiche Dating-Sites und Ehevermittlungsagenturen in den USA, Kanada, Europa, der Ukraine und Russland, die betr\u00fcgen, wir sehen Tausende von falschen Profilen russischer Frauen, die alle kostenlosen und bezahlten Dating-Sites, auf denen die Registrierung \u00fcber das Internet und ohne Moderation erfolgt, infiltriert haben.<\/p>\n<p>M\u00e4nner haben immer weniger Vertrauen in diese Dating-Sites und die Frage der Glaubw\u00fcrdigkeit wird selbst f\u00fcr eine so bekannte Agentur wie die unsere sehr wichtig.<\/p>\n<h3><\/h3>\n<h3>Kann ich Ihre Mitarbeiter sehen?<\/h3>\n<p>Wir sind ein Team von \u00fcber 30 Personen, einige von ihnen werden Sie in unseren B\u00fcros treffen. Jeder Kunde erh\u00e4lt einen pers\u00f6nlichen Assistenten, der Ihre Bed\u00fcrfnisse erfasst und Ihnen das Ergebnis garantiert.<\/p>\n<p><img decoding=\"async\" class=\"alignnone wp-image-265637 size-full\" src=\"https:\/\/ukreine.com\/wp-content\/uploads\/2020\/03\/IMG_5615-1-3.jpg\" alt=\"\" width=\"591\" height=\"394\" srcset=\"https:\/\/ukreine.com\/wp-content\/uploads\/2020\/03\/IMG_5615-1-3.jpg 591w, https:\/\/ukreine.com\/wp-content\/uploads\/2020\/03\/IMG_5615-1-3-200x133.jpg 200w\" sizes=\"(max-width: 591px) 100vw, 591px\" \/><\/p>\n<p>&nbsp;<\/p>\n<p><strong>Wie kann es sein, dass 95% der internationalen Dating-Sites Betrug ist, aber 100% der russischen und ukrainischen Seiten und Agenturen behaupten, ehrlich zu sein?<\/strong><\/p>\n<p>&nbsp;<\/p>\n<p>Eine Betrugsagentur wird Ihnen niemals sagen, dass sie Betr\u00fcger sind. Sie werden Ihnen \u00fcber ihre Erfolgsquote und gl\u00fcckliche Kunden erz\u00e4hlen.<\/p>\n<p>Ein M\u00e4dchen, das Sie abzocken will, wird nie mit Geldgespr\u00e4chen beginnen. Sie wird Ihnen von ihren Gef\u00fchlen f\u00fcr Sie erz\u00e4hlen.<\/p>\n<p>Wir haben also am Anfang eine perfekte Dating-Welt und am Ende werden 95% der M\u00e4nner betrogen.<\/p>\n<p>Wir sind die Gr\u00fcnder einer der gr\u00f6\u00dften Dating-Betrugsseiten: <a href=\"https:\/\/allaboutdatingscams.com\/\">allaboutdatingscams.com<\/a>, also kennen wir die schmutzige Seite dieses Gesch\u00e4fts sehr gut.<\/p>\n<p><iframe title=\"How Russian romance scam works: a &quot;Russian bride&quot; confession\" width=\"660\" height=\"371\" src=\"https:\/\/www.youtube.com\/embed\/_tGGgAHDX38?feature=oembed\" frameborder=\"0\" allow=\"accelerometer; autoplay; clipboard-write; encrypted-media; gyroscope; picture-in-picture; web-share\" referrerpolicy=\"strict-origin-when-cross-origin\" allowfullscreen><\/iframe><\/p>\n<h3><\/h3>\n<h3>Warum hei\u00dft Ihre Partnervermittlungs- und Heiratsagentur UkReine?<\/h3>\n<p>Weil es wie das Land Ukraine ausgesprochen wird, aber auch das Wort &#8222;Reine&#8220; enth\u00e4lt, das im Franz\u00f6sischen &#8222;K\u00f6nigin&#8220; bedeutet und mit dem die sch\u00f6nen russischen und ukrainischen Frauen assoziiert werden, die heiraten sollen.<\/p>\n<h3>Was ist der Unterschied zwischen UkReine Ltd. und anderen russischen Dating-Sites und Heiratsagenturen?<\/h3>\n<p>Der gr\u00f6\u00dfte Unterschied ist, dass wir NICHT mit lokalen Partnervermittlungsagenturen in Russland oder der Ukraine arbeiten, die gef\u00e4lschte Profile auf verschiedenen westlichen Partnervermittlungsseiten und Heiratsagenturen verbreiten.<\/p>\n<p>Wir sind in Kanada registriert und befinden uns nicht in Offshore-Gebieten oder anderen L\u00e4ndern, die au\u00dferhalb der Reichweite der internationalen Justiz liegen.<\/p>\n<p>Wir sind die Gr\u00fcnder einer der gr\u00f6\u00dften Dating-Betrugsseiten: allaboutdatingscams.com<\/p>\n<p>Unsere Preise sind viel g\u00fcnstiger als die Preise russischer Partnervermittlungsagenturen in den USA und Kanada.<\/p>\n<p>Sie k\u00f6nnen sehen, wie unser CEO&amp;Gr\u00fcnder einen L\u00fcgendetektortest durchf\u00fchrt.<\/p>\n<p><iframe title=\"SHOCKING TRUTH about Russian dating sites with a LIE DETECTOR TEST\" width=\"660\" height=\"371\" src=\"https:\/\/www.youtube.com\/embed\/TOzsdzS0L2Q?list=PLtGdpKKcfcc2f6FvKwbADg9mx69d0lmry\" frameborder=\"0\" allow=\"accelerometer; autoplay; clipboard-write; encrypted-media; gyroscope; picture-in-picture; web-share\" referrerpolicy=\"strict-origin-when-cross-origin\" allowfullscreen><\/iframe><\/p>\n<p>Wir k\u00f6nnen das Ergebnis f\u00fcr die zugelassenen M\u00e4nner GARANTIEREN (wenn wir Ihre Suchkriterien realistisch finden).<\/p>\n<h3>K\u00f6nnen Sie M\u00e4nnern aus Deutschland helfen?<\/h3>\n<p>Sure, we can help single German men from A to Z:<\/p>\n<p>Sicher, wir k\u00f6nnen jedem einzelnen deutschen Mann von A bis Z helfen:<\/p>\n<p>Wir beginnen mit der Unterst\u00fctzung bei der Damenwahl, organisieren Ihre Reise in die Ukraine oder die Reise der Dame nach Deutschland und enden mit der Unterst\u00fctzung bei internationalen Heiratsverfahren.<\/p>\n","protected":false},"excerpt":{"rendered":"<p>Wo befindet sich die Dating &amp; Ehe-Agentur? &nbsp; Wir haben 3 B\u00fcros: Das Hauptb\u00fcro unserer Partnervermittlung befindet sich in Montreal und deckt die USA und Kanada ab. Unser franz\u00f6sisches B\u00fcro befindet sich in der Region Paris und deckt ganz Westeuropa ab. Das ukrainische B\u00fcro befindet sich in Charkiw (2. ukrainische Stadt nach Kiew, fast 2 [&hellip;]<\/p>\n","protected":false},"author":54,"featured_media":0,"parent":0,"menu_order":0,"comment_status":"closed","ping_status":"closed","template":"","meta":{"_acf_changed":false,"footnotes":""},"class_list":["post-265570","page","type-page","status-publish","hentry"],"acf":[],"yoast_head":"<!-- This site is optimized with the Yoast SEO Premium plugin v25.5 (Yoast SEO v27.2) - https:\/\/yoast.com\/product\/yoast-seo-premium-wordpress\/ -->\n<title>\u00dcber unsere Partnervermittlungs- und Heiratsagentur - UkReine<\/title>\n<meta name=\"description\" content=\"\u2028 Warum sich unsere Agentur, die echte Profile russischer und ukrainischer Br\u00e4ute anbietet, sich von anderen Partnervermittlungsseiten und Heiratsagenturen unterscheidet\" \/>\n<meta name=\"robots\" content=\"index, follow, max-snippet:-1, max-image-preview:large, max-video-preview:-1\" \/>\n<link rel=\"canonical\" href=\"https:\/\/ukreine.com\/de\/ueber-unsere-partnervermittlungs-und-heiratsagentur\/\" \/>\n<meta property=\"og:locale\" content=\"de_DE\" \/>\n<meta property=\"og:type\" content=\"article\" \/>\n<meta property=\"og:title\" content=\"\u00dcber unsere Partnervermittlungs- und Heiratsagentur\" \/>\n<meta property=\"og:description\" content=\"\u2028 Warum sich unsere Agentur, die echte Profile russischer und ukrainischer Br\u00e4ute anbietet, sich von anderen Partnervermittlungsseiten und Heiratsagenturen unterscheidet\" \/>\n<meta property=\"og:url\" content=\"https:\/\/ukreine.com\/de\/ueber-unsere-partnervermittlungs-und-heiratsagentur\/\" \/>\n<meta property=\"og:site_name\" content=\"Ukreine\" \/>\n<meta property=\"article:publisher\" content=\"https:\/\/www.facebook.com\/datingrussianbrides\/\" \/>\n<meta property=\"article:modified_time\" content=\"2025-02-25T18:17:42+00:00\" \/>\n<meta property=\"og:image\" content=\"https:\/\/ukreine.com\/wp-content\/uploads\/2020\/03\/IMG_5615-1-3.jpg\" \/>\n\t<meta property=\"og:image:width\" content=\"591\" \/>\n\t<meta property=\"og:image:height\" content=\"394\" \/>\n\t<meta property=\"og:image:type\" content=\"image\/jpeg\" \/>\n<meta name=\"twitter:card\" content=\"summary_large_image\" \/>\n<meta name=\"twitter:site\" content=\"@t4388388833\" \/>\n<meta name=\"twitter:label1\" content=\"Gesch\u00e4tzte Lesezeit\" \/>\n\t<meta name=\"twitter:data1\" content=\"4\u00a0Minuten\" \/>\n<script type=\"application\/ld+json\" class=\"yoast-schema-graph\">{\"@context\":\"https:\/\/schema.org\",\"@graph\":[{\"@type\":\"WebPage\",\"@id\":\"https:\/\/ukreine.com\/de\/ueber-unsere-partnervermittlungs-und-heiratsagentur\/\",\"url\":\"https:\/\/ukreine.com\/de\/ueber-unsere-partnervermittlungs-und-heiratsagentur\/\",\"name\":\"\u00dcber unsere Partnervermittlungs- und Heiratsagentur - UkReine\",\"isPartOf\":{\"@id\":\"https:\/\/ukreine.com\/de\/#website\"},\"primaryImageOfPage\":{\"@id\":\"https:\/\/ukreine.com\/de\/ueber-unsere-partnervermittlungs-und-heiratsagentur\/#primaryimage\"},\"image\":{\"@id\":\"https:\/\/ukreine.com\/de\/ueber-unsere-partnervermittlungs-und-heiratsagentur\/#primaryimage\"},\"thumbnailUrl\":\"https:\/\/ukreine.com\/wp-content\/uploads\/2020\/03\/IMG_5615-1-3.jpg\",\"datePublished\":\"2020-03-28T20:13:23+00:00\",\"dateModified\":\"2025-02-25T18:17:42+00:00\",\"description\":\"\\u2028 Warum sich unsere Agentur, die echte Profile russischer und ukrainischer Br\u00e4ute anbietet, sich von anderen Partnervermittlungsseiten und Heiratsagenturen unterscheidet\",\"breadcrumb\":{\"@id\":\"https:\/\/ukreine.com\/de\/ueber-unsere-partnervermittlungs-und-heiratsagentur\/#breadcrumb\"},\"inLanguage\":\"de\",\"potentialAction\":[{\"@type\":\"ReadAction\",\"target\":[\"https:\/\/ukreine.com\/de\/ueber-unsere-partnervermittlungs-und-heiratsagentur\/\"]}]},{\"@type\":\"ImageObject\",\"inLanguage\":\"de\",\"@id\":\"https:\/\/ukreine.com\/de\/ueber-unsere-partnervermittlungs-und-heiratsagentur\/#primaryimage\",\"url\":\"https:\/\/ukreine.com\/wp-content\/uploads\/2020\/03\/IMG_5615-1-3.jpg\",\"contentUrl\":\"https:\/\/ukreine.com\/wp-content\/uploads\/2020\/03\/IMG_5615-1-3.jpg\"},{\"@type\":\"BreadcrumbList\",\"@id\":\"https:\/\/ukreine.com\/de\/ueber-unsere-partnervermittlungs-und-heiratsagentur\/#breadcrumb\",\"itemListElement\":[{\"@type\":\"ListItem\",\"position\":1,\"name\":\"Home\",\"item\":\"https:\/\/ukreine.com\/de\/\"},{\"@type\":\"ListItem\",\"position\":2,\"name\":\"\u00dcber unsere Partnervermittlungs- und Heiratsagentur\"}]},{\"@type\":\"WebSite\",\"@id\":\"https:\/\/ukreine.com\/de\/#website\",\"url\":\"https:\/\/ukreine.com\/de\/\",\"name\":\"Ukreine\",\"description\":\"\",\"publisher\":{\"@id\":\"https:\/\/ukreine.com\/de\/#organization\"},\"potentialAction\":[{\"@type\":\"SearchAction\",\"target\":{\"@type\":\"EntryPoint\",\"urlTemplate\":\"https:\/\/ukreine.com\/de\/?s={search_term_string}\"},\"query-input\":{\"@type\":\"PropertyValueSpecification\",\"valueRequired\":true,\"valueName\":\"search_term_string\"}}],\"inLanguage\":\"de\"},{\"@type\":\"Organization\",\"@id\":\"https:\/\/ukreine.com\/de\/#organization\",\"name\":\"Ukreine\",\"url\":\"https:\/\/ukreine.com\/de\/\",\"logo\":{\"@type\":\"ImageObject\",\"inLanguage\":\"de\",\"@id\":\"https:\/\/ukreine.com\/de\/#\/schema\/logo\/image\/\",\"url\":\"https:\/\/ukreine.com\/wp-content\/uploads\/2018\/05\/logo.png\",\"contentUrl\":\"https:\/\/ukreine.com\/wp-content\/uploads\/2018\/05\/logo.png\",\"width\":325,\"height\":69,\"caption\":\"Ukreine\"},\"image\":{\"@id\":\"https:\/\/ukreine.com\/de\/#\/schema\/logo\/image\/\"},\"sameAs\":[\"https:\/\/www.facebook.com\/datingrussianbrides\/\",\"https:\/\/x.com\/t4388388833\",\"https:\/\/www.instagram.com\/agenceukreine\/\",\"https:\/\/www.pinterest.com\/dbereznyakov\/\",\"https:\/\/www.youtube.com\/channel\/UC5lMwPhy20E8Bti0mQL43UA\"]}]}<\/script>\n<!-- \/ Yoast SEO Premium plugin. -->","yoast_head_json":{"title":"\u00dcber unsere Partnervermittlungs- und Heiratsagentur - UkReine","description":"\u2028 Warum sich unsere Agentur, die echte Profile russischer und ukrainischer Br\u00e4ute anbietet, sich von anderen Partnervermittlungsseiten und Heiratsagenturen unterscheidet","robots":{"index":"index","follow":"follow","max-snippet":"max-snippet:-1","max-image-preview":"max-image-preview:large","max-video-preview":"max-video-preview:-1"},"canonical":"https:\/\/ukreine.com\/de\/ueber-unsere-partnervermittlungs-und-heiratsagentur\/","og_locale":"de_DE","og_type":"article","og_title":"\u00dcber unsere Partnervermittlungs- und Heiratsagentur","og_description":"\u2028 Warum sich unsere Agentur, die echte Profile russischer und ukrainischer Br\u00e4ute anbietet, sich von anderen Partnervermittlungsseiten und Heiratsagenturen unterscheidet","og_url":"https:\/\/ukreine.com\/de\/ueber-unsere-partnervermittlungs-und-heiratsagentur\/","og_site_name":"Ukreine","article_publisher":"https:\/\/www.facebook.com\/datingrussianbrides\/","article_modified_time":"2025-02-25T18:17:42+00:00","og_image":[{"width":591,"height":394,"url":"https:\/\/ukreine.com\/wp-content\/uploads\/2020\/03\/IMG_5615-1-3.jpg","type":"image\/jpeg"}],"twitter_card":"summary_large_image","twitter_site":"@t4388388833","twitter_misc":{"Gesch\u00e4tzte Lesezeit":"4\u00a0Minuten"},"schema":{"@context":"https:\/\/schema.org","@graph":[{"@type":"WebPage","@id":"https:\/\/ukreine.com\/de\/ueber-unsere-partnervermittlungs-und-heiratsagentur\/","url":"https:\/\/ukreine.com\/de\/ueber-unsere-partnervermittlungs-und-heiratsagentur\/","name":"\u00dcber unsere Partnervermittlungs- und Heiratsagentur - UkReine","isPartOf":{"@id":"https:\/\/ukreine.com\/de\/#website"},"primaryImageOfPage":{"@id":"https:\/\/ukreine.com\/de\/ueber-unsere-partnervermittlungs-und-heiratsagentur\/#primaryimage"},"image":{"@id":"https:\/\/ukreine.com\/de\/ueber-unsere-partnervermittlungs-und-heiratsagentur\/#primaryimage"},"thumbnailUrl":"https:\/\/ukreine.com\/wp-content\/uploads\/2020\/03\/IMG_5615-1-3.jpg","datePublished":"2020-03-28T20:13:23+00:00","dateModified":"2025-02-25T18:17:42+00:00","description":"\u2028 Warum sich unsere Agentur, die echte Profile russischer und ukrainischer Br\u00e4ute anbietet, sich von anderen Partnervermittlungsseiten und Heiratsagenturen unterscheidet","breadcrumb":{"@id":"https:\/\/ukreine.com\/de\/ueber-unsere-partnervermittlungs-und-heiratsagentur\/#breadcrumb"},"inLanguage":"de","potentialAction":[{"@type":"ReadAction","target":["https:\/\/ukreine.com\/de\/ueber-unsere-partnervermittlungs-und-heiratsagentur\/"]}]},{"@type":"ImageObject","inLanguage":"de","@id":"https:\/\/ukreine.com\/de\/ueber-unsere-partnervermittlungs-und-heiratsagentur\/#primaryimage","url":"https:\/\/ukreine.com\/wp-content\/uploads\/2020\/03\/IMG_5615-1-3.jpg","contentUrl":"https:\/\/ukreine.com\/wp-content\/uploads\/2020\/03\/IMG_5615-1-3.jpg"},{"@type":"BreadcrumbList","@id":"https:\/\/ukreine.com\/de\/ueber-unsere-partnervermittlungs-und-heiratsagentur\/#breadcrumb","itemListElement":[{"@type":"ListItem","position":1,"name":"Home","item":"https:\/\/ukreine.com\/de\/"},{"@type":"ListItem","position":2,"name":"\u00dcber unsere Partnervermittlungs- und Heiratsagentur"}]},{"@type":"WebSite","@id":"https:\/\/ukreine.com\/de\/#website","url":"https:\/\/ukreine.com\/de\/","name":"Ukreine","description":"","publisher":{"@id":"https:\/\/ukreine.com\/de\/#organization"},"potentialAction":[{"@type":"SearchAction","target":{"@type":"EntryPoint","urlTemplate":"https:\/\/ukreine.com\/de\/?s={search_term_string}"},"query-input":{"@type":"PropertyValueSpecification","valueRequired":true,"valueName":"search_term_string"}}],"inLanguage":"de"},{"@type":"Organization","@id":"https:\/\/ukreine.com\/de\/#organization","name":"Ukreine","url":"https:\/\/ukreine.com\/de\/","logo":{"@type":"ImageObject","inLanguage":"de","@id":"https:\/\/ukreine.com\/de\/#\/schema\/logo\/image\/","url":"https:\/\/ukreine.com\/wp-content\/uploads\/2018\/05\/logo.png","contentUrl":"https:\/\/ukreine.com\/wp-content\/uploads\/2018\/05\/logo.png","width":325,"height":69,"caption":"Ukreine"},"image":{"@id":"https:\/\/ukreine.com\/de\/#\/schema\/logo\/image\/"},"sameAs":["https:\/\/www.facebook.com\/datingrussianbrides\/","https:\/\/x.com\/t4388388833","https:\/\/www.instagram.com\/agenceukreine\/","https:\/\/www.pinterest.com\/dbereznyakov\/","https:\/\/www.youtube.com\/channel\/UC5lMwPhy20E8Bti0mQL43UA"]}]}},"_links":{"self":[{"href":"https:\/\/ukreine.com\/de\/wp-json\/wp\/v2\/pages\/265570","targetHints":{"allow":["GET"]}}],"collection":[{"href":"https:\/\/ukreine.com\/de\/wp-json\/wp\/v2\/pages"}],"about":[{"href":"https:\/\/ukreine.com\/de\/wp-json\/wp\/v2\/types\/page"}],"author":[{"embeddable":true,"href":"https:\/\/ukreine.com\/de\/wp-json\/wp\/v2\/users\/54"}],"replies":[{"embeddable":true,"href":"https:\/\/ukreine.com\/de\/wp-json\/wp\/v2\/comments?post=265570"}],"version-history":[{"count":1,"href":"https:\/\/ukreine.com\/de\/wp-json\/wp\/v2\/pages\/265570\/revisions"}],"predecessor-version":[{"id":974142,"href":"https:\/\/ukreine.com\/de\/wp-json\/wp\/v2\/pages\/265570\/revisions\/974142"}],"wp:attachment":[{"href":"https:\/\/ukreine.com\/de\/wp-json\/wp\/v2\/media?parent=265570"}],"curies":[{"name":"wp","href":"https:\/\/api.w.org\/{rel}","templated":true}]}}