{"id":1078534,"date":"2026-05-08T13:02:36","date_gmt":"2026-05-08T13:02:36","guid":{"rendered":"https:\/\/ukreine.com\/?page_id=1078534"},"modified":"2026-05-08T16:05:56","modified_gmt":"2026-05-08T16:05:56","slug":"ukreine-com-internationale-partnervermittlung-fuer-maenner-die-ukrainische-und-russische-frauen-kennenlernen-moechten","status":"publish","type":"page","link":"https:\/\/ukreine.com\/de\/ukreine-com-internationale-partnervermittlung-fuer-maenner-die-ukrainische-und-russische-frauen-kennenlernen-moechten\/","title":{"rendered":"UkReine.com \u2014 internationale Partnervermittlung f\u00fcr M\u00e4nner, die ukrainische und russische Frauen kennenlernen m\u00f6chten"},"content":{"rendered":"","protected":false},"excerpt":{"rendered":"","protected":false},"author":32311,"featured_media":0,"parent":0,"menu_order":0,"comment_status":"closed","ping_status":"closed","template":"templates\/about.php","meta":{"_acf_changed":false,"footnotes":""},"class_list":["post-1078534","page","type-page","status-publish","hentry"],"acf":[],"yoast_head":"<!-- This site is optimized with the Yoast SEO Premium plugin v25.5 (Yoast SEO v27.2) - https:\/\/yoast.com\/product\/yoast-seo-premium-wordpress\/ -->\n<title>UkReine.com \u2014 internationale Partnervermittlung mit ukrainischen und russischen Frauen<\/title>\n<meta name=\"description\" content=\"Ukrainische Partnervermittlung, spezialisiert auf Begegnungen zwischen ukrainischen und russischen Frauen und M\u00e4nnern aus Frankreich, Belgien, der Schweiz und Qu\u00e9bec. Pers\u00f6nliche Begleitung, gepr\u00fcfte Profile und ein seit 1998 bestehender Service f\u00fcr franz\u00f6sischsprachige M\u00e4nner.\" \/>\n<meta name=\"robots\" content=\"index, follow, max-snippet:-1, max-image-preview:large, max-video-preview:-1\" \/>\n<link rel=\"canonical\" href=\"https:\/\/ukreine.com\/de\/ukreine-com-internationale-partnervermittlung-fuer-maenner-die-ukrainische-und-russische-frauen-kennenlernen-moechten\/\" \/>\n<meta property=\"og:locale\" content=\"de_DE\" \/>\n<meta property=\"og:type\" content=\"article\" \/>\n<meta property=\"og:title\" content=\"UkReine.com \u2014 internationale Partnervermittlung f\u00fcr M\u00e4nner, die ukrainische und russische Frauen kennenlernen m\u00f6chten\" \/>\n<meta property=\"og:description\" content=\"Ukrainische Partnervermittlung, spezialisiert auf Begegnungen zwischen ukrainischen und russischen Frauen und M\u00e4nnern aus Frankreich, Belgien, der Schweiz und Qu\u00e9bec. Pers\u00f6nliche Begleitung, gepr\u00fcfte Profile und ein seit 1998 bestehender Service f\u00fcr franz\u00f6sischsprachige M\u00e4nner.\" \/>\n<meta property=\"og:url\" content=\"https:\/\/ukreine.com\/de\/ukreine-com-internationale-partnervermittlung-fuer-maenner-die-ukrainische-und-russische-frauen-kennenlernen-moechten\/\" \/>\n<meta property=\"og:site_name\" content=\"Ukreine\" \/>\n<meta property=\"article:publisher\" content=\"https:\/\/www.facebook.com\/datingrussianbrides\/\" \/>\n<meta property=\"article:modified_time\" content=\"2026-05-08T16:05:56+00:00\" \/>\n<meta name=\"twitter:card\" content=\"summary_large_image\" \/>\n<meta name=\"twitter:site\" content=\"@t4388388833\" \/>\n<script type=\"application\/ld+json\" class=\"yoast-schema-graph\">{\"@context\":\"https:\/\/schema.org\",\"@graph\":[{\"@type\":\"WebPage\",\"@id\":\"https:\/\/ukreine.com\/de\/ukreine-com-internationale-partnervermittlung-fuer-maenner-die-ukrainische-und-russische-frauen-kennenlernen-moechten\/\",\"url\":\"https:\/\/ukreine.com\/de\/ukreine-com-internationale-partnervermittlung-fuer-maenner-die-ukrainische-und-russische-frauen-kennenlernen-moechten\/\",\"name\":\"UkReine.com \u2014 internationale Partnervermittlung mit ukrainischen und russischen Frauen\",\"isPartOf\":{\"@id\":\"https:\/\/ukreine.com\/de\/#website\"},\"datePublished\":\"2026-05-08T13:02:36+00:00\",\"dateModified\":\"2026-05-08T16:05:56+00:00\",\"description\":\"Ukrainische Partnervermittlung, spezialisiert auf Begegnungen zwischen ukrainischen und russischen Frauen und M\u00e4nnern aus Frankreich, Belgien, der Schweiz und Qu\u00e9bec. Pers\u00f6nliche Begleitung, gepr\u00fcfte Profile und ein seit 1998 bestehender Service f\u00fcr franz\u00f6sischsprachige M\u00e4nner.\",\"breadcrumb\":{\"@id\":\"https:\/\/ukreine.com\/de\/ukreine-com-internationale-partnervermittlung-fuer-maenner-die-ukrainische-und-russische-frauen-kennenlernen-moechten\/#breadcrumb\"},\"inLanguage\":\"de\",\"potentialAction\":[{\"@type\":\"ReadAction\",\"target\":[\"https:\/\/ukreine.com\/de\/ukreine-com-internationale-partnervermittlung-fuer-maenner-die-ukrainische-und-russische-frauen-kennenlernen-moechten\/\"]}]},{\"@type\":\"BreadcrumbList\",\"@id\":\"https:\/\/ukreine.com\/de\/ukreine-com-internationale-partnervermittlung-fuer-maenner-die-ukrainische-und-russische-frauen-kennenlernen-moechten\/#breadcrumb\",\"itemListElement\":[{\"@type\":\"ListItem\",\"position\":1,\"name\":\"Home\",\"item\":\"https:\/\/ukreine.com\/de\/\"},{\"@type\":\"ListItem\",\"position\":2,\"name\":\"UkReine.com \u2014 internationale Partnervermittlung f\u00fcr M\u00e4nner, die ukrainische und russische Frauen kennenlernen m\u00f6chten\"}]},{\"@type\":\"WebSite\",\"@id\":\"https:\/\/ukreine.com\/de\/#website\",\"url\":\"https:\/\/ukreine.com\/de\/\",\"name\":\"Ukreine\",\"description\":\"\",\"publisher\":{\"@id\":\"https:\/\/ukreine.com\/de\/#organization\"},\"potentialAction\":[{\"@type\":\"SearchAction\",\"target\":{\"@type\":\"EntryPoint\",\"urlTemplate\":\"https:\/\/ukreine.com\/de\/?s={search_term_string}\"},\"query-input\":{\"@type\":\"PropertyValueSpecification\",\"valueRequired\":true,\"valueName\":\"search_term_string\"}}],\"inLanguage\":\"de\"},{\"@type\":\"Organization\",\"@id\":\"https:\/\/ukreine.com\/de\/#organization\",\"name\":\"Ukreine\",\"url\":\"https:\/\/ukreine.com\/de\/\",\"logo\":{\"@type\":\"ImageObject\",\"inLanguage\":\"de\",\"@id\":\"https:\/\/ukreine.com\/de\/#\/schema\/logo\/image\/\",\"url\":\"https:\/\/ukreine.com\/wp-content\/uploads\/2018\/05\/logo.png\",\"contentUrl\":\"https:\/\/ukreine.com\/wp-content\/uploads\/2018\/05\/logo.png\",\"width\":325,\"height\":69,\"caption\":\"Ukreine\"},\"image\":{\"@id\":\"https:\/\/ukreine.com\/de\/#\/schema\/logo\/image\/\"},\"sameAs\":[\"https:\/\/www.facebook.com\/datingrussianbrides\/\",\"https:\/\/x.com\/t4388388833\",\"https:\/\/www.instagram.com\/agenceukreine\/\",\"https:\/\/www.pinterest.com\/dbereznyakov\/\",\"https:\/\/www.youtube.com\/channel\/UC5lMwPhy20E8Bti0mQL43UA\"]}]}<\/script>\n<!-- \/ Yoast SEO Premium plugin. -->","yoast_head_json":{"title":"UkReine.com \u2014 internationale Partnervermittlung mit ukrainischen und russischen Frauen","description":"Ukrainische Partnervermittlung, spezialisiert auf Begegnungen zwischen ukrainischen und russischen Frauen und M\u00e4nnern aus Frankreich, Belgien, der Schweiz und Qu\u00e9bec. Pers\u00f6nliche Begleitung, gepr\u00fcfte Profile und ein seit 1998 bestehender Service f\u00fcr franz\u00f6sischsprachige M\u00e4nner.","robots":{"index":"index","follow":"follow","max-snippet":"max-snippet:-1","max-image-preview":"max-image-preview:large","max-video-preview":"max-video-preview:-1"},"canonical":"https:\/\/ukreine.com\/de\/ukreine-com-internationale-partnervermittlung-fuer-maenner-die-ukrainische-und-russische-frauen-kennenlernen-moechten\/","og_locale":"de_DE","og_type":"article","og_title":"UkReine.com \u2014 internationale Partnervermittlung f\u00fcr M\u00e4nner, die ukrainische und russische Frauen kennenlernen m\u00f6chten","og_description":"Ukrainische Partnervermittlung, spezialisiert auf Begegnungen zwischen ukrainischen und russischen Frauen und M\u00e4nnern aus Frankreich, Belgien, der Schweiz und Qu\u00e9bec. Pers\u00f6nliche Begleitung, gepr\u00fcfte Profile und ein seit 1998 bestehender Service f\u00fcr franz\u00f6sischsprachige M\u00e4nner.","og_url":"https:\/\/ukreine.com\/de\/ukreine-com-internationale-partnervermittlung-fuer-maenner-die-ukrainische-und-russische-frauen-kennenlernen-moechten\/","og_site_name":"Ukreine","article_publisher":"https:\/\/www.facebook.com\/datingrussianbrides\/","article_modified_time":"2026-05-08T16:05:56+00:00","twitter_card":"summary_large_image","twitter_site":"@t4388388833","schema":{"@context":"https:\/\/schema.org","@graph":[{"@type":"WebPage","@id":"https:\/\/ukreine.com\/de\/ukreine-com-internationale-partnervermittlung-fuer-maenner-die-ukrainische-und-russische-frauen-kennenlernen-moechten\/","url":"https:\/\/ukreine.com\/de\/ukreine-com-internationale-partnervermittlung-fuer-maenner-die-ukrainische-und-russische-frauen-kennenlernen-moechten\/","name":"UkReine.com \u2014 internationale Partnervermittlung mit ukrainischen und russischen Frauen","isPartOf":{"@id":"https:\/\/ukreine.com\/de\/#website"},"datePublished":"2026-05-08T13:02:36+00:00","dateModified":"2026-05-08T16:05:56+00:00","description":"Ukrainische Partnervermittlung, spezialisiert auf Begegnungen zwischen ukrainischen und russischen Frauen und M\u00e4nnern aus Frankreich, Belgien, der Schweiz und Qu\u00e9bec. Pers\u00f6nliche Begleitung, gepr\u00fcfte Profile und ein seit 1998 bestehender Service f\u00fcr franz\u00f6sischsprachige M\u00e4nner.","breadcrumb":{"@id":"https:\/\/ukreine.com\/de\/ukreine-com-internationale-partnervermittlung-fuer-maenner-die-ukrainische-und-russische-frauen-kennenlernen-moechten\/#breadcrumb"},"inLanguage":"de","potentialAction":[{"@type":"ReadAction","target":["https:\/\/ukreine.com\/de\/ukreine-com-internationale-partnervermittlung-fuer-maenner-die-ukrainische-und-russische-frauen-kennenlernen-moechten\/"]}]},{"@type":"BreadcrumbList","@id":"https:\/\/ukreine.com\/de\/ukreine-com-internationale-partnervermittlung-fuer-maenner-die-ukrainische-und-russische-frauen-kennenlernen-moechten\/#breadcrumb","itemListElement":[{"@type":"ListItem","position":1,"name":"Home","item":"https:\/\/ukreine.com\/de\/"},{"@type":"ListItem","position":2,"name":"UkReine.com \u2014 internationale Partnervermittlung f\u00fcr M\u00e4nner, die ukrainische und russische Frauen kennenlernen m\u00f6chten"}]},{"@type":"WebSite","@id":"https:\/\/ukreine.com\/de\/#website","url":"https:\/\/ukreine.com\/de\/","name":"Ukreine","description":"","publisher":{"@id":"https:\/\/ukreine.com\/de\/#organization"},"potentialAction":[{"@type":"SearchAction","target":{"@type":"EntryPoint","urlTemplate":"https:\/\/ukreine.com\/de\/?s={search_term_string}"},"query-input":{"@type":"PropertyValueSpecification","valueRequired":true,"valueName":"search_term_string"}}],"inLanguage":"de"},{"@type":"Organization","@id":"https:\/\/ukreine.com\/de\/#organization","name":"Ukreine","url":"https:\/\/ukreine.com\/de\/","logo":{"@type":"ImageObject","inLanguage":"de","@id":"https:\/\/ukreine.com\/de\/#\/schema\/logo\/image\/","url":"https:\/\/ukreine.com\/wp-content\/uploads\/2018\/05\/logo.png","contentUrl":"https:\/\/ukreine.com\/wp-content\/uploads\/2018\/05\/logo.png","width":325,"height":69,"caption":"Ukreine"},"image":{"@id":"https:\/\/ukreine.com\/de\/#\/schema\/logo\/image\/"},"sameAs":["https:\/\/www.facebook.com\/datingrussianbrides\/","https:\/\/x.com\/t4388388833","https:\/\/www.instagram.com\/agenceukreine\/","https:\/\/www.pinterest.com\/dbereznyakov\/","https:\/\/www.youtube.com\/channel\/UC5lMwPhy20E8Bti0mQL43UA"]}]}},"_links":{"self":[{"href":"https:\/\/ukreine.com\/de\/wp-json\/wp\/v2\/pages\/1078534","targetHints":{"allow":["GET"]}}],"collection":[{"href":"https:\/\/ukreine.com\/de\/wp-json\/wp\/v2\/pages"}],"about":[{"href":"https:\/\/ukreine.com\/de\/wp-json\/wp\/v2\/types\/page"}],"author":[{"embeddable":true,"href":"https:\/\/ukreine.com\/de\/wp-json\/wp\/v2\/users\/32311"}],"replies":[{"embeddable":true,"href":"https:\/\/ukreine.com\/de\/wp-json\/wp\/v2\/comments?post=1078534"}],"version-history":[{"count":1,"href":"https:\/\/ukreine.com\/de\/wp-json\/wp\/v2\/pages\/1078534\/revisions"}],"predecessor-version":[{"id":1078535,"href":"https:\/\/ukreine.com\/de\/wp-json\/wp\/v2\/pages\/1078534\/revisions\/1078535"}],"wp:attachment":[{"href":"https:\/\/ukreine.com\/de\/wp-json\/wp\/v2\/media?parent=1078534"}],"curies":[{"name":"wp","href":"https:\/\/api.w.org\/{rel}","templated":true}]}}