{"id":1035373,"date":"2024-01-05T16:55:09","date_gmt":"2024-01-05T16:55:09","guid":{"rendered":"https:\/\/ukreine.com\/comment-sinscrire-et-se-connecter\/"},"modified":"2025-12-11T15:02:10","modified_gmt":"2025-12-11T15:02:10","slug":"comment-sinscrire-et-se-connecter","status":"publish","type":"page","link":"https:\/\/ukreine.com\/de\/comment-sinscrire-et-se-connecter\/","title":{"rendered":"Comment s&#8217;inscrire et se connecter ?"},"content":{"rendered":"<p style=\"text-align: left;\">Bonjour notre cher utilisateur! Nous sommes heureux de vous voir sur notre site et souhaitons vous aider \u00e0 chaque \u00e9tape de votre recherche.<br \/>\nTout d&#8217;abord, vous devez vous inscrire. C&#8217;est absolument gratuit et vous pouvez supprimer votre compte quand vous le souhaitez. Cependant, nous esp\u00e9rons que vous resterez avec nous jusqu&#8217;au jour o\u00f9 vous trouverez votre \u00e2me s\u0153ur.<\/p>\n<h2 style=\"text-align: center;\">S&#8217;inscrire<\/h2>\n<p style=\"text-align: center;\">Sur notre site, vous pouvez voir cette premi\u00e8re page:<\/p>\n<p><img decoding=\"async\" class=\"alignnone size-full wp-image-999882\" src=\"https:\/\/ukreine.com\/wp-content\/uploads\/2025\/06\/IMG_5103.jpg\" alt=\"\" width=\"1875\" height=\"818\" srcset=\"https:\/\/ukreine.com\/wp-content\/uploads\/2025\/06\/IMG_5103.jpg 1875w, https:\/\/ukreine.com\/wp-content\/uploads\/2025\/06\/IMG_5103-200x87.jpg 200w, https:\/\/ukreine.com\/wp-content\/uploads\/2025\/06\/IMG_5103-1024x447.jpg 1024w, https:\/\/ukreine.com\/wp-content\/uploads\/2025\/06\/IMG_5103-768x335.jpg 768w, https:\/\/ukreine.com\/wp-content\/uploads\/2025\/06\/IMG_5103-1536x670.jpg 1536w\" sizes=\"(max-width: 1875px) 100vw, 1875px\" \/><\/p>\n<p style=\"text-align: left;\">Vous pouvez utiliser votre vrai nom et votre nom de famille ou ajouter n&#8217;importe quel pseudo que vous voulez. Vous aurez \u00e9galement besoin de votre adresse email valide et d&#8217;un mot de passe pour ce site. Si vous oubliez votre mot de passe, vous devez nous contacter <strong>(info@ukreine.com)<\/strong> \u00e0 partir du courriel que vous avez utilis\u00e9 pour votre profil. Nous vous y enverrons un nouveau mot de passe que vous pourrez modifier ult\u00e9rieurement.<\/p>\n<p style=\"text-align: left;\">C&#8217;est \u00e7a! Appuyez sur &#8222;S&#8217;inscrire&#8220; et vous \u00eates pr\u00eat \u00e0 commencer!<\/p>\n<p>Il vous restera juste \u00e0 consulter votre courriel et \u00e0 ouvrir le message de notre part avec le lien de confirmation.<\/p>\n<p>Des fois, ce courriel peut se trouver dans le Spam car il contient un lien.<\/p>\n<p>Si jamais vous n&#8217;arrivez pas \u00e0 retrouver le message de confirmation, contactez-nous \u00e0 notre adresse info@ukreine.com et on va confirmer votre adresse courriel manuellement.<\/p>\n<h2 style=\"text-align: center;\">Se connecter<\/h2>\n<p style=\"text-align: left;\">Lorsque vous avez d\u00e9j\u00e0 un compte, vous devez vous connecter. Sur notre premi\u00e8re page, deux boutons vous m\u00e8nent \u00e0 la page de connexion.<\/p>\n<div class=\"text-center\"><\/div>\n<p style=\"text-align: center;\">Cliquez sur l&#8217;un d&#8217;eux et vous verrez ce qui suit.<\/p>\n<p style=\"text-align: left;\">Cliquez sur &#8222;Connexion&#8220; et vous entrerez dans votre compte.<\/p>\n<p style=\"text-align: left;\">C&#8217;est aussi simple que \u00e7a!<\/p>\n<p style=\"text-align: left;\">Maintenant, vous devez remplir votre profil et commencer vos recherches.<\/p>\n<p><span style=\"color: #ff0000;\"><strong>Si vous avez oubli\u00e9 votre mot de passe,<\/strong><\/span> vous pouvez cliquer sur &#8222;<span style=\"color: #06a4cc;\">Avez-vous oubli\u00e9 votre mot de passe?<\/span>&#8222;, \u00e9crire votre courriel et vous obtiendrez le lien avec lequel vous pourrez entrer dans votre profil et changer votre mot de passe.<\/p>\n<p>Si vous n&#8217;arrivez pas \u00e0 le faire vous pouvez nous \u00e9crire \u00e0 <em><span style=\"color: #0000ff;\"><strong>info@ukreine.com<\/strong> <\/span><\/em>de votre courriel que vous aviez utilis\u00e9 pour cr\u00e9er le profil et nous vous donnerons le nouveau mot de passe.<\/p>\n<p style=\"text-align: left;\">Si vous souhaitez en savoir plus sur la mani\u00e8re de d\u00e9marrer une conversation, r\u00e9digez des messages et utilisez les autres services de notre agence, consultez les prochains articles de notre FAQ.<\/p>\n<p style=\"text-align: left;\"><a href=\"https:\/\/ukreine.com\/faq\/\">https:\/\/ukreine.com\/faq<\/a><\/p>\n<h2 style=\"text-align: center;\"><span style=\"color: #0000ff;\"><strong>Bonne chance dans vos recherches!<\/strong><\/span><\/h2>\n","protected":false},"excerpt":{"rendered":"<p>Bonjour notre cher utilisateur! Nous sommes heureux de vous voir sur notre site et souhaitons vous aider \u00e0 chaque \u00e9tape de votre recherche. Tout d&#8217;abord, vous devez vous inscrire. C&#8217;est absolument gratuit et vous pouvez supprimer votre compte quand vous le souhaitez. Cependant, nous esp\u00e9rons que vous resterez avec nous jusqu&#8217;au jour o\u00f9 vous trouverez [&hellip;]<\/p>\n","protected":false},"author":32311,"featured_media":0,"parent":0,"menu_order":0,"comment_status":"closed","ping_status":"closed","template":"","meta":{"_acf_changed":false,"footnotes":""},"class_list":["post-1035373","page","type-page","status-publish","hentry"],"acf":[],"yoast_head":"<!-- This site is optimized with the Yoast SEO Premium plugin v25.5 (Yoast SEO v27.2) - https:\/\/yoast.com\/product\/yoast-seo-premium-wordpress\/ -->\n<title>Comment s&#039;inscrire et se connecter ? - Ukreine<\/title>\n<meta name=\"robots\" content=\"index, follow, max-snippet:-1, max-image-preview:large, max-video-preview:-1\" \/>\n<link rel=\"canonical\" href=\"https:\/\/ukreine.com\/de\/comment-sinscrire-et-se-connecter\/\" \/>\n<meta property=\"og:locale\" content=\"de_DE\" \/>\n<meta property=\"og:type\" content=\"article\" \/>\n<meta property=\"og:title\" content=\"Comment s&#039;inscrire et se connecter ?\" \/>\n<meta property=\"og:description\" content=\"Bonjour notre cher utilisateur! Nous sommes heureux de vous voir sur notre site et souhaitons vous aider \u00e0 chaque \u00e9tape de votre recherche. Tout d&#8217;abord, vous devez vous inscrire. C&#8217;est absolument gratuit et vous pouvez supprimer votre compte quand vous le souhaitez. Cependant, nous esp\u00e9rons que vous resterez avec nous jusqu&#8217;au jour o\u00f9 vous trouverez [&hellip;]\" \/>\n<meta property=\"og:url\" content=\"https:\/\/ukreine.com\/de\/comment-sinscrire-et-se-connecter\/\" \/>\n<meta property=\"og:site_name\" content=\"Ukreine\" \/>\n<meta property=\"article:publisher\" content=\"https:\/\/www.facebook.com\/datingrussianbrides\/\" \/>\n<meta property=\"article:modified_time\" content=\"2025-12-11T15:02:10+00:00\" \/>\n<meta property=\"og:image\" content=\"https:\/\/ukreine.com\/wp-content\/uploads\/2025\/06\/IMG_5103.jpg\" \/>\n\t<meta property=\"og:image:width\" content=\"1875\" \/>\n\t<meta property=\"og:image:height\" content=\"818\" \/>\n\t<meta property=\"og:image:type\" content=\"image\/jpeg\" \/>\n<meta name=\"twitter:card\" content=\"summary_large_image\" \/>\n<meta name=\"twitter:site\" content=\"@t4388388833\" \/>\n<meta name=\"twitter:label1\" content=\"Gesch\u00e4tzte Lesezeit\" \/>\n\t<meta name=\"twitter:data1\" content=\"3\u00a0Minuten\" \/>\n<script type=\"application\/ld+json\" class=\"yoast-schema-graph\">{\"@context\":\"https:\/\/schema.org\",\"@graph\":[{\"@type\":\"WebPage\",\"@id\":\"https:\/\/ukreine.com\/de\/comment-sinscrire-et-se-connecter\/\",\"url\":\"https:\/\/ukreine.com\/de\/comment-sinscrire-et-se-connecter\/\",\"name\":\"Comment s'inscrire et se connecter ? - Ukreine\",\"isPartOf\":{\"@id\":\"https:\/\/ukreine.com\/de\/#website\"},\"primaryImageOfPage\":{\"@id\":\"https:\/\/ukreine.com\/de\/comment-sinscrire-et-se-connecter\/#primaryimage\"},\"image\":{\"@id\":\"https:\/\/ukreine.com\/de\/comment-sinscrire-et-se-connecter\/#primaryimage\"},\"thumbnailUrl\":\"https:\/\/ukreine.com\/wp-content\/uploads\/2025\/06\/IMG_5103.jpg\",\"datePublished\":\"2024-01-05T16:55:09+00:00\",\"dateModified\":\"2025-12-11T15:02:10+00:00\",\"breadcrumb\":{\"@id\":\"https:\/\/ukreine.com\/de\/comment-sinscrire-et-se-connecter\/#breadcrumb\"},\"inLanguage\":\"de\",\"potentialAction\":[{\"@type\":\"ReadAction\",\"target\":[\"https:\/\/ukreine.com\/de\/comment-sinscrire-et-se-connecter\/\"]}]},{\"@type\":\"ImageObject\",\"inLanguage\":\"de\",\"@id\":\"https:\/\/ukreine.com\/de\/comment-sinscrire-et-se-connecter\/#primaryimage\",\"url\":\"https:\/\/ukreine.com\/wp-content\/uploads\/2025\/06\/IMG_5103.jpg\",\"contentUrl\":\"https:\/\/ukreine.com\/wp-content\/uploads\/2025\/06\/IMG_5103.jpg\"},{\"@type\":\"BreadcrumbList\",\"@id\":\"https:\/\/ukreine.com\/de\/comment-sinscrire-et-se-connecter\/#breadcrumb\",\"itemListElement\":[{\"@type\":\"ListItem\",\"position\":1,\"name\":\"Home\",\"item\":\"https:\/\/ukreine.com\/de\/\"},{\"@type\":\"ListItem\",\"position\":2,\"name\":\"Comment s&#8217;inscrire et se connecter ?\"}]},{\"@type\":\"WebSite\",\"@id\":\"https:\/\/ukreine.com\/de\/#website\",\"url\":\"https:\/\/ukreine.com\/de\/\",\"name\":\"Ukreine\",\"description\":\"\",\"publisher\":{\"@id\":\"https:\/\/ukreine.com\/de\/#organization\"},\"potentialAction\":[{\"@type\":\"SearchAction\",\"target\":{\"@type\":\"EntryPoint\",\"urlTemplate\":\"https:\/\/ukreine.com\/de\/?s={search_term_string}\"},\"query-input\":{\"@type\":\"PropertyValueSpecification\",\"valueRequired\":true,\"valueName\":\"search_term_string\"}}],\"inLanguage\":\"de\"},{\"@type\":\"Organization\",\"@id\":\"https:\/\/ukreine.com\/de\/#organization\",\"name\":\"Ukreine\",\"url\":\"https:\/\/ukreine.com\/de\/\",\"logo\":{\"@type\":\"ImageObject\",\"inLanguage\":\"de\",\"@id\":\"https:\/\/ukreine.com\/de\/#\/schema\/logo\/image\/\",\"url\":\"https:\/\/ukreine.com\/wp-content\/uploads\/2018\/05\/logo.png\",\"contentUrl\":\"https:\/\/ukreine.com\/wp-content\/uploads\/2018\/05\/logo.png\",\"width\":325,\"height\":69,\"caption\":\"Ukreine\"},\"image\":{\"@id\":\"https:\/\/ukreine.com\/de\/#\/schema\/logo\/image\/\"},\"sameAs\":[\"https:\/\/www.facebook.com\/datingrussianbrides\/\",\"https:\/\/x.com\/t4388388833\",\"https:\/\/www.instagram.com\/agenceukreine\/\",\"https:\/\/www.pinterest.com\/dbereznyakov\/\",\"https:\/\/www.youtube.com\/channel\/UC5lMwPhy20E8Bti0mQL43UA\"]}]}<\/script>\n<!-- \/ Yoast SEO Premium plugin. -->","yoast_head_json":{"title":"Comment s'inscrire et se connecter ? - Ukreine","robots":{"index":"index","follow":"follow","max-snippet":"max-snippet:-1","max-image-preview":"max-image-preview:large","max-video-preview":"max-video-preview:-1"},"canonical":"https:\/\/ukreine.com\/de\/comment-sinscrire-et-se-connecter\/","og_locale":"de_DE","og_type":"article","og_title":"Comment s'inscrire et se connecter ?","og_description":"Bonjour notre cher utilisateur! Nous sommes heureux de vous voir sur notre site et souhaitons vous aider \u00e0 chaque \u00e9tape de votre recherche. Tout d&#8217;abord, vous devez vous inscrire. C&#8217;est absolument gratuit et vous pouvez supprimer votre compte quand vous le souhaitez. Cependant, nous esp\u00e9rons que vous resterez avec nous jusqu&#8217;au jour o\u00f9 vous trouverez [&hellip;]","og_url":"https:\/\/ukreine.com\/de\/comment-sinscrire-et-se-connecter\/","og_site_name":"Ukreine","article_publisher":"https:\/\/www.facebook.com\/datingrussianbrides\/","article_modified_time":"2025-12-11T15:02:10+00:00","og_image":[{"width":1875,"height":818,"url":"https:\/\/ukreine.com\/wp-content\/uploads\/2025\/06\/IMG_5103.jpg","type":"image\/jpeg"}],"twitter_card":"summary_large_image","twitter_site":"@t4388388833","twitter_misc":{"Gesch\u00e4tzte Lesezeit":"3\u00a0Minuten"},"schema":{"@context":"https:\/\/schema.org","@graph":[{"@type":"WebPage","@id":"https:\/\/ukreine.com\/de\/comment-sinscrire-et-se-connecter\/","url":"https:\/\/ukreine.com\/de\/comment-sinscrire-et-se-connecter\/","name":"Comment s'inscrire et se connecter ? - Ukreine","isPartOf":{"@id":"https:\/\/ukreine.com\/de\/#website"},"primaryImageOfPage":{"@id":"https:\/\/ukreine.com\/de\/comment-sinscrire-et-se-connecter\/#primaryimage"},"image":{"@id":"https:\/\/ukreine.com\/de\/comment-sinscrire-et-se-connecter\/#primaryimage"},"thumbnailUrl":"https:\/\/ukreine.com\/wp-content\/uploads\/2025\/06\/IMG_5103.jpg","datePublished":"2024-01-05T16:55:09+00:00","dateModified":"2025-12-11T15:02:10+00:00","breadcrumb":{"@id":"https:\/\/ukreine.com\/de\/comment-sinscrire-et-se-connecter\/#breadcrumb"},"inLanguage":"de","potentialAction":[{"@type":"ReadAction","target":["https:\/\/ukreine.com\/de\/comment-sinscrire-et-se-connecter\/"]}]},{"@type":"ImageObject","inLanguage":"de","@id":"https:\/\/ukreine.com\/de\/comment-sinscrire-et-se-connecter\/#primaryimage","url":"https:\/\/ukreine.com\/wp-content\/uploads\/2025\/06\/IMG_5103.jpg","contentUrl":"https:\/\/ukreine.com\/wp-content\/uploads\/2025\/06\/IMG_5103.jpg"},{"@type":"BreadcrumbList","@id":"https:\/\/ukreine.com\/de\/comment-sinscrire-et-se-connecter\/#breadcrumb","itemListElement":[{"@type":"ListItem","position":1,"name":"Home","item":"https:\/\/ukreine.com\/de\/"},{"@type":"ListItem","position":2,"name":"Comment s&#8217;inscrire et se connecter ?"}]},{"@type":"WebSite","@id":"https:\/\/ukreine.com\/de\/#website","url":"https:\/\/ukreine.com\/de\/","name":"Ukreine","description":"","publisher":{"@id":"https:\/\/ukreine.com\/de\/#organization"},"potentialAction":[{"@type":"SearchAction","target":{"@type":"EntryPoint","urlTemplate":"https:\/\/ukreine.com\/de\/?s={search_term_string}"},"query-input":{"@type":"PropertyValueSpecification","valueRequired":true,"valueName":"search_term_string"}}],"inLanguage":"de"},{"@type":"Organization","@id":"https:\/\/ukreine.com\/de\/#organization","name":"Ukreine","url":"https:\/\/ukreine.com\/de\/","logo":{"@type":"ImageObject","inLanguage":"de","@id":"https:\/\/ukreine.com\/de\/#\/schema\/logo\/image\/","url":"https:\/\/ukreine.com\/wp-content\/uploads\/2018\/05\/logo.png","contentUrl":"https:\/\/ukreine.com\/wp-content\/uploads\/2018\/05\/logo.png","width":325,"height":69,"caption":"Ukreine"},"image":{"@id":"https:\/\/ukreine.com\/de\/#\/schema\/logo\/image\/"},"sameAs":["https:\/\/www.facebook.com\/datingrussianbrides\/","https:\/\/x.com\/t4388388833","https:\/\/www.instagram.com\/agenceukreine\/","https:\/\/www.pinterest.com\/dbereznyakov\/","https:\/\/www.youtube.com\/channel\/UC5lMwPhy20E8Bti0mQL43UA"]}]}},"_links":{"self":[{"href":"https:\/\/ukreine.com\/de\/wp-json\/wp\/v2\/pages\/1035373","targetHints":{"allow":["GET"]}}],"collection":[{"href":"https:\/\/ukreine.com\/de\/wp-json\/wp\/v2\/pages"}],"about":[{"href":"https:\/\/ukreine.com\/de\/wp-json\/wp\/v2\/types\/page"}],"author":[{"embeddable":true,"href":"https:\/\/ukreine.com\/de\/wp-json\/wp\/v2\/users\/32311"}],"replies":[{"embeddable":true,"href":"https:\/\/ukreine.com\/de\/wp-json\/wp\/v2\/comments?post=1035373"}],"version-history":[{"count":2,"href":"https:\/\/ukreine.com\/de\/wp-json\/wp\/v2\/pages\/1035373\/revisions"}],"predecessor-version":[{"id":1041355,"href":"https:\/\/ukreine.com\/de\/wp-json\/wp\/v2\/pages\/1035373\/revisions\/1041355"}],"wp:attachment":[{"href":"https:\/\/ukreine.com\/de\/wp-json\/wp\/v2\/media?parent=1035373"}],"curies":[{"name":"wp","href":"https:\/\/api.w.org\/{rel}","templated":true}]}}