{"id":1023092,"date":"2025-09-22T07:34:20","date_gmt":"2025-09-22T07:34:20","guid":{"rendered":"https:\/\/ukreine.com\/?page_id=1023092"},"modified":"2025-09-22T07:35:19","modified_gmt":"2025-09-22T07:35:19","slug":"alleinstehende-ukrainische-und-russische-frauen-auf-partnersuche","status":"publish","type":"page","link":"https:\/\/ukreine.com\/de\/alleinstehende-ukrainische-und-russische-frauen-auf-partnersuche\/","title":{"rendered":"Alleinstehende ukrainische und russische Frauen auf Partnersuche"},"content":{"rendered":"    \n    <section class='block--text block-69d0a2b029e00 ' ><style>\n@media (min-width: 0px) {\n    .block-69d0a2b029e00 {\n        margin-top: 50px;\n        margin-bottom: 50px;\n    }\n}\n<\/style>    <div class=\"container\">\n                        <div class=\"titles-69d0a2b02a622 block-titles\">\n                            <h2 class=\"block-title\">\n                    Alleinstehende ukrainische und russische Frauen auf Partnersuche                <\/h2>\n                                            <\/div>\n            <div class=\"text\">\n            <p>Entdecken Sie alleinstehende ukrainische und russische Frauen, die einen Partner f\u00fcr eine ernsthafte Beziehung oder Ehe suchen. Diese Frauen zeichnen sich nicht nur durch ihre Sch\u00f6nheit, sondern auch durch ihre Familienwerte, Hingabe und Freundlichkeit aus. Wenn Sie auf der Suche nach einer bedeutungsvollen Beziehung sind, sind Sie hier genau richtig. Treffen Sie ukrainische Frauen auf Partnersuche oder alleinstehende russische Frauen, die an einer gemeinsamen Zukunft interessiert sind.<\/p>\n        <\/div>\n    <\/div>\n\n    <\/section>\n\n    \n    <section class='block--faqs block-69d0a2b02ab61 ' ><style>\n@media (min-width: 0px) {\n    .block-69d0a2b02ab61 {\n        margin-bottom: 50px;\n    }\n}\n<\/style>    <div class=\"container\">\n                                    <div class=\"tabs\">\n                                                        <div class=\"tab \">\n                        <h3 class=\"tab-title\">\n                            Unterschiede zwischen ukrainischen und russischen Frauen bei Reisen nach Spanien                        <\/h3>\n\n                        <div class=\"tab-content\">\n                            <p>Eine Reise nach Spanien ist f\u00fcr viele alleinstehende ukrainische und russische Frauen ein Traum. Ihre Erwartungen und Erfahrungen unterscheiden sich jedoch.<\/p>\n<ul>\n<li><strong>Alleinstehende ukrainische Frauen<\/strong>: Diese Frauen passen sich oft schnell an neue Kulturen an. Viele sind abenteuerlustig und bereit, das Leben im Ausland mit einer positiven und offenen Einstellung zu erkunden.<\/li>\n<li><strong>Alleinstehende russische Frauen<\/strong>: Obwohl sie sich ebenfalls f\u00fcr neue Erfahrungen begeistern, sind russische Br\u00e4ute eher traditionell und planen jeden Schritt ihres neuen Lebens im Ausland sorgf\u00e4ltig.<\/li>\n<\/ul>\n<p>Beide Gruppen von Frauen sch\u00e4tzen die M\u00f6glichkeit, neue Kulturen kennenzulernen, aber ihre Einstellung zu Ver\u00e4nderungen kann unterschiedlich sein.<\/p>\n                        <\/div>\n                    <\/div>\n                                                        <div class=\"tab \">\n                        <h3 class=\"tab-title\">\n                            Lebensstilerwartungen russischer und ukrainischer Frauen                        <\/h3>\n\n                        <div class=\"tab-content\">\n                            <p>Die Lebenserwartungen russischer und ukrainischer Frauen sind tief kulturell verwurzelt.<\/p>\n<ul>\n<li><strong>Partnersuchende Ukrainerinnen<\/strong>: Sie legen Wert auf Unabh\u00e4ngigkeit und Ausgeglichenheit im Familienleben. Diese alleinstehenden Ukrainerinnen suchen Partner, die ihre Autonomie respektieren und ihre Ziele teilen.<\/li>\n<li><strong>Partnersuchende Russinnen<\/strong>: Russische Frauen hingegen konzentrieren sich eher auf traditionelle Rollenbilder, in denen Familie und Zuhause im Mittelpunkt ihres Lebens stehen.<\/li>\n<\/ul>\n<p>In beiden Kulturen wird die Hingabe an die Lieben betont, doch die Art und Weise, wie sie ihre famili\u00e4ren und pers\u00f6nlichen Rollen in Einklang bringen, kann sich erheblich unterscheiden.<\/p>\n                        <\/div>\n                    <\/div>\n                                                        <div class=\"tab \">\n                        <h3 class=\"tab-title\">\n                            Sollten Sie ukrainische oder russische Frauen aus Katalogen ausw\u00e4hlen oder sich Empfehlungen einholen?                        <\/h3>\n\n                        <div class=\"tab-content\">\n                            <p>Bei der Suche nach alleinstehenden ukrainischen Frauen oder russischen Br\u00e4uten k\u00f6nnen Sie Online-Kataloge durchst\u00f6bern oder sich auf pers\u00f6nliche Empfehlungen verlassen.<\/p>\n<ul>\n<li><strong>Online-Kataloge<\/strong>: Diese bieten Ihnen Zugriff auf eine gro\u00dfe Auswahl an Profilen ukrainischer und russischer Frauen. Seri\u00f6se Plattformen wie unsere garantieren die Authentizit\u00e4t der Profile und helfen Ihnen, authentische ukrainische und russische Frauen kennenzulernen.<\/li>\n<li><strong>Pers\u00f6nliche Empfehlungen<\/strong>: Eine vertrauensw\u00fcrdige Empfehlung kann Ihnen zus\u00e4tzliche Sicherheit bei der Partnersuche geben.<\/li>\n<\/ul>\n<p>Beide Optionen haben ihre Vorteile, je nach Ihren Vorlieben und Ihrem Komfortniveau.<\/p>\n                        <\/div>\n                    <\/div>\n                                                        <div class=\"tab \">\n                        <h3 class=\"tab-title\">\n                            Welchen Altersunterschied sollte ich bei der Wahl einer ukrainischen oder russischen Frau ber\u00fccksichtigen?                        <\/h3>\n\n                        <div class=\"tab-content\">\n                            <p>Bei der Suche nach alleinstehenden ukrainischen oder russischen Frauen zum Heiraten ist es wichtig, den entsprechenden Altersunterschied zu ber\u00fccksichtigen.<\/p>\n<ul>\n<li>Ukrainische und russische Frauen sind im Allgemeinen flexibel, was Altersunterschiede angeht, solange Respekt, Verst\u00e4ndnis und gemeinsame Ziele in der Beziehung herrschen.<\/li>\n<li>Die meisten dieser Frauen suchen reife Partner, die emotionale Stabilit\u00e4t und Engagement bieten.<\/li>\n<\/ul>\n<p>Bewerten Sie Ihre eigenen Erwartungen und besprechen Sie diese mit Ihrem potenziellen Partner, um sicherzustellen, dass Sie beide \u00fcbereinstimmen.<\/p>\n                        <\/div>\n                    <\/div>\n                                                        <div class=\"tab \">\n                        <h3 class=\"tab-title\">\n                            Wie k\u00f6nnen Sie ukrainische oder russische Frauen kennenlernen?                        <\/h3>\n\n                        <div class=\"tab-content\">\n                            <p>Dank Online-Dating-Plattformen wie Ukreine.com ist es einfacher denn je, attraktive Single-Frauen aus Russland oder der Ukraine kennenzulernen. Hier k\u00f6nnen Sie:<\/p>\n<ul>\n<li>Detaillierte Profile durchsuchen.<\/li>\n<li>Pers\u00f6nliche Nachrichten senden, um ein Gespr\u00e4ch zu beginnen.<\/li>\n<li>Videochats nutzen, um die Verbindung zu st\u00e4rken.<\/li>\n<\/ul>\n<p>Au\u00dferdem k\u00f6nnen kulturelle Veranstaltungen oder Festivals in Ihrer Stadt eine gro\u00dfartige M\u00f6glichkeit sein, ukrainische und russische Frauen pers\u00f6nlich kennenzulernen.<\/p>\n                        <\/div>\n                    <\/div>\n                                                        <div class=\"tab \">\n                        <h3 class=\"tab-title\">\n                            Probleme im Bereich der Partnervermittlung mit ukrainischen oder russischen Frauen                        <\/h3>\n\n                        <div class=\"tab-content\">\n                            <p>Obwohl die Welt des internationalen Datings gro\u00dfartige M\u00f6glichkeiten bietet, birgt sie auch Herausforderungen. Dazu geh\u00f6ren:<\/p>\n<ul>\n<li><strong>Stereotypen und Missverst\u00e4ndnisse<\/strong>: Manche Menschen gehen davon aus, dass ukrainische und russische Frauen nur auf finanziellen Gewinn aus sind, was weit von der Wahrheit entfernt ist.<\/li>\n<li><strong>Betrug auf unseri\u00f6sen Plattformen<\/strong>: Es ist wichtig, eine seri\u00f6se Agentur zu nutzen, um Probleme zu vermeiden und sicherzustellen, dass Ihre Erfahrung positiv und sicher ist.<\/li>\n<\/ul>\n                        <\/div>\n                    <\/div>\n                                                        <div class=\"tab \">\n                        <h3 class=\"tab-title\">\n                            Tipps f\u00fcr M\u00e4nner auf Partnersuche in der Ukraine                        <\/h3>\n\n                        <div class=\"tab-content\">\n                            <ul>\n<li><strong>Seien Sie authentisch<\/strong>: Ukrainische und russische Frauen legen Wert auf Ehrlichkeit. Seien Sie von Anfang an authentisch und kommunizieren Sie Ihre Absichten klar.<\/li>\n<li><strong>Lernen Sie ihre Kultur kennen<\/strong>: Interesse an ihren Wurzeln zeugt von Respekt und kann die Verbindung st\u00e4rken.<\/li>\n<li><strong>Seien Sie geduldig und respektvoll<\/strong>: Das Vertrauen einer Frau zu gewinnen, erfordert Zeit und M\u00fche, insbesondere in internationalen Beziehungen.<\/li>\n<\/ul>\n                        <\/div>\n                    <\/div>\n                                                        <div class=\"tab \">\n                        <h3 class=\"tab-title\">\n                            H\u00e4ufig gestellte Fragen zum Dating mit russischen und ukrainischen Br\u00e4uten                        <\/h3>\n\n                        <div class=\"tab-content\">\n                            <h4>Wie finde ich eine Braut zum Dating?<\/h4>\n<p>Registrieren Sie sich auf Ukreine.com und durchst\u00f6bern Sie die zahlreichen Profile alleinstehender ukrainischer Frauen und russischer Br\u00e4ute. Nutzen Sie erweiterte Filter, um eine passende Partnerin zu finden.<\/p>\n<h4>Was sollte ich \u00fcber Online-Dating mit ukrainischen Br\u00e4uten wissen?<\/h4>\n<p>Seien Sie respektvoll, ehrlich und geduldig. Lernen Sie die Kultur der ukrainischen Frauen kennen und zeigen Sie aufrichtiges Interesse daran, sie kennenzulernen.<\/p>\n<h4>Kann ich eine ukrainische oder russische Versandhandelsbraut heiraten?<\/h4>\n<p>Ja, mit dem richtigen Engagement k\u00f6nnen Sie eine ukrainische oder russische Braut heiraten. Seri\u00f6se Plattformen wie Ukreine.com erm\u00f6glichen es, Frauen auf der Suche nach einer ernsthaften Beziehung kennenzulernen.<\/p>\n<h4>Welche Vorteile bietet die Nutzung einer Heiratsagentur bei der Suche nach einer ukrainischen Braut?<\/h4>\n<p>Seri\u00f6se Agenturen bieten verifizierte Profile, sichere Kommunikationstools und professionelle Beratung, um Ihnen bei der Suche nach Ihrem Traumpartner zu helfen.<\/p>\n<p>Kontaktieren Sie uns noch heute und beginnen Sie Ihre Reise zu einer dauerhaften Beziehung mit ukrainischen und russischen Frauen auf Partnersuche. Ihre Liebesgeschichte beginnt hier!<\/p>\n                        <\/div>\n                    <\/div>\n                            <\/div>\n            <\/div>\n\n    <\/section>","protected":false},"excerpt":{"rendered":"","protected":false},"author":32311,"featured_media":1035485,"parent":0,"menu_order":0,"comment_status":"closed","ping_status":"closed","template":"LadiesProfilesTemplate.php","meta":{"_acf_changed":false,"footnotes":""},"class_list":["post-1023092","page","type-page","status-publish","has-post-thumbnail","hentry"],"acf":[],"yoast_head":"<!-- This site is optimized with the Yoast SEO Premium plugin v25.5 (Yoast SEO v27.2) - https:\/\/yoast.com\/product\/yoast-seo-premium-wordpress\/ -->\n<title>Alleinstehende ukrainische Frauen zum Daten \u2013 Verifizierte Profile - Ukreine<\/title>\n<meta name=\"description\" content=\"Entdecken Sie echte Profile von russischen und ukrainischen Single-Frauen, die eine ernsthafte Beziehung suchen. Lernen Sie authentische, familienorientierte Frauen kennen, die wahre Liebe finden m\u00f6chten.\" \/>\n<meta name=\"robots\" content=\"index, follow, max-snippet:-1, max-image-preview:large, max-video-preview:-1\" \/>\n<link rel=\"canonical\" href=\"https:\/\/ukreine.com\/de\/alleinstehende-ukrainische-und-russische-frauen-auf-partnersuche\/\" \/>\n<meta property=\"og:locale\" content=\"de_DE\" \/>\n<meta property=\"og:type\" content=\"article\" \/>\n<meta property=\"og:title\" content=\"Alleinstehende ukrainische und russische Frauen auf Partnersuche\" \/>\n<meta property=\"og:description\" content=\"Entdecken Sie echte Profile von russischen und ukrainischen Single-Frauen, die eine ernsthafte Beziehung suchen. Lernen Sie authentische, familienorientierte Frauen kennen, die wahre Liebe finden m\u00f6chten.\" \/>\n<meta property=\"og:url\" content=\"https:\/\/ukreine.com\/de\/alleinstehende-ukrainische-und-russische-frauen-auf-partnersuche\/\" \/>\n<meta property=\"og:site_name\" content=\"Ukreine\" \/>\n<meta property=\"article:publisher\" content=\"https:\/\/www.facebook.com\/datingrussianbrides\/\" \/>\n<meta property=\"article:modified_time\" content=\"2025-09-22T07:35:19+00:00\" \/>\n<meta name=\"twitter:card\" content=\"summary_large_image\" \/>\n<meta name=\"twitter:site\" content=\"@t4388388833\" \/>\n<script type=\"application\/ld+json\" class=\"yoast-schema-graph\">{\"@context\":\"https:\/\/schema.org\",\"@graph\":[{\"@type\":\"WebPage\",\"@id\":\"https:\/\/ukreine.com\/de\/alleinstehende-ukrainische-und-russische-frauen-auf-partnersuche\/\",\"url\":\"https:\/\/ukreine.com\/de\/alleinstehende-ukrainische-und-russische-frauen-auf-partnersuche\/\",\"name\":\"Alleinstehende ukrainische Frauen zum Daten \u2013 Verifizierte Profile - Ukreine\",\"isPartOf\":{\"@id\":\"https:\/\/ukreine.com\/de\/#website\"},\"primaryImageOfPage\":{\"@id\":\"https:\/\/ukreine.com\/de\/alleinstehende-ukrainische-und-russische-frauen-auf-partnersuche\/#primaryimage\"},\"image\":{\"@id\":\"https:\/\/ukreine.com\/de\/alleinstehende-ukrainische-und-russische-frauen-auf-partnersuche\/#primaryimage\"},\"thumbnailUrl\":\"https:\/\/ukreine.com\/wp-content\/uploads\/2025\/11\/marina.jpg\",\"datePublished\":\"2025-09-22T07:34:20+00:00\",\"dateModified\":\"2025-09-22T07:35:19+00:00\",\"description\":\"Entdecken Sie echte Profile von russischen und ukrainischen Single-Frauen, die eine ernsthafte Beziehung suchen. Lernen Sie authentische, familienorientierte Frauen kennen, die wahre Liebe finden m\u00f6chten.\",\"breadcrumb\":{\"@id\":\"https:\/\/ukreine.com\/de\/alleinstehende-ukrainische-und-russische-frauen-auf-partnersuche\/#breadcrumb\"},\"inLanguage\":\"de\",\"potentialAction\":[{\"@type\":\"ReadAction\",\"target\":[\"https:\/\/ukreine.com\/de\/alleinstehende-ukrainische-und-russische-frauen-auf-partnersuche\/\"]}]},{\"@type\":\"ImageObject\",\"inLanguage\":\"de\",\"@id\":\"https:\/\/ukreine.com\/de\/alleinstehende-ukrainische-und-russische-frauen-auf-partnersuche\/#primaryimage\",\"url\":\"https:\/\/ukreine.com\/wp-content\/uploads\/2025\/11\/marina.jpg\",\"contentUrl\":\"https:\/\/ukreine.com\/wp-content\/uploads\/2025\/11\/marina.jpg\",\"width\":738,\"height\":958},{\"@type\":\"BreadcrumbList\",\"@id\":\"https:\/\/ukreine.com\/de\/alleinstehende-ukrainische-und-russische-frauen-auf-partnersuche\/#breadcrumb\",\"itemListElement\":[{\"@type\":\"ListItem\",\"position\":1,\"name\":\"Home\",\"item\":\"https:\/\/ukreine.com\/de\/\"},{\"@type\":\"ListItem\",\"position\":2,\"name\":\"Alleinstehende ukrainische und russische Frauen auf Partnersuche\"}]},{\"@type\":\"WebSite\",\"@id\":\"https:\/\/ukreine.com\/de\/#website\",\"url\":\"https:\/\/ukreine.com\/de\/\",\"name\":\"Ukreine\",\"description\":\"\",\"publisher\":{\"@id\":\"https:\/\/ukreine.com\/de\/#organization\"},\"potentialAction\":[{\"@type\":\"SearchAction\",\"target\":{\"@type\":\"EntryPoint\",\"urlTemplate\":\"https:\/\/ukreine.com\/de\/?s={search_term_string}\"},\"query-input\":{\"@type\":\"PropertyValueSpecification\",\"valueRequired\":true,\"valueName\":\"search_term_string\"}}],\"inLanguage\":\"de\"},{\"@type\":\"Organization\",\"@id\":\"https:\/\/ukreine.com\/de\/#organization\",\"name\":\"Ukreine\",\"url\":\"https:\/\/ukreine.com\/de\/\",\"logo\":{\"@type\":\"ImageObject\",\"inLanguage\":\"de\",\"@id\":\"https:\/\/ukreine.com\/de\/#\/schema\/logo\/image\/\",\"url\":\"https:\/\/ukreine.com\/wp-content\/uploads\/2018\/05\/logo.png\",\"contentUrl\":\"https:\/\/ukreine.com\/wp-content\/uploads\/2018\/05\/logo.png\",\"width\":325,\"height\":69,\"caption\":\"Ukreine\"},\"image\":{\"@id\":\"https:\/\/ukreine.com\/de\/#\/schema\/logo\/image\/\"},\"sameAs\":[\"https:\/\/www.facebook.com\/datingrussianbrides\/\",\"https:\/\/x.com\/t4388388833\",\"https:\/\/www.instagram.com\/agenceukreine\/\",\"https:\/\/www.pinterest.com\/dbereznyakov\/\",\"https:\/\/www.youtube.com\/channel\/UC5lMwPhy20E8Bti0mQL43UA\"]}]}<\/script>\n<!-- \/ Yoast SEO Premium plugin. -->","yoast_head_json":{"title":"Alleinstehende ukrainische Frauen zum Daten \u2013 Verifizierte Profile - Ukreine","description":"Entdecken Sie echte Profile von russischen und ukrainischen Single-Frauen, die eine ernsthafte Beziehung suchen. Lernen Sie authentische, familienorientierte Frauen kennen, die wahre Liebe finden m\u00f6chten.","robots":{"index":"index","follow":"follow","max-snippet":"max-snippet:-1","max-image-preview":"max-image-preview:large","max-video-preview":"max-video-preview:-1"},"canonical":"https:\/\/ukreine.com\/de\/alleinstehende-ukrainische-und-russische-frauen-auf-partnersuche\/","og_locale":"de_DE","og_type":"article","og_title":"Alleinstehende ukrainische und russische Frauen auf Partnersuche","og_description":"Entdecken Sie echte Profile von russischen und ukrainischen Single-Frauen, die eine ernsthafte Beziehung suchen. Lernen Sie authentische, familienorientierte Frauen kennen, die wahre Liebe finden m\u00f6chten.","og_url":"https:\/\/ukreine.com\/de\/alleinstehende-ukrainische-und-russische-frauen-auf-partnersuche\/","og_site_name":"Ukreine","article_publisher":"https:\/\/www.facebook.com\/datingrussianbrides\/","article_modified_time":"2025-09-22T07:35:19+00:00","twitter_card":"summary_large_image","twitter_site":"@t4388388833","schema":{"@context":"https:\/\/schema.org","@graph":[{"@type":"WebPage","@id":"https:\/\/ukreine.com\/de\/alleinstehende-ukrainische-und-russische-frauen-auf-partnersuche\/","url":"https:\/\/ukreine.com\/de\/alleinstehende-ukrainische-und-russische-frauen-auf-partnersuche\/","name":"Alleinstehende ukrainische Frauen zum Daten \u2013 Verifizierte Profile - Ukreine","isPartOf":{"@id":"https:\/\/ukreine.com\/de\/#website"},"primaryImageOfPage":{"@id":"https:\/\/ukreine.com\/de\/alleinstehende-ukrainische-und-russische-frauen-auf-partnersuche\/#primaryimage"},"image":{"@id":"https:\/\/ukreine.com\/de\/alleinstehende-ukrainische-und-russische-frauen-auf-partnersuche\/#primaryimage"},"thumbnailUrl":"https:\/\/ukreine.com\/wp-content\/uploads\/2025\/11\/marina.jpg","datePublished":"2025-09-22T07:34:20+00:00","dateModified":"2025-09-22T07:35:19+00:00","description":"Entdecken Sie echte Profile von russischen und ukrainischen Single-Frauen, die eine ernsthafte Beziehung suchen. Lernen Sie authentische, familienorientierte Frauen kennen, die wahre Liebe finden m\u00f6chten.","breadcrumb":{"@id":"https:\/\/ukreine.com\/de\/alleinstehende-ukrainische-und-russische-frauen-auf-partnersuche\/#breadcrumb"},"inLanguage":"de","potentialAction":[{"@type":"ReadAction","target":["https:\/\/ukreine.com\/de\/alleinstehende-ukrainische-und-russische-frauen-auf-partnersuche\/"]}]},{"@type":"ImageObject","inLanguage":"de","@id":"https:\/\/ukreine.com\/de\/alleinstehende-ukrainische-und-russische-frauen-auf-partnersuche\/#primaryimage","url":"https:\/\/ukreine.com\/wp-content\/uploads\/2025\/11\/marina.jpg","contentUrl":"https:\/\/ukreine.com\/wp-content\/uploads\/2025\/11\/marina.jpg","width":738,"height":958},{"@type":"BreadcrumbList","@id":"https:\/\/ukreine.com\/de\/alleinstehende-ukrainische-und-russische-frauen-auf-partnersuche\/#breadcrumb","itemListElement":[{"@type":"ListItem","position":1,"name":"Home","item":"https:\/\/ukreine.com\/de\/"},{"@type":"ListItem","position":2,"name":"Alleinstehende ukrainische und russische Frauen auf Partnersuche"}]},{"@type":"WebSite","@id":"https:\/\/ukreine.com\/de\/#website","url":"https:\/\/ukreine.com\/de\/","name":"Ukreine","description":"","publisher":{"@id":"https:\/\/ukreine.com\/de\/#organization"},"potentialAction":[{"@type":"SearchAction","target":{"@type":"EntryPoint","urlTemplate":"https:\/\/ukreine.com\/de\/?s={search_term_string}"},"query-input":{"@type":"PropertyValueSpecification","valueRequired":true,"valueName":"search_term_string"}}],"inLanguage":"de"},{"@type":"Organization","@id":"https:\/\/ukreine.com\/de\/#organization","name":"Ukreine","url":"https:\/\/ukreine.com\/de\/","logo":{"@type":"ImageObject","inLanguage":"de","@id":"https:\/\/ukreine.com\/de\/#\/schema\/logo\/image\/","url":"https:\/\/ukreine.com\/wp-content\/uploads\/2018\/05\/logo.png","contentUrl":"https:\/\/ukreine.com\/wp-content\/uploads\/2018\/05\/logo.png","width":325,"height":69,"caption":"Ukreine"},"image":{"@id":"https:\/\/ukreine.com\/de\/#\/schema\/logo\/image\/"},"sameAs":["https:\/\/www.facebook.com\/datingrussianbrides\/","https:\/\/x.com\/t4388388833","https:\/\/www.instagram.com\/agenceukreine\/","https:\/\/www.pinterest.com\/dbereznyakov\/","https:\/\/www.youtube.com\/channel\/UC5lMwPhy20E8Bti0mQL43UA"]}]}},"_links":{"self":[{"href":"https:\/\/ukreine.com\/de\/wp-json\/wp\/v2\/pages\/1023092","targetHints":{"allow":["GET"]}}],"collection":[{"href":"https:\/\/ukreine.com\/de\/wp-json\/wp\/v2\/pages"}],"about":[{"href":"https:\/\/ukreine.com\/de\/wp-json\/wp\/v2\/types\/page"}],"author":[{"embeddable":true,"href":"https:\/\/ukreine.com\/de\/wp-json\/wp\/v2\/users\/32311"}],"replies":[{"embeddable":true,"href":"https:\/\/ukreine.com\/de\/wp-json\/wp\/v2\/comments?post=1023092"}],"version-history":[{"count":2,"href":"https:\/\/ukreine.com\/de\/wp-json\/wp\/v2\/pages\/1023092\/revisions"}],"predecessor-version":[{"id":1023095,"href":"https:\/\/ukreine.com\/de\/wp-json\/wp\/v2\/pages\/1023092\/revisions\/1023095"}],"wp:featuredmedia":[{"embeddable":true,"href":"https:\/\/ukreine.com\/de\/wp-json\/wp\/v2\/media\/1035485"}],"wp:attachment":[{"href":"https:\/\/ukreine.com\/de\/wp-json\/wp\/v2\/media?parent=1023092"}],"curies":[{"name":"wp","href":"https:\/\/api.w.org\/{rel}","templated":true}]}}