{"id":293192,"date":"2016-01-12T15:02:19","date_gmt":"2016-01-12T15:02:19","guid":{"rendered":"https:\/\/ukreine.com\/annonces-des-femmes-celibataires-russes-et-ukrainiennes"},"modified":"2025-09-22T07:38:19","modified_gmt":"2025-09-22T07:38:19","slug":"russiske-og-ukrainske-brudeprofiler","status":"publish","type":"page","link":"https:\/\/ukreine.com\/da\/russiske-og-ukrainske-brudeprofiler\/","title":{"rendered":"Russiske og ukrainske brudeprofiler"},"content":{"rendered":"    \n    <section class='block--text block-69d55983c8957 ' ><style>\n@media (min-width: 0px) {\n    .block-69d55983c8957 {\n        margin-top: 50px;\n        margin-bottom: 50px;\n    }\n}\n<\/style>    <div class=\"container\">\n                        <div class=\"titles-69d55983c9125 block-titles\">\n                            <h2 class=\"block-title\">\n                    Russiske og ukrainske brudeprofiler                <\/h2>\n                                            <\/div>\n            <div class=\"text\">\n            <p>Velkommen til en verden af \u200b\u200bmuligheder, hvor dine dr\u00f8mme om at finde en k\u00e6rlig og engageret partner g\u00e5r i opfyldelse. Hos Ukreine.com pr\u00e6senterer vi dig et omfattende udvalg af russiske og ukrainske brudeprofiler, der viser intelligente, charmerende og familievenlige kvinder. Uanset om du s\u00f8ger en single russisk kvinde til \u00e6gteskab eller udforsker ukrainske brudeprofiler, er dette stedet, hvor meningsfulde forbindelser begynder.<\/p>\n        <\/div>\n    <\/div>\n\n    <\/section>\n\n    \n    <section class='block--faqs block-69d55983c9440 ' ><style>\n@media (min-width: 0px) {\n    .block-69d55983c9440 {\n        margin-bottom: 50px;\n    }\n}\n<\/style>    <div class=\"container\">\n                                    <div class=\"tabs\">\n                                                        <div class=\"tab \">\n                        <h3 class=\"tab-title\">\n                            Karakteristika for russiske og ukrainske kvinder                        <\/h3>\n\n                        <div class=\"tab-content\">\n                            <p>Russiske og ukrainske kvinder er kendt for deres sk\u00f8nhed, varme og dedikation til familiev\u00e6rdier. Selvom de deler nogle ligheder som slaviske kvinder, har hver gruppe unikke tr\u00e6k, der f\u00e5r dem til at skille sig ud.<\/p>\n<ul>\n<li><strong>Russiske kvinder til \u00e6gteskab:<\/strong> Loyale og omsorgsfulde, russiske kvinder til \u00e6gteskab legemligg\u00f8r traditionelle v\u00e6rdier. De str\u00e6ber efter at opretholde et sundt familieliv og er meget hengivne til deres \u00e6gtem\u00e6nd.<\/li>\n<li><strong>Ukrainske brude:<\/strong> Samtidig er ukrainske brude meget beundret for at v\u00e6re uafh\u00e6ngige og livlige personligheder. Damer fra Ukraine er single, selvsikre, elsker frihed og tror p\u00e5 lighed i forhold, hvilket g\u00f8r dem til exceptionelt unikke livspartnere.<\/li>\n<\/ul>\n<p>B\u00e5de russiske og ukrainske kvinder forener en blanding af sk\u00f8nhed, intelligens og dedikation, der skaber et solidt fundament for livslang lykke.<\/p>\n                        <\/div>\n                    <\/div>\n                                                        <div class=\"tab \">\n                        <h3 class=\"tab-title\">\n                            At v\u00e6lge at gifte sig med en ukrainsk kvinde er et glimrende valg                        <\/h3>\n\n                        <div class=\"tab-content\">\n                            <p>At beslutte sig for at gifte sig med en ukrainsk brud betyder at omfavne et liv fyldt med k\u00e6rlighed, respekt og partnerskab.<\/p>\n<h4>Hvorfor er ukrainske brude s\u00e5 unikke?<\/h4>\n<p>Ukrainske brude besidder den uforglemmelige magi af en tiltalende kombination af traditioner og moderne synspunkter; Da ukrainske kvinder, der \u00f8nsker at gifte sig, er opvokset i en familieorienteret kultur, v\u00e6rds\u00e6tter de f\u00f8rst og fremmest familien, men fors\u00f8mmer ikke selvudvikling.<\/p>\n<p>Deres fremtr\u00e6dende karakteristika inkluderer:<\/p>\n<ul>\n<li><strong>Familiecentrerede v\u00e6rdier<\/strong>: Et kendetegn ved ukrainske brude er deres engagement i at opbygge en st\u00e6rk familieatmosf\u00e6re.<\/li>\n<li><strong>Naturlig sk\u00f8nhed<\/strong>: Ukrainske datingkvinder er kendt for deres sl\u00e5ende udseende, ofte med udtryksfulde \u00f8jne og str\u00e5lende smil.<\/li>\n<li><strong>Tilpasningsevne<\/strong>: Disse kvinder balancerer problemfrit huslige forpligtelser med professionelle ambitioner og skaber et dynamisk og givende partnerskab.<\/li>\n<\/ul>\n<h4>Hvorfor er russiske brude s\u00e5 unikke?<\/h4>\n<p>Russiske brude er indbegrebet af ynde og hengivenhed. De holder fast i langvarige traditioner og v\u00e6rds\u00e6tter stabilitet og harmoni i familielivet.<\/p>\n<p>Bem\u00e6rkelsesv\u00e6rdige kvaliteter hos russiske kvinder til \u00e6gteskab inkluderer:<\/p>\n<ul>\n<li><strong>Loyalitet og t\u00e5lmodighed<\/strong>: Russiske kvinder til \u00e6gteskab er standhaftige partnere, der st\u00e5r ved deres k\u00e6re i tykt og tyndt.<\/li>\n<li><strong>Elegance og stil<\/strong>: Russiske datingbrude er stolte af at se velpolerede og pr\u00e6sentable ud til enhver tid.<\/li>\n<li><strong>Omsorgsfuld natur<\/strong>: De udm\u00e6rker sig ved at skabe en varm og im\u00f8dekommende hjemmeatmosf\u00e6re, hvor k\u00e6rligheden blomstrer.<\/li>\n<\/ul>\n                        <\/div>\n                    <\/div>\n                                                        <div class=\"tab \">\n                        <h3 class=\"tab-title\">\n                            Kulturelle indsigter til dating med slaviske kvinder                        <\/h3>\n\n                        <div class=\"tab-content\">\n                            <p>Forst\u00e5else af de kulturelle nuancer hos russiske og ukrainske kvinder kan forbedre din datingoplevelse.<\/p>\n<ul>\n<li><strong>Familien kommer f\u00f8rst:<\/strong>Begge grupper v\u00e6rds\u00e6tter familien dybt og ser den som hj\u00f8rnestenen i lykke.<\/li>\n<li><strong>Respekt og ridderlighed betyder noget:<\/strong>En venlig og respektfuld tilgang betyder meget for disse kvinder. Sm\u00e5 gestus som at holde en d\u00f8r \u00e5ben eller huske vigtige datoer kan g\u00f8re et stort indtryk.<\/li>\n<li><strong>\u00c5ben kommunikation:<\/strong>Brudene i Rusland og Ukraine v\u00e6rds\u00e6tter \u00e6rlighed og \u00e5benhed. V\u00e6r \u00e5ben med dine f\u00f8lelser og intentioner, og det er s\u00e5dan, du kan vinde deres tillid.<\/li>\n<\/ul>\n                        <\/div>\n                    <\/div>\n                                                        <div class=\"tab \">\n                        <h3 class=\"tab-title\">\n                            S\u00e5dan kommunikerer du med smukke brude p\u00e5 Ukreine.com                        <\/h3>\n\n                        <div class=\"tab-content\">\n                            <p>Kommunikation er n\u00f8glen til at opbygge varige forhold. Ukreine.com g\u00f8r det nemt og behageligt at komme i kontakt med kvinder, der leder efter \u00e6gtem\u00e6nd, gennem vores intuitive platform.<\/p>\n<ul>\n<li>Brug <strong>breve og videochats<\/strong> til at udtrykke din \u00e6gte interesse og opbygge en relation.<\/li>\n<li>Send virtuelle eller rigtige gaver for at vise dine romantiske intentioner.<\/li>\n<li>Tag dig tid til at l\u00e6re om hendes kultur og pr\u00e6ferencer for at uddybe jeres forbindelse.<\/li>\n<\/ul>\n                        <\/div>\n                    <\/div>\n                                                        <div class=\"tab \">\n                        <h3 class=\"tab-title\">\n                            Gennemse vores omfattende profiler                        <\/h3>\n\n                        <div class=\"tab-content\">\n                            <p>Udforsk profiler af single russiske kvinder til \u00e6gteskab og ukrainske damer online, der hver is\u00e6r giver et glimt af deres unikke personligheder og dr\u00f8mme. Fra brude fra Ukraine til russiske datingbrude finder du et udvalg af kvinder, der s\u00f8ger meningsfulde forbindelser. Brug vores avancerede filtre til at finde dit perfekte match baseret p\u00e5 alder, interesser og livsstil.<\/p>\n                        <\/div>\n                    <\/div>\n                                                        <div class=\"tab \">\n                        <h3 class=\"tab-title\">\n                            S\u00e5dan f\u00e5r du kontakt med din kommende brud                        <\/h3>\n\n                        <div class=\"tab-content\">\n                            <p>Hos Ukreine.com guider vi dig hvert skridt p\u00e5 vejen mod at finde din ideelle partner.<\/p>\n<ol>\n<li><strong>Registrer dig p\u00e5 vores legitime platform<\/strong>: Opret din profil og f\u00e5 adgang til vores sikre database med smukke brude.<\/li>\n<li><strong>S\u00f8g og match<\/strong>: Brug vores skr\u00e6ddersyede filtre til at finde ukrainske eller russiske brude, der opfylder dine pr\u00e6ferencer.<\/li>\n<li><strong>Start samtalen<\/strong>: Send en besked eller planl\u00e6g en videochat for at l\u00e6re hende bedre at kende.<\/li>\n<li><strong>Planl\u00e6g et personligt m\u00f8de<\/strong>: N\u00e5r I har opbygget en forbindelse, kan I arrangere et romantisk m\u00f8de for at styrke jeres forhold.<\/li>\n<\/ol>\n                        <\/div>\n                    <\/div>\n                                                        <div class=\"tab \">\n                        <h3 class=\"tab-title\">\n                            Ofte stillede sp\u00f8rgsm\u00e5l om dating af russiske og ukrainske brude                        <\/h3>\n\n                        <div class=\"tab-content\">\n                            <h4>Hvordan kan jeg finde en brud til dating?<\/h4>\n<p>Registrer dig p\u00e5 Ukreine.com og f\u00e5 ubegr\u00e6nset adgang til den store samling af ukrainske brudeprofiler og russiske brudeprofiler. Brug vores effektive s\u00f8gning og find kvinder i henhold til dine pr\u00e6ferencer.<\/p>\n<h4>Hvad skal jeg vide om at date ukrainske brude online?<\/h4>\n<p>V\u00e6r respektfuld, t\u00e5lmodig og \u00e6gte; ukrainske kvinder kan lide oprigtighed, og det tjener dem, hvis man f\u00e5r dem til at f\u00f8le sig v\u00e6rdsat p\u00e5 alle mulige m\u00e5der ved at forst\u00e5 deres kultur og v\u00e6rdier.<\/p>\n<h4>Kan jeg gifte mig med en ukrainsk eller russisk postordrebrud?<\/h4>\n<p>Ja, du kan gifte dig med en brud fra Ukraine eller Rusland gennem gensidig samtykke og forpligtelse. Vores datingside indeholder alle de n\u00f8dvendige faciliteter for at blive forbundet med en kompatibel partner.<\/p>\n<h4>Hvad er fordelene ved at bruge et brudebureau til at finde en ukrainsk brud?<\/h4>\n<p>Du er sikker p\u00e5 at f\u00e5 nogle fantastiske verificerede profiler, sikre kommunikationsmidler og professionel vejledning, der vil hj\u00e6lpe dig med at finde dit perfekte match med et velrenommeret bureau som Ukreine.com.<\/p>\n                        <\/div>\n                    <\/div>\n                            <\/div>\n            <\/div>\n\n    <\/section>","protected":false},"excerpt":{"rendered":"","protected":false},"author":1,"featured_media":1035482,"parent":0,"menu_order":0,"comment_status":"closed","ping_status":"closed","template":"LadiesProfilesTemplate.php","meta":{"_acf_changed":false,"footnotes":""},"class_list":["post-293192","page","type-page","status-publish","has-post-thumbnail","hentry"],"acf":[],"yoast_head":"<!-- This site is optimized with the Yoast SEO Premium plugin v25.5 (Yoast SEO v27.2) - https:\/\/yoast.com\/product\/yoast-seo-premium-wordpress\/ -->\n<title>Single ukrainske kvinder til date \u2013 Verificerede profiler - Ukreine<\/title>\n<meta name=\"description\" content=\"Udforsk \u00e6gte profiler af russiske og ukrainske kvinder, der s\u00f8ger et seri\u00f8st forhold. M\u00f8d familieorienterede og oprigtige kvinder, som er klar til at finde k\u00e6rligheden.\" \/>\n<meta name=\"robots\" content=\"index, follow, max-snippet:-1, max-image-preview:large, max-video-preview:-1\" \/>\n<link rel=\"canonical\" href=\"https:\/\/ukreine.com\/da\/russiske-og-ukrainske-brudeprofiler\/\" \/>\n<meta property=\"og:locale\" content=\"da_DK\" \/>\n<meta property=\"og:type\" content=\"article\" \/>\n<meta property=\"og:title\" content=\"Russiske og ukrainske brudeprofiler\" \/>\n<meta property=\"og:description\" content=\"Udforsk \u00e6gte profiler af russiske og ukrainske kvinder, der s\u00f8ger et seri\u00f8st forhold. M\u00f8d familieorienterede og oprigtige kvinder, som er klar til at finde k\u00e6rligheden.\" \/>\n<meta property=\"og:url\" content=\"https:\/\/ukreine.com\/da\/russiske-og-ukrainske-brudeprofiler\/\" \/>\n<meta property=\"og:site_name\" content=\"Ukreine\" \/>\n<meta property=\"article:publisher\" content=\"https:\/\/www.facebook.com\/datingrussianbrides\/\" \/>\n<meta property=\"article:modified_time\" content=\"2025-09-22T07:38:19+00:00\" \/>\n<meta name=\"twitter:card\" content=\"summary_large_image\" \/>\n<meta name=\"twitter:site\" content=\"@t4388388833\" \/>\n<script type=\"application\/ld+json\" class=\"yoast-schema-graph\">{\"@context\":\"https:\/\/schema.org\",\"@graph\":[{\"@type\":\"WebPage\",\"@id\":\"https:\/\/ukreine.com\/da\/russiske-og-ukrainske-brudeprofiler\/\",\"url\":\"https:\/\/ukreine.com\/da\/russiske-og-ukrainske-brudeprofiler\/\",\"name\":\"Single ukrainske kvinder til date \u2013 Verificerede profiler - Ukreine\",\"isPartOf\":{\"@id\":\"https:\/\/ukreine.com\/da\/#website\"},\"primaryImageOfPage\":{\"@id\":\"https:\/\/ukreine.com\/da\/russiske-og-ukrainske-brudeprofiler\/#primaryimage\"},\"image\":{\"@id\":\"https:\/\/ukreine.com\/da\/russiske-og-ukrainske-brudeprofiler\/#primaryimage\"},\"thumbnailUrl\":\"https:\/\/ukreine.com\/wp-content\/uploads\/2025\/11\/marina.jpg\",\"datePublished\":\"2016-01-12T15:02:19+00:00\",\"dateModified\":\"2025-09-22T07:38:19+00:00\",\"description\":\"Udforsk \u00e6gte profiler af russiske og ukrainske kvinder, der s\u00f8ger et seri\u00f8st forhold. M\u00f8d familieorienterede og oprigtige kvinder, som er klar til at finde k\u00e6rligheden.\",\"breadcrumb\":{\"@id\":\"https:\/\/ukreine.com\/da\/russiske-og-ukrainske-brudeprofiler\/#breadcrumb\"},\"inLanguage\":\"da-DK\",\"potentialAction\":[{\"@type\":\"ReadAction\",\"target\":[\"https:\/\/ukreine.com\/da\/russiske-og-ukrainske-brudeprofiler\/\"]}]},{\"@type\":\"ImageObject\",\"inLanguage\":\"da-DK\",\"@id\":\"https:\/\/ukreine.com\/da\/russiske-og-ukrainske-brudeprofiler\/#primaryimage\",\"url\":\"https:\/\/ukreine.com\/wp-content\/uploads\/2025\/11\/marina.jpg\",\"contentUrl\":\"https:\/\/ukreine.com\/wp-content\/uploads\/2025\/11\/marina.jpg\",\"width\":738,\"height\":958},{\"@type\":\"BreadcrumbList\",\"@id\":\"https:\/\/ukreine.com\/da\/russiske-og-ukrainske-brudeprofiler\/#breadcrumb\",\"itemListElement\":[{\"@type\":\"ListItem\",\"position\":1,\"name\":\"Home\",\"item\":\"https:\/\/ukreine.com\/da\/\"},{\"@type\":\"ListItem\",\"position\":2,\"name\":\"Russiske og ukrainske brudeprofiler\"}]},{\"@type\":\"WebSite\",\"@id\":\"https:\/\/ukreine.com\/da\/#website\",\"url\":\"https:\/\/ukreine.com\/da\/\",\"name\":\"Ukreine\",\"description\":\"\",\"publisher\":{\"@id\":\"https:\/\/ukreine.com\/da\/#organization\"},\"potentialAction\":[{\"@type\":\"SearchAction\",\"target\":{\"@type\":\"EntryPoint\",\"urlTemplate\":\"https:\/\/ukreine.com\/da\/?s={search_term_string}\"},\"query-input\":{\"@type\":\"PropertyValueSpecification\",\"valueRequired\":true,\"valueName\":\"search_term_string\"}}],\"inLanguage\":\"da-DK\"},{\"@type\":\"Organization\",\"@id\":\"https:\/\/ukreine.com\/da\/#organization\",\"name\":\"Ukreine\",\"url\":\"https:\/\/ukreine.com\/da\/\",\"logo\":{\"@type\":\"ImageObject\",\"inLanguage\":\"da-DK\",\"@id\":\"https:\/\/ukreine.com\/da\/#\/schema\/logo\/image\/\",\"url\":\"https:\/\/ukreine.com\/wp-content\/uploads\/2018\/05\/logo.png\",\"contentUrl\":\"https:\/\/ukreine.com\/wp-content\/uploads\/2018\/05\/logo.png\",\"width\":325,\"height\":69,\"caption\":\"Ukreine\"},\"image\":{\"@id\":\"https:\/\/ukreine.com\/da\/#\/schema\/logo\/image\/\"},\"sameAs\":[\"https:\/\/www.facebook.com\/datingrussianbrides\/\",\"https:\/\/x.com\/t4388388833\",\"https:\/\/www.instagram.com\/agenceukreine\/\",\"https:\/\/www.pinterest.com\/dbereznyakov\/\",\"https:\/\/www.youtube.com\/channel\/UC5lMwPhy20E8Bti0mQL43UA\"]}]}<\/script>\n<!-- \/ Yoast SEO Premium plugin. -->","yoast_head_json":{"title":"Single ukrainske kvinder til date \u2013 Verificerede profiler - Ukreine","description":"Udforsk \u00e6gte profiler af russiske og ukrainske kvinder, der s\u00f8ger et seri\u00f8st forhold. M\u00f8d familieorienterede og oprigtige kvinder, som er klar til at finde k\u00e6rligheden.","robots":{"index":"index","follow":"follow","max-snippet":"max-snippet:-1","max-image-preview":"max-image-preview:large","max-video-preview":"max-video-preview:-1"},"canonical":"https:\/\/ukreine.com\/da\/russiske-og-ukrainske-brudeprofiler\/","og_locale":"da_DK","og_type":"article","og_title":"Russiske og ukrainske brudeprofiler","og_description":"Udforsk \u00e6gte profiler af russiske og ukrainske kvinder, der s\u00f8ger et seri\u00f8st forhold. M\u00f8d familieorienterede og oprigtige kvinder, som er klar til at finde k\u00e6rligheden.","og_url":"https:\/\/ukreine.com\/da\/russiske-og-ukrainske-brudeprofiler\/","og_site_name":"Ukreine","article_publisher":"https:\/\/www.facebook.com\/datingrussianbrides\/","article_modified_time":"2025-09-22T07:38:19+00:00","twitter_card":"summary_large_image","twitter_site":"@t4388388833","schema":{"@context":"https:\/\/schema.org","@graph":[{"@type":"WebPage","@id":"https:\/\/ukreine.com\/da\/russiske-og-ukrainske-brudeprofiler\/","url":"https:\/\/ukreine.com\/da\/russiske-og-ukrainske-brudeprofiler\/","name":"Single ukrainske kvinder til date \u2013 Verificerede profiler - Ukreine","isPartOf":{"@id":"https:\/\/ukreine.com\/da\/#website"},"primaryImageOfPage":{"@id":"https:\/\/ukreine.com\/da\/russiske-og-ukrainske-brudeprofiler\/#primaryimage"},"image":{"@id":"https:\/\/ukreine.com\/da\/russiske-og-ukrainske-brudeprofiler\/#primaryimage"},"thumbnailUrl":"https:\/\/ukreine.com\/wp-content\/uploads\/2025\/11\/marina.jpg","datePublished":"2016-01-12T15:02:19+00:00","dateModified":"2025-09-22T07:38:19+00:00","description":"Udforsk \u00e6gte profiler af russiske og ukrainske kvinder, der s\u00f8ger et seri\u00f8st forhold. M\u00f8d familieorienterede og oprigtige kvinder, som er klar til at finde k\u00e6rligheden.","breadcrumb":{"@id":"https:\/\/ukreine.com\/da\/russiske-og-ukrainske-brudeprofiler\/#breadcrumb"},"inLanguage":"da-DK","potentialAction":[{"@type":"ReadAction","target":["https:\/\/ukreine.com\/da\/russiske-og-ukrainske-brudeprofiler\/"]}]},{"@type":"ImageObject","inLanguage":"da-DK","@id":"https:\/\/ukreine.com\/da\/russiske-og-ukrainske-brudeprofiler\/#primaryimage","url":"https:\/\/ukreine.com\/wp-content\/uploads\/2025\/11\/marina.jpg","contentUrl":"https:\/\/ukreine.com\/wp-content\/uploads\/2025\/11\/marina.jpg","width":738,"height":958},{"@type":"BreadcrumbList","@id":"https:\/\/ukreine.com\/da\/russiske-og-ukrainske-brudeprofiler\/#breadcrumb","itemListElement":[{"@type":"ListItem","position":1,"name":"Home","item":"https:\/\/ukreine.com\/da\/"},{"@type":"ListItem","position":2,"name":"Russiske og ukrainske brudeprofiler"}]},{"@type":"WebSite","@id":"https:\/\/ukreine.com\/da\/#website","url":"https:\/\/ukreine.com\/da\/","name":"Ukreine","description":"","publisher":{"@id":"https:\/\/ukreine.com\/da\/#organization"},"potentialAction":[{"@type":"SearchAction","target":{"@type":"EntryPoint","urlTemplate":"https:\/\/ukreine.com\/da\/?s={search_term_string}"},"query-input":{"@type":"PropertyValueSpecification","valueRequired":true,"valueName":"search_term_string"}}],"inLanguage":"da-DK"},{"@type":"Organization","@id":"https:\/\/ukreine.com\/da\/#organization","name":"Ukreine","url":"https:\/\/ukreine.com\/da\/","logo":{"@type":"ImageObject","inLanguage":"da-DK","@id":"https:\/\/ukreine.com\/da\/#\/schema\/logo\/image\/","url":"https:\/\/ukreine.com\/wp-content\/uploads\/2018\/05\/logo.png","contentUrl":"https:\/\/ukreine.com\/wp-content\/uploads\/2018\/05\/logo.png","width":325,"height":69,"caption":"Ukreine"},"image":{"@id":"https:\/\/ukreine.com\/da\/#\/schema\/logo\/image\/"},"sameAs":["https:\/\/www.facebook.com\/datingrussianbrides\/","https:\/\/x.com\/t4388388833","https:\/\/www.instagram.com\/agenceukreine\/","https:\/\/www.pinterest.com\/dbereznyakov\/","https:\/\/www.youtube.com\/channel\/UC5lMwPhy20E8Bti0mQL43UA"]}]}},"_links":{"self":[{"href":"https:\/\/ukreine.com\/da\/wp-json\/wp\/v2\/pages\/293192","targetHints":{"allow":["GET"]}}],"collection":[{"href":"https:\/\/ukreine.com\/da\/wp-json\/wp\/v2\/pages"}],"about":[{"href":"https:\/\/ukreine.com\/da\/wp-json\/wp\/v2\/types\/page"}],"author":[{"embeddable":true,"href":"https:\/\/ukreine.com\/da\/wp-json\/wp\/v2\/users\/1"}],"replies":[{"embeddable":true,"href":"https:\/\/ukreine.com\/da\/wp-json\/wp\/v2\/comments?post=293192"}],"version-history":[{"count":2,"href":"https:\/\/ukreine.com\/da\/wp-json\/wp\/v2\/pages\/293192\/revisions"}],"predecessor-version":[{"id":1022905,"href":"https:\/\/ukreine.com\/da\/wp-json\/wp\/v2\/pages\/293192\/revisions\/1022905"}],"wp:featuredmedia":[{"embeddable":true,"href":"https:\/\/ukreine.com\/da\/wp-json\/wp\/v2\/media\/1035482"}],"wp:attachment":[{"href":"https:\/\/ukreine.com\/da\/wp-json\/wp\/v2\/media?parent=293192"}],"curies":[{"name":"wp","href":"https:\/\/api.w.org\/{rel}","templated":true}]}}