{"id":262041,"date":"2020-03-22T21:58:32","date_gmt":"2020-03-22T21:58:32","guid":{"rendered":"https:\/\/ukreine.com\/?page_id=262041"},"modified":"2025-02-25T17:53:55","modified_gmt":"2025-02-25T17:53:55","slug":"om-vores-agentur-for-dating-og-aegteskab","status":"publish","type":"page","link":"https:\/\/ukreine.com\/da\/om-vores-agentur-for-dating-og-aegteskab\/","title":{"rendered":"Om vores agentur for dating og \u00e6gteskab"},"content":{"rendered":"<h4><b>Hvor kan jeg finde dit dating- og \u00e6gteskabsagentur?<\/b><\/h4>\n<p>I skrivende stund har vi tre fysiske kontorer rundt om i verden:<\/p>\n<p>Hovedkontoret for vores dating bureau er beliggende i Montreal og d\u00e6kker hele USA og Canada.<\/p>\n<p>Vores franske kontor er beliggende i Paris og d\u00e6kker hele Vesteuropa.<\/p>\n<p>Vores ukrainske kontor har base i Kharkiv, som i \u00f8vrigt er den n\u00e6stst\u00f8rste by efter Kiev med n\u00e6sten to millioner indbyggere. Det er ogs\u00e5 det tredje st\u00f8rste universitet i det tidligere Sovjetunionen. Alle vores kandidater skal fysisk g\u00e5 til kontoret, mens vi aldrig samarbejder med lokale akt\u00f8rer, men administrerer alt p\u00e5 egen h\u00e5nd for at undg\u00e5 un\u00f8dvendige misforst\u00e5elser.<\/p>\n<h4><b>Hvorn\u00e5r startede du dit bureau??<\/b><\/h4>\n<p>Vores f\u00f8rste kontor s\u00e5 lyset i 1998, dvs. mere end tyve \u00e5r senere. I l\u00f8bet af denne tid var vi faktisk den f\u00f8rste spiller i \u00e6gteskabsm\u00e6gling med et fysisk baseret kontor, der hovedsageligt fokuserede p\u00e5 at samle m\u00e6nd fra Frankrig, Schweiz, Belgien og Quebec med vores smukke ukrainske piger.<\/p>\n<p>Derefter startede vi vores samarbejde med et antal engelsktalende klienter flere \u00e5r senere, da vi inds\u00e5, at der var et stort antal yngre m\u00e6nd, der brugte Google til at s\u00f8ge efter forhold til russiske og ukrainske kvinder.<\/p>\n<p>I l\u00f8bet af de sidste to \u00e5rtier har vi set en stor \u00e6ndring i dating- og \u00e6gteskabssf\u00e6ren. Vi er ogs\u00e5 blevet en af \u200b\u200bde f\u00f8rende spillere med en us\u00e6dvanlig h\u00f8j grad af succes. Vi kan dog bem\u00e6rke i l\u00f8bet af den tid, at vi har set, at tilstedev\u00e6relsen af \u200b\u200buseri\u00f8se spillere med fokus p\u00e5 USA, Canada, Europa, Ukraine og Rusland aldrig har v\u00e6ret st\u00f8rre.<\/p>\n<p>Alle disse har fokus p\u00e5 at oprette falske profiler af russiske og ukrainske kvinder, der har tendens til at lokke enlige til at betale for at tale med dem. Desuden lover de resultater, som de aldrig kan holde uden at det hele skr\u00e6ddersys til at f\u00e5 adgang til klientens penge. P\u00e5 grund af dette har m\u00e6nd f\u00e5et meget mindre tillid til forskellige agenturer, der er engageret i det, vi g\u00f8r, hvilket ogs\u00e5 er blevet bem\u00e6rket i vores forretning, fordi folk er tilbageholdende med at ans\u00e6tte et bestemt agentur, som de ikke anerkender. P\u00e5 grund af dette arbejder vi ekstra h\u00e5rdt for at vinde vores kunders tillid, og vi str\u00e6ber efter at f\u00e5 det bedste ud af det hele..<\/p>\n<h4><b>Hvor kan jeg se billeder af dit personale?<\/b><\/h4>\n<p>I dag er vi et team p\u00e5 over tredive enkeltpersoner. Du m\u00f8der flere af vores talentfulde medarbejdere, n\u00e5r du bes\u00f8ger et af vores fysiske kontorer. Vi tildeler en personlig assistent til hver klient, der bes\u00f8ger os for at sikre en tilfredsstillende proces.<\/p>\n<p><img decoding=\"async\" class=\"alignnone wp-image-262053 size-full\" src=\"https:\/\/ukreine.com\/wp-content\/uploads\/2020\/03\/IMG_5615-1-1.jpg\" alt=\"\" width=\"591\" height=\"394\" srcset=\"https:\/\/ukreine.com\/wp-content\/uploads\/2020\/03\/IMG_5615-1-1.jpg 591w, https:\/\/ukreine.com\/wp-content\/uploads\/2020\/03\/IMG_5615-1-1-200x133.jpg 200w\" sizes=\"(max-width: 591px) 100vw, 591px\" \/><\/p>\n<p><em><span class=\"tlid-translation translation\" lang=\"da\"><span class=\"\" title=\"\">En lille del af vores team: Oleg (programm\u00f8r), Anna (overs\u00e6tter), Natalie (direkt\u00f8r for det ukrainske kontor), Dimitri (grundl\u00e6gger), Katia (manager), Lubov (tolk), Val\u00e9riy (programm\u00f8r)<\/span><\/span><\/em><\/p>\n<p>&nbsp;<\/p>\n<h4><b>Hvordan er det, at mere end 95% af den internationale dating sf\u00e6re er en ren fidus, men 100% af de russiske og ukrainske websteder praler af, at deres intentioner er helt \u00e6rlige?<\/b><\/h4>\n<p>Selvf\u00f8lgelig vil en skuespiller, der ikke har nogen \u00e6rlig intention med sin forretning, aldrig sige det lige. I stedet vil disse skuespillere prale af, hvor succesrige de er, og derefter pr\u00f8ve at bevise det med opfindelige klienter.<\/p>\n<p>En pige eller kvinde, der \u00f8nsker at tilbringe resten af \u200b\u200bsit liv med dig, starter aldrig en samtale om at diskutere penge, men deres f\u00f8lelser for dig.<\/p>\n<p>I dag kan vi med stolthed sige, at vi er grundl\u00e6ggeren af \u200b\u200bden st\u00f8rste platform, der fokuserer p\u00e5 at afsl\u00f8re svindlere, som du finder p\u00e5 dette websted: <a href=\"https:\/\/allaboutdatingscams.com\/\">allaboutdatingscams.com<\/a><\/p>\n<p>Vi har med andre ord et solidt kendskab til, hvordan den u\u00e6rlige branche fungerer og kan give nyttige tip til, hvordan man undg\u00e5r u\u00e6rlige spillere og sparer en masse penge.<\/p>\n<p>Se venligst p\u00e5, hvordan vores direkt\u00f8r gennemg\u00e5r en l\u00f8gnedetektortest med godt udseende!<\/p>\n<p>[wpdevart_youtube width=&#8221;640&#8243; height=&#8221;385&#8243; autoplay=&#8221;0&#8243; theme=&#8221;dark&#8221; loop_video=&#8221;0&#8243; enable_fullscreen=&#8221;1&#8243; show_related=&#8221;1&#8243; show_popup=&#8221;0&#8243; thumb_popup_width=&#8221;213&#8243; thumb_popup_height=&#8221;128&#8243; show_title=&#8221;1&#8243; show_youtube_icon=&#8221;1&#8243; show_annotations=&#8221;1&#8243; show_progress_bar_color=&#8221;red&#8221; autohide_parameters=&#8221;1&#8243; set_initial_volume=&#8221;false&#8221; initial_volume=&#8221;100&#8243; disable_keyboard=&#8221;0&#8243;]_tGGgAHDX38[\/wpdevart_youtube]<\/p>\n<h4><b>Hvorfor kaldes dit dating- og \u00e6gteskabsagentur UkReine?<\/b><\/h4>\n<p>Eftersom vi verkar fr\u00e4mst i Ukraina s\u00e5 inneh\u00e5ller v\u00e5rt namn b\u00e5de delen \u201cUk\u201d som syftar p\u00e5 Ukraina samt \u201cReine\u201d som p\u00e5 det franska spr\u00e5ket betyder drottning. Tanken \u00e4r att man ska associera oss med de vackra or snygga ryska samt ukrainska tjejer som alla str\u00e4var efter att tr\u00e4ffa sin livspartner<\/p>\n<h4><b>Hvad er forskellen mellem UkReine Ltd og andre russiske dating- og \u00e6gteskabsbureauer?<\/b><\/h4>\n<p>Den st\u00f8rste forskel kan findes i, at vi faktisk har en helt gennemsigtig forretning og arbejder med forebyggende form\u00e5l ved at modvirke u\u00e6rlige akt\u00f8rer.<\/p>\n<p>Vi er et selskab registreret i Canada og skjuler sig derfor ikke bag flere andre virksomheder eller opererer i regioner, hvor international retf\u00e6rdighed er vanskelig at operere i.<\/p>\n<p>Vi kan v\u00e6re stolte af at v\u00e6re en af \u200b\u200bde st\u00f8rste platforme for dating og \u00e6gteskab med fokus p\u00e5 at im\u00f8deg\u00e5 u\u00e6rlige skuespillere, nemlig: allaboutdatingscams.com<\/p>\n<p>Vi har generelt ogs\u00e5 billigere priser sammenlignet med vores konkurrenter med base i b\u00e5de USA og Canada.<\/p>\n<p>Som en del af vores gennemsigtige arbejdsmetode kan du ogs\u00e5 se vores administrerende direkt\u00f8r gennem en l\u00f8gnedetektor-test for at sikre, at vi er et \u00e6gte produkt!<\/p>\n<p>P\u00e5 grund af dette kan vi ALTID garantere et fremragende resultat for enhver person, vi anser for at passe sammen med en af \u200b\u200bvores kandidater, samtidig med at vi opfatter deres kriterier som realistiske og faktisk mulige at omfavne i virkeligheden.<\/p>\n<p>&nbsp;<\/p>\n<p><iframe title=\"SHOCKING TRUTH about Russian dating sites with a LIE DETECTOR TEST\" width=\"660\" height=\"371\" src=\"https:\/\/www.youtube.com\/embed\/TOzsdzS0L2Q?list=PLtGdpKKcfcc2f6FvKwbADg9mx69d0lmry\" frameborder=\"0\" allow=\"accelerometer; autoplay; clipboard-write; encrypted-media; gyroscope; picture-in-picture; web-share\" referrerpolicy=\"strict-origin-when-cross-origin\" allowfullscreen><\/iframe><\/p>\n<p>.<\/p>\n<p><b>Kan du hj\u00e6lpe m\u00e6nd fra Danmark?<\/b><\/p>\n<p>Vi kan selvf\u00f8lgelig ogs\u00e5 hj\u00e6lpe m\u00e6nd fra Danmark!<\/p>\n<p>Vi starter hele processen med at v\u00e6lge et antal damer, som vi anser for at passe til de krav, du har. S\u00e5 har du muligheden for at bes\u00f8ge os i Ukraine, eller hvis du ikke kan komme hit, arrangerer vi damens tur til Danmark. Vi afslutter det hele ved hj\u00e6lp af internationale \u00e6gteskabsprocedurer.<\/p>\n<p>&nbsp;<\/p>\n<p>&nbsp;<\/p>\n<p>&nbsp;<\/p>\n","protected":false},"excerpt":{"rendered":"<p>Hvor kan jeg finde dit dating- og \u00e6gteskabsagentur? I skrivende stund har vi tre fysiske kontorer rundt om i verden: Hovedkontoret for vores dating bureau er beliggende i Montreal og d\u00e6kker hele USA og Canada. Vores franske kontor er beliggende i Paris og d\u00e6kker hele Vesteuropa. Vores ukrainske kontor har base i Kharkiv, som i [&hellip;]<\/p>\n","protected":false},"author":54,"featured_media":0,"parent":0,"menu_order":0,"comment_status":"closed","ping_status":"closed","template":"","meta":{"_acf_changed":false,"footnotes":""},"class_list":["post-262041","page","type-page","status-publish","hentry"],"acf":[],"yoast_head":"<!-- This site is optimized with the Yoast SEO Premium plugin v25.5 (Yoast SEO v27.2) - https:\/\/yoast.com\/product\/yoast-seo-premium-wordpress\/ -->\n<title>Om vores agentur for dating og \u00e6gteskab \uff5cUkReine Inc<\/title>\n<meta name=\"description\" content=\"Hvorfor altid v\u00e6lge os som partner, n\u00e5r vi leder efter seri\u00f8se forhold til russiske og ukrainske kvinder, og hvordan adskiller vi os fra vores konkurrenter?\" \/>\n<meta name=\"robots\" content=\"index, follow, max-snippet:-1, max-image-preview:large, max-video-preview:-1\" \/>\n<link rel=\"canonical\" href=\"https:\/\/ukreine.com\/da\/om-vores-agentur-for-dating-og-aegteskab\/\" \/>\n<meta property=\"og:locale\" content=\"da_DK\" \/>\n<meta property=\"og:type\" content=\"article\" \/>\n<meta property=\"og:title\" content=\"Om vores agentur for dating og \u00e6gteskab\" \/>\n<meta property=\"og:description\" content=\"Hvorfor altid v\u00e6lge os som partner, n\u00e5r vi leder efter seri\u00f8se forhold til russiske og ukrainske kvinder, og hvordan adskiller vi os fra vores konkurrenter?\" \/>\n<meta property=\"og:url\" content=\"https:\/\/ukreine.com\/da\/om-vores-agentur-for-dating-og-aegteskab\/\" \/>\n<meta property=\"og:site_name\" content=\"Ukreine\" \/>\n<meta property=\"article:publisher\" content=\"https:\/\/www.facebook.com\/datingrussianbrides\/\" \/>\n<meta property=\"article:modified_time\" content=\"2025-02-25T17:53:55+00:00\" \/>\n<meta property=\"og:image\" content=\"https:\/\/ukreine.com\/wp-content\/uploads\/2020\/03\/IMG_5615-1-1.jpg\" \/>\n\t<meta property=\"og:image:width\" content=\"591\" \/>\n\t<meta property=\"og:image:height\" content=\"394\" \/>\n\t<meta property=\"og:image:type\" content=\"image\/jpeg\" \/>\n<meta name=\"twitter:card\" content=\"summary_large_image\" \/>\n<meta name=\"twitter:site\" content=\"@t4388388833\" \/>\n<meta name=\"twitter:label1\" content=\"Estimeret l\u00e6setid\" \/>\n\t<meta name=\"twitter:data1\" content=\"5 minutter\" \/>\n<script type=\"application\/ld+json\" class=\"yoast-schema-graph\">{\"@context\":\"https:\/\/schema.org\",\"@graph\":[{\"@type\":\"WebPage\",\"@id\":\"https:\/\/ukreine.com\/da\/om-vores-agentur-for-dating-og-aegteskab\/\",\"url\":\"https:\/\/ukreine.com\/da\/om-vores-agentur-for-dating-og-aegteskab\/\",\"name\":\"Om vores agentur for dating og \u00e6gteskab \uff5cUkReine Inc\",\"isPartOf\":{\"@id\":\"https:\/\/ukreine.com\/da\/#website\"},\"primaryImageOfPage\":{\"@id\":\"https:\/\/ukreine.com\/da\/om-vores-agentur-for-dating-og-aegteskab\/#primaryimage\"},\"image\":{\"@id\":\"https:\/\/ukreine.com\/da\/om-vores-agentur-for-dating-og-aegteskab\/#primaryimage\"},\"thumbnailUrl\":\"https:\/\/ukreine.com\/wp-content\/uploads\/2020\/03\/IMG_5615-1-1.jpg\",\"datePublished\":\"2020-03-22T21:58:32+00:00\",\"dateModified\":\"2025-02-25T17:53:55+00:00\",\"description\":\"Hvorfor altid v\u00e6lge os som partner, n\u00e5r vi leder efter seri\u00f8se forhold til russiske og ukrainske kvinder, og hvordan adskiller vi os fra vores konkurrenter?\",\"breadcrumb\":{\"@id\":\"https:\/\/ukreine.com\/da\/om-vores-agentur-for-dating-og-aegteskab\/#breadcrumb\"},\"inLanguage\":\"da-DK\",\"potentialAction\":[{\"@type\":\"ReadAction\",\"target\":[\"https:\/\/ukreine.com\/da\/om-vores-agentur-for-dating-og-aegteskab\/\"]}]},{\"@type\":\"ImageObject\",\"inLanguage\":\"da-DK\",\"@id\":\"https:\/\/ukreine.com\/da\/om-vores-agentur-for-dating-og-aegteskab\/#primaryimage\",\"url\":\"https:\/\/ukreine.com\/wp-content\/uploads\/2020\/03\/IMG_5615-1-1.jpg\",\"contentUrl\":\"https:\/\/ukreine.com\/wp-content\/uploads\/2020\/03\/IMG_5615-1-1.jpg\"},{\"@type\":\"BreadcrumbList\",\"@id\":\"https:\/\/ukreine.com\/da\/om-vores-agentur-for-dating-og-aegteskab\/#breadcrumb\",\"itemListElement\":[{\"@type\":\"ListItem\",\"position\":1,\"name\":\"Home\",\"item\":\"https:\/\/ukreine.com\/da\/\"},{\"@type\":\"ListItem\",\"position\":2,\"name\":\"Om vores agentur for dating og \u00e6gteskab\"}]},{\"@type\":\"WebSite\",\"@id\":\"https:\/\/ukreine.com\/da\/#website\",\"url\":\"https:\/\/ukreine.com\/da\/\",\"name\":\"Ukreine\",\"description\":\"\",\"publisher\":{\"@id\":\"https:\/\/ukreine.com\/da\/#organization\"},\"potentialAction\":[{\"@type\":\"SearchAction\",\"target\":{\"@type\":\"EntryPoint\",\"urlTemplate\":\"https:\/\/ukreine.com\/da\/?s={search_term_string}\"},\"query-input\":{\"@type\":\"PropertyValueSpecification\",\"valueRequired\":true,\"valueName\":\"search_term_string\"}}],\"inLanguage\":\"da-DK\"},{\"@type\":\"Organization\",\"@id\":\"https:\/\/ukreine.com\/da\/#organization\",\"name\":\"Ukreine\",\"url\":\"https:\/\/ukreine.com\/da\/\",\"logo\":{\"@type\":\"ImageObject\",\"inLanguage\":\"da-DK\",\"@id\":\"https:\/\/ukreine.com\/da\/#\/schema\/logo\/image\/\",\"url\":\"https:\/\/ukreine.com\/wp-content\/uploads\/2018\/05\/logo.png\",\"contentUrl\":\"https:\/\/ukreine.com\/wp-content\/uploads\/2018\/05\/logo.png\",\"width\":325,\"height\":69,\"caption\":\"Ukreine\"},\"image\":{\"@id\":\"https:\/\/ukreine.com\/da\/#\/schema\/logo\/image\/\"},\"sameAs\":[\"https:\/\/www.facebook.com\/datingrussianbrides\/\",\"https:\/\/x.com\/t4388388833\",\"https:\/\/www.instagram.com\/agenceukreine\/\",\"https:\/\/www.pinterest.com\/dbereznyakov\/\",\"https:\/\/www.youtube.com\/channel\/UC5lMwPhy20E8Bti0mQL43UA\"]}]}<\/script>\n<!-- \/ Yoast SEO Premium plugin. -->","yoast_head_json":{"title":"Om vores agentur for dating og \u00e6gteskab \uff5cUkReine Inc","description":"Hvorfor altid v\u00e6lge os som partner, n\u00e5r vi leder efter seri\u00f8se forhold til russiske og ukrainske kvinder, og hvordan adskiller vi os fra vores konkurrenter?","robots":{"index":"index","follow":"follow","max-snippet":"max-snippet:-1","max-image-preview":"max-image-preview:large","max-video-preview":"max-video-preview:-1"},"canonical":"https:\/\/ukreine.com\/da\/om-vores-agentur-for-dating-og-aegteskab\/","og_locale":"da_DK","og_type":"article","og_title":"Om vores agentur for dating og \u00e6gteskab","og_description":"Hvorfor altid v\u00e6lge os som partner, n\u00e5r vi leder efter seri\u00f8se forhold til russiske og ukrainske kvinder, og hvordan adskiller vi os fra vores konkurrenter?","og_url":"https:\/\/ukreine.com\/da\/om-vores-agentur-for-dating-og-aegteskab\/","og_site_name":"Ukreine","article_publisher":"https:\/\/www.facebook.com\/datingrussianbrides\/","article_modified_time":"2025-02-25T17:53:55+00:00","og_image":[{"width":591,"height":394,"url":"https:\/\/ukreine.com\/wp-content\/uploads\/2020\/03\/IMG_5615-1-1.jpg","type":"image\/jpeg"}],"twitter_card":"summary_large_image","twitter_site":"@t4388388833","twitter_misc":{"Estimeret l\u00e6setid":"5 minutter"},"schema":{"@context":"https:\/\/schema.org","@graph":[{"@type":"WebPage","@id":"https:\/\/ukreine.com\/da\/om-vores-agentur-for-dating-og-aegteskab\/","url":"https:\/\/ukreine.com\/da\/om-vores-agentur-for-dating-og-aegteskab\/","name":"Om vores agentur for dating og \u00e6gteskab \uff5cUkReine Inc","isPartOf":{"@id":"https:\/\/ukreine.com\/da\/#website"},"primaryImageOfPage":{"@id":"https:\/\/ukreine.com\/da\/om-vores-agentur-for-dating-og-aegteskab\/#primaryimage"},"image":{"@id":"https:\/\/ukreine.com\/da\/om-vores-agentur-for-dating-og-aegteskab\/#primaryimage"},"thumbnailUrl":"https:\/\/ukreine.com\/wp-content\/uploads\/2020\/03\/IMG_5615-1-1.jpg","datePublished":"2020-03-22T21:58:32+00:00","dateModified":"2025-02-25T17:53:55+00:00","description":"Hvorfor altid v\u00e6lge os som partner, n\u00e5r vi leder efter seri\u00f8se forhold til russiske og ukrainske kvinder, og hvordan adskiller vi os fra vores konkurrenter?","breadcrumb":{"@id":"https:\/\/ukreine.com\/da\/om-vores-agentur-for-dating-og-aegteskab\/#breadcrumb"},"inLanguage":"da-DK","potentialAction":[{"@type":"ReadAction","target":["https:\/\/ukreine.com\/da\/om-vores-agentur-for-dating-og-aegteskab\/"]}]},{"@type":"ImageObject","inLanguage":"da-DK","@id":"https:\/\/ukreine.com\/da\/om-vores-agentur-for-dating-og-aegteskab\/#primaryimage","url":"https:\/\/ukreine.com\/wp-content\/uploads\/2020\/03\/IMG_5615-1-1.jpg","contentUrl":"https:\/\/ukreine.com\/wp-content\/uploads\/2020\/03\/IMG_5615-1-1.jpg"},{"@type":"BreadcrumbList","@id":"https:\/\/ukreine.com\/da\/om-vores-agentur-for-dating-og-aegteskab\/#breadcrumb","itemListElement":[{"@type":"ListItem","position":1,"name":"Home","item":"https:\/\/ukreine.com\/da\/"},{"@type":"ListItem","position":2,"name":"Om vores agentur for dating og \u00e6gteskab"}]},{"@type":"WebSite","@id":"https:\/\/ukreine.com\/da\/#website","url":"https:\/\/ukreine.com\/da\/","name":"Ukreine","description":"","publisher":{"@id":"https:\/\/ukreine.com\/da\/#organization"},"potentialAction":[{"@type":"SearchAction","target":{"@type":"EntryPoint","urlTemplate":"https:\/\/ukreine.com\/da\/?s={search_term_string}"},"query-input":{"@type":"PropertyValueSpecification","valueRequired":true,"valueName":"search_term_string"}}],"inLanguage":"da-DK"},{"@type":"Organization","@id":"https:\/\/ukreine.com\/da\/#organization","name":"Ukreine","url":"https:\/\/ukreine.com\/da\/","logo":{"@type":"ImageObject","inLanguage":"da-DK","@id":"https:\/\/ukreine.com\/da\/#\/schema\/logo\/image\/","url":"https:\/\/ukreine.com\/wp-content\/uploads\/2018\/05\/logo.png","contentUrl":"https:\/\/ukreine.com\/wp-content\/uploads\/2018\/05\/logo.png","width":325,"height":69,"caption":"Ukreine"},"image":{"@id":"https:\/\/ukreine.com\/da\/#\/schema\/logo\/image\/"},"sameAs":["https:\/\/www.facebook.com\/datingrussianbrides\/","https:\/\/x.com\/t4388388833","https:\/\/www.instagram.com\/agenceukreine\/","https:\/\/www.pinterest.com\/dbereznyakov\/","https:\/\/www.youtube.com\/channel\/UC5lMwPhy20E8Bti0mQL43UA"]}]}},"_links":{"self":[{"href":"https:\/\/ukreine.com\/da\/wp-json\/wp\/v2\/pages\/262041","targetHints":{"allow":["GET"]}}],"collection":[{"href":"https:\/\/ukreine.com\/da\/wp-json\/wp\/v2\/pages"}],"about":[{"href":"https:\/\/ukreine.com\/da\/wp-json\/wp\/v2\/types\/page"}],"author":[{"embeddable":true,"href":"https:\/\/ukreine.com\/da\/wp-json\/wp\/v2\/users\/54"}],"replies":[{"embeddable":true,"href":"https:\/\/ukreine.com\/da\/wp-json\/wp\/v2\/comments?post=262041"}],"version-history":[{"count":1,"href":"https:\/\/ukreine.com\/da\/wp-json\/wp\/v2\/pages\/262041\/revisions"}],"predecessor-version":[{"id":974137,"href":"https:\/\/ukreine.com\/da\/wp-json\/wp\/v2\/pages\/262041\/revisions\/974137"}],"wp:attachment":[{"href":"https:\/\/ukreine.com\/da\/wp-json\/wp\/v2\/media?parent=262041"}],"curies":[{"name":"wp","href":"https:\/\/api.w.org\/{rel}","templated":true}]}}